{"id":3171,"date":"2023-02-14T16:01:04","date_gmt":"2023-02-14T09:01:04","guid":{"rendered":"https:\/\/tp-electric.vn\/?post_type=product&#038;p=3171"},"modified":"2024-12-12T15:10:22","modified_gmt":"2024-12-12T08:10:22","slug":"kegv-kumwell-coc-tiep-dat-hoa-chat-kegh","status":"publish","type":"product","link":"https:\/\/tp-electric.vn\/index.php\/san-pham\/kegv-kumwell-coc-tiep-dat-hoa-chat-kegh\/","title":{"rendered":"KEGV-Kumwell-C\u1ecdc ti\u1ebfp \u0111\u1ea5t h\u00f3a ch\u1ea5t-KEGH"},"content":{"rendered":"<h1>Th\u00f4ng S\u1ed1 K\u1ef9 Thu\u1eadt<\/h1>\n<p><strong>Electrolytic Grounding [KEG]<\/strong><\/p>\n<table style=\"height: 201px;\" width=\"1084\">\n<tbody>\n<tr>\n<td style=\"width: 123.514px;\">Code No.<\/td>\n<td style=\"width: 232.542px;\">Rod Length (L) (ft)<\/td>\n<td style=\"width: 276.681px;\">Conductor size (mm<sup>2<\/sup>)<\/td>\n<td style=\"width: 290.153px;\">Conductor length (mm)<\/td>\n<td style=\"width: 129.778px;\">Rod Type<\/td>\n<\/tr>\n<tr>\n<td style=\"width: 123.514px;\">KEGV-8<\/td>\n<td style=\"width: 232.542px;\">8<\/td>\n<td style=\"width: 276.681px;\">95<\/td>\n<td style=\"width: 290.153px;\">500<\/td>\n<td style=\"width: 129.778px;\">Vertical<\/td>\n<\/tr>\n<tr>\n<td style=\"width: 123.514px;\">KEGV-10<\/td>\n<td style=\"width: 232.542px;\">10<\/td>\n<td style=\"width: 276.681px;\">95<\/td>\n<td style=\"width: 290.153px;\">500<\/td>\n<td style=\"width: 129.778px;\">Vertical<\/td>\n<\/tr>\n<tr>\n<td style=\"width: 123.514px;\">KEGV-12<\/td>\n<td style=\"width: 232.542px;\">12<\/td>\n<td style=\"width: 276.681px;\">95<\/td>\n<td style=\"width: 290.153px;\">500<\/td>\n<td style=\"width: 129.778px;\">Vertical<\/td>\n<\/tr>\n<tr>\n<td style=\"width: 123.514px;\">KEGV-15<\/td>\n<td style=\"width: 232.542px;\">15<\/td>\n<td style=\"width: 276.681px;\">95<\/td>\n<td style=\"width: 290.153px;\">500<\/td>\n<td style=\"width: 129.778px;\">Vertical<\/td>\n<\/tr>\n<tr>\n<td style=\"width: 123.514px;\">KEGH-8<\/td>\n<td style=\"width: 232.542px;\">8<\/td>\n<td style=\"width: 276.681px;\">95<\/td>\n<td style=\"width: 290.153px;\">500<\/td>\n<td style=\"width: 129.778px;\">Horizontal<\/td>\n<\/tr>\n<tr>\n<td style=\"width: 123.514px;\">KEGH-10<\/td>\n<td style=\"width: 232.542px;\">10<\/td>\n<td style=\"width: 276.681px;\">95<\/td>\n<td style=\"width: 290.153px;\">500<\/td>\n<td style=\"width: 129.778px;\">Horizontal<\/td>\n<\/tr>\n<tr>\n<td style=\"width: 123.514px;\">KEGH-12<\/td>\n<td style=\"width: 232.542px;\">12<\/td>\n<td style=\"width: 276.681px;\">95<\/td>\n<td style=\"width: 290.153px;\">500<\/td>\n<td style=\"width: 129.778px;\">Horizontal<\/td>\n<\/tr>\n<tr>\n<td style=\"width: 123.514px;\">KEGH-15<\/td>\n<td style=\"width: 232.542px;\">15<\/td>\n<td style=\"width: 276.681px;\">95<\/td>\n<td style=\"width: 290.153px;\">500<\/td>\n<td style=\"width: 129.778px;\">Horizontal<\/td>\n<\/tr>\n<\/tbody>\n<\/table>\n<p>Application : suitable for disperse current into the earth in critical soil area<br \/>\nMaterial\u00a0\u00a0\u00a0\u00a0 : Type K Copper pipe<\/p>\n","protected":false},"excerpt":{"rendered":"<p><span lang=\"VI\"><em>C\u1ecdc ti\u1ebfp \u0111\u1ea5t h\u00f3a ch\u1ea5t\u00a0\u00a0<strong>KEGV-Kumwell<\/strong><\/em><\/span><\/p>\n<p><span lang=\"VI\">Xu\u1ea5t x\u1ee9: Kumwell \u2013 Th\u00e1i Lan<\/span><\/p>\n","protected":false},"featured_media":3175,"comment_status":"open","ping_status":"closed","template":"","meta":[],"product_cat":[229],"product_tag":[],"jetpack-related-posts":[{"id":3163,"url":"https:\/\/tp-electric.vn\/index.php\/san-pham\/grss-kumwell-coc-tiep-dat-bang-inox\/","url_meta":{"origin":3171,"position":0},"title":"GRSS-Kumwell-C\u1ecdc ti\u1ebfp \u0111\u1ea5t b\u1eb1ng inox","author":"","date":"14\/02\/2023","format":false,"excerpt":"C\u1ecdc ti\u1ebfp \u0111\u1ea5t b\u1eb1ng inox\u00a0 GRSS-Kumwell Xu\u1ea5t x\u1ee9: Kumwell \u2013 Th\u00e1i Lan","rel":"","context":"Similar post","block_context":{"text":"Similar post","link":""},"img":{"alt_text":"","src":"","width":0,"height":0},"classes":[]},{"id":3168,"url":"https:\/\/tp-electric.vn\/index.php\/san-pham\/grsc-kumwell-coc-tiep-dat-bang-dong-dac\/","url_meta":{"origin":3171,"position":1},"title":"GRSC-Kumwell-C\u1ecdc ti\u1ebfp \u0111\u1ea5t b\u1eb1ng \u0111\u1ed3ng \u0111\u1eb7c","author":"","date":"14\/02\/2023","format":false,"excerpt":"C\u1ecdc ti\u1ebfp \u0111\u1ea5t b\u1eb1ng \u0111\u1ed3ng \u0111\u1eb7c\u00a0GRSC-Kumwell- Ti\u00eau chu\u1ea9n: BS EN 13601 Xu\u1ea5t x\u1ee9: Kumwell \u2013 Th\u00e1i Lan","rel":"","context":"Similar post","block_context":{"text":"Similar post","link":""},"img":{"alt_text":"","src":"","width":0,"height":0},"classes":[]},{"id":3161,"url":"https:\/\/tp-electric.vn\/index.php\/san-pham\/coc-tiep-dia-thep-ma-dong-lop-ma-dong-day-254-micron-tieu-chuan-ul-467\/","url_meta":{"origin":3171,"position":2},"title":"GRCBU-Kumwell-C\u1ecdc ti\u1ebfp \u0111\u1ea5t b\u1eb1ng th\u00e9p m\u1ea1 \u0111\u1ed3ng UL 467","author":"","date":"14\/02\/2023","format":false,"excerpt":"C\u1ecdc ti\u1ebfp \u0111\u1ea5t b\u1eb1ng th\u00e9p m\u1ea1 \u0111\u1ed3ng\u00a0GRCBU-Kumwell Ti\u00eau chu\u1ea9n: UL 467 Xu\u1ea5t x\u1ee9: Kumwell \u2013 Th\u00e1i Lan","rel":"","context":"Similar post","block_context":{"text":"Similar post","link":""},"img":{"alt_text":"","src":"","width":0,"height":0},"classes":[]},{"id":3188,"url":"https:\/\/tp-electric.vn\/index.php\/san-pham\/bua-dong-coc-tiep-dia\/","url_meta":{"origin":3171,"position":3},"title":"B\u00faa \u0111\u00f3ng c\u1ecdc ti\u1ebfp \u0111\u1ecba","author":"","date":"14\/02\/2023","format":false,"excerpt":"M\u00f4 t\u1ea3 : V\u1eadt li\u1ec7u: Th\u00e9p c\u01b0\u1eddng \u0111\u1ed9 cao Xu\u1ea5t x\u1ee9: Kumwell - Th\u00e1i Lan \u1ee8ng d\u1ee5ng : D\u1ee5ng c\u1ee5 \u0111\u1ec3 \u0111\u00f3ng c\u1ecdc ti\u1ebfp \u0111\u1ecba xu\u1ed1ng \u0111\u1ea5t d\u1ec5 d\u00e0ng.","rel":"","context":"Similar post","block_context":{"text":"Similar post","link":""},"img":{"alt_text":"","src":"","width":0,"height":0},"classes":[]},{"id":3182,"url":"https:\/\/tp-electric.vn\/index.php\/san-pham\/dau-dong-coc-tiep-dia\/","url_meta":{"origin":3171,"position":4},"title":"\u0110\u1ea7u \u0111\u00f3ng c\u1ecdc ti\u1ebfp \u0111\u1ecba","author":"","date":"14\/02\/2023","format":false,"excerpt":"M\u00f4 t\u1ea3 : Ti\u00eau chu\u1ea9n: IEC 62561-2 V\u1eadt li\u1ec7u: Th\u00e9p c\u01b0\u1eddng \u0111\u1ed9 cao Xu\u1ea5t x\u1ee9: Kumwell - Th\u00e1i Lan \u1ee8ng d\u1ee5ng : B\u1ea3o v\u1ec7 \u0111\u1ea7u c\u1ecdc ti\u1ebfp \u0111\u1ecba khi \u0111\u00f3ng.","rel":"","context":"Similar post","block_context":{"text":"Similar post","link":""},"img":{"alt_text":"","src":"","width":0,"height":0},"classes":[]},{"id":3183,"url":"https:\/\/tp-electric.vn\/index.php\/san-pham\/dau-dong-coc-tiep-dia-loai-tron\/","url_meta":{"origin":3171,"position":5},"title":"\u0110\u1ea7u \u0111\u00f3ng c\u1ecdc ti\u1ebfp \u0111\u1ecba lo\u1ea1i tr\u01a1n","author":"","date":"14\/02\/2023","format":false,"excerpt":"M\u00f4 t\u1ea3 : Ti\u00eau chu\u1ea9n: IEC 62561-2 V\u1eadt li\u1ec7u: Th\u00e9p c\u01b0\u1eddng \u0111\u1ed9 cao Xu\u1ea5t x\u1ee9: Kumwell - Th\u00e1i Lan \u1ee8ng d\u1ee5ng : B\u1ea3o v\u1ec7 \u0111\u1ea7u c\u1ecdc ti\u1ebfp \u0111\u1ecba khi \u0111\u00f3ng.","rel":"","context":"Similar post","block_context":{"text":"Similar post","link":""},"img":{"alt_text":"","src":"","width":0,"height":0},"classes":[]}],"_links":{"self":[{"href":"https:\/\/tp-electric.vn\/index.php\/wp-json\/wp\/v2\/product\/3171"}],"collection":[{"href":"https:\/\/tp-electric.vn\/index.php\/wp-json\/wp\/v2\/product"}],"about":[{"href":"https:\/\/tp-electric.vn\/index.php\/wp-json\/wp\/v2\/types\/product"}],"replies":[{"embeddable":true,"href":"https:\/\/tp-electric.vn\/index.php\/wp-json\/wp\/v2\/comments?post=3171"}],"wp:featuredmedia":[{"embeddable":true,"href":"https:\/\/tp-electric.vn\/index.php\/wp-json\/wp\/v2\/media\/3175"}],"wp:attachment":[{"href":"https:\/\/tp-electric.vn\/index.php\/wp-json\/wp\/v2\/media?parent=3171"}],"wp:term":[{"taxonomy":"product_cat","embeddable":true,"href":"https:\/\/tp-electric.vn\/index.php\/wp-json\/wp\/v2\/product_cat?post=3171"},{"taxonomy":"product_tag","embeddable":true,"href":"https:\/\/tp-electric.vn\/index.php\/wp-json\/wp\/v2\/product_tag?post=3171"}],"curies":[{"name":"wp","href":"https:\/\/api.w.org\/{rel}","templated":true}]}}