{"id":3170,"date":"2023-02-14T16:02:01","date_gmt":"2023-02-14T09:02:01","guid":{"rendered":"https:\/\/tp-electric.vn\/?post_type=product&#038;p=3170"},"modified":"2024-12-12T15:10:22","modified_gmt":"2024-12-12T08:10:22","slug":"dat-set-chong-chay-nitto-neoseal-b1","status":"publish","type":"product","link":"https:\/\/tp-electric.vn\/index.php\/san-pham\/dat-set-chong-chay-nitto-neoseal-b1\/","title":{"rendered":"\u0110\u1ea4T S\u00c9T CH\u1ed0NG CH\u00c1Y NITTO NEOSEAL B1"},"content":{"rendered":"<ul class=\"list-unstyled des2\">\n<li><span style=\"font-size: 105%;\">Nh\u00e0 s\u1ea3n xu\u1ea5t:\u00a0<a href=\"https:\/\/www.super-kpm.com\/index.php?route=product\/manufacturer\/info&amp;manufacturer_id=21\">Nitto<\/a><\/span><\/li>\n<li><span style=\"font-size: 105%;\">D\u00f2ng s\u1ea3n ph\u1ea9m: \u0110\u1ea5t s\u00e9t ch\u1ed1ng ch\u00e1y<\/span><\/li>\n<li><span style=\"font-size: 105%;\">\u0110\u1ea5t s\u00e9t ch\u1ed1ng ch\u00e1y Nitto Neoseal B1 l\u00e0 lo\u1ea1i \u0111\u1ea5t s\u00e9t c\u00f3 t\u00e1c d\u1ee5ng ng\u0103n ch\u00e1y. Gi\u00fap b\u1ea3o v\u1ec7 hi\u1ec7u qu\u1ea3 t\u1ea1i c\u00e1c khu v\u1ef1c d\u1ec5 b\u1ecb ch\u00e1y<\/span><br \/>\n<h2><span style=\"font-size: 105%;\">Product Description<\/span><\/h2>\n<p><span style=\"font-size: 105%;\"><strong>1.Gi\u1edbi thi\u1ec7u v\u1ec1\u00a0\u0110\u1ea5t s\u00e9t ch\u1ed1ng ch\u00e1y Nitto Neoseal B1<\/strong><\/span><\/p>\n<p><span style=\"font-size: 105%;\"><strong>\u0110\u1ea5t s\u00e9t ch\u1ed1ng ch\u00e1y Nitto Neoseal B1<\/strong>\u00a0l\u00e0 lo\u1ea1i \u0111\u1ea5t s\u00e9t kh\u00f4ng \u0111\u00f4ng c\u1ee9ng,nh\u1eadp kh\u1ea9u t\u1eeb h\u00e3ng Nitto Nh\u1eadt B\u1ea3n. S\u1ea3n ph\u1ea9m \u0111\u01b0\u1ee3c d\u00f9ng nhi\u1ec1u trong l\u0129nh v\u1ef1c c\u01a1 \u0111i\u1ec7n, l\u1eafp t\u00e0u th\u1ee7y v\u00e0 nhi\u1ec1u ng\u00e0nh c\u00f4ng nghi\u1ec7p kh\u00e1c.<\/span><\/p>\n<p><span style=\"font-size: 105%;\"><strong>2. Th\u00f4ng s\u1ed1 k\u1ef9 thu\u1eadt s\u1ea3n ph\u1ea9m \u0110\u1ea5t s\u00e9t ch\u1ed1ng ch\u00e1y Nitto Neoseal B1<\/strong><\/span><\/p>\n<p><span style=\"font-size: 105%;\">+ Ch\u1ed1ng th\u1ea5m, ch\u1ed1ng x\u00e2m th\u1ef1c t\u1ed1t;<\/span><\/p>\n<p><span style=\"font-size: 105%;\">+ Ch\u1ecbu \u0111\u01b0\u1ee3c nhi\u1ec7t \u0111\u1ed9 cao, c\u00e1ch \u0111i\u1ec7n t\u1ed1t;<\/span><\/p>\n<p><span style=\"font-size: 105%;\">+ Kh\u00f4ng \u0111\u00f3ng c\u1ee9ng, kh\u00f4ng h\u00f2a tan, kh\u00f4ng l\u00e3o h\u00f3a;<\/span><\/p>\n<p><span style=\"font-size: 105%;\">+ M\u1ec1m d\u1ebbo, d\u1ec5 thi c\u00f4ng, an to\u00e0n khi s\u1eed d\u1ee5ng.<\/span><\/p>\n<p><span style=\"font-size: 105%;\">+ Tr\u1ecdng l\u01b0\u1ee3ng: 1kg\/g\u00f3i<\/span><\/p>\n<p><span style=\"font-size: 105%;\">+ M\u00e0u x\u00e1m<\/span><\/p>\n<p><span style=\"font-size: 105%;\"><strong>3. H\u01b0\u1edbng d\u1eabn s\u1eed d\u1ee5ng \u0110\u1ea5t s\u00e9t ch\u1ed1ng ch\u00e1y Nitto Neoseal B1<\/strong><\/span><\/p>\n<p><span style=\"font-size: 105%;\">Khi thi c\u00f4ng c\u1ea7n s\u1eed d\u1ee5ng c\u00e1c d\u1ee5ng c\u1ee5 b\u1ea3o h\u1ed9 an to\u00e0n nh\u01b0 g\u0103ng tay, k\u00ednh.<\/span><\/p>\n<p><span style=\"font-size: 105%;\">D\u00f9ng m\u1ed9t l\u01b0\u1ee3ng v\u1eeba ph\u1ea3i b\u00edt v\u00e0o v\u1ecb tr\u00ed c\u1ea7n b\u00edt.<\/span><\/p>\n<p><span style=\"font-size: 105%;\"><strong>4. H\u00ecnh \u1ea3nh s\u1ea3n ph\u1ea9m<\/strong>\u00a0<strong>\u0110\u1ea5t s\u00e9t ch\u1ed1ng ch\u00e1y Nitto Neoseal B1<\/strong><\/span><\/p>\n<p><span style=\"font-size: 105%;\"><img decoding=\"async\" loading=\"lazy\" src=\"https:\/\/i0.wp.com\/super-kpm.com\/image\/catalog\/san_pham\/bu-long-lien-ket\/Keo%20PU\/thi%20c%C3%B4ng%20nitto%20neoseal%20b1.png?resize=504%2C424&#038;ssl=1\" width=\"504\" height=\"424\" data-recalc-dims=\"1\" \/><\/span><\/p>\n<p><span style=\"font-size: 105%;\"><img decoding=\"async\" loading=\"lazy\" src=\"https:\/\/i0.wp.com\/super-kpm.com\/image\/catalog\/san_pham\/bu-long-lien-ket\/Keo%20PU\/tu%20dien.jpg?resize=506%2C379&#038;ssl=1\" width=\"506\" height=\"379\" data-recalc-dims=\"1\" \/><\/span><\/li>\n<\/ul>\n","protected":false},"excerpt":{"rendered":"<p>Nh\u00e0 s\u1ea3n xu\u1ea5t:\u00a0Nitto D\u00f2ng s\u1ea3n ph\u1ea9m: \u0110\u1ea5t s\u00e9t ch\u1ed1ng ch\u00e1y \u0110\u1ea5t s\u00e9t ch\u1ed1ng ch\u00e1y Nitto Neoseal B1 l\u00e0 lo\u1ea1i \u0111\u1ea5t s\u00e9t c\u00f3 t\u00e1c d\u1ee5ng ng\u0103n ch\u00e1y. Gi\u00fap b\u1ea3o v\u1ec7 hi\u1ec7u qu\u1ea3 t\u1ea1i c\u00e1c khu v\u1ef1c d\u1ec5 b\u1ecb ch\u00e1y Product Description 1.Gi\u1edbi thi\u1ec7u v\u1ec1\u00a0\u0110\u1ea5t s\u00e9t ch\u1ed1ng ch\u00e1y Nitto Neoseal B1 \u0110\u1ea5t s\u00e9t ch\u1ed1ng ch\u00e1y Nitto Neoseal&#8230;<\/p>\n","protected":false},"featured_media":3172,"comment_status":"open","ping_status":"closed","template":"","meta":[],"product_cat":[226],"product_tag":[],"jetpack-related-posts":[{"id":3131,"url":"https:\/\/tp-electric.vn\/index.php\/san-pham\/dat-set-ngan-chay-ssp-intumescent-firestop-putty\/","url_meta":{"origin":3170,"position":0},"title":"\u0110\u1ea4T S\u00c9T NG\u0102N CH\u00c1Y SSP INTUMESCENT FIRESTOP PUTTY","author":"","date":"14\/02\/2023","format":false,"excerpt":"Product Description \u0110\u1ea5t s\u00e9t ng\u0103n ch\u00e1y SSP INTUMESCENT FIRESTOP PUTTY \u0110\u1ea5t s\u00e9t ch\u1ed1ng ch\u00e1y- \u0111\u1ea5t s\u00e9t ng\u0103n ch\u00e1y\u00a0l\u00e0 s\u1ea3n ph\u1ea9m \u00a0kh\u00f4ng th\u1ec3 thi\u1ebfu cho ph\u00f2ng ch\u1ed1ng chay lan trong tr\u01b0\u1eddng h\u1ee3p h\u1ecfa ho\u1ea1n. \u1ee8ng D\u1ee5ng c\u1ee7a \u0111\u1ea5t s\u00e9t ng\u0103n ch\u00e1y: trong c\u00e1c T\u00f2a Nh\u00e0, Nh\u00e0 X\u01b0\u1edfng, C\u00f4ng tr\u00ecnh tr\u1ea1m xe,\u2026","rel":"","context":"Similar post","block_context":{"text":"Similar post","link":""},"img":{"alt_text":"","src":"https:\/\/i0.wp.com\/tp-electric.vn\/wp-content\/uploads\/2023\/02\/dat-set-chong-chay-day-dien.png?fit=301%2C227&ssl=1&resize=350%2C200","width":350,"height":200},"classes":[]},{"id":3123,"url":"https:\/\/tp-electric.vn\/index.php\/san-pham\/son-chong-chay-inca-dc309\/","url_meta":{"origin":3170,"position":1},"title":"S\u01a0N CH\u1ed0NG CH\u00c1Y INCA DC309","author":"","date":"14\/02\/2023","format":false,"excerpt":"Product Description Gi\u1edbi thi\u1ec7u s\u01a1n ch\u1ed1ng ch\u00e1y INCA DC309 S\u01a1n ch\u1ed1ng ch\u00e1y INCA DC309 l\u00e0 s\u01a1n \u0111a d\u1ee5ng d\u00f9ng m\u1edbi ph\u1ee5c \u0111\u00edch ch\u1ed1ng ch\u00e1y. Th\u1eddi gian ng\u0103n ch\u00e1y 3h. S\u1ea3n ph\u1ea9m \u0111\u1ea1t ch\u1ee9ng ch\u1ec9 ch\u1ed1ng ch\u00e1y NFPA, FCIA, UL, ASTM \u1ee8ng d\u1ee5ng s\u01a1n ch\u1ed1ng ch\u00e1y INCA DC309 S\u01a1n ph\u1ee7 ch\u1ed1ng\u2026","rel":"","context":"Similar post","block_context":{"text":"Similar post","link":""},"img":{"alt_text":"","src":"https:\/\/i0.wp.com\/tp-electric.vn\/wp-content\/uploads\/2023\/02\/dc309-cable-coating-cable-fire-barrier.jpg?resize=350%2C200&ssl=1","width":350,"height":200},"classes":[]},{"id":3084,"url":"https:\/\/tp-electric.vn\/index.php\/san-pham\/son-chong-chay-cho-cap-dien-sti-cs105\/","url_meta":{"origin":3170,"position":2},"title":"S\u01a0N CH\u1ed0NG CH\u00c1Y CHO C\u00c1P \u0110I\u1ec6N STI CS105","author":"","date":"14\/02\/2023","format":false,"excerpt":"S\u01a1n ch\u1ed1ng ch\u00e1y cho c\u00e1p \u0111i\u1ec7n STI CS105 V\u1eadt li\u1ec7u ph\u1ee7 l\u00ean c\u00e1p\u00a0\u0111i\u1ec7n \u0111\u1ea3m b\u1ea3o ch\u1ed1ng ch\u00e1y theo chi\u1ec1u d\u1ecdc c\u00e1p \u0111i\u1ec7n \u1ee8ng d\u1ee5ng s\u01a1n ch\u1ed1ng ch\u00e1y cho c\u00e1p \u0111i\u1ec7n: B\u1ea3o v\u1ec7 c\u00e1p, thang c\u00e1p v\u00e0 b\u00f3 c\u00e1p L\u0129nh v\u1ef1c \u1ee9ng d\u1ee5ng: Nh\u00e0 m\u00e1y l\u1ecdc d\u1ea7u, gi\u00e0n khoan, nh\u00e0 m\u00e1y\u00a0h\u00f3a\u2026","rel":"","context":"Similar post","block_context":{"text":"Similar post","link":""},"img":{"alt_text":"","src":"https:\/\/i0.wp.com\/tp-electric.vn\/wp-content\/uploads\/2023\/02\/son-chong-chay-cho-cap-600x450-1.jpg?resize=350%2C200&ssl=1","width":350,"height":200},"classes":[]},{"id":3451,"url":"https:\/\/tp-electric.vn\/index.php\/san-pham\/cxv-dsta-fr-06-1kv-cxv-data-fr-06-1kv-cap-chong-chay-ruot-dong-giap-mica-cach-dien-xlpe-giap-bang-kim-loai-vo-pvc-fr\/","url_meta":{"origin":3170,"position":3},"title":"C\u00e1p ch\u1ed1ng ch\u00e1y Cadivi CXV\/DATA(DSTA)\/FR &#8211; 0,6\/1 kV","author":"","date":"01\/03\/2023","format":false,"excerpt":"Ti\u00eau chu\u1ea9n \u00e1p d\u1ee5ng: TCVN 5935-1 \/ IEC 60502-1 TCVN 6612 \/ IEC 60228 IEC 60331-21; IEC 60332-1,3 \u2022=BS 6387; BS 4066-1,3 T\u1ea2I CATALOGUE T\u1ea0I \u0110\u00c2Y","rel":"","context":"Similar post","block_context":{"text":"Similar post","link":""},"img":{"alt_text":"","src":"https:\/\/i0.wp.com\/daphaco.com\/wp-content\/uploads\/2022\/12\/CAU-TAO-CXV-DSTA-FR-2048x476-1.jpg?resize=350%2C200&ssl=1","width":350,"height":200,"srcset":"https:\/\/i0.wp.com\/daphaco.com\/wp-content\/uploads\/2022\/12\/CAU-TAO-CXV-DSTA-FR-2048x476-1.jpg?resize=350%2C200&ssl=1 1x, https:\/\/i0.wp.com\/daphaco.com\/wp-content\/uploads\/2022\/12\/CAU-TAO-CXV-DSTA-FR-2048x476-1.jpg?resize=700%2C400&ssl=1 2x, https:\/\/i0.wp.com\/daphaco.com\/wp-content\/uploads\/2022\/12\/CAU-TAO-CXV-DSTA-FR-2048x476-1.jpg?resize=1050%2C600&ssl=1 3x, https:\/\/i0.wp.com\/daphaco.com\/wp-content\/uploads\/2022\/12\/CAU-TAO-CXV-DSTA-FR-2048x476-1.jpg?resize=1400%2C800&ssl=1 4x"},"classes":[]},{"id":3152,"url":"https:\/\/tp-electric.vn\/index.php\/san-pham\/tam-chong-chay-inca-firestop-sheet\/","url_meta":{"origin":3170,"position":4},"title":"T\u1ea4M CH\u1ed0NG CH\u00c1Y INCA FIRESTOP SHEET","author":"","date":"14\/02\/2023","format":false,"excerpt":"Product Description Gi\u1edbi thi\u1ec7u v\u1ec1 t\u1ea5m ch\u1ed1ng ch\u00e1y INCA Firestop Sheet T\u1ea5m ch\u1ed1ng ch\u00e1y firestop sheet: FP-02, FP-04 v\u00e0 FP-04+ l\u00e0 t\u1ea5m composite ch\u1ed1ng ch\u00e1y lan d\u00f9ng cho l\u1ed7 m\u1edf l\u1edbn xuy\u00ean t\u01b0\u1eddng, s\u00e0n. S\u1ea3n ph\u1ea9m c\u00f3 ch\u1ee9ng nh\u1eadn ch\u1ed1ng ch\u00e1y UL, ASTM \u1ee8ng d\u1ee5ng c\u1ee7a t\u1ea5m ch\u1ed1ng ch\u00e1y lan\u2026","rel":"","context":"Similar post","block_context":{"text":"Similar post","link":""},"img":{"alt_text":"","src":"https:\/\/i0.wp.com\/tp-electric.vn\/wp-content\/uploads\/2023\/02\/FP-02-Firestop-Sheet.jpg?fit=500%2C500&ssl=1&resize=350%2C200","width":350,"height":200},"classes":[]},{"id":3115,"url":"https:\/\/tp-electric.vn\/index.php\/san-pham\/vua-chong-chay-charcoat-fm\/","url_meta":{"origin":3170,"position":5},"title":"V\u1eeeA CH\u1ed0NG CH\u00c1Y CHARCOAT FM","author":"","date":"14\/02\/2023","format":false,"excerpt":"Lo\u1ea1i s\u1ea3n ph\u1ea9m:V\u1eefa tr\u1ed9n s\u1eb5n T\u1ef7 l\u1ec7 tr\u1ed9n:2:1 M\u00e0u s\u1eafc:Tr\u1eafng ng\u00e0 Tr\u1ecdng l\u01b0\u1ee3ng:15 Kg\/bao (20 l\u00edt) Tr\u1ecdng l\u01b0\u1ee3ng ri\u00eang:900Kg\/m3 Th\u1eddi gian \u0111\u00f4ng c\u1ee9ng:d\u01b0\u1edbi 1 gi\u1edd Th\u1eddi gian \u0111\u00f4ng c\u1ee9ng ho\u00e0n to\u00e0n:T\u1ed1i \u0111a l\u00ean t\u1edbi 30 ng\u00e0y H\u1ea1n s\u1eed d\u1ee5ng:3 n\u0103m k\u1ec3 t\u1eeb ng\u00e0y s\u1ea3n xu\u1ea5t Product Description V\u1eefa ch\u1ed1ng ch\u00e1y\u2026","rel":"","context":"Similar post","block_context":{"text":"Similar post","link":""},"img":{"alt_text":"","src":"https:\/\/i0.wp.com\/tp-electric.vn\/wp-content\/uploads\/2023\/02\/CharCoat-FM-Mortar-front-923x1024-1.png?fit=923%2C1024&ssl=1&resize=350%2C200","width":350,"height":200,"srcset":"https:\/\/i0.wp.com\/tp-electric.vn\/wp-content\/uploads\/2023\/02\/CharCoat-FM-Mortar-front-923x1024-1.png?fit=923%2C1024&ssl=1&resize=350%2C200 1x, https:\/\/i0.wp.com\/tp-electric.vn\/wp-content\/uploads\/2023\/02\/CharCoat-FM-Mortar-front-923x1024-1.png?fit=923%2C1024&ssl=1&resize=700%2C400 2x"},"classes":[]}],"_links":{"self":[{"href":"https:\/\/tp-electric.vn\/index.php\/wp-json\/wp\/v2\/product\/3170"}],"collection":[{"href":"https:\/\/tp-electric.vn\/index.php\/wp-json\/wp\/v2\/product"}],"about":[{"href":"https:\/\/tp-electric.vn\/index.php\/wp-json\/wp\/v2\/types\/product"}],"replies":[{"embeddable":true,"href":"https:\/\/tp-electric.vn\/index.php\/wp-json\/wp\/v2\/comments?post=3170"}],"wp:featuredmedia":[{"embeddable":true,"href":"https:\/\/tp-electric.vn\/index.php\/wp-json\/wp\/v2\/media\/3172"}],"wp:attachment":[{"href":"https:\/\/tp-electric.vn\/index.php\/wp-json\/wp\/v2\/media?parent=3170"}],"wp:term":[{"taxonomy":"product_cat","embeddable":true,"href":"https:\/\/tp-electric.vn\/index.php\/wp-json\/wp\/v2\/product_cat?post=3170"},{"taxonomy":"product_tag","embeddable":true,"href":"https:\/\/tp-electric.vn\/index.php\/wp-json\/wp\/v2\/product_tag?post=3170"}],"curies":[{"name":"wp","href":"https:\/\/api.w.org\/{rel}","templated":true}]}}