{"id":3168,"date":"2023-02-14T15:59:33","date_gmt":"2023-02-14T08:59:33","guid":{"rendered":"https:\/\/tp-electric.vn\/?post_type=product&#038;p=3168"},"modified":"2024-12-12T15:10:22","modified_gmt":"2024-12-12T08:10:22","slug":"grsc-kumwell-coc-tiep-dat-bang-dong-dac","status":"publish","type":"product","link":"https:\/\/tp-electric.vn\/index.php\/san-pham\/grsc-kumwell-coc-tiep-dat-bang-dong-dac\/","title":{"rendered":"GRSC-Kumwell-C\u1ecdc ti\u1ebfp \u0111\u1ea5t b\u1eb1ng \u0111\u1ed3ng \u0111\u1eb7c"},"content":{"rendered":"<h1>Th\u00f4ng S\u1ed1 K\u1ef9 Thu\u1eadt<\/h1>\n<p><strong>Solid copper<\/strong><\/p>\n<table style=\"width: 1017px; height: 301px;\">\n<tbody>\n<tr>\n<td style=\"width: 198.083px;\">Code No.<\/td>\n<td style=\"width: 305.542px;\">Diameter (\u0424) (mm)<\/td>\n<td style=\"width: 263.056px;\">Length (L) (mm)<\/td>\n<td style=\"width: 224.542px;\">Weight (kg)<\/td>\n<\/tr>\n<tr>\n<td style=\"width: 198.083px;\">GRSC 1510<\/td>\n<td style=\"width: 305.542px;\">15<\/td>\n<td style=\"width: 263.056px;\">1000<\/td>\n<td style=\"width: 224.542px;\">2.00<\/td>\n<\/tr>\n<tr>\n<td style=\"width: 198.083px;\">GRSC 1515<\/td>\n<td style=\"width: 305.542px;\">15<\/td>\n<td style=\"width: 263.056px;\">1500<\/td>\n<td style=\"width: 224.542px;\">2.30<\/td>\n<\/tr>\n<tr>\n<td style=\"width: 198.083px;\">GRSC 1520<\/td>\n<td style=\"width: 305.542px;\">15<\/td>\n<td style=\"width: 263.056px;\">2000<\/td>\n<td style=\"width: 224.542px;\">3.20<\/td>\n<\/tr>\n<tr>\n<td style=\"width: 198.083px;\">GRSC 2010<\/td>\n<td style=\"width: 305.542px;\">20<\/td>\n<td style=\"width: 263.056px;\">1000<\/td>\n<td style=\"width: 224.542px;\">3.30<\/td>\n<\/tr>\n<tr>\n<td style=\"width: 198.083px;\">GRSC 2015<\/td>\n<td style=\"width: 305.542px;\">20<\/td>\n<td style=\"width: 263.056px;\">1500<\/td>\n<td style=\"width: 224.542px;\">3.50<\/td>\n<\/tr>\n<tr>\n<td style=\"width: 198.083px;\">GRSC 2020<\/td>\n<td style=\"width: 305.542px;\">20<\/td>\n<td style=\"width: 263.056px;\">2000<\/td>\n<td style=\"width: 224.542px;\">5.70<\/td>\n<\/tr>\n<\/tbody>\n<\/table>\n<p>Application : suitable for critical soll application which has a poor pH value.<br \/>\nMaterial\u00a0\u00a0\u00a0\u00a0 : Solid Copper \u2013 BS EN 13601<\/p>\n","protected":false},"excerpt":{"rendered":"<p><span lang=\"VI\"><em>C\u1ecdc ti\u1ebfp \u0111\u1ea5t b\u1eb1ng \u0111\u1ed3ng \u0111\u1eb7c\u00a0<strong>GRSC-Kumwell-<\/strong><\/em><\/span><\/p>\n<p><span lang=\"VI\">Ti\u00eau chu\u1ea9n: BS EN 13601<\/span><\/p>\n<p><span lang=\"VI\">Xu\u1ea5t x\u1ee9: Kumwell \u2013 Th\u00e1i Lan<\/span><\/p>\n","protected":false},"featured_media":3169,"comment_status":"open","ping_status":"closed","template":"","meta":[],"product_cat":[229,157],"product_tag":[],"jetpack-related-posts":[{"id":3163,"url":"https:\/\/tp-electric.vn\/index.php\/san-pham\/grss-kumwell-coc-tiep-dat-bang-inox\/","url_meta":{"origin":3168,"position":0},"title":"GRSS-Kumwell-C\u1ecdc ti\u1ebfp \u0111\u1ea5t b\u1eb1ng inox","author":"","date":"14\/02\/2023","format":false,"excerpt":"C\u1ecdc ti\u1ebfp \u0111\u1ea5t b\u1eb1ng inox\u00a0 GRSS-Kumwell Xu\u1ea5t x\u1ee9: Kumwell \u2013 Th\u00e1i Lan","rel":"","context":"Similar post","block_context":{"text":"Similar post","link":""},"img":{"alt_text":"","src":"","width":0,"height":0},"classes":[]},{"id":3161,"url":"https:\/\/tp-electric.vn\/index.php\/san-pham\/coc-tiep-dia-thep-ma-dong-lop-ma-dong-day-254-micron-tieu-chuan-ul-467\/","url_meta":{"origin":3168,"position":1},"title":"GRCBU-Kumwell-C\u1ecdc ti\u1ebfp \u0111\u1ea5t b\u1eb1ng th\u00e9p m\u1ea1 \u0111\u1ed3ng UL 467","author":"","date":"14\/02\/2023","format":false,"excerpt":"C\u1ecdc ti\u1ebfp \u0111\u1ea5t b\u1eb1ng th\u00e9p m\u1ea1 \u0111\u1ed3ng\u00a0GRCBU-Kumwell Ti\u00eau chu\u1ea9n: UL 467 Xu\u1ea5t x\u1ee9: Kumwell \u2013 Th\u00e1i Lan","rel":"","context":"Similar post","block_context":{"text":"Similar post","link":""},"img":{"alt_text":"","src":"","width":0,"height":0},"classes":[]},{"id":3171,"url":"https:\/\/tp-electric.vn\/index.php\/san-pham\/kegv-kumwell-coc-tiep-dat-hoa-chat-kegh\/","url_meta":{"origin":3168,"position":2},"title":"KEGV-Kumwell-C\u1ecdc ti\u1ebfp \u0111\u1ea5t h\u00f3a ch\u1ea5t-KEGH","author":"","date":"14\/02\/2023","format":false,"excerpt":"C\u1ecdc ti\u1ebfp \u0111\u1ea5t h\u00f3a ch\u1ea5t\u00a0\u00a0KEGV-Kumwell Xu\u1ea5t x\u1ee9: Kumwell \u2013 Th\u00e1i Lan","rel":"","context":"Similar post","block_context":{"text":"Similar post","link":""},"img":{"alt_text":"","src":"","width":0,"height":0},"classes":[]},{"id":3188,"url":"https:\/\/tp-electric.vn\/index.php\/san-pham\/bua-dong-coc-tiep-dia\/","url_meta":{"origin":3168,"position":3},"title":"B\u00faa \u0111\u00f3ng c\u1ecdc ti\u1ebfp \u0111\u1ecba","author":"","date":"14\/02\/2023","format":false,"excerpt":"M\u00f4 t\u1ea3 : V\u1eadt li\u1ec7u: Th\u00e9p c\u01b0\u1eddng \u0111\u1ed9 cao Xu\u1ea5t x\u1ee9: Kumwell - Th\u00e1i Lan \u1ee8ng d\u1ee5ng : D\u1ee5ng c\u1ee5 \u0111\u1ec3 \u0111\u00f3ng c\u1ecdc ti\u1ebfp \u0111\u1ecba xu\u1ed1ng \u0111\u1ea5t d\u1ec5 d\u00e0ng.","rel":"","context":"Similar post","block_context":{"text":"Similar post","link":""},"img":{"alt_text":"","src":"","width":0,"height":0},"classes":[]},{"id":3184,"url":"https:\/\/tp-electric.vn\/index.php\/san-pham\/dau-dong-coc-tiep-dia-2\/","url_meta":{"origin":3168,"position":4},"title":"\u0110\u1ea7u \u0111\u00f3ng c\u1ecdc ti\u1ebfp \u0111\u1ecba","author":"","date":"14\/02\/2023","format":false,"excerpt":"M\u00f4 t\u1ea3 : V\u1eadt li\u1ec7u: Th\u00e9p c\u01b0\u1eddng \u0111\u1ed9 cao Xu\u1ea5t x\u1ee9: Kumwell - Th\u00e1i Lan \u1ee8ng d\u1ee5ng : G\u1eafn v\u00e0o ph\u1ea7n d\u01b0\u1edbi c\u1ecdc ti\u1ebfp \u0111\u1ecba \u0111\u1ec3 t\u1ea1o \u0111\u1ed9 nh\u1ecdn cho vi\u1ec7c \u0111\u00f3ng c\u1ecdc d\u1ec5 h\u01a1n","rel":"","context":"Similar post","block_context":{"text":"Similar post","link":""},"img":{"alt_text":"","src":"","width":0,"height":0},"classes":[]},{"id":3182,"url":"https:\/\/tp-electric.vn\/index.php\/san-pham\/dau-dong-coc-tiep-dia\/","url_meta":{"origin":3168,"position":5},"title":"\u0110\u1ea7u \u0111\u00f3ng c\u1ecdc ti\u1ebfp \u0111\u1ecba","author":"","date":"14\/02\/2023","format":false,"excerpt":"M\u00f4 t\u1ea3 : Ti\u00eau chu\u1ea9n: IEC 62561-2 V\u1eadt li\u1ec7u: Th\u00e9p c\u01b0\u1eddng \u0111\u1ed9 cao Xu\u1ea5t x\u1ee9: Kumwell - Th\u00e1i Lan \u1ee8ng d\u1ee5ng : B\u1ea3o v\u1ec7 \u0111\u1ea7u c\u1ecdc ti\u1ebfp \u0111\u1ecba khi \u0111\u00f3ng.","rel":"","context":"Similar post","block_context":{"text":"Similar post","link":""},"img":{"alt_text":"","src":"","width":0,"height":0},"classes":[]}],"_links":{"self":[{"href":"https:\/\/tp-electric.vn\/index.php\/wp-json\/wp\/v2\/product\/3168"}],"collection":[{"href":"https:\/\/tp-electric.vn\/index.php\/wp-json\/wp\/v2\/product"}],"about":[{"href":"https:\/\/tp-electric.vn\/index.php\/wp-json\/wp\/v2\/types\/product"}],"replies":[{"embeddable":true,"href":"https:\/\/tp-electric.vn\/index.php\/wp-json\/wp\/v2\/comments?post=3168"}],"wp:featuredmedia":[{"embeddable":true,"href":"https:\/\/tp-electric.vn\/index.php\/wp-json\/wp\/v2\/media\/3169"}],"wp:attachment":[{"href":"https:\/\/tp-electric.vn\/index.php\/wp-json\/wp\/v2\/media?parent=3168"}],"wp:term":[{"taxonomy":"product_cat","embeddable":true,"href":"https:\/\/tp-electric.vn\/index.php\/wp-json\/wp\/v2\/product_cat?post=3168"},{"taxonomy":"product_tag","embeddable":true,"href":"https:\/\/tp-electric.vn\/index.php\/wp-json\/wp\/v2\/product_tag?post=3168"}],"curies":[{"name":"wp","href":"https:\/\/api.w.org\/{rel}","templated":true}]}}