{"id":3163,"date":"2023-02-14T15:54:50","date_gmt":"2023-02-14T08:54:50","guid":{"rendered":"https:\/\/tp-electric.vn\/?post_type=product&#038;p=3163"},"modified":"2024-12-12T15:10:22","modified_gmt":"2024-12-12T08:10:22","slug":"grss-kumwell-coc-tiep-dat-bang-inox","status":"publish","type":"product","link":"https:\/\/tp-electric.vn\/index.php\/san-pham\/grss-kumwell-coc-tiep-dat-bang-inox\/","title":{"rendered":"GRSS-Kumwell-C\u1ecdc ti\u1ebfp \u0111\u1ea5t b\u1eb1ng inox"},"content":{"rendered":"<h1>Th\u00f4ng S\u1ed1 K\u1ef9 Thu\u1eadt<\/h1>\n<p><strong>Stainless steel<\/strong><\/p>\n<table style=\"height: 226px;\" width=\"668\">\n<tbody>\n<tr>\n<td style=\"width: 134.764px;\">Code No.<\/td>\n<td style=\"width: 199.458px;\">Diameter (\u0424) (mm)<\/td>\n<td style=\"width: 145.042px;\">Length (L) (ft)<\/td>\n<td style=\"width: 162.958px;\">Weight\u00a0(kg)<\/td>\n<\/tr>\n<tr>\n<td style=\"width: 134.764px;\">GRSS\u00a0\u00a01610<\/td>\n<td style=\"width: 199.458px;\">16<\/td>\n<td style=\"width: 145.042px;\">1000<\/td>\n<td style=\"width: 162.958px;\">1.53<\/td>\n<\/tr>\n<tr>\n<td style=\"width: 134.764px;\">GRSS\u00a0\u00a01615<\/td>\n<td style=\"width: 199.458px;\">16<\/td>\n<td style=\"width: 145.042px;\">1500<\/td>\n<td style=\"width: 162.958px;\">2.31<\/td>\n<\/tr>\n<tr>\n<td style=\"width: 134.764px;\">GRSS\u00a0\u00a01620<\/td>\n<td style=\"width: 199.458px;\">16<\/td>\n<td style=\"width: 145.042px;\">2000<\/td>\n<td style=\"width: 162.958px;\">3.10<\/td>\n<\/tr>\n<tr>\n<td style=\"width: 134.764px;\">GRSS\u00a0\u00a02010<\/td>\n<td style=\"width: 199.458px;\">20<\/td>\n<td style=\"width: 145.042px;\">1000<\/td>\n<td style=\"width: 162.958px;\">2.75<\/td>\n<\/tr>\n<tr>\n<td style=\"width: 134.764px;\">GRSS\u00a0\u00a02015<\/td>\n<td style=\"width: 199.458px;\">20<\/td>\n<td style=\"width: 145.042px;\">1500<\/td>\n<td style=\"width: 162.958px;\">3.57<\/td>\n<\/tr>\n<tr>\n<td style=\"width: 134.764px;\">GRSS\u00a0\u00a02020<\/td>\n<td style=\"width: 199.458px;\">20<\/td>\n<td style=\"width: 145.042px;\">2000<\/td>\n<td style=\"width: 162.958px;\">5.60<\/td>\n<\/tr>\n<\/tbody>\n<\/table>\n<p>Application : suitable for critical soil application which has a poor pH value<br \/>\nMaterial \u00a0 \u00a0 : Stainless steel<\/p>\n","protected":false},"excerpt":{"rendered":"<p><span lang=\"VI\"><em>C\u1ecdc ti\u1ebfp \u0111\u1ea5t b\u1eb1ng inox<strong>\u00a0 GRSS-Kumwell<\/strong><\/em><\/span><\/p>\n<p><span lang=\"VI\">Xu\u1ea5t x\u1ee9: Kumwell \u2013 Th\u00e1i Lan<\/span><\/p>\n","protected":false},"featured_media":3167,"comment_status":"open","ping_status":"closed","template":"","meta":[],"product_cat":[229],"product_tag":[],"jetpack-related-posts":[{"id":3168,"url":"https:\/\/tp-electric.vn\/index.php\/san-pham\/grsc-kumwell-coc-tiep-dat-bang-dong-dac\/","url_meta":{"origin":3163,"position":0},"title":"GRSC-Kumwell-C\u1ecdc ti\u1ebfp \u0111\u1ea5t b\u1eb1ng \u0111\u1ed3ng \u0111\u1eb7c","author":"","date":"14\/02\/2023","format":false,"excerpt":"C\u1ecdc ti\u1ebfp \u0111\u1ea5t b\u1eb1ng \u0111\u1ed3ng \u0111\u1eb7c\u00a0GRSC-Kumwell- Ti\u00eau chu\u1ea9n: BS EN 13601 Xu\u1ea5t x\u1ee9: Kumwell \u2013 Th\u00e1i Lan","rel":"","context":"Similar post","block_context":{"text":"Similar post","link":""},"img":{"alt_text":"","src":"","width":0,"height":0},"classes":[]},{"id":3171,"url":"https:\/\/tp-electric.vn\/index.php\/san-pham\/kegv-kumwell-coc-tiep-dat-hoa-chat-kegh\/","url_meta":{"origin":3163,"position":1},"title":"KEGV-Kumwell-C\u1ecdc ti\u1ebfp \u0111\u1ea5t h\u00f3a ch\u1ea5t-KEGH","author":"","date":"14\/02\/2023","format":false,"excerpt":"C\u1ecdc ti\u1ebfp \u0111\u1ea5t h\u00f3a ch\u1ea5t\u00a0\u00a0KEGV-Kumwell Xu\u1ea5t x\u1ee9: Kumwell \u2013 Th\u00e1i Lan","rel":"","context":"Similar post","block_context":{"text":"Similar post","link":""},"img":{"alt_text":"","src":"","width":0,"height":0},"classes":[]},{"id":3161,"url":"https:\/\/tp-electric.vn\/index.php\/san-pham\/coc-tiep-dia-thep-ma-dong-lop-ma-dong-day-254-micron-tieu-chuan-ul-467\/","url_meta":{"origin":3163,"position":2},"title":"GRCBU-Kumwell-C\u1ecdc ti\u1ebfp \u0111\u1ea5t b\u1eb1ng th\u00e9p m\u1ea1 \u0111\u1ed3ng UL 467","author":"","date":"14\/02\/2023","format":false,"excerpt":"C\u1ecdc ti\u1ebfp \u0111\u1ea5t b\u1eb1ng th\u00e9p m\u1ea1 \u0111\u1ed3ng\u00a0GRCBU-Kumwell Ti\u00eau chu\u1ea9n: UL 467 Xu\u1ea5t x\u1ee9: Kumwell \u2013 Th\u00e1i Lan","rel":"","context":"Similar post","block_context":{"text":"Similar post","link":""},"img":{"alt_text":"","src":"","width":0,"height":0},"classes":[]},{"id":3188,"url":"https:\/\/tp-electric.vn\/index.php\/san-pham\/bua-dong-coc-tiep-dia\/","url_meta":{"origin":3163,"position":3},"title":"B\u00faa \u0111\u00f3ng c\u1ecdc ti\u1ebfp \u0111\u1ecba","author":"","date":"14\/02\/2023","format":false,"excerpt":"M\u00f4 t\u1ea3 : V\u1eadt li\u1ec7u: Th\u00e9p c\u01b0\u1eddng \u0111\u1ed9 cao Xu\u1ea5t x\u1ee9: Kumwell - Th\u00e1i Lan \u1ee8ng d\u1ee5ng : D\u1ee5ng c\u1ee5 \u0111\u1ec3 \u0111\u00f3ng c\u1ecdc ti\u1ebfp \u0111\u1ecba xu\u1ed1ng \u0111\u1ea5t d\u1ec5 d\u00e0ng.","rel":"","context":"Similar post","block_context":{"text":"Similar post","link":""},"img":{"alt_text":"","src":"","width":0,"height":0},"classes":[]},{"id":3186,"url":"https:\/\/tp-electric.vn\/index.php\/san-pham\/3186\/","url_meta":{"origin":3163,"position":4},"title":"QUY C\u00c1CH: Code.No. For Rod\u2026","author":"","date":"14\/02\/2023","format":false,"excerpt":"M\u00f4 t\u1ea3 : Ti\u00eau chu\u1ea9n: IEC 62561-2 V\u1eadt li\u1ec7u: \u0110\u1ed3ng\/Th\u00e9p kh\u00f4ng g\u1ec9 Xu\u1ea5t x\u1ee9: Kumwell - Th\u00e1i Lan \u1ee8ng d\u1ee5ng : B\u1ea3o v\u1ec7 \u0111\u1ea7u c\u1ee7a c\u1ecdc ti\u1ebfp \u0111\u1ecba","rel":"","context":"Similar post","block_context":{"text":"Similar post","link":""},"img":{"alt_text":"","src":"","width":0,"height":0},"classes":[]},{"id":3184,"url":"https:\/\/tp-electric.vn\/index.php\/san-pham\/dau-dong-coc-tiep-dia-2\/","url_meta":{"origin":3163,"position":5},"title":"\u0110\u1ea7u \u0111\u00f3ng c\u1ecdc ti\u1ebfp \u0111\u1ecba","author":"","date":"14\/02\/2023","format":false,"excerpt":"M\u00f4 t\u1ea3 : V\u1eadt li\u1ec7u: Th\u00e9p c\u01b0\u1eddng \u0111\u1ed9 cao Xu\u1ea5t x\u1ee9: Kumwell - Th\u00e1i Lan \u1ee8ng d\u1ee5ng : G\u1eafn v\u00e0o ph\u1ea7n d\u01b0\u1edbi c\u1ecdc ti\u1ebfp \u0111\u1ecba \u0111\u1ec3 t\u1ea1o \u0111\u1ed9 nh\u1ecdn cho vi\u1ec7c \u0111\u00f3ng c\u1ecdc d\u1ec5 h\u01a1n","rel":"","context":"Similar post","block_context":{"text":"Similar post","link":""},"img":{"alt_text":"","src":"","width":0,"height":0},"classes":[]}],"_links":{"self":[{"href":"https:\/\/tp-electric.vn\/index.php\/wp-json\/wp\/v2\/product\/3163"}],"collection":[{"href":"https:\/\/tp-electric.vn\/index.php\/wp-json\/wp\/v2\/product"}],"about":[{"href":"https:\/\/tp-electric.vn\/index.php\/wp-json\/wp\/v2\/types\/product"}],"replies":[{"embeddable":true,"href":"https:\/\/tp-electric.vn\/index.php\/wp-json\/wp\/v2\/comments?post=3163"}],"wp:featuredmedia":[{"embeddable":true,"href":"https:\/\/tp-electric.vn\/index.php\/wp-json\/wp\/v2\/media\/3167"}],"wp:attachment":[{"href":"https:\/\/tp-electric.vn\/index.php\/wp-json\/wp\/v2\/media?parent=3163"}],"wp:term":[{"taxonomy":"product_cat","embeddable":true,"href":"https:\/\/tp-electric.vn\/index.php\/wp-json\/wp\/v2\/product_cat?post=3163"},{"taxonomy":"product_tag","embeddable":true,"href":"https:\/\/tp-electric.vn\/index.php\/wp-json\/wp\/v2\/product_tag?post=3163"}],"curies":[{"name":"wp","href":"https:\/\/api.w.org\/{rel}","templated":true}]}}