{"id":3161,"date":"2023-02-14T15:51:14","date_gmt":"2023-02-14T08:51:14","guid":{"rendered":"https:\/\/tp-electric.vn\/?post_type=product&#038;p=3161"},"modified":"2024-12-12T15:10:22","modified_gmt":"2024-12-12T08:10:22","slug":"coc-tiep-dia-thep-ma-dong-lop-ma-dong-day-254-micron-tieu-chuan-ul-467","status":"publish","type":"product","link":"https:\/\/tp-electric.vn\/index.php\/san-pham\/coc-tiep-dia-thep-ma-dong-lop-ma-dong-day-254-micron-tieu-chuan-ul-467\/","title":{"rendered":"GRCBU-Kumwell-C\u1ecdc ti\u1ebfp \u0111\u1ea5t b\u1eb1ng th\u00e9p m\u1ea1 \u0111\u1ed3ng UL 467"},"content":{"rendered":"<h1>Th\u00f4ng S\u1ed1 K\u1ef9 Thu\u1eadt<\/h1>\n<p><strong>Copper \u2013 bonded Ground Rod<\/strong><\/p>\n<table style=\"height: 599px;\" width=\"944\">\n<tbody>\n<tr>\n<td style=\"width: 276.875px;\" rowspan=\"2\">Code No.<\/td>\n<td style=\"width: 236.833px;\" colspan=\"2\">Diameter (\u0424)<\/td>\n<td style=\"width: 191.389px;\">Length (L)<\/td>\n<td style=\"width: 213.125px;\" rowspan=\"2\">Weight\u00a0(kg)<\/td>\n<\/tr>\n<tr>\n<td style=\"width: 90.9861px;\">(in)<\/td>\n<td style=\"width: 140.292px;\">(mm)<\/td>\n<td style=\"width: 191.389px;\">(ft)<\/td>\n<\/tr>\n<tr>\n<td style=\"width: 276.875px;\">GRCBU 128<\/td>\n<td style=\"width: 90.9861px;\">1\/2<\/td>\n<td style=\"width: 140.292px;\">12.7<\/td>\n<td style=\"width: 191.389px;\">8<\/td>\n<td style=\"width: 213.125px;\">2.40<\/td>\n<\/tr>\n<tr>\n<td style=\"width: 276.875px;\">GRCBU 1210<\/td>\n<td style=\"width: 90.9861px;\">1\/2<\/td>\n<td style=\"width: 140.292px;\">12.7<\/td>\n<td style=\"width: 191.389px;\">10<\/td>\n<td style=\"width: 213.125px;\">3.10<\/td>\n<\/tr>\n<tr>\n<td style=\"width: 276.875px;\"><strong>GRCBU 588<\/strong><\/td>\n<td style=\"width: 90.9861px;\">5\/8<\/td>\n<td style=\"width: 140.292px;\">14.2<\/td>\n<td style=\"width: 191.389px;\">8<\/td>\n<td style=\"width: 213.125px;\">3.00<\/td>\n<\/tr>\n<tr>\n<td style=\"width: 276.875px;\">GRCBU 58810<\/td>\n<td style=\"width: 90.9861px;\">5\/8<\/td>\n<td style=\"width: 140.292px;\">14.2<\/td>\n<td style=\"width: 191.389px;\">10<\/td>\n<td style=\"width: 213.125px;\">3.90<\/td>\n<\/tr>\n<tr>\n<td style=\"width: 276.875px;\">GRCBU 348<\/td>\n<td style=\"width: 90.9861px;\">3\/4<\/td>\n<td style=\"width: 140.292px;\">17.2<\/td>\n<td style=\"width: 191.389px;\">8<\/td>\n<td style=\"width: 213.125px;\">4.40<\/td>\n<\/tr>\n<tr>\n<td style=\"width: 276.875px;\">GRCBU 3410<\/td>\n<td style=\"width: 90.9861px;\">3\/4<\/td>\n<td style=\"width: 140.292px;\">17.2<\/td>\n<td style=\"width: 191.389px;\">10<\/td>\n<td style=\"width: 213.125px;\">5.70<\/td>\n<\/tr>\n<tr>\n<td style=\"width: 276.875px;\">GRCBU 124<\/td>\n<td style=\"width: 90.9861px;\">1\/2<\/td>\n<td style=\"width: 140.292px;\">12.7<\/td>\n<td style=\"width: 191.389px;\">4<\/td>\n<td style=\"width: 213.125px;\">1.18<\/td>\n<\/tr>\n<tr>\n<td style=\"width: 276.875px;\">GRCBU 125<\/td>\n<td style=\"width: 90.9861px;\">1\/2<\/td>\n<td style=\"width: 140.292px;\">12.7<\/td>\n<td style=\"width: 191.389px;\">5<\/td>\n<td style=\"width: 213.125px;\">1.55<\/td>\n<\/tr>\n<tr>\n<td style=\"width: 276.875px;\">GRCBU 126<\/td>\n<td style=\"width: 90.9861px;\">1\/2<\/td>\n<td style=\"width: 140.292px;\">12.7<\/td>\n<td style=\"width: 191.389px;\">6<\/td>\n<td style=\"width: 213.125px;\">2.00<\/td>\n<\/tr>\n<tr>\n<td style=\"width: 276.875px;\">GRCBU 584<\/td>\n<td style=\"width: 90.9861px;\">5\/8<\/td>\n<td style=\"width: 140.292px;\">14.2<\/td>\n<td style=\"width: 191.389px;\">4<\/td>\n<td style=\"width: 213.125px;\">2.00<\/td>\n<\/tr>\n<tr>\n<td style=\"width: 276.875px;\">GRCBU 585<\/td>\n<td style=\"width: 90.9861px;\">5\/8<\/td>\n<td style=\"width: 140.292px;\">14.2<\/td>\n<td style=\"width: 191.389px;\">5<\/td>\n<td style=\"width: 213.125px;\">2.15<\/td>\n<\/tr>\n<tr>\n<td style=\"width: 276.875px;\">GRCBU 586<\/td>\n<td style=\"width: 90.9861px;\">5\/8<\/td>\n<td style=\"width: 140.292px;\">14.2<\/td>\n<td style=\"width: 191.389px;\">6<\/td>\n<td style=\"width: 213.125px;\">2.30<\/td>\n<\/tr>\n<tr>\n<td style=\"width: 276.875px;\">GRCBU 587<\/td>\n<td style=\"width: 90.9861px;\">5\/8<\/td>\n<td style=\"width: 140.292px;\">14.2<\/td>\n<td style=\"width: 191.389px;\">7<\/td>\n<td style=\"width: 213.125px;\">3.05<\/td>\n<\/tr>\n<tr>\n<td style=\"width: 276.875px;\">GRCBU 344<\/td>\n<td style=\"width: 90.9861px;\">3\/4<\/td>\n<td style=\"width: 140.292px;\">17.2<\/td>\n<td style=\"width: 191.389px;\">4<\/td>\n<td style=\"width: 213.125px;\">3.10<\/td>\n<\/tr>\n<tr>\n<td style=\"width: 276.875px;\">GRCBU 345<\/td>\n<td style=\"width: 90.9861px;\">3\/4<\/td>\n<td style=\"width: 140.292px;\">17.2<\/td>\n<td style=\"width: 191.389px;\">5<\/td>\n<td style=\"width: 213.125px;\">3.15<\/td>\n<\/tr>\n<tr>\n<td style=\"width: 276.875px;\">GRCBU 346<\/td>\n<td style=\"width: 90.9861px;\">3\/4<\/td>\n<td style=\"width: 140.292px;\">17.2<\/td>\n<td style=\"width: 191.389px;\">6<\/td>\n<td style=\"width: 213.125px;\">3.30<\/td>\n<\/tr>\n<tr>\n<td style=\"width: 276.875px;\">GRCBU 347<\/td>\n<td style=\"width: 90.9861px;\">3\/4<\/td>\n<td style=\"width: 140.292px;\">17.2<\/td>\n<td style=\"width: 191.389px;\">7<\/td>\n<td style=\"width: 213.125px;\">3.83<\/td>\n<\/tr>\n<tr>\n<td style=\"width: 276.875px;\">GRCBU 16<\/td>\n<td style=\"width: 90.9861px;\">1<\/td>\n<td style=\"width: 140.292px;\">23.1<\/td>\n<td style=\"width: 191.389px;\">6<\/td>\n<td style=\"width: 213.125px;\">6.14<\/td>\n<\/tr>\n<tr>\n<td style=\"width: 276.875px;\">GRCBU 18<\/td>\n<td style=\"width: 90.9861px;\">1<\/td>\n<td style=\"width: 140.292px;\">23.1<\/td>\n<td style=\"width: 191.389px;\">8<\/td>\n<td style=\"width: 213.125px;\">8.20<\/td>\n<\/tr>\n<tr>\n<td style=\"width: 276.875px;\">GRCBU 110<\/td>\n<td style=\"width: 90.9861px;\">1<\/td>\n<td style=\"width: 140.292px;\">23.1<\/td>\n<td style=\"width: 191.389px;\">10<\/td>\n<td style=\"width: 213.125px;\">10.25<\/td>\n<\/tr>\n<\/tbody>\n<\/table>\n","protected":false},"excerpt":{"rendered":"<p><span lang=\"VI\"><em>C\u1ecdc ti\u1ebfp \u0111\u1ea5t b\u1eb1ng th\u00e9p m\u1ea1 \u0111\u1ed3ng<strong>\u00a0GRCBU-Kumwell<\/strong><\/em><\/span><\/p>\n<p><span lang=\"VI\">Ti\u00eau chu\u1ea9n: UL 467<\/span><\/p>\n<p><span lang=\"VI\">Xu\u1ea5t x\u1ee9: Kumwell \u2013 Th\u00e1i Lan<\/span><\/p>\n","protected":false},"featured_media":3162,"comment_status":"open","ping_status":"closed","template":"","meta":[],"product_cat":[229],"product_tag":[],"jetpack-related-posts":[{"id":3168,"url":"https:\/\/tp-electric.vn\/index.php\/san-pham\/grsc-kumwell-coc-tiep-dat-bang-dong-dac\/","url_meta":{"origin":3161,"position":0},"title":"GRSC-Kumwell-C\u1ecdc ti\u1ebfp \u0111\u1ea5t b\u1eb1ng \u0111\u1ed3ng \u0111\u1eb7c","author":"","date":"14\/02\/2023","format":false,"excerpt":"C\u1ecdc ti\u1ebfp \u0111\u1ea5t b\u1eb1ng \u0111\u1ed3ng \u0111\u1eb7c\u00a0GRSC-Kumwell- Ti\u00eau chu\u1ea9n: BS EN 13601 Xu\u1ea5t x\u1ee9: Kumwell \u2013 Th\u00e1i Lan","rel":"","context":"Similar post","block_context":{"text":"Similar post","link":""},"img":{"alt_text":"","src":"","width":0,"height":0},"classes":[]},{"id":3188,"url":"https:\/\/tp-electric.vn\/index.php\/san-pham\/bua-dong-coc-tiep-dia\/","url_meta":{"origin":3161,"position":1},"title":"B\u00faa \u0111\u00f3ng c\u1ecdc ti\u1ebfp \u0111\u1ecba","author":"","date":"14\/02\/2023","format":false,"excerpt":"M\u00f4 t\u1ea3 : V\u1eadt li\u1ec7u: Th\u00e9p c\u01b0\u1eddng \u0111\u1ed9 cao Xu\u1ea5t x\u1ee9: Kumwell - Th\u00e1i Lan \u1ee8ng d\u1ee5ng : D\u1ee5ng c\u1ee5 \u0111\u1ec3 \u0111\u00f3ng c\u1ecdc ti\u1ebfp \u0111\u1ecba xu\u1ed1ng \u0111\u1ea5t d\u1ec5 d\u00e0ng.","rel":"","context":"Similar post","block_context":{"text":"Similar post","link":""},"img":{"alt_text":"","src":"","width":0,"height":0},"classes":[]},{"id":3163,"url":"https:\/\/tp-electric.vn\/index.php\/san-pham\/grss-kumwell-coc-tiep-dat-bang-inox\/","url_meta":{"origin":3161,"position":2},"title":"GRSS-Kumwell-C\u1ecdc ti\u1ebfp \u0111\u1ea5t b\u1eb1ng inox","author":"","date":"14\/02\/2023","format":false,"excerpt":"C\u1ecdc ti\u1ebfp \u0111\u1ea5t b\u1eb1ng inox\u00a0 GRSS-Kumwell Xu\u1ea5t x\u1ee9: Kumwell \u2013 Th\u00e1i Lan","rel":"","context":"Similar post","block_context":{"text":"Similar post","link":""},"img":{"alt_text":"","src":"","width":0,"height":0},"classes":[]},{"id":3184,"url":"https:\/\/tp-electric.vn\/index.php\/san-pham\/dau-dong-coc-tiep-dia-2\/","url_meta":{"origin":3161,"position":3},"title":"\u0110\u1ea7u \u0111\u00f3ng c\u1ecdc ti\u1ebfp \u0111\u1ecba","author":"","date":"14\/02\/2023","format":false,"excerpt":"M\u00f4 t\u1ea3 : V\u1eadt li\u1ec7u: Th\u00e9p c\u01b0\u1eddng \u0111\u1ed9 cao Xu\u1ea5t x\u1ee9: Kumwell - Th\u00e1i Lan \u1ee8ng d\u1ee5ng : G\u1eafn v\u00e0o ph\u1ea7n d\u01b0\u1edbi c\u1ecdc ti\u1ebfp \u0111\u1ecba \u0111\u1ec3 t\u1ea1o \u0111\u1ed9 nh\u1ecdn cho vi\u1ec7c \u0111\u00f3ng c\u1ecdc d\u1ec5 h\u01a1n","rel":"","context":"Similar post","block_context":{"text":"Similar post","link":""},"img":{"alt_text":"","src":"","width":0,"height":0},"classes":[]},{"id":3182,"url":"https:\/\/tp-electric.vn\/index.php\/san-pham\/dau-dong-coc-tiep-dia\/","url_meta":{"origin":3161,"position":4},"title":"\u0110\u1ea7u \u0111\u00f3ng c\u1ecdc ti\u1ebfp \u0111\u1ecba","author":"","date":"14\/02\/2023","format":false,"excerpt":"M\u00f4 t\u1ea3 : Ti\u00eau chu\u1ea9n: IEC 62561-2 V\u1eadt li\u1ec7u: Th\u00e9p c\u01b0\u1eddng \u0111\u1ed9 cao Xu\u1ea5t x\u1ee9: Kumwell - Th\u00e1i Lan \u1ee8ng d\u1ee5ng : B\u1ea3o v\u1ec7 \u0111\u1ea7u c\u1ecdc ti\u1ebfp \u0111\u1ecba khi \u0111\u00f3ng.","rel":"","context":"Similar post","block_context":{"text":"Similar post","link":""},"img":{"alt_text":"","src":"","width":0,"height":0},"classes":[]},{"id":3183,"url":"https:\/\/tp-electric.vn\/index.php\/san-pham\/dau-dong-coc-tiep-dia-loai-tron\/","url_meta":{"origin":3161,"position":5},"title":"\u0110\u1ea7u \u0111\u00f3ng c\u1ecdc ti\u1ebfp \u0111\u1ecba lo\u1ea1i tr\u01a1n","author":"","date":"14\/02\/2023","format":false,"excerpt":"M\u00f4 t\u1ea3 : Ti\u00eau chu\u1ea9n: IEC 62561-2 V\u1eadt li\u1ec7u: Th\u00e9p c\u01b0\u1eddng \u0111\u1ed9 cao Xu\u1ea5t x\u1ee9: Kumwell - Th\u00e1i Lan \u1ee8ng d\u1ee5ng : B\u1ea3o v\u1ec7 \u0111\u1ea7u c\u1ecdc ti\u1ebfp \u0111\u1ecba khi \u0111\u00f3ng.","rel":"","context":"Similar post","block_context":{"text":"Similar post","link":""},"img":{"alt_text":"","src":"","width":0,"height":0},"classes":[]}],"_links":{"self":[{"href":"https:\/\/tp-electric.vn\/index.php\/wp-json\/wp\/v2\/product\/3161"}],"collection":[{"href":"https:\/\/tp-electric.vn\/index.php\/wp-json\/wp\/v2\/product"}],"about":[{"href":"https:\/\/tp-electric.vn\/index.php\/wp-json\/wp\/v2\/types\/product"}],"replies":[{"embeddable":true,"href":"https:\/\/tp-electric.vn\/index.php\/wp-json\/wp\/v2\/comments?post=3161"}],"wp:featuredmedia":[{"embeddable":true,"href":"https:\/\/tp-electric.vn\/index.php\/wp-json\/wp\/v2\/media\/3162"}],"wp:attachment":[{"href":"https:\/\/tp-electric.vn\/index.php\/wp-json\/wp\/v2\/media?parent=3161"}],"wp:term":[{"taxonomy":"product_cat","embeddable":true,"href":"https:\/\/tp-electric.vn\/index.php\/wp-json\/wp\/v2\/product_cat?post=3161"},{"taxonomy":"product_tag","embeddable":true,"href":"https:\/\/tp-electric.vn\/index.php\/wp-json\/wp\/v2\/product_tag?post=3161"}],"curies":[{"name":"wp","href":"https:\/\/api.w.org\/{rel}","templated":true}]}}