{"id":3152,"date":"2023-02-14T15:33:25","date_gmt":"2023-02-14T08:33:25","guid":{"rendered":"https:\/\/tp-electric.vn\/?post_type=product&#038;p=3152"},"modified":"2024-12-12T15:10:22","modified_gmt":"2024-12-12T08:10:22","slug":"tam-chong-chay-inca-firestop-sheet","status":"publish","type":"product","link":"https:\/\/tp-electric.vn\/index.php\/san-pham\/tam-chong-chay-inca-firestop-sheet\/","title":{"rendered":"T\u1ea4M CH\u1ed0NG CH\u00c1Y INCA FIRESTOP SHEET"},"content":{"rendered":"<h2>Product Description<\/h2>\n<p><strong>Gi\u1edbi thi\u1ec7u v\u1ec1 t\u1ea5m ch\u1ed1ng ch\u00e1y INCA Firestop Sheet<\/strong><\/p>\n<p>T\u1ea5m ch\u1ed1ng ch\u00e1y firestop sheet: FP-02, FP-04 v\u00e0 FP-04+ l\u00e0 t\u1ea5m composite ch\u1ed1ng ch\u00e1y lan d\u00f9ng cho l\u1ed7 m\u1edf l\u1edbn xuy\u00ean t\u01b0\u1eddng, s\u00e0n. S\u1ea3n ph\u1ea9m c\u00f3 ch\u1ee9ng nh\u1eadn ch\u1ed1ng ch\u00e1y UL, ASTM<\/p>\n<p><strong>\u1ee8ng d\u1ee5ng c\u1ee7a t\u1ea5m ch\u1ed1ng ch\u00e1y lan INCA Firestop Sheet<\/strong><\/p>\n<ul>\n<li>D\u00f9ng b\u00edt l\u1ed7 m\u1edf g\u1ed3m \u1ed1ng nh\u1ef1a, c\u00e1p \u0111i\u1ec7n, thang c\u00e1p, \u1ed1ng c\u00f3 b\u1ea3o \u00f4n, \u1ed1ng gi\u00f3\u2026<\/li>\n<\/ul>\n<p><strong>Th\u00f4ng s\u1ed1 k\u1ef9 thu\u1eadt c\u1ee7a t\u1ea5m ch\u1ed1ng ch\u00e1y lan INCA Firestop Sheet<\/strong><\/p>\n<ol>\n<li>S\u1ea3n ph\u1ea9m FP-02: D\u00e0y 6,5-9,0mm. tr\u01b0\u01a1ng n\u1edf 5-10 l\u1ea7n<\/li>\n<li>S\u1ea3n ph\u1ea9m FP-04: D\u00e0y 1,0-1,2mm, tr\u01b0\u01a1ng n\u1edf 10 l\u1ea7n<\/li>\n<li>S\u1ea3n ph\u1ea9m FP-04+: D\u00e0y 2mm, tr\u01b0\u01a1ng n\u1edf 10 l\u1ea7n<\/li>\n<\/ol>\n","protected":false},"excerpt":{"rendered":"<p>Product Description Gi\u1edbi thi\u1ec7u v\u1ec1 t\u1ea5m ch\u1ed1ng ch\u00e1y INCA Firestop Sheet T\u1ea5m ch\u1ed1ng ch\u00e1y firestop sheet: FP-02, FP-04 v\u00e0 FP-04+ l\u00e0 t\u1ea5m composite ch\u1ed1ng ch\u00e1y lan d\u00f9ng cho l\u1ed7 m\u1edf l\u1edbn xuy\u00ean t\u01b0\u1eddng, s\u00e0n. S\u1ea3n ph\u1ea9m c\u00f3 ch\u1ee9ng nh\u1eadn ch\u1ed1ng ch\u00e1y UL, ASTM \u1ee8ng d\u1ee5ng c\u1ee7a t\u1ea5m ch\u1ed1ng ch\u00e1y lan INCA Firestop Sheet D\u00f9ng b\u00edt&#8230;<\/p>\n","protected":false},"featured_media":3153,"comment_status":"open","ping_status":"closed","template":"","meta":[],"product_cat":[226],"product_tag":[],"jetpack-related-posts":[{"id":3123,"url":"https:\/\/tp-electric.vn\/index.php\/san-pham\/son-chong-chay-inca-dc309\/","url_meta":{"origin":3152,"position":0},"title":"S\u01a0N CH\u1ed0NG CH\u00c1Y INCA DC309","author":"","date":"14\/02\/2023","format":false,"excerpt":"Product Description Gi\u1edbi thi\u1ec7u s\u01a1n ch\u1ed1ng ch\u00e1y INCA DC309 S\u01a1n ch\u1ed1ng ch\u00e1y INCA DC309 l\u00e0 s\u01a1n \u0111a d\u1ee5ng d\u00f9ng m\u1edbi ph\u1ee5c \u0111\u00edch ch\u1ed1ng ch\u00e1y. Th\u1eddi gian ng\u0103n ch\u00e1y 3h. S\u1ea3n ph\u1ea9m \u0111\u1ea1t ch\u1ee9ng ch\u1ec9 ch\u1ed1ng ch\u00e1y NFPA, FCIA, UL, ASTM \u1ee8ng d\u1ee5ng s\u01a1n ch\u1ed1ng ch\u00e1y INCA DC309 S\u01a1n ph\u1ee7 ch\u1ed1ng\u2026","rel":"","context":"Similar post","block_context":{"text":"Similar post","link":""},"img":{"alt_text":"","src":"https:\/\/i0.wp.com\/tp-electric.vn\/wp-content\/uploads\/2023\/02\/dc309-cable-coating-cable-fire-barrier.jpg?resize=350%2C200&ssl=1","width":350,"height":200},"classes":[]},{"id":3131,"url":"https:\/\/tp-electric.vn\/index.php\/san-pham\/dat-set-ngan-chay-ssp-intumescent-firestop-putty\/","url_meta":{"origin":3152,"position":1},"title":"\u0110\u1ea4T S\u00c9T NG\u0102N CH\u00c1Y SSP INTUMESCENT FIRESTOP PUTTY","author":"","date":"14\/02\/2023","format":false,"excerpt":"Product Description \u0110\u1ea5t s\u00e9t ng\u0103n ch\u00e1y SSP INTUMESCENT FIRESTOP PUTTY \u0110\u1ea5t s\u00e9t ch\u1ed1ng ch\u00e1y- \u0111\u1ea5t s\u00e9t ng\u0103n ch\u00e1y\u00a0l\u00e0 s\u1ea3n ph\u1ea9m \u00a0kh\u00f4ng th\u1ec3 thi\u1ebfu cho ph\u00f2ng ch\u1ed1ng chay lan trong tr\u01b0\u1eddng h\u1ee3p h\u1ecfa ho\u1ea1n. \u1ee8ng D\u1ee5ng c\u1ee7a \u0111\u1ea5t s\u00e9t ng\u0103n ch\u00e1y: trong c\u00e1c T\u00f2a Nh\u00e0, Nh\u00e0 X\u01b0\u1edfng, C\u00f4ng tr\u00ecnh tr\u1ea1m xe,\u2026","rel":"","context":"Similar post","block_context":{"text":"Similar post","link":""},"img":{"alt_text":"","src":"https:\/\/i0.wp.com\/tp-electric.vn\/wp-content\/uploads\/2023\/02\/dat-set-chong-chay-day-dien.png?fit=301%2C227&ssl=1&resize=350%2C200","width":350,"height":200},"classes":[]},{"id":3062,"url":"https:\/\/tp-electric.vn\/index.php\/san-pham\/keo-ngan-chay-truong-no\/","url_meta":{"origin":3152,"position":2},"title":"KEO NG\u0102N CH\u00c1Y TR\u01af\u01a0NG N\u1ede","author":"","date":"14\/02\/2023","format":false,"excerpt":"Keo silicone ng\u0103n ch\u00e1y\u00a0tr\u01b0\u01a1ng n\u1edf LCI300 C\u00f3 graphite, c\u00f3 kh\u1ea3 n\u0103ng ng\u0103n ch\u00e1y \u0111\u1ebfn 4h, ch\u1ed1ng n\u01b0\u1edbc, kh\u00f3i v\u00e0 kh\u00ed \u0111\u1ed9c. \u00a0\u1ee8ng d\u1ee5ng c\u1ee7a keo ch\u1ed1ng ch\u00e1y lan LCI300 Tr\u00e1m\u00a0khe \/ l\u1ed7 xuy\u00ean\u00a0cho \u1ee9ng d\u1ee5ng c\u00e1p\u00a0\u0111i\u1ec7n Tr\u00e1m khe \/ l\u1ed7 xuy\u00ean\u00a0cho \u1ee9ng d\u1ee5ng b\u00f3 c\u00e1p, thang m\u00e1ng c\u00e1p\u00a0\u0111i\u1ec7n Tr\u00e1m khe\u2026","rel":"","context":"Similar post","block_context":{"text":"Similar post","link":""},"img":{"alt_text":"","src":"https:\/\/i0.wp.com\/tp-electric.vn\/wp-content\/uploads\/2023\/02\/LG-stilci300Nn.jpg?fit=300%2C411&ssl=1&resize=350%2C200","width":350,"height":200},"classes":[]},{"id":3099,"url":"https:\/\/tp-electric.vn\/index.php\/san-pham\/keo-silicon-chong-chay-hilti-cp-606\/","url_meta":{"origin":3152,"position":3},"title":"KEO SILICON CH\u1ed0NG CH\u00c1Y HILTI CP 606","author":"","date":"14\/02\/2023","format":false,"excerpt":"Th\u01b0\u01a1ng hi\u1ec7u:Hilti Xu\u1ea5t x\u1ee9:\u0110\u1ee9c \u0110\u00f3ng g\u00f3i:D\u1ea1ng tu\u00fdp Th\u1ec3 t\u00edch:310ml M\u00e0u s\u1eafc:Tr\u1eafng, x\u00e1m ho\u1eb7c \u0111\u1ecf Th\u00e0nh ph\u1ea7n:Acrylic g\u1ed1c n\u01b0\u1edbc Th\u1eddi gian kh\u00f4 x\u1ea5p x\u1ec9:3 ng\u00e0y Nhi\u1ec7t \u0111\u1ed9 thi c\u00f4ng:5-40 \u0111\u1ed9 C Co gi\u00e3n:\u0111a 12.5% Ti\u00eau chu\u1ea9n:UL 2079, ATSM E814, ATSM E1966, UL 1479, CAN\/UL-S115 Product Description Hilti CP606 l\u00e0 keo silicone\u2026","rel":"","context":"Similar post","block_context":{"text":"Similar post","link":""},"img":{"alt_text":"","src":"https:\/\/i0.wp.com\/tp-electric.vn\/wp-content\/uploads\/2023\/02\/21456b94a07b381845da2ba7fc0ce948.jpg?fit=640%2C640&ssl=1&resize=350%2C200","width":350,"height":200},"classes":[]},{"id":3115,"url":"https:\/\/tp-electric.vn\/index.php\/san-pham\/vua-chong-chay-charcoat-fm\/","url_meta":{"origin":3152,"position":4},"title":"V\u1eeeA CH\u1ed0NG CH\u00c1Y CHARCOAT FM","author":"","date":"14\/02\/2023","format":false,"excerpt":"Lo\u1ea1i s\u1ea3n ph\u1ea9m:V\u1eefa tr\u1ed9n s\u1eb5n T\u1ef7 l\u1ec7 tr\u1ed9n:2:1 M\u00e0u s\u1eafc:Tr\u1eafng ng\u00e0 Tr\u1ecdng l\u01b0\u1ee3ng:15 Kg\/bao (20 l\u00edt) Tr\u1ecdng l\u01b0\u1ee3ng ri\u00eang:900Kg\/m3 Th\u1eddi gian \u0111\u00f4ng c\u1ee9ng:d\u01b0\u1edbi 1 gi\u1edd Th\u1eddi gian \u0111\u00f4ng c\u1ee9ng ho\u00e0n to\u00e0n:T\u1ed1i \u0111a l\u00ean t\u1edbi 30 ng\u00e0y H\u1ea1n s\u1eed d\u1ee5ng:3 n\u0103m k\u1ec3 t\u1eeb ng\u00e0y s\u1ea3n xu\u1ea5t Product Description V\u1eefa ch\u1ed1ng ch\u00e1y\u2026","rel":"","context":"Similar post","block_context":{"text":"Similar post","link":""},"img":{"alt_text":"","src":"https:\/\/i0.wp.com\/tp-electric.vn\/wp-content\/uploads\/2023\/02\/CharCoat-FM-Mortar-front-923x1024-1.png?fit=923%2C1024&ssl=1&resize=350%2C200","width":350,"height":200,"srcset":"https:\/\/i0.wp.com\/tp-electric.vn\/wp-content\/uploads\/2023\/02\/CharCoat-FM-Mortar-front-923x1024-1.png?fit=923%2C1024&ssl=1&resize=350%2C200 1x, https:\/\/i0.wp.com\/tp-electric.vn\/wp-content\/uploads\/2023\/02\/CharCoat-FM-Mortar-front-923x1024-1.png?fit=923%2C1024&ssl=1&resize=700%2C400 2x"},"classes":[]},{"id":3104,"url":"https:\/\/tp-electric.vn\/index.php\/san-pham\/vua-ngan-chay-lan-hilti-cp-636\/","url_meta":{"origin":3152,"position":5},"title":"V\u1eeeA NG\u0102N CH\u00c1Y LAN HILTI CP 636","author":"","date":"14\/02\/2023","format":false,"excerpt":"Th\u01b0\u01a1ng hi\u1ec7u:Hilti Xu\u1ea5t x\u1ee9:\u0110\u1ee9c Tr\u1ecdng l\u01b0\u1ee3ng:20 Kg\/ 1 bao T\u1ef7 l\u1ec7 pha tr\u1ed9n:2.5 \/ 1 (V\u1eefa\/n\u01b0\u1edbc \u2013 theo kh\u1ed1i l\u01b0\u1ee3ng) C\u01b0\u1eddng \u0111\u1ed9 n\u00e9n 28 ng\u00e0y:2.9 N\/mm2 nhi\u1ec7t \u0111\u1ed9 thi c\u00f4ng:5 \u2013 8\u2103 C\u00f3 th\u1ec3 t\u00e1i s\u1eed d\u1ee5ng (v\u00e0 g\u1ee1 b\u1ecf):Kh\u00f4ng th\u1ec3 Th\u1eddi gian \u0111\u00f4ng k\u1ebft (x\u1ea5p x\u1ec9):10h Hi\u1ec7u su\u1ea5t ng\u0103n\u2026","rel":"","context":"Similar post","block_context":{"text":"Similar post","link":""},"img":{"alt_text":"","src":"https:\/\/i0.wp.com\/tp-electric.vn\/wp-content\/uploads\/2023\/02\/Thi-cong-vua-chong-chay-Hilti-CP-636-600x270-1.jpg?resize=350%2C200&ssl=1","width":350,"height":200},"classes":[]}],"_links":{"self":[{"href":"https:\/\/tp-electric.vn\/index.php\/wp-json\/wp\/v2\/product\/3152"}],"collection":[{"href":"https:\/\/tp-electric.vn\/index.php\/wp-json\/wp\/v2\/product"}],"about":[{"href":"https:\/\/tp-electric.vn\/index.php\/wp-json\/wp\/v2\/types\/product"}],"replies":[{"embeddable":true,"href":"https:\/\/tp-electric.vn\/index.php\/wp-json\/wp\/v2\/comments?post=3152"}],"wp:featuredmedia":[{"embeddable":true,"href":"https:\/\/tp-electric.vn\/index.php\/wp-json\/wp\/v2\/media\/3153"}],"wp:attachment":[{"href":"https:\/\/tp-electric.vn\/index.php\/wp-json\/wp\/v2\/media?parent=3152"}],"wp:term":[{"taxonomy":"product_cat","embeddable":true,"href":"https:\/\/tp-electric.vn\/index.php\/wp-json\/wp\/v2\/product_cat?post=3152"},{"taxonomy":"product_tag","embeddable":true,"href":"https:\/\/tp-electric.vn\/index.php\/wp-json\/wp\/v2\/product_tag?post=3152"}],"curies":[{"name":"wp","href":"https:\/\/api.w.org\/{rel}","templated":true}]}}