{"id":3141,"date":"2023-02-14T15:13:55","date_gmt":"2023-02-14T08:13:55","guid":{"rendered":"https:\/\/tp-electric.vn\/?post_type=product&#038;p=3141"},"modified":"2024-12-12T15:10:22","modified_gmt":"2024-12-12T08:10:22","slug":"vua-chong-chay-sti-ssm-firestop-mortar","status":"publish","type":"product","link":"https:\/\/tp-electric.vn\/index.php\/san-pham\/vua-chong-chay-sti-ssm-firestop-mortar\/","title":{"rendered":"V\u1eeeA CH\u1ed0NG CH\u00c1Y STI SSM FIRESTOP MORTAR"},"content":{"rendered":"<h2><span style=\"font-size: 105%;\">Product Description<\/span><\/h2>\n<p>&nbsp;<\/p>\n<h1><span style=\"font-size: 105%;\">V\u1eefa ch\u1ed1ng ch\u00e1y STI SSM Firestop Mortar<\/span><\/h1>\n<p><span style=\"font-size: 105%;\">Th\u00f4ng tin s\u1ea3n ph\u1ea9m<\/span><\/p>\n<ul>\n<li><span style=\"font-size: 105%;\">N\u01b0\u1edbc sx: M\u1ef9<\/span><\/li>\n<li><span style=\"font-size: 105%;\">Th\u1eddi gian ng\u0103n ch\u00e1y: 4h<\/span><\/li>\n<li><span style=\"font-size: 105%;\">Ti\u00eau chu\u1ea9n: UL, FM<\/span><\/li>\n<li><span style=\"font-size: 105%;\">Tr\u1ecdng l\u01b0\u1ee3ng: 10kg<\/span><\/li>\n<\/ul>\n<h2><span style=\"font-size: 105%;\">\u1ee8ng d\u1ee5ng c\u1ee7a v\u1eefa ch\u1ed1ng ch\u00e1y<\/span><\/h2>\n<p><span style=\"font-size: 105%;\">B\u00edt l\u1ed7 m\u1edf l\u1edbn<\/span><\/p>\n<p><span style=\"font-size: 105%;\"><img decoding=\"async\" loading=\"lazy\" class=\"alignnone wp-image-3143\" src=\"https:\/\/i0.wp.com\/tp-electric.vn\/wp-content\/uploads\/2023\/02\/ssm-slider-2.jpg?resize=450%2C450&#038;ssl=1\" alt=\"\" width=\"450\" height=\"450\" data-recalc-dims=\"1\" \/><\/span><\/p>\n<p>&nbsp;<\/p>\n<h2><span style=\"font-size: 105%;\"><strong>C\u00e1c \u0111\u1eb7c t\u00ednh v\u00e0 t\u00ednh ch\u1ea5t v\u1eefa ch\u1ed1ng ch\u00e1y:<\/strong><\/span><\/h2>\n<p><span style=\"font-size: 105%;\">\u2013 M\u00e0u s\u1eafc v\u00e0 b\u1ec1 m\u1eb7t ngo\u00e0i c\u00f9ng:\u00a0\u00a0\u00a0\u00a0\u00a0\u00a0\u00a0\u00a0 M\u00e0u tr\u1eafng nh\u1ea1t, ho\u00e0n thi\u1ec7n b\u1eb1ng rul\u00f4, bay \u00a0\u00a0\u00a0\u00a0\u00a0\u00a0\u00a0\u00a0\u00a0\u00a0\u00a0\u00a0\u00a0\u00a0\u00a0\u00a0\u00a0\u00a0\u00a0\u00a0\u00a0\u00a0\u00a0\u00a0\u00a0\u00a0\u00a0\u00a0\u00a0\u00a0\u00a0\u00a0\u00a0\u00a0\u00a0\u00a0\u00a0\u00a0\u00a0\u00a0 \u00a0\u00a0\u00a0\u00a0\u00a0\u00a0\u00a0\u00a0\u00a0\u00a0\u00a0\u00a0\u00a0\u00a0\u00a0\u00a0\u00a0\u00a0\u00a0\u00a0\u00a0\u00a0\u00a0\u00a0\u00a0\u00a0\u00a0\u00a0\u00a0\u00a0\u00a0\u00a0\u00a0\u00a0\u00a0 ho\u1eb7c phun ph\u1ee7.<\/span><\/p>\n<p><span style=\"font-size: 105%;\">\u2013 \u0110\u1ed9 d\u00e0y t\u1ed1i thi\u1ec3u th\u1ef1c t\u1ebf:\u00a0\u00a0\u00a0\u00a0\u00a0\u00a0\u00a0\u00a0\u00a0\u00a0\u00a0\u00a0\u00a0\u00a0\u00a0\u00a0\u00a0\u00a0\u00a0 50 mm<\/span><\/p>\n<p><span style=\"font-size: 105%;\">\u2013 \u0110\u1ed9 che ph\u1ee7 l\u00fd thuy\u1ebft (\u0111\u1ecbnh m\u1ee9c):\u00a0\u00a0\u00a0\u00a0 8-8,5 m<sup>2<\/sup>\/t\u1ea5n \u1edf \u0111\u1ed9 d\u00e0y 50mm.<\/span><\/p>\n<p><span style=\"font-size: 105%;\">\u2013 S\u1ed1 l\u1edbp:\u00a0\u00a0\u00a0\u00a0\u00a0\u00a0\u00a0\u00a0\u00a0\u00a0\u00a0\u00a0\u00a0\u00a0\u00a0\u00a0\u00a0\u00a0\u00a0\u00a0\u00a0\u00a0\u00a0\u00a0\u00a0\u00a0\u00a0\u00a0\u00a0\u00a0\u00a0\u00a0\u00a0\u00a0\u00a0\u00a0\u00a0\u00a0\u00a0\u00a0\u00a0\u00a0\u00a0\u00a0\u00a0 1 hay nhi\u1ec1u l\u1edbp tu\u1ef3 theo y\u00eau c\u1ea7u.<\/span><\/p>\n<p><span style=\"font-size: 105%;\">\u2013 Th\u1eddi gian \u0111\u00f3ng r\u1eafn: \u00a0\u00a0\u00a0\u00a0\u00a0\u00a0\u00a0\u00a0\u00a0\u00a0\u00a0\u00a0 \u00a0\u00a0\u00a0\u00a0\u00a0\u00a0\u00a0\u00a0\u00a0\u00a0\u00a0 5-15 ph\u00fat\u00a0 \u1edf 20<sup>o<\/sup>C v\u00e0 \u0111\u1ed9 \u1ea9m 70%<\/span><\/p>\n<p><span style=\"font-size: 105%;\">\u2013 Kh\u1ea3 n\u0103ng b\u1eaft l\u1eeda:\u00a0\u00a0\u00a0\u00a0\u00a0\u00a0\u00a0\u00a0\u00a0\u00a0\u00a0\u00a0\u00a0\u00a0\u00a0\u00a0\u00a0\u00a0\u00a0\u00a0\u00a0\u00a0\u00a0\u00a0\u00a0\u00a0\u00a0\u00a0\u00a0 Kh\u00f4ng b\u1eaft l\u01b0\u1ea3 theo ti\u00eau chu\u1ea9n: ASTM E84, ISO 1182 \u2013 2002, BS 476: Ph\u1ea7n 4: 1984, ho\u1eb7c IMO Res. A472<\/span><\/p>\n<p><span style=\"font-size: 105%;\">\u2013 Kh\u1ea3 n\u0103ng t\u1ea1o kh\u00f3i:\u00a0\u00a0\u00a0\u00a0\u00a0\u00a0\u00a0\u00a0\u00a0\u00a0\u00a0\u00a0\u00a0\u00a0\u00a0\u00a0\u00a0\u00a0\u00a0\u00a0\u00a0\u00a0\u00a0\u00a0\u00a0\u00a0\u00a0 Kh\u00f4ng t\u1ea1o kh\u00f3i;<\/span><\/p>\n<p><span style=\"font-size: 105%;\">\u2013 Ch\u1ed1ng \u0103n m\u00f2n:\u00a0\u00a0\u00a0\u00a0\u00a0\u00a0\u00a0\u00a0\u00a0\u00a0\u00a0\u00a0\u00a0\u00a0\u00a0\u00a0\u00a0\u00a0\u00a0\u00a0\u00a0\u00a0\u00a0\u00a0\u00a0\u00a0\u00a0\u00a0\u00a0\u00a0\u00a0\u00a0 Kh\u00f4ng l\u00e0m t\u0103ng \u0111\u1ed9 \u0103n m\u00f2n cu\u1ea3 th\u00e9p;<\/span><\/p>\n<p><span style=\"font-size: 105%;\">\u2013 H\u00e0m l\u01b0\u1ee3ng Clo:\u00a0\u00a0\u00a0\u00a0\u00a0\u00a0\u00a0\u00a0\u00a0\u00a0\u00a0\u00a0\u00a0\u00a0\u00a0\u00a0\u00a0\u00a0\u00a0\u00a0\u00a0\u00a0\u00a0\u00a0\u00a0\u00a0\u00a0\u00a0\u00a0\u00a0\u00a0 Kh\u00f4ng \u0111\u00e1ng k\u1ec3;<\/span><\/p>\n<p><span style=\"font-size: 105%;\">\u2013 N\u1ed3ng \u0111\u1ed9 pH:\u00a0\u00a0\u00a0\u00a0\u00a0\u00a0\u00a0\u00a0\u00a0\u00a0\u00a0\u00a0\u00a0\u00a0\u00a0\u00a0\u00a0\u00a0\u00a0\u00a0\u00a0\u00a0\u00a0\u00a0\u00a0\u00a0\u00a0\u00a0\u00a0\u00a0\u00a0\u00a0\u00a0\u00a0\u00a0\u00a0 T\u1ed1i \u0111a 12;<\/span><\/p>\n<p><span style=\"font-size: 105%;\">\u2013 Kh\u1ea3 n\u0103ng ch\u1ecbu l\u01b0\u1ea3:\u00a0\u00a0\u00a0 C\u00e1c k\u1ebft c\u1ea5u \u0111\u01b0\u1ee3c ba\u1ecf v\u1ec7 b\u1edfi\u00a0<strong><em>v\u1eefa ch\u1ed1ng ch\u00e1y<\/em><\/strong>\u00a0\u0111\u00e3 v\u01b0\u1ee3t qua c\u00e1c test ch\u1ed1ng ch\u00e1y \u1edf c\u00e1c ph\u00f2ng th\u00ed nghi\u1ec7m \u0111\u1ed9c l\u1eadp v\u00e0 \u0111\u01b0\u1ee3c ch\u1ee9ng nh\u1eadn kh\u1ea3 n\u0103ng kh\u00e1ng l\u01b0\u1ea3 cu\u1ea3 v\u1eadt li\u1ec7u\u00a0<em>Ch\u1ed1ng ch\u00e1y th\u1ee5 \u0111\u1ed9ng\u00a0<\/em>(PFP\u2019s),c\u00f3 th\u1ec3 \u0111\u01b0\u1ee3c s\u1eed d\u1ee5ng \u0111\u1ec3 \u0111\u00e1p \u1ee9ng c\u00e1c y\u00eau c\u1ea7u sau:<\/span><\/p>\n<ol>\n<li value=\"NaN\"><span style=\"font-size: 105%;\">Ch\u1ed1ng d\u1ea1ng l\u01b0\u1ea3 phun c\u00f3 xung \u0111\u1ed9ng cao.<\/span><\/li>\n<li value=\"NaN\"><span style=\"font-size: 105%;\">Ch\u1ecbu t\u00e1c \u0111\u1ed9ng ph\u00e1 hu\u1ef7\/n\u1ed5 do qu\u00e1 \u00e1p su\u1ea5t.<\/span><\/li>\n<\/ol>\n<p><span style=\"font-size: 105%;\">\u2013 H\u1ec7 th\u1ed1ng<strong>\u00a0vua chong chay\u00a0<\/strong>\u0111\u00e3 \u0111\u01b0\u1ee3c th\u1eed m\u1ed9t c\u00e1ch to\u00e0n di\u1ec7n v\u00e0 \u0111\u01b0\u1ee3c c\u1ea5p ch\u1ee9ng ch\u1ec9 ch\u1ed1ng ch\u00e1y cho c\u00e1c k\u1ebft c\u1ea5u v\u00e0 v\u00e1ch ng\u0103n ch\u1ecbu l\u01b0\u1ea3. Th\u00eam v\u00e0o \u0111\u00f3, h\u1ec7 th\u1ed1ng \u0111\u00e3 ch\u1ee9ng minh \u0111\u01b0\u1ee3c l\u1ee3i \u00edch cu\u1ea3 n\u00f3 trong vi\u1ec7c ch\u1ed1ng l\u1ea1i l\u01b0\u1ea3 phun v\u00e0 ch\u1ecbu s\u1ef1 ph\u00e1\/n\u1ed5.<\/span><\/p>\n<h3><span style=\"font-size: 105%;\"><strong>\u0110\u1ed9 d\u00e0y l\u1edbp v\u1eefa\u00a0ch\u1ed1ng ch\u00e1y:<\/strong><\/span><\/h3>\n<p><span style=\"font-size: 105%;\">C\u00e1c y\u00eau c\u1ea7u ch\u1ed1ng ch\u00e1y th\u01b0\u1eddng \u0111\u01b0\u1ee3c m\u00f4 t\u1ea3 trong ti\u00eau chu\u1ea9n cu\u1ea3 ch\u1ee7 \u0111\u1ea7u t\u01b0 v\u00e0\/ho\u1eb7c y\u00eau c\u1ea7u thu\u1eadt c\u0169a D\u1ef1 \u00e1n. Trong tr\u01b0\u1eddng h\u1ee3p c\u1ea7n thi\u1ebft, c\u00f4ng ty Techcons\u00a0c\u00f3 th\u1ec3 th\u1ef1c hi\u1ec7n t\u00ednh to\u00e1n n\u00e0y.<\/span><\/p>\n<h3><span style=\"font-size: 105%;\"><strong>Thi c\u00f4ng v\u1eefa ch\u1ed1ng ch\u00e1y:<\/strong><\/span><\/h3>\n<p><span style=\"font-size: 105%;\">V\u1eadt li\u1ec7u\u00a0<strong><em>v\u1eefa ch\u1ed1ng ch\u00e1y<\/em><\/strong>\u00a0\u00a0\u0111\u01b0\u1ee3c thi c\u00f4ng b\u1eb1ng ph\u01b0\u01a1ng ph\u00e1p b\u01a1m phun ho\u1eb7c tr\u00e1t b\u1eb1ng tay, \u0111\u00fac r\u00f3t.<\/span><\/p>\n","protected":false},"excerpt":{"rendered":"<p>Product Description &nbsp; V\u1eefa ch\u1ed1ng ch\u00e1y STI SSM Firestop Mortar Th\u00f4ng tin s\u1ea3n ph\u1ea9m N\u01b0\u1edbc sx: M\u1ef9 Th\u1eddi gian ng\u0103n ch\u00e1y: 4h Ti\u00eau chu\u1ea9n: UL, FM Tr\u1ecdng l\u01b0\u1ee3ng: 10kg \u1ee8ng d\u1ee5ng c\u1ee7a v\u1eefa ch\u1ed1ng ch\u00e1y B\u00edt l\u1ed7 m\u1edf l\u1edbn &nbsp; C\u00e1c \u0111\u1eb7c t\u00ednh v\u00e0 t\u00ednh ch\u1ea5t v\u1eefa ch\u1ed1ng ch\u00e1y: \u2013 M\u00e0u s\u1eafc v\u00e0 b\u1ec1 m\u1eb7t&#8230;<\/p>\n","protected":false},"featured_media":3143,"comment_status":"open","ping_status":"closed","template":"","meta":[],"product_cat":[226],"product_tag":[],"jetpack-related-posts":[{"id":3202,"url":"https:\/\/tp-electric.vn\/index.php\/san-pham\/vua-chong-chay-cho-thep-esscoat-isolatek\/","url_meta":{"origin":3141,"position":0},"title":"V\u1eeeA CH\u1ed0NG CH\u00c1Y CHO TH\u00c9P ESSCOAT &#8211; ISOLATEK","author":"","date":"14\/02\/2023","format":false,"excerpt":"Product Description V\u1eefa ch\u1ed1ng ch\u00e1y cho k\u1ebft c\u1ea5u th\u00e9p V\u1eefa ch\u1ed1ng ch\u00e1y ESSCOAT: N\u01b0\u1edbc SX H\u00e0n Qu\u1ed1c, bao 18kg, ti\u00eau chu\u1ea9n UL, kh\u1ea3 n\u0103ng ng\u0103n ch\u00e1y 4 gi\u1edd V\u1eefa ch\u1ed1ng ch\u00e1y ISOLATEK: N\u01b0\u1edbc SX M\u1ef9, Ti\u00eau chu\u1ea9n UL, FM, BS V\u1eefa ch\u1ed1ng ch\u00e1y cho k\u1ebft c\u1ea5u th\u00e9p V\u1eefa ch\u1ed1ng ch\u00e1y\u2026","rel":"","context":"Similar post","block_context":{"text":"Similar post","link":""},"img":{"alt_text":"","src":"https:\/\/i0.wp.com\/tp-electric.vn\/wp-content\/uploads\/2023\/02\/fireproofing-768x432-1.jpg?resize=350%2C200&ssl=1","width":350,"height":200,"srcset":"https:\/\/i0.wp.com\/tp-electric.vn\/wp-content\/uploads\/2023\/02\/fireproofing-768x432-1.jpg?resize=350%2C200&ssl=1 1x, https:\/\/i0.wp.com\/tp-electric.vn\/wp-content\/uploads\/2023\/02\/fireproofing-768x432-1.jpg?resize=700%2C400&ssl=1 2x"},"classes":[]},{"id":3115,"url":"https:\/\/tp-electric.vn\/index.php\/san-pham\/vua-chong-chay-charcoat-fm\/","url_meta":{"origin":3141,"position":1},"title":"V\u1eeeA CH\u1ed0NG CH\u00c1Y CHARCOAT FM","author":"","date":"14\/02\/2023","format":false,"excerpt":"Lo\u1ea1i s\u1ea3n ph\u1ea9m:V\u1eefa tr\u1ed9n s\u1eb5n T\u1ef7 l\u1ec7 tr\u1ed9n:2:1 M\u00e0u s\u1eafc:Tr\u1eafng ng\u00e0 Tr\u1ecdng l\u01b0\u1ee3ng:15 Kg\/bao (20 l\u00edt) Tr\u1ecdng l\u01b0\u1ee3ng ri\u00eang:900Kg\/m3 Th\u1eddi gian \u0111\u00f4ng c\u1ee9ng:d\u01b0\u1edbi 1 gi\u1edd Th\u1eddi gian \u0111\u00f4ng c\u1ee9ng ho\u00e0n to\u00e0n:T\u1ed1i \u0111a l\u00ean t\u1edbi 30 ng\u00e0y H\u1ea1n s\u1eed d\u1ee5ng:3 n\u0103m k\u1ec3 t\u1eeb ng\u00e0y s\u1ea3n xu\u1ea5t Product Description V\u1eefa ch\u1ed1ng ch\u00e1y\u2026","rel":"","context":"Similar post","block_context":{"text":"Similar post","link":""},"img":{"alt_text":"","src":"https:\/\/i0.wp.com\/tp-electric.vn\/wp-content\/uploads\/2023\/02\/CharCoat-FM-Mortar-front-923x1024-1.png?fit=923%2C1024&ssl=1&resize=350%2C200","width":350,"height":200,"srcset":"https:\/\/i0.wp.com\/tp-electric.vn\/wp-content\/uploads\/2023\/02\/CharCoat-FM-Mortar-front-923x1024-1.png?fit=923%2C1024&ssl=1&resize=350%2C200 1x, https:\/\/i0.wp.com\/tp-electric.vn\/wp-content\/uploads\/2023\/02\/CharCoat-FM-Mortar-front-923x1024-1.png?fit=923%2C1024&ssl=1&resize=700%2C400 2x"},"classes":[]},{"id":3170,"url":"https:\/\/tp-electric.vn\/index.php\/san-pham\/dat-set-chong-chay-nitto-neoseal-b1\/","url_meta":{"origin":3141,"position":2},"title":"\u0110\u1ea4T S\u00c9T CH\u1ed0NG CH\u00c1Y NITTO NEOSEAL B1","author":"","date":"14\/02\/2023","format":false,"excerpt":"Nh\u00e0 s\u1ea3n xu\u1ea5t:\u00a0Nitto D\u00f2ng s\u1ea3n ph\u1ea9m: \u0110\u1ea5t s\u00e9t ch\u1ed1ng ch\u00e1y \u0110\u1ea5t s\u00e9t ch\u1ed1ng ch\u00e1y Nitto Neoseal B1 l\u00e0 lo\u1ea1i \u0111\u1ea5t s\u00e9t c\u00f3 t\u00e1c d\u1ee5ng ng\u0103n ch\u00e1y. Gi\u00fap b\u1ea3o v\u1ec7 hi\u1ec7u qu\u1ea3 t\u1ea1i c\u00e1c khu v\u1ef1c d\u1ec5 b\u1ecb ch\u00e1y Product Description 1.Gi\u1edbi thi\u1ec7u v\u1ec1\u00a0\u0110\u1ea5t s\u00e9t ch\u1ed1ng ch\u00e1y Nitto Neoseal B1 \u0110\u1ea5t\u2026","rel":"","context":"Similar post","block_context":{"text":"Similar post","link":""},"img":{"alt_text":"","src":"https:\/\/i0.wp.com\/tp-electric.vn\/wp-content\/uploads\/2023\/02\/Dat-set-B1.png?fit=464%2C376&ssl=1&resize=350%2C200","width":350,"height":200},"classes":[]},{"id":3104,"url":"https:\/\/tp-electric.vn\/index.php\/san-pham\/vua-ngan-chay-lan-hilti-cp-636\/","url_meta":{"origin":3141,"position":3},"title":"V\u1eeeA NG\u0102N CH\u00c1Y LAN HILTI CP 636","author":"","date":"14\/02\/2023","format":false,"excerpt":"Th\u01b0\u01a1ng hi\u1ec7u:Hilti Xu\u1ea5t x\u1ee9:\u0110\u1ee9c Tr\u1ecdng l\u01b0\u1ee3ng:20 Kg\/ 1 bao T\u1ef7 l\u1ec7 pha tr\u1ed9n:2.5 \/ 1 (V\u1eefa\/n\u01b0\u1edbc \u2013 theo kh\u1ed1i l\u01b0\u1ee3ng) C\u01b0\u1eddng \u0111\u1ed9 n\u00e9n 28 ng\u00e0y:2.9 N\/mm2 nhi\u1ec7t \u0111\u1ed9 thi c\u00f4ng:5 \u2013 8\u2103 C\u00f3 th\u1ec3 t\u00e1i s\u1eed d\u1ee5ng (v\u00e0 g\u1ee1 b\u1ecf):Kh\u00f4ng th\u1ec3 Th\u1eddi gian \u0111\u00f4ng k\u1ebft (x\u1ea5p x\u1ec9):10h Hi\u1ec7u su\u1ea5t ng\u0103n\u2026","rel":"","context":"Similar post","block_context":{"text":"Similar post","link":""},"img":{"alt_text":"","src":"https:\/\/i0.wp.com\/tp-electric.vn\/wp-content\/uploads\/2023\/02\/Thi-cong-vua-chong-chay-Hilti-CP-636-600x270-1.jpg?resize=350%2C200&ssl=1","width":350,"height":200},"classes":[]},{"id":3084,"url":"https:\/\/tp-electric.vn\/index.php\/san-pham\/son-chong-chay-cho-cap-dien-sti-cs105\/","url_meta":{"origin":3141,"position":4},"title":"S\u01a0N CH\u1ed0NG CH\u00c1Y CHO C\u00c1P \u0110I\u1ec6N STI CS105","author":"","date":"14\/02\/2023","format":false,"excerpt":"S\u01a1n ch\u1ed1ng ch\u00e1y cho c\u00e1p \u0111i\u1ec7n STI CS105 V\u1eadt li\u1ec7u ph\u1ee7 l\u00ean c\u00e1p\u00a0\u0111i\u1ec7n \u0111\u1ea3m b\u1ea3o ch\u1ed1ng ch\u00e1y theo chi\u1ec1u d\u1ecdc c\u00e1p \u0111i\u1ec7n \u1ee8ng d\u1ee5ng s\u01a1n ch\u1ed1ng ch\u00e1y cho c\u00e1p \u0111i\u1ec7n: B\u1ea3o v\u1ec7 c\u00e1p, thang c\u00e1p v\u00e0 b\u00f3 c\u00e1p L\u0129nh v\u1ef1c \u1ee9ng d\u1ee5ng: Nh\u00e0 m\u00e1y l\u1ecdc d\u1ea7u, gi\u00e0n khoan, nh\u00e0 m\u00e1y\u00a0h\u00f3a\u2026","rel":"","context":"Similar post","block_context":{"text":"Similar post","link":""},"img":{"alt_text":"","src":"https:\/\/i0.wp.com\/tp-electric.vn\/wp-content\/uploads\/2023\/02\/son-chong-chay-cho-cap-600x450-1.jpg?resize=350%2C200&ssl=1","width":350,"height":200},"classes":[]},{"id":3123,"url":"https:\/\/tp-electric.vn\/index.php\/san-pham\/son-chong-chay-inca-dc309\/","url_meta":{"origin":3141,"position":5},"title":"S\u01a0N CH\u1ed0NG CH\u00c1Y INCA DC309","author":"","date":"14\/02\/2023","format":false,"excerpt":"Product Description Gi\u1edbi thi\u1ec7u s\u01a1n ch\u1ed1ng ch\u00e1y INCA DC309 S\u01a1n ch\u1ed1ng ch\u00e1y INCA DC309 l\u00e0 s\u01a1n \u0111a d\u1ee5ng d\u00f9ng m\u1edbi ph\u1ee5c \u0111\u00edch ch\u1ed1ng ch\u00e1y. Th\u1eddi gian ng\u0103n ch\u00e1y 3h. S\u1ea3n ph\u1ea9m \u0111\u1ea1t ch\u1ee9ng ch\u1ec9 ch\u1ed1ng ch\u00e1y NFPA, FCIA, UL, ASTM \u1ee8ng d\u1ee5ng s\u01a1n ch\u1ed1ng ch\u00e1y INCA DC309 S\u01a1n ph\u1ee7 ch\u1ed1ng\u2026","rel":"","context":"Similar post","block_context":{"text":"Similar post","link":""},"img":{"alt_text":"","src":"https:\/\/i0.wp.com\/tp-electric.vn\/wp-content\/uploads\/2023\/02\/dc309-cable-coating-cable-fire-barrier.jpg?resize=350%2C200&ssl=1","width":350,"height":200},"classes":[]}],"_links":{"self":[{"href":"https:\/\/tp-electric.vn\/index.php\/wp-json\/wp\/v2\/product\/3141"}],"collection":[{"href":"https:\/\/tp-electric.vn\/index.php\/wp-json\/wp\/v2\/product"}],"about":[{"href":"https:\/\/tp-electric.vn\/index.php\/wp-json\/wp\/v2\/types\/product"}],"replies":[{"embeddable":true,"href":"https:\/\/tp-electric.vn\/index.php\/wp-json\/wp\/v2\/comments?post=3141"}],"wp:featuredmedia":[{"embeddable":true,"href":"https:\/\/tp-electric.vn\/index.php\/wp-json\/wp\/v2\/media\/3143"}],"wp:attachment":[{"href":"https:\/\/tp-electric.vn\/index.php\/wp-json\/wp\/v2\/media?parent=3141"}],"wp:term":[{"taxonomy":"product_cat","embeddable":true,"href":"https:\/\/tp-electric.vn\/index.php\/wp-json\/wp\/v2\/product_cat?post=3141"},{"taxonomy":"product_tag","embeddable":true,"href":"https:\/\/tp-electric.vn\/index.php\/wp-json\/wp\/v2\/product_tag?post=3141"}],"curies":[{"name":"wp","href":"https:\/\/api.w.org\/{rel}","templated":true}]}}