{"id":3131,"date":"2023-02-14T15:06:59","date_gmt":"2023-02-14T08:06:59","guid":{"rendered":"https:\/\/tp-electric.vn\/?post_type=product&#038;p=3131"},"modified":"2024-12-12T15:10:22","modified_gmt":"2024-12-12T08:10:22","slug":"dat-set-ngan-chay-ssp-intumescent-firestop-putty","status":"publish","type":"product","link":"https:\/\/tp-electric.vn\/index.php\/san-pham\/dat-set-ngan-chay-ssp-intumescent-firestop-putty\/","title":{"rendered":"\u0110\u1ea4T S\u00c9T NG\u0102N CH\u00c1Y SSP INTUMESCENT FIRESTOP PUTTY"},"content":{"rendered":"<h2>Product Description<\/h2>\n<h1>\u0110\u1ea5t s\u00e9t ng\u0103n ch\u00e1y SSP INTUMESCENT FIRESTOP PUTTY<\/h1>\n<p><em><strong>\u0110\u1ea5t s\u00e9t ch\u1ed1ng ch\u00e1y- \u0111\u1ea5t s\u00e9t ng\u0103n ch\u00e1y<\/strong><\/em>\u00a0l\u00e0 s\u1ea3n ph\u1ea9m \u00a0kh\u00f4ng th\u1ec3 thi\u1ebfu cho ph\u00f2ng ch\u1ed1ng chay lan trong tr\u01b0\u1eddng h\u1ee3p h\u1ecfa ho\u1ea1n.<\/p>\n<h2>\u1ee8ng D\u1ee5ng c\u1ee7a \u0111\u1ea5t s\u00e9t ng\u0103n ch\u00e1y:<\/h2>\n<p>trong c\u00e1c T\u00f2a Nh\u00e0, Nh\u00e0 X\u01b0\u1edfng, C\u00f4ng tr\u00ecnh tr\u1ea1m xe, METRO, t\u00e0u bi\u1ec3n,\u2026<\/p>\n<p>L\u1ed7 m\u1edf nh\u1ecf\u00a0\u0111\u1ebfn trung b\u00ecnh cho t\u1ea5t c\u1ea3 c\u00e1c lo\u1ea1i v\u1eadt li\u1ec7u n\u1ec1n nh\u01b0 b\u00ea t\u00f4ng, g\u1ea1ch, g\u1ed7.<br \/>\nC\u00e1p\u00a0\u0111\u01a1n ho\u1eb7c b\u00f3 c\u00e1p\u00a0\u0111i\u1ec7n l\u1ef1c, vi\u1ec5n th\u00f4ng,\u00a0data<br \/>\nC\u00e1c lo\u1ea1i\u00a0\u1ed1ng kim lo\u1ea1i<\/p>\n<p>B\u00edt khe h\u1edf xung quanh c\u00e1p \u0111i\u1ec7n\u2026<\/p>\n<p><img decoding=\"async\" loading=\"lazy\" class=\"alignnone size-full wp-image-3132\" src=\"https:\/\/i0.wp.com\/tp-electric.vn\/wp-content\/uploads\/2023\/02\/dat-set-ngan-chay-1-300x201-1.jpg?resize=300%2C201&#038;ssl=1\" alt=\"\" width=\"300\" height=\"201\" data-recalc-dims=\"1\" \/><\/p>\n<p>&nbsp;<\/p>\n<blockquote><p><em>\u0111\u1ea5t s\u00e9t ng\u0103n ch\u00e1y<\/em><\/p><\/blockquote>\n<h2>Th\u00f4ng tin s\u1ea3n ph\u1ea9m\u00a0<em><strong>\u0111\u1ea5t s\u00e9t ng\u0103n ch\u00e1y<\/strong><\/em><\/h2>\n<ul>\n<li>N\u01b0\u1edbc sx: M\u1ef9<\/li>\n<li>Th\u1eddi gian ch\u1ed1ng ch\u00e1y: 4h<\/li>\n<li>Ti\u00eau chu\u1ea9n: UL, FM<\/li>\n<li>Tr\u1ecdng l\u01b0\u1ee3ng:\u00a0SSP100-2,3lbs<strong>,\u00a0<\/strong>SSP28-1,85lbsdat<\/li>\n<\/ul>\n<p><img decoding=\"async\" loading=\"lazy\" class=\"alignnone size-full wp-image-3137\" src=\"https:\/\/i0.wp.com\/tp-electric.vn\/wp-content\/uploads\/2023\/02\/dat-set-chong-chay-lan-o-dien-300x253-1.png?resize=300%2C253&#038;ssl=1\" alt=\"\" width=\"300\" height=\"253\" data-recalc-dims=\"1\" \/><img decoding=\"async\" loading=\"lazy\" class=\"alignnone  wp-image-3136\" src=\"https:\/\/i0.wp.com\/tp-electric.vn\/wp-content\/uploads\/2023\/02\/dat-set-chong-chay-day-dien.png?resize=333%2C251&#038;ssl=1\" alt=\"\" width=\"333\" height=\"251\" data-recalc-dims=\"1\" \/><\/p>\n<blockquote><p><em>\u0111\u1ea5t s\u00e9t ch\u1ed1ng ch\u00e1y lan \u1ed5 \u0111i\u1ec7n \u00a0 \u00a0 \u00a0 \u00a0 \u00a0 \u00a0 \u00a0 \u00a0 \u00a0 \u00a0\u0111\u1ea5t s\u00e9t ch\u1ed1ng ch\u00e1y cho d\u00e2y \u0111i\u1ec7n<\/em><\/p><\/blockquote>\n<p>&nbsp;<\/p>\n<h3>M\u00f4 t\u1ea3 s\u1ea3n ph\u1ea9m \u0111\u1ea5t s\u00e9t ng\u0103n ch\u00e1y<\/h3>\n<p>Kh\u00f4ng b\u1ecb c\u1ee9ng h\u00f3a v\u00e0 d\u1ec5 d\u00e0ng l\u1eafp\u00a0\u0111\u1eb7t<br \/>\nN\u1edf 2 l\u1ea7n<br \/>\n\u0110\u1ed9 b\u00e1m d\u00ednh cao<br \/>\nKh\u00f4ng ch\u1ecbu\u00a0\u1ea3nh h\u01b0\u1edfng c\u1ee7a m\u00f4i tr\u01b0\u1eddng th\u1eddi ti\u1ebft<br \/>\nKh\u00f4ng c\u1ea7n thi\u1ebft b\u1ecb chuy\u00ean d\u1ee5ng<br \/>\nCh\u1ee9ng ch\u1ec9 U\/L, FM<br \/>\nCh\u1ed1ng ch\u00e1y\u00a0\u0111\u1ebfn 3 gi\u1edd<\/p>\n<p>&nbsp;<\/p>\n<p><img decoding=\"async\" loading=\"lazy\" class=\"alignnone size-full wp-image-3135\" src=\"https:\/\/i0.wp.com\/tp-electric.vn\/wp-content\/uploads\/2023\/02\/dat-set-ngan-chay-300x176-1.jpg?resize=300%2C176&#038;ssl=1\" alt=\"\" width=\"300\" height=\"176\" data-recalc-dims=\"1\" \/> <img decoding=\"async\" loading=\"lazy\" class=\"alignnone size-full wp-image-3134\" src=\"https:\/\/i0.wp.com\/tp-electric.vn\/wp-content\/uploads\/2023\/02\/dat-set-chong-chay-2-300x253-1.png?resize=300%2C253&#038;ssl=1\" alt=\"\" width=\"300\" height=\"253\" data-recalc-dims=\"1\" \/><\/p>\n<blockquote><p><em><strong>\u0111\u1ea5t s\u00e9t ng\u0103n ch\u00e1y<\/strong><\/em><\/p>\n<p><img decoding=\"async\" loading=\"lazy\" class=\"alignnone size-full wp-image-3133\" src=\"https:\/\/i0.wp.com\/tp-electric.vn\/wp-content\/uploads\/2023\/02\/dat-set-ngan-chay-nhat-ban-300x176-1.jpg?resize=300%2C176&#038;ssl=1\" alt=\"\" width=\"300\" height=\"176\" data-recalc-dims=\"1\" \/><\/p>\n<p><em><strong>\u0111\u1ea5t s\u00e9t ng\u0103n ch\u00e1y Nh\u1eadt B\u1ea3n<\/strong><\/em><\/p><\/blockquote>\n","protected":false},"excerpt":{"rendered":"<p>Product Description \u0110\u1ea5t s\u00e9t ng\u0103n ch\u00e1y SSP INTUMESCENT FIRESTOP PUTTY \u0110\u1ea5t s\u00e9t ch\u1ed1ng ch\u00e1y- \u0111\u1ea5t s\u00e9t ng\u0103n ch\u00e1y\u00a0l\u00e0 s\u1ea3n ph\u1ea9m \u00a0kh\u00f4ng th\u1ec3 thi\u1ebfu cho ph\u00f2ng ch\u1ed1ng chay lan trong tr\u01b0\u1eddng h\u1ee3p h\u1ecfa ho\u1ea1n. \u1ee8ng D\u1ee5ng c\u1ee7a \u0111\u1ea5t s\u00e9t ng\u0103n ch\u00e1y: trong c\u00e1c T\u00f2a Nh\u00e0, Nh\u00e0 X\u01b0\u1edfng, C\u00f4ng tr\u00ecnh tr\u1ea1m xe, METRO, t\u00e0u bi\u1ec3n,\u2026 L\u1ed7 m\u1edf&#8230;<\/p>\n","protected":false},"featured_media":3136,"comment_status":"open","ping_status":"closed","template":"","meta":[],"product_cat":[226],"product_tag":[],"jetpack-related-posts":[{"id":3170,"url":"https:\/\/tp-electric.vn\/index.php\/san-pham\/dat-set-chong-chay-nitto-neoseal-b1\/","url_meta":{"origin":3131,"position":0},"title":"\u0110\u1ea4T S\u00c9T CH\u1ed0NG CH\u00c1Y NITTO NEOSEAL B1","author":"","date":"14\/02\/2023","format":false,"excerpt":"Nh\u00e0 s\u1ea3n xu\u1ea5t:\u00a0Nitto D\u00f2ng s\u1ea3n ph\u1ea9m: \u0110\u1ea5t s\u00e9t ch\u1ed1ng ch\u00e1y \u0110\u1ea5t s\u00e9t ch\u1ed1ng ch\u00e1y Nitto Neoseal B1 l\u00e0 lo\u1ea1i \u0111\u1ea5t s\u00e9t c\u00f3 t\u00e1c d\u1ee5ng ng\u0103n ch\u00e1y. Gi\u00fap b\u1ea3o v\u1ec7 hi\u1ec7u qu\u1ea3 t\u1ea1i c\u00e1c khu v\u1ef1c d\u1ec5 b\u1ecb ch\u00e1y Product Description 1.Gi\u1edbi thi\u1ec7u v\u1ec1\u00a0\u0110\u1ea5t s\u00e9t ch\u1ed1ng ch\u00e1y Nitto Neoseal B1 \u0110\u1ea5t\u2026","rel":"","context":"Similar post","block_context":{"text":"Similar post","link":""},"img":{"alt_text":"","src":"https:\/\/i0.wp.com\/tp-electric.vn\/wp-content\/uploads\/2023\/02\/Dat-set-B1.png?fit=464%2C376&ssl=1&resize=350%2C200","width":350,"height":200},"classes":[]},{"id":3062,"url":"https:\/\/tp-electric.vn\/index.php\/san-pham\/keo-ngan-chay-truong-no\/","url_meta":{"origin":3131,"position":1},"title":"KEO NG\u0102N CH\u00c1Y TR\u01af\u01a0NG N\u1ede","author":"","date":"14\/02\/2023","format":false,"excerpt":"Keo silicone ng\u0103n ch\u00e1y\u00a0tr\u01b0\u01a1ng n\u1edf LCI300 C\u00f3 graphite, c\u00f3 kh\u1ea3 n\u0103ng ng\u0103n ch\u00e1y \u0111\u1ebfn 4h, ch\u1ed1ng n\u01b0\u1edbc, kh\u00f3i v\u00e0 kh\u00ed \u0111\u1ed9c. \u00a0\u1ee8ng d\u1ee5ng c\u1ee7a keo ch\u1ed1ng ch\u00e1y lan LCI300 Tr\u00e1m\u00a0khe \/ l\u1ed7 xuy\u00ean\u00a0cho \u1ee9ng d\u1ee5ng c\u00e1p\u00a0\u0111i\u1ec7n Tr\u00e1m khe \/ l\u1ed7 xuy\u00ean\u00a0cho \u1ee9ng d\u1ee5ng b\u00f3 c\u00e1p, thang m\u00e1ng c\u00e1p\u00a0\u0111i\u1ec7n Tr\u00e1m khe\u2026","rel":"","context":"Similar post","block_context":{"text":"Similar post","link":""},"img":{"alt_text":"","src":"https:\/\/i0.wp.com\/tp-electric.vn\/wp-content\/uploads\/2023\/02\/LG-stilci300Nn.jpg?fit=300%2C411&ssl=1&resize=350%2C200","width":350,"height":200},"classes":[]},{"id":3084,"url":"https:\/\/tp-electric.vn\/index.php\/san-pham\/son-chong-chay-cho-cap-dien-sti-cs105\/","url_meta":{"origin":3131,"position":2},"title":"S\u01a0N CH\u1ed0NG CH\u00c1Y CHO C\u00c1P \u0110I\u1ec6N STI CS105","author":"","date":"14\/02\/2023","format":false,"excerpt":"S\u01a1n ch\u1ed1ng ch\u00e1y cho c\u00e1p \u0111i\u1ec7n STI CS105 V\u1eadt li\u1ec7u ph\u1ee7 l\u00ean c\u00e1p\u00a0\u0111i\u1ec7n \u0111\u1ea3m b\u1ea3o ch\u1ed1ng ch\u00e1y theo chi\u1ec1u d\u1ecdc c\u00e1p \u0111i\u1ec7n \u1ee8ng d\u1ee5ng s\u01a1n ch\u1ed1ng ch\u00e1y cho c\u00e1p \u0111i\u1ec7n: B\u1ea3o v\u1ec7 c\u00e1p, thang c\u00e1p v\u00e0 b\u00f3 c\u00e1p L\u0129nh v\u1ef1c \u1ee9ng d\u1ee5ng: Nh\u00e0 m\u00e1y l\u1ecdc d\u1ea7u, gi\u00e0n khoan, nh\u00e0 m\u00e1y\u00a0h\u00f3a\u2026","rel":"","context":"Similar post","block_context":{"text":"Similar post","link":""},"img":{"alt_text":"","src":"https:\/\/i0.wp.com\/tp-electric.vn\/wp-content\/uploads\/2023\/02\/son-chong-chay-cho-cap-600x450-1.jpg?resize=350%2C200&ssl=1","width":350,"height":200},"classes":[]},{"id":3104,"url":"https:\/\/tp-electric.vn\/index.php\/san-pham\/vua-ngan-chay-lan-hilti-cp-636\/","url_meta":{"origin":3131,"position":3},"title":"V\u1eeeA NG\u0102N CH\u00c1Y LAN HILTI CP 636","author":"","date":"14\/02\/2023","format":false,"excerpt":"Th\u01b0\u01a1ng hi\u1ec7u:Hilti Xu\u1ea5t x\u1ee9:\u0110\u1ee9c Tr\u1ecdng l\u01b0\u1ee3ng:20 Kg\/ 1 bao T\u1ef7 l\u1ec7 pha tr\u1ed9n:2.5 \/ 1 (V\u1eefa\/n\u01b0\u1edbc \u2013 theo kh\u1ed1i l\u01b0\u1ee3ng) C\u01b0\u1eddng \u0111\u1ed9 n\u00e9n 28 ng\u00e0y:2.9 N\/mm2 nhi\u1ec7t \u0111\u1ed9 thi c\u00f4ng:5 \u2013 8\u2103 C\u00f3 th\u1ec3 t\u00e1i s\u1eed d\u1ee5ng (v\u00e0 g\u1ee1 b\u1ecf):Kh\u00f4ng th\u1ec3 Th\u1eddi gian \u0111\u00f4ng k\u1ebft (x\u1ea5p x\u1ec9):10h Hi\u1ec7u su\u1ea5t ng\u0103n\u2026","rel":"","context":"Similar post","block_context":{"text":"Similar post","link":""},"img":{"alt_text":"","src":"https:\/\/i0.wp.com\/tp-electric.vn\/wp-content\/uploads\/2023\/02\/Thi-cong-vua-chong-chay-Hilti-CP-636-600x270-1.jpg?resize=350%2C200&ssl=1","width":350,"height":200},"classes":[]},{"id":3123,"url":"https:\/\/tp-electric.vn\/index.php\/san-pham\/son-chong-chay-inca-dc309\/","url_meta":{"origin":3131,"position":4},"title":"S\u01a0N CH\u1ed0NG CH\u00c1Y INCA DC309","author":"","date":"14\/02\/2023","format":false,"excerpt":"Product Description Gi\u1edbi thi\u1ec7u s\u01a1n ch\u1ed1ng ch\u00e1y INCA DC309 S\u01a1n ch\u1ed1ng ch\u00e1y INCA DC309 l\u00e0 s\u01a1n \u0111a d\u1ee5ng d\u00f9ng m\u1edbi ph\u1ee5c \u0111\u00edch ch\u1ed1ng ch\u00e1y. Th\u1eddi gian ng\u0103n ch\u00e1y 3h. S\u1ea3n ph\u1ea9m \u0111\u1ea1t ch\u1ee9ng ch\u1ec9 ch\u1ed1ng ch\u00e1y NFPA, FCIA, UL, ASTM \u1ee8ng d\u1ee5ng s\u01a1n ch\u1ed1ng ch\u00e1y INCA DC309 S\u01a1n ph\u1ee7 ch\u1ed1ng\u2026","rel":"","context":"Similar post","block_context":{"text":"Similar post","link":""},"img":{"alt_text":"","src":"https:\/\/i0.wp.com\/tp-electric.vn\/wp-content\/uploads\/2023\/02\/dc309-cable-coating-cable-fire-barrier.jpg?resize=350%2C200&ssl=1","width":350,"height":200},"classes":[]},{"id":3451,"url":"https:\/\/tp-electric.vn\/index.php\/san-pham\/cxv-dsta-fr-06-1kv-cxv-data-fr-06-1kv-cap-chong-chay-ruot-dong-giap-mica-cach-dien-xlpe-giap-bang-kim-loai-vo-pvc-fr\/","url_meta":{"origin":3131,"position":5},"title":"C\u00e1p ch\u1ed1ng ch\u00e1y Cadivi CXV\/DATA(DSTA)\/FR &#8211; 0,6\/1 kV","author":"","date":"01\/03\/2023","format":false,"excerpt":"Ti\u00eau chu\u1ea9n \u00e1p d\u1ee5ng: TCVN 5935-1 \/ IEC 60502-1 TCVN 6612 \/ IEC 60228 IEC 60331-21; IEC 60332-1,3 \u2022=BS 6387; BS 4066-1,3 T\u1ea2I CATALOGUE T\u1ea0I \u0110\u00c2Y","rel":"","context":"Similar post","block_context":{"text":"Similar post","link":""},"img":{"alt_text":"","src":"https:\/\/i0.wp.com\/daphaco.com\/wp-content\/uploads\/2022\/12\/CAU-TAO-CXV-DSTA-FR-2048x476-1.jpg?resize=350%2C200&ssl=1","width":350,"height":200,"srcset":"https:\/\/i0.wp.com\/daphaco.com\/wp-content\/uploads\/2022\/12\/CAU-TAO-CXV-DSTA-FR-2048x476-1.jpg?resize=350%2C200&ssl=1 1x, https:\/\/i0.wp.com\/daphaco.com\/wp-content\/uploads\/2022\/12\/CAU-TAO-CXV-DSTA-FR-2048x476-1.jpg?resize=700%2C400&ssl=1 2x, https:\/\/i0.wp.com\/daphaco.com\/wp-content\/uploads\/2022\/12\/CAU-TAO-CXV-DSTA-FR-2048x476-1.jpg?resize=1050%2C600&ssl=1 3x, https:\/\/i0.wp.com\/daphaco.com\/wp-content\/uploads\/2022\/12\/CAU-TAO-CXV-DSTA-FR-2048x476-1.jpg?resize=1400%2C800&ssl=1 4x"},"classes":[]}],"_links":{"self":[{"href":"https:\/\/tp-electric.vn\/index.php\/wp-json\/wp\/v2\/product\/3131"}],"collection":[{"href":"https:\/\/tp-electric.vn\/index.php\/wp-json\/wp\/v2\/product"}],"about":[{"href":"https:\/\/tp-electric.vn\/index.php\/wp-json\/wp\/v2\/types\/product"}],"replies":[{"embeddable":true,"href":"https:\/\/tp-electric.vn\/index.php\/wp-json\/wp\/v2\/comments?post=3131"}],"wp:featuredmedia":[{"embeddable":true,"href":"https:\/\/tp-electric.vn\/index.php\/wp-json\/wp\/v2\/media\/3136"}],"wp:attachment":[{"href":"https:\/\/tp-electric.vn\/index.php\/wp-json\/wp\/v2\/media?parent=3131"}],"wp:term":[{"taxonomy":"product_cat","embeddable":true,"href":"https:\/\/tp-electric.vn\/index.php\/wp-json\/wp\/v2\/product_cat?post=3131"},{"taxonomy":"product_tag","embeddable":true,"href":"https:\/\/tp-electric.vn\/index.php\/wp-json\/wp\/v2\/product_tag?post=3131"}],"curies":[{"name":"wp","href":"https:\/\/api.w.org\/{rel}","templated":true}]}}