{"id":3128,"date":"2023-02-14T14:59:16","date_gmt":"2023-02-14T07:59:16","guid":{"rendered":"https:\/\/tp-electric.vn\/?post_type=product&#038;p=3128"},"modified":"2024-12-12T15:10:22","modified_gmt":"2024-12-12T08:10:22","slug":"keo-silicon-chong-chay-charcoat-es","status":"publish","type":"product","link":"https:\/\/tp-electric.vn\/index.php\/san-pham\/keo-silicon-chong-chay-charcoat-es\/","title":{"rendered":"KEO SILICON CH\u1ed0NG CH\u00c1Y CHARCOAT ES"},"content":{"rendered":"<ul class=\"attribute-single number-one\">\n<li><span style=\"font-size: 105%;\"><span class=\"left\">H\u00e3ng s\u1ea3n xu\u1ea5t:<\/span><span class=\"right\">Charcoat<\/span><\/span><\/li>\n<li><span style=\"font-size: 105%;\"><span class=\"left\">Xu\u1ea5t x\u1ee9:<\/span><span class=\"right\">M\u1ef9<\/span><\/span><\/li>\n<li><span style=\"font-size: 105%;\"><span class=\"left\">Kh\u1ea3 n\u0103ng ch\u1ed1ng ch\u00e1y:<\/span><span class=\"right\">Tr\u00ean 4 gi\u1edd ki\u1ec3m \u0111\u1ecbnh<\/span><\/span><\/li>\n<li><span style=\"font-size: 105%;\"><span class=\"left\">Kh\u1ea3 n\u0103ng \u0111\u00e0n h\u1ed3i:<\/span><span class=\"right\">7.5%<\/span><\/span><\/li>\n<li><span style=\"font-size: 105%;\"><span class=\"left\">H\u1ea1n s\u1eed d\u1ee5ng:<\/span><span class=\"right\">18 th\u00e1ng<\/span><\/span><\/li>\n<\/ul>\n<h2><span style=\"font-size: 105%;\">Product Description<\/span><\/h2>\n<p><span style=\"font-size: 105%;\"><strong>Keo silicon ch\u1ed1ng ch\u00e1y CharCoat\u00a0Elastomeric Sealant (ES)<\/strong>\u00a0\u00a0\u0111\u01b0\u1ee3c nghi\u00ean c\u1ee9u \u0111\u1ec3 ng\u0103n ch\u1eb7n s\u1ef1 lan r\u1ed9ng c\u1ee7a l\u1eeda, kh\u00f3i v\u00e0 l\u1eeda qua c\u00e1c khe h\u1edf tr\u00ean t\u01b0\u1eddng v\u00e0 s\u00e0n ch\u1ecbu l\u1eeda, \u0111\u1eb7c bi\u1ec7t l\u00e0 c\u00e1c m\u1ed1i n\u1ed1i tuy\u1ebfn t\u00ednh v\u00e0 khe h\u1edf cho c\u00e1c l\u1ed7 lu\u1ed3n c\u00e1p.\u00a0CharCoat ES n\u00ean \u0111\u01b0\u1ee3c thi c\u00f4ng tr\u00ean c\u00e1c v\u1eadt li\u1ec7u l\u00f3t th\u00edch h\u1ee3p \u0111\u1ec3 \u0111\u1ea3m b\u1ea3o t\u1ef7 l\u1ec7 chi\u1ec1u r\u1ed9ng v\u00e0 chi\u1ec1u s\u00e2u ch\u00ednh x\u00e1c v\u00e0 gi\u1ea3m co ng\u00f3t c\u1ee7a m\u1ed1i n\u1ed1i trong qu\u00e1 tr\u00ecnh \u0111\u00f4ng c\u1ee9ng.\u00a0\u1ede nh\u1eefng khu v\u1ef1c c\u00f3 \u0111\u1ed9 \u1ea9m cao v\u00e0\/ho\u1eb7c \u1edf c\u00e1c m\u1ed1i n\u1ed1i di chuy\u1ec3n nhi\u1ec1u, h\u00e3y s\u1eed d\u1ee5ng Keo d\u00e1n CharCoat PS.\u00a0CharCoat ES l\u00e0 keo tr\u01b0\u01a1ng n\u1edf \u0111\u1ecbnh m\u1ee9c 4 gi\u1edd \u0111\u01b0\u1ee3c pha ch\u1ebf v\u1edbi ch\u1ea5t \u0111\u1ed9n gi\u00fap gi\u1ea3m ti\u1ebfng \u1ed3n.<\/span><\/p>\n<p><span style=\"font-size: 105%;\">CharCoat ES \u0111\u00f4ng c\u1ee9ng khi ti\u1ebfp x\u00fac v\u1edbi \u0111i\u1ec1u ki\u1ec7n kh\u00f4ng kh\u00ed, tuy nhi\u00ean, n\u00f3 s\u1ebd gi\u1eef l\u1ea1i m\u1ed9t m\u1ee9c \u0111\u1ed9 \u0111\u00e0n h\u1ed3i nh\u1ea5t \u0111\u1ecbnh.\u00a0Khi ti\u1ebfp x\u00fac v\u1edbi l\u1eeda, CharCoat ES t\u1ea1o ra m\u1ed9t l\u1edbp ch\u1ed1ng ch\u00e1y m\u1ea1nh m\u1ebd b\u1eb1ng c\u00e1ch h\u00ecnh th\u00e0nh m\u1ed9t l\u1edbp than ph\u1ed3ng b\u1ec1n.<\/span><\/p>\n<p><span style=\"font-size: 105%;\">CharCoat ES \u0111\u00e3 tr\u1ea3i qua c\u00e1c th\u1eed nghi\u1ec7m theo BS476: Ph\u1ea7n 20:1987 v\u00e0 BSEN1366-3 v\u1edbi c\u00e1c h\u01b0\u1edbng d\u1eabn b\u1ed5 sung t\u1eeb BSEN1366-4 \u0111\u1ed1i v\u1edbi c\u00e1c m\u1ed1i n\u1ed1i ch\u1ed1ng ch\u00e1y v\u00e0 th\u1eed nghi\u1ec7m theo BS EN ISO 140-3:1995 \u0111\u1ed1i v\u1edbi hi\u1ec7u su\u1ea5t c\u00e1ch \u00e2m.<\/span><\/p>\n<p><span style=\"font-size: 105%;\"><img decoding=\"async\" loading=\"lazy\" class=\"aligncenter\" src=\"https:\/\/i0.wp.com\/www.charcoat.com\/wp-content\/uploads\/2019\/06\/EU-Approval-logos-1024x240.png?resize=447%2C105&#038;ssl=1\" alt=\"EN1366 c\u1ee7a ULeu\" width=\"447\" height=\"105\" data-recalc-dims=\"1\" \/><\/span><\/p>\n<h3><span style=\"font-size: 105%;\">\u01afu \u0111i\u1ec3m n\u1ed5i b\u1eadt c\u1ee7a keo ch\u1ed1ng ch\u00e1y Charcoat ES<\/span><\/h3>\n<ul>\n<li><span style=\"font-size: 105%;\">Ch\u1ed1ng ch\u00e1y \u1edf c\u1ea3 m\u1ed1i n\u1ed1i ngang v\u00e0 d\u1ecdc<\/span><\/li>\n<li><span style=\"font-size: 105%;\">Kh\u00f4ng c\u1ea7n s\u01a1n l\u00f3t cho h\u1ea7u h\u1ebft c\u00e1c ch\u1ea5t n\u1ec1n x\u00e2y d\u1ef1ng<\/span><\/li>\n<li><span style=\"font-size: 105%;\">Kh\u1ea3 n\u0103ng \u0111\u00e0n h\u1ed3i 7,5%<\/span><\/li>\n<li><span style=\"font-size: 105%;\">\u0110\u1ec3 s\u1eed d\u1ee5ng trong c\u00e1c m\u1ed1i n\u1ed1i r\u1ed9ng t\u1edbi 50 mm<\/span><\/li>\n<li><span style=\"font-size: 105%;\">Kh\u1ea3 n\u0103ng ch\u1ed1ng s\u1ee5t tuy\u1ec7t v\u1eddi<\/span><\/li>\n<li><span style=\"font-size: 105%;\">H\u1ea1n s\u1eed d\u1ee5ng 18 th\u00e1ng<\/span><\/li>\n<li><span style=\"font-size: 105%;\">X\u1eed l\u00fd nhanh \u2013 kh\u00f4ng d\u00ednh ch\u1ec9 trong v\u00f2ng m\u1ed9t gi\u1edd<\/span><\/li>\n<li><span style=\"font-size: 105%;\">D\u1ec5 d\u00e0ng thi c\u00f4ng, d\u1ee5ng c\u1ee5 thi c\u00f4ng \u0111\u01a1n gi\u1ea3n<\/span><\/li>\n<li><span style=\"font-size: 105%;\">Kh\u00f4ng ch\u1ee9a halogen<\/span><\/li>\n<li><span style=\"font-size: 105%;\">S\u01a1n \u0111\u01b0\u1ee3c tr\u1ef1c ti\u1ebfp tr\u00ean b\u1ec1 m\u1eb7t kh\u00f4ng c\u1ea7n s\u01a1n l\u00f3t<\/span><\/li>\n<li><span style=\"font-size: 105%;\">\u0110\u1ed9 b\u00e1m d\u00ednh tuy\u1ec7t v\u1eddi v\u1edbi h\u1ea7u h\u1ebft c\u00e1c ch\u1ea5t n\u1ec1n x\u00e2y d\u1ef1ng ph\u1ed5 bi\u1ebfn<\/span><\/li>\n<li><span style=\"font-size: 105%;\">Gi\u1ea3m truy\u1ec1n \u00e2m thanh, ti\u1ebfng \u1ed3n<\/span><\/li>\n<\/ul>\n<h4><span style=\"font-size: 105%;\"><strong>Thi c\u00f4ng tr\u00e1m c\u00e1c khe h\u1edf, tr\u00e1m c\u1ed5 \u1ed1ng<\/strong><\/span><\/h4>\n<p><span style=\"font-size: 105%;\">\u2013 B\u01b0\u1edbc 1: V\u1ec7 sinh s\u1ea1ch c\u00e1c khe h\u1edf, l\u1ed7 m\u1edf<\/span><\/p>\n<p><span style=\"font-size: 105%;\">\u2013 B\u01b0\u1edbc 2: Tr\u00e8n v\u1eadt li\u1ec7u \u0111\u1ec7m, v\u1eadt li\u1ec7u n\u1ec1n<\/span><\/p>\n<p><span style=\"font-size: 105%;\">\u2013 B\u01b0\u1edbc 3: B\u01a1m\u00a0<strong>Keo Silicone ch\u00f4\u0301ng cha\u0301y Charcoat ES<\/strong><\/span><\/p>\n<p><span style=\"font-size: 105%;\">\u2013 B\u01b0\u1edbc 4: D\u00f9ng c\u00e1c d\u1ee5ng c\u1ee5 chuy\u00ean d\u1ee5ng l\u00e0m ph\u1eb3ng khe<\/span><\/p>\n<p><iframe loading=\"lazy\" title=\"HOW TO install Hilti CP 670 coated boards - BS\" src=\"https:\/\/www.youtube.com\/embed\/JT55IzPHJt8?feature=oembed\" width=\"500\" height=\"281\" frameborder=\"0\" allowfullscreen=\"allowfullscreen\" data-mce-fragment=\"1\"><\/iframe><\/p>\n<p><span style=\"font-size: 105%;\"><strong><em>Video h\u01b0\u1edbng d\u1eabn s\u1eed d\u1ee5ng keo silicon ch\u1ed1ng ch\u00e1y\u00a0<\/em><\/strong><\/span><\/p>\n","protected":false},"excerpt":{"rendered":"<p>H\u00e3ng s\u1ea3n xu\u1ea5t:Charcoat Xu\u1ea5t x\u1ee9:M\u1ef9 Kh\u1ea3 n\u0103ng ch\u1ed1ng ch\u00e1y:Tr\u00ean 4 gi\u1edd ki\u1ec3m \u0111\u1ecbnh Kh\u1ea3 n\u0103ng \u0111\u00e0n h\u1ed3i:7.5% H\u1ea1n s\u1eed d\u1ee5ng:18 th\u00e1ng Product Description Keo silicon ch\u1ed1ng ch\u00e1y CharCoat\u00a0Elastomeric Sealant (ES)\u00a0\u00a0\u0111\u01b0\u1ee3c nghi\u00ean c\u1ee9u \u0111\u1ec3 ng\u0103n ch\u1eb7n s\u1ef1 lan r\u1ed9ng c\u1ee7a l\u1eeda, kh\u00f3i v\u00e0 l\u1eeda qua c\u00e1c khe h\u1edf tr\u00ean t\u01b0\u1eddng v\u00e0 s\u00e0n ch\u1ecbu l\u1eeda, \u0111\u1eb7c bi\u1ec7t&#8230;<\/p>\n","protected":false},"featured_media":3129,"comment_status":"open","ping_status":"closed","template":"","meta":[],"product_cat":[226],"product_tag":[],"jetpack-related-posts":[{"id":3099,"url":"https:\/\/tp-electric.vn\/index.php\/san-pham\/keo-silicon-chong-chay-hilti-cp-606\/","url_meta":{"origin":3128,"position":0},"title":"KEO SILICON CH\u1ed0NG CH\u00c1Y HILTI CP 606","author":"","date":"14\/02\/2023","format":false,"excerpt":"Th\u01b0\u01a1ng hi\u1ec7u:Hilti Xu\u1ea5t x\u1ee9:\u0110\u1ee9c \u0110\u00f3ng g\u00f3i:D\u1ea1ng tu\u00fdp Th\u1ec3 t\u00edch:310ml M\u00e0u s\u1eafc:Tr\u1eafng, x\u00e1m ho\u1eb7c \u0111\u1ecf Th\u00e0nh ph\u1ea7n:Acrylic g\u1ed1c n\u01b0\u1edbc Th\u1eddi gian kh\u00f4 x\u1ea5p x\u1ec9:3 ng\u00e0y Nhi\u1ec7t \u0111\u1ed9 thi c\u00f4ng:5-40 \u0111\u1ed9 C Co gi\u00e3n:\u0111a 12.5% Ti\u00eau chu\u1ea9n:UL 2079, ATSM E814, ATSM E1966, UL 1479, CAN\/UL-S115 Product Description Hilti CP606 l\u00e0 keo silicone\u2026","rel":"","context":"Similar post","block_context":{"text":"Similar post","link":""},"img":{"alt_text":"","src":"https:\/\/i0.wp.com\/tp-electric.vn\/wp-content\/uploads\/2023\/02\/21456b94a07b381845da2ba7fc0ce948.jpg?fit=640%2C640&ssl=1&resize=350%2C200","width":350,"height":200},"classes":[]},{"id":3062,"url":"https:\/\/tp-electric.vn\/index.php\/san-pham\/keo-ngan-chay-truong-no\/","url_meta":{"origin":3128,"position":1},"title":"KEO NG\u0102N CH\u00c1Y TR\u01af\u01a0NG N\u1ede","author":"","date":"14\/02\/2023","format":false,"excerpt":"Keo silicone ng\u0103n ch\u00e1y\u00a0tr\u01b0\u01a1ng n\u1edf LCI300 C\u00f3 graphite, c\u00f3 kh\u1ea3 n\u0103ng ng\u0103n ch\u00e1y \u0111\u1ebfn 4h, ch\u1ed1ng n\u01b0\u1edbc, kh\u00f3i v\u00e0 kh\u00ed \u0111\u1ed9c. \u00a0\u1ee8ng d\u1ee5ng c\u1ee7a keo ch\u1ed1ng ch\u00e1y lan LCI300 Tr\u00e1m\u00a0khe \/ l\u1ed7 xuy\u00ean\u00a0cho \u1ee9ng d\u1ee5ng c\u00e1p\u00a0\u0111i\u1ec7n Tr\u00e1m khe \/ l\u1ed7 xuy\u00ean\u00a0cho \u1ee9ng d\u1ee5ng b\u00f3 c\u00e1p, thang m\u00e1ng c\u00e1p\u00a0\u0111i\u1ec7n Tr\u00e1m khe\u2026","rel":"","context":"Similar post","block_context":{"text":"Similar post","link":""},"img":{"alt_text":"","src":"https:\/\/i0.wp.com\/tp-electric.vn\/wp-content\/uploads\/2023\/02\/LG-stilci300Nn.jpg?fit=300%2C411&ssl=1&resize=350%2C200","width":350,"height":200},"classes":[]},{"id":3115,"url":"https:\/\/tp-electric.vn\/index.php\/san-pham\/vua-chong-chay-charcoat-fm\/","url_meta":{"origin":3128,"position":2},"title":"V\u1eeeA CH\u1ed0NG CH\u00c1Y CHARCOAT FM","author":"","date":"14\/02\/2023","format":false,"excerpt":"Lo\u1ea1i s\u1ea3n ph\u1ea9m:V\u1eefa tr\u1ed9n s\u1eb5n T\u1ef7 l\u1ec7 tr\u1ed9n:2:1 M\u00e0u s\u1eafc:Tr\u1eafng ng\u00e0 Tr\u1ecdng l\u01b0\u1ee3ng:15 Kg\/bao (20 l\u00edt) Tr\u1ecdng l\u01b0\u1ee3ng ri\u00eang:900Kg\/m3 Th\u1eddi gian \u0111\u00f4ng c\u1ee9ng:d\u01b0\u1edbi 1 gi\u1edd Th\u1eddi gian \u0111\u00f4ng c\u1ee9ng ho\u00e0n to\u00e0n:T\u1ed1i \u0111a l\u00ean t\u1edbi 30 ng\u00e0y H\u1ea1n s\u1eed d\u1ee5ng:3 n\u0103m k\u1ec3 t\u1eeb ng\u00e0y s\u1ea3n xu\u1ea5t Product Description V\u1eefa ch\u1ed1ng ch\u00e1y\u2026","rel":"","context":"Similar post","block_context":{"text":"Similar post","link":""},"img":{"alt_text":"","src":"https:\/\/i0.wp.com\/tp-electric.vn\/wp-content\/uploads\/2023\/02\/CharCoat-FM-Mortar-front-923x1024-1.png?fit=923%2C1024&ssl=1&resize=350%2C200","width":350,"height":200,"srcset":"https:\/\/i0.wp.com\/tp-electric.vn\/wp-content\/uploads\/2023\/02\/CharCoat-FM-Mortar-front-923x1024-1.png?fit=923%2C1024&ssl=1&resize=350%2C200 1x, https:\/\/i0.wp.com\/tp-electric.vn\/wp-content\/uploads\/2023\/02\/CharCoat-FM-Mortar-front-923x1024-1.png?fit=923%2C1024&ssl=1&resize=700%2C400 2x"},"classes":[]},{"id":3202,"url":"https:\/\/tp-electric.vn\/index.php\/san-pham\/vua-chong-chay-cho-thep-esscoat-isolatek\/","url_meta":{"origin":3128,"position":3},"title":"V\u1eeeA CH\u1ed0NG CH\u00c1Y CHO TH\u00c9P ESSCOAT &#8211; ISOLATEK","author":"","date":"14\/02\/2023","format":false,"excerpt":"Product Description V\u1eefa ch\u1ed1ng ch\u00e1y cho k\u1ebft c\u1ea5u th\u00e9p V\u1eefa ch\u1ed1ng ch\u00e1y ESSCOAT: N\u01b0\u1edbc SX H\u00e0n Qu\u1ed1c, bao 18kg, ti\u00eau chu\u1ea9n UL, kh\u1ea3 n\u0103ng ng\u0103n ch\u00e1y 4 gi\u1edd V\u1eefa ch\u1ed1ng ch\u00e1y ISOLATEK: N\u01b0\u1edbc SX M\u1ef9, Ti\u00eau chu\u1ea9n UL, FM, BS V\u1eefa ch\u1ed1ng ch\u00e1y cho k\u1ebft c\u1ea5u th\u00e9p V\u1eefa ch\u1ed1ng ch\u00e1y\u2026","rel":"","context":"Similar post","block_context":{"text":"Similar post","link":""},"img":{"alt_text":"","src":"https:\/\/i0.wp.com\/tp-electric.vn\/wp-content\/uploads\/2023\/02\/fireproofing-768x432-1.jpg?resize=350%2C200&ssl=1","width":350,"height":200,"srcset":"https:\/\/i0.wp.com\/tp-electric.vn\/wp-content\/uploads\/2023\/02\/fireproofing-768x432-1.jpg?resize=350%2C200&ssl=1 1x, https:\/\/i0.wp.com\/tp-electric.vn\/wp-content\/uploads\/2023\/02\/fireproofing-768x432-1.jpg?resize=700%2C400&ssl=1 2x"},"classes":[]},{"id":3141,"url":"https:\/\/tp-electric.vn\/index.php\/san-pham\/vua-chong-chay-sti-ssm-firestop-mortar\/","url_meta":{"origin":3128,"position":4},"title":"V\u1eeeA CH\u1ed0NG CH\u00c1Y STI SSM FIRESTOP MORTAR","author":"","date":"14\/02\/2023","format":false,"excerpt":"Product Description \u00a0 V\u1eefa ch\u1ed1ng ch\u00e1y STI SSM Firestop Mortar Th\u00f4ng tin s\u1ea3n ph\u1ea9m N\u01b0\u1edbc sx: M\u1ef9 Th\u1eddi gian ng\u0103n ch\u00e1y: 4h Ti\u00eau chu\u1ea9n: UL, FM Tr\u1ecdng l\u01b0\u1ee3ng: 10kg \u1ee8ng d\u1ee5ng c\u1ee7a v\u1eefa ch\u1ed1ng ch\u00e1y B\u00edt l\u1ed7 m\u1edf l\u1edbn \u00a0 C\u00e1c \u0111\u1eb7c t\u00ednh v\u00e0 t\u00ednh ch\u1ea5t v\u1eefa ch\u1ed1ng ch\u00e1y: \u2013\u2026","rel":"","context":"Similar post","block_context":{"text":"Similar post","link":""},"img":{"alt_text":"","src":"https:\/\/i0.wp.com\/tp-electric.vn\/wp-content\/uploads\/2023\/02\/ssm-slider-2.jpg?fit=800%2C800&ssl=1&resize=350%2C200","width":350,"height":200,"srcset":"https:\/\/i0.wp.com\/tp-electric.vn\/wp-content\/uploads\/2023\/02\/ssm-slider-2.jpg?fit=800%2C800&ssl=1&resize=350%2C200 1x, https:\/\/i0.wp.com\/tp-electric.vn\/wp-content\/uploads\/2023\/02\/ssm-slider-2.jpg?fit=800%2C800&ssl=1&resize=700%2C400 2x"},"classes":[]},{"id":3502,"url":"https:\/\/tp-electric.vn\/index.php\/san-pham\/phich-cam-cong-nghiep\/","url_meta":{"origin":3128,"position":5},"title":"PH\u00cdCH C\u1eaeM C\u00d4NG NGHI\u1ec6P","author":"","date":"14\/04\/2023","format":false,"excerpt":"Ph\u00edch c\u1eafm di \u0111\u1ed9ng ch\u1ed1ng n\u01b0\u1edbc IP67 PK Schneider c\u00f3 thi\u1ebft k\u1ebf nh\u1ecf g\u1ecdn, tr\u1ecdng l\u01b0\u1ee3ng nh\u1eb9, \u0111\u1ed9 an to\u00e0n v\u00e0 kh\u1ea3 n\u0103ng c\u00e1ch \u0111i\u1ec7n cao. \u00a0\u01afU \u0110I\u1ec2M: Ch\u1ed1ng n\u01b0\u1edbc, b\u1ee5i b\u1ea9n \u0111\u1ea1t c\u1ea5p \u0111\u1ed9 IP67 S\u1ed1 c\u1ef1c t\u01b0\u01a1ng th\u00edch 2P+E, 3P+E, 4P+E Ch\u1ecbu m\u1ee9c d\u00f2ng \u0111i\u1ec7n 16A \u0111\u1ebfn 125A\u2026","rel":"","context":"Similar post","block_context":{"text":"Similar post","link":""},"img":{"alt_text":"","src":"https:\/\/i0.wp.com\/tp-electric.vn\/wp-content\/uploads\/2023\/04\/phich-cam-cong-nghiep.png?fit=300%2C300&ssl=1&resize=350%2C200","width":350,"height":200},"classes":[]}],"_links":{"self":[{"href":"https:\/\/tp-electric.vn\/index.php\/wp-json\/wp\/v2\/product\/3128"}],"collection":[{"href":"https:\/\/tp-electric.vn\/index.php\/wp-json\/wp\/v2\/product"}],"about":[{"href":"https:\/\/tp-electric.vn\/index.php\/wp-json\/wp\/v2\/types\/product"}],"replies":[{"embeddable":true,"href":"https:\/\/tp-electric.vn\/index.php\/wp-json\/wp\/v2\/comments?post=3128"}],"wp:featuredmedia":[{"embeddable":true,"href":"https:\/\/tp-electric.vn\/index.php\/wp-json\/wp\/v2\/media\/3129"}],"wp:attachment":[{"href":"https:\/\/tp-electric.vn\/index.php\/wp-json\/wp\/v2\/media?parent=3128"}],"wp:term":[{"taxonomy":"product_cat","embeddable":true,"href":"https:\/\/tp-electric.vn\/index.php\/wp-json\/wp\/v2\/product_cat?post=3128"},{"taxonomy":"product_tag","embeddable":true,"href":"https:\/\/tp-electric.vn\/index.php\/wp-json\/wp\/v2\/product_tag?post=3128"}],"curies":[{"name":"wp","href":"https:\/\/api.w.org\/{rel}","templated":true}]}}