{"id":3115,"date":"2023-02-14T14:45:01","date_gmt":"2023-02-14T07:45:01","guid":{"rendered":"https:\/\/tp-electric.vn\/?post_type=product&#038;p=3115"},"modified":"2024-12-12T15:10:22","modified_gmt":"2024-12-12T08:10:22","slug":"vua-chong-chay-charcoat-fm","status":"publish","type":"product","link":"https:\/\/tp-electric.vn\/index.php\/san-pham\/vua-chong-chay-charcoat-fm\/","title":{"rendered":"V\u1eeeA CH\u1ed0NG CH\u00c1Y CHARCOAT FM"},"content":{"rendered":"<ul class=\"attribute-single number-two\">\n<li><span style=\"font-size: 100%;\"><span class=\"left\">Lo\u1ea1i s\u1ea3n ph\u1ea9m:<\/span><span class=\"right\">V\u1eefa tr\u1ed9n s\u1eb5n<\/span><\/span><\/li>\n<li><span style=\"font-size: 100%;\"><span class=\"left\">T\u1ef7 l\u1ec7 tr\u1ed9n:<\/span><span class=\"right\">2:1<\/span><\/span><\/li>\n<li><span style=\"font-size: 100%;\"><span class=\"left\">M\u00e0u s\u1eafc:<\/span><span class=\"right\">Tr\u1eafng ng\u00e0<\/span><\/span><\/li>\n<li><span style=\"font-size: 100%;\"><span class=\"left\">Tr\u1ecdng l\u01b0\u1ee3ng:<\/span><span class=\"right\">15 Kg\/bao (20 l\u00edt)<\/span><\/span><\/li>\n<li><span style=\"font-size: 100%;\"><span class=\"left\">Tr\u1ecdng l\u01b0\u1ee3ng ri\u00eang:<\/span><span class=\"right\">900Kg\/m3<\/span><\/span><\/li>\n<li><span style=\"font-size: 100%;\"><span class=\"left\">Th\u1eddi gian \u0111\u00f4ng c\u1ee9ng:<\/span><span class=\"right\">d\u01b0\u1edbi 1 gi\u1edd<\/span><\/span><\/li>\n<li><span style=\"font-size: 100%;\"><span class=\"left\">Th\u1eddi gian \u0111\u00f4ng c\u1ee9ng ho\u00e0n to\u00e0n:<\/span><span class=\"right\">T\u1ed1i \u0111a l\u00ean t\u1edbi 30 ng\u00e0y<\/span><\/span><\/li>\n<li><span style=\"font-size: 100%;\"><span class=\"left\">H\u1ea1n s\u1eed d\u1ee5ng:<\/span><span class=\"right\">3 n\u0103m k\u1ec3 t\u1eeb ng\u00e0y s\u1ea3n xu\u1ea5t<\/span><\/span><\/li>\n<\/ul>\n<h2><span style=\"font-size: 100%;\">Product Description<\/span><\/h2>\n<h1><span style=\"font-size: 100%;\">V\u1eefa ch\u1ed1ng ch\u00e1y Charcoat FM<\/span><\/h1>\n<p><span style=\"font-size: 100%;\">V\u1eefa ch\u1ed1ng ch\u00e1y\u00a0<strong>Char<\/strong><strong>coat<\/strong><strong>\u00a0( FM)<\/strong>\u00a0l\u00e0 m\u1ed9t lo\u1ea1i b\u1ed9t kh\u00f4 m\u00e0u tr\u1eafng bao g\u1ed3m c\u00e1c h\u1ee3p ch\u1ea5t v\u00f4 c\u01a1 v\u00e0 \u0111\u00e1 tr\u00e2n ch\u00e2u.\u00a0Khi \u0111\u01b0\u1ee3c tr\u1ed9n v\u1edbi n\u01b0\u1edbc, c\u00e1c h\u1ee3p ch\u1ea5t n\u00e0y t\u1ea1o th\u00e0nh m\u1ed9t h\u1ee3p ch\u1ea5t ch\u1ed1ng ch\u00e1y c\u00f3 kh\u1ea3 n\u0103ng c\u00e1ch nhi\u1ec7t cao trong 4 gi\u1edd \u0111\u1ec3 ng\u0103n ch\u1eb7n s\u1ef1 lan r\u1ed9ng c\u1ee7a l\u1eeda v\u00e0 kh\u00f3i qua c\u00e1c khe h\u1edf tr\u00ean t\u01b0\u1eddng v\u00e0 s\u00e0n ch\u1ecbu l\u1eeda, bao g\u1ed3m c\u00e1c khe h\u1edf \u0111\u01b0\u1ee3c h\u00ecnh th\u00e0nh xung quanh c\u00e1c l\u1ed7 h\u1ed5ng c\u1ee7a c\u00f4ng tr\u00ecnh.\u00a0CharCoat FM c\u0169ng duy tr\u00ec hi\u1ec7u su\u1ea5t c\u00e1ch \u00e2m tr\u00ean t\u01b0\u1eddng v\u00e0 s\u00e0n nh\u00e0.<\/span><\/p>\n<p><span style=\"font-size: 100%;\">Charcoat FM gi\u00e3n n\u1edf kho\u1ea3ng 1% \u0111\u1ea3m b\u1ea3o b\u1ecbt k\u00edn r\u1ea5t ch\u1eb7t xung quanh c\u00e1c l\u1ed7 xuy\u00ean s\u00e0n, t\u01b0\u1eddng Charcoat FM d\u1ec5 ch\u00e0 nh\u00e1m ho\u1eb7c khoan.\u00a0H\u1ee3p ch\u1ea5t kh\u00f4 th\u00e0nh m\u00e0u tr\u1eafng nh\u1ea1t c\u00f3 th\u1ec3 \u0111\u01b0\u1ee3c s\u01a1n.<\/span><\/p>\n<p><span style=\"font-size: 100%;\">CharCoat FM c\u0169ng s\u1ebd duy tr\u00ec hi\u1ec7u su\u1ea5t thi\u1ebft k\u1ebf c\u00e1ch \u00e2m tr\u00ean t\u01b0\u1eddng v\u00e0 s\u00e0n nh\u00e0.\u00a0Charcoat FM c\u00f3 c\u00e1c \u0111\u1eb7c t\u00ednh c\u01b0\u1eddng \u0111\u1ed9 v\u00e0 \u0111\u1ed9 b\u00e1m d\u00ednh tuy\u1ec7t v\u1eddi v\u1edbi th\u1eed nghi\u1ec7m t\u00e1c \u0111\u1ed9ng v\u00e0 kh\u1ea3 n\u0103ng ch\u1ecbu t\u1ea3i l\u00ean \u0111\u1ebfn 15 kN t\u1ea3i tr\u1ecdng t\u1eadp trung v\u00e0 kh\u1ea3 n\u0103ng s\u1eed d\u1ee5ng 500 Nm<\/span><\/p>\n<h2><span style=\"font-size: 100%;\"><strong>\u01afu \u0111i\u1ec3m c\u1ea3u v\u1eefa ch\u1ed1ng ch\u00e1y Charcoat<\/strong>\u00a0<strong>FM<\/strong>\u00a0:<\/span><\/h2>\n<ul>\n<li><span style=\"font-size: 100%;\">L\u00ean \u0111\u1ebfn 4 gi\u1edd X\u1ebfp h\u1ea1ng ch\u1ed1ng ch\u00e1y (EI1240 | E240)<\/span><\/li>\n<li><span style=\"font-size: 100%;\">\u0110\u01b0\u1ee3c ph\u00e2n lo\u1ea1i trong c\u00e1c b\u1ee9c t\u01b0\u1eddng v\u00e0 s\u00e0n nh\u00e0 b\u1eb1ng b\u00ea t\u00f4ng, g\u1ea1ch, th\u1ea1ch cao, v.v.<\/span><\/li>\n<li><span style=\"font-size: 100%;\">Th\u00edch h\u1ee3p cho c\u00e1c lo\u1ea1i c\u00e1p, c\u00e1p b\u00f3, gi\u00e1 \u0111\u1ee1 c\u00e1p, m\u00e1ng c\u00e1p, th\u00e9p, \u0111\u1ed3ng, alupex, \u1ed1ng nh\u1ef1a v\u00e0 \u1ed1ng th\u00f4ng gi\u00f3<\/span><\/li>\n<li><span style=\"font-size: 100%;\">Thi c\u00f4ng \u0111\u01a1n gi\u1ea3n, b\u1ec1 m\u1eb7t v\u00ed tr\u00ed thi c\u00f4ng ph\u1eb3ng, m\u1ecbn.<\/span><\/li>\n<li><span style=\"font-size: 100%;\">Kh\u00f4ng ch\u1ee9a c\u00e1c th\u00e0nh ph\u1ea7n \u0111\u1ed9c h\u1ea1i<\/span><\/li>\n<li><span style=\"font-size: 100%;\">\u0110\u1ed9 b\u1ec1n c\u01a1 h\u1ecdc cao;\u00a0 c\u00f3 th\u1ec3 ch\u1ecbu t\u1ea3i m\u00e0 kh\u00f4ng c\u1ea7n gia c\u1ed1<\/span><\/li>\n<li><span style=\"font-size: 100%;\">Kh\u00f4ng c\u1ea7n s\u01a1n l\u00f3t tr\u01b0\u1edbc khi thi c\u00f4ng tr\u00ean h\u1ea7u h\u1ebft c\u00e1c ch\u1ea5t n\u1ec1n v\u1eadt li\u1ec7u x\u00e2y d\u1ef1ng, tuy nhi\u00ean v\u1edbi c\u00e1c b\u1ec1 m\u1eb7t kim lo\u1ea1i ti\u1ebfp x\u00fac v\u1edbiv\u1eefa ph\u1ea3i \u0111\u01b0\u1ee3c b\u1ea3o v\u1ec7 ch\u1ed1ng \u0103n m\u00f2n<\/span><\/li>\n<li><span style=\"font-size: 100%;\">Th\u00edch h\u1ee3p cho h\u1ea7u h\u1ebft c\u00e1c b\u1ec1 m\u1eb7t, bao g\u1ed3m b\u00ea t\u00f4ng, g\u1ea1ch, Leca, th\u00e9p, nh\u1ef1a, v.v.<\/span><\/li>\n<li><span style=\"font-size: 100%;\">S\u1ea3n ph\u1ea9m \u0111\u01b0\u1ee3c ch\u1ee9ng nh\u1eadn s\u1eed d\u1ee5ng cho t\u01b0\u1eddng v\u00e0 s\u00e0n<\/span><\/li>\n<li><span style=\"font-size: 100%;\">Th\u1eddi gian thi c\u00f4ng nhanh ch\u1ec9 trong v\u00f2ng 1 gi\u1edd<\/span><\/li>\n<li><span style=\"font-size: 100%;\">Th\u00f4ng s\u1ed1 k\u1ef9 thu\u1eadt v\u1ec1 hi\u1ec7u su\u1ea5t ch\u1ed1ng ch\u00e1y c\u1ee7a h\u1ee3p ch\u1ea5t \u0111\u00e3 \u0111\u01b0\u1ee3c x\u00e1c \u0111\u1ecbnh khi v\u1ecb v\u1eefa thi c\u00f4ng \u0111\u00e3 \u0111\u01b0\u1ee3c \u0111\u1ec3 kh\u00f4 trong 1 th\u00e1ng<\/span><\/li>\n<li><span style=\"font-size: 100%;\">Th\u1eddi gian s\u1eed d\u1ee5ng d\u00e0i: 3 n\u0103m k\u1ec3 t\u1eeb ng\u00e0y s\u1ea3n xu\u1ea5t<\/span><\/li>\n<\/ul>\n<h3><span style=\"font-size: 100%;\">Quy tr\u00ecnh thi c\u00f4ng v\u1eefa ng\u0103n ch\u00e1y lan Charcoat FM<\/span><\/h3>\n<p><span style=\"font-size: 100%;\">B\u01b0\u1edbc 1. V\u1ec7 sinh l\u1ed7 m\u1edf, l\u00e0m \u01b0\u1edbt c\u00e1c b\u1ec1 m\u1eb7t.<\/span><\/p>\n<p><span style=\"font-size: 100%;\">B\u01b0\u1edbc 2. Tr\u1ed9n v\u1eefa ng\u0103n ch\u00e1y lan\u00a0 (b\u1eb1ng c\u00e1ch cho v\u1eefa v\u00e0o n\u01b0\u1edbc)<\/span><\/p>\n<p><span style=\"font-size: 100%;\">B\u01b0\u1edbc 3. Tr\u00e1t v\u1eefa v\u00e0o v\u1ecb tr\u00ed thi c\u00f4ng<\/span><\/p>\n<p><span style=\"font-size: 100%;\">B\u01b0\u1edbc 4. T\u00f9y ch\u1ecdn: ch\u00e8n g\u1ea1ch ch\u1ed1ng ch\u00e1y v\u00e0o n\u1ebfu c\u1ea7n thay c\u00e1p trong t\u01b0\u01a1ng lai<\/span><\/p>\n<p><span style=\"font-size: 100%;\">B\u01b0\u1edbc 5. D\u00e1n nh\u00e3n thi c\u00f4ng v\u00e0o v\u1ecb tr\u00ed (n\u1ebfu c\u1ea7n)<\/span><\/p>\n<p><span style=\"font-size: 100%;\">B\u01b0\u1edbc 6. Thi c\u00f4ng l\u1ea1i: \u0111\u1eb7t c\u00e1c s\u1ee3i c\u00e1p v\u00e0o v\u00e0 l\u00e0m k\u00edn ph\u1ea7n c\u00f2n l\u1ea1i c\u1ee7a l\u1ed7 m\u1edf<\/span><\/p>\n<p><iframe loading=\"lazy\" title=\"HOW TO USE Hilti Brandschutzm\u00f6rtel CP 636 - Montagevideo\" src=\"https:\/\/www.youtube.com\/embed\/lswZ_RYyk78?feature=oembed\" width=\"500\" height=\"281\" frameborder=\"0\" allowfullscreen=\"allowfullscreen\" data-mce-fragment=\"1\"><\/iframe><\/p>\n<h4><span style=\"font-size: 100%;\">Video h\u01b0\u1edbng d\u1eabn chi ti\u1ebft c\u00e1ch thi c\u00f4ng s\u1ea3n ph\u1ea9m v\u1eefa ch\u1ed1ng ch\u00e1y<\/span><\/h4>\n<h3><span style=\"font-size: 100%;\">Th\u00f4ng s\u1ed1 k\u1ef9 thu\u1eadt<\/span><\/h3>\n<table>\n<tbody>\n<tr>\n<td><span style=\"font-size: 100%;\">\u0110i\u1ec1u ki\u1ec7n, tr\u1ea1ng th\u00e1i<\/span><\/td>\n<td><span style=\"font-size: 100%;\">V\u1eefa ch\u1ed1ng ch\u00e1y tr\u1ed9n s\u1eb5n h\u00f2a tr\u1ed9n v\u1edbi n\u01b0\u1edbc theo t\u1ef7 l\u1ec7<\/span><\/td>\n<\/tr>\n<tr>\n<td><span style=\"font-size: 100%;\">M\u1ee9c ti\u00eau th\u1ee5 s\u1ea3n ph\u1ea9m \u1edf t\u1ef7 l\u1ec7 tr\u1ed9n 2:1<\/span><\/td>\n<td><span style=\"font-size: 100%;\">X\u1ea5p x\u1ec9 3.42 bao\/ 1 m2 t\u01b0\u1eddng,s\u00e0n v\u1edbi chi\u1ec1u d\u00e0y 50mm\u00a0<\/span><\/p>\n<p><span style=\"font-size: 100%;\">X\u1ea5p x\u1ec9 6.83 bao\/ 1 m2 t\u01b0\u1eddng,s\u00e0n v\u1edbi chi\u1ec1u d\u00e0y 100mm<\/span><\/td>\n<\/tr>\n<tr>\n<td><span style=\"font-size: 100%;\">Tr\u1ecdng l\u01b0\u1ee3ng ri\u00eang<\/span><\/td>\n<td><span style=\"font-size: 100%;\">Kho\u1ea3ng 900kg\/m3 sau khi \u0111\u00f4ng c\u1ee9ng ho\u00e0n to\u00e0n<\/span><\/td>\n<\/tr>\n<tr>\n<td><span style=\"font-size: 100%;\">\u0110i\u1ec3m ch\u1edbp ch\u00e1y<\/span><\/td>\n<td><span style=\"font-size: 100%;\">Kh\u00f4ng c\u00f3. Lo\u1ea1i A1 theo EN 13501-1<\/span><\/td>\n<\/tr>\n<tr>\n<td><span style=\"font-size: 100%;\">Th\u1eddi gian \u0111\u00f4ng c\u1ee9ng<\/span><\/td>\n<td><span style=\"font-size: 100%;\">\u00cdt h\u01a1n 1 gi\u1edd t\u00f9y thu\u1ed9c v\u00e0o \u0111i\u1ec7u ki\u1ec7n nhi\u1ec7t \u0111\u1ed9<\/span><\/td>\n<\/tr>\n<tr>\n<td><span style=\"font-size: 100%;\">Th\u1eddi gian \u0111\u00f4ng c\u1ee9ng ho\u00e0n to\u00e0n<\/span><\/td>\n<td><span style=\"font-size: 100%;\">L\u00ean t\u1edbi 30 ng\u00e0y t\u00f9y thu\u1ed9c v\u00e0o nhi\u1ec7t \u0111\u1ed9 v\u00e0 \u0111\u1ed9 d\u00e0y thi c\u00f4ng<\/span><\/td>\n<\/tr>\n<tr>\n<td><span style=\"font-size: 100%;\">Gi\u00e3n n\u1edf<\/span><\/td>\n<td><span style=\"font-size: 100%;\">kho\u1ea3ng 1%<\/span><\/td>\n<\/tr>\n<tr>\n<td><span style=\"font-size: 100%;\">D\u1eabn nhi\u1ec7t<\/span><\/td>\n<td><span style=\"font-size: 100%;\">0.051W\/mK<\/span><\/td>\n<\/tr>\n<tr>\n<td><span style=\"font-size: 100%;\">Th\u1eddi h\u1ea1n s\u1eed d\u1ee5ng<\/span><\/td>\n<td><span style=\"font-size: 100%;\">3 n\u0103m \u0111\u1ed1i v\u1edbi t\u00fai\/bao ch\u01b0a m\u1edf (\u0110i\u1ec1u ki\u1ec7n nhi\u1ec7t \u0111\u1ed9 t\u1eeb 5-30\u00baC)<\/span><\/td>\n<\/tr>\n<tr>\n<td><span style=\"font-size: 100%;\">Kh\u1ea3 n\u0103ng t\u01b0\u01a1ng th\u00edch<\/span><\/td>\n<td><span style=\"font-size: 100%;\">Th\u00edch h\u1ee3p \u0111\u1ec3 s\u1eed d\u1ee5ng v\u1edbi h\u1ea7u h\u1ebft c\u00e1c v\u1eadt li\u1ec7u nh\u01b0ng kh\u00f4ng n\u00ean s\u1eed d\u1ee5ng tr\u1ef1c ti\u1ebfp v\u1edbi v\u1eadt li\u1ec7u kim lo\u1ea1i c\u00f3 kh\u1ea3 n\u0103ng b\u1ecb \u0103n m\u00f2n<\/span><\/td>\n<\/tr>\n<tr>\n<td><span style=\"font-size: 100%;\">M\u00e0u s\u1eafc<\/span><\/td>\n<td><span style=\"font-size: 100%;\">Tr\u1eafng ng\u00e0<\/span><\/td>\n<\/tr>\n<tr>\n<td><span style=\"font-size: 100%;\">Bao b\u00ec<\/span><\/td>\n<td><span style=\"font-size: 100%;\">T\u00fai 15 Kg (20 l\u00edt)<\/span><\/td>\n<\/tr>\n<\/tbody>\n<\/table>\n<h3><span style=\"font-size: 100%;\"><strong>CH\u1ee8NG CH\u1ec8 S\u1ea2N PH\u1ea8M V\u1eeeA NG\u0102N CH\u00c1Y LAN Charcoat FM<\/strong><\/span><\/h3>\n<p><span style=\"font-size: 100%;\">D\u00f2ng s\u1ea3n ph\u1ea9m Ch\u1ed1ng ch\u00e1y\u00a0<strong>Char\u00a0Coat<\/strong>\u00a0(FM) bao g\u1ed3m c\u00e1c gi\u1ea3i ph\u00e1p \u0111\u01a1n gi\u1ea3n, \u0111\u00e3 \u0111\u01b0\u1ee3c ch\u1ee9ng minh l\u00e0 nh\u1eefng gi\u1ea3i ph\u00e1p v\u1eefng ch\u1eafc c\u1ee7a ng\u00e0nh c\u00f4ng nghi\u1ec7p Ch\u1ed1ng ch\u00e1y.<\/span><\/p>\n<p><span style=\"font-size: 100%;\">D\u00f2ng s\u1ea3n ph\u1ea9m ho\u00e0n ch\u1ec9nh c\u1ee7a\u00a0<strong>CharCoat FM \u0111\u00e3 \u0111\u01b0\u1ee3c\u00a0ULeu<\/strong>\u00a0(UL Ch\u00e2u \u00c2u) th\u1eed nghi\u1ec7m v\u00e0 ph\u00ea duy\u1ec7t theo ti\u00eau chu\u1ea9n EN1366 v\u00e0 \u0111\u01b0\u1ee3c qu\u1ea3n l\u00fd th\u00f4ng qua ETA, v\u00e0 v\u1edbi nh\u1eefng th\u1eed nghi\u1ec7m li\u00ean t\u1ee5c \u0111\u01b0\u1ee3c ti\u1ebfn h\u00e0nh th\u00eam, d\u00f2ng s\u1ea3n ph\u1ea9m CharCoat FM l\u00e0 gi\u1ea3i ph\u00e1p ti\u1ebft ki\u1ec7m chi ph\u00ed ho\u00e0n h\u1ea3o cho nhu c\u1ea7u x\u00e2y d\u1ef1ng v\u00e0 Ch\u1ed1ng ch\u00e1y c\u1ee7a b\u1ea1n.<\/span><\/p>\n<p><span style=\"font-size: 100%;\"><img decoding=\"async\" loading=\"lazy\" class=\"aligncenter\" src=\"https:\/\/i0.wp.com\/www.charcoat.com\/wp-content\/uploads\/2019\/06\/EU-Approval-logos-1024x240.png?resize=362%2C85&#038;ssl=1\" alt=\"EN1366 c\u1ee7a ULeu\" width=\"362\" height=\"85\" data-recalc-dims=\"1\" \/><\/span><\/p>\n","protected":false},"excerpt":{"rendered":"<p>Lo\u1ea1i s\u1ea3n ph\u1ea9m:V\u1eefa tr\u1ed9n s\u1eb5n T\u1ef7 l\u1ec7 tr\u1ed9n:2:1 M\u00e0u s\u1eafc:Tr\u1eafng ng\u00e0 Tr\u1ecdng l\u01b0\u1ee3ng:15 Kg\/bao (20 l\u00edt) Tr\u1ecdng l\u01b0\u1ee3ng ri\u00eang:900Kg\/m3 Th\u1eddi gian \u0111\u00f4ng c\u1ee9ng:d\u01b0\u1edbi 1 gi\u1edd Th\u1eddi gian \u0111\u00f4ng c\u1ee9ng ho\u00e0n to\u00e0n:T\u1ed1i \u0111a l\u00ean t\u1edbi 30 ng\u00e0y H\u1ea1n s\u1eed d\u1ee5ng:3 n\u0103m k\u1ec3 t\u1eeb ng\u00e0y s\u1ea3n xu\u1ea5t Product Description V\u1eefa ch\u1ed1ng ch\u00e1y Charcoat FM V\u1eefa ch\u1ed1ng ch\u00e1y\u00a0Charcoat\u00a0(&#8230;<\/p>\n","protected":false},"featured_media":3116,"comment_status":"open","ping_status":"closed","template":"","meta":[],"product_cat":[226],"product_tag":[],"jetpack-related-posts":[{"id":3104,"url":"https:\/\/tp-electric.vn\/index.php\/san-pham\/vua-ngan-chay-lan-hilti-cp-636\/","url_meta":{"origin":3115,"position":0},"title":"V\u1eeeA NG\u0102N CH\u00c1Y LAN HILTI CP 636","author":"","date":"14\/02\/2023","format":false,"excerpt":"Th\u01b0\u01a1ng hi\u1ec7u:Hilti Xu\u1ea5t x\u1ee9:\u0110\u1ee9c Tr\u1ecdng l\u01b0\u1ee3ng:20 Kg\/ 1 bao T\u1ef7 l\u1ec7 pha tr\u1ed9n:2.5 \/ 1 (V\u1eefa\/n\u01b0\u1edbc \u2013 theo kh\u1ed1i l\u01b0\u1ee3ng) C\u01b0\u1eddng \u0111\u1ed9 n\u00e9n 28 ng\u00e0y:2.9 N\/mm2 nhi\u1ec7t \u0111\u1ed9 thi c\u00f4ng:5 \u2013 8\u2103 C\u00f3 th\u1ec3 t\u00e1i s\u1eed d\u1ee5ng (v\u00e0 g\u1ee1 b\u1ecf):Kh\u00f4ng th\u1ec3 Th\u1eddi gian \u0111\u00f4ng k\u1ebft (x\u1ea5p x\u1ec9):10h Hi\u1ec7u su\u1ea5t ng\u0103n\u2026","rel":"","context":"Similar post","block_context":{"text":"Similar post","link":""},"img":{"alt_text":"","src":"https:\/\/i0.wp.com\/tp-electric.vn\/wp-content\/uploads\/2023\/02\/Thi-cong-vua-chong-chay-Hilti-CP-636-600x270-1.jpg?resize=350%2C200&ssl=1","width":350,"height":200},"classes":[]},{"id":3141,"url":"https:\/\/tp-electric.vn\/index.php\/san-pham\/vua-chong-chay-sti-ssm-firestop-mortar\/","url_meta":{"origin":3115,"position":1},"title":"V\u1eeeA CH\u1ed0NG CH\u00c1Y STI SSM FIRESTOP MORTAR","author":"","date":"14\/02\/2023","format":false,"excerpt":"Product Description \u00a0 V\u1eefa ch\u1ed1ng ch\u00e1y STI SSM Firestop Mortar Th\u00f4ng tin s\u1ea3n ph\u1ea9m N\u01b0\u1edbc sx: M\u1ef9 Th\u1eddi gian ng\u0103n ch\u00e1y: 4h Ti\u00eau chu\u1ea9n: UL, FM Tr\u1ecdng l\u01b0\u1ee3ng: 10kg \u1ee8ng d\u1ee5ng c\u1ee7a v\u1eefa ch\u1ed1ng ch\u00e1y B\u00edt l\u1ed7 m\u1edf l\u1edbn \u00a0 C\u00e1c \u0111\u1eb7c t\u00ednh v\u00e0 t\u00ednh ch\u1ea5t v\u1eefa ch\u1ed1ng ch\u00e1y: \u2013\u2026","rel":"","context":"Similar post","block_context":{"text":"Similar post","link":""},"img":{"alt_text":"","src":"https:\/\/i0.wp.com\/tp-electric.vn\/wp-content\/uploads\/2023\/02\/ssm-slider-2.jpg?fit=800%2C800&ssl=1&resize=350%2C200","width":350,"height":200,"srcset":"https:\/\/i0.wp.com\/tp-electric.vn\/wp-content\/uploads\/2023\/02\/ssm-slider-2.jpg?fit=800%2C800&ssl=1&resize=350%2C200 1x, https:\/\/i0.wp.com\/tp-electric.vn\/wp-content\/uploads\/2023\/02\/ssm-slider-2.jpg?fit=800%2C800&ssl=1&resize=700%2C400 2x"},"classes":[]},{"id":3541,"url":"https:\/\/tp-electric.vn\/index.php\/san-pham\/weidmuller-7kw-1pha-we01-07\/","url_meta":{"origin":3115,"position":2},"title":"WEIDMULLER 7KW-1PHA (WE01-07)","author":"","date":"12\/06\/2023","format":false,"excerpt":"1. T\u00ecm hi\u1ec3u th\u01b0\u01a1ng hi\u1ec7u Weidmuller C\u00f4ng ty Weidmuller \u0111\u01b0\u1ee3c th\u00e0nh l\u1eadp t\u1eeb n\u0103m 1850. \u00a0 Weidmuller\u00a0\u2013\u00a0th\u01b0\u01a1ng hi\u1ec7u h\u00e0ng \u0111\u1ea7u \u0111\u1ebfn t\u1eeb\u00a0\u0110\u1ee9c, \u0111\u00e3 \u0111\u01b0\u1ee3c th\u1eeba nh\u1eadn v\u00e0 t\u00edn nhi\u1ec7m trong ng\u00e0nh c\u00f4ng nghi\u1ec7p to\u00e0n c\u1ea7u.\u00a0V\u1edbi h\u01a1n 160 n\u0103m kinh nghi\u1ec7m (t\u1eeb 1850),\u00a0Weidmuller \u0111\u00e3 tr\u1edf th\u00e0nh m\u1ed9t nh\u00e0 cung c\u1ea5p uy\u2026","rel":"","context":"Similar post","block_context":{"text":"Similar post","link":""},"img":{"alt_text":"","src":"https:\/\/i0.wp.com\/tp-electric.vn\/wp-content\/uploads\/2023\/06\/bo-sac-2.png?fit=664%2C664&ssl=1&resize=350%2C200","width":350,"height":200},"classes":[]},{"id":3591,"url":"https:\/\/tp-electric.vn\/index.php\/san-pham\/may-hut-bui-va-lau-nha-ultty-v08\/","url_meta":{"origin":3115,"position":3},"title":"M\u00e1y h\u00fat b\u1ee5i v\u00e0 lau nh\u00e0 Ultty V08","author":"","date":"22\/06\/2023","format":false,"excerpt":"K\u00edch th\u01b0\u1edbc 1.200mm x 230mm x 240mm Tr\u1ecdng l\u01b0\u1ee3ng s\u1ea3n ph\u1ea9m 1,1kg Tr\u1ecdng l\u01b0\u1ee3ng bao b\u00ec 700mm x 370mm x 190mm Xu\u1ea5t x\u1ee9 th\u01b0\u01a1ng hi\u1ec7u Ph\u00e1p S\u1ea3n xu\u1ea5t t\u1ea1i Trung Qu\u1ed1c B\u1ea3o h\u00e0nh 24 th\u00e1ng","rel":"","context":"Similar post","block_context":{"text":"Similar post","link":""},"img":{"alt_text":"","src":"https:\/\/i0.wp.com\/tp-electric.vn\/wp-content\/uploads\/2023\/06\/may-hut-bui-va-lau-nha-ultty-v08.jpg?fit=800%2C600&ssl=1&resize=350%2C200","width":350,"height":200,"srcset":"https:\/\/i0.wp.com\/tp-electric.vn\/wp-content\/uploads\/2023\/06\/may-hut-bui-va-lau-nha-ultty-v08.jpg?fit=800%2C600&ssl=1&resize=350%2C200 1x, https:\/\/i0.wp.com\/tp-electric.vn\/wp-content\/uploads\/2023\/06\/may-hut-bui-va-lau-nha-ultty-v08.jpg?fit=800%2C600&ssl=1&resize=700%2C400 2x"},"classes":[]},{"id":3602,"url":"https:\/\/tp-electric.vn\/index.php\/san-pham\/robot-hut-bui-lau-nha-ultty-skj-rb01x\/","url_meta":{"origin":3115,"position":4},"title":"Robot h\u00fat b\u1ee5i lau nh\u00e0 Ultty SKJ RB01X","author":"","date":"22\/06\/2023","format":false,"excerpt":"Tr\u1ecdng l\u01b0\u1ee3ng s\u1ea3n ph\u1ea9m 3kg Tr\u1ecdng l\u01b0\u1ee3ng bao b\u00ec 6kg Xu\u1ea5t x\u1ee9 th\u01b0\u01a1ng hi\u1ec7u Ph\u00e1p S\u1ea3n xu\u1ea5t t\u1ea1i Trung Qu\u1ed1c B\u1ea3o h\u00e0nh 24 th\u00e1ng T\u01b0\u1eddng \u1ea3o Kh\u00f4ng","rel":"","context":"Similar post","block_context":{"text":"Similar post","link":""},"img":{"alt_text":"","src":"https:\/\/i0.wp.com\/tp-electric.vn\/wp-content\/uploads\/2023\/06\/robot-hut-bui-lau-nha-ultty-skj-rb01x-a.jpg?fit=600%2C600&ssl=1&resize=350%2C200","width":350,"height":200},"classes":[]},{"id":3508,"url":"https:\/\/tp-electric.vn\/index.php\/san-pham\/domino-tep\/","url_meta":{"origin":3115,"position":5},"title":"DOMINO T\u00c9P","author":"","date":"14\/04\/2023","format":false,"excerpt":"\u01afU \u0110I\u1ec2M: \u0110\u1ea1t ti\u00eau chu\u1ea9n ch\u1ed1ng va \u0111\u1eadp, ch\u1ecbu nhi\u1ec7t, c\u00e1ch \u0111i\u1ec7n t\u1ed1t Ph\u00f9 h\u1ee3p v\u1edbi m\u1ecdi k\u00edch th\u01b0\u1edbc d\u00e2y \u0111i\u1ec7n \u0111\u1ec3 \u0111\u1ea5u n\u1ed1i Nh\u1ecf g\u1ecdn, d\u1ec5 d\u00e0ng l\u1eafp \u0111\u1eb7t Thi\u1ebft k\u1ebf hi\u1ec7n \u0111\u1ea1i, \u0111\u00e1p \u1ee9ng c\u00e1c y\u00eau c\u1ea7u kh\u1eafc khe Gi\u00e1 th\u00e0nh t\u01b0\u01a1ng \u0111\u1ed1i r\u1ebb","rel":"","context":"Similar post","block_context":{"text":"Similar post","link":""},"img":{"alt_text":"","src":"https:\/\/i0.wp.com\/tp-electric.vn\/wp-content\/uploads\/2023\/04\/DOMINO-TEP.png?fit=300%2C300&ssl=1&resize=350%2C200","width":350,"height":200},"classes":[]}],"_links":{"self":[{"href":"https:\/\/tp-electric.vn\/index.php\/wp-json\/wp\/v2\/product\/3115"}],"collection":[{"href":"https:\/\/tp-electric.vn\/index.php\/wp-json\/wp\/v2\/product"}],"about":[{"href":"https:\/\/tp-electric.vn\/index.php\/wp-json\/wp\/v2\/types\/product"}],"replies":[{"embeddable":true,"href":"https:\/\/tp-electric.vn\/index.php\/wp-json\/wp\/v2\/comments?post=3115"}],"wp:featuredmedia":[{"embeddable":true,"href":"https:\/\/tp-electric.vn\/index.php\/wp-json\/wp\/v2\/media\/3116"}],"wp:attachment":[{"href":"https:\/\/tp-electric.vn\/index.php\/wp-json\/wp\/v2\/media?parent=3115"}],"wp:term":[{"taxonomy":"product_cat","embeddable":true,"href":"https:\/\/tp-electric.vn\/index.php\/wp-json\/wp\/v2\/product_cat?post=3115"},{"taxonomy":"product_tag","embeddable":true,"href":"https:\/\/tp-electric.vn\/index.php\/wp-json\/wp\/v2\/product_tag?post=3115"}],"curies":[{"name":"wp","href":"https:\/\/api.w.org\/{rel}","templated":true}]}}