{"id":3104,"date":"2023-02-14T14:39:51","date_gmt":"2023-02-14T07:39:51","guid":{"rendered":"https:\/\/tp-electric.vn\/?post_type=product&#038;p=3104"},"modified":"2024-12-12T15:10:22","modified_gmt":"2024-12-12T08:10:22","slug":"vua-ngan-chay-lan-hilti-cp-636","status":"publish","type":"product","link":"https:\/\/tp-electric.vn\/index.php\/san-pham\/vua-ngan-chay-lan-hilti-cp-636\/","title":{"rendered":"V\u1eeeA NG\u0102N CH\u00c1Y LAN HILTI CP 636"},"content":{"rendered":"<ul class=\"attribute-single number-two\">\n<li><span style=\"font-size: 95%;\"><span class=\"left\">Th\u01b0\u01a1ng hi\u1ec7u:<\/span><span class=\"right\">Hilti<\/span><\/span><\/li>\n<li><span style=\"font-size: 95%;\"><span class=\"left\">Xu\u1ea5t x\u1ee9:<\/span><span class=\"right\">\u0110\u1ee9c<\/span><\/span><\/li>\n<li><span style=\"font-size: 95%;\"><span class=\"left\">Tr\u1ecdng l\u01b0\u1ee3ng:<\/span><span class=\"right\">20 Kg\/ 1 bao<\/span><\/span><\/li>\n<li><span style=\"font-size: 95%;\"><span class=\"left\">T\u1ef7 l\u1ec7 pha tr\u1ed9n:<\/span><span class=\"right\">2.5 \/ 1 (V\u1eefa\/n\u01b0\u1edbc \u2013 theo kh\u1ed1i l\u01b0\u1ee3ng)<\/span><\/span><\/li>\n<li><span style=\"font-size: 95%;\"><span class=\"left\">C\u01b0\u1eddng \u0111\u1ed9 n\u00e9n 28 ng\u00e0y:<\/span><span class=\"right\">2.9 N\/mm2<\/span><\/span><\/li>\n<li><span style=\"font-size: 95%;\"><span class=\"left\">nhi\u1ec7t \u0111\u1ed9 thi c\u00f4ng:<\/span><span class=\"right\">5 \u2013 8\u2103<\/span><\/span><\/li>\n<li><span style=\"font-size: 95%;\"><span class=\"left\">C\u00f3 th\u1ec3 t\u00e1i s\u1eed d\u1ee5ng (v\u00e0 g\u1ee1 b\u1ecf):<\/span><span class=\"right\">Kh\u00f4ng th\u1ec3<\/span><\/span><\/li>\n<li><span style=\"font-size: 95%;\"><span class=\"left\">Th\u1eddi gian \u0111\u00f4ng k\u1ebft (x\u1ea5p x\u1ec9):<\/span><span class=\"right\">10h<\/span><\/span><\/li>\n<li><span style=\"font-size: 95%;\"><span class=\"left\">Hi\u1ec7u su\u1ea5t ng\u0103n ch\u00e1y (Fire rating):<\/span><span class=\"right\">L\u00ean t\u1edbi 4 ti\u1ebfng<\/span><\/span><\/li>\n<li><span style=\"font-size: 95%;\"><span class=\"left\">H\u1ea1n s\u1eed d\u1ee5ng:<\/span><span class=\"right\">1 n\u0103m k\u1ec3 t\u1eeb ng\u00e0y s\u1ea3n xu\u1ea5t<\/span><\/span><\/li>\n<\/ul>\n<h2><span style=\"font-size: 95%;\">Product Description<\/span><\/h2>\n<h1><span style=\"font-size: 95%;\">V\u1eefa ng\u0103n ch\u00e1y lan Hilti CP 636<\/span><\/h1>\n<p><span style=\"font-size: 95%;\">V\u1eefa Hilti CP 636 g\u1ed1c xi m\u0103ng d\u00f9ng cho l\u1ed7 xuy\u00ean s\u00e0n, t\u01b0\u1eddng v\u1edbi \u0111\u1ed9 m\u1edf l\u1edbn. Ng\u0103n ch\u00e1y lan \u0111\u1ebfn 4 gi\u1edd, \u0111\u01b0\u1ee3c ki\u1ec3m nghi\u1ec7m theo ti\u00eau chu\u1ea9n BS476-PT20 v\u00e0 ti\u00eau chu\u1ea9n UL.<\/span><\/p>\n<p><span style=\"font-size: 95%;\">V\u1eefa ng\u0103n ch\u00e1y lan Hilti \u0111\u01b0\u1ee3c \u1ee9ng d\u1ee5ng r\u1ed9ng r\u00e3i trong c\u00e1c c\u00f4ng tr\u00ecnh x\u00e2y d\u1ef1ng c\u00f4ng nghi\u1ec7p v\u00e0 d\u00e2n d\u1ee5ng tr\u00ean to\u00e0n c\u1ea7u v\u1edbi c\u00e1c \u1ee9ng d\u1ee5ng c\u01a1 b\u1ea3n nh\u01b0:<\/span><br \/>\n<span style=\"font-size: 95%;\">Ng\u0103n ch\u00e1y lan v\u0129nh c\u1eedu cho c\u00e1p, thang c\u00e1p v\u00e0 \u1ed1ng kim lo\u1ea1i trong c\u00e1c l\u1ed7 m\u1edf tr\u00ean t\u01b0\u1eddng c\u1ee1 v\u1eeba, c\u1ee1 l\u1edbn v\u00e0 c\u00e1c l\u1ed7 m\u1edf tr\u00ean s\u00e0n.<\/span><\/p>\n<p><span style=\"font-size: 95%;\">Ng\u0103n ch\u00e1y lan cho c\u00e1c v\u1ecb tr\u00ed xuy\u00ean t\u01b0\u1eddng, s\u00e0n \u0111\u01a1n l\u1ebb \u0111a th\u00e0nh ph\u1ea7n ph\u1ee9c t\u1ea1p.<\/span><\/p>\n<p><span style=\"font-size: 95%;\">C\u00e1c v\u1ecb tr\u00ed xuy\u00ean t\u01b0\u1eddng, s\u00e0n \u0111a nhi\u1ec7m c\u1ee1 v\u1eeba v\u00e0 l\u1edbn trong n\u1ec1n b\u00ea t\u00f4ng ho\u1eb7c t\u01b0\u1eddng g\u1ea1ch ph\u1ed1i h\u1ee3p v\u1edbi c\u00e1c s\u1ea3n ph\u1ea9m kh\u00e1c.<\/span><\/p>\n<h2><span style=\"font-size: 95%;\">\u01afU \u0110I\u1ec2M V\u1eeeA NG\u0102N CH\u00c1Y LAN HILTI CP 636<\/span><\/h2>\n<p><span style=\"font-size: 95%;\">V\u1eefa ng\u0103n ch\u00e1y lan Hilti d\u00f9ng cho c\u00e1c v\u1eadt li\u1ec7u n\u1ec1n kh\u00e1c nhau nh\u01b0: T\u01b0\u1eddng g\u1ea1ch, b\u00ea t\u00f4ng\u2026. V\u1edbi c\u00e1c \u01b0u \u0111i\u1ec3m n\u1ed5i b\u1eadt :<\/span><\/p>\n<p><span style=\"font-size: 95%;\">D\u1ec5 d\u00e0ng thi c\u00f4ng b\u1eb1ng bay ho\u1eb7c c\u00e1c lo\u1ea1i b\u01a1m b\u00ea t\u00f4ng c\u00f3 s\u1eb5n tr\u00ean th\u1ecb tr\u01b0\u1eddng<\/span><\/p>\n<p><span style=\"font-size: 95%;\">\u0110\u1ed9 c\u1ee9ng hi\u1ec7u su\u1ea5t cao<\/span><\/p>\n<p><span style=\"font-size: 95%;\">Kh\u00f4ng ch\u1ee9a c\u00e1c th\u00e0nh ph\u1ea7n \u0111\u1ed9c h\u1ea1i: asbestos, phenol hay halogen<\/span><\/p>\n<p><span style=\"font-size: 95%;\">C\u00f3 \u0111\u1ed9 k\u1ebft d\u00ednh t\u1ed1t v\u00e0o th\u00e9p, b\u00ea t\u00f4ng v\u00e0 t\u01b0\u1eddng g\u1ea1ch v\u1eefa<\/span><\/p>\n<h2><span style=\"font-size: 95%;\">QUY TR\u00ccNH THI C\u00d4NG V\u1eeeA HILTI CP 636<\/span><\/h2>\n<p><img decoding=\"async\" loading=\"lazy\" class=\"alignnone size-full wp-image-3105\" src=\"https:\/\/i0.wp.com\/tp-electric.vn\/wp-content\/uploads\/2023\/02\/Qui-trinh-thi-cong-CP-636-768x200-1.jpg?resize=768%2C200&#038;ssl=1\" alt=\"\" width=\"768\" height=\"200\" data-recalc-dims=\"1\" \/><\/p>\n<p>&nbsp;<\/p>\n<p><iframe loading=\"lazy\" title=\"HOW TO USE Hilti Brandschutzm\u00f6rtel CP 636 - Montagevideo\" src=\"https:\/\/www.youtube.com\/embed\/lswZ_RYyk78?feature=oembed\" width=\"500\" height=\"281\" frameborder=\"0\" allowfullscreen=\"allowfullscreen\" data-mce-fragment=\"1\"><\/iframe><\/p>\n<h4><span style=\"font-size: 95%;\">Video h\u01b0\u1edbng d\u1eabn chi ti\u1ebft c\u00e1ch thi c\u00f4ng s\u1ea3n ph\u1ea9m v\u1eefa ch\u1ed1ng ch\u00e1y Hilti Cp636<\/span><\/h4>\n<p><span style=\"font-size: 95%;\">V\u1eefa ng\u0103n ch\u00e1y lan Hilti\u00a0 l\u00e0 s\u1ea3n ph\u1ea9m c\u1ee7a Hilti \u0111\u01b0\u1ee3c thi c\u00f4ng r\u1ed9ng r\u00e3i tr\u00ean to\u00e0n c\u1ea7u, ch\u00ednh v\u00ec v\u1eady quy tr\u00ecnh thi c\u00f4ng c\u0169ng kh\u00e1 \u0111\u01a1n gi\u1ea3n.<\/span><\/p>\n<p><span style=\"font-size: 95%;\">B\u01b0\u1edbc 1. V\u1ec7 sinh l\u1ed7 m\u1edf, l\u00e0m \u01b0\u1edbt c\u00e1c b\u1ec1 m\u1eb7t.<\/span><\/p>\n<p><span style=\"font-size: 95%;\">B\u01b0\u1edbc 2. Tr\u1ed9n v\u1eefa ng\u0103n ch\u00e1y lan CP 636 (b\u1eb1ng c\u00e1ch cho v\u1eefa v\u00e0o n\u01b0\u1edbc)<\/span><\/p>\n<p><span style=\"font-size: 95%;\">B\u01b0\u1edbc 3. Tr\u00e1t v\u1eefa v\u00e0o v\u1ecb tr\u00ed thi c\u00f4ng<\/span><\/p>\n<p><span style=\"font-size: 95%;\">B\u01b0\u1edbc 4. T\u00f9y ch\u1ecdn: ch\u00e8n CP651 ho\u1eb7c CP 657 v\u00e0o n\u1ebfu c\u1ea7n thay c\u00e1p trong t\u01b0\u01a1ng lai<\/span><\/p>\n<p><span style=\"font-size: 95%;\">B\u01b0\u1edbc 5. D\u00e1n nh\u00e3n thi c\u00f4ng v\u00e0o v\u1ecb tr\u00ed (n\u1ebfu c\u1ea7n)<\/span><\/p>\n<p><span style=\"font-size: 95%;\">B\u01b0\u1edbc 6. Thi c\u00f4ng l\u1ea1i: \u0111\u1eb7t c\u00e1c s\u1ee3i c\u00e1p v\u00e0o v\u00e0 l\u00e0m k\u00edn ph\u1ea7n c\u00f2n l\u1ea1i c\u1ee7a l\u1ed7 m\u1edf<\/span><\/p>\n<div id=\"attachment_55317\" class=\"wp-caption aligncenter\">\n<p><img decoding=\"async\" loading=\"lazy\" class=\"alignnone size-full wp-image-3106\" src=\"https:\/\/i0.wp.com\/tp-electric.vn\/wp-content\/uploads\/2023\/02\/Thi-cong-vua-chong-chay-Hilti-CP-636-600x270-1.jpg?resize=600%2C270&#038;ssl=1\" alt=\"\" width=\"600\" height=\"270\" data-recalc-dims=\"1\" \/><\/p>\n<p class=\"wp-caption-text\"><span style=\"font-size: 95%;\">H\u00ecnh \u1ea3nh thi c\u00f4ng v\u1eefa ng\u0103n ch\u00e1y Hilti CP 636 sau khi ho\u00e0n thi\u1ec7n<\/span><\/p>\n<\/div>\n<p>&nbsp;<\/p>\n<h3><span style=\"font-size: 95%;\"><strong>CH\u1ee8NG CH\u1ec8 S\u1ea2N PH\u1ea8M V\u1eeeA NG\u0102N CH\u00c1Y LAN CP 636<\/strong><\/span><\/h3>\n<p><img decoding=\"async\" loading=\"lazy\" class=\"alignnone size-full wp-image-3107\" src=\"https:\/\/i0.wp.com\/tp-electric.vn\/wp-content\/uploads\/2023\/02\/Chung-chi-hilti-cp-636.png?resize=516%2C55&#038;ssl=1\" alt=\"\" width=\"516\" height=\"55\" data-recalc-dims=\"1\" \/><\/p>\n<p>&nbsp;<\/p>\n<ul>\n<li><span style=\"font-size: 95%;\">BS 476-20<\/span><\/li>\n<li><span style=\"font-size: 95%;\">FM<\/span><\/li>\n<li><span style=\"font-size: 95%;\">pR EN 1366-3<\/span><\/li>\n<li><span style=\"font-size: 95%;\">UL<\/span><\/li>\n<li><span style=\"font-size: 95%;\">LPCB<\/span><\/li>\n<\/ul>\n","protected":false},"excerpt":{"rendered":"<p>Th\u01b0\u01a1ng hi\u1ec7u:Hilti Xu\u1ea5t x\u1ee9:\u0110\u1ee9c Tr\u1ecdng l\u01b0\u1ee3ng:20 Kg\/ 1 bao T\u1ef7 l\u1ec7 pha tr\u1ed9n:2.5 \/ 1 (V\u1eefa\/n\u01b0\u1edbc \u2013 theo kh\u1ed1i l\u01b0\u1ee3ng) C\u01b0\u1eddng \u0111\u1ed9 n\u00e9n 28 ng\u00e0y:2.9 N\/mm2 nhi\u1ec7t \u0111\u1ed9 thi c\u00f4ng:5 \u2013 8\u2103 C\u00f3 th\u1ec3 t\u00e1i s\u1eed d\u1ee5ng (v\u00e0 g\u1ee1 b\u1ecf):Kh\u00f4ng th\u1ec3 Th\u1eddi gian \u0111\u00f4ng k\u1ebft (x\u1ea5p x\u1ec9):10h Hi\u1ec7u su\u1ea5t ng\u0103n ch\u00e1y (Fire rating):L\u00ean t\u1edbi 4&#8230;<\/p>\n","protected":false},"featured_media":3108,"comment_status":"open","ping_status":"closed","template":"","meta":[],"product_cat":[226],"product_tag":[],"jetpack-related-posts":[{"id":3099,"url":"https:\/\/tp-electric.vn\/index.php\/san-pham\/keo-silicon-chong-chay-hilti-cp-606\/","url_meta":{"origin":3104,"position":0},"title":"KEO SILICON CH\u1ed0NG CH\u00c1Y HILTI CP 606","author":"","date":"14\/02\/2023","format":false,"excerpt":"Th\u01b0\u01a1ng hi\u1ec7u:Hilti Xu\u1ea5t x\u1ee9:\u0110\u1ee9c \u0110\u00f3ng g\u00f3i:D\u1ea1ng tu\u00fdp Th\u1ec3 t\u00edch:310ml M\u00e0u s\u1eafc:Tr\u1eafng, x\u00e1m ho\u1eb7c \u0111\u1ecf Th\u00e0nh ph\u1ea7n:Acrylic g\u1ed1c n\u01b0\u1edbc Th\u1eddi gian kh\u00f4 x\u1ea5p x\u1ec9:3 ng\u00e0y Nhi\u1ec7t \u0111\u1ed9 thi c\u00f4ng:5-40 \u0111\u1ed9 C Co gi\u00e3n:\u0111a 12.5% Ti\u00eau chu\u1ea9n:UL 2079, ATSM E814, ATSM E1966, UL 1479, CAN\/UL-S115 Product Description Hilti CP606 l\u00e0 keo silicone\u2026","rel":"","context":"Similar post","block_context":{"text":"Similar post","link":""},"img":{"alt_text":"","src":"https:\/\/i0.wp.com\/tp-electric.vn\/wp-content\/uploads\/2023\/02\/21456b94a07b381845da2ba7fc0ce948.jpg?fit=640%2C640&ssl=1&resize=350%2C200","width":350,"height":200},"classes":[]},{"id":3141,"url":"https:\/\/tp-electric.vn\/index.php\/san-pham\/vua-chong-chay-sti-ssm-firestop-mortar\/","url_meta":{"origin":3104,"position":1},"title":"V\u1eeeA CH\u1ed0NG CH\u00c1Y STI SSM FIRESTOP MORTAR","author":"","date":"14\/02\/2023","format":false,"excerpt":"Product Description \u00a0 V\u1eefa ch\u1ed1ng ch\u00e1y STI SSM Firestop Mortar Th\u00f4ng tin s\u1ea3n ph\u1ea9m N\u01b0\u1edbc sx: M\u1ef9 Th\u1eddi gian ng\u0103n ch\u00e1y: 4h Ti\u00eau chu\u1ea9n: UL, FM Tr\u1ecdng l\u01b0\u1ee3ng: 10kg \u1ee8ng d\u1ee5ng c\u1ee7a v\u1eefa ch\u1ed1ng ch\u00e1y B\u00edt l\u1ed7 m\u1edf l\u1edbn \u00a0 C\u00e1c \u0111\u1eb7c t\u00ednh v\u00e0 t\u00ednh ch\u1ea5t v\u1eefa ch\u1ed1ng ch\u00e1y: \u2013\u2026","rel":"","context":"Similar post","block_context":{"text":"Similar post","link":""},"img":{"alt_text":"","src":"https:\/\/i0.wp.com\/tp-electric.vn\/wp-content\/uploads\/2023\/02\/ssm-slider-2.jpg?fit=800%2C800&ssl=1&resize=350%2C200","width":350,"height":200,"srcset":"https:\/\/i0.wp.com\/tp-electric.vn\/wp-content\/uploads\/2023\/02\/ssm-slider-2.jpg?fit=800%2C800&ssl=1&resize=350%2C200 1x, https:\/\/i0.wp.com\/tp-electric.vn\/wp-content\/uploads\/2023\/02\/ssm-slider-2.jpg?fit=800%2C800&ssl=1&resize=700%2C400 2x"},"classes":[]},{"id":3115,"url":"https:\/\/tp-electric.vn\/index.php\/san-pham\/vua-chong-chay-charcoat-fm\/","url_meta":{"origin":3104,"position":2},"title":"V\u1eeeA CH\u1ed0NG CH\u00c1Y CHARCOAT FM","author":"","date":"14\/02\/2023","format":false,"excerpt":"Lo\u1ea1i s\u1ea3n ph\u1ea9m:V\u1eefa tr\u1ed9n s\u1eb5n T\u1ef7 l\u1ec7 tr\u1ed9n:2:1 M\u00e0u s\u1eafc:Tr\u1eafng ng\u00e0 Tr\u1ecdng l\u01b0\u1ee3ng:15 Kg\/bao (20 l\u00edt) Tr\u1ecdng l\u01b0\u1ee3ng ri\u00eang:900Kg\/m3 Th\u1eddi gian \u0111\u00f4ng c\u1ee9ng:d\u01b0\u1edbi 1 gi\u1edd Th\u1eddi gian \u0111\u00f4ng c\u1ee9ng ho\u00e0n to\u00e0n:T\u1ed1i \u0111a l\u00ean t\u1edbi 30 ng\u00e0y H\u1ea1n s\u1eed d\u1ee5ng:3 n\u0103m k\u1ec3 t\u1eeb ng\u00e0y s\u1ea3n xu\u1ea5t Product Description V\u1eefa ch\u1ed1ng ch\u00e1y\u2026","rel":"","context":"Similar post","block_context":{"text":"Similar post","link":""},"img":{"alt_text":"","src":"https:\/\/i0.wp.com\/tp-electric.vn\/wp-content\/uploads\/2023\/02\/CharCoat-FM-Mortar-front-923x1024-1.png?fit=923%2C1024&ssl=1&resize=350%2C200","width":350,"height":200,"srcset":"https:\/\/i0.wp.com\/tp-electric.vn\/wp-content\/uploads\/2023\/02\/CharCoat-FM-Mortar-front-923x1024-1.png?fit=923%2C1024&ssl=1&resize=350%2C200 1x, https:\/\/i0.wp.com\/tp-electric.vn\/wp-content\/uploads\/2023\/02\/CharCoat-FM-Mortar-front-923x1024-1.png?fit=923%2C1024&ssl=1&resize=700%2C400 2x"},"classes":[]},{"id":3202,"url":"https:\/\/tp-electric.vn\/index.php\/san-pham\/vua-chong-chay-cho-thep-esscoat-isolatek\/","url_meta":{"origin":3104,"position":3},"title":"V\u1eeeA CH\u1ed0NG CH\u00c1Y CHO TH\u00c9P ESSCOAT &#8211; ISOLATEK","author":"","date":"14\/02\/2023","format":false,"excerpt":"Product Description V\u1eefa ch\u1ed1ng ch\u00e1y cho k\u1ebft c\u1ea5u th\u00e9p V\u1eefa ch\u1ed1ng ch\u00e1y ESSCOAT: N\u01b0\u1edbc SX H\u00e0n Qu\u1ed1c, bao 18kg, ti\u00eau chu\u1ea9n UL, kh\u1ea3 n\u0103ng ng\u0103n ch\u00e1y 4 gi\u1edd V\u1eefa ch\u1ed1ng ch\u00e1y ISOLATEK: N\u01b0\u1edbc SX M\u1ef9, Ti\u00eau chu\u1ea9n UL, FM, BS V\u1eefa ch\u1ed1ng ch\u00e1y cho k\u1ebft c\u1ea5u th\u00e9p V\u1eefa ch\u1ed1ng ch\u00e1y\u2026","rel":"","context":"Similar post","block_context":{"text":"Similar post","link":""},"img":{"alt_text":"","src":"https:\/\/i0.wp.com\/tp-electric.vn\/wp-content\/uploads\/2023\/02\/fireproofing-768x432-1.jpg?resize=350%2C200&ssl=1","width":350,"height":200,"srcset":"https:\/\/i0.wp.com\/tp-electric.vn\/wp-content\/uploads\/2023\/02\/fireproofing-768x432-1.jpg?resize=350%2C200&ssl=1 1x, https:\/\/i0.wp.com\/tp-electric.vn\/wp-content\/uploads\/2023\/02\/fireproofing-768x432-1.jpg?resize=700%2C400&ssl=1 2x"},"classes":[]},{"id":3170,"url":"https:\/\/tp-electric.vn\/index.php\/san-pham\/dat-set-chong-chay-nitto-neoseal-b1\/","url_meta":{"origin":3104,"position":4},"title":"\u0110\u1ea4T S\u00c9T CH\u1ed0NG CH\u00c1Y NITTO NEOSEAL B1","author":"","date":"14\/02\/2023","format":false,"excerpt":"Nh\u00e0 s\u1ea3n xu\u1ea5t:\u00a0Nitto D\u00f2ng s\u1ea3n ph\u1ea9m: \u0110\u1ea5t s\u00e9t ch\u1ed1ng ch\u00e1y \u0110\u1ea5t s\u00e9t ch\u1ed1ng ch\u00e1y Nitto Neoseal B1 l\u00e0 lo\u1ea1i \u0111\u1ea5t s\u00e9t c\u00f3 t\u00e1c d\u1ee5ng ng\u0103n ch\u00e1y. Gi\u00fap b\u1ea3o v\u1ec7 hi\u1ec7u qu\u1ea3 t\u1ea1i c\u00e1c khu v\u1ef1c d\u1ec5 b\u1ecb ch\u00e1y Product Description 1.Gi\u1edbi thi\u1ec7u v\u1ec1\u00a0\u0110\u1ea5t s\u00e9t ch\u1ed1ng ch\u00e1y Nitto Neoseal B1 \u0110\u1ea5t\u2026","rel":"","context":"Similar post","block_context":{"text":"Similar post","link":""},"img":{"alt_text":"","src":"https:\/\/i0.wp.com\/tp-electric.vn\/wp-content\/uploads\/2023\/02\/Dat-set-B1.png?fit=464%2C376&ssl=1&resize=350%2C200","width":350,"height":200},"classes":[]},{"id":4780,"url":"https:\/\/tp-electric.vn\/index.php\/san-pham\/vo-tu-dien-mat-troi-etek-ha-8way\/","url_meta":{"origin":3104,"position":5},"title":"V\u1ecf t\u1ee7 \u0111i\u1ec7n m\u1eb7t tr\u1eddi ETEK HA-8WAY","author":"Admin","date":"11\/12\/2024","format":false,"excerpt":"Th\u00f4ng s\u1ed1 s\u1ea3n ph\u1ea9m: C\u1ea5p \u0111\u1ed9 b\u1ea3o v\u1ec7 : IP65 Ch\u1ea5t li\u1ec7u v\u1ecf: ABS C\u1eeda: PC trong su\u1ed1t Mothod c\u1ee7a c\u00e0i \u0111\u1eb7t b\u1ec1 m\u1eb7t g\u1eafn k\u1ebft K\u00edch th\u01b0\u1edbc: 215mm*210mm*100mm Tr\u1ecdng l\u01b0\u1ee3ng: 0.78Kg M\u00e3 h\u00e0ng: HA-8 Th\u01b0\u01a1ng hi\u1ec7u:\u00a0ETEK","rel":"","context":"Similar post","block_context":{"text":"Similar post","link":""},"img":{"alt_text":"","src":"https:\/\/i0.wp.com\/tp-electric.vn\/wp-content\/uploads\/2024\/12\/tu-dien-pin-mat-troi-ha-8-way-1.jpg?fit=700%2C405&ssl=1&resize=350%2C200","width":350,"height":200,"srcset":"https:\/\/i0.wp.com\/tp-electric.vn\/wp-content\/uploads\/2024\/12\/tu-dien-pin-mat-troi-ha-8-way-1.jpg?fit=700%2C405&ssl=1&resize=350%2C200 1x, https:\/\/i0.wp.com\/tp-electric.vn\/wp-content\/uploads\/2024\/12\/tu-dien-pin-mat-troi-ha-8-way-1.jpg?fit=700%2C405&ssl=1&resize=700%2C400 2x"},"classes":[]}],"_links":{"self":[{"href":"https:\/\/tp-electric.vn\/index.php\/wp-json\/wp\/v2\/product\/3104"}],"collection":[{"href":"https:\/\/tp-electric.vn\/index.php\/wp-json\/wp\/v2\/product"}],"about":[{"href":"https:\/\/tp-electric.vn\/index.php\/wp-json\/wp\/v2\/types\/product"}],"replies":[{"embeddable":true,"href":"https:\/\/tp-electric.vn\/index.php\/wp-json\/wp\/v2\/comments?post=3104"}],"wp:featuredmedia":[{"embeddable":true,"href":"https:\/\/tp-electric.vn\/index.php\/wp-json\/wp\/v2\/media\/3108"}],"wp:attachment":[{"href":"https:\/\/tp-electric.vn\/index.php\/wp-json\/wp\/v2\/media?parent=3104"}],"wp:term":[{"taxonomy":"product_cat","embeddable":true,"href":"https:\/\/tp-electric.vn\/index.php\/wp-json\/wp\/v2\/product_cat?post=3104"},{"taxonomy":"product_tag","embeddable":true,"href":"https:\/\/tp-electric.vn\/index.php\/wp-json\/wp\/v2\/product_tag?post=3104"}],"curies":[{"name":"wp","href":"https:\/\/api.w.org\/{rel}","templated":true}]}}