{"id":3093,"date":"2023-02-14T14:14:09","date_gmt":"2023-02-14T07:14:09","guid":{"rendered":"https:\/\/tp-electric.vn\/?post_type=product&#038;p=3093"},"modified":"2024-12-12T15:10:21","modified_gmt":"2024-12-12T08:10:21","slug":"kep-song-tole","status":"publish","type":"product","link":"https:\/\/tp-electric.vn\/index.php\/san-pham\/kep-song-tole\/","title":{"rendered":"K\u1eb9p s\u00f3ng tole"},"content":{"rendered":"<table style=\"height: 624px;\" border=\"1\" width=\"1029\" cellspacing=\"0\" cellpadding=\"0\">\n<tbody>\n<tr>\n<td style=\"width: 355.5px;\">\n<p align=\"center\"><strong>Code No.<\/strong><\/p>\n<\/td>\n<td style=\"width: 365.597px;\">\n<p align=\"center\"><strong>Material<\/strong><\/p>\n<\/td>\n<td style=\"width: 300.792px;\">\n<p align=\"center\"><strong>Weight (kg)<\/strong><\/p>\n<\/td>\n<\/tr>\n<tr>\n<td style=\"width: 355.5px;\">LYCMSS &#8211; A<\/td>\n<td style=\"width: 365.597px;\">\n<p align=\"center\">Stainless Steel<\/p>\n<\/td>\n<td style=\"width: 300.792px;\">\n<p align=\"center\">0.09<\/p>\n<\/td>\n<\/tr>\n<tr>\n<td style=\"width: 355.5px;\">LYCMSS \u2013 A1<\/td>\n<td style=\"width: 365.597px;\">\n<p align=\"center\">Stainless Steel<\/p>\n<\/td>\n<td style=\"width: 300.792px;\">\n<p align=\"center\">0.15<\/p>\n<\/td>\n<\/tr>\n<tr>\n<td style=\"width: 355.5px;\">LYCMSS \u2013 AA<\/td>\n<td style=\"width: 365.597px;\">\n<p align=\"center\">Stainless Steel<\/p>\n<\/td>\n<td style=\"width: 300.792px;\">\n<p align=\"center\">0.09<\/p>\n<\/td>\n<\/tr>\n<tr>\n<td style=\"width: 355.5px;\">LYCMSS \u2013 C<\/td>\n<td style=\"width: 365.597px;\">\n<p align=\"center\">Stainless Steel<\/p>\n<\/td>\n<td style=\"width: 300.792px;\">\n<p align=\"center\">0.07<\/p>\n<\/td>\n<\/tr>\n<tr>\n<td style=\"width: 355.5px;\">LYCMSS \u2013 D<\/td>\n<td style=\"width: 365.597px;\">\n<p align=\"center\">Stainless Steel<\/p>\n<\/td>\n<td style=\"width: 300.792px;\">\n<p align=\"center\">0.12<\/p>\n<\/td>\n<\/tr>\n<tr>\n<td style=\"width: 355.5px;\">LYCMSS \u2013 E<\/td>\n<td style=\"width: 365.597px;\">\n<p align=\"center\">Stainless Steel<\/p>\n<\/td>\n<td style=\"width: 300.792px;\">\n<p align=\"center\">0.08<\/p>\n<\/td>\n<\/tr>\n<tr>\n<td style=\"width: 355.5px;\">LYCMSS \u2013 N<\/td>\n<td style=\"width: 365.597px;\">\n<p align=\"center\">Stainless Steel<\/p>\n<\/td>\n<td style=\"width: 300.792px;\">\n<p align=\"center\">0.08<\/p>\n<\/td>\n<\/tr>\n<tr>\n<td style=\"width: 355.5px;\">LYCMSS \u2013 O<\/td>\n<td style=\"width: 365.597px;\">\n<p align=\"center\">Stainless Steel<\/p>\n<\/td>\n<td style=\"width: 300.792px;\">\n<p align=\"center\">0.12<\/p>\n<\/td>\n<\/tr>\n<tr>\n<td style=\"width: 355.5px;\">LYCMSS \u2013 Q<\/td>\n<td style=\"width: 365.597px;\">\n<p align=\"center\">Stainless Steel<\/p>\n<\/td>\n<td style=\"width: 300.792px;\">\n<p align=\"center\">0.08<\/p>\n<\/td>\n<\/tr>\n<tr>\n<td style=\"width: 355.5px;\">LYRHT-A<\/td>\n<td style=\"width: 365.597px;\">\n<p align=\"center\">Stainless Steel<\/p>\n<\/td>\n<td style=\"width: 300.792px;\">\n<p align=\"center\">0.03<\/p>\n<\/td>\n<\/tr>\n<tr>\n<td style=\"width: 355.5px;\">LYRHT-B<\/td>\n<td style=\"width: 365.597px;\">\n<p align=\"center\">Stainless Steel<\/p>\n<\/td>\n<td style=\"width: 300.792px;\">\n<p align=\"center\">0.07<\/p>\n<\/td>\n<\/tr>\n<\/tbody>\n<\/table>\n<div dir=\"auto\">&#8212;&#8212;&#8212;&#8212;&#8212;&#8212;-<\/div>\n<div dir=\"auto\">CH\u1eccN THU\u1eacN PHONG &#8211; CH\u1eccN S\u1ef0 AN T\u00c2M<\/div>\n<div dir=\"auto\"><span class=\"html-span xexx8yu x4uap5 x18d9i69 xkhd6sd x1hl2dhg x16tdsg8 x1vvkbs x3nfvp2 x1j61x8r x1fcty0u xdj266r xat24cr xgzva0m xhhsvwb xxymvpz xlup9mm x1kky2od\"><img decoding=\"async\" loading=\"lazy\" class=\"xz74otr\" src=\"https:\/\/static.xx.fbcdn.net\/images\/emoji.php\/v9\/t4c\/1\/16\/25aa.png\" alt=\"\u25aa\" width=\"16\" height=\"16\" \/><\/span> Hotline: 0869.564.567<\/div>\n<div dir=\"auto\"><span class=\"html-span xexx8yu x4uap5 x18d9i69 xkhd6sd x1hl2dhg x16tdsg8 x1vvkbs x3nfvp2 x1j61x8r x1fcty0u xdj266r xat24cr xgzva0m xhhsvwb xxymvpz xlup9mm x1kky2od\"><img decoding=\"async\" loading=\"lazy\" class=\"xz74otr\" src=\"https:\/\/static.xx.fbcdn.net\/images\/emoji.php\/v9\/t4c\/1\/16\/25aa.png\" alt=\"\u25aa\" width=\"16\" height=\"16\" \/><\/span> K\u1ef9 thu\u1eadt: Mr D\u0169ng 0899768777<\/div>\n<div dir=\"auto\"><span class=\"html-span xexx8yu x4uap5 x18d9i69 xkhd6sd x1hl2dhg x16tdsg8 x1vvkbs x3nfvp2 x1j61x8r x1fcty0u xdj266r xat24cr xgzva0m xhhsvwb xxymvpz xlup9mm x1kky2od\"><img decoding=\"async\" loading=\"lazy\" class=\"xz74otr\" src=\"https:\/\/static.xx.fbcdn.net\/images\/emoji.php\/v9\/t4c\/1\/16\/25aa.png\" alt=\"\u25aa\" width=\"16\" height=\"16\" \/><\/span> Tr\u1ee5 s\u1edf ch\u00ednh: 30 Nguy\u1ec5n H\u1eefu D\u1eadt, ph\u01b0\u1eddng Nam L\u00fd, th\u00e0nh ph\u1ed1 \u0110\u1ed3ng H\u1edbi, t\u1ec9nh Qu\u1ea3ng B\u00ecnh, Vi\u1ec7t Nam<\/div>\n<div dir=\"auto\"><span class=\"html-span xexx8yu x4uap5 x18d9i69 xkhd6sd x1hl2dhg x16tdsg8 x1vvkbs x3nfvp2 x1j61x8r x1fcty0u xdj266r xat24cr xgzva0m xhhsvwb xxymvpz xlup9mm x1kky2od\"><img decoding=\"async\" loading=\"lazy\" class=\"xz74otr\" src=\"https:\/\/static.xx.fbcdn.net\/images\/emoji.php\/v9\/t4c\/1\/16\/25aa.png\" alt=\"\u25aa\" width=\"16\" height=\"16\" \/><\/span> Tr\u1ee5 s\u1edf H\u00e0 N\u1ed9i: Nh\u00e0 ph\u1ed1 th\u01b0\u01a1ng m\u1ea1i Khai S\u01a1n Town s\u1ed1 18 thu\u1ed9c Town 7, khu \u0111\u00f4 th\u1ecb Khai S\u01a1n City, Ph\u01b0\u1eddng Th\u01b0\u1ee3ng Thanh, Qu\u1eadn Long Bi\u00ean, TP H\u00e0 N\u1ed9i<\/div>\n","protected":false},"excerpt":{"rendered":"<p><strong>M\u00f4 t\u1ea3 :<\/strong><\/p>\n<p>V\u1eadt li\u1ec7u: Th\u00e9p kh\u00f4ng g\u1ec9<\/p>\n<p>Xu\u1ea5t x\u1ee9: Kumwell &#8211; Th\u00e1i Lan<\/p>\n","protected":false},"featured_media":3097,"comment_status":"open","ping_status":"closed","template":"","meta":[],"product_cat":[223],"product_tag":[324,323],"jetpack-related-posts":[{"id":3079,"url":"https:\/\/tp-electric.vn\/index.php\/san-pham\/kep-do-cap-thoat-set-lcas-kumwell\/","url_meta":{"origin":3093,"position":0},"title":"K\u1eb9p \u0111\u1ee1 c\u00e1p tho\u00e1t s\u00e9t LCAS-Kumwell","author":"","date":"14\/02\/2023","format":false,"excerpt":"M\u00e3 s\u1ea3n ph\u1ea9m:LCAS K\u1eb9p \u0111\u1ee1, \u0111\u1ecbnh v\u1ecb c\u00e1p tho\u00e1t s\u00e9t Ti\u00eau chu\u1ea9n: H\u1ee3p kim \u0111\u1ed3ng \u2013 BS EN 1982 H\u1ee3p kim nh\u00f4m \u2013 BS EN 2898 Xu\u1ea5t x\u1ee9: Kumwell \u2013 Th\u00e1i L","rel":"","context":"Similar post","block_context":{"text":"Similar post","link":""},"img":{"alt_text":"","src":"","width":0,"height":0},"classes":[]},{"id":3163,"url":"https:\/\/tp-electric.vn\/index.php\/san-pham\/grss-kumwell-coc-tiep-dat-bang-inox\/","url_meta":{"origin":3093,"position":1},"title":"GRSS-Kumwell-C\u1ecdc ti\u1ebfp \u0111\u1ea5t b\u1eb1ng inox","author":"","date":"14\/02\/2023","format":false,"excerpt":"C\u1ecdc ti\u1ebfp \u0111\u1ea5t b\u1eb1ng inox\u00a0 GRSS-Kumwell Xu\u1ea5t x\u1ee9: Kumwell \u2013 Th\u00e1i Lan","rel":"","context":"Similar post","block_context":{"text":"Similar post","link":""},"img":{"alt_text":"","src":"","width":0,"height":0},"classes":[]},{"id":3192,"url":"https:\/\/tp-electric.vn\/index.php\/san-pham\/cuon-day-xa-tinh-dien\/","url_meta":{"origin":3093,"position":2},"title":"Cu\u1ed9n d\u00e2y x\u00e3 t\u0129nh \u0111i\u1ec7n","author":"","date":"14\/02\/2023","format":false,"excerpt":"M\u00f4 t\u1ea3 : Xu\u1ea5t x\u1ee9: Kumwell - Th\u00e1i Lan \u1ee8ng d\u1ee5ng :\u00a0Gi\u1ea3i ph\u00f3ng \u0111i\u1ec7n t\u0129nh t\u1eeb m\u00e1y bay, tr\u1ea1m x\u0103ng, nh\u00e0 m\u00e1y h\u00f3a d\u1ea7u,...\u00a0 trong h\u1ec7 th\u1ed1ng n\u1ed1i \u0111\u1ea5t.","rel":"","context":"Similar post","block_context":{"text":"Similar post","link":""},"img":{"alt_text":"","src":"https:\/\/i0.wp.com\/tp-electric.vn\/wp-content\/uploads\/2023\/02\/1-20.png?fit=850%2C850&ssl=1&resize=350%2C200","width":350,"height":200,"srcset":"https:\/\/i0.wp.com\/tp-electric.vn\/wp-content\/uploads\/2023\/02\/1-20.png?fit=850%2C850&ssl=1&resize=350%2C200 1x, https:\/\/i0.wp.com\/tp-electric.vn\/wp-content\/uploads\/2023\/02\/1-20.png?fit=850%2C850&ssl=1&resize=700%2C400 2x"},"classes":[]},{"id":3177,"url":"https:\/\/tp-electric.vn\/index.php\/san-pham\/khop-noi-coc-co-ren\/","url_meta":{"origin":3093,"position":3},"title":"Kh\u1edbp n\u1ed1i c\u1ecdc c\u00f3 ren","author":"","date":"14\/02\/2023","format":false,"excerpt":"M\u00f4 t\u1ea3 : Ti\u00eau chu\u1ea9n: IEC 62561-2 V\u1eadt li\u1ec7u: H\u1ee3p kim \u0111\u1ed3ng Xu\u1ea5t x\u1ee9: Kumwell - Th\u00e1i Lan \u1ee8ng d\u1ee5ng : d\u00f9ng \u0111\u1ec3 n\u1ed1i c\u00e1c c\u1ecdc ti\u1ebfp \u0111\u1ecba c\u00f3 ren v\u1edbi nhau.","rel":"","context":"Similar post","block_context":{"text":"Similar post","link":""},"img":{"alt_text":"","src":"","width":0,"height":0},"classes":[]},{"id":3182,"url":"https:\/\/tp-electric.vn\/index.php\/san-pham\/dau-dong-coc-tiep-dia\/","url_meta":{"origin":3093,"position":4},"title":"\u0110\u1ea7u \u0111\u00f3ng c\u1ecdc ti\u1ebfp \u0111\u1ecba","author":"","date":"14\/02\/2023","format":false,"excerpt":"M\u00f4 t\u1ea3 : Ti\u00eau chu\u1ea9n: IEC 62561-2 V\u1eadt li\u1ec7u: Th\u00e9p c\u01b0\u1eddng \u0111\u1ed9 cao Xu\u1ea5t x\u1ee9: Kumwell - Th\u00e1i Lan \u1ee8ng d\u1ee5ng : B\u1ea3o v\u1ec7 \u0111\u1ea7u c\u1ecdc ti\u1ebfp \u0111\u1ecba khi \u0111\u00f3ng.","rel":"","context":"Similar post","block_context":{"text":"Similar post","link":""},"img":{"alt_text":"","src":"","width":0,"height":0},"classes":[]},{"id":3001,"url":"https:\/\/tp-electric.vn\/index.php\/san-pham\/hop-kiem-tra-chong-set-bang-nhom-gyatb\/","url_meta":{"origin":3093,"position":5},"title":"H\u1ed9p ki\u1ec5m tra ch\u1ed1ng s\u00e9t b\u1eb1ng Nh\u00f4m GYATB","author":"","date":"14\/02\/2023","format":false,"excerpt":"M\u00f4 t\u1ea3 : Ti\u00eau chu\u1ea9n: IEC 62561-1 V\u1eadt li\u1ec7u: H\u1ee3p kim nh\u00f4m Xu\u1ea5t x\u1ee9: Kumwell - Th\u00e1i Lan \u1ee8ng d\u1ee5ng : D\u00f9ng \u0111\u1ec3 ki\u1ec3m tra \u0111i\u1ec7n tr\u1edf v\u00e0 t\u00ecnh tr\u1ea1ng ho\u1ea1t \u0111\u1ed9ng c\u1ee7a h\u1ec7 th\u1ed1ng ch\u1ed1ng s\u00e9t.","rel":"","context":"Similar post","block_context":{"text":"Similar post","link":""},"img":{"alt_text":"","src":"https:\/\/i0.wp.com\/tp-electric.vn\/wp-content\/uploads\/2023\/02\/2-6.png?fit=850%2C850&ssl=1&resize=350%2C200","width":350,"height":200,"srcset":"https:\/\/i0.wp.com\/tp-electric.vn\/wp-content\/uploads\/2023\/02\/2-6.png?fit=850%2C850&ssl=1&resize=350%2C200 1x, https:\/\/i0.wp.com\/tp-electric.vn\/wp-content\/uploads\/2023\/02\/2-6.png?fit=850%2C850&ssl=1&resize=700%2C400 2x"},"classes":[]}],"_links":{"self":[{"href":"https:\/\/tp-electric.vn\/index.php\/wp-json\/wp\/v2\/product\/3093"}],"collection":[{"href":"https:\/\/tp-electric.vn\/index.php\/wp-json\/wp\/v2\/product"}],"about":[{"href":"https:\/\/tp-electric.vn\/index.php\/wp-json\/wp\/v2\/types\/product"}],"replies":[{"embeddable":true,"href":"https:\/\/tp-electric.vn\/index.php\/wp-json\/wp\/v2\/comments?post=3093"}],"wp:featuredmedia":[{"embeddable":true,"href":"https:\/\/tp-electric.vn\/index.php\/wp-json\/wp\/v2\/media\/3097"}],"wp:attachment":[{"href":"https:\/\/tp-electric.vn\/index.php\/wp-json\/wp\/v2\/media?parent=3093"}],"wp:term":[{"taxonomy":"product_cat","embeddable":true,"href":"https:\/\/tp-electric.vn\/index.php\/wp-json\/wp\/v2\/product_cat?post=3093"},{"taxonomy":"product_tag","embeddable":true,"href":"https:\/\/tp-electric.vn\/index.php\/wp-json\/wp\/v2\/product_tag?post=3093"}],"curies":[{"name":"wp","href":"https:\/\/api.w.org\/{rel}","templated":true}]}}