{"id":3088,"date":"2023-02-14T14:11:19","date_gmt":"2023-02-14T07:11:19","guid":{"rendered":"https:\/\/tp-electric.vn\/?post_type=product&#038;p=3088"},"modified":"2024-12-12T15:10:21","modified_gmt":"2024-12-12T08:10:21","slug":"oc-noi-cap","status":"publish","type":"product","link":"https:\/\/tp-electric.vn\/index.php\/san-pham\/oc-noi-cap\/","title":{"rendered":"\u1ed0c n\u1ed1i c\u00e1p"},"content":{"rendered":"<p><strong>Split Bolt<\/strong><\/p>\n<div class=\"table-responsive\">\n<table border=\"1\" width=\"637\" cellspacing=\"0\" cellpadding=\"0\">\n<tbody>\n<tr>\n<td rowspan=\"2\">\n<p align=\"center\"><strong>Code No.<\/strong><\/p>\n<\/td>\n<td colspan=\"2\">\n<p align=\"center\"><strong>Cable Size (mm<sup>2<\/sup>)<\/strong><\/p>\n<\/td>\n<td rowspan=\"2\">\n<p align=\"center\"><strong>Weight<\/strong><\/p>\n<p align=\"center\"><strong>(kg)<\/strong><\/p>\n<\/td>\n<\/tr>\n<tr>\n<td>\n<p align=\"center\"><strong>Run<\/strong><\/p>\n<\/td>\n<td>\n<p align=\"center\"><strong>Tap<\/strong><\/p>\n<\/td>\n<\/tr>\n<tr>\n<td>S-2\/0<\/td>\n<td>\n<p align=\"center\">2\/0 AWG<\/p>\n<\/td>\n<td>\n<p align=\"center\">2\/0 AWG<\/p>\n<\/td>\n<td>\n<p align=\"center\">0.10<\/p>\n<\/td>\n<\/tr>\n<\/tbody>\n<\/table>\n<\/div>\n<div dir=\"auto\">&#8212;&#8212;&#8212;&#8212;&#8212;&#8212;&#8212;&#8212;&#8212;&#8212;<\/div>\n<div dir=\"auto\">CH\u1eccN THU\u1eacN PHONG &#8211; CH\u1eccN S\u1ef0 AN T\u00c2M<\/div>\n<div dir=\"auto\"><span class=\"html-span xexx8yu x4uap5 x18d9i69 xkhd6sd x1hl2dhg x16tdsg8 x1vvkbs x3nfvp2 x1j61x8r x1fcty0u xdj266r xat24cr xgzva0m xhhsvwb xxymvpz xlup9mm x1kky2od\"><img decoding=\"async\" loading=\"lazy\" class=\"xz74otr\" src=\"https:\/\/static.xx.fbcdn.net\/images\/emoji.php\/v9\/t4c\/1\/16\/25aa.png\" alt=\"\u25aa\" width=\"16\" height=\"16\" \/><\/span> Hotline: 0869.564.567<\/div>\n<div dir=\"auto\"><span class=\"html-span xexx8yu x4uap5 x18d9i69 xkhd6sd x1hl2dhg x16tdsg8 x1vvkbs x3nfvp2 x1j61x8r x1fcty0u xdj266r xat24cr xgzva0m xhhsvwb xxymvpz xlup9mm x1kky2od\"><img decoding=\"async\" loading=\"lazy\" class=\"xz74otr\" src=\"https:\/\/static.xx.fbcdn.net\/images\/emoji.php\/v9\/t4c\/1\/16\/25aa.png\" alt=\"\u25aa\" width=\"16\" height=\"16\" \/><\/span> K\u1ef9 thu\u1eadt: Mr D\u0169ng 0899768777<\/div>\n<div dir=\"auto\"><span class=\"html-span xexx8yu x4uap5 x18d9i69 xkhd6sd x1hl2dhg x16tdsg8 x1vvkbs x3nfvp2 x1j61x8r x1fcty0u xdj266r xat24cr xgzva0m xhhsvwb xxymvpz xlup9mm x1kky2od\"><img decoding=\"async\" loading=\"lazy\" class=\"xz74otr\" src=\"https:\/\/static.xx.fbcdn.net\/images\/emoji.php\/v9\/t4c\/1\/16\/25aa.png\" alt=\"\u25aa\" width=\"16\" height=\"16\" \/><\/span> Tr\u1ee5 s\u1edf ch\u00ednh: 30 Nguy\u1ec5n H\u1eefu D\u1eadt, ph\u01b0\u1eddng Nam L\u00fd, th\u00e0nh ph\u1ed1 \u0110\u1ed3ng H\u1edbi, t\u1ec9nh Qu\u1ea3ng B\u00ecnh, Vi\u1ec7t Nam<\/div>\n<div dir=\"auto\"><span class=\"html-span xexx8yu x4uap5 x18d9i69 xkhd6sd x1hl2dhg x16tdsg8 x1vvkbs x3nfvp2 x1j61x8r x1fcty0u xdj266r xat24cr xgzva0m xhhsvwb xxymvpz xlup9mm x1kky2od\"><img decoding=\"async\" loading=\"lazy\" class=\"xz74otr\" src=\"https:\/\/static.xx.fbcdn.net\/images\/emoji.php\/v9\/t4c\/1\/16\/25aa.png\" alt=\"\u25aa\" width=\"16\" height=\"16\" \/><\/span> Tr\u1ee5 s\u1edf H\u00e0 N\u1ed9i: Nh\u00e0 ph\u1ed1 th\u01b0\u01a1ng m\u1ea1i Khai S\u01a1n Town s\u1ed1 18 thu\u1ed9c Town 7, khu \u0111\u00f4 th\u1ecb Khai S\u01a1n City, Ph\u01b0\u1eddng Th\u01b0\u1ee3ng Thanh, Qu\u1eadn Long Bi\u00ean, TP H\u00e0 N\u1ed9i<\/div>\n","protected":false},"excerpt":{"rendered":"<p><strong>M\u00f4 t\u1ea3 :<\/strong><\/p>\n<p>Ti\u00eau chu\u1ea9n: IEC 62561 \u2013 1, BS EN 1982<\/p>\n<p>V\u1eadt li\u1ec7u: H\u1ee3p kim \u0111\u1ed3ng<\/p>\n<p>Xu\u1ea5t x\u1ee9: Kumwell &#8211; Th\u00e1i Lan<\/p>\n","protected":false},"featured_media":3072,"comment_status":"open","ping_status":"closed","template":"","meta":[],"product_cat":[223],"product_tag":[327,328],"jetpack-related-posts":[{"id":3285,"url":"https:\/\/tp-electric.vn\/index.php\/san-pham\/aptomat-mccb-tmax-abb\/","url_meta":{"origin":3088,"position":0},"title":"APTOMAT MCCB TMAX ABB","author":"","date":"25\/02\/2023","format":false,"excerpt":"\u00a0\u01afU \u0110I\u1ec2M: S\u1ea3n xu\u1ea5t t\u1ea1i \u00dd, b\u1ea3o v\u1ec7 qu\u00e1 t\u1ea3i, ng\u1eafn m\u1ea1ch Kh\u1ea3 n\u0103ng c\u1eaft d\u00f2ng ng\u1eafn m\u1ea1ch l\u00ean \u0111\u1ebfn 150kA Ng\u1eaft m\u1ea1ch b\u1ea3o v\u1ec7 c\u00e1c thi\u1ebft b\u1ecb c\u00f3 d\u00f2ng \u0111\u1ecbnh m\u1ee9c \u0111\u1ebfn 1600A Ch\u1ec9nh d\u00f2ng qu\u00e1 t\u1ea3i v\u1edbi trip t\u1eeb nhi\u1ec7t v\u00e0 \u0111i\u1ec7n t\u1eed S\u1eed d\u1ee5ng \u1edf m\u00f4i tr\u01b0\u1eddng\u2026","rel":"","context":"Similar post","block_context":{"text":"Similar post","link":""},"img":{"alt_text":"Tmax XT Molded Case Circuit Breakers (MCCB)","src":"https:\/\/i0.wp.com\/electrification.us.abb.com\/sites\/default\/files\/sace-tmax-xt-series-of-molded-case-circuit-breakers.jpg?resize=350%2C200&ssl=1","width":350,"height":200,"srcset":"https:\/\/i0.wp.com\/electrification.us.abb.com\/sites\/default\/files\/sace-tmax-xt-series-of-molded-case-circuit-breakers.jpg?resize=350%2C200&ssl=1 1x, https:\/\/i0.wp.com\/electrification.us.abb.com\/sites\/default\/files\/sace-tmax-xt-series-of-molded-case-circuit-breakers.jpg?resize=700%2C400&ssl=1 2x"},"classes":[]},{"id":2759,"url":"https:\/\/tp-electric.vn\/index.php\/san-pham\/den-bao-pha-gan-dinrail-ssl-g220a\/","url_meta":{"origin":3088,"position":1},"title":"\u0110\u00c8N B\u00c1O PHA G\u1eaeN Dinrail SSL-G220A","author":"","date":"07\/02\/2023","format":false,"excerpt":"\u0110\u00e8n b\u00e1o pha g\u1eafn rail SIGMA 220V Nh\u1ecf g\u1ecdn, m\u1ecfng, g\u1eafn rail t\u1ee7 B\u00e1o 1 pha, 2 pha & 3 pha\u00a03 m\u00e0u \u0111\u1ec3 ch\u1ecdn C\u00f4ng ngh\u1ec7 LED cho \u0111\u1ed9 b\u1ec1n cao Ngu\u1ed3n c\u1ea5p 240 VAC T\u1ea7n s\u1ed1 50\/60Hz S\u1ed1 th\u00f4ng b\u00e1o 3 M\u00e0u: \u0110\u1ecf - V\u00e0ng - Xanh","rel":"","context":"Similar post","block_context":{"text":"Similar post","link":""},"img":{"alt_text":"","src":"https:\/\/i0.wp.com\/tp-electric.vn\/wp-content\/uploads\/2023\/02\/1-4.png?fit=466%2C469&ssl=1&resize=350%2C200","width":350,"height":200},"classes":[]},{"id":2692,"url":"https:\/\/tp-electric.vn\/index.php\/san-pham\/mccb-sigma-3p-160a\/","url_meta":{"origin":3088,"position":2},"title":"MCCB SIGMA 3P","author":"","date":"07\/02\/2023","format":false,"excerpt":"\u00a0 \u00a0 MCCB Sigma\u00a0 \u0111\u01b0\u1ee3c s\u1ea3n xu\u1ea5t t\u1ea1i Th\u1ed5 Nh\u0129 K\u1ef3 theo ti\u00eau chu\u1ea9n TS 1058 EN 60947-2 Ch\u1ee9c n\u0103ng ch\u00ednh: M\u1edf v\u00e0 \u0111\u00f3ng m\u1ea1ch B\u1ea3o v\u1ec7 ch\u1ed1ng d\u00f2ng \u0111i\u1ec7n qu\u00e1 t\u1ea3i B\u1ea3o v\u1ec7 ch\u1ed1ng d\u00f2ng \u0111i\u1ec7n ng\u1eafn m\u1ea1ch C\u00e1c t\u00ednh n\u0103ng ch\u00ednh D\u1ea3i d\u00f2ng \u0111i\u1ec7n \u0111\u1ecbnh m\u1ee9c t\u1eeb Idm:\u2026","rel":"","context":"Similar post","block_context":{"text":"Similar post","link":""},"img":{"alt_text":"","src":"https:\/\/i0.wp.com\/tp-electric.vn\/wp-content\/uploads\/2023\/02\/mccb-khoi-3p.jpg?fit=1000%2C1000&ssl=1&resize=350%2C200","width":350,"height":200,"srcset":"https:\/\/i0.wp.com\/tp-electric.vn\/wp-content\/uploads\/2023\/02\/mccb-khoi-3p.jpg?fit=1000%2C1000&ssl=1&resize=350%2C200 1x, https:\/\/i0.wp.com\/tp-electric.vn\/wp-content\/uploads\/2023\/02\/mccb-khoi-3p.jpg?fit=1000%2C1000&ssl=1&resize=700%2C400 2x"},"classes":[]},{"id":3054,"url":"https:\/\/tp-electric.vn\/index.php\/san-pham\/thanh-nhom\/","url_meta":{"origin":3088,"position":3},"title":"Thanh nh\u00f4m","author":"","date":"14\/02\/2023","format":false,"excerpt":"M\u00f4 t\u1ea3 : Ti\u00eau chu\u1ea9n: IEC 62561 \u2013 2, BS 2898 V\u1eadt li\u1ec7u: Nh\u00f4m Xu\u1ea5t x\u1ee9: Kumwell - Th\u00e1i Lan","rel":"","context":"Similar post","block_context":{"text":"Similar post","link":""},"img":{"alt_text":"","src":"","width":0,"height":0},"classes":[]},{"id":3056,"url":"https:\/\/tp-electric.vn\/index.php\/san-pham\/thanh-dong-tron\/","url_meta":{"origin":3088,"position":4},"title":"Thanh \u0111\u1ed3ng tr\u00f2n","author":"","date":"14\/02\/2023","format":false,"excerpt":"M\u00f4 t\u1ea3 : Ti\u00eau chu\u1ea9n: IEC 62561 \u2013 2, BS EN 13601 V\u1eadt li\u1ec7u: \u0110\u1ed3ng Xu\u1ea5t x\u1ee9: Kumwell - Th\u00e1i Lan \u1ee8ng d\u1ee5ng: l\u00e0m d\u00e2y d\u1eabn tho\u00e1t s\u00e9t v\u00e0 d\u00e2y d\u1eabn ti\u1ebfp \u0111\u1ecba.","rel":"","context":"Similar post","block_context":{"text":"Similar post","link":""},"img":{"alt_text":"","src":"","width":0,"height":0},"classes":[]},{"id":3078,"url":"https:\/\/tp-electric.vn\/index.php\/san-pham\/kep-dinh-vi-thanh-dong-lptc-kumwell\/","url_meta":{"origin":3088,"position":5},"title":"K\u1eb9p \u0111\u1ecbnh v\u1ecb thanh \u0111\u1ed3ng LPTC -Kumwell","author":"","date":"14\/02\/2023","format":false,"excerpt":"M\u00e3 s\u1ea3n ph\u1ea9m:LPTC K\u1eb9p \u0111\u1ecbnh v\u1ecb thanh \u0111\u1ed3ng tho\u00e1t s\u00e9t Ti\u00eau chu\u1ea9n: BS EN 13601 Xu\u1ea5t x\u1ee9: Kumwell \u2013 Th\u00e1i L","rel":"","context":"Similar post","block_context":{"text":"Similar post","link":""},"img":{"alt_text":"","src":"","width":0,"height":0},"classes":[]}],"_links":{"self":[{"href":"https:\/\/tp-electric.vn\/index.php\/wp-json\/wp\/v2\/product\/3088"}],"collection":[{"href":"https:\/\/tp-electric.vn\/index.php\/wp-json\/wp\/v2\/product"}],"about":[{"href":"https:\/\/tp-electric.vn\/index.php\/wp-json\/wp\/v2\/types\/product"}],"replies":[{"embeddable":true,"href":"https:\/\/tp-electric.vn\/index.php\/wp-json\/wp\/v2\/comments?post=3088"}],"wp:featuredmedia":[{"embeddable":true,"href":"https:\/\/tp-electric.vn\/index.php\/wp-json\/wp\/v2\/media\/3072"}],"wp:attachment":[{"href":"https:\/\/tp-electric.vn\/index.php\/wp-json\/wp\/v2\/media?parent=3088"}],"wp:term":[{"taxonomy":"product_cat","embeddable":true,"href":"https:\/\/tp-electric.vn\/index.php\/wp-json\/wp\/v2\/product_cat?post=3088"},{"taxonomy":"product_tag","embeddable":true,"href":"https:\/\/tp-electric.vn\/index.php\/wp-json\/wp\/v2\/product_tag?post=3088"}],"curies":[{"name":"wp","href":"https:\/\/api.w.org\/{rel}","templated":true}]}}