{"id":3084,"date":"2023-02-14T14:13:44","date_gmt":"2023-02-14T07:13:44","guid":{"rendered":"https:\/\/tp-electric.vn\/?post_type=product&#038;p=3084"},"modified":"2024-12-12T15:10:21","modified_gmt":"2024-12-12T08:10:21","slug":"son-chong-chay-cho-cap-dien-sti-cs105","status":"publish","type":"product","link":"https:\/\/tp-electric.vn\/index.php\/san-pham\/son-chong-chay-cho-cap-dien-sti-cs105\/","title":{"rendered":"S\u01a0N CH\u1ed0NG CH\u00c1Y CHO C\u00c1P \u0110I\u1ec6N STI CS105"},"content":{"rendered":"<h1><span style=\"font-size: 95%;\">S\u01a1n ch\u1ed1ng ch\u00e1y cho c\u00e1p \u0111i\u1ec7n STI CS105<\/span><\/h1>\n<p><span style=\"font-size: 95%;\">V\u1eadt li\u1ec7u ph\u1ee7 l\u00ean c\u00e1p\u00a0\u0111i\u1ec7n \u0111\u1ea3m b\u1ea3o ch\u1ed1ng ch\u00e1y theo chi\u1ec1u d\u1ecdc c\u00e1p \u0111i\u1ec7n<\/span><\/p>\n<h2><span style=\"font-size: 95%;\">\u1ee8ng d\u1ee5ng s\u01a1n ch\u1ed1ng ch\u00e1y cho c\u00e1p \u0111i\u1ec7n:<\/span><\/h2>\n<p><span style=\"font-size: 95%;\">B\u1ea3o v\u1ec7 c\u00e1p, thang c\u00e1p v\u00e0 b\u00f3 c\u00e1p<\/span><br \/>\n<span style=\"font-size: 95%;\">L\u0129nh v\u1ef1c \u1ee9ng d\u1ee5ng: Nh\u00e0 m\u00e1y l\u1ecdc d\u1ea7u, gi\u00e0n khoan, nh\u00e0 m\u00e1y\u00a0h\u00f3a ch\u1ea5t, nh\u00e0 m\u00e1y \u0111i\u1ec7n<\/span><\/p>\n<p><span style=\"font-size: 95%;\"><img decoding=\"async\" loading=\"lazy\" class=\"alignnone size-full wp-image-3090\" src=\"https:\/\/i0.wp.com\/tp-electric.vn\/wp-content\/uploads\/2023\/02\/son-chong-chay-cho-cap-600x450-1.jpg?resize=600%2C450&#038;ssl=1\" alt=\"\" width=\"600\" height=\"450\" data-recalc-dims=\"1\" \/><\/span><\/p>\n<blockquote><p><span style=\"font-size: 95%;\"><em>s\u01a1n ch\u1ed1ng ch\u00e1y cho c\u00e1p<\/em><\/span><\/p><\/blockquote>\n<h2><span style=\"font-size: 95%;\">Th\u00f4ng s\u1ed1 k\u1ef9 thu\u1eadt s\u1ea3n ph\u1ea9m s\u01a1n ch\u1ed1ng ch\u00e1y cho c\u00e1p :<\/span><\/h2>\n<blockquote><p><span style=\"font-size: 95%;\">\u1edf nhi\u1ec7t \u0111\u1ed9 20 \u0111\u1ed9 C v\u00e0 \u0111\u1ed9 \u1ea9m 65%<\/span><br \/>\n<span style=\"font-size: 95%;\">* Kh\u1ed1i l\u01b0\u1ee3ng trong m\u1ed7i th\u00f9ng: 19L \/ 25Kg<\/span><br \/>\n<span style=\"font-size: 95%;\">* M\u00e0u s\u1eafc: Tr\u1eafng<\/span><br \/>\n<span style=\"font-size: 95%;\">* Nhi\u1ec7t \u0111\u1ed9 l\u00e0m vi\u1ec7c:4 \u0111\u1ed9 C \u0111\u1ebfn 35 \u0111\u1ed9 C<\/span><br \/>\n<span style=\"font-size: 95%;\">* Th\u1eddi gian \u1ed5n \u0111\u1ecbnh b\u1ec1 m\u1eb7t: x\u1ea5p x\u1ec9 10 ph\u00fat<\/span><br \/>\n<span style=\"font-size: 95%;\">* Kho\u1ea3ng nhi\u1ec7t \u0111\u1ed9 ch\u1ecbu \u0111\u1ef1ng: 85 \u0111\u1ed9 C<\/span><br \/>\n<span style=\"font-size: 95%;\">D\u01b0\u1edbi 85 \u0111\u1ed9 C th\u00ec\u00a0<em><strong>s\u01a1n ch\u1ed1ng ch\u00e1y\u00a0<\/strong><\/em>\u00a0v\u1eabn \u1edf tr\u1ea1ng th\u00e1i ban \u0111\u1ea7u, khi nhi\u1ec7t \u0111\u1ed9 v\u01b0\u1ee3t qu\u00e1 85 \u0111\u1ed9 C, th\u00ec\u00a0<em><strong>s\u01a1n ch\u1ed1ng ch\u00e1y\u00a0<\/strong><\/em>\u00a0b\u1eaft \u0111\u1ea7u gi\u00e3n n\u1edf ra ch\u00e8n v\u00e0o c\u00e1c l\u1ed7 h\u1ed5ng \u0111\u1ec3 ng\u0103n ng\u1eeba \u00f4xi v\u00e0o khu v\u1ef1c ph\u00e1t nhi\u1ec7t gi\u00fap ng\u0103n ng\u1eeba ch\u00e1y lan cho C\u00e1p \u0111i\u1ec7n.<\/span><br \/>\n<span style=\"font-size: 95%;\">* Th\u1eddi gian b\u1ea3o qu\u1ea3n 24 th\u00e1ng \u1edf nhi\u1ec7t \u0111\u1ed9 t\u1eeb 4 \u0111\u1ed9 C \u0111\u1ebfn 35 \u0111\u1ed9 C, b\u1ea3o qu\u1ea3n n\u01a1i kh\u00f4 r\u00e1o v\u00e0 kh\u00f4ng m\u1edf ra khi ch\u01b0a s\u1eed d\u1ee5ng<\/span><br \/>\n<span style=\"font-size: 95%;\">* T\u1ef7 tr\u1ecdng: x\u1ea5p x\u1ec9 1,1g\/cm3<\/span><br \/>\n<span style=\"font-size: 95%;\">* H\u00e0m l\u01b0\u1ee3ng ch\u1ea5t r\u1eafn: 74%<\/span><br \/>\n<span style=\"font-size: 95%;\">* \u0110\u1ed9 \u0111\u1eb7c: c\u00f3 th\u1ec3 s\u1eed d\u1ee5ng \u0111\u01b0\u1ee3c cho s\u00fang phun ch\u00e2n kh\u00f4ng ho\u1eb7c qu\u00e9t b\u1eb1ng tay.<\/span><br \/>\n<span style=\"font-size: 95%;\">* Th\u1eddi gian kh\u00f4: 2 gi\u1edd<\/span><br \/>\n<span style=\"font-size: 95%;\">* Th\u1eddi gian l\u01b0u ho\u00e1: 24 \u0111\u1ebfn 48 gi\u1edd<\/span><\/p><\/blockquote>\n<p><span style=\"font-size: 95%;\"><img decoding=\"async\" loading=\"lazy\" class=\"alignnone size-full wp-image-3091\" src=\"https:\/\/i0.wp.com\/tp-electric.vn\/wp-content\/uploads\/2023\/02\/CS105-apply.jpg?resize=293%2C172&#038;ssl=1\" alt=\"\" width=\"293\" height=\"172\" data-recalc-dims=\"1\" \/><\/span><\/p>\n<blockquote><p><span style=\"font-size: 95%;\"><em>s\u01a1n ch\u1ed1ng ch\u00e1y cho c\u00e1p \u0111i\u1ec7n<\/em><\/span><\/p>\n<h3><span style=\"font-size: 95%;\">Hi\u1ec7u su\u1ea5t ch\u1eefa ch\u00e1y c\u1ee7a s\u01a1n ch\u1ed1ng ch\u00e1y cho c\u00e1p \u0111i\u1ec7n<\/span><\/h3>\n<div><\/div>\n<div><span style=\"font-size: 95%;\">\u0110\u00e3 \u0111\u01b0\u1ee3c ki\u1ec3m tra \u0111\u1ec3 BS476 Ph\u1ea7n 22 (1987), \u0111\u1ea1t \u0111\u01b0\u1ee3c s\u1ef1 to\u00e0n v\u1eb9n 4 gi\u1edd. C\u00e1c d\u00e2y c\u00e1p ti\u1ebfp t\u1ee5c mang theo trong 97 ph\u00fat.<\/span><\/div>\n<div><\/div>\n<div><span style=\"font-size: 95%;\">\u0110\u01b0\u1ee3c ki\u1ec3m tra theo ti\u00eau chu\u1ea9n Ch\u00e2u \u00c2u EN1363-1 (2000), \u0111\u1ea1t \u0111\u01b0\u1ee3c 2 gi\u1edd ch\u1ed1ng ch\u00e1y.<\/span><\/div>\n<h3><span style=\"font-size: 95%;\">\u01afu \u0111i\u1ec3m c\u1ee7a\u00a0s\u01a1n ch\u1ed1ng ch\u00e1y cho c\u00e1p \u0111i\u1ec7n<\/span><\/h3>\n<div><span style=\"font-size: 95%;\">\u2013 Kh\u00f4ng g\u00e2y h\u1ea1i cho d\u00e2y c\u00e1p l\u00e0m vi\u1ec7c v\u00e0 kh\u00f4ng g\u00e2y n\u00f3ng qu\u00e1 m\u1ee9c khi s\u1eed d\u1ee5ng h\u00e0ng ng\u00e0y \u2013 H\u1ea1n ch\u1ebf kh\u00f3i PVC trong tr\u01b0\u1eddng h\u1ee3p h\u1ecfa ho\u1ea1n<\/span><\/div>\n<div><span style=\"font-size: 95%;\">\u2013 Sau khi thi c\u00f4ng, l\u1edbp ph\u1ee7 n\u00e0y s\u1ebd cho ph\u00e9p m\u1ed9t s\u1ed1 t\u00ednh linh ho\u1ea1t m\u00e0 kh\u00f4ng b\u1ecb n\u1ee9t \u2013 l\u00fd t\u01b0\u1edfng cho c\u00e1p \u0111\u00f2i h\u1ecfi ph\u1ea3i b\u1ea3o tr\u00ec th\u01b0\u1eddng xuy\u00ean<\/span><\/div>\n<div><span style=\"font-size: 95%;\">\u2013 C\u00f3 th\u1ec3 D\u1ec5 d\u00e0ng \u00e1p d\u1ee5ng b\u1eb1ng ch\u1ed5i s\u01a1n\u00a0ho\u1eb7c phun<\/span><\/div>\n<h3><span style=\"font-size: 95%;\">H\u01b0\u1edbng d\u1eabn s\u1eed d\u1ee5ng\u00a0s\u01a1n ch\u1ed1ng ch\u00e1y cho c\u00e1p \u0111i\u1ec7n<\/span><\/h3>\n<div><span style=\"font-size: 95%;\">\u2013 \u0110\u1ea3m b\u1ea3o b\u1ec1 m\u1eb7t kh\u00f4 v\u00e0 kh\u00f4ng m\u1ee1. S\u01a1n l\u00f3t c\u0169 n\u00ean \u0111\u01b0\u1ee3c lo\u1ea1i b\u1ecf ho\u00e0n to\u00e0n tr\u01b0\u1edbc khi \u1ee9ng d\u1ee5ng.<\/span><\/div>\n<div><span style=\"font-size: 95%;\">\u2013 Khu\u1ea5y k\u1ef9 tr\u01b0\u1edbc khi s\u1eed d\u1ee5ng. S\u1ea3n ph\u1ea9m c\u00f3 th\u1ec3 \u0111\u01b0\u1ee3c s\u1eed d\u1ee5ng b\u1eb1ng c\u1ecd ho\u1eb7c phun. H\u00e3y tu\u00e2n theo c\u00e1c nguy\u00ean t\u1eafc c\u01a1 b\u1ea3n \u0111\u1ec3 l\u00e0m vi\u1ec7c v\u1edbi s\u01a1n<\/span><\/div>\n<div><span style=\"font-size: 95%;\">\u2013 \u00a0\u00c1p d\u1ee5ng \u1edf nhi\u1ec7t \u0111\u1ed9 tr\u00ean 10\u00baC v\u00e0 \u0111\u1ed9 \u1ea9m t\u01b0\u01a1ng \u0111\u1ed1i d\u01b0\u1edbi 80%.<\/span><\/div>\n<div><span style=\"font-size: 95%;\">\u2013 M\u1ed7i l\u00edt bao ph\u1ee7 kho\u1ea3ng 1m\u00b2 c\u00e1p b\u1ecdc ho\u1eb7c kho\u1ea3ng 20m c\u00e1p \u0111\u01b0\u1eddng k\u00ednh 25mm.<\/span><\/div>\n<div><span style=\"font-size: 95%;\">\u2013 Dung m\u00f4i pha lo\u00e3ng t\u1edbi 10% khi x\u1ecbt nh\u01b0ng \u0111\u1ea3m b\u1ea3o \u00e1p d\u1ee5ng t\u1ea3i ch\u00ednh x\u00e1c v\u00e0o khu v\u1ef1c \u0111\u1ec3 b\u1ea3o v\u1ec7 ch\u1ed1ng ch\u00e1y t\u1ed1i \u0111a \u2013 vui l\u00f2ng li\u00ean h\u1ec7 ph\u00f2ng k\u1ef9 thu\u1eadt \u0111\u1ec3 bi\u1ebft th\u00eam th\u00f4ng tin.<\/span><\/div>\n<div><span style=\"font-size: 95%;\">\u2013 Th\u1eddi gian kh\u00f4: Dries trong kho\u1ea3ng 1 gi\u1edd. L\u00e0m kh\u00f4 sau 24-48 gi\u1edd t\u00f9y thu\u1ed9c v\u00e0o \u00a0nhi\u1ec7t \u0111\u1ed9 xung quanh<\/span><\/div>\n<\/blockquote>\n","protected":false},"excerpt":{"rendered":"<p>S\u01a1n ch\u1ed1ng ch\u00e1y cho c\u00e1p \u0111i\u1ec7n STI CS105 V\u1eadt li\u1ec7u ph\u1ee7 l\u00ean c\u00e1p\u00a0\u0111i\u1ec7n \u0111\u1ea3m b\u1ea3o ch\u1ed1ng ch\u00e1y theo chi\u1ec1u d\u1ecdc c\u00e1p \u0111i\u1ec7n \u1ee8ng d\u1ee5ng s\u01a1n ch\u1ed1ng ch\u00e1y cho c\u00e1p \u0111i\u1ec7n: B\u1ea3o v\u1ec7 c\u00e1p, thang c\u00e1p v\u00e0 b\u00f3 c\u00e1p L\u0129nh v\u1ef1c \u1ee9ng d\u1ee5ng: Nh\u00e0 m\u00e1y l\u1ecdc d\u1ea7u, gi\u00e0n khoan, nh\u00e0 m\u00e1y\u00a0h\u00f3a ch\u1ea5t, nh\u00e0 m\u00e1y \u0111i\u1ec7n s\u01a1n&#8230;<\/p>\n","protected":false},"featured_media":3092,"comment_status":"open","ping_status":"closed","template":"","meta":[],"product_cat":[226],"product_tag":[],"jetpack-related-posts":[{"id":3062,"url":"https:\/\/tp-electric.vn\/index.php\/san-pham\/keo-ngan-chay-truong-no\/","url_meta":{"origin":3084,"position":0},"title":"KEO NG\u0102N CH\u00c1Y TR\u01af\u01a0NG N\u1ede","author":"","date":"14\/02\/2023","format":false,"excerpt":"Keo silicone ng\u0103n ch\u00e1y\u00a0tr\u01b0\u01a1ng n\u1edf LCI300 C\u00f3 graphite, c\u00f3 kh\u1ea3 n\u0103ng ng\u0103n ch\u00e1y \u0111\u1ebfn 4h, ch\u1ed1ng n\u01b0\u1edbc, kh\u00f3i v\u00e0 kh\u00ed \u0111\u1ed9c. \u00a0\u1ee8ng d\u1ee5ng c\u1ee7a keo ch\u1ed1ng ch\u00e1y lan LCI300 Tr\u00e1m\u00a0khe \/ l\u1ed7 xuy\u00ean\u00a0cho \u1ee9ng d\u1ee5ng c\u00e1p\u00a0\u0111i\u1ec7n Tr\u00e1m khe \/ l\u1ed7 xuy\u00ean\u00a0cho \u1ee9ng d\u1ee5ng b\u00f3 c\u00e1p, thang m\u00e1ng c\u00e1p\u00a0\u0111i\u1ec7n Tr\u00e1m khe\u2026","rel":"","context":"Similar post","block_context":{"text":"Similar post","link":""},"img":{"alt_text":"","src":"https:\/\/i0.wp.com\/tp-electric.vn\/wp-content\/uploads\/2023\/02\/LG-stilci300Nn.jpg?fit=300%2C411&ssl=1&resize=350%2C200","width":350,"height":200},"classes":[]},{"id":3131,"url":"https:\/\/tp-electric.vn\/index.php\/san-pham\/dat-set-ngan-chay-ssp-intumescent-firestop-putty\/","url_meta":{"origin":3084,"position":1},"title":"\u0110\u1ea4T S\u00c9T NG\u0102N CH\u00c1Y SSP INTUMESCENT FIRESTOP PUTTY","author":"","date":"14\/02\/2023","format":false,"excerpt":"Product Description \u0110\u1ea5t s\u00e9t ng\u0103n ch\u00e1y SSP INTUMESCENT FIRESTOP PUTTY \u0110\u1ea5t s\u00e9t ch\u1ed1ng ch\u00e1y- \u0111\u1ea5t s\u00e9t ng\u0103n ch\u00e1y\u00a0l\u00e0 s\u1ea3n ph\u1ea9m \u00a0kh\u00f4ng th\u1ec3 thi\u1ebfu cho ph\u00f2ng ch\u1ed1ng chay lan trong tr\u01b0\u1eddng h\u1ee3p h\u1ecfa ho\u1ea1n. \u1ee8ng D\u1ee5ng c\u1ee7a \u0111\u1ea5t s\u00e9t ng\u0103n ch\u00e1y: trong c\u00e1c T\u00f2a Nh\u00e0, Nh\u00e0 X\u01b0\u1edfng, C\u00f4ng tr\u00ecnh tr\u1ea1m xe,\u2026","rel":"","context":"Similar post","block_context":{"text":"Similar post","link":""},"img":{"alt_text":"","src":"https:\/\/i0.wp.com\/tp-electric.vn\/wp-content\/uploads\/2023\/02\/dat-set-chong-chay-day-dien.png?fit=301%2C227&ssl=1&resize=350%2C200","width":350,"height":200},"classes":[]},{"id":3123,"url":"https:\/\/tp-electric.vn\/index.php\/san-pham\/son-chong-chay-inca-dc309\/","url_meta":{"origin":3084,"position":2},"title":"S\u01a0N CH\u1ed0NG CH\u00c1Y INCA DC309","author":"","date":"14\/02\/2023","format":false,"excerpt":"Product Description Gi\u1edbi thi\u1ec7u s\u01a1n ch\u1ed1ng ch\u00e1y INCA DC309 S\u01a1n ch\u1ed1ng ch\u00e1y INCA DC309 l\u00e0 s\u01a1n \u0111a d\u1ee5ng d\u00f9ng m\u1edbi ph\u1ee5c \u0111\u00edch ch\u1ed1ng ch\u00e1y. Th\u1eddi gian ng\u0103n ch\u00e1y 3h. S\u1ea3n ph\u1ea9m \u0111\u1ea1t ch\u1ee9ng ch\u1ec9 ch\u1ed1ng ch\u00e1y NFPA, FCIA, UL, ASTM \u1ee8ng d\u1ee5ng s\u01a1n ch\u1ed1ng ch\u00e1y INCA DC309 S\u01a1n ph\u1ee7 ch\u1ed1ng\u2026","rel":"","context":"Similar post","block_context":{"text":"Similar post","link":""},"img":{"alt_text":"","src":"https:\/\/i0.wp.com\/tp-electric.vn\/wp-content\/uploads\/2023\/02\/dc309-cable-coating-cable-fire-barrier.jpg?resize=350%2C200&ssl=1","width":350,"height":200},"classes":[]},{"id":3152,"url":"https:\/\/tp-electric.vn\/index.php\/san-pham\/tam-chong-chay-inca-firestop-sheet\/","url_meta":{"origin":3084,"position":3},"title":"T\u1ea4M CH\u1ed0NG CH\u00c1Y INCA FIRESTOP SHEET","author":"","date":"14\/02\/2023","format":false,"excerpt":"Product Description Gi\u1edbi thi\u1ec7u v\u1ec1 t\u1ea5m ch\u1ed1ng ch\u00e1y INCA Firestop Sheet T\u1ea5m ch\u1ed1ng ch\u00e1y firestop sheet: FP-02, FP-04 v\u00e0 FP-04+ l\u00e0 t\u1ea5m composite ch\u1ed1ng ch\u00e1y lan d\u00f9ng cho l\u1ed7 m\u1edf l\u1edbn xuy\u00ean t\u01b0\u1eddng, s\u00e0n. S\u1ea3n ph\u1ea9m c\u00f3 ch\u1ee9ng nh\u1eadn ch\u1ed1ng ch\u00e1y UL, ASTM \u1ee8ng d\u1ee5ng c\u1ee7a t\u1ea5m ch\u1ed1ng ch\u00e1y lan\u2026","rel":"","context":"Similar post","block_context":{"text":"Similar post","link":""},"img":{"alt_text":"","src":"https:\/\/i0.wp.com\/tp-electric.vn\/wp-content\/uploads\/2023\/02\/FP-02-Firestop-Sheet.jpg?fit=500%2C500&ssl=1&resize=350%2C200","width":350,"height":200},"classes":[]},{"id":3451,"url":"https:\/\/tp-electric.vn\/index.php\/san-pham\/cxv-dsta-fr-06-1kv-cxv-data-fr-06-1kv-cap-chong-chay-ruot-dong-giap-mica-cach-dien-xlpe-giap-bang-kim-loai-vo-pvc-fr\/","url_meta":{"origin":3084,"position":4},"title":"C\u00e1p ch\u1ed1ng ch\u00e1y Cadivi CXV\/DATA(DSTA)\/FR &#8211; 0,6\/1 kV","author":"","date":"01\/03\/2023","format":false,"excerpt":"Ti\u00eau chu\u1ea9n \u00e1p d\u1ee5ng: TCVN 5935-1 \/ IEC 60502-1 TCVN 6612 \/ IEC 60228 IEC 60331-21; IEC 60332-1,3 \u2022=BS 6387; BS 4066-1,3 T\u1ea2I CATALOGUE T\u1ea0I \u0110\u00c2Y","rel":"","context":"Similar post","block_context":{"text":"Similar post","link":""},"img":{"alt_text":"","src":"https:\/\/i0.wp.com\/daphaco.com\/wp-content\/uploads\/2022\/12\/CAU-TAO-CXV-DSTA-FR-2048x476-1.jpg?resize=350%2C200&ssl=1","width":350,"height":200,"srcset":"https:\/\/i0.wp.com\/daphaco.com\/wp-content\/uploads\/2022\/12\/CAU-TAO-CXV-DSTA-FR-2048x476-1.jpg?resize=350%2C200&ssl=1 1x, https:\/\/i0.wp.com\/daphaco.com\/wp-content\/uploads\/2022\/12\/CAU-TAO-CXV-DSTA-FR-2048x476-1.jpg?resize=700%2C400&ssl=1 2x, https:\/\/i0.wp.com\/daphaco.com\/wp-content\/uploads\/2022\/12\/CAU-TAO-CXV-DSTA-FR-2048x476-1.jpg?resize=1050%2C600&ssl=1 3x, https:\/\/i0.wp.com\/daphaco.com\/wp-content\/uploads\/2022\/12\/CAU-TAO-CXV-DSTA-FR-2048x476-1.jpg?resize=1400%2C800&ssl=1 4x"},"classes":[]},{"id":3448,"url":"https:\/\/tp-electric.vn\/index.php\/san-pham\/cv-fr-06-kv-cap-chong-chay-ruot-dong-giap-mica-cach-dien-pvc-fr\/","url_meta":{"origin":3084,"position":5},"title":"C\u00c1P CH\u1ed0NG CH\u00c1Y CV\/FR \u2013 0,6\/1 KV, RU\u1ed8T \u0110\u1ed2NG, B\u0102NG MICA, C\u00c1CH \u0110I\u1ec6N FR \u2013PVC","author":"","date":"01\/03\/2023","format":false,"excerpt":"Ph\u1ea1m vi \u00e1p d\u1ee5ng: C\u00e1p ch\u1ed1ng ch\u00e1y CV\/FR d\u00f9ng cho h\u1ec7 th\u1ed1ng ph\u00e2n ph\u1ed1i \u0111i\u1ec7n \u0111\u01b0\u1ee3c thi\u1ebft k\u1ebf \u0111\u1ec3 duy tr\u00ec ngu\u1ed3n \u0111i\u1ec7n cho c\u00e1c thi\u1ebft b\u1ecb, h\u1ea1n ch\u1ebf s\u1ef1 lan truy\u1ec1n c\u1ee7a ng\u1ecdn l\u1eeda khi b\u1ecb \u1ea3nh h\u01b0\u1edfng b\u1edfi h\u1ecfa ho\u1ea1n, s\u1eed d\u1ee5ng ph\u00f9 h\u1ee3p trong c\u00e1c c\u00f4ng tr\u00ecnh...\u2026","rel":"","context":"Similar post","block_context":{"text":"Similar post","link":""},"img":{"alt_text":"","src":"https:\/\/i0.wp.com\/tp-electric.vn\/wp-content\/uploads\/2023\/03\/CC1.png?fit=300%2C300&ssl=1&resize=350%2C200","width":350,"height":200},"classes":[]}],"_links":{"self":[{"href":"https:\/\/tp-electric.vn\/index.php\/wp-json\/wp\/v2\/product\/3084"}],"collection":[{"href":"https:\/\/tp-electric.vn\/index.php\/wp-json\/wp\/v2\/product"}],"about":[{"href":"https:\/\/tp-electric.vn\/index.php\/wp-json\/wp\/v2\/types\/product"}],"replies":[{"embeddable":true,"href":"https:\/\/tp-electric.vn\/index.php\/wp-json\/wp\/v2\/comments?post=3084"}],"wp:featuredmedia":[{"embeddable":true,"href":"https:\/\/tp-electric.vn\/index.php\/wp-json\/wp\/v2\/media\/3092"}],"wp:attachment":[{"href":"https:\/\/tp-electric.vn\/index.php\/wp-json\/wp\/v2\/media?parent=3084"}],"wp:term":[{"taxonomy":"product_cat","embeddable":true,"href":"https:\/\/tp-electric.vn\/index.php\/wp-json\/wp\/v2\/product_cat?post=3084"},{"taxonomy":"product_tag","embeddable":true,"href":"https:\/\/tp-electric.vn\/index.php\/wp-json\/wp\/v2\/product_tag?post=3084"}],"curies":[{"name":"wp","href":"https:\/\/api.w.org\/{rel}","templated":true}]}}