{"id":3080,"date":"2023-02-14T14:03:32","date_gmt":"2023-02-14T07:03:32","guid":{"rendered":"https:\/\/tp-electric.vn\/?post_type=product&#038;p=3080"},"modified":"2024-12-12T15:10:21","modified_gmt":"2024-12-12T08:10:21","slug":"su-do-cach-dien-day-thoat-set-lisuv","status":"publish","type":"product","link":"https:\/\/tp-electric.vn\/index.php\/san-pham\/su-do-cach-dien-day-thoat-set-lisuv\/","title":{"rendered":"S\u1ee9 \u0111\u1ee1 c\u00e1ch \u0111i\u1ec7n d\u00e2y tho\u00e1t s\u00e9t LISUV"},"content":{"rendered":"<p>M\u00e3 s\u1ea3n ph\u1ea9m:LISUV<br \/>\nD\u00f9ng \u0111\u1ec3 c\u00e1ch ly d\u00e2y d\u1eabn tho\u00e1t s\u00e9t v\u1edbi k\u1ebft c\u1ea5u c\u00f4ng tr\u00ecnh<br \/>\nXu\u1ea5t x\u1ee9: Kumwell \u2013 Th\u00e1i Lan<\/p>\n<p><strong>Polypropylence Support<\/strong><\/p>\n<table width=\"474\">\n<tbody>\n<tr>\n<td width=\"144\">Code No.<\/td>\n<td width=\"135\">Color<\/td>\n<td width=\"195\">Weight \/ 100 (kg)<\/td>\n<\/tr>\n<tr>\n<td width=\"144\">LISUV\u20133-25B<\/td>\n<td width=\"135\">Black<\/td>\n<td width=\"195\">2.50<\/td>\n<\/tr>\n<tr>\n<td width=\"144\">LISUV\u20133-25W<\/td>\n<td width=\"135\">White<\/td>\n<td width=\"195\">2.50<\/td>\n<\/tr>\n<\/tbody>\n<\/table>\n<p>Application : Use as an insulator to support equipment<br \/>\nMaterial :\u00a0\u00a0\u00a0\u00a0 High grade and UV stabilized polypropylence (PP)<br \/>\nNote :\u00a0\u00a0\u00a0\u00a0\u00a0\u00a0\u00a0\u00a0\u00a0 Special color can be requested<\/p>\n<p>&nbsp;<\/p>\n","protected":false},"excerpt":{"rendered":"<p>M\u00e3 s\u1ea3n ph\u1ea9m:LISUV D\u00f9ng \u0111\u1ec3 c\u00e1ch ly d\u00e2y d\u1eabn tho\u00e1t s\u00e9t v\u1edbi k\u1ebft c\u1ea5u c\u00f4ng tr\u00ecnh Xu\u1ea5t x\u1ee9: Kumwell \u2013 Th\u00e1i Lan Polypropylence Support Code No. Color Weight \/ 100 (kg) LISUV\u20133-25B Black 2.50 LISUV\u20133-25W White 2.50 Application : Use as an insulator to support equipment Material :\u00a0\u00a0\u00a0\u00a0 High grade and UV stabilized polypropylence (PP)&#8230;<\/p>\n","protected":false},"featured_media":3068,"comment_status":"open","ping_status":"closed","template":"","meta":[],"product_cat":[224],"product_tag":[],"jetpack-related-posts":[{"id":3079,"url":"https:\/\/tp-electric.vn\/index.php\/san-pham\/kep-do-cap-thoat-set-lcas-kumwell\/","url_meta":{"origin":3080,"position":0},"title":"K\u1eb9p \u0111\u1ee1 c\u00e1p tho\u00e1t s\u00e9t LCAS-Kumwell","author":"","date":"14\/02\/2023","format":false,"excerpt":"M\u00e3 s\u1ea3n ph\u1ea9m:LCAS K\u1eb9p \u0111\u1ee1, \u0111\u1ecbnh v\u1ecb c\u00e1p tho\u00e1t s\u00e9t Ti\u00eau chu\u1ea9n: H\u1ee3p kim \u0111\u1ed3ng \u2013 BS EN 1982 H\u1ee3p kim nh\u00f4m \u2013 BS EN 2898 Xu\u1ea5t x\u1ee9: Kumwell \u2013 Th\u00e1i L","rel":"","context":"Similar post","block_context":{"text":"Similar post","link":""},"img":{"alt_text":"","src":"","width":0,"height":0},"classes":[]},{"id":3085,"url":"https:\/\/tp-electric.vn\/index.php\/san-pham\/kep-chu-t-cap-thoat-set-ltec\/","url_meta":{"origin":3080,"position":1},"title":"K\u1eb9p ch\u1eef T c\u00e1p tho\u00e1t s\u00e9t LTEC","author":"","date":"14\/02\/2023","format":false,"excerpt":"M\u00f4 t\u1ea3 : Ti\u00eau chu\u1ea9n: IEC 62561 \u2013 1, BS EN 1982 V\u1eadt li\u1ec7u: H\u1ee3p kim \u0111\u1ed3ng, h\u1ee3p kim nh\u00f4m Xu\u1ea5t x\u1ee9: Kumwell - Th\u00e1i Lan \u1ee8ng d\u1ee5ng: k\u1eb9p n\u1ed1i ch\u1eef T c\u00e1p tho\u00e1t s\u00e9t.","rel":"","context":"Similar post","block_context":{"text":"Similar post","link":""},"img":{"alt_text":"","src":"","width":0,"height":0},"classes":[]},{"id":3086,"url":"https:\/\/tp-electric.vn\/index.php\/san-pham\/kep-nga-tu-thanh-thoat-set\/","url_meta":{"origin":3080,"position":2},"title":"K\u1eb9p ng\u00e3 t\u01b0 thanh tho\u00e1t s\u00e9t","author":"","date":"14\/02\/2023","format":false,"excerpt":"M\u00f4 t\u1ea3 : Ti\u00eau chu\u1ea9n: IEC 62561 \u2013 1, BS EN 1982, BS 2898 V\u1eadt li\u1ec7u: H\u1ee3p kim \u0111\u1ed3ng Xu\u1ea5t x\u1ee9: Kumwell - Th\u00e1i Lan \u1ee8ng d\u1ee5ng: k\u1eb9p ng\u00e3 t\u01b0 thanh \u0111\u1ed3ng ho\u1eb7c thanh nh\u00f4m tho\u00e1t s\u00e9t","rel":"","context":"Similar post","block_context":{"text":"Similar post","link":""},"img":{"alt_text":"","src":"","width":0,"height":0},"classes":[]},{"id":3087,"url":"https:\/\/tp-electric.vn\/index.php\/san-pham\/kep-co-dinh-thanh-thoat-set\/","url_meta":{"origin":3080,"position":3},"title":"K\u1eb9p c\u1ed1 \u0111\u1ecbnh thanh tho\u00e1t s\u00e9t","author":"","date":"14\/02\/2023","format":false,"excerpt":"M\u00f4 t\u1ea3 : Ti\u00eau chu\u1ea9n: IEC 62561 \u2013 4, BS EN 1982,\u00a0BS 2898 V\u1eadt li\u1ec7u: H\u1ee3p kim \u0111\u1ed3ng, h\u1ee3p kim nh\u00f4m Xu\u1ea5t x\u1ee9: Kumwell - Th\u00e1i Lan \u1ee8ng d\u1ee5ng: k\u1eb9p \u0111\u1ecbnh v\u1ecb thanh \u0111\u1ed3ng hay thanh nh\u00f4m tho\u00e1t s\u00e9t","rel":"","context":"Similar post","block_context":{"text":"Similar post","link":""},"img":{"alt_text":"","src":"","width":0,"height":0},"classes":[]},{"id":3056,"url":"https:\/\/tp-electric.vn\/index.php\/san-pham\/thanh-dong-tron\/","url_meta":{"origin":3080,"position":4},"title":"Thanh \u0111\u1ed3ng tr\u00f2n","author":"","date":"14\/02\/2023","format":false,"excerpt":"M\u00f4 t\u1ea3 : Ti\u00eau chu\u1ea9n: IEC 62561 \u2013 2, BS EN 13601 V\u1eadt li\u1ec7u: \u0110\u1ed3ng Xu\u1ea5t x\u1ee9: Kumwell - Th\u00e1i Lan \u1ee8ng d\u1ee5ng: l\u00e0m d\u00e2y d\u1eabn tho\u00e1t s\u00e9t v\u00e0 d\u00e2y d\u1eabn ti\u1ebfp \u0111\u1ecba.","rel":"","context":"Similar post","block_context":{"text":"Similar post","link":""},"img":{"alt_text":"","src":"","width":0,"height":0},"classes":[]},{"id":3064,"url":"https:\/\/tp-electric.vn\/index.php\/san-pham\/thanh-nhom-tron\/","url_meta":{"origin":3080,"position":5},"title":"Thanh nh\u00f4m tr\u00f2n","author":"","date":"14\/02\/2023","format":false,"excerpt":"M\u00f4 t\u1ea3 : Ti\u00eau chu\u1ea9n: IEC 62561 \u2013 2, BS 2898 V\u1eadt li\u1ec7u: Nh\u00f4m Xu\u1ea5t x\u1ee9: Kumwell - Th\u00e1i Lan \u1ee8ng d\u1ee5ng: l\u00e0m d\u00e2y d\u1eabn tho\u00e1t s\u00e9t v\u00e0 d\u00e2y ti\u1ebfp \u0111\u1ecba \u1edf nh\u1eefng khu v\u1ef1c \u0103n m\u00f2n cao.","rel":"","context":"Similar post","block_context":{"text":"Similar post","link":""},"img":{"alt_text":"","src":"","width":0,"height":0},"classes":[]}],"_links":{"self":[{"href":"https:\/\/tp-electric.vn\/index.php\/wp-json\/wp\/v2\/product\/3080"}],"collection":[{"href":"https:\/\/tp-electric.vn\/index.php\/wp-json\/wp\/v2\/product"}],"about":[{"href":"https:\/\/tp-electric.vn\/index.php\/wp-json\/wp\/v2\/types\/product"}],"replies":[{"embeddable":true,"href":"https:\/\/tp-electric.vn\/index.php\/wp-json\/wp\/v2\/comments?post=3080"}],"wp:featuredmedia":[{"embeddable":true,"href":"https:\/\/tp-electric.vn\/index.php\/wp-json\/wp\/v2\/media\/3068"}],"wp:attachment":[{"href":"https:\/\/tp-electric.vn\/index.php\/wp-json\/wp\/v2\/media?parent=3080"}],"wp:term":[{"taxonomy":"product_cat","embeddable":true,"href":"https:\/\/tp-electric.vn\/index.php\/wp-json\/wp\/v2\/product_cat?post=3080"},{"taxonomy":"product_tag","embeddable":true,"href":"https:\/\/tp-electric.vn\/index.php\/wp-json\/wp\/v2\/product_tag?post=3080"}],"curies":[{"name":"wp","href":"https:\/\/api.w.org\/{rel}","templated":true}]}}