{"id":3065,"date":"2023-02-14T14:01:22","date_gmt":"2023-02-14T07:01:22","guid":{"rendered":"https:\/\/tp-electric.vn\/?post_type=product&#038;p=3065"},"modified":"2024-12-12T15:10:21","modified_gmt":"2024-12-12T08:10:21","slug":"kep-cap-nga-4-lcac-kumwell","status":"publish","type":"product","link":"https:\/\/tp-electric.vn\/index.php\/san-pham\/kep-cap-nga-4-lcac-kumwell\/","title":{"rendered":"K\u1eb9p c\u00e1p ng\u00e3 4 LCAC \u2013 Kumwell"},"content":{"rendered":"<p><strong>Cable Cross Clamp<\/strong><\/p>\n<table width=\"675\">\n<tbody>\n<tr>\n<td width=\"150\">Code No.<\/td>\n<td width=\"210\">Cable Size (mm)<\/td>\n<td width=\"165\">Material<\/td>\n<td width=\"150\">Weight (kg)<\/td>\n<\/tr>\n<tr>\n<td width=\"150\">LCAC 35-70<\/td>\n<td width=\"210\">35-70<\/td>\n<td width=\"165\">Copper Alloy<\/td>\n<td width=\"150\">0.38<\/td>\n<\/tr>\n<tr>\n<td width=\"150\">LCAC 95-120<\/td>\n<td width=\"210\">95-120<\/td>\n<td width=\"165\">Copper Alloy<\/td>\n<td width=\"150\">0.39<\/td>\n<\/tr>\n<\/tbody>\n<\/table>\n<ul>\n<li>Application : Connect\u00a0\u00a0stranded copper or solid round copper conductor in crossing<\/li>\n<li>Material \u00a0\u00a0\u00a0 : Copper Alloy- BS EN 1982<\/li>\n<li>Bolt \u2013 Brass<\/li>\n<\/ul>\n<div dir=\"auto\">&#8212;&#8212;&#8212;&#8212;&#8212;&#8212;&#8212;&#8212;<\/div>\n<div dir=\"auto\">CH\u1eccN THU\u1eacN PHONG &#8211; CH\u1eccN S\u1ef0 AN T\u00c2M<\/div>\n<div dir=\"auto\"><span class=\"html-span xexx8yu x4uap5 x18d9i69 xkhd6sd x1hl2dhg x16tdsg8 x1vvkbs x3nfvp2 x1j61x8r x1fcty0u xdj266r xat24cr xgzva0m xhhsvwb xxymvpz xlup9mm x1kky2od\"><img decoding=\"async\" loading=\"lazy\" class=\"xz74otr\" src=\"https:\/\/static.xx.fbcdn.net\/images\/emoji.php\/v9\/t4c\/1\/16\/25aa.png\" alt=\"\u25aa\" width=\"16\" height=\"16\" \/><\/span> Hotline: 0869.564.567<\/div>\n<div dir=\"auto\"><span class=\"html-span xexx8yu x4uap5 x18d9i69 xkhd6sd x1hl2dhg x16tdsg8 x1vvkbs x3nfvp2 x1j61x8r x1fcty0u xdj266r xat24cr xgzva0m xhhsvwb xxymvpz xlup9mm x1kky2od\"><img decoding=\"async\" loading=\"lazy\" class=\"xz74otr\" src=\"https:\/\/static.xx.fbcdn.net\/images\/emoji.php\/v9\/t4c\/1\/16\/25aa.png\" alt=\"\u25aa\" width=\"16\" height=\"16\" \/><\/span> K\u1ef9 thu\u1eadt: Mr D\u0169ng 0899768777<\/div>\n<div dir=\"auto\"><span class=\"html-span xexx8yu x4uap5 x18d9i69 xkhd6sd x1hl2dhg x16tdsg8 x1vvkbs x3nfvp2 x1j61x8r x1fcty0u xdj266r xat24cr xgzva0m xhhsvwb xxymvpz xlup9mm x1kky2od\"><img decoding=\"async\" loading=\"lazy\" class=\"xz74otr\" src=\"https:\/\/static.xx.fbcdn.net\/images\/emoji.php\/v9\/t4c\/1\/16\/25aa.png\" alt=\"\u25aa\" width=\"16\" height=\"16\" \/><\/span> Tr\u1ee5 s\u1edf ch\u00ednh: 30 Nguy\u1ec5n H\u1eefu D\u1eadt, ph\u01b0\u1eddng Nam L\u00fd, th\u00e0nh ph\u1ed1 \u0110\u1ed3ng H\u1edbi, t\u1ec9nh Qu\u1ea3ng B\u00ecnh, Vi\u1ec7t Nam<\/div>\n<div dir=\"auto\"><span class=\"html-span xexx8yu x4uap5 x18d9i69 xkhd6sd x1hl2dhg x16tdsg8 x1vvkbs x3nfvp2 x1j61x8r x1fcty0u xdj266r xat24cr xgzva0m xhhsvwb xxymvpz xlup9mm x1kky2od\"><img decoding=\"async\" loading=\"lazy\" class=\"xz74otr\" src=\"https:\/\/static.xx.fbcdn.net\/images\/emoji.php\/v9\/t4c\/1\/16\/25aa.png\" alt=\"\u25aa\" width=\"16\" height=\"16\" \/><\/span> Tr\u1ee5 s\u1edf H\u00e0 N\u1ed9i: Nh\u00e0 ph\u1ed1 th\u01b0\u01a1ng m\u1ea1i Khai S\u01a1n Town s\u1ed1 18 thu\u1ed9c Town 7, khu \u0111\u00f4 th\u1ecb Khai S\u01a1n City, Ph\u01b0\u1eddng Th\u01b0\u1ee3ng Thanh, Qu\u1eadn Long Bi\u00ean, TP H\u00e0 N\u1ed9i<\/div>\n","protected":false},"excerpt":{"rendered":"<ul>\n<li>M\u00e3 s\u1ea3n ph\u1ea9m:LCAC<\/li>\n<li>K\u1eb9p ng\u00e3 4 c\u00e1p ho\u1eb7c thanh \u0111\u1ed3ng tr\u00f2n tho\u00e1t s\u00e9t<\/li>\n<li>Ti\u00eau chu\u1ea9n: H\u1ee3p kim \u0111\u1ed3ng \u2013 BS EN 1982<\/li>\n<li>H\u1ee3p kim nh\u00f4m \u2013 BS EN 2898Xu\u1ea5t x\u1ee9: Kumwell \u2013 Th\u00e1i Lan<\/li>\n<\/ul>\n","protected":false},"featured_media":3095,"comment_status":"open","ping_status":"closed","template":"","meta":[],"product_cat":[223],"product_tag":[348,346,347],"jetpack-related-posts":[{"id":3079,"url":"https:\/\/tp-electric.vn\/index.php\/san-pham\/kep-do-cap-thoat-set-lcas-kumwell\/","url_meta":{"origin":3065,"position":0},"title":"K\u1eb9p \u0111\u1ee1 c\u00e1p tho\u00e1t s\u00e9t LCAS-Kumwell","author":"","date":"14\/02\/2023","format":false,"excerpt":"M\u00e3 s\u1ea3n ph\u1ea9m:LCAS K\u1eb9p \u0111\u1ee1, \u0111\u1ecbnh v\u1ecb c\u00e1p tho\u00e1t s\u00e9t Ti\u00eau chu\u1ea9n: H\u1ee3p kim \u0111\u1ed3ng \u2013 BS EN 1982 H\u1ee3p kim nh\u00f4m \u2013 BS EN 2898 Xu\u1ea5t x\u1ee9: Kumwell \u2013 Th\u00e1i L","rel":"","context":"Similar post","block_context":{"text":"Similar post","link":""},"img":{"alt_text":"","src":"","width":0,"height":0},"classes":[]},{"id":3081,"url":"https:\/\/tp-electric.vn\/index.php\/san-pham\/kep-nga-4-day-dan-thanh-dan\/","url_meta":{"origin":3065,"position":1},"title":"K\u1eb9p ng\u00e3 4 (d\u00e2y d\u1eabn + thanh d\u1eabn)","author":"","date":"14\/02\/2023","format":false,"excerpt":"M\u00f4 t\u1ea3 : Ti\u00eau chu\u1ea9n: IEC 62561 \u2013 1, BS EN 1982 V\u1eadt li\u1ec7u: H\u1ee3p kim \u0111\u1ed3ng Xu\u1ea5t x\u1ee9: Kumwell - Th\u00e1i Lan \u1ee8ng d\u1ee5ng: k\u1eb9p ng\u00e3 4 c\u00e1p v\u1edbi thanh \u0111\u1ed3ng","rel":"","context":"Similar post","block_context":{"text":"Similar post","link":""},"img":{"alt_text":"","src":"","width":0,"height":0},"classes":[]},{"id":3085,"url":"https:\/\/tp-electric.vn\/index.php\/san-pham\/kep-chu-t-cap-thoat-set-ltec\/","url_meta":{"origin":3065,"position":2},"title":"K\u1eb9p ch\u1eef T c\u00e1p tho\u00e1t s\u00e9t LTEC","author":"","date":"14\/02\/2023","format":false,"excerpt":"M\u00f4 t\u1ea3 : Ti\u00eau chu\u1ea9n: IEC 62561 \u2013 1, BS EN 1982 V\u1eadt li\u1ec7u: H\u1ee3p kim \u0111\u1ed3ng, h\u1ee3p kim nh\u00f4m Xu\u1ea5t x\u1ee9: Kumwell - Th\u00e1i Lan \u1ee8ng d\u1ee5ng: k\u1eb9p n\u1ed1i ch\u1eef T c\u00e1p tho\u00e1t s\u00e9t.","rel":"","context":"Similar post","block_context":{"text":"Similar post","link":""},"img":{"alt_text":"","src":"","width":0,"height":0},"classes":[]},{"id":3086,"url":"https:\/\/tp-electric.vn\/index.php\/san-pham\/kep-nga-tu-thanh-thoat-set\/","url_meta":{"origin":3065,"position":3},"title":"K\u1eb9p ng\u00e3 t\u01b0 thanh tho\u00e1t s\u00e9t","author":"","date":"14\/02\/2023","format":false,"excerpt":"M\u00f4 t\u1ea3 : Ti\u00eau chu\u1ea9n: IEC 62561 \u2013 1, BS EN 1982, BS 2898 V\u1eadt li\u1ec7u: H\u1ee3p kim \u0111\u1ed3ng Xu\u1ea5t x\u1ee9: Kumwell - Th\u00e1i Lan \u1ee8ng d\u1ee5ng: k\u1eb9p ng\u00e3 t\u01b0 thanh \u0111\u1ed3ng ho\u1eb7c thanh nh\u00f4m tho\u00e1t s\u00e9t","rel":"","context":"Similar post","block_context":{"text":"Similar post","link":""},"img":{"alt_text":"","src":"","width":0,"height":0},"classes":[]},{"id":3034,"url":"https:\/\/tp-electric.vn\/index.php\/san-pham\/de-kim-thu-set-co-dien-ket-noi-voi-cap-dong-2\/","url_meta":{"origin":3065,"position":4},"title":"\u0110\u1ebf kim thu s\u00e9t c\u1ed5 \u0111i\u1ec3n k\u1ebft n\u1ed1i v\u1edbi c\u00e1p \u0111\u1ed3ng","author":"","date":"14\/02\/2023","format":false,"excerpt":"M\u00f4 t\u1ea3 : Ti\u00eau chu\u1ea9n: IEC 62561 \u2013 BS EN 1982, BS 2898 V\u1eadt li\u1ec7u: H\u1ee3p kim \u0111\u1ed3ng, H\u1ee3p kim nh\u00f4m Xu\u1ea5t x\u1ee9: Kumwell - Th\u00e1i Lan \u1ee8ng d\u1ee5ng:\u00a0h\u1ed7 tr\u1ee3 thi\u1ebft b\u1ecb \u00a0k\u1ebft n\u1ed1i v\u1edbi c\u00e1p \u0111\u1ed3ng ho\u1eb7c d\u00e2y d\u1eabn","rel":"","context":"Similar post","block_context":{"text":"Similar post","link":""},"img":{"alt_text":"","src":"https:\/\/i0.wp.com\/tp-electric.vn\/wp-content\/uploads\/2023\/02\/10-2.png?fit=283%2C283&ssl=1&resize=350%2C200","width":350,"height":200},"classes":[]},{"id":3032,"url":"https:\/\/tp-electric.vn\/index.php\/san-pham\/de-kim-thu-set-co-dien-ket-noi-voi-cap-dong\/","url_meta":{"origin":3065,"position":5},"title":"\u0110\u1ebf kim thu s\u00e9t c\u1ed5 \u0111i\u1ec3n k\u1ebft n\u1ed1i v\u1edbi c\u00e1p \u0111\u1ed3ng","author":"","date":"14\/02\/2023","format":false,"excerpt":"M\u00f4 t\u1ea3 : Ti\u00eau chu\u1ea9n: IEC 62561 \u2013 1, BS EN 1982 V\u1eadt li\u1ec7u: H\u1ee3p kim \u0111\u1ed3ng Xu\u1ea5t x\u1ee9: Kumwell - Th\u00e1i Lan \u1ee8ng d\u1ee5ng: h\u1ed7 tr\u1ee3 thi\u1ebft b\u1ecb k\u1ebft n\u1ed1i v\u1edbi c\u00e1p \u0111\u1ed3ng ho\u1eb7c nh\u00f4m.","rel":"","context":"Similar post","block_context":{"text":"Similar post","link":""},"img":{"alt_text":"","src":"https:\/\/i0.wp.com\/tp-electric.vn\/wp-content\/uploads\/2023\/02\/8-2.png?fit=283%2C283&ssl=1&resize=350%2C200","width":350,"height":200},"classes":[]}],"_links":{"self":[{"href":"https:\/\/tp-electric.vn\/index.php\/wp-json\/wp\/v2\/product\/3065"}],"collection":[{"href":"https:\/\/tp-electric.vn\/index.php\/wp-json\/wp\/v2\/product"}],"about":[{"href":"https:\/\/tp-electric.vn\/index.php\/wp-json\/wp\/v2\/types\/product"}],"replies":[{"embeddable":true,"href":"https:\/\/tp-electric.vn\/index.php\/wp-json\/wp\/v2\/comments?post=3065"}],"wp:featuredmedia":[{"embeddable":true,"href":"https:\/\/tp-electric.vn\/index.php\/wp-json\/wp\/v2\/media\/3095"}],"wp:attachment":[{"href":"https:\/\/tp-electric.vn\/index.php\/wp-json\/wp\/v2\/media?parent=3065"}],"wp:term":[{"taxonomy":"product_cat","embeddable":true,"href":"https:\/\/tp-electric.vn\/index.php\/wp-json\/wp\/v2\/product_cat?post=3065"},{"taxonomy":"product_tag","embeddable":true,"href":"https:\/\/tp-electric.vn\/index.php\/wp-json\/wp\/v2\/product_tag?post=3065"}],"curies":[{"name":"wp","href":"https:\/\/api.w.org\/{rel}","templated":true}]}}