{"id":3062,"date":"2023-02-14T14:01:57","date_gmt":"2023-02-14T07:01:57","guid":{"rendered":"https:\/\/tp-electric.vn\/?post_type=product&#038;p=3062"},"modified":"2024-12-12T15:10:19","modified_gmt":"2024-12-12T08:10:19","slug":"keo-ngan-chay-truong-no","status":"publish","type":"product","link":"https:\/\/tp-electric.vn\/index.php\/san-pham\/keo-ngan-chay-truong-no\/","title":{"rendered":"KEO NG\u0102N CH\u00c1Y TR\u01af\u01a0NG N\u1ede"},"content":{"rendered":"<h1 class=\"content\"><strong>Keo silicone ng\u0103n ch\u00e1y\u00a0<\/strong><strong>tr\u01b0<\/strong><strong>\u01a1ng n\u1edf LCI300<\/strong><\/h1>\n<ul>\n<li class=\"content\">C\u00f3 graphite, c\u00f3 kh\u1ea3 n\u0103ng ng\u0103n ch\u00e1y \u0111\u1ebfn 4h, ch\u1ed1ng n\u01b0\u1edbc, kh\u00f3i v\u00e0 kh\u00ed \u0111\u1ed9c.<\/li>\n<\/ul>\n<h2 class=\"content\"><strong>\u00a0\u1ee8ng d\u1ee5ng c\u1ee7a keo ch\u1ed1ng ch\u00e1y lan LCI300<\/strong><\/h2>\n<ul>\n<li>Tr\u00e1m\u00a0khe \/ l\u1ed7 xuy\u00ean\u00a0cho \u1ee9ng d\u1ee5ng c\u00e1p\u00a0\u0111i\u1ec7n<\/li>\n<li>Tr\u00e1m khe \/ l\u1ed7 xuy\u00ean\u00a0cho \u1ee9ng d\u1ee5ng b\u00f3 c\u00e1p, thang m\u00e1ng c\u00e1p\u00a0\u0111i\u1ec7n<\/li>\n<li>Tr\u00e1m khe \/ l\u1ed7 xuy\u00ean\u00a0cho \u1ee9ng d\u1ee5ng\u00a0\u1ed1ng th\u00e9p,\u00a0\u1ed1ng nh\u1ef1a c\u00e1c lo\u1ea1i<\/li>\n<li>HVAC, c\u00e1p t\u00edn hi\u1ec7u,\u2026<\/li>\n<li>\n<div>\u0110\u01b0\u1ee3c s\u1eed d\u1ee5ng \u0111\u1ec3 g\u1eafn c\u00e1c m\u1ed1i n\u1ed1i trong khu v\u1ef1c c\u1ea5m l\u1eeda.<\/div>\n<\/li>\n<li>\n<div>Ng\u0103n l\u1eeda v\u00e0 b\u1ee5i b\u1ea9n v\u00e0o c\u00e1c ph\u00f2ng \u0111i\u1ec1u khi\u1ec3n m\u00e1y t\u00ednh v\u00e0 c\u00e1c ph\u00f2ng c\u1ea7n gi\u1eef s\u1ea1ch.<\/div>\n<\/li>\n<li>\n<div>\u00a0N\u01a1i ch\u1ee9a c\u00e1c ph\u01b0\u01a1ng ti\u1ec7n truy\u1ec1n th\u00f4ng, m\u00e1y t\u00ednh, c\u00e1c d\u00e2y c\u00e1p \u0111\u1ea7u cu\u1ed1i v\u00e0 \u1ed1ng d\u1eabn xuy\u00ean qua<\/div>\n<\/li>\n<li>\n<div>\u00a0Ch\u1ed1ng n\u01b0\u1edbc v\u00e0 ng\u0103n l\u1eeda trong c\u00e1c khu v\u1ef1c nh\u1ea1y c\u1ea3m v\u1edbi n\u01b0\u1edbc nh\u01b0 khu v\u1ef1c ch\u1ee9a c\u00e1c thi\u1ebft b\u1ecb \u0111i\u1ec7n, \u0111i\u1ec7n t\u1eed.<\/div>\n<\/li>\n<li>\n<div>Ng\u0103n l\u1eeda t\u1ea1i c\u00e1c nh\u00e0 m\u00e1y \u0111i\u1ec7n, tr\u1ea1m bi\u1ebfn \u00e1p, c\u00e1c to\u00e0 nh\u00e0 l\u1edbn nh\u01b0 B\u1ec7nh vi\u1ec7n, kh\u00e1ch s\u1ea1n,s\u00e2n bay\u2026<\/div>\n<\/li>\n<li>\n<div>S\u1eed d\u1ee5ng \u0111\u1ec3 li\u00ean k\u1ebft c\u00e1c t\u1ea7m v\u00e1ch ng\u0103n b\u1eb1ng th\u1ea1ch cao trong c\u00e1c to\u00e0 nh\u00e0 cao t\u1ea7ng kh\u00e1c.<\/div>\n<div><\/div>\n<\/li>\n<\/ul>\n<h2><strong>\u0110\u1eb7c t\u00ednh c\u1ee7a\u00a0<\/strong><strong>\u00a0keo ng\u0103n ch\u00e1y tr\u01b0\u01a1ng n\u1edf\u00a0<\/strong><strong>LCI300<\/strong><\/h2>\n<ul>\n<li>G\u1ed1c n\u01b0\u1edbc, l\u1eafp \u0111\u1eb7t, lau ch\u00f9i v\u00e0 h\u1ee7y d\u1ec5 d\u00e0ng<\/li>\n<li>Tr\u01b0\u01a1ng n\u1edf 10X<\/li>\n<li>C\u00f3 th\u1ec3 s\u01a1n ph\u1ee7 khi kh\u00f4<\/li>\n<li>Kh\u00f4ng ch\u1ee9a halogen, ch\u1ea5t t\u1ea9y<\/li>\n<li>Kh\u00f4ng co ng\u00f3t.<\/li>\n<li>Ch\u1ecbu nhi\u1ec7t \u0111\u1ed9 cao<\/li>\n<li>Ng\u0103n ch\u00e1y v\u00e0 c\u00e1ch\u00a0\u00e2m<\/li>\n<li>Ch\u1ea5t k\u1ebft d\u00ednh trung t\u00ednh, t\u00ednh ki\u1ec1m<\/li>\n<li>Th\u1eddi gian kh\u00f4: 60 ph\u00fat.<\/li>\n<li>Tr\u1ecdng l\u01b0\u1ee3ng ri\u00eang:\u00a01.45<sup>\u00b1<\/sup><sup>0.1<\/sup><\/li>\n<li>\u0110\u1ed9 c\u1ee9ng: \u00a035 \u2013 45 (Shore A).<\/li>\n<li>Dung t\u00edch: 300ml\/chai \u2013 25 Chai \/ Th\u00f9ng Carton<\/li>\n<li>\u0110\u1ed9 gi\u00e3n d\u00e0i: 300%<\/li>\n<li>\u00a0L\u1ef1c k\u00e9o \u0111\u1ee9t: (ASTM D412): 196N\/Cm<sup>2 \u00a0 \u00a0 \u00a0\u00a0<\/sup><\/li>\n<li>\u0110\u1ed9 ph\u1ee5c h\u1ed3i co gi\u00e3n: 95%<\/li>\n<li>M\u00e0u s\u1eafc: \u0110en,X\u00e1m.<\/li>\n<\/ul>\n<p>&nbsp;<\/p>\n<div class=\"short-description size-1 justify\">\n<p><strong>KEO \u00a0CH\u1ed0NG CH\u00c1Y LAN LCI300<\/strong>\u00a0ng\u0103n ch\u1eb7n s\u1ef1 lan nhanh c\u1ee7a l\u1eeda v\u00e0 kh\u00ed \u0111\u1ed9c. V\u1edbi \u0111\u1eb7c t\u00ednh b\u00e1m d\u00ednh t\u1ed1t, b\u1ec1n ch\u1eafc, ch\u1ed1ng l\u1ea1nh, c\u00f3 kh\u1ea3 n\u0103ng ch\u1ed1ng nhi\u1ec7t, n\u01b0\u1edbc v\u00e0 c\u00e1ch \u00e2m trong nh\u1eefng to\u00e0 nh\u00e0 cao t\u1ea7ng ho\u1eb7c nh\u1eefng khu v\u1ef1c c\u1ee7a nh\u1eefng s\u1ee3i d\u00e2y c\u00e1p v\u00e0 \u1ed1ng d\u1eabn xuy\u00ean qua. S\u1ea3n ph\u1ea9m cao c\u1ea5p \u0111\u00e3 \u0111\u01b0\u1ee3c c\u1ea5p ch\u1ee9ng nh\u1eadn FILK \u00a0cho \u0111\u1eb7ct\u00ednh ch\u1ed1ng ch\u00e1y v\u00e0 \u1ed5n \u0111\u1ecbnh.<\/p>\n<\/div>\n<p>&nbsp;<\/p>\n<p><strong>\u00a0*\u00a0\u01afu \u0111i\u1ec3m:<\/strong><\/p>\n<p>\u2013 D\u1ec5 s\u1eed d\u1ee5ng v\u00ec l\u00e0 keo 1 th\u00e0nh ph\u1ea7n.<\/p>\n<p>\u2013 Hi\u1ec7u qu\u1ea3 ng\u0103n ng\u1eeba l\u1eeda cao v\u00e0 ng\u0103n ch\u1eb7n l\u1eeda ho\u00e0n to\u00e0n ( trong 02 gi\u1edd).<\/p>\n<p>\u2013 C\u00f3 kh\u1ea3 n\u0103ng ch\u1ed1ng n\u01b0\u1edbc, ch\u1ed1ng \u1ea9m, c\u00e1ch \u00e2m, ch\u1ed1ng b\u1ee5i v\u00e0 ng\u0103n c\u00e1c b\u1ee9c x\u1ea1.<\/p>\n<p>\u2013 \u0110\u1eb7c bi\u1ec7t c\u00f3 \u0111\u1ed9 b\u1ec1n l\u00e2u, \u0111\u1ed9 co gi\u00e3n t\u1ed1t trong th\u1eddi gian d\u00e0i.<\/p>\n<p>\u2013 L\u00e0 lo\u1ea1i ch\u1ea5t tr\u00e1m c\u00f3 hi\u00eau qu\u1ea3 cao, ng\u0103n ng\u1eeba kh\u00ed t\u1ed1t.<\/p>\n<p>\u2013 Ng\u0103n ng\u1eeba tia l\u1eeda \u0111i\u1ec7n ph\u00e1t sinh ra g\u00e2y nguy hi\u1ec3m v\u00e0 t\u00e1c h\u1ea1i \u0111\u1ebfn c\u01a1 th\u1ec3 con ng\u01b0\u1eddi.<\/p>\n","protected":false},"excerpt":{"rendered":"<p>Keo silicone ng\u0103n ch\u00e1y\u00a0tr\u01b0\u01a1ng n\u1edf LCI300 C\u00f3 graphite, c\u00f3 kh\u1ea3 n\u0103ng ng\u0103n ch\u00e1y \u0111\u1ebfn 4h, ch\u1ed1ng n\u01b0\u1edbc, kh\u00f3i v\u00e0 kh\u00ed \u0111\u1ed9c. \u00a0\u1ee8ng d\u1ee5ng c\u1ee7a keo ch\u1ed1ng ch\u00e1y lan LCI300 Tr\u00e1m\u00a0khe \/ l\u1ed7 xuy\u00ean\u00a0cho \u1ee9ng d\u1ee5ng c\u00e1p\u00a0\u0111i\u1ec7n Tr\u00e1m khe \/ l\u1ed7 xuy\u00ean\u00a0cho \u1ee9ng d\u1ee5ng b\u00f3 c\u00e1p, thang m\u00e1ng c\u00e1p\u00a0\u0111i\u1ec7n Tr\u00e1m khe \/ l\u1ed7 xuy\u00ean\u00a0cho \u1ee9ng d\u1ee5ng\u00a0\u1ed1ng&#8230;<\/p>\n","protected":false},"featured_media":3098,"comment_status":"open","ping_status":"closed","template":"","meta":[],"product_cat":[226],"product_tag":[],"jetpack-related-posts":[{"id":3099,"url":"https:\/\/tp-electric.vn\/index.php\/san-pham\/keo-silicon-chong-chay-hilti-cp-606\/","url_meta":{"origin":3062,"position":0},"title":"KEO SILICON CH\u1ed0NG CH\u00c1Y HILTI CP 606","author":"","date":"14\/02\/2023","format":false,"excerpt":"Th\u01b0\u01a1ng hi\u1ec7u:Hilti Xu\u1ea5t x\u1ee9:\u0110\u1ee9c \u0110\u00f3ng g\u00f3i:D\u1ea1ng tu\u00fdp Th\u1ec3 t\u00edch:310ml M\u00e0u s\u1eafc:Tr\u1eafng, x\u00e1m ho\u1eb7c \u0111\u1ecf Th\u00e0nh ph\u1ea7n:Acrylic g\u1ed1c n\u01b0\u1edbc Th\u1eddi gian kh\u00f4 x\u1ea5p x\u1ec9:3 ng\u00e0y Nhi\u1ec7t \u0111\u1ed9 thi c\u00f4ng:5-40 \u0111\u1ed9 C Co gi\u00e3n:\u0111a 12.5% Ti\u00eau chu\u1ea9n:UL 2079, ATSM E814, ATSM E1966, UL 1479, CAN\/UL-S115 Product Description Hilti CP606 l\u00e0 keo silicone\u2026","rel":"","context":"Similar post","block_context":{"text":"Similar post","link":""},"img":{"alt_text":"","src":"https:\/\/i0.wp.com\/tp-electric.vn\/wp-content\/uploads\/2023\/02\/21456b94a07b381845da2ba7fc0ce948.jpg?fit=640%2C640&ssl=1&resize=350%2C200","width":350,"height":200},"classes":[]},{"id":3131,"url":"https:\/\/tp-electric.vn\/index.php\/san-pham\/dat-set-ngan-chay-ssp-intumescent-firestop-putty\/","url_meta":{"origin":3062,"position":1},"title":"\u0110\u1ea4T S\u00c9T NG\u0102N CH\u00c1Y SSP INTUMESCENT FIRESTOP PUTTY","author":"","date":"14\/02\/2023","format":false,"excerpt":"Product Description \u0110\u1ea5t s\u00e9t ng\u0103n ch\u00e1y SSP INTUMESCENT FIRESTOP PUTTY \u0110\u1ea5t s\u00e9t ch\u1ed1ng ch\u00e1y- \u0111\u1ea5t s\u00e9t ng\u0103n ch\u00e1y\u00a0l\u00e0 s\u1ea3n ph\u1ea9m \u00a0kh\u00f4ng th\u1ec3 thi\u1ebfu cho ph\u00f2ng ch\u1ed1ng chay lan trong tr\u01b0\u1eddng h\u1ee3p h\u1ecfa ho\u1ea1n. \u1ee8ng D\u1ee5ng c\u1ee7a \u0111\u1ea5t s\u00e9t ng\u0103n ch\u00e1y: trong c\u00e1c T\u00f2a Nh\u00e0, Nh\u00e0 X\u01b0\u1edfng, C\u00f4ng tr\u00ecnh tr\u1ea1m xe,\u2026","rel":"","context":"Similar post","block_context":{"text":"Similar post","link":""},"img":{"alt_text":"","src":"https:\/\/i0.wp.com\/tp-electric.vn\/wp-content\/uploads\/2023\/02\/dat-set-chong-chay-day-dien.png?fit=301%2C227&ssl=1&resize=350%2C200","width":350,"height":200},"classes":[]},{"id":3128,"url":"https:\/\/tp-electric.vn\/index.php\/san-pham\/keo-silicon-chong-chay-charcoat-es\/","url_meta":{"origin":3062,"position":2},"title":"KEO SILICON CH\u1ed0NG CH\u00c1Y CHARCOAT ES","author":"","date":"14\/02\/2023","format":false,"excerpt":"H\u00e3ng s\u1ea3n xu\u1ea5t:Charcoat Xu\u1ea5t x\u1ee9:M\u1ef9 Kh\u1ea3 n\u0103ng ch\u1ed1ng ch\u00e1y:Tr\u00ean 4 gi\u1edd ki\u1ec3m \u0111\u1ecbnh Kh\u1ea3 n\u0103ng \u0111\u00e0n h\u1ed3i:7.5% H\u1ea1n s\u1eed d\u1ee5ng:18 th\u00e1ng Product Description Keo silicon ch\u1ed1ng ch\u00e1y CharCoat\u00a0Elastomeric Sealant (ES)\u00a0\u00a0\u0111\u01b0\u1ee3c nghi\u00ean c\u1ee9u \u0111\u1ec3 ng\u0103n ch\u1eb7n s\u1ef1 lan r\u1ed9ng c\u1ee7a l\u1eeda, kh\u00f3i v\u00e0 l\u1eeda qua c\u00e1c khe h\u1edf tr\u00ean t\u01b0\u1eddng v\u00e0\u2026","rel":"","context":"Similar post","block_context":{"text":"Similar post","link":""},"img":{"alt_text":"","src":"https:\/\/i0.wp.com\/tp-electric.vn\/wp-content\/uploads\/2023\/02\/CharCoat-ES-Back.png?fit=489%2C538&ssl=1&resize=350%2C200","width":350,"height":200},"classes":[]},{"id":3084,"url":"https:\/\/tp-electric.vn\/index.php\/san-pham\/son-chong-chay-cho-cap-dien-sti-cs105\/","url_meta":{"origin":3062,"position":3},"title":"S\u01a0N CH\u1ed0NG CH\u00c1Y CHO C\u00c1P \u0110I\u1ec6N STI CS105","author":"","date":"14\/02\/2023","format":false,"excerpt":"S\u01a1n ch\u1ed1ng ch\u00e1y cho c\u00e1p \u0111i\u1ec7n STI CS105 V\u1eadt li\u1ec7u ph\u1ee7 l\u00ean c\u00e1p\u00a0\u0111i\u1ec7n \u0111\u1ea3m b\u1ea3o ch\u1ed1ng ch\u00e1y theo chi\u1ec1u d\u1ecdc c\u00e1p \u0111i\u1ec7n \u1ee8ng d\u1ee5ng s\u01a1n ch\u1ed1ng ch\u00e1y cho c\u00e1p \u0111i\u1ec7n: B\u1ea3o v\u1ec7 c\u00e1p, thang c\u00e1p v\u00e0 b\u00f3 c\u00e1p L\u0129nh v\u1ef1c \u1ee9ng d\u1ee5ng: Nh\u00e0 m\u00e1y l\u1ecdc d\u1ea7u, gi\u00e0n khoan, nh\u00e0 m\u00e1y\u00a0h\u00f3a\u2026","rel":"","context":"Similar post","block_context":{"text":"Similar post","link":""},"img":{"alt_text":"","src":"https:\/\/i0.wp.com\/tp-electric.vn\/wp-content\/uploads\/2023\/02\/son-chong-chay-cho-cap-600x450-1.jpg?resize=350%2C200&ssl=1","width":350,"height":200},"classes":[]},{"id":3104,"url":"https:\/\/tp-electric.vn\/index.php\/san-pham\/vua-ngan-chay-lan-hilti-cp-636\/","url_meta":{"origin":3062,"position":4},"title":"V\u1eeeA NG\u0102N CH\u00c1Y LAN HILTI CP 636","author":"","date":"14\/02\/2023","format":false,"excerpt":"Th\u01b0\u01a1ng hi\u1ec7u:Hilti Xu\u1ea5t x\u1ee9:\u0110\u1ee9c Tr\u1ecdng l\u01b0\u1ee3ng:20 Kg\/ 1 bao T\u1ef7 l\u1ec7 pha tr\u1ed9n:2.5 \/ 1 (V\u1eefa\/n\u01b0\u1edbc \u2013 theo kh\u1ed1i l\u01b0\u1ee3ng) C\u01b0\u1eddng \u0111\u1ed9 n\u00e9n 28 ng\u00e0y:2.9 N\/mm2 nhi\u1ec7t \u0111\u1ed9 thi c\u00f4ng:5 \u2013 8\u2103 C\u00f3 th\u1ec3 t\u00e1i s\u1eed d\u1ee5ng (v\u00e0 g\u1ee1 b\u1ecf):Kh\u00f4ng th\u1ec3 Th\u1eddi gian \u0111\u00f4ng k\u1ebft (x\u1ea5p x\u1ec9):10h Hi\u1ec7u su\u1ea5t ng\u0103n\u2026","rel":"","context":"Similar post","block_context":{"text":"Similar post","link":""},"img":{"alt_text":"","src":"https:\/\/i0.wp.com\/tp-electric.vn\/wp-content\/uploads\/2023\/02\/Thi-cong-vua-chong-chay-Hilti-CP-636-600x270-1.jpg?resize=350%2C200&ssl=1","width":350,"height":200},"classes":[]},{"id":3202,"url":"https:\/\/tp-electric.vn\/index.php\/san-pham\/vua-chong-chay-cho-thep-esscoat-isolatek\/","url_meta":{"origin":3062,"position":5},"title":"V\u1eeeA CH\u1ed0NG CH\u00c1Y CHO TH\u00c9P ESSCOAT &#8211; ISOLATEK","author":"","date":"14\/02\/2023","format":false,"excerpt":"Product Description V\u1eefa ch\u1ed1ng ch\u00e1y cho k\u1ebft c\u1ea5u th\u00e9p V\u1eefa ch\u1ed1ng ch\u00e1y ESSCOAT: N\u01b0\u1edbc SX H\u00e0n Qu\u1ed1c, bao 18kg, ti\u00eau chu\u1ea9n UL, kh\u1ea3 n\u0103ng ng\u0103n ch\u00e1y 4 gi\u1edd V\u1eefa ch\u1ed1ng ch\u00e1y ISOLATEK: N\u01b0\u1edbc SX M\u1ef9, Ti\u00eau chu\u1ea9n UL, FM, BS V\u1eefa ch\u1ed1ng ch\u00e1y cho k\u1ebft c\u1ea5u th\u00e9p V\u1eefa ch\u1ed1ng ch\u00e1y\u2026","rel":"","context":"Similar post","block_context":{"text":"Similar post","link":""},"img":{"alt_text":"","src":"https:\/\/i0.wp.com\/tp-electric.vn\/wp-content\/uploads\/2023\/02\/fireproofing-768x432-1.jpg?resize=350%2C200&ssl=1","width":350,"height":200,"srcset":"https:\/\/i0.wp.com\/tp-electric.vn\/wp-content\/uploads\/2023\/02\/fireproofing-768x432-1.jpg?resize=350%2C200&ssl=1 1x, https:\/\/i0.wp.com\/tp-electric.vn\/wp-content\/uploads\/2023\/02\/fireproofing-768x432-1.jpg?resize=700%2C400&ssl=1 2x"},"classes":[]}],"_links":{"self":[{"href":"https:\/\/tp-electric.vn\/index.php\/wp-json\/wp\/v2\/product\/3062"}],"collection":[{"href":"https:\/\/tp-electric.vn\/index.php\/wp-json\/wp\/v2\/product"}],"about":[{"href":"https:\/\/tp-electric.vn\/index.php\/wp-json\/wp\/v2\/types\/product"}],"replies":[{"embeddable":true,"href":"https:\/\/tp-electric.vn\/index.php\/wp-json\/wp\/v2\/comments?post=3062"}],"wp:featuredmedia":[{"embeddable":true,"href":"https:\/\/tp-electric.vn\/index.php\/wp-json\/wp\/v2\/media\/3098"}],"wp:attachment":[{"href":"https:\/\/tp-electric.vn\/index.php\/wp-json\/wp\/v2\/media?parent=3062"}],"wp:term":[{"taxonomy":"product_cat","embeddable":true,"href":"https:\/\/tp-electric.vn\/index.php\/wp-json\/wp\/v2\/product_cat?post=3062"},{"taxonomy":"product_tag","embeddable":true,"href":"https:\/\/tp-electric.vn\/index.php\/wp-json\/wp\/v2\/product_tag?post=3062"}],"curies":[{"name":"wp","href":"https:\/\/api.w.org\/{rel}","templated":true}]}}