{"id":3055,"date":"2023-02-14T13:52:36","date_gmt":"2023-02-14T06:52:36","guid":{"rendered":"https:\/\/tp-electric.vn\/?post_type=product&#038;p=3055"},"modified":"2024-12-12T15:10:19","modified_gmt":"2024-12-12T08:10:19","slug":"thanh-dong-tran","status":"publish","type":"product","link":"https:\/\/tp-electric.vn\/index.php\/san-pham\/thanh-dong-tran\/","title":{"rendered":"Thanh \u0111\u1ed3ng tr\u1ea7n"},"content":{"rendered":"<p><strong>Bare Copper:<\/strong><\/p>\n<div class=\"table-responsive\">\n<table style=\"height: 823px;\" border=\"1\" width=\"1064\" cellspacing=\"0\" cellpadding=\"0\">\n<tbody>\n<tr>\n<td style=\"width: 305.958px;\">\n<p align=\"center\"><strong>Code No.<\/strong><\/p>\n<\/td>\n<td style=\"width: 156.069px;\">\n<p align=\"center\"><strong>Size<\/strong><\/p>\n<p align=\"center\"><strong>(mm)<\/strong><\/p>\n<\/td>\n<td style=\"width: 166.347px;\">\n<p align=\"center\"><strong>Size<\/strong><\/p>\n<p align=\"center\"><strong>(mm<sup>2<\/sup>)<\/strong><\/p>\n<\/td>\n<td style=\"width: 188.819px;\">\n<p align=\"center\"><strong>Weight<\/strong><\/p>\n<p align=\"center\"><strong>(kg\/m)<\/strong><\/p>\n<\/td>\n<td style=\"width: 236.139px;\">\n<p align=\"center\"><strong>Coil Size<\/strong><\/p>\n<p align=\"center\"><strong>(m)<\/strong><\/p>\n<\/td>\n<\/tr>\n<tr>\n<td style=\"width: 305.958px;\">COBCT 203<\/td>\n<td style=\"width: 156.069px;\">\n<p align=\"center\">20 x 3<\/p>\n<\/td>\n<td style=\"width: 166.347px;\">\n<p align=\"center\">60<\/p>\n<\/td>\n<td style=\"width: 188.819px;\">\n<p align=\"center\">0.55<\/p>\n<\/td>\n<td style=\"width: 236.139px;\">\n<p align=\"center\">100<\/p>\n<\/td>\n<\/tr>\n<tr>\n<td style=\"width: 305.958px;\">COBCT 253<\/td>\n<td style=\"width: 156.069px;\">\n<p align=\"center\">25 x 3<\/p>\n<\/td>\n<td style=\"width: 166.347px;\">\n<p align=\"center\">75<\/p>\n<\/td>\n<td style=\"width: 188.819px;\">\n<p align=\"center\">0.67<\/p>\n<\/td>\n<td style=\"width: 236.139px;\">\n<p align=\"center\">100<\/p>\n<\/td>\n<\/tr>\n<tr>\n<td style=\"width: 305.958px;\">COBCT 254<\/td>\n<td style=\"width: 156.069px;\">\n<p align=\"center\">25 x 4<\/p>\n<\/td>\n<td style=\"width: 166.347px;\">\n<p align=\"center\">100<\/p>\n<\/td>\n<td style=\"width: 188.819px;\">\n<p align=\"center\">0.90<\/p>\n<\/td>\n<td style=\"width: 236.139px;\">\n<p align=\"center\">100<\/p>\n<\/td>\n<\/tr>\n<tr>\n<td style=\"width: 305.958px;\">COBCT 256<\/td>\n<td style=\"width: 156.069px;\">\n<p align=\"center\">25 x 6<\/p>\n<\/td>\n<td style=\"width: 166.347px;\">\n<p align=\"center\">150<\/p>\n<\/td>\n<td style=\"width: 188.819px;\">\n<p align=\"center\">1.34<\/p>\n<\/td>\n<td style=\"width: 236.139px;\">\n<p align=\"center\">25<\/p>\n<\/td>\n<\/tr>\n<tr>\n<td style=\"width: 305.958px;\">COBCT 303<\/td>\n<td style=\"width: 156.069px;\">\n<p align=\"center\">30 x 3<\/p>\n<\/td>\n<td style=\"width: 166.347px;\">\n<p align=\"center\">90<\/p>\n<\/td>\n<td style=\"width: 188.819px;\">\n<p align=\"center\">0.81<\/p>\n<\/td>\n<td style=\"width: 236.139px;\">\n<p align=\"center\">50<\/p>\n<\/td>\n<\/tr>\n<tr>\n<td style=\"width: 305.958px;\">COBCT 304<\/td>\n<td style=\"width: 156.069px;\">\n<p align=\"center\">30 x 4<\/p>\n<\/td>\n<td style=\"width: 166.347px;\">\n<p align=\"center\">120<\/p>\n<\/td>\n<td style=\"width: 188.819px;\">\n<p align=\"center\">1.07<\/p>\n<\/td>\n<td style=\"width: 236.139px;\">\n<p align=\"center\">50<\/p>\n<\/td>\n<\/tr>\n<tr>\n<td style=\"width: 305.958px;\">COBCT 305<\/td>\n<td style=\"width: 156.069px;\">\n<p align=\"center\">30 x 5<\/p>\n<\/td>\n<td style=\"width: 166.347px;\">\n<p align=\"center\">150<\/p>\n<\/td>\n<td style=\"width: 188.819px;\">\n<p align=\"center\">1.34<\/p>\n<\/td>\n<td style=\"width: 236.139px;\">\n<p align=\"center\">50<\/p>\n<\/td>\n<\/tr>\n<tr>\n<td style=\"width: 305.958px;\">COBCT 324<\/td>\n<td style=\"width: 156.069px;\">\n<p align=\"center\">32 x 4<\/p>\n<\/td>\n<td style=\"width: 166.347px;\">\n<p align=\"center\">128<\/p>\n<\/td>\n<td style=\"width: 188.819px;\">\n<p align=\"center\">1.15<\/p>\n<\/td>\n<td style=\"width: 236.139px;\">\n<p align=\"center\">50<\/p>\n<\/td>\n<\/tr>\n<tr>\n<td style=\"width: 305.958px;\">COBCT 404<\/td>\n<td style=\"width: 156.069px;\">\n<p align=\"center\">40 x 4<\/p>\n<\/td>\n<td style=\"width: 166.347px;\">\n<p align=\"center\">160<\/p>\n<\/td>\n<td style=\"width: 188.819px;\">\n<p align=\"center\">1.44<\/p>\n<\/td>\n<td style=\"width: 236.139px;\">\n<p align=\"center\">50<\/p>\n<\/td>\n<\/tr>\n<tr>\n<td style=\"width: 305.958px;\">COBCT 405<\/td>\n<td style=\"width: 156.069px;\">\n<p align=\"center\">40 x 5<\/p>\n<\/td>\n<td style=\"width: 166.347px;\">\n<p align=\"center\">200<\/p>\n<\/td>\n<td style=\"width: 188.819px;\">\n<p align=\"center\">1.78<\/p>\n<\/td>\n<td style=\"width: 236.139px;\">\n<p align=\"center\">25<\/p>\n<\/td>\n<\/tr>\n<tr>\n<td style=\"width: 305.958px;\">COBCT 406<\/td>\n<td style=\"width: 156.069px;\">\n<p align=\"center\">40 x 6<\/p>\n<\/td>\n<td style=\"width: 166.347px;\">\n<p align=\"center\">240<\/p>\n<\/td>\n<td style=\"width: 188.819px;\">\n<p align=\"center\">2.15<\/p>\n<\/td>\n<td style=\"width: 236.139px;\">\n<p align=\"center\">25<\/p>\n<\/td>\n<\/tr>\n<tr>\n<td style=\"width: 305.958px;\">COBCT 503<\/td>\n<td style=\"width: 156.069px;\">\n<p align=\"center\">50 x 3<\/p>\n<\/td>\n<td style=\"width: 166.347px;\">\n<p align=\"center\">150<\/p>\n<\/td>\n<td style=\"width: 188.819px;\">\n<p align=\"center\">1.34<\/p>\n<\/td>\n<td style=\"width: 236.139px;\">\n<p align=\"center\">20<\/p>\n<\/td>\n<\/tr>\n<tr>\n<td style=\"width: 305.958px;\">COBCT 505<\/td>\n<td style=\"width: 156.069px;\">\n<p align=\"center\">50 x 5<\/p>\n<\/td>\n<td style=\"width: 166.347px;\">\n<p align=\"center\">250<\/p>\n<\/td>\n<td style=\"width: 188.819px;\">\n<p align=\"center\">2.60<\/p>\n<\/td>\n<td style=\"width: 236.139px;\">\n<p align=\"center\">20<\/p>\n<\/td>\n<\/tr>\n<tr>\n<td style=\"width: 305.958px;\">COBCT 506<\/td>\n<td style=\"width: 156.069px;\">\n<p align=\"center\">50 x 6<\/p>\n<\/td>\n<td style=\"width: 166.347px;\">\n<p align=\"center\">300<\/p>\n<\/td>\n<td style=\"width: 188.819px;\">\n<p align=\"center\">2.68<\/p>\n<\/td>\n<td style=\"width: 236.139px;\">\n<p align=\"center\">20<\/p>\n<\/td>\n<\/tr>\n<\/tbody>\n<\/table>\n<div dir=\"auto\">&#8212;&#8212;&#8212;&#8212;&#8212;&#8212;&#8212;&#8212;&#8212;<\/div>\n<div dir=\"auto\">CH\u1eccN THU\u1eacN PHONG &#8211; CH\u1eccN S\u1ef0 AN T\u00c2M<\/div>\n<div dir=\"auto\"><span class=\"html-span xexx8yu x4uap5 x18d9i69 xkhd6sd x1hl2dhg x16tdsg8 x1vvkbs x3nfvp2 x1j61x8r x1fcty0u xdj266r xat24cr xgzva0m xhhsvwb xxymvpz xlup9mm x1kky2od\"><img decoding=\"async\" loading=\"lazy\" class=\"xz74otr\" src=\"https:\/\/static.xx.fbcdn.net\/images\/emoji.php\/v9\/t4c\/1\/16\/25aa.png\" alt=\"\u25aa\" width=\"16\" height=\"16\" \/><\/span> Hotline: 0869.564.567<\/div>\n<div dir=\"auto\"><span class=\"html-span xexx8yu x4uap5 x18d9i69 xkhd6sd x1hl2dhg x16tdsg8 x1vvkbs x3nfvp2 x1j61x8r x1fcty0u xdj266r xat24cr xgzva0m xhhsvwb xxymvpz xlup9mm x1kky2od\"><img decoding=\"async\" loading=\"lazy\" class=\"xz74otr\" src=\"https:\/\/static.xx.fbcdn.net\/images\/emoji.php\/v9\/t4c\/1\/16\/25aa.png\" alt=\"\u25aa\" width=\"16\" height=\"16\" \/><\/span> K\u1ef9 thu\u1eadt: Mr D\u0169ng 0899768777<\/div>\n<div dir=\"auto\"><span class=\"html-span xexx8yu x4uap5 x18d9i69 xkhd6sd x1hl2dhg x16tdsg8 x1vvkbs x3nfvp2 x1j61x8r x1fcty0u xdj266r xat24cr xgzva0m xhhsvwb xxymvpz xlup9mm x1kky2od\"><img decoding=\"async\" loading=\"lazy\" class=\"xz74otr\" src=\"https:\/\/static.xx.fbcdn.net\/images\/emoji.php\/v9\/t4c\/1\/16\/25aa.png\" alt=\"\u25aa\" width=\"16\" height=\"16\" \/><\/span> Tr\u1ee5 s\u1edf ch\u00ednh: 30 Nguy\u1ec5n H\u1eefu D\u1eadt, ph\u01b0\u1eddng Nam L\u00fd, th\u00e0nh ph\u1ed1 \u0110\u1ed3ng H\u1edbi, t\u1ec9nh Qu\u1ea3ng B\u00ecnh, Vi\u1ec7t Nam<\/div>\n<div dir=\"auto\"><span class=\"html-span xexx8yu x4uap5 x18d9i69 xkhd6sd x1hl2dhg x16tdsg8 x1vvkbs x3nfvp2 x1j61x8r x1fcty0u xdj266r xat24cr xgzva0m xhhsvwb xxymvpz xlup9mm x1kky2od\"><img decoding=\"async\" loading=\"lazy\" class=\"xz74otr\" src=\"https:\/\/static.xx.fbcdn.net\/images\/emoji.php\/v9\/t4c\/1\/16\/25aa.png\" alt=\"\u25aa\" width=\"16\" height=\"16\" \/><\/span> Tr\u1ee5 s\u1edf H\u00e0 N\u1ed9i: Nh\u00e0 ph\u1ed1 th\u01b0\u01a1ng m\u1ea1i Khai S\u01a1n Town s\u1ed1 18 thu\u1ed9c Town 7, khu \u0111\u00f4 th\u1ecb Khai S\u01a1n City, Ph\u01b0\u1eddng Th\u01b0\u1ee3ng Thanh, Qu\u1eadn Long Bi\u00ean, TP H\u00e0 N\u1ed9i<\/div>\n<\/div>\n","protected":false},"excerpt":{"rendered":"<p><strong>M\u00f4 t\u1ea3 :<\/strong><\/p>\n<ul>\n<li>Ti\u00eau chu\u1ea9n: IEC 62561 \u2013 2, BS EN 13601<\/li>\n<li>V\u1eadt li\u1ec7u: \u0110\u1ed3ng<\/li>\n<li>Xu\u1ea5t x\u1ee9: Kumwell &#8211; Th\u00e1i Lan<\/li>\n<li>\u1ee8ng d\u1ee5ng:\u00a0th\u00edch h\u1ee3p cho n\u1ed1i \u0111\u1ea5t v\u00e0 ch\u1ed1ng s\u00e9t<\/li>\n<\/ul>\n","protected":false},"featured_media":3047,"comment_status":"open","ping_status":"closed","template":"","meta":[],"product_cat":[222],"product_tag":[357],"jetpack-related-posts":[{"id":3051,"url":"https:\/\/tp-electric.vn\/index.php\/san-pham\/thanh-dong-boc-pvc\/","url_meta":{"origin":3055,"position":0},"title":"Thanh \u0111\u1ed3ng b\u1ecdc PVC","author":"","date":"14\/02\/2023","format":false,"excerpt":"M\u00f4 t\u1ea3 : Ti\u00eau chu\u1ea9n: IEC 62561 \u2013 2, BS EN 13601 V\u1eadt li\u1ec7u: \u0110\u1ed3ng Xu\u1ea5t x\u1ee9: Kumwell - Th\u00e1i Lan \u1ee8ng d\u1ee5ng: L\u00e0m d\u00e2y d\u1eabn tho\u00e1t s\u00e9t.","rel":"","context":"Similar post","block_context":{"text":"Similar post","link":""},"img":{"alt_text":"","src":"","width":0,"height":0},"classes":[]},{"id":3053,"url":"https:\/\/tp-electric.vn\/index.php\/san-pham\/thanh-dong-boc-chi\/","url_meta":{"origin":3055,"position":1},"title":"Thanh \u0111\u1ed3ng b\u1ecdc ch\u00ec","author":"","date":"14\/02\/2023","format":false,"excerpt":"M\u00f4 t\u1ea3 : Ti\u00eau chu\u1ea9n: IEC 62561 \u2013 2, BS EN 13601 V\u1eadt li\u1ec7u: \u0110\u1ed3ng b\u1ecdc ch\u00ec Xu\u1ea5t x\u1ee9: Kumwell - Th\u00e1i Lan \u1ee8ng d\u1ee5ng:\u00a0\u00a0L\u00e0m gi\u1ea3m s\u1ef1 \u0103n m\u00f2n d\u00e2y d\u1eabn, th\u00edch h\u1ee3p cho nh\u1eefng khu v\u1ef1c ch\u1ed1ng \u0103n m\u00f2n cao.","rel":"","context":"Similar post","block_context":{"text":"Similar post","link":""},"img":{"alt_text":"","src":"","width":0,"height":0},"classes":[]},{"id":3056,"url":"https:\/\/tp-electric.vn\/index.php\/san-pham\/thanh-dong-tron\/","url_meta":{"origin":3055,"position":2},"title":"Thanh \u0111\u1ed3ng tr\u00f2n","author":"","date":"14\/02\/2023","format":false,"excerpt":"M\u00f4 t\u1ea3 : Ti\u00eau chu\u1ea9n: IEC 62561 \u2013 2, BS EN 13601 V\u1eadt li\u1ec7u: \u0110\u1ed3ng Xu\u1ea5t x\u1ee9: Kumwell - Th\u00e1i Lan \u1ee8ng d\u1ee5ng: l\u00e0m d\u00e2y d\u1eabn tho\u00e1t s\u00e9t v\u00e0 d\u00e2y d\u1eabn ti\u1ebfp \u0111\u1ecba.","rel":"","context":"Similar post","block_context":{"text":"Similar post","link":""},"img":{"alt_text":"","src":"","width":0,"height":0},"classes":[]},{"id":3063,"url":"https:\/\/tp-electric.vn\/index.php\/san-pham\/thanh-dong-tron-boc-pvc\/","url_meta":{"origin":3055,"position":3},"title":"Thanh \u0111\u1ed3ng tr\u00f2n b\u1ecdc PVC","author":"","date":"14\/02\/2023","format":false,"excerpt":"M\u00f4 t\u1ea3 : Ti\u00eau chu\u1ea9n: IEC 62561 \u2013 2, BS EN 13601 V\u1eadt li\u1ec7u: \u0110\u1ed3ng Xu\u1ea5t x\u1ee9: Kumwell - Th\u00e1i Lan \u1ee8ng d\u1ee5ng: l\u00e0m d\u00e2y d\u1eabn tho\u00e1t s\u00e9t","rel":"","context":"Similar post","block_context":{"text":"Similar post","link":""},"img":{"alt_text":"","src":"","width":0,"height":0},"classes":[]},{"id":3061,"url":"https:\/\/tp-electric.vn\/index.php\/san-pham\/thanh-dong-tron-ma-thiec\/","url_meta":{"origin":3055,"position":4},"title":"Thanh \u0111\u1ed3ng tr\u00f2n m\u1ea1 thi\u1ebfc","author":"","date":"14\/02\/2023","format":false,"excerpt":"M\u00f4 t\u1ea3 : Ti\u00eau chu\u1ea9n: IEC 62561 \u2013 2, BS EN 13601 V\u1eadt li\u1ec7u: \u0110\u1ed3ng m\u1ea1 thi\u1ebfc Xu\u1ea5t x\u1ee9: Kumwell - Th\u00e1i Lan \u1ee8ng d\u1ee5ng: l\u00e0m d\u00e2y d\u1eabn tho\u00e1t s\u00e9t v\u00e0 d\u00e2y d\u1eabn ti\u1ebfp \u0111\u1ecba \u1edf nh\u1eefng khu v\u1ef1c c\u00f3 s\u1ef1 \u0103n m\u00f2n cao","rel":"","context":"Similar post","block_context":{"text":"Similar post","link":""},"img":{"alt_text":"","src":"","width":0,"height":0},"classes":[]},{"id":3050,"url":"https:\/\/tp-electric.vn\/index.php\/san-pham\/thanh-dong-ma-thiec\/","url_meta":{"origin":3055,"position":5},"title":"Thanh \u0111\u1ed3ng m\u1ea1 thi\u1ebfc","author":"","date":"14\/02\/2023","format":false,"excerpt":"M\u00f4 t\u1ea3 : Ti\u00eau chu\u1ea9n: IEC 62561 \u2013 2, BS EN 13601 V\u1eadt li\u1ec7u: \u0110\u1ed3ng m\u1ea1 thi\u1ebfc Xu\u1ea5t x\u1ee9: Kumwell - Th\u00e1i Lan \u1ee8ng d\u1ee5ng:\u00a0Th\u00edch h\u1ee3p ch\u1ed1ng s\u00e9t v\u00e0 ch\u1ed1ng s\u00e9t t\u1ea1i khu v\u1ef1c ch\u1ed1ng \u0103n m\u00f2n cao","rel":"","context":"Similar post","block_context":{"text":"Similar post","link":""},"img":{"alt_text":"","src":"","width":0,"height":0},"classes":[]}],"_links":{"self":[{"href":"https:\/\/tp-electric.vn\/index.php\/wp-json\/wp\/v2\/product\/3055"}],"collection":[{"href":"https:\/\/tp-electric.vn\/index.php\/wp-json\/wp\/v2\/product"}],"about":[{"href":"https:\/\/tp-electric.vn\/index.php\/wp-json\/wp\/v2\/types\/product"}],"replies":[{"embeddable":true,"href":"https:\/\/tp-electric.vn\/index.php\/wp-json\/wp\/v2\/comments?post=3055"}],"wp:featuredmedia":[{"embeddable":true,"href":"https:\/\/tp-electric.vn\/index.php\/wp-json\/wp\/v2\/media\/3047"}],"wp:attachment":[{"href":"https:\/\/tp-electric.vn\/index.php\/wp-json\/wp\/v2\/media?parent=3055"}],"wp:term":[{"taxonomy":"product_cat","embeddable":true,"href":"https:\/\/tp-electric.vn\/index.php\/wp-json\/wp\/v2\/product_cat?post=3055"},{"taxonomy":"product_tag","embeddable":true,"href":"https:\/\/tp-electric.vn\/index.php\/wp-json\/wp\/v2\/product_tag?post=3055"}],"curies":[{"name":"wp","href":"https:\/\/api.w.org\/{rel}","templated":true}]}}