{"id":3054,"date":"2023-02-14T13:51:27","date_gmt":"2023-02-14T06:51:27","guid":{"rendered":"https:\/\/tp-electric.vn\/?post_type=product&#038;p=3054"},"modified":"2024-12-12T15:10:19","modified_gmt":"2024-12-12T08:10:19","slug":"thanh-nhom","status":"publish","type":"product","link":"https:\/\/tp-electric.vn\/index.php\/san-pham\/thanh-nhom\/","title":{"rendered":"Thanh nh\u00f4m"},"content":{"rendered":"<p><strong>Bare Aluminum<\/strong><\/p>\n<div class=\"table-responsive\">\n<table style=\"height: 246px;\" border=\"1\" width=\"993\" cellspacing=\"0\" cellpadding=\"0\">\n<tbody>\n<tr>\n<td style=\"width: 280.611px;\">\n<p align=\"center\"><strong>Code No.<\/strong><\/p>\n<\/td>\n<td style=\"width: 146.528px;\">\n<p align=\"center\"><strong>Size<\/strong><\/p>\n<p align=\"center\"><strong>(mm)<\/strong><\/p>\n<\/td>\n<td style=\"width: 156.167px;\">\n<p align=\"center\"><strong>Size<\/strong><\/p>\n<p align=\"center\"><strong>(mm<sup>2<\/sup>)<\/strong><\/p>\n<\/td>\n<td style=\"width: 177.278px;\">\n<p align=\"center\"><strong>Weight<\/strong><\/p>\n<p align=\"center\"><strong>(kg)<\/strong><\/p>\n<\/td>\n<td style=\"width: 221.75px;\">\n<p align=\"center\"><strong>Coil Size<\/strong><\/p>\n<p align=\"center\"><strong>(m)<\/strong><\/p>\n<\/td>\n<\/tr>\n<tr>\n<td style=\"width: 280.611px;\">COBAT 253<\/td>\n<td style=\"width: 146.528px;\">\n<p align=\"center\">25 x 3<\/p>\n<\/td>\n<td style=\"width: 156.167px;\">\n<p align=\"center\">75<\/p>\n<\/td>\n<td style=\"width: 177.278px;\">\n<p align=\"center\">0.20<\/p>\n<\/td>\n<td style=\"width: 221.75px;\">\n<p align=\"center\">50<\/p>\n<\/td>\n<\/tr>\n<tr>\n<td style=\"width: 280.611px;\">COBAT 254<\/td>\n<td style=\"width: 146.528px;\">\n<p align=\"center\">25 x 4<\/p>\n<\/td>\n<td style=\"width: 156.167px;\">\n<p align=\"center\">100<\/p>\n<\/td>\n<td style=\"width: 177.278px;\">\n<p align=\"center\">0.27<\/p>\n<\/td>\n<td style=\"width: 221.75px;\">\n<p align=\"center\">50<\/p>\n<\/td>\n<\/tr>\n<tr>\n<td style=\"width: 280.611px;\">COBAT 256<\/td>\n<td style=\"width: 146.528px;\">\n<p align=\"center\">25 x 6<\/p>\n<\/td>\n<td style=\"width: 156.167px;\">\n<p align=\"center\">150<\/p>\n<\/td>\n<td style=\"width: 177.278px;\">\n<p align=\"center\">0.41<\/p>\n<\/td>\n<td style=\"width: 221.75px;\">\n<p align=\"center\">50<\/p>\n<\/td>\n<\/tr>\n<\/tbody>\n<\/table>\n<\/div>\n<div dir=\"auto\">&#8212;&#8212;&#8212;&#8212;&#8212;&#8212;&#8212;&#8212;<\/div>\n<div dir=\"auto\">CH\u1eccN THU\u1eacN PHONG &#8211; CH\u1eccN S\u1ef0 AN T\u00c2M<\/div>\n<div dir=\"auto\"><span class=\"html-span xexx8yu x4uap5 x18d9i69 xkhd6sd x1hl2dhg x16tdsg8 x1vvkbs x3nfvp2 x1j61x8r x1fcty0u xdj266r xat24cr xgzva0m xhhsvwb xxymvpz xlup9mm x1kky2od\"><img decoding=\"async\" loading=\"lazy\" class=\"xz74otr\" src=\"https:\/\/static.xx.fbcdn.net\/images\/emoji.php\/v9\/t4c\/1\/16\/25aa.png\" alt=\"\u25aa\" width=\"16\" height=\"16\" \/><\/span> Hotline: 0869.564.567<\/div>\n<div dir=\"auto\"><span class=\"html-span xexx8yu x4uap5 x18d9i69 xkhd6sd x1hl2dhg x16tdsg8 x1vvkbs x3nfvp2 x1j61x8r x1fcty0u xdj266r xat24cr xgzva0m xhhsvwb xxymvpz xlup9mm x1kky2od\"><img decoding=\"async\" loading=\"lazy\" class=\"xz74otr\" src=\"https:\/\/static.xx.fbcdn.net\/images\/emoji.php\/v9\/t4c\/1\/16\/25aa.png\" alt=\"\u25aa\" width=\"16\" height=\"16\" \/><\/span> K\u1ef9 thu\u1eadt: Mr D\u0169ng 0899768777<\/div>\n<div dir=\"auto\"><span class=\"html-span xexx8yu x4uap5 x18d9i69 xkhd6sd x1hl2dhg x16tdsg8 x1vvkbs x3nfvp2 x1j61x8r x1fcty0u xdj266r xat24cr xgzva0m xhhsvwb xxymvpz xlup9mm x1kky2od\"><img decoding=\"async\" loading=\"lazy\" class=\"xz74otr\" src=\"https:\/\/static.xx.fbcdn.net\/images\/emoji.php\/v9\/t4c\/1\/16\/25aa.png\" alt=\"\u25aa\" width=\"16\" height=\"16\" \/><\/span> Tr\u1ee5 s\u1edf ch\u00ednh: 30 Nguy\u1ec5n H\u1eefu D\u1eadt, ph\u01b0\u1eddng Nam L\u00fd, th\u00e0nh ph\u1ed1 \u0110\u1ed3ng H\u1edbi, t\u1ec9nh Qu\u1ea3ng B\u00ecnh, Vi\u1ec7t Nam<\/div>\n<div dir=\"auto\"><span class=\"html-span xexx8yu x4uap5 x18d9i69 xkhd6sd x1hl2dhg x16tdsg8 x1vvkbs x3nfvp2 x1j61x8r x1fcty0u xdj266r xat24cr xgzva0m xhhsvwb xxymvpz xlup9mm x1kky2od\"><img decoding=\"async\" loading=\"lazy\" class=\"xz74otr\" src=\"https:\/\/static.xx.fbcdn.net\/images\/emoji.php\/v9\/t4c\/1\/16\/25aa.png\" alt=\"\u25aa\" width=\"16\" height=\"16\" \/><\/span> Tr\u1ee5 s\u1edf H\u00e0 N\u1ed9i: Nh\u00e0 ph\u1ed1 th\u01b0\u01a1ng m\u1ea1i Khai S\u01a1n Town s\u1ed1 18 thu\u1ed9c Town 7, khu \u0111\u00f4 th\u1ecb Khai S\u01a1n City, Ph\u01b0\u1eddng Th\u01b0\u1ee3ng Thanh, Qu\u1eadn Long Bi\u00ean, TP H\u00e0 N\u1ed9i<\/div>\n","protected":false},"excerpt":{"rendered":"<p><strong>M\u00f4 t\u1ea3 :<\/strong><\/p>\n<ul>\n<li>Ti\u00eau chu\u1ea9n: IEC 62561 \u2013 2, BS 2898<\/li>\n<li>V\u1eadt li\u1ec7u: Nh\u00f4m<\/li>\n<li>Xu\u1ea5t x\u1ee9: Kumwell &#8211; Th\u00e1i Lan<\/li>\n<\/ul>\n","protected":false},"featured_media":3046,"comment_status":"open","ping_status":"closed","template":"","meta":[],"product_cat":[222],"product_tag":[353],"jetpack-related-posts":[{"id":3052,"url":"https:\/\/tp-electric.vn\/index.php\/san-pham\/thanh-nhom-boc-pvc\/","url_meta":{"origin":3054,"position":0},"title":"Thanh nh\u00f4m b\u1ecdc PVC","author":"","date":"14\/02\/2023","format":false,"excerpt":"M\u00f4 t\u1ea3 : Ti\u00eau chu\u1ea9n: IEC 62561 \u2013 2, BS 2898 V\u1eadt li\u1ec7u: Nh\u00f4m Xu\u1ea5t x\u1ee9: Kumwell - Th\u00e1i Lan \u1ee8ng d\u1ee5ng: L\u00e0m d\u00e2y d\u1eabn tho\u00e1t s\u00e9t.","rel":"","context":"Similar post","block_context":{"text":"Similar post","link":""},"img":{"alt_text":"","src":"","width":0,"height":0},"classes":[]},{"id":3064,"url":"https:\/\/tp-electric.vn\/index.php\/san-pham\/thanh-nhom-tron\/","url_meta":{"origin":3054,"position":1},"title":"Thanh nh\u00f4m tr\u00f2n","author":"","date":"14\/02\/2023","format":false,"excerpt":"M\u00f4 t\u1ea3 : Ti\u00eau chu\u1ea9n: IEC 62561 \u2013 2, BS 2898 V\u1eadt li\u1ec7u: Nh\u00f4m Xu\u1ea5t x\u1ee9: Kumwell - Th\u00e1i Lan \u1ee8ng d\u1ee5ng: l\u00e0m d\u00e2y d\u1eabn tho\u00e1t s\u00e9t v\u00e0 d\u00e2y ti\u1ebfp \u0111\u1ecba \u1edf nh\u1eefng khu v\u1ef1c \u0103n m\u00f2n cao.","rel":"","context":"Similar post","block_context":{"text":"Similar post","link":""},"img":{"alt_text":"","src":"","width":0,"height":0},"classes":[]},{"id":3033,"url":"https:\/\/tp-electric.vn\/index.php\/san-pham\/de-kim-thu-set-co-dien-ket-noi-voi-thanh-dong-hoac-thanh-nhom\/","url_meta":{"origin":3054,"position":2},"title":"\u0110\u1ebf kim thu s\u00e9t c\u1ed5 \u0111i\u1ec3n k\u1ebft n\u1ed1i v\u1edbi thanh \u0111\u1ed3ng ho\u1eb7c thanh nh\u00f4m","author":"","date":"14\/02\/2023","format":false,"excerpt":"M\u00f4 t\u1ea3 : Ti\u00eau chu\u1ea9n: IEC 62561 \u2013 BS EN 1982, BS 2898 V\u1eadt li\u1ec7u: H\u1ee3p kim \u0111\u1ed3ng, H\u1ee3p kim nh\u00f4m Xu\u1ea5t x\u1ee9: Kumwell - Th\u00e1i Lan \u1ee8ng d\u1ee5ng: h\u1ed7 tr\u1ee3 thi\u1ebft b\u1ecb k\u1ebft n\u1ed1i v\u1edbi d\u00e2y d\u1eabn \u0111\u1ed3ng ho\u1eb7c nh\u00f4m.","rel":"","context":"Similar post","block_context":{"text":"Similar post","link":""},"img":{"alt_text":"","src":"https:\/\/i0.wp.com\/tp-electric.vn\/wp-content\/uploads\/2023\/02\/9-2.png?fit=283%2C283&ssl=1&resize=350%2C200","width":350,"height":200},"classes":[]},{"id":3001,"url":"https:\/\/tp-electric.vn\/index.php\/san-pham\/hop-kiem-tra-chong-set-bang-nhom-gyatb\/","url_meta":{"origin":3054,"position":3},"title":"H\u1ed9p ki\u1ec5m tra ch\u1ed1ng s\u00e9t b\u1eb1ng Nh\u00f4m GYATB","author":"","date":"14\/02\/2023","format":false,"excerpt":"M\u00f4 t\u1ea3 : Ti\u00eau chu\u1ea9n: IEC 62561-1 V\u1eadt li\u1ec7u: H\u1ee3p kim nh\u00f4m Xu\u1ea5t x\u1ee9: Kumwell - Th\u00e1i Lan \u1ee8ng d\u1ee5ng : D\u00f9ng \u0111\u1ec3 ki\u1ec3m tra \u0111i\u1ec7n tr\u1edf v\u00e0 t\u00ecnh tr\u1ea1ng ho\u1ea1t \u0111\u1ed9ng c\u1ee7a h\u1ec7 th\u1ed1ng ch\u1ed1ng s\u00e9t.","rel":"","context":"Similar post","block_context":{"text":"Similar post","link":""},"img":{"alt_text":"","src":"https:\/\/i0.wp.com\/tp-electric.vn\/wp-content\/uploads\/2023\/02\/2-6.png?fit=850%2C850&ssl=1&resize=350%2C200","width":350,"height":200,"srcset":"https:\/\/i0.wp.com\/tp-electric.vn\/wp-content\/uploads\/2023\/02\/2-6.png?fit=850%2C850&ssl=1&resize=350%2C200 1x, https:\/\/i0.wp.com\/tp-electric.vn\/wp-content\/uploads\/2023\/02\/2-6.png?fit=850%2C850&ssl=1&resize=700%2C400 2x"},"classes":[]},{"id":3402,"url":"https:\/\/tp-electric.vn\/index.php\/san-pham\/day-nhom-tran-xoan-a\/","url_meta":{"origin":3054,"position":4},"title":"D\u00c2Y NH\u00d4M TR\u1ea6N XO\u1eaeN &#8211; A","author":"","date":"01\/03\/2023","format":false,"excerpt":"Ph\u1ea1m vi \u00e1p d\u1ee5ng: D\u00e2y nh\u00f4m tr\u1ea7n xo\u1eafn - A s\u1eed d\u1ee5ng cho \u0111\u01b0\u1eddng d\u00e2y t\u1ea3i \u0111i\u1ec7n tr\u00ean kh\u00f4ng. Ti\u00eau chu\u1ea9n \u00e1p d\u1ee5ng: TCVN 5064 - 1994; TCVN 5064 : 1994\/S\u0110 1 : 1995 T\u1ea2I CATALOGUE T\u1ea0I \u0110\u00c2Y","rel":"","context":"Similar post","block_context":{"text":"Similar post","link":""},"img":{"alt_text":"","src":"https:\/\/i0.wp.com\/tp-electric.vn\/wp-content\/uploads\/2023\/03\/c3.png?fit=300%2C300&ssl=1&resize=350%2C200","width":350,"height":200},"classes":[]},{"id":3404,"url":"https:\/\/tp-electric.vn\/index.php\/san-pham\/day-nhom-loi-thep-acsr-co-hoac-khong-phu-mo\/","url_meta":{"origin":3054,"position":5},"title":"D\u00c2Y NH\u00d4M L\u00d5I TH\u00c9P &#8211; ACSR ( C\u00d3 HO\u1eb6C KH\u00d4NG PH\u1ee6 M\u1ee0)","author":"","date":"01\/03\/2023","format":false,"excerpt":"Ph\u1ea1m vi \u00e1p d\u1ee5ng: D\u00e2y nh\u00f4m l\u00f5i th\u00e9p \u2013 ACSR s\u1eed d\u1ee5ng cho \u0111\u01b0\u1eddng d\u00e2y t\u1ea3i \u0111i\u1ec7n tr\u00ean kh\u00f4ng. T\u1ea1i c\u00e1c v\u00f9ng bi\u1ec3n hay c\u00e1c mi\u1ec1n kh\u00f4ng kh\u00ed c\u00f3 t\u00ednh \u0103n m\u00f2n kim lo\u1ea1i cao, d\u00e2y nh\u00f4m l\u00f5i th\u00e9p tr\u1ea7n \u0111\u01b0\u1ee3c tra m\u1ee1 trung t\u00ednh ch\u1ecbu nhi\u1ec7t. Ti\u00eau chu\u1ea9n \u00e1p\u2026","rel":"","context":"Similar post","block_context":{"text":"Similar post","link":""},"img":{"alt_text":"","src":"https:\/\/i0.wp.com\/tp-electric.vn\/wp-content\/uploads\/2023\/03\/c4.png?fit=300%2C300&ssl=1&resize=350%2C200","width":350,"height":200},"classes":[]}],"_links":{"self":[{"href":"https:\/\/tp-electric.vn\/index.php\/wp-json\/wp\/v2\/product\/3054"}],"collection":[{"href":"https:\/\/tp-electric.vn\/index.php\/wp-json\/wp\/v2\/product"}],"about":[{"href":"https:\/\/tp-electric.vn\/index.php\/wp-json\/wp\/v2\/types\/product"}],"replies":[{"embeddable":true,"href":"https:\/\/tp-electric.vn\/index.php\/wp-json\/wp\/v2\/comments?post=3054"}],"wp:featuredmedia":[{"embeddable":true,"href":"https:\/\/tp-electric.vn\/index.php\/wp-json\/wp\/v2\/media\/3046"}],"wp:attachment":[{"href":"https:\/\/tp-electric.vn\/index.php\/wp-json\/wp\/v2\/media?parent=3054"}],"wp:term":[{"taxonomy":"product_cat","embeddable":true,"href":"https:\/\/tp-electric.vn\/index.php\/wp-json\/wp\/v2\/product_cat?post=3054"},{"taxonomy":"product_tag","embeddable":true,"href":"https:\/\/tp-electric.vn\/index.php\/wp-json\/wp\/v2\/product_tag?post=3054"}],"curies":[{"name":"wp","href":"https:\/\/api.w.org\/{rel}","templated":true}]}}