{"id":3053,"date":"2023-02-14T13:50:33","date_gmt":"2023-02-14T06:50:33","guid":{"rendered":"https:\/\/tp-electric.vn\/?post_type=product&#038;p=3053"},"modified":"2024-12-12T15:10:19","modified_gmt":"2024-12-12T08:10:19","slug":"thanh-dong-boc-chi","status":"publish","type":"product","link":"https:\/\/tp-electric.vn\/index.php\/san-pham\/thanh-dong-boc-chi\/","title":{"rendered":"Thanh \u0111\u1ed3ng b\u1ecdc ch\u00ec"},"content":{"rendered":"<p><strong>Copper with Lead:<\/strong><\/p>\n<div class=\"table-responsive\">\n<table style=\"height: 176px;\" border=\"1\" width=\"901\" cellspacing=\"0\" cellpadding=\"0\">\n<tbody>\n<tr>\n<td style=\"width: 169.528px;\">\n<p align=\"center\"><strong>Code No.<\/strong><\/p>\n<\/td>\n<td style=\"width: 78.3333px;\">\n<p align=\"center\"><strong>Size<\/strong><\/p>\n<p align=\"center\"><strong>(mm)<\/strong><\/p>\n<\/td>\n<td style=\"width: 94.9583px;\">\n<p align=\"center\"><strong>Weight<\/strong><\/p>\n<p align=\"center\"><strong>(kg\/m)<\/strong><\/p>\n<\/td>\n<td style=\"width: 428.528px;\">\n<p align=\"center\"><strong>Lead \u2013 covered Thickness (mm)<\/strong><\/p>\n<\/td>\n<td style=\"width: 118.986px;\">\n<p align=\"center\"><strong>Coil Size<\/strong><\/p>\n<p align=\"center\"><strong>(m)<\/strong><\/p>\n<\/td>\n<\/tr>\n<tr>\n<td style=\"width: 169.528px;\">COBCTL 253<\/td>\n<td style=\"width: 78.3333px;\">\n<p align=\"center\">25 x 3<\/p>\n<\/td>\n<td style=\"width: 94.9583px;\">\n<p align=\"center\">2.06<\/p>\n<\/td>\n<td style=\"width: 428.528px;\">\n<p align=\"center\">2<\/p>\n<\/td>\n<td style=\"width: 118.986px;\">\n<p align=\"center\">25<\/p>\n<\/td>\n<\/tr>\n<tr>\n<td style=\"width: 169.528px;\">COBCTL 506<\/td>\n<td style=\"width: 78.3333px;\">\n<p align=\"center\">50 x 6<\/p>\n<\/td>\n<td style=\"width: 94.9583px;\">\n<p align=\"center\">5.40<\/p>\n<\/td>\n<td style=\"width: 428.528px;\">\n<p align=\"center\">2<\/p>\n<\/td>\n<td style=\"width: 118.986px;\">\n<p align=\"center\">20<\/p>\n<\/td>\n<\/tr>\n<\/tbody>\n<\/table>\n<div dir=\"auto\">&#8212;&#8212;&#8212;&#8212;&#8211;<\/div>\n<div dir=\"auto\">CH\u1eccN THU\u1eacN PHONG &#8211; CH\u1eccN S\u1ef0 AN T\u00c2M<\/div>\n<div dir=\"auto\"><span class=\"html-span xexx8yu x4uap5 x18d9i69 xkhd6sd x1hl2dhg x16tdsg8 x1vvkbs x3nfvp2 x1j61x8r x1fcty0u xdj266r xat24cr xgzva0m xhhsvwb xxymvpz xlup9mm x1kky2od\"><img decoding=\"async\" loading=\"lazy\" class=\"xz74otr\" src=\"https:\/\/static.xx.fbcdn.net\/images\/emoji.php\/v9\/t4c\/1\/16\/25aa.png\" alt=\"\u25aa\" width=\"16\" height=\"16\" \/><\/span> Hotline: 0869.564.567<\/div>\n<div dir=\"auto\"><span class=\"html-span xexx8yu x4uap5 x18d9i69 xkhd6sd x1hl2dhg x16tdsg8 x1vvkbs x3nfvp2 x1j61x8r x1fcty0u xdj266r xat24cr xgzva0m xhhsvwb xxymvpz xlup9mm x1kky2od\"><img decoding=\"async\" loading=\"lazy\" class=\"xz74otr\" src=\"https:\/\/static.xx.fbcdn.net\/images\/emoji.php\/v9\/t4c\/1\/16\/25aa.png\" alt=\"\u25aa\" width=\"16\" height=\"16\" \/><\/span> K\u1ef9 thu\u1eadt: Mr D\u0169ng 0899768777<\/div>\n<div dir=\"auto\"><span class=\"html-span xexx8yu x4uap5 x18d9i69 xkhd6sd x1hl2dhg x16tdsg8 x1vvkbs x3nfvp2 x1j61x8r x1fcty0u xdj266r xat24cr xgzva0m xhhsvwb xxymvpz xlup9mm x1kky2od\"><img decoding=\"async\" loading=\"lazy\" class=\"xz74otr\" src=\"https:\/\/static.xx.fbcdn.net\/images\/emoji.php\/v9\/t4c\/1\/16\/25aa.png\" alt=\"\u25aa\" width=\"16\" height=\"16\" \/><\/span> Tr\u1ee5 s\u1edf ch\u00ednh: 30 Nguy\u1ec5n H\u1eefu D\u1eadt, ph\u01b0\u1eddng Nam L\u00fd, th\u00e0nh ph\u1ed1 \u0110\u1ed3ng H\u1edbi, t\u1ec9nh Qu\u1ea3ng B\u00ecnh, Vi\u1ec7t Nam<\/div>\n<div dir=\"auto\"><span class=\"html-span xexx8yu x4uap5 x18d9i69 xkhd6sd x1hl2dhg x16tdsg8 x1vvkbs x3nfvp2 x1j61x8r x1fcty0u xdj266r xat24cr xgzva0m xhhsvwb xxymvpz xlup9mm x1kky2od\"><img decoding=\"async\" loading=\"lazy\" class=\"xz74otr\" src=\"https:\/\/static.xx.fbcdn.net\/images\/emoji.php\/v9\/t4c\/1\/16\/25aa.png\" alt=\"\u25aa\" width=\"16\" height=\"16\" \/><\/span> Tr\u1ee5 s\u1edf H\u00e0 N\u1ed9i: Nh\u00e0 ph\u1ed1 th\u01b0\u01a1ng m\u1ea1i Khai S\u01a1n Town s\u1ed1 18 thu\u1ed9c Town 7, khu \u0111\u00f4 th\u1ecb Khai S\u01a1n City, Ph\u01b0\u1eddng Th\u01b0\u1ee3ng Thanh, Qu\u1eadn Long Bi\u00ean, TP H\u00e0 N\u1ed9i<\/div>\n<\/div>\n","protected":false},"excerpt":{"rendered":"<p><strong>M\u00f4 t\u1ea3 :<\/strong><\/p>\n<ul>\n<li>Ti\u00eau chu\u1ea9n: IEC 62561 \u2013 2, BS EN 13601<\/li>\n<li>V\u1eadt li\u1ec7u: \u0110\u1ed3ng b\u1ecdc ch\u00ec<\/li>\n<li>Xu\u1ea5t x\u1ee9: Kumwell &#8211; Th\u00e1i Lan<\/li>\n<li><span style=\"font-family: arial, sans-serif;\">\u1ee8ng d\u1ee5ng:<em>\u00a0<\/em><\/span><em>\u00a0<\/em>L\u00e0m gi\u1ea3m s\u1ef1 \u0103n m\u00f2n d\u00e2y d\u1eabn, th\u00edch h\u1ee3p cho nh\u1eefng khu v\u1ef1c ch\u1ed1ng \u0103n m\u00f2n cao.<\/li>\n<\/ul>\n","protected":false},"featured_media":3045,"comment_status":"open","ping_status":"closed","template":"","meta":[],"product_cat":[222],"product_tag":[359,358],"jetpack-related-posts":[{"id":3051,"url":"https:\/\/tp-electric.vn\/index.php\/san-pham\/thanh-dong-boc-pvc\/","url_meta":{"origin":3053,"position":0},"title":"Thanh \u0111\u1ed3ng b\u1ecdc PVC","author":"","date":"14\/02\/2023","format":false,"excerpt":"M\u00f4 t\u1ea3 : Ti\u00eau chu\u1ea9n: IEC 62561 \u2013 2, BS EN 13601 V\u1eadt li\u1ec7u: \u0110\u1ed3ng Xu\u1ea5t x\u1ee9: Kumwell - Th\u00e1i Lan \u1ee8ng d\u1ee5ng: L\u00e0m d\u00e2y d\u1eabn tho\u00e1t s\u00e9t.","rel":"","context":"Similar post","block_context":{"text":"Similar post","link":""},"img":{"alt_text":"","src":"","width":0,"height":0},"classes":[]},{"id":3063,"url":"https:\/\/tp-electric.vn\/index.php\/san-pham\/thanh-dong-tron-boc-pvc\/","url_meta":{"origin":3053,"position":1},"title":"Thanh \u0111\u1ed3ng tr\u00f2n b\u1ecdc PVC","author":"","date":"14\/02\/2023","format":false,"excerpt":"M\u00f4 t\u1ea3 : Ti\u00eau chu\u1ea9n: IEC 62561 \u2013 2, BS EN 13601 V\u1eadt li\u1ec7u: \u0110\u1ed3ng Xu\u1ea5t x\u1ee9: Kumwell - Th\u00e1i Lan \u1ee8ng d\u1ee5ng: l\u00e0m d\u00e2y d\u1eabn tho\u00e1t s\u00e9t","rel":"","context":"Similar post","block_context":{"text":"Similar post","link":""},"img":{"alt_text":"","src":"","width":0,"height":0},"classes":[]},{"id":2853,"url":"https:\/\/tp-electric.vn\/index.php\/san-pham\/ong-ruot-ga-loi-thep-boc-nhua\/","url_meta":{"origin":3053,"position":2},"title":"\u1ed0ng ru\u1ed9t g\u00e0 l\u00f5i th\u00e9p b\u1ecdc nh\u1ef1a","author":"","date":"08\/02\/2023","format":false,"excerpt":"\u1ee8ng d\u1ee5ng \u1ed1ng ru\u1ed9t g\u00e0 l\u00f5i th\u00e9p b\u1ecdc nh\u1ef1a: D\u00f9ng cho khu v\u1ef1c trong nh\u00e0 v\u00e0 ngo\u00e0i tr\u1eddi. D\u00f9ng \u0111\u1ec3 lu\u1ed3n d\u00e2y cho c\u00e1c thi\u1ebft b\u1ecb c\u00f3 tr\u1ea1ng th\u00e1i chuy\u1ec3n \u0111\u1ed9ng ho\u1eb7c rung \u0111\u1ed9ng. N\u01a1i n\u00e0o \u1ed1ng th\u00e9p lu\u1ed3n c\u1ee9ng kh\u00f4ng th\u1ec3 u\u1ed1n l\u1eafp \u0111\u1eb7t \u0111\u01b0\u1ee3c. L\u1eafp \u0111\u1eb7t\u00a0 n\u01a1i c\u00f3\u2026","rel":"","context":"Similar post","block_context":{"text":"Similar post","link":""},"img":{"alt_text":"","src":"https:\/\/i0.wp.com\/tp-electric.vn\/wp-content\/uploads\/2023\/02\/day-ruot-ag.png?fit=300%2C300&ssl=1&resize=350%2C200","width":350,"height":200},"classes":[]},{"id":3052,"url":"https:\/\/tp-electric.vn\/index.php\/san-pham\/thanh-nhom-boc-pvc\/","url_meta":{"origin":3053,"position":3},"title":"Thanh nh\u00f4m b\u1ecdc PVC","author":"","date":"14\/02\/2023","format":false,"excerpt":"M\u00f4 t\u1ea3 : Ti\u00eau chu\u1ea9n: IEC 62561 \u2013 2, BS 2898 V\u1eadt li\u1ec7u: Nh\u00f4m Xu\u1ea5t x\u1ee9: Kumwell - Th\u00e1i Lan \u1ee8ng d\u1ee5ng: L\u00e0m d\u00e2y d\u1eabn tho\u00e1t s\u00e9t.","rel":"","context":"Similar post","block_context":{"text":"Similar post","link":""},"img":{"alt_text":"","src":"","width":0,"height":0},"classes":[]},{"id":3061,"url":"https:\/\/tp-electric.vn\/index.php\/san-pham\/thanh-dong-tron-ma-thiec\/","url_meta":{"origin":3053,"position":4},"title":"Thanh \u0111\u1ed3ng tr\u00f2n m\u1ea1 thi\u1ebfc","author":"","date":"14\/02\/2023","format":false,"excerpt":"M\u00f4 t\u1ea3 : Ti\u00eau chu\u1ea9n: IEC 62561 \u2013 2, BS EN 13601 V\u1eadt li\u1ec7u: \u0110\u1ed3ng m\u1ea1 thi\u1ebfc Xu\u1ea5t x\u1ee9: Kumwell - Th\u00e1i Lan \u1ee8ng d\u1ee5ng: l\u00e0m d\u00e2y d\u1eabn tho\u00e1t s\u00e9t v\u00e0 d\u00e2y d\u1eabn ti\u1ebfp \u0111\u1ecba \u1edf nh\u1eefng khu v\u1ef1c c\u00f3 s\u1ef1 \u0103n m\u00f2n cao","rel":"","context":"Similar post","block_context":{"text":"Similar post","link":""},"img":{"alt_text":"","src":"","width":0,"height":0},"classes":[]},{"id":2803,"url":"https:\/\/tp-electric.vn\/index.php\/san-pham\/dau-cose-pin\/","url_meta":{"origin":3053,"position":5},"title":"\u0110\u1ea7u cose c\u00e1c lo\u1ea1i","author":"","date":"08\/02\/2023","format":false,"excerpt":"\u0110\u1ea7u c\u1ed1t (Coss) c\u00f3 t\u00ean ti\u1ebfng Anh l\u00e0 COSSE ho\u1eb7c Terminal l\u00e0 thi\u1ebft b\u1ecb k\u1ebft n\u1ed1i trong ng\u00e0nh \u0111i\u1ec7n, c\u00f3 t\u00e1c d\u1ee5ng truy\u1ec1n t\u1ea3i \u0111i\u1ec7n n\u0103ng nh\u1eb1m t\u0103ng kh\u1ea3 n\u0103ng d\u1eabn \u0111i\u1ec7n gi\u1eef c\u00e1p \u0111i\u1ec7n v\u1edbi c\u00e1p \u0111i\u00ean ho\u1eb7c gi\u1eefa c\u00e1p \u0111i\u1ec7n v\u1edbi c\u00e1c thi\u1ebft b\u1ecb kh\u00e1c","rel":"","context":"Similar post","block_context":{"text":"Similar post","link":""},"img":{"alt_text":"","src":"https:\/\/i0.wp.com\/tp-electric.vn\/wp-content\/uploads\/2023\/02\/1-6.png?fit=300%2C300&ssl=1&resize=350%2C200","width":350,"height":200},"classes":[]}],"_links":{"self":[{"href":"https:\/\/tp-electric.vn\/index.php\/wp-json\/wp\/v2\/product\/3053"}],"collection":[{"href":"https:\/\/tp-electric.vn\/index.php\/wp-json\/wp\/v2\/product"}],"about":[{"href":"https:\/\/tp-electric.vn\/index.php\/wp-json\/wp\/v2\/types\/product"}],"replies":[{"embeddable":true,"href":"https:\/\/tp-electric.vn\/index.php\/wp-json\/wp\/v2\/comments?post=3053"}],"wp:featuredmedia":[{"embeddable":true,"href":"https:\/\/tp-electric.vn\/index.php\/wp-json\/wp\/v2\/media\/3045"}],"wp:attachment":[{"href":"https:\/\/tp-electric.vn\/index.php\/wp-json\/wp\/v2\/media?parent=3053"}],"wp:term":[{"taxonomy":"product_cat","embeddable":true,"href":"https:\/\/tp-electric.vn\/index.php\/wp-json\/wp\/v2\/product_cat?post=3053"},{"taxonomy":"product_tag","embeddable":true,"href":"https:\/\/tp-electric.vn\/index.php\/wp-json\/wp\/v2\/product_tag?post=3053"}],"curies":[{"name":"wp","href":"https:\/\/api.w.org\/{rel}","templated":true}]}}