{"id":3052,"date":"2023-02-14T13:49:38","date_gmt":"2023-02-14T06:49:38","guid":{"rendered":"https:\/\/tp-electric.vn\/?post_type=product&#038;p=3052"},"modified":"2024-12-12T15:10:19","modified_gmt":"2024-12-12T08:10:19","slug":"thanh-nhom-boc-pvc","status":"publish","type":"product","link":"https:\/\/tp-electric.vn\/index.php\/san-pham\/thanh-nhom-boc-pvc\/","title":{"rendered":"Thanh nh\u00f4m b\u1ecdc PVC"},"content":{"rendered":"<p><strong>Aluminium with PVC:<\/strong><\/p>\n<div class=\"table-responsive\">\n<table style=\"height: 297px;\" border=\"1\" width=\"867\" cellspacing=\"0\" cellpadding=\"0\">\n<tbody>\n<tr>\n<td style=\"width: 395.458px;\">\n<p align=\"center\"><strong>Code No.<\/strong><\/p>\n<\/td>\n<td style=\"width: 124.208px;\">\n<p align=\"center\"><strong>Size<\/strong><\/p>\n<p align=\"center\"><strong>(mm)<\/strong><\/p>\n<\/td>\n<td style=\"width: 150.333px;\">\n<p align=\"center\"><strong>Weight<\/strong><\/p>\n<p align=\"center\"><strong>(kg\/m)<\/strong><\/p>\n<\/td>\n<td style=\"width: 188.111px;\">\n<p align=\"center\"><strong>Coil Size<\/strong><\/p>\n<p align=\"center\"><strong>(m)<\/strong><\/p>\n<\/td>\n<\/tr>\n<tr>\n<td style=\"width: 395.458px;\">COBAT 253P<\/td>\n<td style=\"width: 124.208px;\">\n<p align=\"center\">25 x 3<\/p>\n<\/td>\n<td style=\"width: 150.333px;\">\n<p align=\"center\">0.30<\/p>\n<\/td>\n<td style=\"width: 188.111px;\">\n<p align=\"center\">50<\/p>\n<\/td>\n<\/tr>\n<tr>\n<td style=\"width: 395.458px;\">COBAT 254P<\/td>\n<td style=\"width: 124.208px;\">\n<p align=\"center\">25 x 4<\/p>\n<\/td>\n<td style=\"width: 150.333px;\">\n<p align=\"center\">0.36<\/p>\n<\/td>\n<td style=\"width: 188.111px;\">\n<p align=\"center\">50<\/p>\n<\/td>\n<\/tr>\n<tr>\n<td style=\"width: 395.458px;\">COBAT 253P-LSHF<\/td>\n<td style=\"width: 124.208px;\">\n<p align=\"center\">25 x 3<\/p>\n<\/td>\n<td style=\"width: 150.333px;\">\n<p align=\"center\">0.30<\/p>\n<\/td>\n<td style=\"width: 188.111px;\">\n<p align=\"center\">50<\/p>\n<\/td>\n<\/tr>\n<tr>\n<td style=\"width: 395.458px;\">COBAT 254P-LSHF<\/td>\n<td style=\"width: 124.208px;\">\n<p align=\"center\">25 x 4<\/p>\n<\/td>\n<td style=\"width: 150.333px;\">\n<p align=\"center\">0.36<\/p>\n<\/td>\n<td style=\"width: 188.111px;\">\n<p align=\"center\">50<\/p>\n<\/td>\n<\/tr>\n<\/tbody>\n<\/table>\n<div dir=\"auto\">&#8212;&#8212;&#8212;&#8212;&#8212;&#8212;&#8212;&#8212;&#8212;<\/div>\n<div dir=\"auto\">CH\u1eccN THU\u1eacN PHONG &#8211; CH\u1eccN S\u1ef0 AN T\u00c2M<\/div>\n<div dir=\"auto\"><span class=\"html-span xexx8yu x4uap5 x18d9i69 xkhd6sd x1hl2dhg x16tdsg8 x1vvkbs x3nfvp2 x1j61x8r x1fcty0u xdj266r xat24cr xgzva0m xhhsvwb xxymvpz xlup9mm x1kky2od\"><img decoding=\"async\" loading=\"lazy\" class=\"xz74otr\" src=\"https:\/\/static.xx.fbcdn.net\/images\/emoji.php\/v9\/t4c\/1\/16\/25aa.png\" alt=\"\u25aa\" width=\"16\" height=\"16\" \/><\/span> Hotline: 0869.564.567<\/div>\n<div dir=\"auto\"><span class=\"html-span xexx8yu x4uap5 x18d9i69 xkhd6sd x1hl2dhg x16tdsg8 x1vvkbs x3nfvp2 x1j61x8r x1fcty0u xdj266r xat24cr xgzva0m xhhsvwb xxymvpz xlup9mm x1kky2od\"><img decoding=\"async\" loading=\"lazy\" class=\"xz74otr\" src=\"https:\/\/static.xx.fbcdn.net\/images\/emoji.php\/v9\/t4c\/1\/16\/25aa.png\" alt=\"\u25aa\" width=\"16\" height=\"16\" \/><\/span> K\u1ef9 thu\u1eadt: Mr D\u0169ng 0899768777<\/div>\n<div dir=\"auto\"><span class=\"html-span xexx8yu x4uap5 x18d9i69 xkhd6sd x1hl2dhg x16tdsg8 x1vvkbs x3nfvp2 x1j61x8r x1fcty0u xdj266r xat24cr xgzva0m xhhsvwb xxymvpz xlup9mm x1kky2od\"><img decoding=\"async\" loading=\"lazy\" class=\"xz74otr\" src=\"https:\/\/static.xx.fbcdn.net\/images\/emoji.php\/v9\/t4c\/1\/16\/25aa.png\" alt=\"\u25aa\" width=\"16\" height=\"16\" \/><\/span> Tr\u1ee5 s\u1edf ch\u00ednh: 30 Nguy\u1ec5n H\u1eefu D\u1eadt, ph\u01b0\u1eddng Nam L\u00fd, th\u00e0nh ph\u1ed1 \u0110\u1ed3ng H\u1edbi, t\u1ec9nh Qu\u1ea3ng B\u00ecnh, Vi\u1ec7t Nam<\/div>\n<div dir=\"auto\"><span class=\"html-span xexx8yu x4uap5 x18d9i69 xkhd6sd x1hl2dhg x16tdsg8 x1vvkbs x3nfvp2 x1j61x8r x1fcty0u xdj266r xat24cr xgzva0m xhhsvwb xxymvpz xlup9mm x1kky2od\"><img decoding=\"async\" loading=\"lazy\" class=\"xz74otr\" src=\"https:\/\/static.xx.fbcdn.net\/images\/emoji.php\/v9\/t4c\/1\/16\/25aa.png\" alt=\"\u25aa\" width=\"16\" height=\"16\" \/><\/span> Tr\u1ee5 s\u1edf H\u00e0 N\u1ed9i: Nh\u00e0 ph\u1ed1 th\u01b0\u01a1ng m\u1ea1i Khai S\u01a1n Town s\u1ed1 18 thu\u1ed9c Town 7, khu \u0111\u00f4 th\u1ecb Khai S\u01a1n City, Ph\u01b0\u1eddng Th\u01b0\u1ee3ng Thanh, Qu\u1eadn Long Bi\u00ean, TP H\u00e0 N\u1ed9i<\/div>\n<\/div>\n","protected":false},"excerpt":{"rendered":"<p><strong>M\u00f4 t\u1ea3 :<\/strong><\/p>\n<ul>\n<li>Ti\u00eau chu\u1ea9n: IEC 62561 \u2013 2, BS 2898<\/li>\n<li>V\u1eadt li\u1ec7u: Nh\u00f4m<\/li>\n<li>Xu\u1ea5t x\u1ee9: Kumwell &#8211; Th\u00e1i Lan<\/li>\n<li>\u1ee8ng d\u1ee5ng: L\u00e0m d\u00e2y d\u1eabn tho\u00e1t s\u00e9t.<\/li>\n<\/ul>\n","protected":false},"featured_media":3043,"comment_status":"open","ping_status":"closed","template":"","meta":[],"product_cat":[222],"product_tag":[353,360],"jetpack-related-posts":[{"id":3054,"url":"https:\/\/tp-electric.vn\/index.php\/san-pham\/thanh-nhom\/","url_meta":{"origin":3052,"position":0},"title":"Thanh nh\u00f4m","author":"","date":"14\/02\/2023","format":false,"excerpt":"M\u00f4 t\u1ea3 : Ti\u00eau chu\u1ea9n: IEC 62561 \u2013 2, BS 2898 V\u1eadt li\u1ec7u: Nh\u00f4m Xu\u1ea5t x\u1ee9: Kumwell - Th\u00e1i Lan","rel":"","context":"Similar post","block_context":{"text":"Similar post","link":""},"img":{"alt_text":"","src":"","width":0,"height":0},"classes":[]},{"id":3417,"url":"https:\/\/tp-electric.vn\/index.php\/san-pham\/av-06-1kv-cap-dien-luc-ha-the-ruot-nhom-cach-dien-pvc\/","url_meta":{"origin":3052,"position":1},"title":"AV&#8230; &#8211; 06\/1kV &#8211; C\u00c1P \u0110I\u1ec6N L\u1ef0C H\u1ea0 TH\u1ebe RU\u1ed8T NH\u00d4M, C\u00c1CH \u0110I\u1ec6N PVC","author":"","date":"01\/03\/2023","format":false,"excerpt":"Ph\u1ea1m vi \u00e1p d\u1ee5ng: C\u00e1p \u0111i\u1ec7n l\u1ef1c AV d\u00f9ng cho h\u1ec7 th\u1ed1ng truy\u1ec1n t\u1ea3i v\u00e0 ph\u00e2n ph\u1ed1i \u0111i\u1ec7n, c\u1ea5p \u0111i\u1ec7n \u00e1p 0,6\/1 kV, l\u1eafp \u0111\u1eb7t c\u1ed1 \u0111\u1ecbnh Ti\u00eau chu\u1ea9n \u00e1p d\u1ee5ng: TCVN 5935-1 \/ IEC 60502-1 TCVN 6612 \/ IEC 60228, AS\/NZS 5000.1 T\u1ea2I CATALOGUE T\u1ea0I \u0110\u00c2Y","rel":"","context":"Similar post","block_context":{"text":"Similar post","link":""},"img":{"alt_text":"","src":"https:\/\/i0.wp.com\/tp-electric.vn\/wp-content\/uploads\/2023\/03\/2.png?fit=300%2C300&ssl=1&resize=350%2C200","width":350,"height":200},"classes":[]},{"id":3420,"url":"https:\/\/tp-electric.vn\/index.php\/san-pham\/avv-06-1kv-cap-dien-luc-ha-the-ruot-nhom-cach-dien-xlpe-vo-pvc\/","url_meta":{"origin":3052,"position":2},"title":"AVV&#8230; &#8211; 0,6\/1kV &#8211; C\u00c1P \u0110I\u1ec6N L\u1ef0C H\u1ea0 TH\u1ebe RU\u1ed8T NH\u00d4M, C\u00c1CH \u0110I\u1ec6N XLPE, V\u1ece PVC","author":"","date":"01\/03\/2023","format":false,"excerpt":"Ph\u1ea1m vi \u00e1p d\u1ee5ng: C\u00e1p AVV d\u00f9ng cho h\u1ec7 th\u1ed1ng truy\u1ec1n t\u1ea3i v\u00e0 ph\u00e2n ph\u1ed1i \u0111i\u1ec7n, c\u1ea5p \u0111i\u1ec7n \u00e1p 0,6\/1 kV, l\u1eafp \u0111\u1eb7t c\u1ed1 \u0111\u1ecbnh Ti\u00eau chu\u1ea9n \u00e1p d\u1ee5ng: TCVN 5935-1\/ IEC 60502-1 \u2022 TCVN 6612\/ IEC 60228 T\u1ea2I CATALOGUE T\u1ea0I \u0110\u00c2Y","rel":"","context":"Similar post","block_context":{"text":"Similar post","link":""},"img":{"alt_text":"","src":"https:\/\/i0.wp.com\/tp-electric.vn\/wp-content\/uploads\/2023\/03\/5.png?fit=300%2C300&ssl=1&resize=350%2C200","width":350,"height":200},"classes":[]},{"id":3423,"url":"https:\/\/tp-electric.vn\/index.php\/san-pham\/axv-06-1kv-cap-dien-luc-ruot-nhom-cach-dien-xlpe-vo-pvc\/","url_meta":{"origin":3052,"position":3},"title":"AXV&#8230; -0,6\/1kV &#8211; C\u00c1P \u0110I\u1ec6N L\u1ef0C RU\u1ed8T NH\u00d4M, C\u00c1CH \u0110I\u1ec6N XLPE, V\u1ece PVC","author":"","date":"01\/03\/2023","format":false,"excerpt":"Ph\u1ea1m vi \u00e1p d\u1ee5ng: C\u00e1p AXV d\u00f9ng cho h\u1ec7 th\u1ed1ng truy\u1ec1n t\u1ea3i v\u00e0 ph\u00e2n ph\u1ed1i \u0111i\u1ec7n, c\u1ea5p \u0111i\u1ec7n \u00e1p 0,6\/1 kV, l\u1eafp \u0111\u1eb7t c\u1ed1 \u0111\u1ecbnh Ti\u00eau chu\u1ea9n \u00e1p d\u1ee5ng: \u2022 TCVN 5935-1\/ IEC 60502-1 \u2022 TCVN 6612\/ IEC 60228 T\u1ea2I CATALOGUE T\u1ea0I \u0110\u00c2Y \u00a0","rel":"","context":"Similar post","block_context":{"text":"Similar post","link":""},"img":{"alt_text":"","src":"https:\/\/i0.wp.com\/tp-electric.vn\/wp-content\/uploads\/2023\/03\/8.png?fit=300%2C300&ssl=1&resize=350%2C200","width":350,"height":200},"classes":[]},{"id":3430,"url":"https:\/\/tp-electric.vn\/index.php\/san-pham\/avv-dsta-avv-data-06-1kv-cap-dien-luc-ruot-nhom-cach-dien-pvc-giap-bang-kim-loai-bao-ve-vo-pvc\/","url_meta":{"origin":3052,"position":4},"title":"AVV\/DSTA..&#038; AVV\/DATA&#8230; &#8211; 06\/1kV- C\u00c1P \u0110I\u1ec6N L\u1ef0C RU\u1ed8T NH\u00d4M, C\u00c1CH \u0110I\u1ec6N PVC, GI\u00c1P B\u0102NG KIM LO\u1ea0I B\u1ea2O V\u1ec6 V\u1ece PVC","author":"","date":"01\/03\/2023","format":false,"excerpt":"Ph\u1ea1m vi \u00e1p d\u1ee5ng: C\u00e1p AVV\/DATA, AVV\/DSTA d\u00f9ng cho h\u1ec7 th\u1ed1ng truy\u1ec1n t\u1ea3i v\u00e0 ph\u00e2n ph\u1ed1i \u0111i\u1ec7n ng\u1ea7m, c\u1ea5p \u0111i\u1ec7n \u00e1p 0,6\/1 kV, l\u1eafp \u0111\u1eb7t c\u1ed1 \u0111\u1ecbnh Ti\u00eau chu\u1ea9n \u00e1p d\u1ee5ng: \u2022 TCVN 5935-1\/ IEC 60502-1 \u2022 TCVN 6612\/ IEC 6022 T\u1ea2I CATALOGUE T\u1ea0I \u0110\u00c2Y","rel":"","context":"Similar post","block_context":{"text":"Similar post","link":""},"img":{"alt_text":"","src":"https:\/\/i0.wp.com\/tp-electric.vn\/wp-content\/uploads\/2023\/03\/13.png?fit=300%2C300&ssl=1&resize=350%2C200","width":350,"height":200},"classes":[]},{"id":3064,"url":"https:\/\/tp-electric.vn\/index.php\/san-pham\/thanh-nhom-tron\/","url_meta":{"origin":3052,"position":5},"title":"Thanh nh\u00f4m tr\u00f2n","author":"","date":"14\/02\/2023","format":false,"excerpt":"M\u00f4 t\u1ea3 : Ti\u00eau chu\u1ea9n: IEC 62561 \u2013 2, BS 2898 V\u1eadt li\u1ec7u: Nh\u00f4m Xu\u1ea5t x\u1ee9: Kumwell - Th\u00e1i Lan \u1ee8ng d\u1ee5ng: l\u00e0m d\u00e2y d\u1eabn tho\u00e1t s\u00e9t v\u00e0 d\u00e2y ti\u1ebfp \u0111\u1ecba \u1edf nh\u1eefng khu v\u1ef1c \u0103n m\u00f2n cao.","rel":"","context":"Similar post","block_context":{"text":"Similar post","link":""},"img":{"alt_text":"","src":"","width":0,"height":0},"classes":[]}],"_links":{"self":[{"href":"https:\/\/tp-electric.vn\/index.php\/wp-json\/wp\/v2\/product\/3052"}],"collection":[{"href":"https:\/\/tp-electric.vn\/index.php\/wp-json\/wp\/v2\/product"}],"about":[{"href":"https:\/\/tp-electric.vn\/index.php\/wp-json\/wp\/v2\/types\/product"}],"replies":[{"embeddable":true,"href":"https:\/\/tp-electric.vn\/index.php\/wp-json\/wp\/v2\/comments?post=3052"}],"wp:featuredmedia":[{"embeddable":true,"href":"https:\/\/tp-electric.vn\/index.php\/wp-json\/wp\/v2\/media\/3043"}],"wp:attachment":[{"href":"https:\/\/tp-electric.vn\/index.php\/wp-json\/wp\/v2\/media?parent=3052"}],"wp:term":[{"taxonomy":"product_cat","embeddable":true,"href":"https:\/\/tp-electric.vn\/index.php\/wp-json\/wp\/v2\/product_cat?post=3052"},{"taxonomy":"product_tag","embeddable":true,"href":"https:\/\/tp-electric.vn\/index.php\/wp-json\/wp\/v2\/product_tag?post=3052"}],"curies":[{"name":"wp","href":"https:\/\/api.w.org\/{rel}","templated":true}]}}