{"id":3050,"date":"2023-02-14T13:46:30","date_gmt":"2023-02-14T06:46:30","guid":{"rendered":"https:\/\/tp-electric.vn\/?post_type=product&#038;p=3050"},"modified":"2024-12-12T15:10:19","modified_gmt":"2024-12-12T08:10:19","slug":"thanh-dong-ma-thiec","status":"publish","type":"product","link":"https:\/\/tp-electric.vn\/index.php\/san-pham\/thanh-dong-ma-thiec\/","title":{"rendered":"Thanh \u0111\u1ed3ng m\u1ea1 thi\u1ebfc"},"content":{"rendered":"<p><strong>Tinned Copper:<\/strong><\/p>\n<div class=\"table-responsive\">\n<table style=\"width: 982px; height: 1095px;\" border=\"1\" cellspacing=\"0\" cellpadding=\"0\">\n<tbody>\n<tr style=\"height: 52px;\">\n<td style=\"height: 52px; width: 213.042px;\">\n<p align=\"center\"><strong>Code No.<\/strong><\/p>\n<\/td>\n<td style=\"height: 52px; width: 166.542px;\">\n<p align=\"center\"><strong>Size (mm)<\/strong><\/p>\n<\/td>\n<td style=\"height: 52px; width: 183.667px;\">\n<p align=\"center\"><strong>Size (mm<sup>2<\/sup>)<\/strong><\/p>\n<\/td>\n<td style=\"height: 52px; width: 193.458px;\">\n<p align=\"center\"><strong>Weight (kg)<\/strong><\/p>\n<\/td>\n<td style=\"height: 52px; width: 214.625px;\">\n<p align=\"center\"><strong>Coil Size (m)<\/strong><\/p>\n<\/td>\n<\/tr>\n<tr style=\"height: 50px;\">\n<td style=\"height: 50px; width: 213.042px;\">COBCT 203T<\/td>\n<td style=\"height: 50px; width: 166.542px;\">\n<p align=\"center\">20 x 3<\/p>\n<\/td>\n<td style=\"height: 50px; width: 183.667px;\">\n<p align=\"center\">60<\/p>\n<\/td>\n<td style=\"height: 50px; width: 193.458px;\">\n<p align=\"center\">0.55<\/p>\n<\/td>\n<td style=\"height: 50px; width: 214.625px;\">\n<p align=\"center\">100<\/p>\n<\/td>\n<\/tr>\n<tr style=\"height: 50px;\">\n<td style=\"height: 50px; width: 213.042px;\">COBCT 253T<\/td>\n<td style=\"height: 50px; width: 166.542px;\">\n<p align=\"center\">25 x 3<\/p>\n<\/td>\n<td style=\"height: 50px; width: 183.667px;\">\n<p align=\"center\">75<\/p>\n<\/td>\n<td style=\"height: 50px; width: 193.458px;\">\n<p align=\"center\">0.67<\/p>\n<\/td>\n<td style=\"height: 50px; width: 214.625px;\">\n<p align=\"center\">100<\/p>\n<\/td>\n<\/tr>\n<tr style=\"height: 50px;\">\n<td style=\"height: 50px; width: 213.042px;\">COBCT 254T<\/td>\n<td style=\"height: 50px; width: 166.542px;\">\n<p align=\"center\">25 x 4<\/p>\n<\/td>\n<td style=\"height: 50px; width: 183.667px;\">\n<p align=\"center\">100<\/p>\n<\/td>\n<td style=\"height: 50px; width: 193.458px;\">\n<p align=\"center\">0.90<\/p>\n<\/td>\n<td style=\"height: 50px; width: 214.625px;\">\n<p align=\"center\">100<\/p>\n<\/td>\n<\/tr>\n<tr style=\"height: 50px;\">\n<td style=\"height: 50px; width: 213.042px;\">COBCT 256T<\/td>\n<td style=\"height: 50px; width: 166.542px;\">\n<p align=\"center\">25 x 6<\/p>\n<\/td>\n<td style=\"height: 50px; width: 183.667px;\">\n<p align=\"center\">150<\/p>\n<\/td>\n<td style=\"height: 50px; width: 193.458px;\">\n<p align=\"center\">1.34<\/p>\n<\/td>\n<td style=\"height: 50px; width: 214.625px;\">\n<p align=\"center\">25<\/p>\n<\/td>\n<\/tr>\n<tr style=\"height: 50px;\">\n<td style=\"height: 50px; width: 213.042px;\">COBCT 303T<\/td>\n<td style=\"height: 50px; width: 166.542px;\">\n<p align=\"center\">30 x 3<\/p>\n<\/td>\n<td style=\"height: 50px; width: 183.667px;\">\n<p align=\"center\">90<\/p>\n<\/td>\n<td style=\"height: 50px; width: 193.458px;\">\n<p align=\"center\">0.81<\/p>\n<\/td>\n<td style=\"height: 50px; width: 214.625px;\">\n<p align=\"center\">50<\/p>\n<\/td>\n<\/tr>\n<tr style=\"height: 50px;\">\n<td style=\"height: 50px; width: 213.042px;\">COBCT 304T<\/td>\n<td style=\"height: 50px; width: 166.542px;\">\n<p align=\"center\">30 x 4<\/p>\n<\/td>\n<td style=\"height: 50px; width: 183.667px;\">\n<p align=\"center\">120<\/p>\n<\/td>\n<td style=\"height: 50px; width: 193.458px;\">\n<p align=\"center\">1.08<\/p>\n<\/td>\n<td style=\"height: 50px; width: 214.625px;\">\n<p align=\"center\">50<\/p>\n<\/td>\n<\/tr>\n<tr style=\"height: 50px;\">\n<td style=\"height: 50px; width: 213.042px;\">COBCT 305T<\/td>\n<td style=\"height: 50px; width: 166.542px;\">\n<p align=\"center\">30 x 5<\/p>\n<\/td>\n<td style=\"height: 50px; width: 183.667px;\">\n<p align=\"center\">150<\/p>\n<\/td>\n<td style=\"height: 50px; width: 193.458px;\">\n<p align=\"center\">1.34<\/p>\n<\/td>\n<td style=\"height: 50px; width: 214.625px;\">\n<p align=\"center\">50<\/p>\n<\/td>\n<\/tr>\n<tr style=\"height: 50px;\">\n<td style=\"height: 50px; width: 213.042px;\">COBCT 324T<\/td>\n<td style=\"height: 50px; width: 166.542px;\">\n<p align=\"center\">32 x 4<\/p>\n<\/td>\n<td style=\"height: 50px; width: 183.667px;\">\n<p align=\"center\">128<\/p>\n<\/td>\n<td style=\"height: 50px; width: 193.458px;\">\n<p align=\"center\">1.15<\/p>\n<\/td>\n<td style=\"height: 50px; width: 214.625px;\">\n<p align=\"center\">50<\/p>\n<\/td>\n<\/tr>\n<tr style=\"height: 50px;\">\n<td style=\"height: 50px; width: 213.042px;\">COBCT 404T<\/td>\n<td style=\"height: 50px; width: 166.542px;\">\n<p align=\"center\">40 x 4<\/p>\n<\/td>\n<td style=\"height: 50px; width: 183.667px;\">\n<p align=\"center\">160<\/p>\n<\/td>\n<td style=\"height: 50px; width: 193.458px;\">\n<p align=\"center\">1.43<\/p>\n<\/td>\n<td style=\"height: 50px; width: 214.625px;\">\n<p align=\"center\">50<\/p>\n<\/td>\n<\/tr>\n<tr style=\"height: 50px;\">\n<td style=\"height: 50px; width: 213.042px;\">COBCT 405T<\/td>\n<td style=\"height: 50px; width: 166.542px;\">\n<p align=\"center\">40 x 5<\/p>\n<\/td>\n<td style=\"height: 50px; width: 183.667px;\">\n<p align=\"center\">200<\/p>\n<\/td>\n<td style=\"height: 50px; width: 193.458px;\">\n<p align=\"center\">1.79<\/p>\n<\/td>\n<td style=\"height: 50px; width: 214.625px;\">\n<p align=\"center\">25<\/p>\n<\/td>\n<\/tr>\n<tr style=\"height: 50px;\">\n<td style=\"height: 50px; width: 213.042px;\">COBCT 406T<\/td>\n<td style=\"height: 50px; width: 166.542px;\">\n<p align=\"center\">40 x 6<\/p>\n<\/td>\n<td style=\"height: 50px; width: 183.667px;\">\n<p align=\"center\">240<\/p>\n<\/td>\n<td style=\"height: 50px; width: 193.458px;\">\n<p align=\"center\">2.15<\/p>\n<\/td>\n<td style=\"height: 50px; width: 214.625px;\">\n<p align=\"center\">25<\/p>\n<\/td>\n<\/tr>\n<tr style=\"height: 50px;\">\n<td style=\"height: 50px; width: 213.042px;\">COBCT 503T<\/td>\n<td style=\"height: 50px; width: 166.542px;\">\n<p align=\"center\">50 x 3<\/p>\n<\/td>\n<td style=\"height: 50px; width: 183.667px;\">\n<p align=\"center\">150<\/p>\n<\/td>\n<td style=\"height: 50px; width: 193.458px;\">\n<p align=\"center\">1.34<\/p>\n<\/td>\n<td style=\"height: 50px; width: 214.625px;\">\n<p align=\"center\">20<\/p>\n<\/td>\n<\/tr>\n<tr style=\"height: 50.5278px;\">\n<td style=\"height: 50.5278px; width: 213.042px;\">COBCT 505T<\/td>\n<td style=\"height: 50.5278px; width: 166.542px;\">\n<p align=\"center\">50 x 5<\/p>\n<\/td>\n<td style=\"height: 50.5278px; width: 183.667px;\">\n<p align=\"center\">250<\/p>\n<\/td>\n<td style=\"height: 50.5278px; width: 193.458px;\">\n<p align=\"center\">2.24<\/p>\n<\/td>\n<td style=\"height: 50.5278px; width: 214.625px;\">\n<p align=\"center\">20<\/p>\n<\/td>\n<\/tr>\n<tr style=\"height: 50px;\">\n<td style=\"height: 50px; width: 213.042px;\">COBCT 506T<\/td>\n<td style=\"height: 50px; width: 166.542px;\">\n<p align=\"center\">50 x 6<\/p>\n<\/td>\n<td style=\"height: 50px; width: 183.667px;\">\n<p align=\"center\">300<\/p>\n<\/td>\n<td style=\"height: 50px; width: 193.458px;\">\n<p align=\"center\">2.68<\/p>\n<\/td>\n<td style=\"height: 50px; width: 214.625px;\">\n<p align=\"center\">20<\/p>\n<\/td>\n<\/tr>\n<\/tbody>\n<\/table>\n<\/div>\n<div dir=\"auto\">&#8212;&#8212;&#8212;&#8212;&#8212;&#8212;&#8212;&#8211;<\/div>\n<div dir=\"auto\">CH\u1eccN THU\u1eacN PHONG &#8211; CH\u1eccN S\u1ef0 AN T\u00c2M<\/div>\n<div dir=\"auto\"><span class=\"html-span xexx8yu x4uap5 x18d9i69 xkhd6sd x1hl2dhg x16tdsg8 x1vvkbs x3nfvp2 x1j61x8r x1fcty0u xdj266r xat24cr xgzva0m xhhsvwb xxymvpz xlup9mm x1kky2od\"><img decoding=\"async\" loading=\"lazy\" class=\"xz74otr\" src=\"https:\/\/static.xx.fbcdn.net\/images\/emoji.php\/v9\/t4c\/1\/16\/25aa.png\" alt=\"\u25aa\" width=\"16\" height=\"16\" \/><\/span> Hotline: 0869.564.567<\/div>\n<div dir=\"auto\"><span class=\"html-span xexx8yu x4uap5 x18d9i69 xkhd6sd x1hl2dhg x16tdsg8 x1vvkbs x3nfvp2 x1j61x8r x1fcty0u xdj266r xat24cr xgzva0m xhhsvwb xxymvpz xlup9mm x1kky2od\"><img decoding=\"async\" loading=\"lazy\" class=\"xz74otr\" src=\"https:\/\/static.xx.fbcdn.net\/images\/emoji.php\/v9\/t4c\/1\/16\/25aa.png\" alt=\"\u25aa\" width=\"16\" height=\"16\" \/><\/span> K\u1ef9 thu\u1eadt: Mr D\u0169ng 0899768777<\/div>\n<div dir=\"auto\"><span class=\"html-span xexx8yu x4uap5 x18d9i69 xkhd6sd x1hl2dhg x16tdsg8 x1vvkbs x3nfvp2 x1j61x8r x1fcty0u xdj266r xat24cr xgzva0m xhhsvwb xxymvpz xlup9mm x1kky2od\"><img decoding=\"async\" loading=\"lazy\" class=\"xz74otr\" src=\"https:\/\/static.xx.fbcdn.net\/images\/emoji.php\/v9\/t4c\/1\/16\/25aa.png\" alt=\"\u25aa\" width=\"16\" height=\"16\" \/><\/span> Tr\u1ee5 s\u1edf ch\u00ednh: 30 Nguy\u1ec5n H\u1eefu D\u1eadt, ph\u01b0\u1eddng Nam L\u00fd, th\u00e0nh ph\u1ed1 \u0110\u1ed3ng H\u1edbi, t\u1ec9nh Qu\u1ea3ng B\u00ecnh, Vi\u1ec7t Nam<\/div>\n<div dir=\"auto\"><span class=\"html-span xexx8yu x4uap5 x18d9i69 xkhd6sd x1hl2dhg x16tdsg8 x1vvkbs x3nfvp2 x1j61x8r x1fcty0u xdj266r xat24cr xgzva0m xhhsvwb xxymvpz xlup9mm x1kky2od\"><img decoding=\"async\" loading=\"lazy\" class=\"xz74otr\" src=\"https:\/\/static.xx.fbcdn.net\/images\/emoji.php\/v9\/t4c\/1\/16\/25aa.png\" alt=\"\u25aa\" width=\"16\" height=\"16\" \/><\/span> Tr\u1ee5 s\u1edf H\u00e0 N\u1ed9i: Nh\u00e0 ph\u1ed1 th\u01b0\u01a1ng m\u1ea1i Khai S\u01a1n Town s\u1ed1 18 thu\u1ed9c Town 7, khu \u0111\u00f4 th\u1ecb Khai S\u01a1n City, Ph\u01b0\u1eddng Th\u01b0\u1ee3ng Thanh, Qu\u1eadn Long Bi\u00ean, TP H\u00e0 N\u1ed9i<\/div>\n","protected":false},"excerpt":{"rendered":"<p><strong>M\u00f4 t\u1ea3 :<\/strong><\/p>\n<ul>\n<li>Ti\u00eau chu\u1ea9n: IEC 62561 \u2013 2, BS EN 13601<\/li>\n<li>V\u1eadt li\u1ec7u: \u0110\u1ed3ng m\u1ea1 thi\u1ebfc<\/li>\n<li>Xu\u1ea5t x\u1ee9: Kumwell &#8211; Th\u00e1i Lan<\/li>\n<li>\u1ee8ng d\u1ee5ng:\u00a0Th\u00edch h\u1ee3p ch\u1ed1ng s\u00e9t v\u00e0 ch\u1ed1ng s\u00e9t t\u1ea1i khu v\u1ef1c ch\u1ed1ng \u0103n m\u00f2n cao<\/li>\n<\/ul>\n","protected":false},"featured_media":3041,"comment_status":"open","ping_status":"closed","template":"","meta":[],"product_cat":[222],"product_tag":[359,362],"jetpack-related-posts":[{"id":3061,"url":"https:\/\/tp-electric.vn\/index.php\/san-pham\/thanh-dong-tron-ma-thiec\/","url_meta":{"origin":3050,"position":0},"title":"Thanh \u0111\u1ed3ng tr\u00f2n m\u1ea1 thi\u1ebfc","author":"","date":"14\/02\/2023","format":false,"excerpt":"M\u00f4 t\u1ea3 : Ti\u00eau chu\u1ea9n: IEC 62561 \u2013 2, BS EN 13601 V\u1eadt li\u1ec7u: \u0110\u1ed3ng m\u1ea1 thi\u1ebfc Xu\u1ea5t x\u1ee9: Kumwell - Th\u00e1i Lan \u1ee8ng d\u1ee5ng: l\u00e0m d\u00e2y d\u1eabn tho\u00e1t s\u00e9t v\u00e0 d\u00e2y d\u1eabn ti\u1ebfp \u0111\u1ecba \u1edf nh\u1eefng khu v\u1ef1c c\u00f3 s\u1ef1 \u0103n m\u00f2n cao","rel":"","context":"Similar post","block_context":{"text":"Similar post","link":""},"img":{"alt_text":"","src":"","width":0,"height":0},"classes":[]},{"id":3049,"url":"https:\/\/tp-electric.vn\/index.php\/san-pham\/bang-dong-mem-ma-thiec-loai-1-lo\/","url_meta":{"origin":3050,"position":1},"title":"B\u1ea3ng \u0111\u1ed3ng m\u1ec1m m\u1ea1 thi\u1ebfc lo\u1ea1i 1 l\u1ed7","author":"","date":"14\/02\/2023","format":false,"excerpt":"M\u00f4 t\u1ea3 : V\u1eadt li\u1ec7u: \u0110\u1ed3ng m\u1ea1 thi\u1ebfc Xu\u1ea5t x\u1ee9: Kumwell - Th\u00e1i Lan \u1ee8ng d\u1ee5ng:\u00a0Ph\u00f9 h\u1ee3p \u0111\u1ec3 k\u1ebft n\u1ed1i v\u1edbi h\u00e0ng r\u00e0o,c\u1ed5ng , c\u1eeda b\u1eb1ng kim lo\u1ea1i, vv...\u1ede nh\u1eefng n\u01a1i linh ho\u1ea1t kh\u00f4ng c\u1ed1 \u0111\u1ecbnh c\u1ea7n y\u00eau c\u1ea7u li\u00ean k\u1ebft nh\u01b0ng \u0111\u1ed1i t\u01b0\u1ee3ng di \u0111\u1ed9ng.","rel":"","context":"Similar post","block_context":{"text":"Similar post","link":""},"img":{"alt_text":"","src":"","width":0,"height":0},"classes":[]},{"id":3048,"url":"https:\/\/tp-electric.vn\/index.php\/san-pham\/bang-dong-mem-ma-thiec-loai-2-lo\/","url_meta":{"origin":3050,"position":2},"title":"B\u1ea3ng \u0111\u1ed3ng m\u1ec1m m\u1ea1 thi\u1ebfc lo\u1ea1i 2 l\u1ed7","author":"","date":"14\/02\/2023","format":false,"excerpt":"M\u00f4 t\u1ea3 : V\u1eadt li\u1ec7u: \u0110\u1ed3ng m\u1ea1 thi\u1ebfc Xu\u1ea5t x\u1ee9: Kumwell - Th\u00e1i Lan \u1ee8ng d\u1ee5ng:\u00a0Ph\u00f9 h\u1ee3p \u0111\u1ec3 k\u1ebft n\u1ed1i v\u1edbi h\u00e0ng r\u00e0o,c\u1ed5ng , c\u1eeda b\u1eb1ng kim lo\u1ea1i, vv...\u1ede nh\u1eefng n\u01a1i linh ho\u1ea1t kh\u00f4ng c\u1ed1 \u0111\u1ecbnh c\u1ea7n y\u00eau c\u1ea7u li\u00ean k\u1ebft nh\u01b0ng \u0111\u1ed1i t\u01b0\u1ee3ng di \u0111\u1ed9ng.","rel":"","context":"Similar post","block_context":{"text":"Similar post","link":""},"img":{"alt_text":"","src":"","width":0,"height":0},"classes":[]},{"id":3037,"url":"https:\/\/tp-electric.vn\/index.php\/san-pham\/day-dong-mem-ma-thiec-loai-tron\/","url_meta":{"origin":3050,"position":3},"title":"D\u00e2y \u0111\u1ed3ng m\u1ec1m m\u1ea1 thi\u1ebfc lo\u1ea1i tr\u00f2n","author":"","date":"14\/02\/2023","format":false,"excerpt":"M\u00f4 t\u1ea3 : V\u1eadt li\u1ec7u: \u0111\u1ed3ng m\u1ea1 thi\u1ebfc Xu\u1ea5t x\u1ee9: Kumwell - Th\u00e1i Lan","rel":"","context":"Similar post","block_context":{"text":"Similar post","link":""},"img":{"alt_text":"","src":"","width":0,"height":0},"classes":[]},{"id":3009,"url":"https:\/\/tp-electric.vn\/index.php\/san-pham\/kim-thu-set-co-dien-bang-dong-ma-thiec\/","url_meta":{"origin":3050,"position":4},"title":"Kim thu s\u00e9t c\u1ed5 \u0111i\u1ec3n b\u1eb1ng \u0111\u1ed3ng m\u1ea1 thi\u1ebfc","author":"","date":"14\/02\/2023","format":false,"excerpt":"M\u00f4 t\u1ea3 : Ti\u00eau chu\u1ea9n: IEC 62561-2, BS EN 13601 V\u1eadt li\u1ec7u: \u0110\u1ed3ng m\u1ea1 thi\u1ebfc Xu\u1ea5t x\u1ee9: Kumwell - Th\u00e1i Lan \u1ee8ng d\u1ee5ng:\u00a0th\u00edch h\u1ee3p cho v\u00f9ng \u0103n m\u00f2n cao","rel":"","context":"Similar post","block_context":{"text":"Similar post","link":""},"img":{"alt_text":"","src":"https:\/\/i0.wp.com\/tp-electric.vn\/wp-content\/uploads\/2023\/02\/3-4.png?fit=850%2C850&ssl=1&resize=350%2C200","width":350,"height":200,"srcset":"https:\/\/i0.wp.com\/tp-electric.vn\/wp-content\/uploads\/2023\/02\/3-4.png?fit=850%2C850&ssl=1&resize=350%2C200 1x, https:\/\/i0.wp.com\/tp-electric.vn\/wp-content\/uploads\/2023\/02\/3-4.png?fit=850%2C850&ssl=1&resize=700%2C400 2x"},"classes":[]},{"id":2939,"url":"https:\/\/tp-electric.vn\/index.php\/san-pham\/aptomat-chong-set-lan-truyen-gian-tiep-abb\/","url_meta":{"origin":3050,"position":5},"title":"APTOMAT CH\u1ed0NG S\u00c9T LAN TRUY\u1ec0N GI\u00c1N TI\u1ebeP ABB","author":"","date":"13\/02\/2023","format":false,"excerpt":"Aptomat ch\u1ed1ng s\u00e9t lan truy\u1ec1n gi\u00e1n ti\u1ebfp ABB g\u1ed3m b\u1ed9 ch\u1ed1ng s\u00e9t OVR xxD, xxE, xxH c\u00f3 ch\u1ee9c n\u0103ng b\u1ea3o v\u1ec7 s\u00e9t lan truy\u1ec1n v\u00e0 qu\u00e1 xung \u0111i\u1ec7n \u00e1p tr\u00ean \u0111\u01b0\u1eddng truy\u1ec1n t\u00edn hi\u1ec7u, h\u1ec7 th\u1ed1ng \u0111o l\u01b0\u1eddng. \u00a0\u01afU \u0110I\u1ec2M: B\u1ea3o v\u1ec7 s\u00e9t lan truy\u1ec1n qu\u00e1 \u0111i\u1ec7n \u00e1p cho thi\u1ebft\u2026","rel":"","context":"Similar post","block_context":{"text":"Similar post","link":""},"img":{"alt_text":"","src":"https:\/\/i0.wp.com\/tp-electric.vn\/wp-content\/uploads\/2023\/02\/CS-GT.png?fit=1200%2C1200&ssl=1&resize=350%2C200","width":350,"height":200,"srcset":"https:\/\/i0.wp.com\/tp-electric.vn\/wp-content\/uploads\/2023\/02\/CS-GT.png?fit=1200%2C1200&ssl=1&resize=350%2C200 1x, https:\/\/i0.wp.com\/tp-electric.vn\/wp-content\/uploads\/2023\/02\/CS-GT.png?fit=1200%2C1200&ssl=1&resize=700%2C400 2x, https:\/\/i0.wp.com\/tp-electric.vn\/wp-content\/uploads\/2023\/02\/CS-GT.png?fit=1200%2C1200&ssl=1&resize=1050%2C600 3x"},"classes":[]}],"_links":{"self":[{"href":"https:\/\/tp-electric.vn\/index.php\/wp-json\/wp\/v2\/product\/3050"}],"collection":[{"href":"https:\/\/tp-electric.vn\/index.php\/wp-json\/wp\/v2\/product"}],"about":[{"href":"https:\/\/tp-electric.vn\/index.php\/wp-json\/wp\/v2\/types\/product"}],"replies":[{"embeddable":true,"href":"https:\/\/tp-electric.vn\/index.php\/wp-json\/wp\/v2\/comments?post=3050"}],"wp:featuredmedia":[{"embeddable":true,"href":"https:\/\/tp-electric.vn\/index.php\/wp-json\/wp\/v2\/media\/3041"}],"wp:attachment":[{"href":"https:\/\/tp-electric.vn\/index.php\/wp-json\/wp\/v2\/media?parent=3050"}],"wp:term":[{"taxonomy":"product_cat","embeddable":true,"href":"https:\/\/tp-electric.vn\/index.php\/wp-json\/wp\/v2\/product_cat?post=3050"},{"taxonomy":"product_tag","embeddable":true,"href":"https:\/\/tp-electric.vn\/index.php\/wp-json\/wp\/v2\/product_tag?post=3050"}],"curies":[{"name":"wp","href":"https:\/\/api.w.org\/{rel}","templated":true}]}}