{"id":3037,"date":"2023-02-14T13:43:24","date_gmt":"2023-02-14T06:43:24","guid":{"rendered":"https:\/\/tp-electric.vn\/?post_type=product&#038;p=3037"},"modified":"2024-12-12T15:10:19","modified_gmt":"2024-12-12T08:10:19","slug":"day-dong-mem-ma-thiec-loai-tron","status":"publish","type":"product","link":"https:\/\/tp-electric.vn\/index.php\/san-pham\/day-dong-mem-ma-thiec-loai-tron\/","title":{"rendered":"D\u00e2y \u0111\u1ed3ng m\u1ec1m m\u1ea1 thi\u1ebfc lo\u1ea1i tr\u00f2n"},"content":{"rendered":"<p><strong>Copper Braid with tinned [Round Type]<\/strong><\/p>\n<div class=\"table-responsive\">\n<table border=\"1\" width=\"708\" cellspacing=\"0\" cellpadding=\"0\">\n<tbody>\n<tr>\n<td>\n<p align=\"center\"><strong>Code No.<\/strong><\/p>\n<\/td>\n<td>\n<p align=\"center\"><strong>Amp rating<\/strong><\/p>\n<p align=\"center\"><strong>(A)<\/strong><\/p>\n<\/td>\n<td>\n<p align=\"center\"><strong>Length<\/strong><\/p>\n<p align=\"center\"><strong>(mm)<\/strong><\/p>\n<\/td>\n<td>\n<p align=\"center\"><strong>Cross Section<\/strong><\/p>\n<p align=\"center\"><strong>(mm<sup>2<\/sup>)<\/strong><\/p>\n<\/td>\n<td>\n<p align=\"center\"><strong>Weight<\/strong><\/p>\n<p align=\"center\"><strong>(kg)<\/strong><\/p>\n<\/td>\n<\/tr>\n<tr>\n<td>GRB20 &#8211; 350<\/td>\n<td>\n<p align=\"center\">480<\/p>\n<\/td>\n<td>\n<p align=\"center\">350<\/p>\n<\/td>\n<td>\n<p align=\"center\">150<\/p>\n<\/td>\n<td>\n<p align=\"center\">0.75<\/p>\n<\/td>\n<\/tr>\n<tr>\n<td>GRB20 &#8211; 1000<\/td>\n<td>\n<p align=\"center\">480<\/p>\n<\/td>\n<td>\n<p align=\"center\">1000<\/p>\n<\/td>\n<td>\n<p align=\"center\">150<\/p>\n<\/td>\n<td>\n<p align=\"center\">2.15<\/p>\n<\/td>\n<\/tr>\n<\/tbody>\n<\/table>\n<\/div>\n<p>Application : Suitable for bonding to metal door, gate, fence, etc.,(th\u00edch h\u1ee3p \u0111\u1ec3 k\u1ebft n\u1ed1i v\u1edbi c\u1eeda kim lo\u1ea1i ,c\u1ed5ng h\u00e0ng r\u00e0o\u2026.<\/p>\n<p>where flexibility is required or the bond is subject<\/p>\n<p>to movements..<\/p>\n<div class=\"html-div xdj266r x11i5rnm xat24cr x1mh8g0r xexx8yu x4uap5 x18d9i69 xkhd6sd\" dir=\"auto\">\n<div id=\":rb6:\" class=\"x1iorvi4 x1pi30zi x1l90r2v x1swvt13\" data-ad-comet-preview=\"message\" data-ad-preview=\"message\">\n<div class=\"x78zum5 xdt5ytf xz62fqu x16ldp7u\">\n<div class=\"xu06os2 x1ok221b\">\n<div class=\"x11i5rnm xat24cr x1mh8g0r x1vvkbs xtlvy1s x126k92a\">\n<div dir=\"auto\">&#8212;<\/div>\n<div dir=\"auto\">CH\u1eccN THU\u1eacN PHONG &#8211; CH\u1eccN S\u1ef0 AN T\u00c2M<\/div>\n<div dir=\"auto\"><span class=\"html-span xexx8yu x4uap5 x18d9i69 xkhd6sd x1hl2dhg x16tdsg8 x1vvkbs x3nfvp2 x1j61x8r x1fcty0u xdj266r xat24cr xgzva0m xhhsvwb xxymvpz xlup9mm x1kky2od\"><img decoding=\"async\" loading=\"lazy\" class=\"xz74otr\" src=\"https:\/\/static.xx.fbcdn.net\/images\/emoji.php\/v9\/t4c\/1\/16\/25aa.png\" alt=\"\u25aa\" width=\"16\" height=\"16\" \/><\/span> Hotline: 0869.564.567<\/div>\n<div dir=\"auto\"><span class=\"html-span xexx8yu x4uap5 x18d9i69 xkhd6sd x1hl2dhg x16tdsg8 x1vvkbs x3nfvp2 x1j61x8r x1fcty0u xdj266r xat24cr xgzva0m xhhsvwb xxymvpz xlup9mm x1kky2od\"><img decoding=\"async\" loading=\"lazy\" class=\"xz74otr\" src=\"https:\/\/static.xx.fbcdn.net\/images\/emoji.php\/v9\/t4c\/1\/16\/25aa.png\" alt=\"\u25aa\" width=\"16\" height=\"16\" \/><\/span> K\u1ef9 thu\u1eadt: Mr D\u0169ng 0899768777<\/div>\n<div dir=\"auto\"><span class=\"html-span xexx8yu x4uap5 x18d9i69 xkhd6sd x1hl2dhg x16tdsg8 x1vvkbs x3nfvp2 x1j61x8r x1fcty0u xdj266r xat24cr xgzva0m xhhsvwb xxymvpz xlup9mm x1kky2od\"><img decoding=\"async\" loading=\"lazy\" class=\"xz74otr\" src=\"https:\/\/static.xx.fbcdn.net\/images\/emoji.php\/v9\/t4c\/1\/16\/25aa.png\" alt=\"\u25aa\" width=\"16\" height=\"16\" \/><\/span> Tr\u1ee5 s\u1edf ch\u00ednh: 30 Nguy\u1ec5n H\u1eefu D\u1eadt, ph\u01b0\u1eddng Nam L\u00fd, th\u00e0nh ph\u1ed1 \u0110\u1ed3ng H\u1edbi, t\u1ec9nh Qu\u1ea3ng B\u00ecnh, Vi\u1ec7t Nam<\/div>\n<div dir=\"auto\"><span class=\"html-span xexx8yu x4uap5 x18d9i69 xkhd6sd x1hl2dhg x16tdsg8 x1vvkbs x3nfvp2 x1j61x8r x1fcty0u xdj266r xat24cr xgzva0m xhhsvwb xxymvpz xlup9mm x1kky2od\"><img decoding=\"async\" loading=\"lazy\" class=\"xz74otr\" src=\"https:\/\/static.xx.fbcdn.net\/images\/emoji.php\/v9\/t4c\/1\/16\/25aa.png\" alt=\"\u25aa\" width=\"16\" height=\"16\" \/><\/span> Tr\u1ee5 s\u1edf H\u00e0 N\u1ed9i: Nh\u00e0 ph\u1ed1 th\u01b0\u01a1ng m\u1ea1i Khai S\u01a1n Town s\u1ed1 18 thu\u1ed9c Town 7, khu \u0111\u00f4 th\u1ecb Khai S\u01a1n City, Ph\u01b0\u1eddng Th\u01b0\u1ee3ng Thanh, Qu\u1eadn Long Bi\u00ean, TP H\u00e0 N\u1ed9i<\/div>\n<\/div>\n<\/div>\n<\/div>\n<\/div>\n<\/div>\n","protected":false},"excerpt":{"rendered":"<p><strong>M\u00f4 t\u1ea3 :<\/strong><\/p>\n<ul>\n<li>V\u1eadt li\u1ec7u: \u0111\u1ed3ng m\u1ea1 thi\u1ebfc<\/li>\n<li>Xu\u1ea5t x\u1ee9: Kumwell &#8211; Th\u00e1i Lan<\/li>\n<\/ul>\n","protected":false},"featured_media":3038,"comment_status":"open","ping_status":"closed","template":"","meta":[],"product_cat":[222],"product_tag":[],"jetpack-related-posts":[{"id":3048,"url":"https:\/\/tp-electric.vn\/index.php\/san-pham\/bang-dong-mem-ma-thiec-loai-2-lo\/","url_meta":{"origin":3037,"position":0},"title":"B\u1ea3ng \u0111\u1ed3ng m\u1ec1m m\u1ea1 thi\u1ebfc lo\u1ea1i 2 l\u1ed7","author":"","date":"14\/02\/2023","format":false,"excerpt":"M\u00f4 t\u1ea3 : V\u1eadt li\u1ec7u: \u0110\u1ed3ng m\u1ea1 thi\u1ebfc Xu\u1ea5t x\u1ee9: Kumwell - Th\u00e1i Lan \u1ee8ng d\u1ee5ng:\u00a0Ph\u00f9 h\u1ee3p \u0111\u1ec3 k\u1ebft n\u1ed1i v\u1edbi h\u00e0ng r\u00e0o,c\u1ed5ng , c\u1eeda b\u1eb1ng kim lo\u1ea1i, vv...\u1ede nh\u1eefng n\u01a1i linh ho\u1ea1t kh\u00f4ng c\u1ed1 \u0111\u1ecbnh c\u1ea7n y\u00eau c\u1ea7u li\u00ean k\u1ebft nh\u01b0ng \u0111\u1ed1i t\u01b0\u1ee3ng di \u0111\u1ed9ng.","rel":"","context":"Similar post","block_context":{"text":"Similar post","link":""},"img":{"alt_text":"","src":"","width":0,"height":0},"classes":[]},{"id":3009,"url":"https:\/\/tp-electric.vn\/index.php\/san-pham\/kim-thu-set-co-dien-bang-dong-ma-thiec\/","url_meta":{"origin":3037,"position":1},"title":"Kim thu s\u00e9t c\u1ed5 \u0111i\u1ec3n b\u1eb1ng \u0111\u1ed3ng m\u1ea1 thi\u1ebfc","author":"","date":"14\/02\/2023","format":false,"excerpt":"M\u00f4 t\u1ea3 : Ti\u00eau chu\u1ea9n: IEC 62561-2, BS EN 13601 V\u1eadt li\u1ec7u: \u0110\u1ed3ng m\u1ea1 thi\u1ebfc Xu\u1ea5t x\u1ee9: Kumwell - Th\u00e1i Lan \u1ee8ng d\u1ee5ng:\u00a0th\u00edch h\u1ee3p cho v\u00f9ng \u0103n m\u00f2n cao","rel":"","context":"Similar post","block_context":{"text":"Similar post","link":""},"img":{"alt_text":"","src":"https:\/\/i0.wp.com\/tp-electric.vn\/wp-content\/uploads\/2023\/02\/3-4.png?fit=850%2C850&ssl=1&resize=350%2C200","width":350,"height":200,"srcset":"https:\/\/i0.wp.com\/tp-electric.vn\/wp-content\/uploads\/2023\/02\/3-4.png?fit=850%2C850&ssl=1&resize=350%2C200 1x, https:\/\/i0.wp.com\/tp-electric.vn\/wp-content\/uploads\/2023\/02\/3-4.png?fit=850%2C850&ssl=1&resize=700%2C400 2x"},"classes":[]},{"id":3050,"url":"https:\/\/tp-electric.vn\/index.php\/san-pham\/thanh-dong-ma-thiec\/","url_meta":{"origin":3037,"position":2},"title":"Thanh \u0111\u1ed3ng m\u1ea1 thi\u1ebfc","author":"","date":"14\/02\/2023","format":false,"excerpt":"M\u00f4 t\u1ea3 : Ti\u00eau chu\u1ea9n: IEC 62561 \u2013 2, BS EN 13601 V\u1eadt li\u1ec7u: \u0110\u1ed3ng m\u1ea1 thi\u1ebfc Xu\u1ea5t x\u1ee9: Kumwell - Th\u00e1i Lan \u1ee8ng d\u1ee5ng:\u00a0Th\u00edch h\u1ee3p ch\u1ed1ng s\u00e9t v\u00e0 ch\u1ed1ng s\u00e9t t\u1ea1i khu v\u1ef1c ch\u1ed1ng \u0103n m\u00f2n cao","rel":"","context":"Similar post","block_context":{"text":"Similar post","link":""},"img":{"alt_text":"","src":"","width":0,"height":0},"classes":[]},{"id":3061,"url":"https:\/\/tp-electric.vn\/index.php\/san-pham\/thanh-dong-tron-ma-thiec\/","url_meta":{"origin":3037,"position":3},"title":"Thanh \u0111\u1ed3ng tr\u00f2n m\u1ea1 thi\u1ebfc","author":"","date":"14\/02\/2023","format":false,"excerpt":"M\u00f4 t\u1ea3 : Ti\u00eau chu\u1ea9n: IEC 62561 \u2013 2, BS EN 13601 V\u1eadt li\u1ec7u: \u0110\u1ed3ng m\u1ea1 thi\u1ebfc Xu\u1ea5t x\u1ee9: Kumwell - Th\u00e1i Lan \u1ee8ng d\u1ee5ng: l\u00e0m d\u00e2y d\u1eabn tho\u00e1t s\u00e9t v\u00e0 d\u00e2y d\u1eabn ti\u1ebfp \u0111\u1ecba \u1edf nh\u1eefng khu v\u1ef1c c\u00f3 s\u1ef1 \u0103n m\u00f2n cao","rel":"","context":"Similar post","block_context":{"text":"Similar post","link":""},"img":{"alt_text":"","src":"","width":0,"height":0},"classes":[]},{"id":3049,"url":"https:\/\/tp-electric.vn\/index.php\/san-pham\/bang-dong-mem-ma-thiec-loai-1-lo\/","url_meta":{"origin":3037,"position":4},"title":"B\u1ea3ng \u0111\u1ed3ng m\u1ec1m m\u1ea1 thi\u1ebfc lo\u1ea1i 1 l\u1ed7","author":"","date":"14\/02\/2023","format":false,"excerpt":"M\u00f4 t\u1ea3 : V\u1eadt li\u1ec7u: \u0110\u1ed3ng m\u1ea1 thi\u1ebfc Xu\u1ea5t x\u1ee9: Kumwell - Th\u00e1i Lan \u1ee8ng d\u1ee5ng:\u00a0Ph\u00f9 h\u1ee3p \u0111\u1ec3 k\u1ebft n\u1ed1i v\u1edbi h\u00e0ng r\u00e0o,c\u1ed5ng , c\u1eeda b\u1eb1ng kim lo\u1ea1i, vv...\u1ede nh\u1eefng n\u01a1i linh ho\u1ea1t kh\u00f4ng c\u1ed1 \u0111\u1ecbnh c\u1ea7n y\u00eau c\u1ea7u li\u00ean k\u1ebft nh\u01b0ng \u0111\u1ed1i t\u01b0\u1ee3ng di \u0111\u1ed9ng.","rel":"","context":"Similar post","block_context":{"text":"Similar post","link":""},"img":{"alt_text":"","src":"","width":0,"height":0},"classes":[]},{"id":2947,"url":"https:\/\/tp-electric.vn\/index.php\/san-pham\/sf132-385-10050-aimcb-lpi-tu-cat-loc-set-1-pha-32a\/","url_meta":{"origin":3037,"position":5},"title":"SF132-385-100+50-AIMCB-LPI -T\u1ee7 c\u1eaft l\u1ecdc s\u00e9t 1P 32-40-63A","author":"","date":"13\/02\/2023","format":false,"excerpt":"\u2013 C\u00f3 d\u1ea3i \u0111i\u1ec7n \u00e1p ho\u1ea1t \u0111\u1ed9ng 220\u00f7277Vac; \u2013 S\u1eed d\u1ee5ng c\u00f4ng ngh\u1ec7 SSTB150 \u0111\u1ec3 b\u1ea3o v\u1ec7 \u0111i\u1ec7n \u00e1p xoay chi\u1ec1u 1 pha ho\u1eb7c 3 pha; \u2013 Thi\u1ebft b\u1ecb c\u1eaft l\u1ecdc s\u00e9t lan truy\u1ec1n LPI \u0111\u01b0\u1eddng ngu\u1ed3n h\u1ea1 \u00e1p. B\u1ea3o v\u1ec7 c\u00e1c thi\u1ebft b\u1ecb nh\u1ea1y c\u1ea3m v\u1edbi 03 m\u1ee9c b\u1ea3o\u2026","rel":"","context":"Similar post","block_context":{"text":"Similar post","link":""},"img":{"alt_text":"","src":"https:\/\/i0.wp.com\/tp-electric.vn\/wp-content\/uploads\/2023\/02\/LPI-chong-set-2.jpg?fit=587%2C569&ssl=1&resize=350%2C200","width":350,"height":200},"classes":[]}],"_links":{"self":[{"href":"https:\/\/tp-electric.vn\/index.php\/wp-json\/wp\/v2\/product\/3037"}],"collection":[{"href":"https:\/\/tp-electric.vn\/index.php\/wp-json\/wp\/v2\/product"}],"about":[{"href":"https:\/\/tp-electric.vn\/index.php\/wp-json\/wp\/v2\/types\/product"}],"replies":[{"embeddable":true,"href":"https:\/\/tp-electric.vn\/index.php\/wp-json\/wp\/v2\/comments?post=3037"}],"wp:featuredmedia":[{"embeddable":true,"href":"https:\/\/tp-electric.vn\/index.php\/wp-json\/wp\/v2\/media\/3038"}],"wp:attachment":[{"href":"https:\/\/tp-electric.vn\/index.php\/wp-json\/wp\/v2\/media?parent=3037"}],"wp:term":[{"taxonomy":"product_cat","embeddable":true,"href":"https:\/\/tp-electric.vn\/index.php\/wp-json\/wp\/v2\/product_cat?post=3037"},{"taxonomy":"product_tag","embeddable":true,"href":"https:\/\/tp-electric.vn\/index.php\/wp-json\/wp\/v2\/product_tag?post=3037"}],"curies":[{"name":"wp","href":"https:\/\/api.w.org\/{rel}","templated":true}]}}