{"id":3035,"date":"2023-02-14T13:37:30","date_gmt":"2023-02-14T06:37:30","guid":{"rendered":"https:\/\/tp-electric.vn\/?post_type=product&#038;p=3035"},"modified":"2024-12-12T15:10:19","modified_gmt":"2024-12-12T08:10:19","slug":"day-dan-bang-dong-xuyen-san-co-tam-ngan-nuoc","status":"publish","type":"product","link":"https:\/\/tp-electric.vn\/index.php\/san-pham\/day-dan-bang-dong-xuyen-san-co-tam-ngan-nuoc\/","title":{"rendered":"D\u00e2y d\u1eabn b\u1eb1ng \u0111\u1ed3ng xuy\u00ean s\u00e0n c\u00f3 t\u1ea5m ng\u0103n n\u01b0\u1edbc"},"content":{"rendered":"<table style=\"height: 187px;\" border=\"1\" width=\"814\" cellspacing=\"0\" cellpadding=\"0\">\n<tbody>\n<tr>\n<td style=\"width: 178.986px;\">\n<p align=\"center\"><strong>Code No.<\/strong><\/p>\n<\/td>\n<td style=\"width: 335.597px;\">\n<p align=\"center\"><strong>Rod Diameter (\u0424)<\/strong><\/p>\n<p align=\"center\"><strong>(in)<\/strong><\/p>\n<\/td>\n<td style=\"width: 154.556px;\">\n<p align=\"center\"><strong>Material<\/strong><\/p>\n<\/td>\n<td style=\"width: 135.972px;\">\n<p align=\"center\"><strong>Weight<\/strong><\/p>\n<p align=\"center\"><strong>(kg)<\/strong><\/p>\n<\/td>\n<\/tr>\n<tr>\n<td style=\"width: 178.986px;\">GPF-58<\/td>\n<td style=\"width: 335.597px;\">\n<p align=\"center\">5\/8<\/p>\n<\/td>\n<td style=\"width: 154.556px;\">\n<p align=\"center\">Copper<\/p>\n<\/td>\n<td style=\"width: 135.972px;\">\n<p align=\"center\">1.4<\/p>\n<\/td>\n<\/tr>\n<tr>\n<td style=\"width: 178.986px;\">GPF-34<\/td>\n<td style=\"width: 335.597px;\">\n<p align=\"center\">3\/4<\/p>\n<\/td>\n<td style=\"width: 154.556px;\">\n<p align=\"center\">Copper<\/p>\n<\/td>\n<td style=\"width: 135.972px;\">\n<p align=\"center\">1.49<\/p>\n<\/td>\n<\/tr>\n<\/tbody>\n<\/table>\n","protected":false},"excerpt":{"rendered":"<p>M\u00f4 t\u1ea3 :<\/p>\n<p>Ti\u00eau chu\u1ea9n: IEC 62561 \u2013 2, BS EN 13601<\/p>\n<p>V\u1eadt li\u1ec7u: \u0110\u1ed3ng<\/p>\n<p>Xu\u1ea5t x\u1ee9: Kumwell &#8211; Th\u00e1i Lan<\/p>\n<p>&nbsp;<\/p>\n","protected":false},"featured_media":3025,"comment_status":"open","ping_status":"closed","template":"","meta":[],"product_cat":[221],"product_tag":[],"jetpack-related-posts":[{"id":3032,"url":"https:\/\/tp-electric.vn\/index.php\/san-pham\/de-kim-thu-set-co-dien-ket-noi-voi-cap-dong\/","url_meta":{"origin":3035,"position":0},"title":"\u0110\u1ebf kim thu s\u00e9t c\u1ed5 \u0111i\u1ec3n k\u1ebft n\u1ed1i v\u1edbi c\u00e1p \u0111\u1ed3ng","author":"","date":"14\/02\/2023","format":false,"excerpt":"M\u00f4 t\u1ea3 : Ti\u00eau chu\u1ea9n: IEC 62561 \u2013 1, BS EN 1982 V\u1eadt li\u1ec7u: H\u1ee3p kim \u0111\u1ed3ng Xu\u1ea5t x\u1ee9: Kumwell - Th\u00e1i Lan \u1ee8ng d\u1ee5ng: h\u1ed7 tr\u1ee3 thi\u1ebft b\u1ecb k\u1ebft n\u1ed1i v\u1edbi c\u00e1p \u0111\u1ed3ng ho\u1eb7c nh\u00f4m.","rel":"","context":"Similar post","block_context":{"text":"Similar post","link":""},"img":{"alt_text":"","src":"https:\/\/i0.wp.com\/tp-electric.vn\/wp-content\/uploads\/2023\/02\/8-2.png?fit=283%2C283&ssl=1&resize=350%2C200","width":350,"height":200},"classes":[]},{"id":3011,"url":"https:\/\/tp-electric.vn\/index.php\/san-pham\/kim-thu-set-co-dien-da-diem-bang-dong\/","url_meta":{"origin":3035,"position":1},"title":"Kim thu s\u00e9t c\u1ed5 \u0111i\u1ec3n \u0111a \u0111i\u1ec3m b\u1eb1ng \u0111\u1ed3ng","author":"","date":"14\/02\/2023","format":false,"excerpt":"M\u00f4 t\u1ea3 : Ti\u00eau chu\u1ea9n: IEC 62561-2, BS EN 13601 V\u1eadt li\u1ec7u: \u0110\u1ed3ng Xu\u1ea5t x\u1ee9: Kumwell - Th\u00e1i Lan \u1ee8ng d\u1ee5ng: T\u1ea1o nhi\u1ec1u \u0111i\u1ec3m thu s\u00e9t, b\u1ea3o v\u1ec7 c\u00f4ng tr\u00ecnh.","rel":"","context":"Similar post","block_context":{"text":"Similar post","link":""},"img":{"alt_text":"","src":"https:\/\/i0.wp.com\/tp-electric.vn\/wp-content\/uploads\/2023\/02\/1-11.png?fit=850%2C850&ssl=1&resize=350%2C200","width":350,"height":200,"srcset":"https:\/\/i0.wp.com\/tp-electric.vn\/wp-content\/uploads\/2023\/02\/1-11.png?fit=850%2C850&ssl=1&resize=350%2C200 1x, https:\/\/i0.wp.com\/tp-electric.vn\/wp-content\/uploads\/2023\/02\/1-11.png?fit=850%2C850&ssl=1&resize=700%2C400 2x"},"classes":[]},{"id":3034,"url":"https:\/\/tp-electric.vn\/index.php\/san-pham\/de-kim-thu-set-co-dien-ket-noi-voi-cap-dong-2\/","url_meta":{"origin":3035,"position":2},"title":"\u0110\u1ebf kim thu s\u00e9t c\u1ed5 \u0111i\u1ec3n k\u1ebft n\u1ed1i v\u1edbi c\u00e1p \u0111\u1ed3ng","author":"","date":"14\/02\/2023","format":false,"excerpt":"M\u00f4 t\u1ea3 : Ti\u00eau chu\u1ea9n: IEC 62561 \u2013 BS EN 1982, BS 2898 V\u1eadt li\u1ec7u: H\u1ee3p kim \u0111\u1ed3ng, H\u1ee3p kim nh\u00f4m Xu\u1ea5t x\u1ee9: Kumwell - Th\u00e1i Lan \u1ee8ng d\u1ee5ng:\u00a0h\u1ed7 tr\u1ee3 thi\u1ebft b\u1ecb \u00a0k\u1ebft n\u1ed1i v\u1edbi c\u00e1p \u0111\u1ed3ng ho\u1eb7c d\u00e2y d\u1eabn","rel":"","context":"Similar post","block_context":{"text":"Similar post","link":""},"img":{"alt_text":"","src":"https:\/\/i0.wp.com\/tp-electric.vn\/wp-content\/uploads\/2023\/02\/10-2.png?fit=283%2C283&ssl=1&resize=350%2C200","width":350,"height":200},"classes":[]},{"id":3033,"url":"https:\/\/tp-electric.vn\/index.php\/san-pham\/de-kim-thu-set-co-dien-ket-noi-voi-thanh-dong-hoac-thanh-nhom\/","url_meta":{"origin":3035,"position":3},"title":"\u0110\u1ebf kim thu s\u00e9t c\u1ed5 \u0111i\u1ec3n k\u1ebft n\u1ed1i v\u1edbi thanh \u0111\u1ed3ng ho\u1eb7c thanh nh\u00f4m","author":"","date":"14\/02\/2023","format":false,"excerpt":"M\u00f4 t\u1ea3 : Ti\u00eau chu\u1ea9n: IEC 62561 \u2013 BS EN 1982, BS 2898 V\u1eadt li\u1ec7u: H\u1ee3p kim \u0111\u1ed3ng, H\u1ee3p kim nh\u00f4m Xu\u1ea5t x\u1ee9: Kumwell - Th\u00e1i Lan \u1ee8ng d\u1ee5ng: h\u1ed7 tr\u1ee3 thi\u1ebft b\u1ecb k\u1ebft n\u1ed1i v\u1edbi d\u00e2y d\u1eabn \u0111\u1ed3ng ho\u1eb7c nh\u00f4m.","rel":"","context":"Similar post","block_context":{"text":"Similar post","link":""},"img":{"alt_text":"","src":"https:\/\/i0.wp.com\/tp-electric.vn\/wp-content\/uploads\/2023\/02\/9-2.png?fit=283%2C283&ssl=1&resize=350%2C200","width":350,"height":200},"classes":[]},{"id":3078,"url":"https:\/\/tp-electric.vn\/index.php\/san-pham\/kep-dinh-vi-thanh-dong-lptc-kumwell\/","url_meta":{"origin":3035,"position":4},"title":"K\u1eb9p \u0111\u1ecbnh v\u1ecb thanh \u0111\u1ed3ng LPTC -Kumwell","author":"","date":"14\/02\/2023","format":false,"excerpt":"M\u00e3 s\u1ea3n ph\u1ea9m:LPTC K\u1eb9p \u0111\u1ecbnh v\u1ecb thanh \u0111\u1ed3ng tho\u00e1t s\u00e9t Ti\u00eau chu\u1ea9n: BS EN 13601 Xu\u1ea5t x\u1ee9: Kumwell \u2013 Th\u00e1i L","rel":"","context":"Similar post","block_context":{"text":"Similar post","link":""},"img":{"alt_text":"","src":"","width":0,"height":0},"classes":[]},{"id":3014,"url":"https:\/\/tp-electric.vn\/index.php\/san-pham\/de-kim-thu-set-co-dien-lwas\/","url_meta":{"origin":3035,"position":5},"title":"\u0110\u1ebf kim thu s\u00e9t c\u1ed5 \u0111i\u1ec3n LWAS","author":"","date":"14\/02\/2023","format":false,"excerpt":"M\u00f4 t\u1ea3 : Ti\u00eau chu\u1ea9n: IEC 62561 \u2013 1, BS EN 1982 V\u1eadt li\u1ec7u: H\u1ee3p kim \u0111\u1ed3ng Xu\u1ea5t x\u1ee9: Kumwell - Th\u00e1i Lan \u1ee8ng d\u1ee5ng:\u00a0\u0111\u1ebf \u0111\u1ee1 kim thu s\u00e9t k\u1ebft n\u1ed1i v\u1edbi d\u00e2y \u0111\u1ed3ng nhi\u1ec1u s\u1ee3i ho\u1eb7c d\u00e2y \u0111\u1ed3ng \u0111\u1eb7c.","rel":"","context":"Similar post","block_context":{"text":"Similar post","link":""},"img":{"alt_text":"","src":"https:\/\/i0.wp.com\/tp-electric.vn\/wp-content\/uploads\/2023\/02\/1-12.png?fit=283%2C283&ssl=1&resize=350%2C200","width":350,"height":200},"classes":[]}],"_links":{"self":[{"href":"https:\/\/tp-electric.vn\/index.php\/wp-json\/wp\/v2\/product\/3035"}],"collection":[{"href":"https:\/\/tp-electric.vn\/index.php\/wp-json\/wp\/v2\/product"}],"about":[{"href":"https:\/\/tp-electric.vn\/index.php\/wp-json\/wp\/v2\/types\/product"}],"replies":[{"embeddable":true,"href":"https:\/\/tp-electric.vn\/index.php\/wp-json\/wp\/v2\/comments?post=3035"}],"wp:featuredmedia":[{"embeddable":true,"href":"https:\/\/tp-electric.vn\/index.php\/wp-json\/wp\/v2\/media\/3025"}],"wp:attachment":[{"href":"https:\/\/tp-electric.vn\/index.php\/wp-json\/wp\/v2\/media?parent=3035"}],"wp:term":[{"taxonomy":"product_cat","embeddable":true,"href":"https:\/\/tp-electric.vn\/index.php\/wp-json\/wp\/v2\/product_cat?post=3035"},{"taxonomy":"product_tag","embeddable":true,"href":"https:\/\/tp-electric.vn\/index.php\/wp-json\/wp\/v2\/product_tag?post=3035"}],"curies":[{"name":"wp","href":"https:\/\/api.w.org\/{rel}","templated":true}]}}