{"id":3033,"date":"2023-02-14T13:35:46","date_gmt":"2023-02-14T06:35:46","guid":{"rendered":"https:\/\/tp-electric.vn\/?post_type=product&#038;p=3033"},"modified":"2024-12-12T15:10:19","modified_gmt":"2024-12-12T08:10:19","slug":"de-kim-thu-set-co-dien-ket-noi-voi-thanh-dong-hoac-thanh-nhom","status":"publish","type":"product","link":"https:\/\/tp-electric.vn\/index.php\/san-pham\/de-kim-thu-set-co-dien-ket-noi-voi-thanh-dong-hoac-thanh-nhom\/","title":{"rendered":"\u0110\u1ebf kim thu s\u00e9t c\u1ed5 \u0111i\u1ec3n k\u1ebft n\u1ed1i v\u1edbi thanh \u0111\u1ed3ng ho\u1eb7c thanh nh\u00f4m"},"content":{"rendered":"<p><strong>Tap Saddle<\/strong><\/p>\n<div class=\"table-responsive\">\n<table border=\"1\" width=\"638\" cellspacing=\"0\" cellpadding=\"0\">\n<tbody>\n<tr>\n<td>\n<p align=\"center\"><strong>Code No.<\/strong><\/p>\n<\/td>\n<td>\n<p align=\"center\"><strong>Thread size<\/strong><\/p>\n<p align=\"center\"><strong>(in)<\/strong><\/p>\n<\/td>\n<td>\n<p align=\"center\"><strong>Maximum<\/strong><\/p>\n<p align=\"center\"><strong>Conductor width<\/strong><\/p>\n<\/td>\n<td>\n<p align=\"center\"><strong>Material<\/strong><\/p>\n<\/td>\n<td>\n<p align=\"center\"><strong>Weight<\/strong><\/p>\n<p align=\"center\"><strong>(kg)<\/strong><\/p>\n<\/td>\n<\/tr>\n<tr>\n<td>LTAS 58<\/td>\n<td>\n<p align=\"center\">5\/8<\/p>\n<\/td>\n<td>\n<p align=\"center\">25<\/p>\n<\/td>\n<td>\n<p align=\"center\">Copper Alloy<\/p>\n<\/td>\n<td>\n<p align=\"center\">0.460<\/p>\n<\/td>\n<\/tr>\n<tr>\n<td>LTAS 34<\/td>\n<td>\n<p align=\"center\">3\/4<\/p>\n<\/td>\n<td>\n<p align=\"center\">25<\/p>\n<\/td>\n<td>\n<p align=\"center\">Copper Alloy<\/p>\n<\/td>\n<td>\n<p align=\"center\">0.440<\/p>\n<\/td>\n<\/tr>\n<tr>\n<td>LTAS 58-A<\/td>\n<td>\n<p align=\"center\">5\/8<\/p>\n<\/td>\n<td>\n<p align=\"center\">25<\/p>\n<\/td>\n<td>\n<p align=\"center\">Aluminum Alloy<\/p>\n<\/td>\n<td>\n<p align=\"center\">0.134<\/p>\n<\/td>\n<\/tr>\n<tr>\n<td>LTAS 34-A<\/td>\n<td>\n<p align=\"center\">3\/4<\/p>\n<\/td>\n<td>\n<p align=\"center\">25<\/p>\n<\/td>\n<td>\n<p align=\"center\">Aluminum Alloy<\/p>\n<\/td>\n<td>\n<p align=\"center\">0.132<\/p>\n<\/td>\n<\/tr>\n<\/tbody>\n<\/table>\n<\/div>\n<p>Application: Support air terminal to connect with copper or aluminum tape conductors.<\/p>\n","protected":false},"excerpt":{"rendered":"<p><strong>M\u00f4 t\u1ea3 :<\/strong><\/p>\n<p>Ti\u00eau chu\u1ea9n: IEC 62561 \u2013 BS EN 1982, BS 2898<\/p>\n<p>V\u1eadt li\u1ec7u: H\u1ee3p kim \u0111\u1ed3ng, H\u1ee3p kim nh\u00f4m<\/p>\n<p>Xu\u1ea5t x\u1ee9: Kumwell &#8211; Th\u00e1i Lan<\/p>\n<p>\u1ee8ng d\u1ee5ng: h\u1ed7 tr\u1ee3 thi\u1ebft b\u1ecb k\u1ebft n\u1ed1i v\u1edbi d\u00e2y d\u1eabn \u0111\u1ed3ng ho\u1eb7c nh\u00f4m.<\/p>\n","protected":false},"featured_media":3023,"comment_status":"open","ping_status":"closed","template":"","meta":[],"product_cat":[221],"product_tag":[],"jetpack-related-posts":[{"id":3034,"url":"https:\/\/tp-electric.vn\/index.php\/san-pham\/de-kim-thu-set-co-dien-ket-noi-voi-cap-dong-2\/","url_meta":{"origin":3033,"position":0},"title":"\u0110\u1ebf kim thu s\u00e9t c\u1ed5 \u0111i\u1ec3n k\u1ebft n\u1ed1i v\u1edbi c\u00e1p \u0111\u1ed3ng","author":"","date":"14\/02\/2023","format":false,"excerpt":"M\u00f4 t\u1ea3 : Ti\u00eau chu\u1ea9n: IEC 62561 \u2013 BS EN 1982, BS 2898 V\u1eadt li\u1ec7u: H\u1ee3p kim \u0111\u1ed3ng, H\u1ee3p kim nh\u00f4m Xu\u1ea5t x\u1ee9: Kumwell - Th\u00e1i Lan \u1ee8ng d\u1ee5ng:\u00a0h\u1ed7 tr\u1ee3 thi\u1ebft b\u1ecb \u00a0k\u1ebft n\u1ed1i v\u1edbi c\u00e1p \u0111\u1ed3ng ho\u1eb7c d\u00e2y d\u1eabn","rel":"","context":"Similar post","block_context":{"text":"Similar post","link":""},"img":{"alt_text":"","src":"https:\/\/i0.wp.com\/tp-electric.vn\/wp-content\/uploads\/2023\/02\/10-2.png?fit=283%2C283&ssl=1&resize=350%2C200","width":350,"height":200},"classes":[]},{"id":3032,"url":"https:\/\/tp-electric.vn\/index.php\/san-pham\/de-kim-thu-set-co-dien-ket-noi-voi-cap-dong\/","url_meta":{"origin":3033,"position":1},"title":"\u0110\u1ebf kim thu s\u00e9t c\u1ed5 \u0111i\u1ec3n k\u1ebft n\u1ed1i v\u1edbi c\u00e1p \u0111\u1ed3ng","author":"","date":"14\/02\/2023","format":false,"excerpt":"M\u00f4 t\u1ea3 : Ti\u00eau chu\u1ea9n: IEC 62561 \u2013 1, BS EN 1982 V\u1eadt li\u1ec7u: H\u1ee3p kim \u0111\u1ed3ng Xu\u1ea5t x\u1ee9: Kumwell - Th\u00e1i Lan \u1ee8ng d\u1ee5ng: h\u1ed7 tr\u1ee3 thi\u1ebft b\u1ecb k\u1ebft n\u1ed1i v\u1edbi c\u00e1p \u0111\u1ed3ng ho\u1eb7c nh\u00f4m.","rel":"","context":"Similar post","block_context":{"text":"Similar post","link":""},"img":{"alt_text":"","src":"https:\/\/i0.wp.com\/tp-electric.vn\/wp-content\/uploads\/2023\/02\/8-2.png?fit=283%2C283&ssl=1&resize=350%2C200","width":350,"height":200},"classes":[]},{"id":3030,"url":"https:\/\/tp-electric.vn\/index.php\/san-pham\/de-kim-thu-set-co-dien-lfls\/","url_meta":{"origin":3033,"position":2},"title":"\u0110\u1ebf kim thu s\u00e9t c\u1ed5 \u0111i\u1ec3n LFLS","author":"","date":"14\/02\/2023","format":false,"excerpt":"M\u00f4 t\u1ea3 : Ti\u00eau chu\u1ea9n: IEC 62561 \u2013 1, BS EN 1982 V\u1eadt li\u1ec7u: H\u1ee3p kim \u0111\u1ed3ng Xu\u1ea5t x\u1ee9: Kumwell - Th\u00e1i Lan \u1ee8ng d\u1ee5ng: h\u1ed7 tr\u1ee3 thi\u1ebft b\u1ecb k\u1ebft n\u1ed1i v\u1edbi d\u00e2y d\u1eabn \u0111\u1ed3ng ho\u1eb7c nh\u00f4m.","rel":"","context":"Similar post","block_context":{"text":"Similar post","link":""},"img":{"alt_text":"","src":"https:\/\/i0.wp.com\/tp-electric.vn\/wp-content\/uploads\/2023\/02\/5-3.png?fit=283%2C283&ssl=1&resize=350%2C200","width":350,"height":200},"classes":[]},{"id":3028,"url":"https:\/\/tp-electric.vn\/index.php\/san-pham\/de-kim-thu-set-co-dien-loai-dieu-chinh-duoc\/","url_meta":{"origin":3033,"position":3},"title":"\u0110\u1ebf kim thu s\u00e9t c\u1ed5 \u0111i\u1ec3n lo\u1ea1i \u0111i\u1ec1u ch\u1ec9nh \u0111\u01b0\u1ee3c","author":"","date":"14\/02\/2023","format":false,"excerpt":"M\u00f4 t\u1ea3 : Ti\u00eau chu\u1ea9n: IEC 62561 \u2013 1, BS EN 1982 V\u1eadt li\u1ec7u: H\u1ee3p kim \u0111\u1ed3ng Xu\u1ea5t x\u1ee9: Kumwell - Th\u00e1i Lan","rel":"","context":"Similar post","block_context":{"text":"Similar post","link":""},"img":{"alt_text":"","src":"https:\/\/i0.wp.com\/tp-electric.vn\/wp-content\/uploads\/2023\/02\/3-5.png?fit=283%2C283&ssl=1&resize=350%2C200","width":350,"height":200},"classes":[]},{"id":3065,"url":"https:\/\/tp-electric.vn\/index.php\/san-pham\/kep-cap-nga-4-lcac-kumwell\/","url_meta":{"origin":3033,"position":4},"title":"K\u1eb9p c\u00e1p ng\u00e3 4 LCAC \u2013 Kumwell","author":"","date":"14\/02\/2023","format":false,"excerpt":"M\u00e3 s\u1ea3n ph\u1ea9m:LCAC K\u1eb9p ng\u00e3 4 c\u00e1p ho\u1eb7c thanh \u0111\u1ed3ng tr\u00f2n tho\u00e1t s\u00e9t Ti\u00eau chu\u1ea9n: H\u1ee3p kim \u0111\u1ed3ng \u2013 BS EN 1982 H\u1ee3p kim nh\u00f4m \u2013 BS EN 2898Xu\u1ea5t x\u1ee9: Kumwell \u2013 Th\u00e1i Lan","rel":"","context":"Similar post","block_context":{"text":"Similar post","link":""},"img":{"alt_text":"","src":"","width":0,"height":0},"classes":[]},{"id":3031,"url":"https:\/\/tp-electric.vn\/index.php\/san-pham\/de-kim-thu-set-co-dien-lris\/","url_meta":{"origin":3033,"position":5},"title":"\u0110\u1ebf kim thu s\u00e9t c\u1ed5 \u0111i\u1ec3n LRIS","author":"","date":"14\/02\/2023","format":false,"excerpt":"M\u00f4 t\u1ea3 : Ti\u00eau chu\u1ea9n: IEC 62561 \u2013 1, BS EN 1982 V\u1eadt li\u1ec7u: H\u1ee3p kim \u0111\u1ed3ng Xu\u1ea5t x\u1ee9: Kumwell - Th\u00e1i Lan \u1ee8ng d\u1ee5ng: h\u1ed7 tr\u1ee3 thi\u1ebft b\u1ecb k\u1ebft n\u1ed1i v\u1edbi d\u00e2y d\u1eabn \u0111\u1ed3ng,r\u1eafn ho\u1eb7c b\u0103ng..","rel":"","context":"Similar post","block_context":{"text":"Similar post","link":""},"img":{"alt_text":"","src":"https:\/\/i0.wp.com\/tp-electric.vn\/wp-content\/uploads\/2023\/02\/6-2.png?fit=283%2C283&ssl=1&resize=350%2C200","width":350,"height":200},"classes":[]}],"_links":{"self":[{"href":"https:\/\/tp-electric.vn\/index.php\/wp-json\/wp\/v2\/product\/3033"}],"collection":[{"href":"https:\/\/tp-electric.vn\/index.php\/wp-json\/wp\/v2\/product"}],"about":[{"href":"https:\/\/tp-electric.vn\/index.php\/wp-json\/wp\/v2\/types\/product"}],"replies":[{"embeddable":true,"href":"https:\/\/tp-electric.vn\/index.php\/wp-json\/wp\/v2\/comments?post=3033"}],"wp:featuredmedia":[{"embeddable":true,"href":"https:\/\/tp-electric.vn\/index.php\/wp-json\/wp\/v2\/media\/3023"}],"wp:attachment":[{"href":"https:\/\/tp-electric.vn\/index.php\/wp-json\/wp\/v2\/media?parent=3033"}],"wp:term":[{"taxonomy":"product_cat","embeddable":true,"href":"https:\/\/tp-electric.vn\/index.php\/wp-json\/wp\/v2\/product_cat?post=3033"},{"taxonomy":"product_tag","embeddable":true,"href":"https:\/\/tp-electric.vn\/index.php\/wp-json\/wp\/v2\/product_tag?post=3033"}],"curies":[{"name":"wp","href":"https:\/\/api.w.org\/{rel}","templated":true}]}}