{"id":3010,"date":"2023-02-14T10:17:12","date_gmt":"2023-02-14T03:17:12","guid":{"rendered":"https:\/\/tp-electric.vn\/?post_type=product&#038;p=3010"},"modified":"2024-12-12T15:10:18","modified_gmt":"2024-12-12T08:10:18","slug":"kim-thu-set-co-dien-bang-nhom","status":"publish","type":"product","link":"https:\/\/tp-electric.vn\/index.php\/san-pham\/kim-thu-set-co-dien-bang-nhom\/","title":{"rendered":"Kim thu s\u00e9t c\u1ed5 \u0111i\u1ec3n b\u1eb1ng nh\u00f4m"},"content":{"rendered":"<div class=\"table-responsive\">\n<p><strong><span style=\"font-size: 120%;\">Quy c\u00e1ch:<\/span><\/strong><\/p>\n<table style=\"width: 907px; height: 415px;\" border=\"1\" cellspacing=\"0\" cellpadding=\"0\">\n<tbody>\n<tr>\n<td style=\"width: 188.069px;\">\n<p align=\"center\"><strong>Code No.<\/strong><\/p>\n<\/td>\n<td style=\"width: 243.931px;\">\n<p align=\"center\"><strong>Rod<\/strong><\/p>\n<p align=\"center\"><strong>Lengths (L) (mm)<\/strong><\/p>\n<\/td>\n<td style=\"width: 262.542px;\">\n<p align=\"center\"><strong>Rod<\/strong><\/p>\n<p align=\"center\"><strong>Diameter (\u0424) (mm)<\/strong><\/p>\n<\/td>\n<td style=\"width: 101.167px;\">\n<p align=\"center\"><strong>Thread<\/strong><\/p>\n<p align=\"center\"><strong>(in)<\/strong><\/p>\n<\/td>\n<td style=\"width: 100.625px;\">\n<p align=\"center\"><strong>Weight<\/strong><\/p>\n<p align=\"center\"><strong>(kg)<\/strong><\/p>\n<\/td>\n<\/tr>\n<tr>\n<td style=\"width: 188.069px;\">LTAT 58-30A<\/td>\n<td style=\"width: 243.931px;\">\n<p align=\"center\">300<\/p>\n<\/td>\n<td style=\"width: 262.542px;\">\n<p align=\"center\">16<\/p>\n<\/td>\n<td style=\"width: 101.167px;\">\n<p align=\"center\">5\/8<\/p>\n<\/td>\n<td style=\"width: 100.625px;\">\n<p align=\"center\">0.16<\/p>\n<\/td>\n<\/tr>\n<tr>\n<td style=\"width: 188.069px;\">LTAT 58-50A<\/td>\n<td style=\"width: 243.931px;\">\n<p align=\"center\">500<\/p>\n<\/td>\n<td style=\"width: 262.542px;\">\n<p align=\"center\">16<\/p>\n<\/td>\n<td style=\"width: 101.167px;\">\n<p align=\"center\">5\/8<\/p>\n<\/td>\n<td style=\"width: 100.625px;\">\n<p align=\"center\">0.27<\/p>\n<\/td>\n<\/tr>\n<tr>\n<td style=\"width: 188.069px;\">LTAT 58-60A<\/td>\n<td style=\"width: 243.931px;\">\n<p align=\"center\">600<\/p>\n<\/td>\n<td style=\"width: 262.542px;\">\n<p align=\"center\">16<\/p>\n<\/td>\n<td style=\"width: 101.167px;\">\n<p align=\"center\">5\/8<\/p>\n<\/td>\n<td style=\"width: 100.625px;\">\n<p align=\"center\">0.33<\/p>\n<\/td>\n<\/tr>\n<tr>\n<td style=\"width: 188.069px;\">LTAT 58-100A<\/td>\n<td style=\"width: 243.931px;\">\n<p align=\"center\">1000<\/p>\n<\/td>\n<td style=\"width: 262.542px;\">\n<p align=\"center\">16<\/p>\n<\/td>\n<td style=\"width: 101.167px;\">\n<p align=\"center\">5\/8<\/p>\n<\/td>\n<td style=\"width: 100.625px;\">\n<p align=\"center\">0.55<\/p>\n<\/td>\n<\/tr>\n<tr>\n<td style=\"width: 188.069px;\">LTAT 58-150T<\/td>\n<td style=\"width: 243.931px;\">\n<p align=\"center\">1500<\/p>\n<\/td>\n<td style=\"width: 262.542px;\">\n<p align=\"center\">16<\/p>\n<\/td>\n<td style=\"width: 101.167px;\">\n<p align=\"center\">5\/8<\/p>\n<\/td>\n<td style=\"width: 100.625px;\">\n<p align=\"center\">0.82<\/p>\n<\/td>\n<\/tr>\n<tr>\n<td style=\"width: 188.069px;\">LTAT 58-200T<\/td>\n<td style=\"width: 243.931px;\">\n<p align=\"center\">2000<\/p>\n<\/td>\n<td style=\"width: 262.542px;\">\n<p align=\"center\">16<\/p>\n<\/td>\n<td style=\"width: 101.167px;\">\n<p align=\"center\">5\/8<\/p>\n<\/td>\n<td style=\"width: 100.625px;\">\n<p align=\"center\">1.10<\/p>\n<\/td>\n<\/tr>\n<\/tbody>\n<\/table>\n<\/div>\n<p>&nbsp;<\/p>\n<p>&nbsp;<\/p>\n","protected":false},"excerpt":{"rendered":"<p><strong><span style=\"font-size: 120%;\">M\u00f4 t\u1ea3 :<\/span><\/strong><\/p>\n<p>Ti\u00eau chu\u1ea9n: IEC 62561-2, BS EN 2898<\/p>\n<p>V\u1eadt li\u1ec7u: Nh\u00f4m<\/p>\n<p>Xu\u1ea5t x\u1ee9: Kumwell &#8211; Th\u00e1i Lan<\/p>\n<p>\u1ee8ng d\u1ee5ng :\u00a0Th\u00edch h\u1ee3p cho vi\u1ec7c l\u1eafp \u0111\u1eb7t tr\u00ean m\u00e1i b\u1eb1ng kim lo\u1ea1i<\/p>\n","protected":false},"featured_media":3007,"comment_status":"open","ping_status":"closed","template":"","meta":[],"product_cat":[220],"product_tag":[],"jetpack-related-posts":[{"id":3430,"url":"https:\/\/tp-electric.vn\/index.php\/san-pham\/avv-dsta-avv-data-06-1kv-cap-dien-luc-ruot-nhom-cach-dien-pvc-giap-bang-kim-loai-bao-ve-vo-pvc\/","url_meta":{"origin":3010,"position":0},"title":"AVV\/DSTA..&#038; AVV\/DATA&#8230; &#8211; 06\/1kV- C\u00c1P \u0110I\u1ec6N L\u1ef0C RU\u1ed8T NH\u00d4M, C\u00c1CH \u0110I\u1ec6N PVC, GI\u00c1P B\u0102NG KIM LO\u1ea0I B\u1ea2O V\u1ec6 V\u1ece PVC","author":"","date":"01\/03\/2023","format":false,"excerpt":"Ph\u1ea1m vi \u00e1p d\u1ee5ng: C\u00e1p AVV\/DATA, AVV\/DSTA d\u00f9ng cho h\u1ec7 th\u1ed1ng truy\u1ec1n t\u1ea3i v\u00e0 ph\u00e2n ph\u1ed1i \u0111i\u1ec7n ng\u1ea7m, c\u1ea5p \u0111i\u1ec7n \u00e1p 0,6\/1 kV, l\u1eafp \u0111\u1eb7t c\u1ed1 \u0111\u1ecbnh Ti\u00eau chu\u1ea9n \u00e1p d\u1ee5ng: \u2022 TCVN 5935-1\/ IEC 60502-1 \u2022 TCVN 6612\/ IEC 6022 T\u1ea2I CATALOGUE T\u1ea0I \u0110\u00c2Y","rel":"","context":"Similar post","block_context":{"text":"Similar post","link":""},"img":{"alt_text":"","src":"https:\/\/i0.wp.com\/tp-electric.vn\/wp-content\/uploads\/2023\/03\/13.png?fit=300%2C300&ssl=1&resize=350%2C200","width":350,"height":200},"classes":[]},{"id":3001,"url":"https:\/\/tp-electric.vn\/index.php\/san-pham\/hop-kiem-tra-chong-set-bang-nhom-gyatb\/","url_meta":{"origin":3010,"position":1},"title":"H\u1ed9p ki\u1ec5m tra ch\u1ed1ng s\u00e9t b\u1eb1ng Nh\u00f4m GYATB","author":"","date":"14\/02\/2023","format":false,"excerpt":"M\u00f4 t\u1ea3 : Ti\u00eau chu\u1ea9n: IEC 62561-1 V\u1eadt li\u1ec7u: H\u1ee3p kim nh\u00f4m Xu\u1ea5t x\u1ee9: Kumwell - Th\u00e1i Lan \u1ee8ng d\u1ee5ng : D\u00f9ng \u0111\u1ec3 ki\u1ec3m tra \u0111i\u1ec7n tr\u1edf v\u00e0 t\u00ecnh tr\u1ea1ng ho\u1ea1t \u0111\u1ed9ng c\u1ee7a h\u1ec7 th\u1ed1ng ch\u1ed1ng s\u00e9t.","rel":"","context":"Similar post","block_context":{"text":"Similar post","link":""},"img":{"alt_text":"","src":"https:\/\/i0.wp.com\/tp-electric.vn\/wp-content\/uploads\/2023\/02\/2-6.png?fit=850%2C850&ssl=1&resize=350%2C200","width":350,"height":200,"srcset":"https:\/\/i0.wp.com\/tp-electric.vn\/wp-content\/uploads\/2023\/02\/2-6.png?fit=850%2C850&ssl=1&resize=350%2C200 1x, https:\/\/i0.wp.com\/tp-electric.vn\/wp-content\/uploads\/2023\/02\/2-6.png?fit=850%2C850&ssl=1&resize=700%2C400 2x"},"classes":[]},{"id":3036,"url":"https:\/\/tp-electric.vn\/index.php\/san-pham\/gia-do-kim-thu-set\/","url_meta":{"origin":3010,"position":2},"title":"Gi\u00e1 \u0111\u1edf kim thu s\u00e9t","author":"","date":"14\/02\/2023","format":false,"excerpt":"M\u00f4 t\u1ea3 : Ti\u00eau chu\u1ea9n: IEC 62561 \u2013 1, IEC 62561 \u2013 4, BS EN 1982, BS EN 2898 V\u1eadt li\u1ec7u: H\u1ee3p kim \u0111\u1ed3ng, H\u1ee3p kim nh\u00f4m Xu\u1ea5t x\u1ee9: Kumwell - Th\u00e1i Lan \u1ee8ng d\u1ee5ng: \u0111\u1ebf \u0111\u1ee1 kim thu s\u00e9t g\u1eafn tr\u00ean t\u01b0\u1eddng.","rel":"","context":"Similar post","block_context":{"text":"Similar post","link":""},"img":{"alt_text":"","src":"https:\/\/i0.wp.com\/tp-electric.vn\/wp-content\/uploads\/2023\/02\/12-1.png?fit=283%2C283&ssl=1&resize=350%2C200","width":350,"height":200},"classes":[]},{"id":3030,"url":"https:\/\/tp-electric.vn\/index.php\/san-pham\/de-kim-thu-set-co-dien-lfls\/","url_meta":{"origin":3010,"position":3},"title":"\u0110\u1ebf kim thu s\u00e9t c\u1ed5 \u0111i\u1ec3n LFLS","author":"","date":"14\/02\/2023","format":false,"excerpt":"M\u00f4 t\u1ea3 : Ti\u00eau chu\u1ea9n: IEC 62561 \u2013 1, BS EN 1982 V\u1eadt li\u1ec7u: H\u1ee3p kim \u0111\u1ed3ng Xu\u1ea5t x\u1ee9: Kumwell - Th\u00e1i Lan \u1ee8ng d\u1ee5ng: h\u1ed7 tr\u1ee3 thi\u1ebft b\u1ecb k\u1ebft n\u1ed1i v\u1edbi d\u00e2y d\u1eabn \u0111\u1ed3ng ho\u1eb7c nh\u00f4m.","rel":"","context":"Similar post","block_context":{"text":"Similar post","link":""},"img":{"alt_text":"","src":"https:\/\/i0.wp.com\/tp-electric.vn\/wp-content\/uploads\/2023\/02\/5-3.png?fit=283%2C283&ssl=1&resize=350%2C200","width":350,"height":200},"classes":[]},{"id":3033,"url":"https:\/\/tp-electric.vn\/index.php\/san-pham\/de-kim-thu-set-co-dien-ket-noi-voi-thanh-dong-hoac-thanh-nhom\/","url_meta":{"origin":3010,"position":4},"title":"\u0110\u1ebf kim thu s\u00e9t c\u1ed5 \u0111i\u1ec3n k\u1ebft n\u1ed1i v\u1edbi thanh \u0111\u1ed3ng ho\u1eb7c thanh nh\u00f4m","author":"","date":"14\/02\/2023","format":false,"excerpt":"M\u00f4 t\u1ea3 : Ti\u00eau chu\u1ea9n: IEC 62561 \u2013 BS EN 1982, BS 2898 V\u1eadt li\u1ec7u: H\u1ee3p kim \u0111\u1ed3ng, H\u1ee3p kim nh\u00f4m Xu\u1ea5t x\u1ee9: Kumwell - Th\u00e1i Lan \u1ee8ng d\u1ee5ng: h\u1ed7 tr\u1ee3 thi\u1ebft b\u1ecb k\u1ebft n\u1ed1i v\u1edbi d\u00e2y d\u1eabn \u0111\u1ed3ng ho\u1eb7c nh\u00f4m.","rel":"","context":"Similar post","block_context":{"text":"Similar post","link":""},"img":{"alt_text":"","src":"https:\/\/i0.wp.com\/tp-electric.vn\/wp-content\/uploads\/2023\/02\/9-2.png?fit=283%2C283&ssl=1&resize=350%2C200","width":350,"height":200},"classes":[]},{"id":3004,"url":"https:\/\/tp-electric.vn\/index.php\/san-pham\/kim-thu-set-co-dien-bang-dong\/","url_meta":{"origin":3010,"position":5},"title":"Kim thu s\u00e9t c\u1ed5 \u0111i\u1ec3n b\u1eb1ng \u0111\u1ed3ng","author":"","date":"14\/02\/2023","format":false,"excerpt":"M\u00f4 t\u1ea3 : Ti\u00eau chu\u1ea9n: IEC 62561-2, BS EN 13601 V\u1eadt li\u1ec7u: \u0110\u1ed3ng Xu\u1ea5t x\u1ee9: Kumwell - Th\u00e1i Lan \u1ee8ng d\u1ee5ng: ph\u00f9 h\u1ee3p l\u1eafp \u0111\u1eb7t cho h\u1ec7 th\u1ed1ng ch\u1ed1ng s\u00e9t c\u1ed5 \u0111i\u1ec3n th\u00f4ng th\u01b0\u1eddng.","rel":"","context":"Similar post","block_context":{"text":"Similar post","link":""},"img":{"alt_text":"","src":"https:\/\/i0.wp.com\/tp-electric.vn\/wp-content\/uploads\/2023\/02\/4-2.png?fit=850%2C850&ssl=1&resize=350%2C200","width":350,"height":200,"srcset":"https:\/\/i0.wp.com\/tp-electric.vn\/wp-content\/uploads\/2023\/02\/4-2.png?fit=850%2C850&ssl=1&resize=350%2C200 1x, https:\/\/i0.wp.com\/tp-electric.vn\/wp-content\/uploads\/2023\/02\/4-2.png?fit=850%2C850&ssl=1&resize=700%2C400 2x"},"classes":[]}],"_links":{"self":[{"href":"https:\/\/tp-electric.vn\/index.php\/wp-json\/wp\/v2\/product\/3010"}],"collection":[{"href":"https:\/\/tp-electric.vn\/index.php\/wp-json\/wp\/v2\/product"}],"about":[{"href":"https:\/\/tp-electric.vn\/index.php\/wp-json\/wp\/v2\/types\/product"}],"replies":[{"embeddable":true,"href":"https:\/\/tp-electric.vn\/index.php\/wp-json\/wp\/v2\/comments?post=3010"}],"wp:featuredmedia":[{"embeddable":true,"href":"https:\/\/tp-electric.vn\/index.php\/wp-json\/wp\/v2\/media\/3007"}],"wp:attachment":[{"href":"https:\/\/tp-electric.vn\/index.php\/wp-json\/wp\/v2\/media?parent=3010"}],"wp:term":[{"taxonomy":"product_cat","embeddable":true,"href":"https:\/\/tp-electric.vn\/index.php\/wp-json\/wp\/v2\/product_cat?post=3010"},{"taxonomy":"product_tag","embeddable":true,"href":"https:\/\/tp-electric.vn\/index.php\/wp-json\/wp\/v2\/product_tag?post=3010"}],"curies":[{"name":"wp","href":"https:\/\/api.w.org\/{rel}","templated":true}]}}