{"id":3009,"date":"2023-02-14T10:15:56","date_gmt":"2023-02-14T03:15:56","guid":{"rendered":"https:\/\/tp-electric.vn\/?post_type=product&#038;p=3009"},"modified":"2024-12-12T15:10:18","modified_gmt":"2024-12-12T08:10:18","slug":"kim-thu-set-co-dien-bang-dong-ma-thiec","status":"publish","type":"product","link":"https:\/\/tp-electric.vn\/index.php\/san-pham\/kim-thu-set-co-dien-bang-dong-ma-thiec\/","title":{"rendered":"Kim thu s\u00e9t c\u1ed5 \u0111i\u1ec3n b\u1eb1ng \u0111\u1ed3ng m\u1ea1 thi\u1ebfc"},"content":{"rendered":"<p><strong>Tin Plated Copper<\/strong><\/p>\n<div class=\"table-responsive\">\n<table style=\"height: 703px;\" border=\"1\" width=\"1020\" cellspacing=\"0\" cellpadding=\"0\">\n<tbody>\n<tr>\n<td style=\"width: 209.958px;\">\n<p align=\"center\"><strong>Code No.<\/strong><\/p>\n<\/td>\n<td style=\"width: 275.5px;\">\n<p align=\"center\"><strong>Rod<\/strong><\/p>\n<p align=\"center\"><strong>Lengths (L) (mm)<\/strong><\/p>\n<\/td>\n<td style=\"width: 296.708px;\">\n<p align=\"center\"><strong>Rod<\/strong><\/p>\n<p align=\"center\"><strong>Diameter (\u0424) (mm)<\/strong><\/p>\n<\/td>\n<td style=\"width: 113.889px;\">\n<p align=\"center\"><strong>Thread<\/strong><\/p>\n<p align=\"center\"><strong>(in)<\/strong><\/p>\n<\/td>\n<td style=\"width: 113.278px;\">\n<p align=\"center\"><strong>Weight<\/strong><\/p>\n<p align=\"center\"><strong>(kg)<\/strong><\/p>\n<\/td>\n<\/tr>\n<tr>\n<td style=\"width: 209.958px;\">LTAT 58-30T<\/td>\n<td style=\"width: 275.5px;\">\n<p align=\"center\">300<\/p>\n<\/td>\n<td style=\"width: 296.708px;\">\n<p align=\"center\">15<\/p>\n<\/td>\n<td style=\"width: 113.889px;\">\n<p align=\"center\">5\/8<\/p>\n<\/td>\n<td style=\"width: 113.278px;\">\n<p align=\"center\">0.50<\/p>\n<\/td>\n<\/tr>\n<tr>\n<td style=\"width: 209.958px;\">LTAT 58-50T<\/td>\n<td style=\"width: 275.5px;\">\n<p align=\"center\">500<\/p>\n<\/td>\n<td style=\"width: 296.708px;\">\n<p align=\"center\">15<\/p>\n<\/td>\n<td style=\"width: 113.889px;\">\n<p align=\"center\">5\/8<\/p>\n<\/td>\n<td style=\"width: 113.278px;\">\n<p align=\"center\">0.80<\/p>\n<\/td>\n<\/tr>\n<tr>\n<td style=\"width: 209.958px;\">LTAT 58-60T<\/td>\n<td style=\"width: 275.5px;\">\n<p align=\"center\">600<\/p>\n<\/td>\n<td style=\"width: 296.708px;\">\n<p align=\"center\">15<\/p>\n<\/td>\n<td style=\"width: 113.889px;\">\n<p align=\"center\">5\/8<\/p>\n<\/td>\n<td style=\"width: 113.278px;\">\n<p align=\"center\">0.96<\/p>\n<\/td>\n<\/tr>\n<tr>\n<td style=\"width: 209.958px;\">LTAT 58-100T<\/td>\n<td style=\"width: 275.5px;\">\n<p align=\"center\">1000<\/p>\n<\/td>\n<td style=\"width: 296.708px;\">\n<p align=\"center\">15<\/p>\n<\/td>\n<td style=\"width: 113.889px;\">\n<p align=\"center\">5\/8<\/p>\n<\/td>\n<td style=\"width: 113.278px;\">\n<p align=\"center\">1.60<\/p>\n<\/td>\n<\/tr>\n<tr>\n<td style=\"width: 209.958px;\">LTAT 58-150T<\/td>\n<td style=\"width: 275.5px;\">\n<p align=\"center\">1500<\/p>\n<\/td>\n<td style=\"width: 296.708px;\">\n<p align=\"center\">15<\/p>\n<\/td>\n<td style=\"width: 113.889px;\">\n<p align=\"center\">5\/8<\/p>\n<\/td>\n<td style=\"width: 113.278px;\">\n<p align=\"center\">2.40<\/p>\n<\/td>\n<\/tr>\n<tr>\n<td style=\"width: 209.958px;\">LTAT 58-200T<\/td>\n<td style=\"width: 275.5px;\">\n<p align=\"center\">2000<\/p>\n<\/td>\n<td style=\"width: 296.708px;\">\n<p align=\"center\">15<\/p>\n<\/td>\n<td style=\"width: 113.889px;\">\n<p align=\"center\">5\/8<\/p>\n<\/td>\n<td style=\"width: 113.278px;\">\n<p align=\"center\">3.20<\/p>\n<\/td>\n<\/tr>\n<tr>\n<td style=\"width: 209.958px;\">LTAT 34-30T<\/td>\n<td style=\"width: 275.5px;\">\n<p align=\"center\">300<\/p>\n<\/td>\n<td style=\"width: 296.708px;\">\n<p align=\"center\">19<\/p>\n<\/td>\n<td style=\"width: 113.889px;\">\n<p align=\"center\">3\/4<\/p>\n<\/td>\n<td style=\"width: 113.278px;\">\n<p align=\"center\">0.75<\/p>\n<\/td>\n<\/tr>\n<tr>\n<td style=\"width: 209.958px;\">LTAT 34-50T<\/td>\n<td style=\"width: 275.5px;\">\n<p align=\"center\">500<\/p>\n<\/td>\n<td style=\"width: 296.708px;\">\n<p align=\"center\">19<\/p>\n<\/td>\n<td style=\"width: 113.889px;\">\n<p align=\"center\">3\/4<\/p>\n<\/td>\n<td style=\"width: 113.278px;\">\n<p align=\"center\">1.20<\/p>\n<\/td>\n<\/tr>\n<tr>\n<td style=\"width: 209.958px;\">LTAT 34-60T<\/td>\n<td style=\"width: 275.5px;\">\n<p align=\"center\">600<\/p>\n<\/td>\n<td style=\"width: 296.708px;\">\n<p align=\"center\">19<\/p>\n<\/td>\n<td style=\"width: 113.889px;\">\n<p align=\"center\">3\/4<\/p>\n<\/td>\n<td style=\"width: 113.278px;\">\n<p align=\"center\">1.51<\/p>\n<\/td>\n<\/tr>\n<tr>\n<td style=\"width: 209.958px;\">LTAT 34-100T<\/td>\n<td style=\"width: 275.5px;\">\n<p align=\"center\">1000<\/p>\n<\/td>\n<td style=\"width: 296.708px;\">\n<p align=\"center\">19<\/p>\n<\/td>\n<td style=\"width: 113.889px;\">\n<p align=\"center\">3\/4<\/p>\n<\/td>\n<td style=\"width: 113.278px;\">\n<p align=\"center\">2.50<\/p>\n<\/td>\n<\/tr>\n<tr>\n<td style=\"width: 209.958px;\">LTAT 34-150T<\/td>\n<td style=\"width: 275.5px;\">\n<p align=\"center\">1500<\/p>\n<\/td>\n<td style=\"width: 296.708px;\">\n<p align=\"center\">19<\/p>\n<\/td>\n<td style=\"width: 113.889px;\">\n<p align=\"center\">3\/4<\/p>\n<\/td>\n<td style=\"width: 113.278px;\">\n<p align=\"center\">3.80<\/p>\n<\/td>\n<\/tr>\n<tr>\n<td style=\"width: 209.958px;\">LTAT 34-200T<\/td>\n<td style=\"width: 275.5px;\">\n<p align=\"center\">2000<\/p>\n<\/td>\n<td style=\"width: 296.708px;\">\n<p align=\"center\">19<\/p>\n<\/td>\n<td style=\"width: 113.889px;\">\n<p align=\"center\">3\/4<\/p>\n<\/td>\n<td style=\"width: 113.278px;\">\n<p align=\"center\">5.00<\/p>\n<\/td>\n<\/tr>\n<\/tbody>\n<\/table>\n<\/div>\n<p>&nbsp;<\/p>\n","protected":false},"excerpt":{"rendered":"<p><strong><span style=\"font-size: 115%;\">M\u00f4 t\u1ea3 :<\/span><\/strong><\/p>\n<p>Ti\u00eau chu\u1ea9n: IEC 62561-2, BS EN 13601<\/p>\n<p>V\u1eadt li\u1ec7u: \u0110\u1ed3ng m\u1ea1 thi\u1ebfc<\/p>\n<p>Xu\u1ea5t x\u1ee9: Kumwell &#8211; Th\u00e1i Lan<\/p>\n<p>\u1ee8ng d\u1ee5ng:\u00a0th\u00edch h\u1ee3p cho v\u00f9ng \u0103n m\u00f2n cao<\/p>\n","protected":false},"featured_media":3007,"comment_status":"open","ping_status":"closed","template":"","meta":[],"product_cat":[220],"product_tag":[],"jetpack-related-posts":[{"id":3061,"url":"https:\/\/tp-electric.vn\/index.php\/san-pham\/thanh-dong-tron-ma-thiec\/","url_meta":{"origin":3009,"position":0},"title":"Thanh \u0111\u1ed3ng tr\u00f2n m\u1ea1 thi\u1ebfc","author":"","date":"14\/02\/2023","format":false,"excerpt":"M\u00f4 t\u1ea3 : Ti\u00eau chu\u1ea9n: IEC 62561 \u2013 2, BS EN 13601 V\u1eadt li\u1ec7u: \u0110\u1ed3ng m\u1ea1 thi\u1ebfc Xu\u1ea5t x\u1ee9: Kumwell - Th\u00e1i Lan \u1ee8ng d\u1ee5ng: l\u00e0m d\u00e2y d\u1eabn tho\u00e1t s\u00e9t v\u00e0 d\u00e2y d\u1eabn ti\u1ebfp \u0111\u1ecba \u1edf nh\u1eefng khu v\u1ef1c c\u00f3 s\u1ef1 \u0103n m\u00f2n cao","rel":"","context":"Similar post","block_context":{"text":"Similar post","link":""},"img":{"alt_text":"","src":"","width":0,"height":0},"classes":[]},{"id":3049,"url":"https:\/\/tp-electric.vn\/index.php\/san-pham\/bang-dong-mem-ma-thiec-loai-1-lo\/","url_meta":{"origin":3009,"position":1},"title":"B\u1ea3ng \u0111\u1ed3ng m\u1ec1m m\u1ea1 thi\u1ebfc lo\u1ea1i 1 l\u1ed7","author":"","date":"14\/02\/2023","format":false,"excerpt":"M\u00f4 t\u1ea3 : V\u1eadt li\u1ec7u: \u0110\u1ed3ng m\u1ea1 thi\u1ebfc Xu\u1ea5t x\u1ee9: Kumwell - Th\u00e1i Lan \u1ee8ng d\u1ee5ng:\u00a0Ph\u00f9 h\u1ee3p \u0111\u1ec3 k\u1ebft n\u1ed1i v\u1edbi h\u00e0ng r\u00e0o,c\u1ed5ng , c\u1eeda b\u1eb1ng kim lo\u1ea1i, vv...\u1ede nh\u1eefng n\u01a1i linh ho\u1ea1t kh\u00f4ng c\u1ed1 \u0111\u1ecbnh c\u1ea7n y\u00eau c\u1ea7u li\u00ean k\u1ebft nh\u01b0ng \u0111\u1ed1i t\u01b0\u1ee3ng di \u0111\u1ed9ng.","rel":"","context":"Similar post","block_context":{"text":"Similar post","link":""},"img":{"alt_text":"","src":"","width":0,"height":0},"classes":[]},{"id":3048,"url":"https:\/\/tp-electric.vn\/index.php\/san-pham\/bang-dong-mem-ma-thiec-loai-2-lo\/","url_meta":{"origin":3009,"position":2},"title":"B\u1ea3ng \u0111\u1ed3ng m\u1ec1m m\u1ea1 thi\u1ebfc lo\u1ea1i 2 l\u1ed7","author":"","date":"14\/02\/2023","format":false,"excerpt":"M\u00f4 t\u1ea3 : V\u1eadt li\u1ec7u: \u0110\u1ed3ng m\u1ea1 thi\u1ebfc Xu\u1ea5t x\u1ee9: Kumwell - Th\u00e1i Lan \u1ee8ng d\u1ee5ng:\u00a0Ph\u00f9 h\u1ee3p \u0111\u1ec3 k\u1ebft n\u1ed1i v\u1edbi h\u00e0ng r\u00e0o,c\u1ed5ng , c\u1eeda b\u1eb1ng kim lo\u1ea1i, vv...\u1ede nh\u1eefng n\u01a1i linh ho\u1ea1t kh\u00f4ng c\u1ed1 \u0111\u1ecbnh c\u1ea7n y\u00eau c\u1ea7u li\u00ean k\u1ebft nh\u01b0ng \u0111\u1ed1i t\u01b0\u1ee3ng di \u0111\u1ed9ng.","rel":"","context":"Similar post","block_context":{"text":"Similar post","link":""},"img":{"alt_text":"","src":"","width":0,"height":0},"classes":[]},{"id":3037,"url":"https:\/\/tp-electric.vn\/index.php\/san-pham\/day-dong-mem-ma-thiec-loai-tron\/","url_meta":{"origin":3009,"position":3},"title":"D\u00e2y \u0111\u1ed3ng m\u1ec1m m\u1ea1 thi\u1ebfc lo\u1ea1i tr\u00f2n","author":"","date":"14\/02\/2023","format":false,"excerpt":"M\u00f4 t\u1ea3 : V\u1eadt li\u1ec7u: \u0111\u1ed3ng m\u1ea1 thi\u1ebfc Xu\u1ea5t x\u1ee9: Kumwell - Th\u00e1i Lan","rel":"","context":"Similar post","block_context":{"text":"Similar post","link":""},"img":{"alt_text":"","src":"","width":0,"height":0},"classes":[]},{"id":3050,"url":"https:\/\/tp-electric.vn\/index.php\/san-pham\/thanh-dong-ma-thiec\/","url_meta":{"origin":3009,"position":4},"title":"Thanh \u0111\u1ed3ng m\u1ea1 thi\u1ebfc","author":"","date":"14\/02\/2023","format":false,"excerpt":"M\u00f4 t\u1ea3 : Ti\u00eau chu\u1ea9n: IEC 62561 \u2013 2, BS EN 13601 V\u1eadt li\u1ec7u: \u0110\u1ed3ng m\u1ea1 thi\u1ebfc Xu\u1ea5t x\u1ee9: Kumwell - Th\u00e1i Lan \u1ee8ng d\u1ee5ng:\u00a0Th\u00edch h\u1ee3p ch\u1ed1ng s\u00e9t v\u00e0 ch\u1ed1ng s\u00e9t t\u1ea1i khu v\u1ef1c ch\u1ed1ng \u0103n m\u00f2n cao","rel":"","context":"Similar post","block_context":{"text":"Similar post","link":""},"img":{"alt_text":"","src":"","width":0,"height":0},"classes":[]},{"id":3161,"url":"https:\/\/tp-electric.vn\/index.php\/san-pham\/coc-tiep-dia-thep-ma-dong-lop-ma-dong-day-254-micron-tieu-chuan-ul-467\/","url_meta":{"origin":3009,"position":5},"title":"GRCBU-Kumwell-C\u1ecdc ti\u1ebfp \u0111\u1ea5t b\u1eb1ng th\u00e9p m\u1ea1 \u0111\u1ed3ng UL 467","author":"","date":"14\/02\/2023","format":false,"excerpt":"C\u1ecdc ti\u1ebfp \u0111\u1ea5t b\u1eb1ng th\u00e9p m\u1ea1 \u0111\u1ed3ng\u00a0GRCBU-Kumwell Ti\u00eau chu\u1ea9n: UL 467 Xu\u1ea5t x\u1ee9: Kumwell \u2013 Th\u00e1i Lan","rel":"","context":"Similar post","block_context":{"text":"Similar post","link":""},"img":{"alt_text":"","src":"","width":0,"height":0},"classes":[]}],"_links":{"self":[{"href":"https:\/\/tp-electric.vn\/index.php\/wp-json\/wp\/v2\/product\/3009"}],"collection":[{"href":"https:\/\/tp-electric.vn\/index.php\/wp-json\/wp\/v2\/product"}],"about":[{"href":"https:\/\/tp-electric.vn\/index.php\/wp-json\/wp\/v2\/types\/product"}],"replies":[{"embeddable":true,"href":"https:\/\/tp-electric.vn\/index.php\/wp-json\/wp\/v2\/comments?post=3009"}],"wp:featuredmedia":[{"embeddable":true,"href":"https:\/\/tp-electric.vn\/index.php\/wp-json\/wp\/v2\/media\/3007"}],"wp:attachment":[{"href":"https:\/\/tp-electric.vn\/index.php\/wp-json\/wp\/v2\/media?parent=3009"}],"wp:term":[{"taxonomy":"product_cat","embeddable":true,"href":"https:\/\/tp-electric.vn\/index.php\/wp-json\/wp\/v2\/product_cat?post=3009"},{"taxonomy":"product_tag","embeddable":true,"href":"https:\/\/tp-electric.vn\/index.php\/wp-json\/wp\/v2\/product_tag?post=3009"}],"curies":[{"name":"wp","href":"https:\/\/api.w.org\/{rel}","templated":true}]}}