{"id":3001,"date":"2023-02-14T09:59:22","date_gmt":"2023-02-14T02:59:22","guid":{"rendered":"https:\/\/tp-electric.vn\/?post_type=product&#038;p=3001"},"modified":"2024-12-12T15:10:17","modified_gmt":"2024-12-12T08:10:17","slug":"hop-kiem-tra-chong-set-bang-nhom-gyatb","status":"publish","type":"product","link":"https:\/\/tp-electric.vn\/index.php\/san-pham\/hop-kiem-tra-chong-set-bang-nhom-gyatb\/","title":{"rendered":"H\u1ed9p ki\u1ec5m tra ch\u1ed1ng s\u00e9t b\u1eb1ng Nh\u00f4m GYATB"},"content":{"rendered":"<p style=\"text-align: center;\"><strong>Aluminium TestBox<\/strong><\/p>\n<table class=\" aligncenter\" style=\"width: 1124px; height: 186px;\">\n<tbody>\n<tr>\n<td style=\"width: 142.153px;\" rowspan=\"2\">Code No.<\/td>\n<td style=\"width: 175.708px;\" rowspan=\"2\">Connection<\/td>\n<td style=\"width: 222.667px;\" rowspan=\"2\">Lug size (mm<sup>2<\/sup>)<\/td>\n<td style=\"width: 377.194px;\" colspan=\"3\">Dimension (mm)<\/td>\n<td style=\"width: 174.944px;\" rowspan=\"2\">Weight\u00a0\u00a0\u00a0(kg)<\/td>\n<\/tr>\n<tr>\n<td style=\"width: 122.028px;\">L<\/td>\n<td style=\"width: 122.028px;\">W<\/td>\n<td style=\"width: 122.028px;\">H<\/td>\n<\/tr>\n<tr>\n<td style=\"width: 142.153px;\">GYATB<\/td>\n<td style=\"width: 175.708px;\">Copper \u2013 Copper<\/td>\n<td style=\"width: 222.667px;\">50\u00a0\u2013 120<\/td>\n<td style=\"width: 122.028px;\">265<\/td>\n<td style=\"width: 122.028px;\">159<\/td>\n<td style=\"width: 122.028px;\">85<\/td>\n<td style=\"width: 174.944px;\">2.40<\/td>\n<\/tr>\n<tr>\n<td style=\"width: 142.153px;\">GYATB-AC<\/td>\n<td style=\"width: 175.708px;\">Aluminium \u2013 Copper<\/td>\n<td style=\"width: 222.667px;\">50\u00a0\u2013 120<\/td>\n<td style=\"width: 122.028px;\">265<\/td>\n<td style=\"width: 122.028px;\">159<\/td>\n<td style=\"width: 122.028px;\">85<\/td>\n<td style=\"width: 174.944px;\">2.40<\/td>\n<\/tr>\n<\/tbody>\n<\/table>\n<p style=\"text-align: center;\">Application : Use as an Inspection and Testing Point in grounding system<br \/>\nMaterial \u00a0 \u00a0 : Cast Aluminium Alloy \u2013 BS EN 2898 Tin Plated copper bar \u2013 BS EN 13601<br \/>\nBolt \u2013 Stainless Steel.<\/p>\n<p style=\"text-align: center;\">Tested: IEC 62561-1<\/p>\n","protected":false},"excerpt":{"rendered":"<p><strong>M\u00f4 t\u1ea3 :<\/strong><\/p>\n<p>Ti\u00eau chu\u1ea9n: IEC 62561-1<br \/>\nV\u1eadt li\u1ec7u: H\u1ee3p kim nh\u00f4m<br \/>\nXu\u1ea5t x\u1ee9: Kumwell &#8211; Th\u00e1i Lan<br \/>\n\u1ee8ng d\u1ee5ng : D\u00f9ng \u0111\u1ec3 ki\u1ec3m tra \u0111i\u1ec7n tr\u1edf v\u00e0 t\u00ecnh tr\u1ea1ng ho\u1ea1t \u0111\u1ed9ng c\u1ee7a h\u1ec7 th\u1ed1ng ch\u1ed1ng s\u00e9t.<\/p>\n","protected":false},"featured_media":3002,"comment_status":"open","ping_status":"closed","template":"","meta":[],"product_cat":[225,157],"product_tag":[],"jetpack-related-posts":[{"id":2998,"url":"https:\/\/tp-electric.vn\/index.php\/san-pham\/hop-kiem-tra-chong-set-bang-pvc\/","url_meta":{"origin":3001,"position":0},"title":"H\u1ed9p ki\u1ec3m tra Ch\u1ed1ng s\u00e9t b\u1eb1ng PVC","author":"","date":"14\/02\/2023","format":false,"excerpt":"M\u00f4 t\u1ea3 : Ti\u00eau chu\u1ea9n: IEC 62561-1 V\u1eadt li\u1ec7u: ABS \u2013 IP66 Xu\u1ea5t x\u1ee9: Kumwell - Th\u00e1i Lan \u1ee8ng d\u1ee5ng:\u00a0Th\u00edch h\u1ee3p \u0111\u1ec3 ki\u1ec3m tra v\u00e0 th\u1eed nghi\u1ec7m \u0111i\u1ec3m trong h\u1ec7 th\u1ed1ng ti\u1ebfp \u0111\u1ea5t","rel":"","context":"Similar post","block_context":{"text":"Similar post","link":""},"img":{"alt_text":"","src":"https:\/\/i0.wp.com\/tp-electric.vn\/wp-content\/uploads\/2023\/02\/ipo_KUMWEL_img2.png?fit=850%2C850&ssl=1&resize=350%2C200","width":350,"height":200,"srcset":"https:\/\/i0.wp.com\/tp-electric.vn\/wp-content\/uploads\/2023\/02\/ipo_KUMWEL_img2.png?fit=850%2C850&ssl=1&resize=350%2C200 1x, https:\/\/i0.wp.com\/tp-electric.vn\/wp-content\/uploads\/2023\/02\/ipo_KUMWEL_img2.png?fit=850%2C850&ssl=1&resize=700%2C400 2x"},"classes":[]},{"id":3064,"url":"https:\/\/tp-electric.vn\/index.php\/san-pham\/thanh-nhom-tron\/","url_meta":{"origin":3001,"position":1},"title":"Thanh nh\u00f4m tr\u00f2n","author":"","date":"14\/02\/2023","format":false,"excerpt":"M\u00f4 t\u1ea3 : Ti\u00eau chu\u1ea9n: IEC 62561 \u2013 2, BS 2898 V\u1eadt li\u1ec7u: Nh\u00f4m Xu\u1ea5t x\u1ee9: Kumwell - Th\u00e1i Lan \u1ee8ng d\u1ee5ng: l\u00e0m d\u00e2y d\u1eabn tho\u00e1t s\u00e9t v\u00e0 d\u00e2y ti\u1ebfp \u0111\u1ecba \u1edf nh\u1eefng khu v\u1ef1c \u0103n m\u00f2n cao.","rel":"","context":"Similar post","block_context":{"text":"Similar post","link":""},"img":{"alt_text":"","src":"","width":0,"height":0},"classes":[]},{"id":3036,"url":"https:\/\/tp-electric.vn\/index.php\/san-pham\/gia-do-kim-thu-set\/","url_meta":{"origin":3001,"position":2},"title":"Gi\u00e1 \u0111\u1edf kim thu s\u00e9t","author":"","date":"14\/02\/2023","format":false,"excerpt":"M\u00f4 t\u1ea3 : Ti\u00eau chu\u1ea9n: IEC 62561 \u2013 1, IEC 62561 \u2013 4, BS EN 1982, BS EN 2898 V\u1eadt li\u1ec7u: H\u1ee3p kim \u0111\u1ed3ng, H\u1ee3p kim nh\u00f4m Xu\u1ea5t x\u1ee9: Kumwell - Th\u00e1i Lan \u1ee8ng d\u1ee5ng: \u0111\u1ebf \u0111\u1ee1 kim thu s\u00e9t g\u1eafn tr\u00ean t\u01b0\u1eddng.","rel":"","context":"Similar post","block_context":{"text":"Similar post","link":""},"img":{"alt_text":"","src":"https:\/\/i0.wp.com\/tp-electric.vn\/wp-content\/uploads\/2023\/02\/12-1.png?fit=283%2C283&ssl=1&resize=350%2C200","width":350,"height":200},"classes":[]},{"id":3033,"url":"https:\/\/tp-electric.vn\/index.php\/san-pham\/de-kim-thu-set-co-dien-ket-noi-voi-thanh-dong-hoac-thanh-nhom\/","url_meta":{"origin":3001,"position":3},"title":"\u0110\u1ebf kim thu s\u00e9t c\u1ed5 \u0111i\u1ec3n k\u1ebft n\u1ed1i v\u1edbi thanh \u0111\u1ed3ng ho\u1eb7c thanh nh\u00f4m","author":"","date":"14\/02\/2023","format":false,"excerpt":"M\u00f4 t\u1ea3 : Ti\u00eau chu\u1ea9n: IEC 62561 \u2013 BS EN 1982, BS 2898 V\u1eadt li\u1ec7u: H\u1ee3p kim \u0111\u1ed3ng, H\u1ee3p kim nh\u00f4m Xu\u1ea5t x\u1ee9: Kumwell - Th\u00e1i Lan \u1ee8ng d\u1ee5ng: h\u1ed7 tr\u1ee3 thi\u1ebft b\u1ecb k\u1ebft n\u1ed1i v\u1edbi d\u00e2y d\u1eabn \u0111\u1ed3ng ho\u1eb7c nh\u00f4m.","rel":"","context":"Similar post","block_context":{"text":"Similar post","link":""},"img":{"alt_text":"","src":"https:\/\/i0.wp.com\/tp-electric.vn\/wp-content\/uploads\/2023\/02\/9-2.png?fit=283%2C283&ssl=1&resize=350%2C200","width":350,"height":200},"classes":[]},{"id":3034,"url":"https:\/\/tp-electric.vn\/index.php\/san-pham\/de-kim-thu-set-co-dien-ket-noi-voi-cap-dong-2\/","url_meta":{"origin":3001,"position":4},"title":"\u0110\u1ebf kim thu s\u00e9t c\u1ed5 \u0111i\u1ec3n k\u1ebft n\u1ed1i v\u1edbi c\u00e1p \u0111\u1ed3ng","author":"","date":"14\/02\/2023","format":false,"excerpt":"M\u00f4 t\u1ea3 : Ti\u00eau chu\u1ea9n: IEC 62561 \u2013 BS EN 1982, BS 2898 V\u1eadt li\u1ec7u: H\u1ee3p kim \u0111\u1ed3ng, H\u1ee3p kim nh\u00f4m Xu\u1ea5t x\u1ee9: Kumwell - Th\u00e1i Lan \u1ee8ng d\u1ee5ng:\u00a0h\u1ed7 tr\u1ee3 thi\u1ebft b\u1ecb \u00a0k\u1ebft n\u1ed1i v\u1edbi c\u00e1p \u0111\u1ed3ng ho\u1eb7c d\u00e2y d\u1eabn","rel":"","context":"Similar post","block_context":{"text":"Similar post","link":""},"img":{"alt_text":"","src":"https:\/\/i0.wp.com\/tp-electric.vn\/wp-content\/uploads\/2023\/02\/10-2.png?fit=283%2C283&ssl=1&resize=350%2C200","width":350,"height":200},"classes":[]},{"id":3079,"url":"https:\/\/tp-electric.vn\/index.php\/san-pham\/kep-do-cap-thoat-set-lcas-kumwell\/","url_meta":{"origin":3001,"position":5},"title":"K\u1eb9p \u0111\u1ee1 c\u00e1p tho\u00e1t s\u00e9t LCAS-Kumwell","author":"","date":"14\/02\/2023","format":false,"excerpt":"M\u00e3 s\u1ea3n ph\u1ea9m:LCAS K\u1eb9p \u0111\u1ee1, \u0111\u1ecbnh v\u1ecb c\u00e1p tho\u00e1t s\u00e9t Ti\u00eau chu\u1ea9n: H\u1ee3p kim \u0111\u1ed3ng \u2013 BS EN 1982 H\u1ee3p kim nh\u00f4m \u2013 BS EN 2898 Xu\u1ea5t x\u1ee9: Kumwell \u2013 Th\u00e1i L","rel":"","context":"Similar post","block_context":{"text":"Similar post","link":""},"img":{"alt_text":"","src":"","width":0,"height":0},"classes":[]}],"_links":{"self":[{"href":"https:\/\/tp-electric.vn\/index.php\/wp-json\/wp\/v2\/product\/3001"}],"collection":[{"href":"https:\/\/tp-electric.vn\/index.php\/wp-json\/wp\/v2\/product"}],"about":[{"href":"https:\/\/tp-electric.vn\/index.php\/wp-json\/wp\/v2\/types\/product"}],"replies":[{"embeddable":true,"href":"https:\/\/tp-electric.vn\/index.php\/wp-json\/wp\/v2\/comments?post=3001"}],"wp:featuredmedia":[{"embeddable":true,"href":"https:\/\/tp-electric.vn\/index.php\/wp-json\/wp\/v2\/media\/3002"}],"wp:attachment":[{"href":"https:\/\/tp-electric.vn\/index.php\/wp-json\/wp\/v2\/media?parent=3001"}],"wp:term":[{"taxonomy":"product_cat","embeddable":true,"href":"https:\/\/tp-electric.vn\/index.php\/wp-json\/wp\/v2\/product_cat?post=3001"},{"taxonomy":"product_tag","embeddable":true,"href":"https:\/\/tp-electric.vn\/index.php\/wp-json\/wp\/v2\/product_tag?post=3001"}],"curies":[{"name":"wp","href":"https:\/\/api.w.org\/{rel}","templated":true}]}}