{"id":2998,"date":"2023-02-14T09:43:37","date_gmt":"2023-02-14T02:43:37","guid":{"rendered":"https:\/\/tp-electric.vn\/?post_type=product&#038;p=2998"},"modified":"2024-12-12T15:10:17","modified_gmt":"2024-12-12T08:10:17","slug":"hop-kiem-tra-chong-set-bang-pvc","status":"publish","type":"product","link":"https:\/\/tp-electric.vn\/index.php\/san-pham\/hop-kiem-tra-chong-set-bang-pvc\/","title":{"rendered":"H\u1ed9p ki\u1ec3m tra Ch\u1ed1ng s\u00e9t b\u1eb1ng PVC"},"content":{"rendered":"<p style=\"text-align: center;\"><span style=\"font-size: 115%;\"><strong>ABS enclosure<\/strong><\/span><\/p>\n<div class=\"table-responsive\" style=\"text-align: center;\">\n<table style=\"width: 1118px; height: 198px;\" border=\"1\" cellspacing=\"0\" cellpadding=\"0\">\n<tbody>\n<tr style=\"height: 50px;\">\n<td style=\"width: 194.917px; height: 100px;\" rowspan=\"2\">\n<p align=\"center\"><strong>Code No.<\/strong><\/p>\n<\/td>\n<td style=\"width: 335.694px; height: 100px;\" rowspan=\"2\">\n<p align=\"center\"><strong>Connection<\/strong><\/p>\n<\/td>\n<td style=\"width: 153.5px; height: 100px;\" rowspan=\"2\">\n<p align=\"center\"><strong>Lug size<\/strong><\/p>\n<p align=\"center\"><strong>(mm<sup>2<\/sup>)<\/strong><\/p>\n<\/td>\n<td style=\"width: 295.194px; height: 50px;\" colspan=\"3\">\n<p align=\"center\"><strong>Dimension (mm)<\/strong><\/p>\n<\/td>\n<td style=\"width: 128.028px; height: 100px;\" rowspan=\"2\">\n<p align=\"center\"><strong>Weight<\/strong><\/p>\n<p align=\"center\"><strong>(kg)<\/strong><\/p>\n<\/td>\n<\/tr>\n<tr style=\"height: 50px;\">\n<td style=\"width: 97.2083px; height: 50px;\">\n<p align=\"center\"><strong>L<\/strong><\/p>\n<\/td>\n<td style=\"width: 97.2083px; height: 50px;\">\n<p align=\"center\"><strong>W<\/strong><\/p>\n<\/td>\n<td style=\"width: 97.2222px; height: 50px;\">\n<p align=\"center\"><strong>H<\/strong><\/p>\n<\/td>\n<\/tr>\n<tr style=\"height: 50px;\">\n<td style=\"width: 194.917px; height: 50px;\">GYPTB<\/td>\n<td style=\"width: 335.694px; height: 50px;\">\n<p align=\"center\">Copper &#8211; Copper<\/p>\n<\/td>\n<td style=\"width: 153.5px; height: 50px;\">\n<p align=\"center\">50-120<\/p>\n<\/td>\n<td style=\"width: 97.2083px; height: 50px;\">\n<p align=\"center\">200<\/p>\n<\/td>\n<td style=\"width: 97.2083px; height: 50px;\">\n<p align=\"center\">150<\/p>\n<\/td>\n<td style=\"width: 97.2222px; height: 50px;\">\n<p align=\"center\">100<\/p>\n<\/td>\n<td style=\"width: 128.028px; height: 50px;\">\n<p align=\"center\">1.10<\/p>\n<\/td>\n<\/tr>\n<tr style=\"height: 13.7222px;\">\n<td style=\"width: 194.917px; height: 13.7222px;\">GYPTB-AC<\/td>\n<td style=\"width: 335.694px; height: 13.7222px;\">\n<p align=\"center\">Aluminium &#8211; Copper<\/p>\n<\/td>\n<td style=\"width: 153.5px; height: 13.7222px;\">\n<p align=\"center\">50-120<\/p>\n<\/td>\n<td style=\"width: 97.2083px; height: 13.7222px;\">\n<p align=\"center\">200<\/p>\n<\/td>\n<td style=\"width: 97.2083px; height: 13.7222px;\">\n<p align=\"center\">150<\/p>\n<\/td>\n<td style=\"width: 97.2222px; height: 13.7222px;\">\n<p align=\"center\">100<\/p>\n<\/td>\n<td style=\"width: 128.028px; height: 13.7222px;\">\n<p align=\"center\">1.10<\/p>\n<\/td>\n<\/tr>\n<\/tbody>\n<\/table>\n<\/div>\n<p style=\"text-align: center;\">\n","protected":false},"excerpt":{"rendered":"<p><span style=\"font-size: 120%;\"><strong>M\u00f4 t\u1ea3 :<\/strong><\/span><\/p>\n<p>Ti\u00eau chu\u1ea9n: IEC 62561-1<\/p>\n<p>V\u1eadt li\u1ec7u: ABS \u2013 IP66<\/p>\n<p>Xu\u1ea5t x\u1ee9: Kumwell &#8211; Th\u00e1i Lan<\/p>\n<p>\u1ee8ng d\u1ee5ng:\u00a0Th\u00edch h\u1ee3p \u0111\u1ec3 ki\u1ec3m tra v\u00e0 th\u1eed nghi\u1ec7m \u0111i\u1ec3m trong h\u1ec7 th\u1ed1ng ti\u1ebfp \u0111\u1ea5t<\/p>\n","protected":false},"featured_media":2999,"comment_status":"open","ping_status":"closed","template":"","meta":[],"product_cat":[219,225],"product_tag":[],"jetpack-related-posts":[{"id":3001,"url":"https:\/\/tp-electric.vn\/index.php\/san-pham\/hop-kiem-tra-chong-set-bang-nhom-gyatb\/","url_meta":{"origin":2998,"position":0},"title":"H\u1ed9p ki\u1ec5m tra ch\u1ed1ng s\u00e9t b\u1eb1ng Nh\u00f4m GYATB","author":"","date":"14\/02\/2023","format":false,"excerpt":"M\u00f4 t\u1ea3 : Ti\u00eau chu\u1ea9n: IEC 62561-1 V\u1eadt li\u1ec7u: H\u1ee3p kim nh\u00f4m Xu\u1ea5t x\u1ee9: Kumwell - Th\u00e1i Lan \u1ee8ng d\u1ee5ng : D\u00f9ng \u0111\u1ec3 ki\u1ec3m tra \u0111i\u1ec7n tr\u1edf v\u00e0 t\u00ecnh tr\u1ea1ng ho\u1ea1t \u0111\u1ed9ng c\u1ee7a h\u1ec7 th\u1ed1ng ch\u1ed1ng s\u00e9t.","rel":"","context":"Similar post","block_context":{"text":"Similar post","link":""},"img":{"alt_text":"","src":"https:\/\/i0.wp.com\/tp-electric.vn\/wp-content\/uploads\/2023\/02\/2-6.png?fit=850%2C850&ssl=1&resize=350%2C200","width":350,"height":200,"srcset":"https:\/\/i0.wp.com\/tp-electric.vn\/wp-content\/uploads\/2023\/02\/2-6.png?fit=850%2C850&ssl=1&resize=350%2C200 1x, https:\/\/i0.wp.com\/tp-electric.vn\/wp-content\/uploads\/2023\/02\/2-6.png?fit=850%2C850&ssl=1&resize=700%2C400 2x"},"classes":[]},{"id":3196,"url":"https:\/\/tp-electric.vn\/index.php\/san-pham\/cuon-day-xa-tinh-dien-chong-no-giam-sat-va-dieu-khien-tu-xa\/","url_meta":{"origin":2998,"position":1},"title":"Cu\u1ed9n d\u00e2y x\u00e3 t\u0129nh \u0111i\u1ec7n ch\u1ed1ng n\u1ed5, gi\u00e1m s\u00e1t v\u00e0 \u0111i\u1ec1u khi\u1ec3n t\u1eeb xa","author":"","date":"14\/02\/2023","format":false,"excerpt":"M\u00f4 t\u1ea3 : Ti\u00eau chu\u1ea9n: ATEX II 2G Exd IIA IP66 Xu\u1ea5t x\u1ee9: Kumwell - Th\u00e1i Lan \u1ee8ng d\u1ee5ng: D\u00f9ng \u0111\u1ec3 x\u00e3 t\u00edch \u0111i\u1ec7n c\u1ee7a c\u00e1c lo\u1ea1i thi\u1ebft b\u1ecb ho\u1eb7c xe chuy\u00ean d\u1ee5ng b\u1ecb t\u00edch \u0111i\u1ec7n trong qu\u00e1 tr\u00ecnh v\u1eadn h\u00e0nh","rel":"","context":"Similar post","block_context":{"text":"Similar post","link":""},"img":{"alt_text":"","src":"https:\/\/i0.wp.com\/tp-electric.vn\/wp-content\/uploads\/2023\/02\/gera-4496-1.jpg?fit=300%2C300&ssl=1&resize=350%2C200","width":350,"height":200},"classes":[]},{"id":3012,"url":"https:\/\/tp-electric.vn\/index.php\/san-pham\/3012\/","url_meta":{"origin":2998,"position":2},"title":"M\u00d4 T\u1ea2: M\u00e0n h\u00ecnh hi\u1ec3n\u2026","author":"","date":"14\/02\/2023","format":false,"excerpt":"M\u00f4 t\u1ea3 : Xu\u1ea5t x\u1ee9: Kumwell - Th\u00e1i Lan \u1ee8ng d\u1ee5ng: \u0110\u1ebfm s\u1ed1 l\u1ea7n s\u00e9t \u0111\u00e1nh h\u1ec7 th\u1ed1ng ch\u1ed1ng s\u00e9t tr\u1ef1c ti\u1ebfp","rel":"","context":"Similar post","block_context":{"text":"Similar post","link":""},"img":{"alt_text":"","src":"https:\/\/i0.wp.com\/tp-electric.vn\/wp-content\/uploads\/2023\/02\/5-2.png?fit=850%2C850&ssl=1&resize=350%2C200","width":350,"height":200,"srcset":"https:\/\/i0.wp.com\/tp-electric.vn\/wp-content\/uploads\/2023\/02\/5-2.png?fit=850%2C850&ssl=1&resize=350%2C200 1x, https:\/\/i0.wp.com\/tp-electric.vn\/wp-content\/uploads\/2023\/02\/5-2.png?fit=850%2C850&ssl=1&resize=700%2C400 2x"},"classes":[]},{"id":2657,"url":"https:\/\/tp-electric.vn\/index.php\/san-pham\/plc-relay\/","url_meta":{"origin":2998,"position":3},"title":"PLC Relay","author":"","date":"03\/02\/2023","format":false,"excerpt":"\u00a0Ti\u1ebft ki\u1ec7m di\u1ec7n t\u00edch kh\u00f4ng gian t\u1ee7 \u0111i\u1ec7n - C\u00f3 LED hi\u1ec3n th\u1ecb tr\u1ea1ng th\u00e1i - L\u1eafp \u0111\u1eb7t d\u1ec5 d\u00e0ng - D\u1ec5 d\u00e0ng t\u00e1ch r\u1eddi - Tu\u1ed5i th\u1ecd \u0111\u00f3ng ng\u1eaft v\u00e0 \u0111\u1ed9 b\u1ec1n cao -\u00a0Th\u00edch h\u1ee3p s\u1eed d\u1ee5ng cho c\u00e1c \u1ee9ng d\u1ee5ng trong c\u00e1c m\u00f4i tr\u01b0\u1eddng kh\u1eafc nghi\u1ec7t, b\u1ee5i b\u1ea9n,\u2026","rel":"","context":"Similar post","block_context":{"text":"Similar post","link":""},"img":{"alt_text":"","src":"https:\/\/i0.wp.com\/tp-electric.vn\/wp-content\/uploads\/2023\/02\/3.png?fit=659%2C665&ssl=1&resize=350%2C200","width":350,"height":200},"classes":[]},{"id":2715,"url":"https:\/\/tp-electric.vn\/index.php\/san-pham\/plc-relay-2\/","url_meta":{"origin":2998,"position":4},"title":"PLC Relay","author":"","date":"07\/02\/2023","format":false,"excerpt":"-\u00a0Ti\u1ebft ki\u1ec7m di\u1ec7n t\u00edch kh\u00f4ng gian t\u1ee7 \u0111i\u1ec7n - C\u00f3 LED hi\u1ec3n th\u1ecb tr\u1ea1ng th\u00e1i - L\u1eafp \u0111\u1eb7t d\u1ec5 d\u00e0ng - D\u1ec5 d\u00e0ng t\u00e1ch r\u1eddi - Tu\u1ed5i th\u1ecd \u0111\u00f3ng ng\u1eaft v\u00e0 \u0111\u1ed9 b\u1ec1n cao -\u00a0Th\u00edch h\u1ee3p s\u1eed d\u1ee5ng cho c\u00e1c \u1ee9ng d\u1ee5ng trong c\u00e1c m\u00f4i tr\u01b0\u1eddng kh\u1eafc nghi\u1ec7t, b\u1ee5i b\u1ea9n,\u2026","rel":"","context":"Similar post","block_context":{"text":"Similar post","link":""},"img":{"alt_text":"","src":"https:\/\/i0.wp.com\/tp-electric.vn\/wp-content\/uploads\/2023\/02\/17.png?fit=594%2C586&ssl=1&resize=350%2C200","width":350,"height":200},"classes":[]},{"id":2868,"url":"https:\/\/tp-electric.vn\/index.php\/san-pham\/bien-tan-cua-thang-may-ec20\/","url_meta":{"origin":2998,"position":5},"title":"BI\u1ebeN T\u1ea6N C\u1eecA THANG M\u00c1Y EC20","author":"","date":"08\/02\/2023","format":false,"excerpt":"Bi\u1ebfn t\u1ea7n c\u1eeda thang m\u00e1y EC20 \u0111\u01b0\u1ee3c thi\u1ebft k\u1ebf \u0111\u1eb7c bi\u1ec7t chuy\u00ean d\u1ee5ng \u0111i\u1ec1u khi\u1ec3n c\u1eeda thang m\u00e1y. EC20 c\u00f3 k\u00edch th\u01b0\u1edbc nh\u1ecf g\u1ecdn, giao di\u1ec7n thu\u1eadn thi\u1ec7n, c\u00e0i \u0111\u1eb7t \u0111\u01a1n gi\u1ea3n ch\u1ec9 c\u1ea7n \u0111\u1ea5u n\u1ed1i v\u00e0 v\u1eadn h\u00e0nh. \u0110\u1eb7c tuy\u1ebfn t\u0103ng gi\u1ea3m t\u1ed1c theo v\u1ecb tr\u00ed c\u1ee7a EC20, gi\u00fap\u2026","rel":"","context":"Similar post","block_context":{"text":"Similar post","link":""},"img":{"alt_text":"","src":"https:\/\/i0.wp.com\/tp-electric.vn\/wp-content\/uploads\/2023\/02\/EC202.png?fit=880%2C646&ssl=1&resize=350%2C200","width":350,"height":200,"srcset":"https:\/\/i0.wp.com\/tp-electric.vn\/wp-content\/uploads\/2023\/02\/EC202.png?fit=880%2C646&ssl=1&resize=350%2C200 1x, https:\/\/i0.wp.com\/tp-electric.vn\/wp-content\/uploads\/2023\/02\/EC202.png?fit=880%2C646&ssl=1&resize=700%2C400 2x"},"classes":[]}],"_links":{"self":[{"href":"https:\/\/tp-electric.vn\/index.php\/wp-json\/wp\/v2\/product\/2998"}],"collection":[{"href":"https:\/\/tp-electric.vn\/index.php\/wp-json\/wp\/v2\/product"}],"about":[{"href":"https:\/\/tp-electric.vn\/index.php\/wp-json\/wp\/v2\/types\/product"}],"replies":[{"embeddable":true,"href":"https:\/\/tp-electric.vn\/index.php\/wp-json\/wp\/v2\/comments?post=2998"}],"wp:featuredmedia":[{"embeddable":true,"href":"https:\/\/tp-electric.vn\/index.php\/wp-json\/wp\/v2\/media\/2999"}],"wp:attachment":[{"href":"https:\/\/tp-electric.vn\/index.php\/wp-json\/wp\/v2\/media?parent=2998"}],"wp:term":[{"taxonomy":"product_cat","embeddable":true,"href":"https:\/\/tp-electric.vn\/index.php\/wp-json\/wp\/v2\/product_cat?post=2998"},{"taxonomy":"product_tag","embeddable":true,"href":"https:\/\/tp-electric.vn\/index.php\/wp-json\/wp\/v2\/product_tag?post=2998"}],"curies":[{"name":"wp","href":"https:\/\/api.w.org\/{rel}","templated":true}]}}