{"id":2997,"date":"2023-02-14T09:28:37","date_gmt":"2023-02-14T02:28:37","guid":{"rendered":"https:\/\/tp-electric.vn\/?post_type=product&#038;p=2997"},"modified":"2024-12-12T15:10:16","modified_gmt":"2024-12-12T08:10:16","slug":"thiet-bi-dem-set-stormaster-lsr-1-lpi","status":"publish","type":"product","link":"https:\/\/tp-electric.vn\/index.php\/san-pham\/thiet-bi-dem-set-stormaster-lsr-1-lpi\/","title":{"rendered":"Thi\u1ebft b\u1ecb \u0111\u1ebfm s\u00e9t Stormaster LSR-1 LPI"},"content":{"rendered":"<p><strong>\u0110\u1eb7c T\u00ednh K\u1ef9 Thu\u1eadt:<\/strong><br \/>\n<strong>\u2013 S\u1eed d\u1ee5ng \u0111\u1ebfm s\u1ed1 l\u1ea7n thu s\u00e9t trong h\u1ec7 th\u1ed1ng ch\u1ed1ng s\u00e9t tr\u1ef1c ti\u1ebfp.<\/strong><br \/>\n\u2013 D\u00f2ng s\u00e9t l\u1edbn nh\u1ea5t: 220kA.<br \/>\n\u2013 D\u00f2ng s\u00e9t nh\u1ecf nh\u1ea5t: 1500A ( xung 8\/20\u00b5s).<br \/>\n<strong>\u2013 C\u00f4ng ngh\u1ec7: B\u1ed9 \u0111\u1ebfm \u0111i\u1ec7n t\u1eed t\u1ef1 \u0111\u1ed9ng, kh\u00f4ng c\u1ea7n c\u1ea5p ngu\u1ed3n, hi\u1ec3n th\u1ecb d\u1ea1ng s\u1ed1.<\/strong><br \/>\n\u2013 S\u1ed1 l\u1ea7n \u0111\u1ebfm: \u0110\u1ebfm \u0111\u01b0\u1ee3c 7 ch\u1eef s\u1ed1: 0000000 \u2013 9999999.<br \/>\n\u2013 V\u1eadt li\u1ec7u: Nh\u1ef1a v\u00e0 th\u00e9p kh\u00f4ng r\u1ec9.<br \/>\n\u2013 Kich th\u01b0\u1edbc: D\u00e0i 80 mm x R\u1ed9ng 82 mm x Cao 65 mm.<br \/>\n\u2013 K\u1ebft n\u1ed1i: D\u1ea1ng k\u1eb9p.<br \/>\n\u2013 Nhi\u1ec7t \u0111\u1ed9 s\u1eed d\u1ee5ng: 0 \u0111\u1ebfn 65 oC.<br \/>\n<strong>\u2013 C\u1ea5p b\u1ea3o v\u1ec7: IP67.<\/strong><\/p>\n","protected":false},"excerpt":{"rendered":"<p>Th\u00f4ng Tin S\u1ea3n Ph\u1ea9m:<br \/>\n<strong>\u2013 Thi\u1ebft b\u1ecb \u0111\u1ebfm s\u00e9t LPI LSR 1 (Lightning Counter LSR1).<\/strong><br \/>\n\u2013 Lo\u1ea1i:<strong> LSR1<\/strong><br \/>\n\u2013 M\u00e0u s\u1eafc: Xanh<br \/>\n\u2013 H\u00e3ng s\u1ea3n xu\u1ea5t: LPI.<br \/>\n\u2013 Xu\u1ea5t x\u1ee9: \u00dac.<br \/>\n\u2013 Th\u1eddi gian b\u1ea3o h\u00e0nh: B\u1ea3o h\u00e0nh 12 th\u00e1ng.<\/p>\n","protected":false},"featured_media":2996,"comment_status":"open","ping_status":"closed","template":"","meta":[],"product_cat":[218],"product_tag":[],"jetpack-related-posts":[{"id":2995,"url":"https:\/\/tp-electric.vn\/index.php\/san-pham\/thiet-bi-dem-set-lsr2-stormaster-lpi-uc\/","url_meta":{"origin":2997,"position":0},"title":"Thi\u1ebft b\u1ecb \u0111\u1ebfm s\u00e9t LSR2 Stormaster LPI-\u00dac","author":"","date":"14\/02\/2023","format":false,"excerpt":"Th\u00f4ng Tin S\u1ea3n Ph\u1ea9m: \u2013 Thi\u1ebft b\u1ecb \u0111\u1ebfm s\u00e9t LPI LSR 2 (Lightning Counter LSR2). \u2013 Lo\u1ea1i:\u00a0LSR2 \u2013 M\u00e0u s\u1eafc: Xanh \u2013 H\u00e3ng s\u1ea3n xu\u1ea5t: LPI. \u2013 Xu\u1ea5t x\u1ee9: \u00dac. \u2013 Th\u1eddi gian b\u1ea3o h\u00e0nh: B\u1ea3o h\u00e0nh 12 th\u00e1ng.","rel":"","context":"Similar post","block_context":{"text":"Similar post","link":""},"img":{"alt_text":"","src":"https:\/\/i0.wp.com\/tp-electric.vn\/wp-content\/uploads\/2023\/02\/2-4.png?fit=850%2C850&ssl=1&resize=350%2C200","width":350,"height":200,"srcset":"https:\/\/i0.wp.com\/tp-electric.vn\/wp-content\/uploads\/2023\/02\/2-4.png?fit=850%2C850&ssl=1&resize=350%2C200 1x, https:\/\/i0.wp.com\/tp-electric.vn\/wp-content\/uploads\/2023\/02\/2-4.png?fit=850%2C850&ssl=1&resize=700%2C400 2x"},"classes":[]},{"id":2945,"url":"https:\/\/tp-electric.vn\/index.php\/san-pham\/sf132a-ne-lpi-thiet-bi-cat-loc-set-1-pha\/","url_meta":{"origin":2997,"position":1},"title":"SF132A-NE-LPI -Thi\u1ebft b\u1ecb c\u1eaft l\u1ecdc s\u00e9t 1 pha","author":"","date":"13\/02\/2023","format":false,"excerpt":"C\u1eaeT L\u1eccC S\u00c9T 1 PHA LPI SF132A-NE: l\u00e0 t\u1ee7 c\u1eaft l\u1ecdc s\u00e9t 01 pha, d\u00f2ng t\u1ea3i 32A, l\u1eafp n\u1ed1i ti\u1ebfp CB, d\u00f2ng s\u00e9t s\u01a1 c\u1ea5p 100kA, th\u1ee9 c\u1ea5p 50kA, ch\u1ecbu \u00e1p t\u1ed1i \u0111a 385V, ch\u01b0a c\u00f3 b\u1ed9 \u0111\u1ebfm, Thi\u1ebft b\u1ecb c\u1eaft l\u1ecdc s\u00e9t 1 pha, 32A, v\u1edbi b\u1ea3o v\u1ec7 c\u1ea5p\u2026","rel":"","context":"Similar post","block_context":{"text":"Similar post","link":""},"img":{"alt_text":"","src":"","width":0,"height":0},"classes":[]},{"id":2947,"url":"https:\/\/tp-electric.vn\/index.php\/san-pham\/sf132-385-10050-aimcb-lpi-tu-cat-loc-set-1-pha-32a\/","url_meta":{"origin":2997,"position":2},"title":"SF132-385-100+50-AIMCB-LPI -T\u1ee7 c\u1eaft l\u1ecdc s\u00e9t 1P 32-40-63A","author":"","date":"13\/02\/2023","format":false,"excerpt":"\u2013 C\u00f3 d\u1ea3i \u0111i\u1ec7n \u00e1p ho\u1ea1t \u0111\u1ed9ng 220\u00f7277Vac; \u2013 S\u1eed d\u1ee5ng c\u00f4ng ngh\u1ec7 SSTB150 \u0111\u1ec3 b\u1ea3o v\u1ec7 \u0111i\u1ec7n \u00e1p xoay chi\u1ec1u 1 pha ho\u1eb7c 3 pha; \u2013 Thi\u1ebft b\u1ecb c\u1eaft l\u1ecdc s\u00e9t lan truy\u1ec1n LPI \u0111\u01b0\u1eddng ngu\u1ed3n h\u1ea1 \u00e1p. B\u1ea3o v\u1ec7 c\u00e1c thi\u1ebft b\u1ecb nh\u1ea1y c\u1ea3m v\u1edbi 03 m\u1ee9c b\u1ea3o\u2026","rel":"","context":"Similar post","block_context":{"text":"Similar post","link":""},"img":{"alt_text":"","src":"https:\/\/i0.wp.com\/tp-electric.vn\/wp-content\/uploads\/2023\/02\/LPI-chong-set-2.jpg?fit=587%2C569&ssl=1&resize=350%2C200","width":350,"height":200},"classes":[]},{"id":2951,"url":"https:\/\/tp-electric.vn\/index.php\/san-pham\/lanrj45-cat6-lpi-thiet-bi-chong-set-cho-duong-mang-may-tinh\/","url_meta":{"origin":2997,"position":3},"title":"LANRJ45-CAT6-LPI-Thi\u1ebft b\u1ecb ch\u1ed1ng s\u00e9t cho \u0111\u01b0\u1eddng m\u1ea1ng m\u00e1y t\u00ednh","author":"","date":"13\/02\/2023","format":false,"excerpt":"\u0110\u1eb7c \u0111i\u1ec3m c\u1ee7a thi\u1ebft b\u1ecb ch\u1ed1ng s\u00e9t LPI LAN-RJ45-CAT6 B\u1ea3o v\u1ec7 s\u00e9t lan truy\u1ec1n cho m\u00e1y t\u00ednh, Server v\u00e0 c\u00e1c thi\u1ebft b\u1ecb t\u01b0\u01a1ng t\u1ef1 \u0111\u01b0\u1ee3c k\u1ebft n\u1ed1i v\u1edbi m\u1ea1ng d\u1eef li\u1ec7u s\u1eed d\u1ee5ng c\u00e1p m\u1ea1ng cat6, s\u1ea3n ph\u1ea9m s\u1eed d\u1ee5ng cho \u0111\u01b0\u1eddng truy\u1ec1n m\u1ea1ng t\u1ed1c \u0111\u1ed9 cao n\u00ean \u0111\u1ebfn 1000Mb\/s,\u2026","rel":"","context":"Similar post","block_context":{"text":"Similar post","link":""},"img":{"alt_text":"","src":"https:\/\/i0.wp.com\/tp-electric.vn\/wp-content\/uploads\/2023\/02\/LPI-chong-set-4.jpg?fit=600%2C576&ssl=1&resize=350%2C200","width":350,"height":200},"classes":[]},{"id":2991,"url":"https:\/\/tp-electric.vn\/index.php\/san-pham\/kim-thu-set-stormaster-ese-e60-ss-rp51m\/","url_meta":{"origin":2997,"position":4},"title":"KIM THU S\u00c9T STORMASTER ESE-E60-SS Rp=51m","author":"","date":"14\/02\/2023","format":false,"excerpt":"Th\u00f4ng Tin S\u1ea3n Ph\u1ea9m: \u2013 Kim thu s\u00e9t Stormaster ESE-15-SS, k\u00e8m kh\u1edbp n\u1ed1i c\u00e1ch \u0111i\u1ec7n c\u1ee7a LPI \u2013 Lo\u1ea1i: Stormaster ESE 15 SS \u2013 M\u00e0u s\u1eafc: Inox. \u2013 H\u00e3ng s\u1ea3n xu\u1ea5t: LPI \u2013 Xu\u1ea5t x\u1ee9: \u00dac. \u2013 Th\u1eddi gian b\u1ea3o h\u00e0nh: B\u1ea3o h\u00e0nh 12 th\u00e1ng.","rel":"","context":"Similar post","block_context":{"text":"Similar post","link":""},"img":{"alt_text":"","src":"https:\/\/i0.wp.com\/tp-electric.vn\/wp-content\/uploads\/2023\/02\/1-9.png?fit=850%2C850&ssl=1&resize=350%2C200","width":350,"height":200,"srcset":"https:\/\/i0.wp.com\/tp-electric.vn\/wp-content\/uploads\/2023\/02\/1-9.png?fit=850%2C850&ssl=1&resize=350%2C200 1x, https:\/\/i0.wp.com\/tp-electric.vn\/wp-content\/uploads\/2023\/02\/1-9.png?fit=850%2C850&ssl=1&resize=700%2C400 2x"},"classes":[]},{"id":2989,"url":"https:\/\/tp-electric.vn\/index.php\/san-pham\/kim-thu-set-stormaster-ese-50-rp95m\/","url_meta":{"origin":2997,"position":5},"title":"KIM THU S\u00c9T STORMASTER ESE 50 Rp=95M","author":"","date":"14\/02\/2023","format":false,"excerpt":"\u2013 Kim thu s\u00e9t Stormaster ESE-50-SS, k\u00e8m kh\u1edbp n\u1ed1i c\u00e1ch \u0111i\u1ec7n c\u1ee7a LPI \u2013 Lo\u1ea1i: Stormaster ESE 50 SS \u2013 M\u00e0u s\u1eafc: Inox. \u2013 H\u00e3ng s\u1ea3n xu\u1ea5t: LPI \u2013 Xu\u1ea5t x\u1ee9: \u00dac. \u2013 Th\u1eddi gian b\u1ea3o h\u00e0nh: B\u1ea3o h\u00e0nh 12 th\u00e1ng.","rel":"","context":"Similar post","block_context":{"text":"Similar post","link":""},"img":{"alt_text":"","src":"https:\/\/i0.wp.com\/tp-electric.vn\/wp-content\/uploads\/2023\/02\/1-9.png?fit=850%2C850&ssl=1&resize=350%2C200","width":350,"height":200,"srcset":"https:\/\/i0.wp.com\/tp-electric.vn\/wp-content\/uploads\/2023\/02\/1-9.png?fit=850%2C850&ssl=1&resize=350%2C200 1x, https:\/\/i0.wp.com\/tp-electric.vn\/wp-content\/uploads\/2023\/02\/1-9.png?fit=850%2C850&ssl=1&resize=700%2C400 2x"},"classes":[]}],"_links":{"self":[{"href":"https:\/\/tp-electric.vn\/index.php\/wp-json\/wp\/v2\/product\/2997"}],"collection":[{"href":"https:\/\/tp-electric.vn\/index.php\/wp-json\/wp\/v2\/product"}],"about":[{"href":"https:\/\/tp-electric.vn\/index.php\/wp-json\/wp\/v2\/types\/product"}],"replies":[{"embeddable":true,"href":"https:\/\/tp-electric.vn\/index.php\/wp-json\/wp\/v2\/comments?post=2997"}],"wp:featuredmedia":[{"embeddable":true,"href":"https:\/\/tp-electric.vn\/index.php\/wp-json\/wp\/v2\/media\/2996"}],"wp:attachment":[{"href":"https:\/\/tp-electric.vn\/index.php\/wp-json\/wp\/v2\/media?parent=2997"}],"wp:term":[{"taxonomy":"product_cat","embeddable":true,"href":"https:\/\/tp-electric.vn\/index.php\/wp-json\/wp\/v2\/product_cat?post=2997"},{"taxonomy":"product_tag","embeddable":true,"href":"https:\/\/tp-electric.vn\/index.php\/wp-json\/wp\/v2\/product_tag?post=2997"}],"curies":[{"name":"wp","href":"https:\/\/api.w.org\/{rel}","templated":true}]}}