{"id":2986,"date":"2023-02-14T09:01:40","date_gmt":"2023-02-14T02:01:40","guid":{"rendered":"https:\/\/tp-electric.vn\/?post_type=product&#038;p=2986"},"modified":"2024-12-12T15:10:16","modified_gmt":"2024-12-12T08:10:16","slug":"kim-thu-set-abb-rp-71m","status":"publish","type":"product","link":"https:\/\/tp-electric.vn\/index.php\/san-pham\/kim-thu-set-abb-rp-71m\/","title":{"rendered":"Kim thu s\u00e9t ABB OPR 30 \u2013 Rp = 71m"},"content":{"rendered":"<p><strong><span style=\"font-size: 130%;\">Kim thu s\u00e9t OPR 30<\/span><\/strong><br \/>\n\u2013 Lo\u1ea1i: OPR 30 ABB<br \/>\n\u2013 M\u00e3 s\u1ea3n ph\u1ea9m: 2CTB899800R7000<br \/>\n\u2013 EAN\u00a0 :\u00a0 \u00a03660308513496<br \/>\n\u2013 Long Description:\u00a0 B751417<br \/>\n\u2013 M\u00e0u s\u1eafc: M\u00e0u b\u1ea1c.<br \/>\n\u2013 H\u00e3ng s\u1ea3n xu\u1ea5t: ABB.<br \/>\n\u2013 Xu\u1ea5t x\u1ee9: France.<br \/>\n\u2013 Th\u1eddi gian b\u1ea3o h\u00e0nh: B\u1ea3o h\u00e0nh 12 th\u00e1ng.<\/p>\n<figure id=\"attachment_3598\" class=\"wp-caption aligncenter\" aria-describedby=\"caption-attachment-3598\"><figcaption id=\"caption-attachment-3598\" class=\"wp-caption-text\">B\u00e1n k\u00ednh b\u1ea3o v\u1ec7 c\u1ee7a kim thu s\u00e9t ABB: Rp= 71m<br \/>\n<img decoding=\"async\" loading=\"lazy\" class=\"alignnone size-full wp-image-3235\" src=\"https:\/\/i0.wp.com\/tp-electric.vn\/wp-content\/uploads\/2023\/02\/OPR-30-1.png?resize=506%2C508&#038;ssl=1\" alt=\"\" width=\"506\" height=\"508\" data-recalc-dims=\"1\" \/><\/figcaption><\/figure>\n<h3><span id=\"Dac_Tinh_ky_Thuat\" class=\"ez-toc-section\"><\/span>\u0110\u1eb7c T\u00ednh k\u1ef9 Thu\u1eadt:<\/h3>\n<p>\u2013 S\u1eed d\u1ee5ng l\u1eafp \u0111\u1eb7t h\u1ec7 th\u1ed1ng ch\u1ed1ng s\u00e9t tr\u1ef1c ti\u1ebfp.<br \/>\n\u2013 B\u00e1n k\u00ednh b\u1ea3o v\u1ec7: Rp = 71 M\u00e9t theo Ti\u00eau chu\u1ea9n NFC 17-102.<br \/>\n\u2013 C\u00f4ng ngh\u1ec7: Kim thu s\u00e9t ch\u1ee7 \u0111\u1ed9ng \u2013 ph\u00e1t tia ti\u00ean \u0111\u1ea1o s\u1edbm (ESE).<br \/>\n\u2013 Chi\u1ec1u cao c\u1ed9t l\u1eafp \u0111\u1eb7t: 5 m\u00e9t.<br \/>\n\u2013 V\u1eadt li\u1ec7u: Th\u00e9p kh\u00f4ng g\u1ec9.<br \/>\n\u2013 Tu\u1ed5i th\u1ecd: Tr\u00ean 30 n\u0103m.<br \/>\n\u2013 Kich th\u01b0\u1edbc bao b\u00ec: (DxRxC = 340x82x82mm).<br \/>\n\u2013 Tr\u1ecdng l\u01b0\u1ee3ng: 2581g.<br \/>\n\u2013 Nhi\u1ec7t \u0111\u1ed9 l\u00e0m vi\u1ec7c t\u1ed1i \u0111a: 120 \u0111\u1ed9 C<br \/>\n\u2013 \u0110\u01b0\u1eddng k\u00ednh kh\u1edbp n\u1ed1i cho tr\u1ee5 \u0111\u1ee1 kim thu s\u00e9t: 34mm<\/p>\n<p><img decoding=\"async\" loading=\"lazy\" class=\"alignnone size-full wp-image-3242\" src=\"https:\/\/i0.wp.com\/tp-electric.vn\/wp-content\/uploads\/2023\/02\/OPR.png?resize=574%2C682&#038;ssl=1\" alt=\"\" width=\"574\" height=\"682\" data-recalc-dims=\"1\" \/><\/p>\n","protected":false},"excerpt":{"rendered":"<p>\u2013 S\u1eed d\u1ee5ng l\u1eafp \u0111\u1eb7t h\u1ec7 th\u1ed1ng ch\u1ed1ng s\u00e9t tr\u1ef1c ti\u1ebfp.<br \/>\n\u2013 B\u00e1n k\u00ednh b\u1ea3o v\u1ec7: Rp = 71 M\u00e9t theo Ti\u00eau chu\u1ea9n NFC 17-102.<br \/>\n\u2013 C\u00f4ng ngh\u1ec7: Kim thu s\u00e9t ch\u1ee7 \u0111\u1ed9ng \u2013 ph\u00e1t tia ti\u00ean \u0111\u1ea1o s\u1edbm (ESE).<br \/>\n\u2013 Chi\u1ec1u cao c\u1ed9t l\u1eafp \u0111\u1eb7t: 5 m\u00e9t.<br \/>\n\u2013 V\u1eadt li\u1ec7u: Th\u00e9p kh\u00f4ng g\u1ec9.<br \/>\n\u2013 Tu\u1ed5i th\u1ecd: Tr\u00ean 30 n\u0103m.<br \/>\n\u2013 Kich th\u01b0\u1edbc bao b\u00ec: (DxRxC = 340x82x82mm).<br \/>\n\u2013 Tr\u1ecdng l\u01b0\u1ee3ng: 2581g.<br \/>\n\u2013 Nhi\u1ec7t \u0111\u1ed9 l\u00e0m vi\u1ec7c t\u1ed1i \u0111a: 120 \u0111\u1ed9 C<br \/>\n\u2013 \u0110\u01b0\u1eddng k\u00ednh kh\u1edbp n\u1ed1i cho tr\u1ee5 \u0111\u1ee1 kim thu s\u00e9t: 34mm<\/p>\n<p>-T\u1ea3i catalogue kim thu s\u00e9t ABB OPR-Ph\u00e1p:<span style=\"color: #00aae7;\"> <a style=\"color: #00aae7;\" href=\"http:\/\/bizweb.dktcdn.net\/100\/027\/709\/files\/catalogue-kim-thu-set-opr-phap.pdf?v=1643007762190\">T\u1ea1i \u0111\u00e2y<\/a><\/span><\/p>\n","protected":false},"featured_media":2984,"comment_status":"open","ping_status":"closed","template":"","meta":[],"product_cat":[215,157],"product_tag":[],"jetpack-related-posts":[{"id":2983,"url":"https:\/\/tp-electric.vn\/index.php\/san-pham\/kim-thu-set-abb-rp-107m\/","url_meta":{"origin":2986,"position":0},"title":"Kim thu s\u00e9t ABB OPR 60 \u2013 Rp = 107m","author":"","date":"14\/02\/2023","format":false,"excerpt":"\u00a0Kim thu s\u00e9t OPR 60 \u2013 Lo\u1ea1i: OPR 60 ABB \u2013 EAN\u00a0 : 3660308513502 \u2013 Long Description: B751350 \u2013 M\u00e0u s\u1eafc: M\u00e0u b\u1ea1c. \u2013 H\u00e3ng s\u1ea3n xu\u1ea5t: ABB. \u2013 Xu\u1ea5t x\u1ee9: France \u2013 Ph\u00e1p \u2013 Th\u1eddi gian b\u1ea3o h\u00e0nh: B\u1ea3o h\u00e0nh 12 th\u00e1ng. -T\u1ea3i catalogue kim thu s\u00e9t ABB OPR-Ph\u00e1p:\u00a0T\u1ea1i\u2026","rel":"","context":"Similar post","block_context":{"text":"Similar post","link":""},"img":{"alt_text":"","src":"https:\/\/i0.wp.com\/tp-electric.vn\/wp-content\/uploads\/2023\/02\/abb.png?fit=850%2C850&ssl=1&resize=350%2C200","width":350,"height":200,"srcset":"https:\/\/i0.wp.com\/tp-electric.vn\/wp-content\/uploads\/2023\/02\/abb.png?fit=850%2C850&ssl=1&resize=350%2C200 1x, https:\/\/i0.wp.com\/tp-electric.vn\/wp-content\/uploads\/2023\/02\/abb.png?fit=850%2C850&ssl=1&resize=700%2C400 2x"},"classes":[]},{"id":2985,"url":"https:\/\/tp-electric.vn\/index.php\/san-pham\/kim-thu-set-abb-rp-89m\/","url_meta":{"origin":2986,"position":1},"title":"Kim thu s\u00e9t ABB OPR 45 \u2013 Rp = 89m","author":"","date":"14\/02\/2023","format":false,"excerpt":"Kim thu s\u00e9t\u00a0OPR 45 B\u00e1n k\u00ednh b\u1ea3o v\u1ec7 t\u01b0\u01a1ng \u1ee9ng h=5m (c\u1ea5p 3): 89m Lo\u1ea1i: IMH4500 Tr\u1ecdng l\u01b0\u1ee3ng: 2400gram K\u00edch th\u01b0\u1edbc: th\u00e2n \u0111\u1ebfn \u0111\u1ea7u kim thu 215mm, \u0111\u01b0\u1eddng k\u00ednh 78mm Nhi\u1ec7t \u0111\u1ed9 l\u00e0m vi\u1ec7c t\u1ed1i \u0111a: 120 \u0111\u1ed9 C \u0110\u01b0\u1eddng k\u00ednh kh\u1edbp n\u1ed1i cho tr\u1ee5 \u0111\u1ee1 kim thu s\u00e9t: 34mm\u2026","rel":"","context":"Similar post","block_context":{"text":"Similar post","link":""},"img":{"alt_text":"","src":"https:\/\/i0.wp.com\/tp-electric.vn\/wp-content\/uploads\/2023\/02\/abb.png?fit=850%2C850&ssl=1&resize=350%2C200","width":350,"height":200,"srcset":"https:\/\/i0.wp.com\/tp-electric.vn\/wp-content\/uploads\/2023\/02\/abb.png?fit=850%2C850&ssl=1&resize=350%2C200 1x, https:\/\/i0.wp.com\/tp-electric.vn\/wp-content\/uploads\/2023\/02\/abb.png?fit=850%2C850&ssl=1&resize=700%2C400 2x"},"classes":[]},{"id":2990,"url":"https:\/\/tp-electric.vn\/index.php\/san-pham\/kim-thu-set-stormaster-ese-e60-ss-rp71m\/","url_meta":{"origin":2986,"position":2},"title":"KIM THU S\u00c9T STORMASTER ESE-E60-SS Rp=71m","author":"","date":"14\/02\/2023","format":false,"excerpt":"Th\u00f4ng Tin S\u1ea3n Ph\u1ea9m: \u2013 Kim thu s\u00e9t Stormaster ESE-30-SS, k\u00e8m kh\u1edbp n\u1ed1i c\u00e1ch \u0111i\u1ec7n c\u1ee7a LPI \u2013 Lo\u1ea1i: Stormaster ESE 30 SS \u2013 M\u00e0u s\u1eafc: Inox. \u2013 H\u00e3ng s\u1ea3n xu\u1ea5t: LPI \u2013 Xu\u1ea5t x\u1ee9: \u00dac. \u2013 Th\u1eddi gian b\u1ea3o h\u00e0nh: B\u1ea3o h\u00e0nh 12 th\u00e1ng.","rel":"","context":"Similar post","block_context":{"text":"Similar post","link":""},"img":{"alt_text":"","src":"https:\/\/i0.wp.com\/tp-electric.vn\/wp-content\/uploads\/2023\/02\/1-9.png?fit=850%2C850&ssl=1&resize=350%2C200","width":350,"height":200,"srcset":"https:\/\/i0.wp.com\/tp-electric.vn\/wp-content\/uploads\/2023\/02\/1-9.png?fit=850%2C850&ssl=1&resize=350%2C200 1x, https:\/\/i0.wp.com\/tp-electric.vn\/wp-content\/uploads\/2023\/02\/1-9.png?fit=850%2C850&ssl=1&resize=700%2C400 2x"},"classes":[]},{"id":2989,"url":"https:\/\/tp-electric.vn\/index.php\/san-pham\/kim-thu-set-stormaster-ese-50-rp95m\/","url_meta":{"origin":2986,"position":3},"title":"KIM THU S\u00c9T STORMASTER ESE 50 Rp=95M","author":"","date":"14\/02\/2023","format":false,"excerpt":"\u2013 Kim thu s\u00e9t Stormaster ESE-50-SS, k\u00e8m kh\u1edbp n\u1ed1i c\u00e1ch \u0111i\u1ec7n c\u1ee7a LPI \u2013 Lo\u1ea1i: Stormaster ESE 50 SS \u2013 M\u00e0u s\u1eafc: Inox. \u2013 H\u00e3ng s\u1ea3n xu\u1ea5t: LPI \u2013 Xu\u1ea5t x\u1ee9: \u00dac. \u2013 Th\u1eddi gian b\u1ea3o h\u00e0nh: B\u1ea3o h\u00e0nh 12 th\u00e1ng.","rel":"","context":"Similar post","block_context":{"text":"Similar post","link":""},"img":{"alt_text":"","src":"https:\/\/i0.wp.com\/tp-electric.vn\/wp-content\/uploads\/2023\/02\/1-9.png?fit=850%2C850&ssl=1&resize=350%2C200","width":350,"height":200,"srcset":"https:\/\/i0.wp.com\/tp-electric.vn\/wp-content\/uploads\/2023\/02\/1-9.png?fit=850%2C850&ssl=1&resize=350%2C200 1x, https:\/\/i0.wp.com\/tp-electric.vn\/wp-content\/uploads\/2023\/02\/1-9.png?fit=850%2C850&ssl=1&resize=700%2C400 2x"},"classes":[]},{"id":2978,"url":"https:\/\/tp-electric.vn\/index.php\/san-pham\/kim-thu-set-pulsar-imh-6012-rp118m\/","url_meta":{"origin":2986,"position":4},"title":"Kim thu s\u00e9t Pulsar IMH 6012 Rp=107m","author":"","date":"14\/02\/2023","format":false,"excerpt":"Kim thu s\u00e9t Pulsar 60 \u2013 IMH6012 l\u00e0 s\u1ea3n ph\u1ea9m c\u1ee7a h\u00e3ng Helita c\u00f3 xu\u1ea5t x\u1ee9 t\u1eeb Ph\u00e1p. Kim thu s\u00e9t Helita \u0111\u01b0\u1ee3c \u0111\u00e1nh gi\u00e1 c\u00f3 ch\u1ea5t l\u01b0\u1ee3ng t\u1ed1t nh\u1ea5t th\u1ebf gi\u1edbi, c\u00f3 ch\u1ee9ng ch\u1ec9 CO, CQ k\u00e8m theo B\u00e1n k\u00ednh b\u1ea3o v\u1ec7 4 c\u1ea5p: 79m- 86m- 97m- 107m (t\u01b0\u01a1ng\u2026","rel":"","context":"Similar post","block_context":{"text":"Similar post","link":""},"img":{"alt_text":"","src":"https:\/\/i0.wp.com\/tp-electric.vn\/wp-content\/uploads\/2023\/02\/1-8.png?fit=850%2C850&ssl=1&resize=350%2C200","width":350,"height":200,"srcset":"https:\/\/i0.wp.com\/tp-electric.vn\/wp-content\/uploads\/2023\/02\/1-8.png?fit=850%2C850&ssl=1&resize=350%2C200 1x, https:\/\/i0.wp.com\/tp-electric.vn\/wp-content\/uploads\/2023\/02\/1-8.png?fit=850%2C850&ssl=1&resize=700%2C400 2x"},"classes":[]},{"id":2987,"url":"https:\/\/tp-electric.vn\/index.php\/san-pham\/kim-thu-set-stormaster-ese-e60-ss-rp107m\/","url_meta":{"origin":2986,"position":5},"title":"KIM THU S\u00c9T STORMASTER ESE-E60-SS Rp=107m","author":"","date":"14\/02\/2023","format":false,"excerpt":"Th\u00f4ng Tin S\u1ea3n Ph\u1ea9m: \u2013 Kim thu s\u00e9t Stormaster ESE-60-SS, k\u00e8m kh\u1edbp n\u1ed1i c\u00e1ch \u0111i\u1ec7n c\u1ee7a LPI \u2013 Lo\u1ea1i: Stormaster ESE 60 SS \u2013 M\u00e0u s\u1eafc: Inox. \u2013 H\u00e3ng s\u1ea3n xu\u1ea5t: LPI \u2013 Xu\u1ea5t x\u1ee9: \u00dac. \u2013 Th\u1eddi gian b\u1ea3o h\u00e0nh: B\u1ea3o h\u00e0nh 12 th\u00e1ng.","rel":"","context":"Similar post","block_context":{"text":"Similar post","link":""},"img":{"alt_text":"","src":"https:\/\/i0.wp.com\/tp-electric.vn\/wp-content\/uploads\/2023\/02\/1-9.png?fit=850%2C850&ssl=1&resize=350%2C200","width":350,"height":200,"srcset":"https:\/\/i0.wp.com\/tp-electric.vn\/wp-content\/uploads\/2023\/02\/1-9.png?fit=850%2C850&ssl=1&resize=350%2C200 1x, https:\/\/i0.wp.com\/tp-electric.vn\/wp-content\/uploads\/2023\/02\/1-9.png?fit=850%2C850&ssl=1&resize=700%2C400 2x"},"classes":[]}],"_links":{"self":[{"href":"https:\/\/tp-electric.vn\/index.php\/wp-json\/wp\/v2\/product\/2986"}],"collection":[{"href":"https:\/\/tp-electric.vn\/index.php\/wp-json\/wp\/v2\/product"}],"about":[{"href":"https:\/\/tp-electric.vn\/index.php\/wp-json\/wp\/v2\/types\/product"}],"replies":[{"embeddable":true,"href":"https:\/\/tp-electric.vn\/index.php\/wp-json\/wp\/v2\/comments?post=2986"}],"wp:featuredmedia":[{"embeddable":true,"href":"https:\/\/tp-electric.vn\/index.php\/wp-json\/wp\/v2\/media\/2984"}],"wp:attachment":[{"href":"https:\/\/tp-electric.vn\/index.php\/wp-json\/wp\/v2\/media?parent=2986"}],"wp:term":[{"taxonomy":"product_cat","embeddable":true,"href":"https:\/\/tp-electric.vn\/index.php\/wp-json\/wp\/v2\/product_cat?post=2986"},{"taxonomy":"product_tag","embeddable":true,"href":"https:\/\/tp-electric.vn\/index.php\/wp-json\/wp\/v2\/product_tag?post=2986"}],"curies":[{"name":"wp","href":"https:\/\/api.w.org\/{rel}","templated":true}]}}