{"id":2985,"date":"2023-02-14T08:59:51","date_gmt":"2023-02-14T01:59:51","guid":{"rendered":"https:\/\/tp-electric.vn\/?post_type=product&#038;p=2985"},"modified":"2024-12-12T15:10:16","modified_gmt":"2024-12-12T08:10:16","slug":"kim-thu-set-abb-rp-89m","status":"publish","type":"product","link":"https:\/\/tp-electric.vn\/index.php\/san-pham\/kim-thu-set-abb-rp-89m\/","title":{"rendered":"Kim thu s\u00e9t ABB OPR 45 \u2013 Rp = 89m"},"content":{"rendered":"<h2>Kim thu s\u00e9t OPR 45 ABB<\/h2>\n<p>OPR 45 ABB l\u00e0 d\u00f2ng kim thu s\u00e9t tia ti\u00ean \u0111\u1ea1o c\u1ee7a T\u1eadp \u0111o\u00e0n c\u00f4ng nghi\u1ec7p ABB.\u00a0 ABB l\u00e0 1 c\u00f4ng ty \u0111a qu\u1ed1c gia tr\u1ee5 s\u1edf t\u1ea1i Zurich, Th\u1ee5y S\u0129, ho\u1ea1t \u0111\u1ed9ng trong robot h\u1ecdc, power v\u00e0 automation. N\u00f3 \u0111\u1ee9ng th\u1ee9 143 Forbes Ranking. ABB l\u00e0 m\u1ed9t trong c\u00f4ng ty l\u1edbn nh\u1ea5t th\u1ebf gi\u1edbi. ABB ho\u1ea1t \u0111\u1ed9ng kho\u1ea3ng 100 qu\u1ed1c gia, v\u1edbi kho\u1ea3ng 145.000 nh\u00e2n vi\u00ean v\u00e0o th\u00e1ng 6 n\u0103m 2012, v\u00e0 doanh thu 40 t\u1ef7 USD v\u00e0o n\u0103m 2011. Ri\u00eang m\u1ea3ng kim thu s\u00e9t \u0111\u01b0\u1ee3c s\u1ea3n xu\u1ea5t t\u1ea1i Ph\u00e1p v\u00e0 \u0111\u00e3 c\u00f3 \u0111\u1ea7y \u0111\u1ee7 gi\u1ea5y ch\u1ee9ng nh\u1eadn \u0111\u1ea1t ti\u00eau chu\u1ea9n NFC 102 c\u1ee7a ph\u00e1p<\/p>\n<h3><span id=\"Thong_Tin_San_Pham\" class=\"ez-toc-section\"><\/span>Th\u00f4ng Tin S\u1ea3n Ph\u1ea9m:<\/h3>\n<p>\u2013 Kim thu s\u00e9t OPR 45<br \/>\n\u2013 Lo\u1ea1i: OPR 45 ABB<br \/>\n\u2013 M\u00e3 s\u1ea3n ph\u1ea9m: 2CTB899800R7500<br \/>\n\u2013 EAN\u00a0 :\u00a0 3660308524706<br \/>\n\u2013 Long Description: B751470<br \/>\n\u2013 M\u00e0u s\u1eafc: M\u00e0u b\u1ea1c.<br \/>\n\u2013 H\u00e3ng s\u1ea3n xu\u1ea5t: ABB.<br \/>\n\u2013 Xu\u1ea5t x\u1ee9: France \u2013 Ph\u00e1p<br \/>\n\u2013 Th\u1eddi gian b\u1ea3o h\u00e0nh: B\u1ea3o h\u00e0nh 12 th\u00e1ng.<\/p>\n<figure id=\"attachment_3599\" class=\"wp-caption aligncenter\" style=\"width: 465px;\" aria-describedby=\"caption-attachment-3599\"><figcaption id=\"caption-attachment-3599\" class=\"wp-caption-text\">B\u00e1n k\u00ednh b\u1ea3o v\u1ec7 c\u1ee7a kim thu s\u00e9t ABB: Rp=89m<br \/>\n<img decoding=\"async\" loading=\"lazy\" class=\"alignnone  wp-image-3240\" src=\"https:\/\/i0.wp.com\/tp-electric.vn\/wp-content\/uploads\/2023\/02\/OPR-45-1.png?resize=465%2C465&#038;ssl=1\" alt=\"\" width=\"465\" height=\"465\" data-recalc-dims=\"1\" \/><\/figcaption><\/figure>\n<h3><span id=\"Dac_Tinh_ky_Thuat\" class=\"ez-toc-section\"><\/span>\u0110\u1eb7c T\u00ednh k\u1ef9 Thu\u1eadt:<\/h3>\n<p>\u2013 S\u1eed d\u1ee5ng l\u1eafp \u0111\u1eb7t h\u1ec7 th\u1ed1ng ch\u1ed1ng s\u00e9t tr\u1ef1c ti\u1ebfp.<br \/>\n\u2013 B\u00e1n k\u00ednh b\u1ea3o v\u1ec7: Rp = 89 M\u00e9t theo Ti\u00eau chu\u1ea9n NFC 17-102.<br \/>\n\u2013 C\u00f4ng ngh\u1ec7: Kim thu s\u00e9t ch\u1ee7 \u0111\u1ed9ng \u2013 ph\u00e1t tia ti\u00ean \u0111\u1ea1o s\u1edbm (ESE).<br \/>\n\u2013 Chi\u1ec1u cao c\u1ed9t l\u1eafp \u0111\u1eb7t: 5 m\u00e9t.<br \/>\n\u2013 V\u1eadt li\u1ec7u: Th\u00e9p kh\u00f4ng g\u1ec9.<br \/>\n\u2013 Tu\u1ed5i th\u1ecd: Tr\u00ean 30 n\u0103m.<br \/>\n\u2013 Kich th\u01b0\u1edbc bao b\u00ec: (DxRxC = 340x82x82mm).<br \/>\n\u2013 Tr\u1ecdng l\u01b0\u1ee3ng: 2581g.<br \/>\n\u2013 Nhi\u1ec7t \u0111\u1ed9 l\u00e0m vi\u1ec7c t\u1ed1i \u0111a: 120 \u0111\u1ed9 C<br \/>\n\u2013 \u0110\u01b0\u1eddng k\u00ednh kh\u1edbp n\u1ed1i cho tr\u1ee5 \u0111\u1ee1 kim thu s\u00e9t: 34mm<\/p>\n<p><img decoding=\"async\" loading=\"lazy\" class=\"wp-image-3242 aligncenter\" src=\"https:\/\/i0.wp.com\/tp-electric.vn\/wp-content\/uploads\/2023\/02\/OPR.png?resize=490%2C582&#038;ssl=1\" alt=\"\" width=\"490\" height=\"582\" data-recalc-dims=\"1\" \/><\/p>\n","protected":false},"excerpt":{"rendered":"<p><strong>Kim thu s\u00e9t\u00a0<em>OPR 45<\/em><\/strong><\/p>\n<p>B\u00e1n k\u00ednh b\u1ea3o v\u1ec7 t\u01b0\u01a1ng \u1ee9ng h=5m (c\u1ea5p 3): 89m<br \/>\nLo\u1ea1i: IMH4500<\/p>\n<p>Tr\u1ecdng l\u01b0\u1ee3ng: 2400gram<br \/>\nK\u00edch th\u01b0\u1edbc: th\u00e2n \u0111\u1ebfn \u0111\u1ea7u kim thu 215mm, \u0111\u01b0\u1eddng k\u00ednh 78mm<br \/>\nNhi\u1ec7t \u0111\u1ed9 l\u00e0m vi\u1ec7c t\u1ed1i \u0111a: 120 \u0111\u1ed9 C<br \/>\n\u0110\u01b0\u1eddng k\u00ednh kh\u1edbp n\u1ed1i cho tr\u1ee5 \u0111\u1ee1 kim thu s\u00e9t: 34mm<\/p>\n<p>Xu\u1ea5t x\u1ee9 : ABB \u2013 Ph\u00e1p<\/p>\n<p>-T\u1ea3i catalogue kim thu s\u00e9t ABB OPR-Ph\u00e1p:<span style=\"color: #00aae7;\"> <a style=\"color: #00aae7;\" href=\"http:\/\/bizweb.dktcdn.net\/100\/027\/709\/files\/catalogue-kim-thu-set-opr-phap.pdf?v=1643007762190\">T\u1ea1i \u0111\u00e2y<\/a><\/span><\/p>\n","protected":false},"featured_media":2984,"comment_status":"open","ping_status":"closed","template":"","meta":[],"product_cat":[215],"product_tag":[],"jetpack-related-posts":[{"id":2986,"url":"https:\/\/tp-electric.vn\/index.php\/san-pham\/kim-thu-set-abb-rp-71m\/","url_meta":{"origin":2985,"position":0},"title":"Kim thu s\u00e9t ABB OPR 30 \u2013 Rp = 71m","author":"","date":"14\/02\/2023","format":false,"excerpt":"\u2013 S\u1eed d\u1ee5ng l\u1eafp \u0111\u1eb7t h\u1ec7 th\u1ed1ng ch\u1ed1ng s\u00e9t tr\u1ef1c ti\u1ebfp. \u2013 B\u00e1n k\u00ednh b\u1ea3o v\u1ec7: Rp = 71 M\u00e9t theo Ti\u00eau chu\u1ea9n NFC 17-102. \u2013 C\u00f4ng ngh\u1ec7: Kim thu s\u00e9t ch\u1ee7 \u0111\u1ed9ng \u2013 ph\u00e1t tia ti\u00ean \u0111\u1ea1o s\u1edbm (ESE). \u2013 Chi\u1ec1u cao c\u1ed9t l\u1eafp \u0111\u1eb7t: 5 m\u00e9t. \u2013 V\u1eadt\u2026","rel":"","context":"Similar post","block_context":{"text":"Similar post","link":""},"img":{"alt_text":"","src":"https:\/\/i0.wp.com\/tp-electric.vn\/wp-content\/uploads\/2023\/02\/abb.png?fit=850%2C850&ssl=1&resize=350%2C200","width":350,"height":200,"srcset":"https:\/\/i0.wp.com\/tp-electric.vn\/wp-content\/uploads\/2023\/02\/abb.png?fit=850%2C850&ssl=1&resize=350%2C200 1x, https:\/\/i0.wp.com\/tp-electric.vn\/wp-content\/uploads\/2023\/02\/abb.png?fit=850%2C850&ssl=1&resize=700%2C400 2x"},"classes":[]},{"id":2983,"url":"https:\/\/tp-electric.vn\/index.php\/san-pham\/kim-thu-set-abb-rp-107m\/","url_meta":{"origin":2985,"position":1},"title":"Kim thu s\u00e9t ABB OPR 60 \u2013 Rp = 107m","author":"","date":"14\/02\/2023","format":false,"excerpt":"\u00a0Kim thu s\u00e9t OPR 60 \u2013 Lo\u1ea1i: OPR 60 ABB \u2013 EAN\u00a0 : 3660308513502 \u2013 Long Description: B751350 \u2013 M\u00e0u s\u1eafc: M\u00e0u b\u1ea1c. \u2013 H\u00e3ng s\u1ea3n xu\u1ea5t: ABB. \u2013 Xu\u1ea5t x\u1ee9: France \u2013 Ph\u00e1p \u2013 Th\u1eddi gian b\u1ea3o h\u00e0nh: B\u1ea3o h\u00e0nh 12 th\u00e1ng. -T\u1ea3i catalogue kim thu s\u00e9t ABB OPR-Ph\u00e1p:\u00a0T\u1ea1i\u2026","rel":"","context":"Similar post","block_context":{"text":"Similar post","link":""},"img":{"alt_text":"","src":"https:\/\/i0.wp.com\/tp-electric.vn\/wp-content\/uploads\/2023\/02\/abb.png?fit=850%2C850&ssl=1&resize=350%2C200","width":350,"height":200,"srcset":"https:\/\/i0.wp.com\/tp-electric.vn\/wp-content\/uploads\/2023\/02\/abb.png?fit=850%2C850&ssl=1&resize=350%2C200 1x, https:\/\/i0.wp.com\/tp-electric.vn\/wp-content\/uploads\/2023\/02\/abb.png?fit=850%2C850&ssl=1&resize=700%2C400 2x"},"classes":[]},{"id":2980,"url":"https:\/\/tp-electric.vn\/index.php\/san-pham\/kim-thu-set-pulsar-imh-4512-rp95m\/","url_meta":{"origin":2985,"position":2},"title":"Kim thu s\u00e9t Pulsar IMH 4512 Rp=89m","author":"","date":"14\/02\/2023","format":false,"excerpt":"Kim thu s\u00e9t\u00a0PULSAR\u00a0c\u1ee7a Ph\u00e1p\u00a0IMH 4512 B\u00e1n k\u00ednh b\u1ea3o v\u1ec7 c\u1ea5p 3: 95m S\u1ea3n xu\u1ea5t b\u1edfi h\u00e3ng\u00a0PULSAR\/ PH\u00c1P Cung c\u1ea5p CO\/CQ v\u00e0 t\u00e0i li\u1ec7u k\u1ef9 thu\u1eadt. T\u01b0 v\u1ea5n l\u1eafp \u0111\u1eb7t mi\u1ec5n ph\u00ed. C\u00f3 d\u1ecbch v\u1ee5 thi c\u00f4ng l\u1eafp \u0111\u1eb7t v\u00e0 ti\u1ebfp \u0111\u1ecba. T\u1ea3i Catalogue Kim thu s\u00e9t Pulsar \u2013 Ph\u00e1p:\u00a0T\u1ea1i \u0111\u00e2y","rel":"","context":"Similar post","block_context":{"text":"Similar post","link":""},"img":{"alt_text":"","src":"https:\/\/i0.wp.com\/tp-electric.vn\/wp-content\/uploads\/2023\/02\/1-8.png?fit=850%2C850&ssl=1&resize=350%2C200","width":350,"height":200,"srcset":"https:\/\/i0.wp.com\/tp-electric.vn\/wp-content\/uploads\/2023\/02\/1-8.png?fit=850%2C850&ssl=1&resize=350%2C200 1x, https:\/\/i0.wp.com\/tp-electric.vn\/wp-content\/uploads\/2023\/02\/1-8.png?fit=850%2C850&ssl=1&resize=700%2C400 2x"},"classes":[]},{"id":2978,"url":"https:\/\/tp-electric.vn\/index.php\/san-pham\/kim-thu-set-pulsar-imh-6012-rp118m\/","url_meta":{"origin":2985,"position":3},"title":"Kim thu s\u00e9t Pulsar IMH 6012 Rp=107m","author":"","date":"14\/02\/2023","format":false,"excerpt":"Kim thu s\u00e9t Pulsar 60 \u2013 IMH6012 l\u00e0 s\u1ea3n ph\u1ea9m c\u1ee7a h\u00e3ng Helita c\u00f3 xu\u1ea5t x\u1ee9 t\u1eeb Ph\u00e1p. Kim thu s\u00e9t Helita \u0111\u01b0\u1ee3c \u0111\u00e1nh gi\u00e1 c\u00f3 ch\u1ea5t l\u01b0\u1ee3ng t\u1ed1t nh\u1ea5t th\u1ebf gi\u1edbi, c\u00f3 ch\u1ee9ng ch\u1ec9 CO, CQ k\u00e8m theo B\u00e1n k\u00ednh b\u1ea3o v\u1ec7 4 c\u1ea5p: 79m- 86m- 97m- 107m (t\u01b0\u01a1ng\u2026","rel":"","context":"Similar post","block_context":{"text":"Similar post","link":""},"img":{"alt_text":"","src":"https:\/\/i0.wp.com\/tp-electric.vn\/wp-content\/uploads\/2023\/02\/1-8.png?fit=850%2C850&ssl=1&resize=350%2C200","width":350,"height":200,"srcset":"https:\/\/i0.wp.com\/tp-electric.vn\/wp-content\/uploads\/2023\/02\/1-8.png?fit=850%2C850&ssl=1&resize=350%2C200 1x, https:\/\/i0.wp.com\/tp-electric.vn\/wp-content\/uploads\/2023\/02\/1-8.png?fit=850%2C850&ssl=1&resize=700%2C400 2x"},"classes":[]},{"id":3285,"url":"https:\/\/tp-electric.vn\/index.php\/san-pham\/aptomat-mccb-tmax-abb\/","url_meta":{"origin":2985,"position":4},"title":"APTOMAT MCCB TMAX ABB","author":"","date":"25\/02\/2023","format":false,"excerpt":"\u00a0\u01afU \u0110I\u1ec2M: S\u1ea3n xu\u1ea5t t\u1ea1i \u00dd, b\u1ea3o v\u1ec7 qu\u00e1 t\u1ea3i, ng\u1eafn m\u1ea1ch Kh\u1ea3 n\u0103ng c\u1eaft d\u00f2ng ng\u1eafn m\u1ea1ch l\u00ean \u0111\u1ebfn 150kA Ng\u1eaft m\u1ea1ch b\u1ea3o v\u1ec7 c\u00e1c thi\u1ebft b\u1ecb c\u00f3 d\u00f2ng \u0111\u1ecbnh m\u1ee9c \u0111\u1ebfn 1600A Ch\u1ec9nh d\u00f2ng qu\u00e1 t\u1ea3i v\u1edbi trip t\u1eeb nhi\u1ec7t v\u00e0 \u0111i\u1ec7n t\u1eed S\u1eed d\u1ee5ng \u1edf m\u00f4i tr\u01b0\u1eddng\u2026","rel":"","context":"Similar post","block_context":{"text":"Similar post","link":""},"img":{"alt_text":"Tmax XT Molded Case Circuit Breakers (MCCB)","src":"https:\/\/i0.wp.com\/electrification.us.abb.com\/sites\/default\/files\/sace-tmax-xt-series-of-molded-case-circuit-breakers.jpg?resize=350%2C200&ssl=1","width":350,"height":200,"srcset":"https:\/\/i0.wp.com\/electrification.us.abb.com\/sites\/default\/files\/sace-tmax-xt-series-of-molded-case-circuit-breakers.jpg?resize=350%2C200&ssl=1 1x, https:\/\/i0.wp.com\/electrification.us.abb.com\/sites\/default\/files\/sace-tmax-xt-series-of-molded-case-circuit-breakers.jpg?resize=700%2C400&ssl=1 2x"},"classes":[]},{"id":2981,"url":"https:\/\/tp-electric.vn\/index.php\/san-pham\/kim-thu-set-pulsar-imh-3012-rp71m\/","url_meta":{"origin":2985,"position":5},"title":"Kim thu s\u00e9t Pulsar IMH 3012 Rp=71m","author":"","date":"14\/02\/2023","format":false,"excerpt":"Kim thu s\u00e9t\u00a0PULSAR\u00a0c\u1ee7a Ph\u00e1p\u00a0IMH 3012 B\u00e1n k\u00ednh b\u1ea3o v\u1ec7 c\u1ea5p 3: 71m S\u1ea3n xu\u1ea5t b\u1edfi h\u00e3ng\u00a0PULSAR\/ PH\u00c1P Cung c\u1ea5p CO\/CQ v\u00e0 t\u00e0i li\u1ec7u k\u1ef9 thu\u1eadt. T\u01b0 v\u1ea5n l\u1eafp \u0111\u1eb7t mi\u1ec5n ph\u00ed. C\u00f3 d\u1ecbch v\u1ee5 thi c\u00f4ng l\u1eafp \u0111\u1eb7t v\u00e0 ti\u1ebfp \u0111\u1ecba. T\u1ea3i Catalogue Kim thu s\u00e9t Pulsar \u2013 Ph\u00e1p: T\u1ea1i\u2026","rel":"","context":"Similar post","block_context":{"text":"Similar post","link":""},"img":{"alt_text":"","src":"https:\/\/i0.wp.com\/tp-electric.vn\/wp-content\/uploads\/2023\/02\/1-8.png?fit=850%2C850&ssl=1&resize=350%2C200","width":350,"height":200,"srcset":"https:\/\/i0.wp.com\/tp-electric.vn\/wp-content\/uploads\/2023\/02\/1-8.png?fit=850%2C850&ssl=1&resize=350%2C200 1x, https:\/\/i0.wp.com\/tp-electric.vn\/wp-content\/uploads\/2023\/02\/1-8.png?fit=850%2C850&ssl=1&resize=700%2C400 2x"},"classes":[]}],"_links":{"self":[{"href":"https:\/\/tp-electric.vn\/index.php\/wp-json\/wp\/v2\/product\/2985"}],"collection":[{"href":"https:\/\/tp-electric.vn\/index.php\/wp-json\/wp\/v2\/product"}],"about":[{"href":"https:\/\/tp-electric.vn\/index.php\/wp-json\/wp\/v2\/types\/product"}],"replies":[{"embeddable":true,"href":"https:\/\/tp-electric.vn\/index.php\/wp-json\/wp\/v2\/comments?post=2985"}],"wp:featuredmedia":[{"embeddable":true,"href":"https:\/\/tp-electric.vn\/index.php\/wp-json\/wp\/v2\/media\/2984"}],"wp:attachment":[{"href":"https:\/\/tp-electric.vn\/index.php\/wp-json\/wp\/v2\/media?parent=2985"}],"wp:term":[{"taxonomy":"product_cat","embeddable":true,"href":"https:\/\/tp-electric.vn\/index.php\/wp-json\/wp\/v2\/product_cat?post=2985"},{"taxonomy":"product_tag","embeddable":true,"href":"https:\/\/tp-electric.vn\/index.php\/wp-json\/wp\/v2\/product_tag?post=2985"}],"curies":[{"name":"wp","href":"https:\/\/api.w.org\/{rel}","templated":true}]}}