{"id":2982,"date":"2023-02-14T08:48:48","date_gmt":"2023-02-14T01:48:48","guid":{"rendered":"https:\/\/tp-electric.vn\/?post_type=product&#038;p=2982"},"modified":"2024-12-12T15:10:16","modified_gmt":"2024-12-12T08:10:16","slug":"kim-thu-set-pulsar-imh-1812-rp55m","status":"publish","type":"product","link":"https:\/\/tp-electric.vn\/index.php\/san-pham\/kim-thu-set-pulsar-imh-1812-rp55m\/","title":{"rendered":"Kim thu s\u00e9t Pulsar IMH 1812 Rp=55m"},"content":{"rendered":"<p><strong>Kim thu s\u00e9t PULSAR<\/strong>\u00a0l\u00e0 d\u00f2ng kim thu s\u00e9t ph\u00e1t tia ti\u00ean \u0111\u1ea1o s\u1edbm (hay g\u1ecdi l\u00e0 kim ph\u00e1t x\u1ea1 s\u1edbm \u2013 ESE) s\u1ea3n xu\u1ea5t t\u1ea1i Ph\u00e1p ph\u00f9 h\u1ee3p ti\u00eau chu\u1ea9n NFC 17-102:2011 v\u00e0 ti\u00eau chu\u1ea9n IEC 62305-03.<\/p>\n<p>\u2013Thi\u1ebft b\u1ecb ch\u1ed1ng s\u00e9t tr\u1ef1c ti\u1ebfp<br \/>\n\u2013 Kim thu s\u00e9t ph\u00e1t tia ti\u00ean \u0111\u1ea1o s\u1edbm (E.S.E)<br \/>\n\u2013 B\u00e1n k\u00ednh b\u1ea3o v\u1ec7 (t\u1ea1i H=5m): C\u1ea5p I: 35m, C\u1ea5p II:41m, C\u1ea5p III:49m, C\u1ea5p IV: 55m<br \/>\n\u2013 Th\u1eddi gian ph\u00e1t tia ti\u00ean \u0111\u1ea1o: 60 Micro\/s<br \/>\n\u2013 Hi\u1ec7u: Pulsar, Model:\u00a0<strong>Pulsar 18<\/strong>\u00a0c\u1ee7a H\u00e3ng\u00a0<strong>HELITA<\/strong>, Xu\u1ea5t x\u1ee9:\u00a0<strong>PH\u00c1P<\/strong><\/p>\n<p><img decoding=\"async\" loading=\"lazy\" class=\"size-full wp-image-3249 aligncenter\" src=\"https:\/\/i0.wp.com\/tp-electric.vn\/wp-content\/uploads\/2023\/02\/Pulsarr.png?resize=748%2C250&#038;ssl=1\" alt=\"\" width=\"748\" height=\"250\" data-recalc-dims=\"1\" \/><\/p>\n<p>Pulsar l\u00e0 thi\u1ebft b\u1ecb thu s\u00e9t th\u1ebf h\u1ec7 m\u1edbi\u00a0\u0111\u01b0\u1ee3c nh\u1eadp kh\u1ea9u ch\u00ednh h\u00e3ng t\u1eeb Ph\u00e1p. C\u00f3 ch\u1ee9ng ch\u1ec9 ch\u1ea5t l\u01b0\u1ee3ng, xu\u1ea5t x\u1ee9 k\u00e8m theo. Kim Pulsar l\u00e0 thi\u1ebft b\u1ecb thu s\u00e9t \u0111\u1ea1t ti\u00eau chu\u1ea9n ch\u1ea5t l\u01b0\u1ee3ng hi\u1ec7u qu\u1ea3 nh\u1ea5t tr\u00ean th\u1ebf gi\u1edbi.<\/p>\n<p>Kim ch\u1ed1ng s\u00e9t Pulsar Ph\u00e1p 18 ph\u00f3ng xung tia ti\u00ean \u0111\u1ea1o s\u1edbm , c\u00f3 th\u1ec3 t\u0103ng c\u01b0\u1eddng \u0111\u1ed9 b\u1ea3o v\u1ec7 c\u00f4ng tr\u00ecnh ch\u1ed1ng s\u00e9t hi\u1ec7u qu\u1ea3, \u0111\u1eb7c bi\u1ec7t th\u00edch \u1ee9ng v\u1edbi t\u00e0u bi\u1ec3n v\u00e0 tr\u1ee5 th\u00e1p anten, l\u1eafp \u0111\u1eb7t \u0111\u01a1n gi\u1ea3n v\u00e0 an to\u00e0n , nhanh ch\u00f3ng.<\/p>\n<p><img decoding=\"async\" loading=\"lazy\" class=\"aligncenter\" src=\"https:\/\/i0.wp.com\/chongsetbinhan.com\/wp-content\/uploads\/2018\/11\/%E1%BA%A3nh-kim-pulser.jpg?resize=506%2C716\" alt=\"\u1ea3nh kim pulser\" width=\"506\" height=\"716\" data-recalc-dims=\"1\" \/><\/p>\n","protected":false},"excerpt":{"rendered":"<p><strong>Kim thu s\u00e9t\u00a0PULSAR\u00a0c\u1ee7a Ph\u00e1p\u00a0IMH 1812<\/strong><br \/>\nB\u00e1n k\u00ednh b\u1ea3o v\u1ec7 c\u1ea5p 3: 55m<br \/>\nS\u1ea3n xu\u1ea5t b\u1edfi h\u00e3ng\u00a0PULSAR\/ PH\u00c1P<br \/>\nCung c\u1ea5p CO\/CQ v\u00e0 t\u00e0i li\u1ec7u k\u1ef9 thu\u1eadt.<br \/>\nT\u01b0 v\u1ea5n l\u1eafp \u0111\u1eb7t mi\u1ec5n ph\u00ed.<br \/>\nC\u00f3 d\u1ecbch v\u1ee5 thi c\u00f4ng l\u1eafp \u0111\u1eb7t v\u00e0 ti\u1ebfp \u0111\u1ecba.<\/p>\n<ul>\n<li>T\u1ea3i Catalogue Kim thu s\u00e9t Pulsar &#8211; Ph\u00e1p:<span style=\"color: #00aae7;\"> <a style=\"color: #00aae7;\" href=\"http:\/\/bizweb.dktcdn.net\/100\/027\/709\/files\/catalo-kim-thu-set-pulsar.pdf?v=1636605445583\">T\u1ea1i \u0111\u00e2y<\/a><\/span><\/li>\n<\/ul>\n","protected":false},"featured_media":2979,"comment_status":"open","ping_status":"closed","template":"","meta":[],"product_cat":[216,157],"product_tag":[],"jetpack-related-posts":[{"id":2981,"url":"https:\/\/tp-electric.vn\/index.php\/san-pham\/kim-thu-set-pulsar-imh-3012-rp71m\/","url_meta":{"origin":2982,"position":0},"title":"Kim thu s\u00e9t Pulsar IMH 3012 Rp=71m","author":"","date":"14\/02\/2023","format":false,"excerpt":"Kim thu s\u00e9t\u00a0PULSAR\u00a0c\u1ee7a Ph\u00e1p\u00a0IMH 3012 B\u00e1n k\u00ednh b\u1ea3o v\u1ec7 c\u1ea5p 3: 71m S\u1ea3n xu\u1ea5t b\u1edfi h\u00e3ng\u00a0PULSAR\/ PH\u00c1P Cung c\u1ea5p CO\/CQ v\u00e0 t\u00e0i li\u1ec7u k\u1ef9 thu\u1eadt. T\u01b0 v\u1ea5n l\u1eafp \u0111\u1eb7t mi\u1ec5n ph\u00ed. C\u00f3 d\u1ecbch v\u1ee5 thi c\u00f4ng l\u1eafp \u0111\u1eb7t v\u00e0 ti\u1ebfp \u0111\u1ecba. T\u1ea3i Catalogue Kim thu s\u00e9t Pulsar \u2013 Ph\u00e1p: T\u1ea1i\u2026","rel":"","context":"Similar post","block_context":{"text":"Similar post","link":""},"img":{"alt_text":"","src":"https:\/\/i0.wp.com\/tp-electric.vn\/wp-content\/uploads\/2023\/02\/1-8.png?fit=850%2C850&ssl=1&resize=350%2C200","width":350,"height":200,"srcset":"https:\/\/i0.wp.com\/tp-electric.vn\/wp-content\/uploads\/2023\/02\/1-8.png?fit=850%2C850&ssl=1&resize=350%2C200 1x, https:\/\/i0.wp.com\/tp-electric.vn\/wp-content\/uploads\/2023\/02\/1-8.png?fit=850%2C850&ssl=1&resize=700%2C400 2x"},"classes":[]},{"id":2980,"url":"https:\/\/tp-electric.vn\/index.php\/san-pham\/kim-thu-set-pulsar-imh-4512-rp95m\/","url_meta":{"origin":2982,"position":1},"title":"Kim thu s\u00e9t Pulsar IMH 4512 Rp=89m","author":"","date":"14\/02\/2023","format":false,"excerpt":"Kim thu s\u00e9t\u00a0PULSAR\u00a0c\u1ee7a Ph\u00e1p\u00a0IMH 4512 B\u00e1n k\u00ednh b\u1ea3o v\u1ec7 c\u1ea5p 3: 95m S\u1ea3n xu\u1ea5t b\u1edfi h\u00e3ng\u00a0PULSAR\/ PH\u00c1P Cung c\u1ea5p CO\/CQ v\u00e0 t\u00e0i li\u1ec7u k\u1ef9 thu\u1eadt. T\u01b0 v\u1ea5n l\u1eafp \u0111\u1eb7t mi\u1ec5n ph\u00ed. C\u00f3 d\u1ecbch v\u1ee5 thi c\u00f4ng l\u1eafp \u0111\u1eb7t v\u00e0 ti\u1ebfp \u0111\u1ecba. T\u1ea3i Catalogue Kim thu s\u00e9t Pulsar \u2013 Ph\u00e1p:\u00a0T\u1ea1i \u0111\u00e2y","rel":"","context":"Similar post","block_context":{"text":"Similar post","link":""},"img":{"alt_text":"","src":"https:\/\/i0.wp.com\/tp-electric.vn\/wp-content\/uploads\/2023\/02\/1-8.png?fit=850%2C850&ssl=1&resize=350%2C200","width":350,"height":200,"srcset":"https:\/\/i0.wp.com\/tp-electric.vn\/wp-content\/uploads\/2023\/02\/1-8.png?fit=850%2C850&ssl=1&resize=350%2C200 1x, https:\/\/i0.wp.com\/tp-electric.vn\/wp-content\/uploads\/2023\/02\/1-8.png?fit=850%2C850&ssl=1&resize=700%2C400 2x"},"classes":[]},{"id":2978,"url":"https:\/\/tp-electric.vn\/index.php\/san-pham\/kim-thu-set-pulsar-imh-6012-rp118m\/","url_meta":{"origin":2982,"position":2},"title":"Kim thu s\u00e9t Pulsar IMH 6012 Rp=107m","author":"","date":"14\/02\/2023","format":false,"excerpt":"Kim thu s\u00e9t Pulsar 60 \u2013 IMH6012 l\u00e0 s\u1ea3n ph\u1ea9m c\u1ee7a h\u00e3ng Helita c\u00f3 xu\u1ea5t x\u1ee9 t\u1eeb Ph\u00e1p. Kim thu s\u00e9t Helita \u0111\u01b0\u1ee3c \u0111\u00e1nh gi\u00e1 c\u00f3 ch\u1ea5t l\u01b0\u1ee3ng t\u1ed1t nh\u1ea5t th\u1ebf gi\u1edbi, c\u00f3 ch\u1ee9ng ch\u1ec9 CO, CQ k\u00e8m theo B\u00e1n k\u00ednh b\u1ea3o v\u1ec7 4 c\u1ea5p: 79m- 86m- 97m- 107m (t\u01b0\u01a1ng\u2026","rel":"","context":"Similar post","block_context":{"text":"Similar post","link":""},"img":{"alt_text":"","src":"https:\/\/i0.wp.com\/tp-electric.vn\/wp-content\/uploads\/2023\/02\/1-8.png?fit=850%2C850&ssl=1&resize=350%2C200","width":350,"height":200,"srcset":"https:\/\/i0.wp.com\/tp-electric.vn\/wp-content\/uploads\/2023\/02\/1-8.png?fit=850%2C850&ssl=1&resize=350%2C200 1x, https:\/\/i0.wp.com\/tp-electric.vn\/wp-content\/uploads\/2023\/02\/1-8.png?fit=850%2C850&ssl=1&resize=700%2C400 2x"},"classes":[]},{"id":2985,"url":"https:\/\/tp-electric.vn\/index.php\/san-pham\/kim-thu-set-abb-rp-89m\/","url_meta":{"origin":2982,"position":3},"title":"Kim thu s\u00e9t ABB OPR 45 \u2013 Rp = 89m","author":"","date":"14\/02\/2023","format":false,"excerpt":"Kim thu s\u00e9t\u00a0OPR 45 B\u00e1n k\u00ednh b\u1ea3o v\u1ec7 t\u01b0\u01a1ng \u1ee9ng h=5m (c\u1ea5p 3): 89m Lo\u1ea1i: IMH4500 Tr\u1ecdng l\u01b0\u1ee3ng: 2400gram K\u00edch th\u01b0\u1edbc: th\u00e2n \u0111\u1ebfn \u0111\u1ea7u kim thu 215mm, \u0111\u01b0\u1eddng k\u00ednh 78mm Nhi\u1ec7t \u0111\u1ed9 l\u00e0m vi\u1ec7c t\u1ed1i \u0111a: 120 \u0111\u1ed9 C \u0110\u01b0\u1eddng k\u00ednh kh\u1edbp n\u1ed1i cho tr\u1ee5 \u0111\u1ee1 kim thu s\u00e9t: 34mm\u2026","rel":"","context":"Similar post","block_context":{"text":"Similar post","link":""},"img":{"alt_text":"","src":"https:\/\/i0.wp.com\/tp-electric.vn\/wp-content\/uploads\/2023\/02\/abb.png?fit=850%2C850&ssl=1&resize=350%2C200","width":350,"height":200,"srcset":"https:\/\/i0.wp.com\/tp-electric.vn\/wp-content\/uploads\/2023\/02\/abb.png?fit=850%2C850&ssl=1&resize=350%2C200 1x, https:\/\/i0.wp.com\/tp-electric.vn\/wp-content\/uploads\/2023\/02\/abb.png?fit=850%2C850&ssl=1&resize=700%2C400 2x"},"classes":[]},{"id":2986,"url":"https:\/\/tp-electric.vn\/index.php\/san-pham\/kim-thu-set-abb-rp-71m\/","url_meta":{"origin":2982,"position":4},"title":"Kim thu s\u00e9t ABB OPR 30 \u2013 Rp = 71m","author":"","date":"14\/02\/2023","format":false,"excerpt":"\u2013 S\u1eed d\u1ee5ng l\u1eafp \u0111\u1eb7t h\u1ec7 th\u1ed1ng ch\u1ed1ng s\u00e9t tr\u1ef1c ti\u1ebfp. \u2013 B\u00e1n k\u00ednh b\u1ea3o v\u1ec7: Rp = 71 M\u00e9t theo Ti\u00eau chu\u1ea9n NFC 17-102. \u2013 C\u00f4ng ngh\u1ec7: Kim thu s\u00e9t ch\u1ee7 \u0111\u1ed9ng \u2013 ph\u00e1t tia ti\u00ean \u0111\u1ea1o s\u1edbm (ESE). \u2013 Chi\u1ec1u cao c\u1ed9t l\u1eafp \u0111\u1eb7t: 5 m\u00e9t. \u2013 V\u1eadt\u2026","rel":"","context":"Similar post","block_context":{"text":"Similar post","link":""},"img":{"alt_text":"","src":"https:\/\/i0.wp.com\/tp-electric.vn\/wp-content\/uploads\/2023\/02\/abb.png?fit=850%2C850&ssl=1&resize=350%2C200","width":350,"height":200,"srcset":"https:\/\/i0.wp.com\/tp-electric.vn\/wp-content\/uploads\/2023\/02\/abb.png?fit=850%2C850&ssl=1&resize=350%2C200 1x, https:\/\/i0.wp.com\/tp-electric.vn\/wp-content\/uploads\/2023\/02\/abb.png?fit=850%2C850&ssl=1&resize=700%2C400 2x"},"classes":[]},{"id":2983,"url":"https:\/\/tp-electric.vn\/index.php\/san-pham\/kim-thu-set-abb-rp-107m\/","url_meta":{"origin":2982,"position":5},"title":"Kim thu s\u00e9t ABB OPR 60 \u2013 Rp = 107m","author":"","date":"14\/02\/2023","format":false,"excerpt":"\u00a0Kim thu s\u00e9t OPR 60 \u2013 Lo\u1ea1i: OPR 60 ABB \u2013 EAN\u00a0 : 3660308513502 \u2013 Long Description: B751350 \u2013 M\u00e0u s\u1eafc: M\u00e0u b\u1ea1c. \u2013 H\u00e3ng s\u1ea3n xu\u1ea5t: ABB. \u2013 Xu\u1ea5t x\u1ee9: France \u2013 Ph\u00e1p \u2013 Th\u1eddi gian b\u1ea3o h\u00e0nh: B\u1ea3o h\u00e0nh 12 th\u00e1ng. -T\u1ea3i catalogue kim thu s\u00e9t ABB OPR-Ph\u00e1p:\u00a0T\u1ea1i\u2026","rel":"","context":"Similar post","block_context":{"text":"Similar post","link":""},"img":{"alt_text":"","src":"https:\/\/i0.wp.com\/tp-electric.vn\/wp-content\/uploads\/2023\/02\/abb.png?fit=850%2C850&ssl=1&resize=350%2C200","width":350,"height":200,"srcset":"https:\/\/i0.wp.com\/tp-electric.vn\/wp-content\/uploads\/2023\/02\/abb.png?fit=850%2C850&ssl=1&resize=350%2C200 1x, https:\/\/i0.wp.com\/tp-electric.vn\/wp-content\/uploads\/2023\/02\/abb.png?fit=850%2C850&ssl=1&resize=700%2C400 2x"},"classes":[]}],"_links":{"self":[{"href":"https:\/\/tp-electric.vn\/index.php\/wp-json\/wp\/v2\/product\/2982"}],"collection":[{"href":"https:\/\/tp-electric.vn\/index.php\/wp-json\/wp\/v2\/product"}],"about":[{"href":"https:\/\/tp-electric.vn\/index.php\/wp-json\/wp\/v2\/types\/product"}],"replies":[{"embeddable":true,"href":"https:\/\/tp-electric.vn\/index.php\/wp-json\/wp\/v2\/comments?post=2982"}],"wp:featuredmedia":[{"embeddable":true,"href":"https:\/\/tp-electric.vn\/index.php\/wp-json\/wp\/v2\/media\/2979"}],"wp:attachment":[{"href":"https:\/\/tp-electric.vn\/index.php\/wp-json\/wp\/v2\/media?parent=2982"}],"wp:term":[{"taxonomy":"product_cat","embeddable":true,"href":"https:\/\/tp-electric.vn\/index.php\/wp-json\/wp\/v2\/product_cat?post=2982"},{"taxonomy":"product_tag","embeddable":true,"href":"https:\/\/tp-electric.vn\/index.php\/wp-json\/wp\/v2\/product_tag?post=2982"}],"curies":[{"name":"wp","href":"https:\/\/api.w.org\/{rel}","templated":true}]}}