{"id":2966,"date":"2023-02-14T08:26:26","date_gmt":"2023-02-14T01:26:26","guid":{"rendered":"https:\/\/tp-electric.vn\/?post_type=product&#038;p=2966"},"modified":"2024-12-12T15:10:15","modified_gmt":"2024-12-12T08:10:15","slug":"kim-thu-set-ingesco-pdc-e15-rp75m","status":"publish","type":"product","link":"https:\/\/tp-electric.vn\/index.php\/san-pham\/kim-thu-set-ingesco-pdc-e15-rp75m\/","title":{"rendered":"Kim thu s\u00e9t Ingesco PDC-E15 Rp=75m"},"content":{"rendered":"<div><strong>C\u1ed9t thu l\u00f4i INGESCO PDC-E<\/strong><\/div>\n<div><\/div>\n<div>C\u1ed9t thu l\u00f4i v\u1edbi h\u1ec7 th\u1ed1ng ESE (Early Streamer Emission) \u0111i\u1ec7n t\u1eed, chu\u1ea9n h\u00f3a theo ti\u00eau chu\u1ea9n UNE 21.186 v\u00e0 NFC 17.102.<\/div>\n<div>Th\u00edch nghi v\u1edbi m\u1ecdi lo\u1ea1i c\u00f4ng tr\u00ecnh.<\/div>\n<div><\/div>\n<div><strong>Ti\u00eau chu\u1ea9n \u1ee9ng d\u1ee5ng:<\/strong><\/div>\n<ul>\n<li>UNE 21.186<\/li>\n<li>NFC17.102<\/li>\n<li>UNE-EN 50164\/1<\/li>\n<li>UNE-EN 62.305<\/li>\n<li>S\u1ed1 ch\u1ee9ng nh\u1eadn s\u1ea3n ph\u1ea9m ES020609 do t\u1ed5 ch\u1ee9c ch\u1ee9ng nh\u1eadn Bureau Veritas International c\u1ea5p.<\/li>\n<li>\u0110\u01b0\u1ee3c l\u00e0m b\u1eb1ng th\u00e9p kh\u00f4ng g\u1ec9 AISI 316 v\u00e0 nh\u1ef1a epoxy.<\/li>\n<li>100% de HI\u1ec6U QU\u1ea2, \u0111\u1ed9 b\u1ec1n t\u1ed1i \u0111a.<\/li>\n<li>Kh\u00f4ng c\u1ea7n ngu\u1ed3n \u0111i\u1ec7n b\u00ean ngo\u00e0i.<\/li>\n<li>\u0110\u1ea3m b\u1ea3o t\u00ednh li\u00ean t\u1ee5c v\u1ec1 \u0111i\u1ec7n v\u00e0 ho\u1ea1t \u0111\u1ed9ng sau khi b\u1ecb s\u00e9t \u0111\u00e1nh, trong m\u1ecdi \u0111i\u1ec1u ki\u1ec7n kh\u00ed quy\u1ec3n.<\/li>\n<\/ul>\n","protected":false},"excerpt":{"rendered":"<p><em>Kim thu s\u00e9t Ingesco\u00a0<strong>PDC E15<\/strong><\/em><br \/>\nB\u00e1n k\u00ednh b\u1ea3o v\u1ec7 c\u1ea5p 3: 75m<br \/>\nTr\u1ecdng l\u01b0\u1ee3ng s\u1ea3n ph\u1ea9m: 3.775kg<br \/>\nChi\u1ec1u d\u00e0i kim thu s\u00e9t: 412mm<br \/>\nT\u1eb7ng kh\u1edbp n\u1ed1i \u0111\u1ed3ng thau<br \/>\nS\u1ea3n xu\u1ea5t b\u1edfi h\u00e3ng\u00a0Ingesco\/ T\u00e2y Ban Nha<br \/>\nCung c\u1ea5p CO\/CQ v\u00e0 t\u00e0i li\u1ec7u k\u1ef9 thu\u1eadt.<br \/>\nT\u01b0 v\u1ea5n l\u1eafp \u0111\u1eb7t mi\u1ec5n ph\u00ed.<br \/>\nC\u00f3 d\u1ecbch v\u1ee5 thi c\u00f4ng l\u1eafp \u0111\u1eb7t v\u00e0 ti\u1ebfp \u0111\u1ecba.<\/p>\n","protected":false},"featured_media":2963,"comment_status":"open","ping_status":"closed","template":"","meta":[],"product_cat":[214],"product_tag":[],"jetpack-related-posts":[{"id":2973,"url":"https:\/\/tp-electric.vn\/index.php\/san-pham\/kim-thu-set-ingesco-pdc-3-3-rp75m\/","url_meta":{"origin":2966,"position":0},"title":"Kim thu s\u00e9t Ingesco PDC 3.3 Rp=75m","author":"","date":"14\/02\/2023","format":false,"excerpt":"Kim thu s\u00e9t Ingesco\u00a0PDC 3.3 B\u00e1n k\u00ednh b\u1ea3o v\u1ec7 c\u1ea5p 3: 75m Tr\u1ecdng l\u01b0\u1ee3ng s\u1ea3n ph\u1ea9m: 3,2kg Chi\u1ec1u d\u00e0i kim thu s\u00e9t: 598mm T\u1eb7ng kh\u1edbp n\u1ed1i \u0111\u1ed3ng thao S\u1ea3n xu\u1ea5t b\u1edfi h\u00e3ng\u00a0Ingesco\/ T\u00e2y Ban Nha Cung c\u1ea5p CO\/CQ v\u00e0 t\u00e0i li\u1ec7u k\u1ef9 thu\u1eadt. T\u01b0 v\u1ea5n l\u1eafp \u0111\u1eb7t mi\u1ec5n ph\u00ed. C\u00f3\u2026","rel":"","context":"Similar post","block_context":{"text":"Similar post","link":""},"img":{"alt_text":"","src":"https:\/\/i0.wp.com\/tp-electric.vn\/wp-content\/uploads\/2023\/02\/3-3.png?fit=850%2C850&ssl=1&resize=350%2C200","width":350,"height":200,"srcset":"https:\/\/i0.wp.com\/tp-electric.vn\/wp-content\/uploads\/2023\/02\/3-3.png?fit=850%2C850&ssl=1&resize=350%2C200 1x, https:\/\/i0.wp.com\/tp-electric.vn\/wp-content\/uploads\/2023\/02\/3-3.png?fit=850%2C850&ssl=1&resize=700%2C400 2x"},"classes":[]},{"id":2964,"url":"https:\/\/tp-electric.vn\/index.php\/san-pham\/kim-thu-set-ingesco-pdc-e45-rp105m\/","url_meta":{"origin":2966,"position":1},"title":"Kim thu s\u00e9t Ingesco PDC-E45 Rp=105m","author":"","date":"14\/02\/2023","format":false,"excerpt":"Kim thu s\u00e9t Ingesco\u00a0PDC E45 B\u00e1n k\u00ednh b\u1ea3o v\u1ec7 c\u1ea5p 3: 105m Tr\u1ecdng l\u01b0\u1ee3ng s\u1ea3n ph\u1ea9m: 3.765kg Chi\u1ec1u d\u00e0i kim thu s\u00e9t: 412mm T\u1eb7ng kh\u1edbp n\u1ed1i \u0111\u1ed3ng thao S\u1ea3n xu\u1ea5t b\u1edfi h\u00e3ng\u00a0Ingesco\/ T\u00e2y Ban Nha Cung c\u1ea5p CO\/CQ v\u00e0 t\u00e0i li\u1ec7u k\u1ef9 thu\u1eadt. T\u01b0 v\u1ea5n l\u1eafp \u0111\u1eb7t mi\u1ec5n ph\u00ed. C\u00f3\u2026","rel":"","context":"Similar post","block_context":{"text":"Similar post","link":""},"img":{"alt_text":"","src":"https:\/\/i0.wp.com\/tp-electric.vn\/wp-content\/uploads\/2023\/02\/120.png?fit=850%2C850&ssl=1&resize=350%2C200","width":350,"height":200,"srcset":"https:\/\/i0.wp.com\/tp-electric.vn\/wp-content\/uploads\/2023\/02\/120.png?fit=850%2C850&ssl=1&resize=350%2C200 1x, https:\/\/i0.wp.com\/tp-electric.vn\/wp-content\/uploads\/2023\/02\/120.png?fit=850%2C850&ssl=1&resize=700%2C400 2x"},"classes":[]},{"id":2965,"url":"https:\/\/tp-electric.vn\/index.php\/san-pham\/kim-thu-set-ingesco-pdc-e30-rp80m\/","url_meta":{"origin":2966,"position":2},"title":"Kim thu s\u00e9t Ingesco PDC-E30 Rp=80m","author":"","date":"14\/02\/2023","format":false,"excerpt":"Kim thu s\u00e9t Ingesco\u00a0PDC E30 B\u00e1n k\u00ednh b\u1ea3o v\u1ec7 c\u1ea5p 3: 80m Tr\u1ecdng l\u01b0\u1ee3ng s\u1ea3n ph\u1ea9m: 3.77kg Chi\u1ec1u d\u00e0i kim thu s\u00e9t: 412mm T\u1eb7ng kh\u1edbp n\u1ed1i \u0111\u1ed3ng thao S\u1ea3n xu\u1ea5t b\u1edfi h\u00e3ng\u00a0Ingesco\/ T\u00e2y Ban Nha Cung c\u1ea5p CO\/CQ v\u00e0 t\u00e0i li\u1ec7u k\u1ef9 thu\u1eadt. T\u01b0 v\u1ea5n l\u1eafp \u0111\u1eb7t mi\u1ec5n ph\u00ed. C\u00f3\u2026","rel":"","context":"Similar post","block_context":{"text":"Similar post","link":""},"img":{"alt_text":"","src":"https:\/\/i0.wp.com\/tp-electric.vn\/wp-content\/uploads\/2023\/02\/120.png?fit=850%2C850&ssl=1&resize=350%2C200","width":350,"height":200,"srcset":"https:\/\/i0.wp.com\/tp-electric.vn\/wp-content\/uploads\/2023\/02\/120.png?fit=850%2C850&ssl=1&resize=350%2C200 1x, https:\/\/i0.wp.com\/tp-electric.vn\/wp-content\/uploads\/2023\/02\/120.png?fit=850%2C850&ssl=1&resize=700%2C400 2x"},"classes":[]},{"id":2969,"url":"https:\/\/tp-electric.vn\/index.php\/san-pham\/kim-thu-set-ingesco-pdc-6-3-rp114m\/","url_meta":{"origin":2966,"position":3},"title":"Kim thu s\u00e9t Ingesco PDC 6.3 Rp=114m","author":"","date":"14\/02\/2023","format":false,"excerpt":"Kim thu s\u00e9t Ingesco\u00a0PDC 6.3 B\u00e1n k\u00ednh b\u1ea3o v\u1ec7 c\u1ea5p 3: 114m Tr\u1ecdng l\u01b0\u1ee3ng s\u1ea3n ph\u1ea9m: 3,8kg Chi\u1ec1u d\u00e0i kim thu s\u00e9t: 598mm T\u1eb7ng kh\u1edbp n\u1ed1i \u0111\u1ed3ng thao S\u1ea3n xu\u1ea5t b\u1edfi h\u00e3ng\u00a0Ingesco\/ T\u00e2y Ban Nha Cung c\u1ea5p CO\/CQ v\u00e0 t\u00e0i li\u1ec7u k\u1ef9 thu\u1eadt. T\u01b0 v\u1ea5n l\u1eafp \u0111\u1eb7t mi\u1ec5n ph\u00ed. C\u00f3\u2026","rel":"","context":"Similar post","block_context":{"text":"Similar post","link":""},"img":{"alt_text":"","src":"https:\/\/i0.wp.com\/tp-electric.vn\/wp-content\/uploads\/2023\/02\/pd120.png?fit=850%2C850&ssl=1&resize=350%2C200","width":350,"height":200,"srcset":"https:\/\/i0.wp.com\/tp-electric.vn\/wp-content\/uploads\/2023\/02\/pd120.png?fit=850%2C850&ssl=1&resize=350%2C200 1x, https:\/\/i0.wp.com\/tp-electric.vn\/wp-content\/uploads\/2023\/02\/pd120.png?fit=850%2C850&ssl=1&resize=700%2C400 2x"},"classes":[]},{"id":2967,"url":"https:\/\/tp-electric.vn\/index.php\/san-pham\/kim-thu-set-ingesco-pdc-6-4-rp120m\/","url_meta":{"origin":2966,"position":4},"title":"Kim thu s\u00e9t Ingesco PDC 6.4 Rp=120m","author":"","date":"14\/02\/2023","format":false,"excerpt":"Kim thu s\u00e9t Ingesco\u00a0PDC 6.4 B\u00e1n k\u00ednh b\u1ea3o v\u1ec7 c\u1ea5p 3: 120m Tr\u1ecdng l\u01b0\u1ee3ng s\u1ea3n ph\u1ea9m: 4.15kg Chi\u1ec1u d\u00e0i kim thu s\u00e9t: 598mm T\u1eb7ng kh\u1edbp n\u1ed1i \u0111\u1ed3ng thao S\u1ea3n xu\u1ea5t b\u1edfi h\u00e3ng\u00a0Ingesco\/ T\u00e2y Ban Nha Cung c\u1ea5p CO\/CQ v\u00e0 t\u00e0i li\u1ec7u k\u1ef9 thu\u1eadt. T\u01b0 v\u1ea5n l\u1eafp \u0111\u1eb7t mi\u1ec5n ph\u00ed. C\u00f3\u2026","rel":"","context":"Similar post","block_context":{"text":"Similar post","link":""},"img":{"alt_text":"","src":"https:\/\/i0.wp.com\/tp-electric.vn\/wp-content\/uploads\/2023\/02\/pd120.png?fit=850%2C850&ssl=1&resize=350%2C200","width":350,"height":200,"srcset":"https:\/\/i0.wp.com\/tp-electric.vn\/wp-content\/uploads\/2023\/02\/pd120.png?fit=850%2C850&ssl=1&resize=350%2C200 1x, https:\/\/i0.wp.com\/tp-electric.vn\/wp-content\/uploads\/2023\/02\/pd120.png?fit=850%2C850&ssl=1&resize=700%2C400 2x"},"classes":[]},{"id":2971,"url":"https:\/\/tp-electric.vn\/index.php\/san-pham\/kim-thu-set-ingesco-pdc-5-3-rp95m\/","url_meta":{"origin":2966,"position":5},"title":"Kim thu s\u00e9t Ingesco PDC 5.3 Rp=95m","author":"","date":"14\/02\/2023","format":false,"excerpt":"Kim thu s\u00e9t Ingesco\u00a0PDC 5.3 B\u00e1n k\u00ednh b\u1ea3o v\u1ec7 c\u1ea5p 3: 95m Tr\u1ecdng l\u01b0\u1ee3ng s\u1ea3n ph\u1ea9m: 3,6kg Chi\u1ec1u d\u00e0i kim thu s\u00e9t: 598mm T\u1eb7ng kh\u1edbp n\u1ed1i \u0111\u1ed3ng thao S\u1ea3n xu\u1ea5t b\u1edfi h\u00e3ng\u00a0Ingesco\/ T\u00e2y Ban Nha Cung c\u1ea5p CO\/CQ v\u00e0 t\u00e0i li\u1ec7u k\u1ef9 thu\u1eadt. T\u01b0 v\u1ea5n l\u1eafp \u0111\u1eb7t mi\u1ec5n ph\u00ed. C\u00f3\u2026","rel":"","context":"Similar post","block_context":{"text":"Similar post","link":""},"img":{"alt_text":"","src":"https:\/\/i0.wp.com\/tp-electric.vn\/wp-content\/uploads\/2023\/02\/pd120.png?fit=850%2C850&ssl=1&resize=350%2C200","width":350,"height":200,"srcset":"https:\/\/i0.wp.com\/tp-electric.vn\/wp-content\/uploads\/2023\/02\/pd120.png?fit=850%2C850&ssl=1&resize=350%2C200 1x, https:\/\/i0.wp.com\/tp-electric.vn\/wp-content\/uploads\/2023\/02\/pd120.png?fit=850%2C850&ssl=1&resize=700%2C400 2x"},"classes":[]}],"_links":{"self":[{"href":"https:\/\/tp-electric.vn\/index.php\/wp-json\/wp\/v2\/product\/2966"}],"collection":[{"href":"https:\/\/tp-electric.vn\/index.php\/wp-json\/wp\/v2\/product"}],"about":[{"href":"https:\/\/tp-electric.vn\/index.php\/wp-json\/wp\/v2\/types\/product"}],"replies":[{"embeddable":true,"href":"https:\/\/tp-electric.vn\/index.php\/wp-json\/wp\/v2\/comments?post=2966"}],"wp:featuredmedia":[{"embeddable":true,"href":"https:\/\/tp-electric.vn\/index.php\/wp-json\/wp\/v2\/media\/2963"}],"wp:attachment":[{"href":"https:\/\/tp-electric.vn\/index.php\/wp-json\/wp\/v2\/media?parent=2966"}],"wp:term":[{"taxonomy":"product_cat","embeddable":true,"href":"https:\/\/tp-electric.vn\/index.php\/wp-json\/wp\/v2\/product_cat?post=2966"},{"taxonomy":"product_tag","embeddable":true,"href":"https:\/\/tp-electric.vn\/index.php\/wp-json\/wp\/v2\/product_tag?post=2966"}],"curies":[{"name":"wp","href":"https:\/\/api.w.org\/{rel}","templated":true}]}}