{"id":2957,"date":"2023-02-14T08:02:14","date_gmt":"2023-02-14T01:02:14","guid":{"rendered":"https:\/\/tp-electric.vn\/?post_type=product&#038;p=2957"},"modified":"2024-12-12T15:10:15","modified_gmt":"2024-12-12T08:10:15","slug":"bo-dem-set-ingesco","status":"publish","type":"product","link":"https:\/\/tp-electric.vn\/index.php\/san-pham\/bo-dem-set-ingesco\/","title":{"rendered":"B\u1ed9 \u0111\u1ebfm s\u00e9t Ingesco"},"content":{"rendered":"<div><span style=\"font-size: 160%;\"><strong>B\u1ed9 \u0111\u1ebfm s\u00e9t CDR-1<\/strong><\/span><\/div>\n<div><\/div>\n<div>Ghi nh\u1eadt k\u00fd c\u00e1c v\u1ee5 s\u00e9t \u0111\u00e1nh x\u1ea3y ra trong h\u1ec7 th\u1ed1ng ch\u1ed1ng s\u00e9t b\u00ean ngo\u00e0i.<\/div>\n<div>Tu\u00e2n th\u1ee7 c\u00e1c y\u00eau c\u1ea7u \u0111\u1eb7t ra trong c\u00e1c ti\u00eau chu\u1ea9n:<\/div>\n<ul>\n<li>UNE 21.186<\/li>\n<li>NFC17.102<\/li>\n<li>EN 62.305<\/li>\n<li>Ph\u1ea1m vi c\u01b0\u1eddng \u0111\u1ed9:<\/li>\n<li>1 kA (8\/20 \u00b5s) \u2013 100 kA (10\/350 \u00b5s), theo EN 50.164\/6:2009<\/li>\n<li>C\u00f3 hi\u1ec7u l\u1ef1c cho:<\/li>\n<li>C\u00e1p 50-95 mm\u00b2, Thanh \u00d8 8-12 mm, B\u0103ng 30\u00d72 mm.<\/li>\n<\/ul>\n","protected":false},"excerpt":{"rendered":"<p>B\u1ed9 \u0111\u1ebfm s\u00e9t\u00a0<strong>CDR-1<br \/>\n<\/strong>T\u00e0i li\u1ec7u k\u1ef9 thu\u1eadt:\u00a0<a href=\"http:\/\/www.ingesco.com\/images\/stories\/products\/FT_CDR1_eng.pdf\">Catalogue<\/a><br \/>\nS\u1ea3n xu\u1ea5t b\u1edfi h\u00e3ng\u00a0<strong>Ingesco<\/strong>\/ T\u00e2y Ban Nha<br \/>\nCung c\u1ea5p CO\/CQ v\u00e0 t\u00e0i li\u1ec7u k\u1ef9 thu\u1eadt.<br \/>\nT\u01b0 v\u1ea5n l\u1eafp \u0111\u1eb7t mi\u1ec5n ph\u00ed.<br \/>\nC\u00f3 d\u1ecbch v\u1ee5 thi c\u00f4ng l\u1eafp \u0111\u1eb7t v\u00e0 ti\u1ebfp \u0111\u1ecba.<\/p>\n","protected":false},"featured_media":2958,"comment_status":"open","ping_status":"closed","template":"","meta":[],"product_cat":[214],"product_tag":[],"jetpack-related-posts":[{"id":2962,"url":"https:\/\/tp-electric.vn\/index.php\/san-pham\/kim-thu-set-ingesco-pdc-e60-rp120m\/","url_meta":{"origin":2957,"position":0},"title":"Kim thu s\u00e9t Ingesco PDC-E60 Rp=120m","author":"","date":"14\/02\/2023","format":false,"excerpt":"Kim thu s\u00e9t Ingesco\u00a0PDC E60 B\u00e1n k\u00ednh b\u1ea3o v\u1ec7 c\u1ea5p 3: 120m Tr\u1ecdng l\u01b0\u1ee3ng s\u1ea3n ph\u1ea9m: 3.765kg Chi\u1ec1u d\u00e0i kim thu s\u00e9t: 412mm T\u1eb7ng kh\u1edbp n\u1ed1i \u0111\u1ed3ng thao S\u1ea3n xu\u1ea5t b\u1edfi h\u00e3ng\u00a0Ingesco\/ T\u00e2y Ban Nha Cung c\u1ea5p CO\/CQ v\u00e0 t\u00e0i li\u1ec7u k\u1ef9 thu\u1eadt. T\u01b0 v\u1ea5n l\u1eafp \u0111\u1eb7t mi\u1ec5n ph\u00ed. C\u00f3\u2026","rel":"","context":"Similar post","block_context":{"text":"Similar post","link":""},"img":{"alt_text":"","src":"https:\/\/i0.wp.com\/tp-electric.vn\/wp-content\/uploads\/2023\/02\/120.png?fit=850%2C850&ssl=1&resize=350%2C200","width":350,"height":200,"srcset":"https:\/\/i0.wp.com\/tp-electric.vn\/wp-content\/uploads\/2023\/02\/120.png?fit=850%2C850&ssl=1&resize=350%2C200 1x, https:\/\/i0.wp.com\/tp-electric.vn\/wp-content\/uploads\/2023\/02\/120.png?fit=850%2C850&ssl=1&resize=700%2C400 2x"},"classes":[]},{"id":2964,"url":"https:\/\/tp-electric.vn\/index.php\/san-pham\/kim-thu-set-ingesco-pdc-e45-rp105m\/","url_meta":{"origin":2957,"position":1},"title":"Kim thu s\u00e9t Ingesco PDC-E45 Rp=105m","author":"","date":"14\/02\/2023","format":false,"excerpt":"Kim thu s\u00e9t Ingesco\u00a0PDC E45 B\u00e1n k\u00ednh b\u1ea3o v\u1ec7 c\u1ea5p 3: 105m Tr\u1ecdng l\u01b0\u1ee3ng s\u1ea3n ph\u1ea9m: 3.765kg Chi\u1ec1u d\u00e0i kim thu s\u00e9t: 412mm T\u1eb7ng kh\u1edbp n\u1ed1i \u0111\u1ed3ng thao S\u1ea3n xu\u1ea5t b\u1edfi h\u00e3ng\u00a0Ingesco\/ T\u00e2y Ban Nha Cung c\u1ea5p CO\/CQ v\u00e0 t\u00e0i li\u1ec7u k\u1ef9 thu\u1eadt. T\u01b0 v\u1ea5n l\u1eafp \u0111\u1eb7t mi\u1ec5n ph\u00ed. C\u00f3\u2026","rel":"","context":"Similar post","block_context":{"text":"Similar post","link":""},"img":{"alt_text":"","src":"https:\/\/i0.wp.com\/tp-electric.vn\/wp-content\/uploads\/2023\/02\/120.png?fit=850%2C850&ssl=1&resize=350%2C200","width":350,"height":200,"srcset":"https:\/\/i0.wp.com\/tp-electric.vn\/wp-content\/uploads\/2023\/02\/120.png?fit=850%2C850&ssl=1&resize=350%2C200 1x, https:\/\/i0.wp.com\/tp-electric.vn\/wp-content\/uploads\/2023\/02\/120.png?fit=850%2C850&ssl=1&resize=700%2C400 2x"},"classes":[]},{"id":2965,"url":"https:\/\/tp-electric.vn\/index.php\/san-pham\/kim-thu-set-ingesco-pdc-e30-rp80m\/","url_meta":{"origin":2957,"position":2},"title":"Kim thu s\u00e9t Ingesco PDC-E30 Rp=80m","author":"","date":"14\/02\/2023","format":false,"excerpt":"Kim thu s\u00e9t Ingesco\u00a0PDC E30 B\u00e1n k\u00ednh b\u1ea3o v\u1ec7 c\u1ea5p 3: 80m Tr\u1ecdng l\u01b0\u1ee3ng s\u1ea3n ph\u1ea9m: 3.77kg Chi\u1ec1u d\u00e0i kim thu s\u00e9t: 412mm T\u1eb7ng kh\u1edbp n\u1ed1i \u0111\u1ed3ng thao S\u1ea3n xu\u1ea5t b\u1edfi h\u00e3ng\u00a0Ingesco\/ T\u00e2y Ban Nha Cung c\u1ea5p CO\/CQ v\u00e0 t\u00e0i li\u1ec7u k\u1ef9 thu\u1eadt. T\u01b0 v\u1ea5n l\u1eafp \u0111\u1eb7t mi\u1ec5n ph\u00ed. C\u00f3\u2026","rel":"","context":"Similar post","block_context":{"text":"Similar post","link":""},"img":{"alt_text":"","src":"https:\/\/i0.wp.com\/tp-electric.vn\/wp-content\/uploads\/2023\/02\/120.png?fit=850%2C850&ssl=1&resize=350%2C200","width":350,"height":200,"srcset":"https:\/\/i0.wp.com\/tp-electric.vn\/wp-content\/uploads\/2023\/02\/120.png?fit=850%2C850&ssl=1&resize=350%2C200 1x, https:\/\/i0.wp.com\/tp-electric.vn\/wp-content\/uploads\/2023\/02\/120.png?fit=850%2C850&ssl=1&resize=700%2C400 2x"},"classes":[]},{"id":2966,"url":"https:\/\/tp-electric.vn\/index.php\/san-pham\/kim-thu-set-ingesco-pdc-e15-rp75m\/","url_meta":{"origin":2957,"position":3},"title":"Kim thu s\u00e9t Ingesco PDC-E15 Rp=75m","author":"","date":"14\/02\/2023","format":false,"excerpt":"Kim thu s\u00e9t Ingesco\u00a0PDC E15 B\u00e1n k\u00ednh b\u1ea3o v\u1ec7 c\u1ea5p 3: 75m Tr\u1ecdng l\u01b0\u1ee3ng s\u1ea3n ph\u1ea9m: 3.775kg Chi\u1ec1u d\u00e0i kim thu s\u00e9t: 412mm T\u1eb7ng kh\u1edbp n\u1ed1i \u0111\u1ed3ng thau S\u1ea3n xu\u1ea5t b\u1edfi h\u00e3ng\u00a0Ingesco\/ T\u00e2y Ban Nha Cung c\u1ea5p CO\/CQ v\u00e0 t\u00e0i li\u1ec7u k\u1ef9 thu\u1eadt. T\u01b0 v\u1ea5n l\u1eafp \u0111\u1eb7t mi\u1ec5n ph\u00ed. C\u00f3\u2026","rel":"","context":"Similar post","block_context":{"text":"Similar post","link":""},"img":{"alt_text":"","src":"https:\/\/i0.wp.com\/tp-electric.vn\/wp-content\/uploads\/2023\/02\/120.png?fit=850%2C850&ssl=1&resize=350%2C200","width":350,"height":200,"srcset":"https:\/\/i0.wp.com\/tp-electric.vn\/wp-content\/uploads\/2023\/02\/120.png?fit=850%2C850&ssl=1&resize=350%2C200 1x, https:\/\/i0.wp.com\/tp-electric.vn\/wp-content\/uploads\/2023\/02\/120.png?fit=850%2C850&ssl=1&resize=700%2C400 2x"},"classes":[]},{"id":2967,"url":"https:\/\/tp-electric.vn\/index.php\/san-pham\/kim-thu-set-ingesco-pdc-6-4-rp120m\/","url_meta":{"origin":2957,"position":4},"title":"Kim thu s\u00e9t Ingesco PDC 6.4 Rp=120m","author":"","date":"14\/02\/2023","format":false,"excerpt":"Kim thu s\u00e9t Ingesco\u00a0PDC 6.4 B\u00e1n k\u00ednh b\u1ea3o v\u1ec7 c\u1ea5p 3: 120m Tr\u1ecdng l\u01b0\u1ee3ng s\u1ea3n ph\u1ea9m: 4.15kg Chi\u1ec1u d\u00e0i kim thu s\u00e9t: 598mm T\u1eb7ng kh\u1edbp n\u1ed1i \u0111\u1ed3ng thao S\u1ea3n xu\u1ea5t b\u1edfi h\u00e3ng\u00a0Ingesco\/ T\u00e2y Ban Nha Cung c\u1ea5p CO\/CQ v\u00e0 t\u00e0i li\u1ec7u k\u1ef9 thu\u1eadt. T\u01b0 v\u1ea5n l\u1eafp \u0111\u1eb7t mi\u1ec5n ph\u00ed. C\u00f3\u2026","rel":"","context":"Similar post","block_context":{"text":"Similar post","link":""},"img":{"alt_text":"","src":"https:\/\/i0.wp.com\/tp-electric.vn\/wp-content\/uploads\/2023\/02\/pd120.png?fit=850%2C850&ssl=1&resize=350%2C200","width":350,"height":200,"srcset":"https:\/\/i0.wp.com\/tp-electric.vn\/wp-content\/uploads\/2023\/02\/pd120.png?fit=850%2C850&ssl=1&resize=350%2C200 1x, https:\/\/i0.wp.com\/tp-electric.vn\/wp-content\/uploads\/2023\/02\/pd120.png?fit=850%2C850&ssl=1&resize=700%2C400 2x"},"classes":[]},{"id":2969,"url":"https:\/\/tp-electric.vn\/index.php\/san-pham\/kim-thu-set-ingesco-pdc-6-3-rp114m\/","url_meta":{"origin":2957,"position":5},"title":"Kim thu s\u00e9t Ingesco PDC 6.3 Rp=114m","author":"","date":"14\/02\/2023","format":false,"excerpt":"Kim thu s\u00e9t Ingesco\u00a0PDC 6.3 B\u00e1n k\u00ednh b\u1ea3o v\u1ec7 c\u1ea5p 3: 114m Tr\u1ecdng l\u01b0\u1ee3ng s\u1ea3n ph\u1ea9m: 3,8kg Chi\u1ec1u d\u00e0i kim thu s\u00e9t: 598mm T\u1eb7ng kh\u1edbp n\u1ed1i \u0111\u1ed3ng thao S\u1ea3n xu\u1ea5t b\u1edfi h\u00e3ng\u00a0Ingesco\/ T\u00e2y Ban Nha Cung c\u1ea5p CO\/CQ v\u00e0 t\u00e0i li\u1ec7u k\u1ef9 thu\u1eadt. T\u01b0 v\u1ea5n l\u1eafp \u0111\u1eb7t mi\u1ec5n ph\u00ed. C\u00f3\u2026","rel":"","context":"Similar post","block_context":{"text":"Similar post","link":""},"img":{"alt_text":"","src":"https:\/\/i0.wp.com\/tp-electric.vn\/wp-content\/uploads\/2023\/02\/pd120.png?fit=850%2C850&ssl=1&resize=350%2C200","width":350,"height":200,"srcset":"https:\/\/i0.wp.com\/tp-electric.vn\/wp-content\/uploads\/2023\/02\/pd120.png?fit=850%2C850&ssl=1&resize=350%2C200 1x, https:\/\/i0.wp.com\/tp-electric.vn\/wp-content\/uploads\/2023\/02\/pd120.png?fit=850%2C850&ssl=1&resize=700%2C400 2x"},"classes":[]}],"_links":{"self":[{"href":"https:\/\/tp-electric.vn\/index.php\/wp-json\/wp\/v2\/product\/2957"}],"collection":[{"href":"https:\/\/tp-electric.vn\/index.php\/wp-json\/wp\/v2\/product"}],"about":[{"href":"https:\/\/tp-electric.vn\/index.php\/wp-json\/wp\/v2\/types\/product"}],"replies":[{"embeddable":true,"href":"https:\/\/tp-electric.vn\/index.php\/wp-json\/wp\/v2\/comments?post=2957"}],"wp:featuredmedia":[{"embeddable":true,"href":"https:\/\/tp-electric.vn\/index.php\/wp-json\/wp\/v2\/media\/2958"}],"wp:attachment":[{"href":"https:\/\/tp-electric.vn\/index.php\/wp-json\/wp\/v2\/media?parent=2957"}],"wp:term":[{"taxonomy":"product_cat","embeddable":true,"href":"https:\/\/tp-electric.vn\/index.php\/wp-json\/wp\/v2\/product_cat?post=2957"},{"taxonomy":"product_tag","embeddable":true,"href":"https:\/\/tp-electric.vn\/index.php\/wp-json\/wp\/v2\/product_tag?post=2957"}],"curies":[{"name":"wp","href":"https:\/\/api.w.org\/{rel}","templated":true}]}}