{"id":2955,"date":"2023-02-13T16:58:04","date_gmt":"2023-02-13T09:58:04","guid":{"rendered":"https:\/\/tp-electric.vn\/?post_type=product&#038;p=2955"},"modified":"2024-12-12T15:10:15","modified_gmt":"2024-12-12T08:10:15","slug":"dd-1t-lpi-thiet-bi-chong-set-1-doi-day-dien-thoai","status":"publish","type":"product","link":"https:\/\/tp-electric.vn\/index.php\/san-pham\/dd-1t-lpi-thiet-bi-chong-set-1-doi-day-dien-thoai\/","title":{"rendered":"DD-1T- LPI-Thi\u1ebft b\u1ecb ch\u1ed1ng s\u00e9t 1 \u0111\u00f4i d\u00e2y \u0111i\u1ec7n tho\u1ea1i"},"content":{"rendered":"<p><em><strong>\u0110\u1eb7c \u0111i\u1ec3m c\u1ee7a thi\u1ebft b\u1ecb ch\u1ed1ng s\u00e9t DD-1T<\/strong><\/em><br \/>\n\u25cf\u00a0<em>Ch\u1ed1ng s\u00e9t tr\u00ean \u0111\u01b0\u1eddng \u0111i\u1ec7n tho\u1ea1i v\u00e0 \u0111\u01b0\u1eddng d\u1eef li\u1ec7u<\/em><\/p>\n<p><em>\u25cf B\u1ea3o v\u1ec7 \u0111i\u1ec7n \u00e1p cao th\u1ebf \/ nhi\u1ec1u c\u1ea5p \u0111\u1ed9 b\u1ea3o v\u1ec7<\/em><\/p>\n<p><em>\u25cf C\u1eafm tr\u1ef1c ti\u1ebfp v\u00e0o phi\u1ebfn Krone<\/em><\/p>\n<p><em>\u25cf B\u1ea3o v\u1ec7 01 \u0111\u00f4i d\u00e2y<\/em><\/p>\n<p><em>\u25cf Ch\u1ed1ng s\u00e9t tr\u00ean \u0111\u01b0\u1eddng \u0111i\u1ec7n tho\u1ea1i<\/em><\/p>\n<p><em>\u25cf D\u00f2ng t\u1ea3i 150mA, 20kA 8\/20\u03bcs<\/em><\/p>\n<p><em>\u25cf Hi\u1ec7u su\u1ea5t cao cho b\u1ea3o v\u1ec7 ch\u1ed1ng s\u00e9t lan truy\u1ec1n \u0111i\u1ec7n \u00e1p th\u1ea5p<\/em><\/p>\n<p><em>\u25cf Ph\u00f9 h\u1ee3p b\u1ea3o v\u1ec7 cho \u0111\u00f4i d\u00e2y \u0111\u01b0\u1eddng t\u00edn hi\u1ec7u v\u00e0 d\u1eef li\u1ec7u truy\u1ec1n th\u00f4ng<\/em><\/p>\n<p><em>\u25cf Thi\u1ebft b\u1ecb c\u00f3 3 t\u1ea7ng b\u1ea3o v\u1ec7 do \u0111\u00f3 \u0111\u1ea3m b\u1ea3o an to\u00e0n cho \u0111\u01b0\u1eddng d\u00e2y \u0111\u01b0\u1ee3c b\u1ea3o v\u1ec7<\/em><\/p>\n<p><em>\u25cf B\u1ea3o v\u1ec7 t\u1ea3i l\u00ean \u0111\u1ebfn 2A<\/em><\/p>\n<p><em>\u25cf D\u00f2ng ch\u1ed1ng x\u00e9t cao 20kA v\u1edbi xung s\u00e9t 8\/20\u03bcs<\/em><\/p>\n<p><em>\u25cf G\u1eafn tr\u00ean thanh ray 35mm<\/em><\/p>\n<p><em>\u25cf Th\u00edch h\u1ee3p cho c\u00e1c b\u1ea3ng b\u00e1o ch\u00e1y, RS232 \/ 485, t\u00edn hi\u1ec7u \u0111i\u1ec1u khi\u1ec3n qu\u00e1 tr\u00ecnh, \u0111\u01b0\u1eddng d\u00e2y \u0111i\u1ec7n tho\u1ea1i v\u00e0 m\u1ea1ng b\u1ea3o m\u1eadt<\/em><\/p>\n","protected":false},"excerpt":{"rendered":"<p>\u0110\u1eb7c \u0111i\u1ec3m c\u1ee7a thi\u1ebft b\u1ecb ch\u1ed1ng s\u00e9t DD-1T \u25cf\u00a0Ch\u1ed1ng s\u00e9t tr\u00ean \u0111\u01b0\u1eddng \u0111i\u1ec7n tho\u1ea1i v\u00e0 \u0111\u01b0\u1eddng d\u1eef li\u1ec7u \u25cf B\u1ea3o v\u1ec7 \u0111i\u1ec7n \u00e1p cao th\u1ebf \/ nhi\u1ec1u c\u1ea5p \u0111\u1ed9 b\u1ea3o v\u1ec7 \u25cf C\u1eafm tr\u1ef1c ti\u1ebfp v\u00e0o phi\u1ebfn Krone \u25cf B\u1ea3o v\u1ec7 01 \u0111\u00f4i d\u00e2y \u25cf Ch\u1ed1ng s\u00e9t tr\u00ean \u0111\u01b0\u1eddng \u0111i\u1ec7n tho\u1ea1i \u25cf D\u00f2ng t\u1ea3i 150mA,&#8230;<\/p>\n","protected":false},"featured_media":2956,"comment_status":"open","ping_status":"closed","template":"","meta":[],"product_cat":[218],"product_tag":[],"jetpack-related-posts":[{"id":2951,"url":"https:\/\/tp-electric.vn\/index.php\/san-pham\/lanrj45-cat6-lpi-thiet-bi-chong-set-cho-duong-mang-may-tinh\/","url_meta":{"origin":2955,"position":0},"title":"LANRJ45-CAT6-LPI-Thi\u1ebft b\u1ecb ch\u1ed1ng s\u00e9t cho \u0111\u01b0\u1eddng m\u1ea1ng m\u00e1y t\u00ednh","author":"","date":"13\/02\/2023","format":false,"excerpt":"\u0110\u1eb7c \u0111i\u1ec3m c\u1ee7a thi\u1ebft b\u1ecb ch\u1ed1ng s\u00e9t LPI LAN-RJ45-CAT6 B\u1ea3o v\u1ec7 s\u00e9t lan truy\u1ec1n cho m\u00e1y t\u00ednh, Server v\u00e0 c\u00e1c thi\u1ebft b\u1ecb t\u01b0\u01a1ng t\u1ef1 \u0111\u01b0\u1ee3c k\u1ebft n\u1ed1i v\u1edbi m\u1ea1ng d\u1eef li\u1ec7u s\u1eed d\u1ee5ng c\u00e1p m\u1ea1ng cat6, s\u1ea3n ph\u1ea9m s\u1eed d\u1ee5ng cho \u0111\u01b0\u1eddng truy\u1ec1n m\u1ea1ng t\u1ed1c \u0111\u1ed9 cao n\u00ean \u0111\u1ebfn 1000Mb\/s,\u2026","rel":"","context":"Similar post","block_context":{"text":"Similar post","link":""},"img":{"alt_text":"","src":"https:\/\/i0.wp.com\/tp-electric.vn\/wp-content\/uploads\/2023\/02\/LPI-chong-set-4.jpg?fit=600%2C576&ssl=1&resize=350%2C200","width":350,"height":200},"classes":[]},{"id":4751,"url":"https:\/\/tp-electric.vn\/index.php\/san-pham\/thiet-bi-chong-set-lan-truyen-etek-eku5-t2-40pv-3m-1000\/","url_meta":{"origin":2955,"position":1},"title":"Thi\u1ebft b\u1ecb ch\u1ed1ng s\u00e9t lan truy\u1ec1n ETEK EKU5-T2-40PV-3M-1000","author":"Admin","date":"11\/12\/2024","format":false,"excerpt":"Th\u00f4ng s\u1ed1 k\u1ef9 thu\u1eadt: \u0110i\u1ec7n \u00e1p \u0111\u1ecbnh m\u1ee9c (VDC): 1000 \u0110i\u1ec7n \u00e1p ho\u1ea1t \u0111\u1ed9ng li\u00ean t\u1ee5c (VDC): 1.100V M\u1ee9c \u0111\u1ed9 b\u1ea3o v\u1ec7 \u0111i\u1ec7n \u00e1p: 3.6 D\u00f2ng x\u1ea3 danh ngh\u0129a In (8\/20\u03bcs): 20KA D\u00f2ng x\u1ea3 t\u1ed1i \u0111a Imax (8\/20\u03bcs): 40KA Th\u1eddi gian ph\u1ea3n \u1ee9ng: \uff1c25ns Chi\u1ec1u r\u1ed9ng\/C\u1ef1c: 18mm V\u1eadt li\u1ec7u v\u1ecf:\u2026","rel":"","context":"Similar post","block_context":{"text":"Similar post","link":""},"img":{"alt_text":"","src":"https:\/\/i0.wp.com\/tp-electric.vn\/wp-content\/uploads\/2024\/12\/eku4-40z-dc-spd-for-pv-system.jpg?fit=800%2C800&ssl=1&resize=350%2C200","width":350,"height":200,"srcset":"https:\/\/i0.wp.com\/tp-electric.vn\/wp-content\/uploads\/2024\/12\/eku4-40z-dc-spd-for-pv-system.jpg?fit=800%2C800&ssl=1&resize=350%2C200 1x, https:\/\/i0.wp.com\/tp-electric.vn\/wp-content\/uploads\/2024\/12\/eku4-40z-dc-spd-for-pv-system.jpg?fit=800%2C800&ssl=1&resize=700%2C400 2x"},"classes":[]},{"id":4748,"url":"https:\/\/tp-electric.vn\/index.php\/san-pham\/thiet-bi-chong-set-lan-truyen-etek-eku5-t2-40pv-2m-1000\/","url_meta":{"origin":2955,"position":2},"title":"Thi\u1ebft b\u1ecb ch\u1ed1ng s\u00e9t lan truy\u1ec1n ETEK EKU5-T2-40PV-2M-1000","author":"Admin","date":"11\/12\/2024","format":false,"excerpt":"Th\u00f4ng s\u1ed1 k\u1ef9 thu\u1eadt: \u0110i\u1ec7n \u00e1p \u0111\u1ecbnh m\u1ee9c (VDC): 1000 \u0110i\u1ec7n \u00e1p ho\u1ea1t \u0111\u1ed9ng li\u00ean t\u1ee5c (VDC): 1.100V M\u1ee9c \u0111\u1ed9 b\u1ea3o v\u1ec7 \u0111i\u1ec7n \u00e1p: 3.6 D\u00f2ng x\u1ea3 danh ngh\u0129a In (8\/20\u03bcs): 20KA D\u00f2ng x\u1ea3 t\u1ed1i \u0111a Imax (8\/20\u03bcs): 40KA Th\u1eddi gian ph\u1ea3n \u1ee9ng: \uff1c25ns Chi\u1ec1u r\u1ed9ng\/C\u1ef1c: 18mm V\u1eadt li\u1ec7u v\u1ecf:\u2026","rel":"","context":"Similar post","block_context":{"text":"Similar post","link":""},"img":{"alt_text":"","src":"https:\/\/i0.wp.com\/tp-electric.vn\/wp-content\/uploads\/2024\/12\/eku4-40z-dc-spd-for-pv-system.jpg?fit=800%2C800&ssl=1&resize=350%2C200","width":350,"height":200,"srcset":"https:\/\/i0.wp.com\/tp-electric.vn\/wp-content\/uploads\/2024\/12\/eku4-40z-dc-spd-for-pv-system.jpg?fit=800%2C800&ssl=1&resize=350%2C200 1x, https:\/\/i0.wp.com\/tp-electric.vn\/wp-content\/uploads\/2024\/12\/eku4-40z-dc-spd-for-pv-system.jpg?fit=800%2C800&ssl=1&resize=700%2C400 2x"},"classes":[]},{"id":2939,"url":"https:\/\/tp-electric.vn\/index.php\/san-pham\/aptomat-chong-set-lan-truyen-gian-tiep-abb\/","url_meta":{"origin":2955,"position":3},"title":"APTOMAT CH\u1ed0NG S\u00c9T LAN TRUY\u1ec0N GI\u00c1N TI\u1ebeP ABB","author":"","date":"13\/02\/2023","format":false,"excerpt":"Aptomat ch\u1ed1ng s\u00e9t lan truy\u1ec1n gi\u00e1n ti\u1ebfp ABB g\u1ed3m b\u1ed9 ch\u1ed1ng s\u00e9t OVR xxD, xxE, xxH c\u00f3 ch\u1ee9c n\u0103ng b\u1ea3o v\u1ec7 s\u00e9t lan truy\u1ec1n v\u00e0 qu\u00e1 xung \u0111i\u1ec7n \u00e1p tr\u00ean \u0111\u01b0\u1eddng truy\u1ec1n t\u00edn hi\u1ec7u, h\u1ec7 th\u1ed1ng \u0111o l\u01b0\u1eddng. \u00a0\u01afU \u0110I\u1ec2M: B\u1ea3o v\u1ec7 s\u00e9t lan truy\u1ec1n qu\u00e1 \u0111i\u1ec7n \u00e1p cho thi\u1ebft\u2026","rel":"","context":"Similar post","block_context":{"text":"Similar post","link":""},"img":{"alt_text":"","src":"https:\/\/i0.wp.com\/tp-electric.vn\/wp-content\/uploads\/2023\/02\/CS-GT.png?fit=1200%2C1200&ssl=1&resize=350%2C200","width":350,"height":200,"srcset":"https:\/\/i0.wp.com\/tp-electric.vn\/wp-content\/uploads\/2023\/02\/CS-GT.png?fit=1200%2C1200&ssl=1&resize=350%2C200 1x, https:\/\/i0.wp.com\/tp-electric.vn\/wp-content\/uploads\/2023\/02\/CS-GT.png?fit=1200%2C1200&ssl=1&resize=700%2C400 2x, https:\/\/i0.wp.com\/tp-electric.vn\/wp-content\/uploads\/2023\/02\/CS-GT.png?fit=1200%2C1200&ssl=1&resize=1050%2C600 3x"},"classes":[]},{"id":2762,"url":"https:\/\/tp-electric.vn\/index.php\/san-pham\/spd-2p-3p-275-vac\/","url_meta":{"origin":2955,"position":4},"title":"SPD 2P \/ 3P, 275 VAC,","author":"","date":"07\/02\/2023","format":false,"excerpt":"Th\u00f4ng s\u1ed1 k\u1ef9 thu\u1eadt: - S\u1ed1 c\u1ef1c: 1-4 c\u1ef1c - D\u00f2ng c\u1eaft (Imax): 40kA - D\u00f2ng \u0111i\u1ec7n \u0111\u1ecbnh m\u1ee9c: 275A - Ch\u1ee9c n\u0103ng: b\u1ea3o v\u1ec7 s\u1ed1c \u0111i\u1ec7n cho thi\u1ebft b\u1ecb khi c\u00f3 \u0111i\u1ec7n \u00e1p cao do s\u00e9t \u0111\u00e1nh","rel":"","context":"Similar post","block_context":{"text":"Similar post","link":""},"img":{"alt_text":"","src":"https:\/\/i0.wp.com\/tp-electric.vn\/wp-content\/uploads\/2023\/02\/SPD-1.png?fit=441%2C443&ssl=1&resize=350%2C200","width":350,"height":200},"classes":[]},{"id":4742,"url":"https:\/\/tp-electric.vn\/index.php\/san-pham\/thiet-bi-chong-set-lan-truyen-etek-t2-20ka-275v\/","url_meta":{"origin":2955,"position":5},"title":"Thi\u1ebft b\u1ecb ch\u1ed1ng s\u00e9t lan truy\u1ec1n ETEK T2-20kA-275V","author":"Admin","date":"11\/12\/2024","format":false,"excerpt":"Th\u00f4ng s\u1ed1 s\u1ea3n ph\u1ea9m: Model: EKU5-T2-20-2P-275 \u0110i\u1ec7n \u00e1p ho\u1ea1t \u0111\u1ed9ng li\u00ean t\u1ee5c t\u1ed1i \u0111a (Uc): 275V \u0110i\u1ec7n \u00e1p ho\u1ea1t \u0111\u1ed9ng li\u00ean t\u1ee5c t\u1ed1i \u0111a (Uc(N-PE)): 255V D\u00f2ng x\u1ea3 \u0111\u1ecbnh m\u1ee9c (8\/20\u03bcs): 10kA D\u00f2ng x\u1ea3 t\u1ed1i \u0111a (8\/20\u03bcs): 20kA M\u1ee9c \u0111\u1ed9 b\u1ea3o v\u1ec7 \u0111i\u1ec7n \u00e1p: \u22641,0kV M\u1ee9c b\u1ea3o v\u1ec7 \u0111i\u1ec7n \u00e1p\u2026","rel":"","context":"Similar post","block_context":{"text":"Similar post","link":""},"img":{"alt_text":"","src":"https:\/\/i0.wp.com\/tp-electric.vn\/wp-content\/uploads\/2024\/12\/eku5-t2-20-spd-type-2-imax-20ka.jpg?fit=800%2C800&ssl=1&resize=350%2C200","width":350,"height":200,"srcset":"https:\/\/i0.wp.com\/tp-electric.vn\/wp-content\/uploads\/2024\/12\/eku5-t2-20-spd-type-2-imax-20ka.jpg?fit=800%2C800&ssl=1&resize=350%2C200 1x, https:\/\/i0.wp.com\/tp-electric.vn\/wp-content\/uploads\/2024\/12\/eku5-t2-20-spd-type-2-imax-20ka.jpg?fit=800%2C800&ssl=1&resize=700%2C400 2x"},"classes":[]}],"_links":{"self":[{"href":"https:\/\/tp-electric.vn\/index.php\/wp-json\/wp\/v2\/product\/2955"}],"collection":[{"href":"https:\/\/tp-electric.vn\/index.php\/wp-json\/wp\/v2\/product"}],"about":[{"href":"https:\/\/tp-electric.vn\/index.php\/wp-json\/wp\/v2\/types\/product"}],"replies":[{"embeddable":true,"href":"https:\/\/tp-electric.vn\/index.php\/wp-json\/wp\/v2\/comments?post=2955"}],"wp:featuredmedia":[{"embeddable":true,"href":"https:\/\/tp-electric.vn\/index.php\/wp-json\/wp\/v2\/media\/2956"}],"wp:attachment":[{"href":"https:\/\/tp-electric.vn\/index.php\/wp-json\/wp\/v2\/media?parent=2955"}],"wp:term":[{"taxonomy":"product_cat","embeddable":true,"href":"https:\/\/tp-electric.vn\/index.php\/wp-json\/wp\/v2\/product_cat?post=2955"},{"taxonomy":"product_tag","embeddable":true,"href":"https:\/\/tp-electric.vn\/index.php\/wp-json\/wp\/v2\/product_tag?post=2955"}],"curies":[{"name":"wp","href":"https:\/\/api.w.org\/{rel}","templated":true}]}}