{"id":2951,"date":"2023-02-13T16:55:16","date_gmt":"2023-02-13T09:55:16","guid":{"rendered":"https:\/\/tp-electric.vn\/?post_type=product&#038;p=2951"},"modified":"2024-12-12T15:10:15","modified_gmt":"2024-12-12T08:10:15","slug":"lanrj45-cat6-lpi-thiet-bi-chong-set-cho-duong-mang-may-tinh","status":"publish","type":"product","link":"https:\/\/tp-electric.vn\/index.php\/san-pham\/lanrj45-cat6-lpi-thiet-bi-chong-set-cho-duong-mang-may-tinh\/","title":{"rendered":"LANRJ45-CAT6-LPI-Thi\u1ebft b\u1ecb ch\u1ed1ng s\u00e9t cho \u0111\u01b0\u1eddng m\u1ea1ng m\u00e1y t\u00ednh"},"content":{"rendered":"<p><em><strong>\u0110\u1eb7c \u0111i\u1ec3m c\u1ee7a thi\u1ebft b\u1ecb ch\u1ed1ng s\u00e9t LPI LAN-RJ45-CAT6<\/strong><\/em><\/p>\n<ul>\n<li><em>B\u1ea3o v\u1ec7 s\u00e9t lan truy\u1ec1n cho m\u00e1y t\u00ednh, Server v\u00e0 c\u00e1c thi\u1ebft b\u1ecb t\u01b0\u01a1ng t\u1ef1 \u0111\u01b0\u1ee3c k\u1ebft n\u1ed1i v\u1edbi m\u1ea1ng d\u1eef li\u1ec7u s\u1eed d\u1ee5ng c\u00e1p m\u1ea1ng cat6, s\u1ea3n ph\u1ea9m s\u1eed d\u1ee5ng cho \u0111\u01b0\u1eddng truy\u1ec1n m\u1ea1ng t\u1ed1c \u0111\u1ed9 cao n\u00ean \u0111\u1ebfn 1000Mb\/s, c\u00f3 s\u1eb5n d\u00e2y m\u1ea1ng \u1edf hai \u0111\u1ea7u \u0111\u1ec3 k\u1ebft n\u1ed1i v\u1edbi thi\u1ebft b\u1ecb ch\u1ed1ng s\u00e9t.<\/em><\/li>\n<\/ul>\n<p><em><strong>Th\u00f4ng s\u1ed1 k\u1ef9 thu\u1eadt c\u1ee7a thi\u1ebft b\u1ecb ch\u1ed1ng s\u00e9t LPI LAN-RJ45-CAT6<\/strong><\/em><br \/>\n\u0110i\u1ec7n \u00e1p \u0111\u1ecbnh m\u1ee9c: 6V<br \/>\nD\u00f2ng t\u1ed1i \u0111a tr\u00ean m\u1ed7i d\u00e2y: 130A<br \/>\nC\u00e1c d\u00e2y \u0111\u01b0\u1ee3c b\u1ea3o v\u1ec7: B\u1ea3o v\u1ec7 t\u1ea5t c\u1ea3 4 \u0111\u00f4i d\u00e2y<br \/>\nD\u1ea1ng k\u1ebft n\u1ed1i: RJ45<br \/>\nM\u1ee9c b\u1ea3o v\u1ec7 \u0111i\u00ean \u00e1p: 15V<br \/>\nTh\u1eddi gian h\u1ed3i \u0111\u00e1p: 5\u03bcs<br \/>\n\u0110i\u1ec7n dung t\u1ed1i \u0111a: 5pF<br \/>\nT\u1ed1c \u0111\u1ed9 truy\u1ec1n t\u1ed1i \u0111a: 1000 Mbit\/s (CAT 6)<br \/>\nNhi\u1ec7t \u0111\u1ed9 v\u00e0 \u0111\u1ed9 \u1ea9m l\u00e0m vi\u1ec7c: -25oC -&gt; +70oC\/ 0 \u2013 90%<br \/>\nK\u00edch th\u01b0\u1edbc: 91 x 43 x 23.6mm v\u00e0 hai \u0111\u1ea7u d\u00e2y 1,5m v\u00e0 0,3m<\/p>\n","protected":false},"excerpt":{"rendered":"<p><em><strong>\u0110\u1eb7c \u0111i\u1ec3m c\u1ee7a thi\u1ebft b\u1ecb ch\u1ed1ng s\u00e9t LPI LAN-RJ45-CAT6<\/strong><\/em><\/p>\n<p><em>B\u1ea3o v\u1ec7 s\u00e9t lan truy\u1ec1n cho m\u00e1y t\u00ednh, Server v\u00e0 c\u00e1c thi\u1ebft b\u1ecb t\u01b0\u01a1ng t\u1ef1 \u0111\u01b0\u1ee3c k\u1ebft n\u1ed1i v\u1edbi m\u1ea1ng d\u1eef li\u1ec7u s\u1eed d\u1ee5ng c\u00e1p m\u1ea1ng cat6, s\u1ea3n ph\u1ea9m s\u1eed d\u1ee5ng cho \u0111\u01b0\u1eddng truy\u1ec1n m\u1ea1ng t\u1ed1c \u0111\u1ed9 cao n\u00ean \u0111\u1ebfn 1000Mb\/s, c\u00f3 s\u1eb5n d\u00e2y m\u1ea1ng \u1edf hai \u0111\u1ea7u \u0111\u1ec3 k\u1ebft n\u1ed1i v\u1edbi thi\u1ebft b\u1ecb ch\u1ed1ng s\u00e9t.<\/em><\/p>\n","protected":false},"featured_media":2954,"comment_status":"open","ping_status":"closed","template":"","meta":[],"product_cat":[218],"product_tag":[],"jetpack-related-posts":[{"id":2955,"url":"https:\/\/tp-electric.vn\/index.php\/san-pham\/dd-1t-lpi-thiet-bi-chong-set-1-doi-day-dien-thoai\/","url_meta":{"origin":2951,"position":0},"title":"DD-1T- LPI-Thi\u1ebft b\u1ecb ch\u1ed1ng s\u00e9t 1 \u0111\u00f4i d\u00e2y \u0111i\u1ec7n tho\u1ea1i","author":"","date":"13\/02\/2023","format":false,"excerpt":"\u0110\u1eb7c \u0111i\u1ec3m c\u1ee7a thi\u1ebft b\u1ecb ch\u1ed1ng s\u00e9t DD-1T \u25cf\u00a0Ch\u1ed1ng s\u00e9t tr\u00ean \u0111\u01b0\u1eddng \u0111i\u1ec7n tho\u1ea1i v\u00e0 \u0111\u01b0\u1eddng d\u1eef li\u1ec7u \u25cf B\u1ea3o v\u1ec7 \u0111i\u1ec7n \u00e1p cao th\u1ebf \/ nhi\u1ec1u c\u1ea5p \u0111\u1ed9 b\u1ea3o v\u1ec7 \u25cf C\u1eafm tr\u1ef1c ti\u1ebfp v\u00e0o phi\u1ebfn Krone \u25cf B\u1ea3o v\u1ec7 01 \u0111\u00f4i d\u00e2y \u25cf Ch\u1ed1ng s\u00e9t tr\u00ean \u0111\u01b0\u1eddng \u0111i\u1ec7n\u2026","rel":"","context":"Similar post","block_context":{"text":"Similar post","link":""},"img":{"alt_text":"","src":"https:\/\/i0.wp.com\/tp-electric.vn\/wp-content\/uploads\/2023\/02\/LPI-chong-set-5.jpg?fit=600%2C576&ssl=1&resize=350%2C200","width":350,"height":200},"classes":[]},{"id":2937,"url":"https:\/\/tp-electric.vn\/index.php\/san-pham\/aptomat-chong-set-lan-truyen-truc-tiep-abb\/","url_meta":{"origin":2951,"position":1},"title":"APTOMAT CH\u1ed0NG S\u00c9T LAN TRUY\u1ec0N TR\u1ef0C TI\u1ebeP ABB","author":"","date":"13\/02\/2023","format":false,"excerpt":"Aptomat ch\u1ed1ng s\u00e9t lan truy\u1ec1n tr\u1ef1c ti\u1ebfp ABB d\u00f2ng s\u1ea3n ph\u1ea9m c\u00f3 ch\u1ee9c n\u0103ng b\u1ea3o v\u1ec7 s\u00e9t \u0111\u00e1nh tr\u1ef1c ti\u1ebfp cho h\u1ec7 th\u1ed1ng \u0111i\u1ec7n, b\u1ea3o v\u1ec7 qu\u00e1 \u0111i\u1ec7n \u00e1p cho c\u00e1c thi\u1ebft b\u1ecb \u0111i\u1ec7n d\u00e2n d\u1ee5ng, c\u00f4ng nghi\u1ec7p. \u00a0\u01afU \u0110I\u1ec2M: Ch\u1ed1ng s\u00e9t \u0111\u00e1nh tr\u1ef1c ti\u1ebfp cho c\u00e1c thi\u1ebft b\u1ecb \u0111i\u1ec7n\u2026","rel":"","context":"Similar post","block_context":{"text":"Similar post","link":""},"img":{"alt_text":"","src":"https:\/\/i0.wp.com\/tp-electric.vn\/wp-content\/uploads\/2023\/02\/CS-TT.png?fit=1200%2C1200&ssl=1&resize=350%2C200","width":350,"height":200,"srcset":"https:\/\/i0.wp.com\/tp-electric.vn\/wp-content\/uploads\/2023\/02\/CS-TT.png?fit=1200%2C1200&ssl=1&resize=350%2C200 1x, https:\/\/i0.wp.com\/tp-electric.vn\/wp-content\/uploads\/2023\/02\/CS-TT.png?fit=1200%2C1200&ssl=1&resize=700%2C400 2x, https:\/\/i0.wp.com\/tp-electric.vn\/wp-content\/uploads\/2023\/02\/CS-TT.png?fit=1200%2C1200&ssl=1&resize=1050%2C600 3x"},"classes":[]},{"id":2945,"url":"https:\/\/tp-electric.vn\/index.php\/san-pham\/sf132a-ne-lpi-thiet-bi-cat-loc-set-1-pha\/","url_meta":{"origin":2951,"position":2},"title":"SF132A-NE-LPI -Thi\u1ebft b\u1ecb c\u1eaft l\u1ecdc s\u00e9t 1 pha","author":"","date":"13\/02\/2023","format":false,"excerpt":"C\u1eaeT L\u1eccC S\u00c9T 1 PHA LPI SF132A-NE: l\u00e0 t\u1ee7 c\u1eaft l\u1ecdc s\u00e9t 01 pha, d\u00f2ng t\u1ea3i 32A, l\u1eafp n\u1ed1i ti\u1ebfp CB, d\u00f2ng s\u00e9t s\u01a1 c\u1ea5p 100kA, th\u1ee9 c\u1ea5p 50kA, ch\u1ecbu \u00e1p t\u1ed1i \u0111a 385V, ch\u01b0a c\u00f3 b\u1ed9 \u0111\u1ebfm, Thi\u1ebft b\u1ecb c\u1eaft l\u1ecdc s\u00e9t 1 pha, 32A, v\u1edbi b\u1ea3o v\u1ec7 c\u1ea5p\u2026","rel":"","context":"Similar post","block_context":{"text":"Similar post","link":""},"img":{"alt_text":"","src":"","width":0,"height":0},"classes":[]},{"id":2947,"url":"https:\/\/tp-electric.vn\/index.php\/san-pham\/sf132-385-10050-aimcb-lpi-tu-cat-loc-set-1-pha-32a\/","url_meta":{"origin":2951,"position":3},"title":"SF132-385-100+50-AIMCB-LPI -T\u1ee7 c\u1eaft l\u1ecdc s\u00e9t 1P 32-40-63A","author":"","date":"13\/02\/2023","format":false,"excerpt":"\u2013 C\u00f3 d\u1ea3i \u0111i\u1ec7n \u00e1p ho\u1ea1t \u0111\u1ed9ng 220\u00f7277Vac; \u2013 S\u1eed d\u1ee5ng c\u00f4ng ngh\u1ec7 SSTB150 \u0111\u1ec3 b\u1ea3o v\u1ec7 \u0111i\u1ec7n \u00e1p xoay chi\u1ec1u 1 pha ho\u1eb7c 3 pha; \u2013 Thi\u1ebft b\u1ecb c\u1eaft l\u1ecdc s\u00e9t lan truy\u1ec1n LPI \u0111\u01b0\u1eddng ngu\u1ed3n h\u1ea1 \u00e1p. B\u1ea3o v\u1ec7 c\u00e1c thi\u1ebft b\u1ecb nh\u1ea1y c\u1ea3m v\u1edbi 03 m\u1ee9c b\u1ea3o\u2026","rel":"","context":"Similar post","block_context":{"text":"Similar post","link":""},"img":{"alt_text":"","src":"https:\/\/i0.wp.com\/tp-electric.vn\/wp-content\/uploads\/2023\/02\/LPI-chong-set-2.jpg?fit=587%2C569&ssl=1&resize=350%2C200","width":350,"height":200},"classes":[]},{"id":4751,"url":"https:\/\/tp-electric.vn\/index.php\/san-pham\/thiet-bi-chong-set-lan-truyen-etek-eku5-t2-40pv-3m-1000\/","url_meta":{"origin":2951,"position":4},"title":"Thi\u1ebft b\u1ecb ch\u1ed1ng s\u00e9t lan truy\u1ec1n ETEK EKU5-T2-40PV-3M-1000","author":"Admin","date":"11\/12\/2024","format":false,"excerpt":"Th\u00f4ng s\u1ed1 k\u1ef9 thu\u1eadt: \u0110i\u1ec7n \u00e1p \u0111\u1ecbnh m\u1ee9c (VDC): 1000 \u0110i\u1ec7n \u00e1p ho\u1ea1t \u0111\u1ed9ng li\u00ean t\u1ee5c (VDC): 1.100V M\u1ee9c \u0111\u1ed9 b\u1ea3o v\u1ec7 \u0111i\u1ec7n \u00e1p: 3.6 D\u00f2ng x\u1ea3 danh ngh\u0129a In (8\/20\u03bcs): 20KA D\u00f2ng x\u1ea3 t\u1ed1i \u0111a Imax (8\/20\u03bcs): 40KA Th\u1eddi gian ph\u1ea3n \u1ee9ng: \uff1c25ns Chi\u1ec1u r\u1ed9ng\/C\u1ef1c: 18mm V\u1eadt li\u1ec7u v\u1ecf:\u2026","rel":"","context":"Similar post","block_context":{"text":"Similar post","link":""},"img":{"alt_text":"","src":"https:\/\/i0.wp.com\/tp-electric.vn\/wp-content\/uploads\/2024\/12\/eku4-40z-dc-spd-for-pv-system.jpg?fit=800%2C800&ssl=1&resize=350%2C200","width":350,"height":200,"srcset":"https:\/\/i0.wp.com\/tp-electric.vn\/wp-content\/uploads\/2024\/12\/eku4-40z-dc-spd-for-pv-system.jpg?fit=800%2C800&ssl=1&resize=350%2C200 1x, https:\/\/i0.wp.com\/tp-electric.vn\/wp-content\/uploads\/2024\/12\/eku4-40z-dc-spd-for-pv-system.jpg?fit=800%2C800&ssl=1&resize=700%2C400 2x"},"classes":[]},{"id":4748,"url":"https:\/\/tp-electric.vn\/index.php\/san-pham\/thiet-bi-chong-set-lan-truyen-etek-eku5-t2-40pv-2m-1000\/","url_meta":{"origin":2951,"position":5},"title":"Thi\u1ebft b\u1ecb ch\u1ed1ng s\u00e9t lan truy\u1ec1n ETEK EKU5-T2-40PV-2M-1000","author":"Admin","date":"11\/12\/2024","format":false,"excerpt":"Th\u00f4ng s\u1ed1 k\u1ef9 thu\u1eadt: \u0110i\u1ec7n \u00e1p \u0111\u1ecbnh m\u1ee9c (VDC): 1000 \u0110i\u1ec7n \u00e1p ho\u1ea1t \u0111\u1ed9ng li\u00ean t\u1ee5c (VDC): 1.100V M\u1ee9c \u0111\u1ed9 b\u1ea3o v\u1ec7 \u0111i\u1ec7n \u00e1p: 3.6 D\u00f2ng x\u1ea3 danh ngh\u0129a In (8\/20\u03bcs): 20KA D\u00f2ng x\u1ea3 t\u1ed1i \u0111a Imax (8\/20\u03bcs): 40KA Th\u1eddi gian ph\u1ea3n \u1ee9ng: \uff1c25ns Chi\u1ec1u r\u1ed9ng\/C\u1ef1c: 18mm V\u1eadt li\u1ec7u v\u1ecf:\u2026","rel":"","context":"Similar post","block_context":{"text":"Similar post","link":""},"img":{"alt_text":"","src":"https:\/\/i0.wp.com\/tp-electric.vn\/wp-content\/uploads\/2024\/12\/eku4-40z-dc-spd-for-pv-system.jpg?fit=800%2C800&ssl=1&resize=350%2C200","width":350,"height":200,"srcset":"https:\/\/i0.wp.com\/tp-electric.vn\/wp-content\/uploads\/2024\/12\/eku4-40z-dc-spd-for-pv-system.jpg?fit=800%2C800&ssl=1&resize=350%2C200 1x, https:\/\/i0.wp.com\/tp-electric.vn\/wp-content\/uploads\/2024\/12\/eku4-40z-dc-spd-for-pv-system.jpg?fit=800%2C800&ssl=1&resize=700%2C400 2x"},"classes":[]}],"_links":{"self":[{"href":"https:\/\/tp-electric.vn\/index.php\/wp-json\/wp\/v2\/product\/2951"}],"collection":[{"href":"https:\/\/tp-electric.vn\/index.php\/wp-json\/wp\/v2\/product"}],"about":[{"href":"https:\/\/tp-electric.vn\/index.php\/wp-json\/wp\/v2\/types\/product"}],"replies":[{"embeddable":true,"href":"https:\/\/tp-electric.vn\/index.php\/wp-json\/wp\/v2\/comments?post=2951"}],"wp:featuredmedia":[{"embeddable":true,"href":"https:\/\/tp-electric.vn\/index.php\/wp-json\/wp\/v2\/media\/2954"}],"wp:attachment":[{"href":"https:\/\/tp-electric.vn\/index.php\/wp-json\/wp\/v2\/media?parent=2951"}],"wp:term":[{"taxonomy":"product_cat","embeddable":true,"href":"https:\/\/tp-electric.vn\/index.php\/wp-json\/wp\/v2\/product_cat?post=2951"},{"taxonomy":"product_tag","embeddable":true,"href":"https:\/\/tp-electric.vn\/index.php\/wp-json\/wp\/v2\/product_tag?post=2951"}],"curies":[{"name":"wp","href":"https:\/\/api.w.org\/{rel}","templated":true}]}}