{"id":2945,"date":"2023-02-13T16:47:52","date_gmt":"2023-02-13T09:47:52","guid":{"rendered":"https:\/\/tp-electric.vn\/?post_type=product&#038;p=2945"},"modified":"2024-12-12T15:10:14","modified_gmt":"2024-12-12T08:10:14","slug":"sf132a-ne-lpi-thiet-bi-cat-loc-set-1-pha","status":"publish","type":"product","link":"https:\/\/tp-electric.vn\/index.php\/san-pham\/sf132a-ne-lpi-thiet-bi-cat-loc-set-1-pha\/","title":{"rendered":"SF132A-NE-LPI -Thi\u1ebft b\u1ecb c\u1eaft l\u1ecdc s\u00e9t 1 pha"},"content":{"rendered":"<div><strong>\u0110\u1eb7c tr\u01b0ng<\/strong><\/div>\n<div><\/div>\n<div>\u2022 B\u1ed9 ch\u1ed1ng s\u00e9t lan truy\u1ec1n hi\u1ec7u su\u1ea5t cao cho \u0111i\u1ec7n \u00e1p ho\u1ea1t \u0111\u1ed9ng 200 \u2013 240Vac<\/div>\n<div>\u2022 \u0110\u01b0\u1ee3c thi\u1ebft k\u1ebf \u0111\u1ec3 ch\u1ecbu \u0111\u01b0\u1ee3c c\u00e1c \u0111i\u1ec1u ki\u1ec7n s\u1ef1 c\u1ed1 v\u00e0 qu\u00e1 \u0111i\u1ec7n \u00e1p l\u00ean \u0111\u1ebfn 385Vac, theo ti\u00eau chu\u1ea9n IEC61643<\/div>\n<div>\u2022 D\u00f2ng x\u1ea3 xung 100kA + 50kA 8\/20\u00b5s Ph-N<\/div>\n<div>\u2022 B\u1ea3o v\u1ec7 ba giai \u0111o\u1ea1n cung c\u1ea5p m\u1ee9c \u0111\u1ed9 b\u1ea3o v\u1ec7 cao nh\u1ea5t cho c\u00e1c thi\u1ebft b\u1ecb \u0111i\u1ec7n t\u1eed nh\u1ea1y c\u1ea3m<\/div>\n<div><\/div>\n<div><strong>M\u00f4 t\u1ea3 S\u1ea3n ph\u1ea9m<\/strong><\/div>\n<div><\/div>\n<div>\u2022 Thi\u1ebft k\u1ebf ph\u00f9 h\u1ee3p v\u1edbi h\u1ec7 th\u1ed1ng ph\u00e2n ph\u1ed1i TT, TN-C, TN-S, TN-C-S &amp; IT<\/div>\n<div>\u2022 Cu\u1ed9n c\u1ea3m kh\u00f4ng b\u00e3o h\u00f2a \u2013 dv\/dt c\u1ee7a d\u00f2ng \u0111i\u1ec7n \u00e1p v\u00e0o gi\u1ea3m t\u1edbi<\/div>\n<div>1000 l\u1ea7n<\/div>\n<div>\u2022 B\u1ea3o v\u1ec7 ch\u1ed1ng s\u00e9t lan truy\u1ec1n s\u01a1 c\u1ea5p (100kA 8\/20\u00b5s) v\u00e0 th\u1ee9 c\u1ea5p (50kA 8\/20\u00b5s)<\/div>\n<div>\u2022 \u0110\u1ecbnh m\u1ee9c b\u1ea3o v\u1ec7 N \u2013 E cao \u2013 100kA 10\/350\u00b5s ho\u1eb7c 150kA 8\/20\u00b5s<\/div>\n<div>\u2022 Ch\u1ec9 b\u00e1o tr\u1ea1ng th\u00e1i v\u00e0 b\u1ed9 \u0111\u1ebfm \u0111\u1ed9t bi\u1ebfn t\u00f9y ch\u1ecdn<\/div>\n","protected":false},"excerpt":{"rendered":"<p><em><strong>C\u1eaeT L\u1eccC S\u00c9T 1 PHA LPI SF132A-NE:<\/strong><\/em><\/p>\n<p><em>l\u00e0 t\u1ee7 c\u1eaft l\u1ecdc s\u00e9t 01 pha, d\u00f2ng t\u1ea3i 32A, l\u1eafp n\u1ed1i ti\u1ebfp CB, d\u00f2ng s\u00e9t s\u01a1 c\u1ea5p 100kA, th\u1ee9 c\u1ea5p 50kA, ch\u1ecbu \u00e1p t\u1ed1i \u0111a 385V, ch\u01b0a c\u00f3 b\u1ed9 \u0111\u1ebfm, Thi\u1ebft b\u1ecb c\u1eaft l\u1ecdc s\u00e9t 1 pha, 32A, v\u1edbi b\u1ea3o v\u1ec7 c\u1ea5p II \u1ee9ng d\u1ee5ng cho P-N, 100kA 8\/20\u00b5s b\u1ea3o v\u1ec7 ph\u00eda ph\u1ee5 t\u1ea3i m\u1ed7i pha, 100 kA 10\/350\u00b5s N-E, m\u00e0n h\u00ecnh hi\u1ec3n th\u1ecb tr\u1ea1ng th\u00e1i c\u00f4ng t\u1eafc b\u00e1o \u0111\u1ed9ng.<\/em><\/p>\n","protected":false},"featured_media":2946,"comment_status":"open","ping_status":"closed","template":"","meta":[],"product_cat":[218],"product_tag":[],"jetpack-related-posts":[{"id":2947,"url":"https:\/\/tp-electric.vn\/index.php\/san-pham\/sf132-385-10050-aimcb-lpi-tu-cat-loc-set-1-pha-32a\/","url_meta":{"origin":2945,"position":0},"title":"SF132-385-100+50-AIMCB-LPI -T\u1ee7 c\u1eaft l\u1ecdc s\u00e9t 1P 32-40-63A","author":"","date":"13\/02\/2023","format":false,"excerpt":"\u2013 C\u00f3 d\u1ea3i \u0111i\u1ec7n \u00e1p ho\u1ea1t \u0111\u1ed9ng 220\u00f7277Vac; \u2013 S\u1eed d\u1ee5ng c\u00f4ng ngh\u1ec7 SSTB150 \u0111\u1ec3 b\u1ea3o v\u1ec7 \u0111i\u1ec7n \u00e1p xoay chi\u1ec1u 1 pha ho\u1eb7c 3 pha; \u2013 Thi\u1ebft b\u1ecb c\u1eaft l\u1ecdc s\u00e9t lan truy\u1ec1n LPI \u0111\u01b0\u1eddng ngu\u1ed3n h\u1ea1 \u00e1p. B\u1ea3o v\u1ec7 c\u00e1c thi\u1ebft b\u1ecb nh\u1ea1y c\u1ea3m v\u1edbi 03 m\u1ee9c b\u1ea3o\u2026","rel":"","context":"Similar post","block_context":{"text":"Similar post","link":""},"img":{"alt_text":"","src":"https:\/\/i0.wp.com\/tp-electric.vn\/wp-content\/uploads\/2023\/02\/LPI-chong-set-2.jpg?fit=587%2C569&ssl=1&resize=350%2C200","width":350,"height":200},"classes":[]},{"id":2937,"url":"https:\/\/tp-electric.vn\/index.php\/san-pham\/aptomat-chong-set-lan-truyen-truc-tiep-abb\/","url_meta":{"origin":2945,"position":1},"title":"APTOMAT CH\u1ed0NG S\u00c9T LAN TRUY\u1ec0N TR\u1ef0C TI\u1ebeP ABB","author":"","date":"13\/02\/2023","format":false,"excerpt":"Aptomat ch\u1ed1ng s\u00e9t lan truy\u1ec1n tr\u1ef1c ti\u1ebfp ABB d\u00f2ng s\u1ea3n ph\u1ea9m c\u00f3 ch\u1ee9c n\u0103ng b\u1ea3o v\u1ec7 s\u00e9t \u0111\u00e1nh tr\u1ef1c ti\u1ebfp cho h\u1ec7 th\u1ed1ng \u0111i\u1ec7n, b\u1ea3o v\u1ec7 qu\u00e1 \u0111i\u1ec7n \u00e1p cho c\u00e1c thi\u1ebft b\u1ecb \u0111i\u1ec7n d\u00e2n d\u1ee5ng, c\u00f4ng nghi\u1ec7p. \u00a0\u01afU \u0110I\u1ec2M: Ch\u1ed1ng s\u00e9t \u0111\u00e1nh tr\u1ef1c ti\u1ebfp cho c\u00e1c thi\u1ebft b\u1ecb \u0111i\u1ec7n\u2026","rel":"","context":"Similar post","block_context":{"text":"Similar post","link":""},"img":{"alt_text":"","src":"https:\/\/i0.wp.com\/tp-electric.vn\/wp-content\/uploads\/2023\/02\/CS-TT.png?fit=1200%2C1200&ssl=1&resize=350%2C200","width":350,"height":200,"srcset":"https:\/\/i0.wp.com\/tp-electric.vn\/wp-content\/uploads\/2023\/02\/CS-TT.png?fit=1200%2C1200&ssl=1&resize=350%2C200 1x, https:\/\/i0.wp.com\/tp-electric.vn\/wp-content\/uploads\/2023\/02\/CS-TT.png?fit=1200%2C1200&ssl=1&resize=700%2C400 2x, https:\/\/i0.wp.com\/tp-electric.vn\/wp-content\/uploads\/2023\/02\/CS-TT.png?fit=1200%2C1200&ssl=1&resize=1050%2C600 3x"},"classes":[]},{"id":2939,"url":"https:\/\/tp-electric.vn\/index.php\/san-pham\/aptomat-chong-set-lan-truyen-gian-tiep-abb\/","url_meta":{"origin":2945,"position":2},"title":"APTOMAT CH\u1ed0NG S\u00c9T LAN TRUY\u1ec0N GI\u00c1N TI\u1ebeP ABB","author":"","date":"13\/02\/2023","format":false,"excerpt":"Aptomat ch\u1ed1ng s\u00e9t lan truy\u1ec1n gi\u00e1n ti\u1ebfp ABB g\u1ed3m b\u1ed9 ch\u1ed1ng s\u00e9t OVR xxD, xxE, xxH c\u00f3 ch\u1ee9c n\u0103ng b\u1ea3o v\u1ec7 s\u00e9t lan truy\u1ec1n v\u00e0 qu\u00e1 xung \u0111i\u1ec7n \u00e1p tr\u00ean \u0111\u01b0\u1eddng truy\u1ec1n t\u00edn hi\u1ec7u, h\u1ec7 th\u1ed1ng \u0111o l\u01b0\u1eddng. \u00a0\u01afU \u0110I\u1ec2M: B\u1ea3o v\u1ec7 s\u00e9t lan truy\u1ec1n qu\u00e1 \u0111i\u1ec7n \u00e1p cho thi\u1ebft\u2026","rel":"","context":"Similar post","block_context":{"text":"Similar post","link":""},"img":{"alt_text":"","src":"https:\/\/i0.wp.com\/tp-electric.vn\/wp-content\/uploads\/2023\/02\/CS-GT.png?fit=1200%2C1200&ssl=1&resize=350%2C200","width":350,"height":200,"srcset":"https:\/\/i0.wp.com\/tp-electric.vn\/wp-content\/uploads\/2023\/02\/CS-GT.png?fit=1200%2C1200&ssl=1&resize=350%2C200 1x, https:\/\/i0.wp.com\/tp-electric.vn\/wp-content\/uploads\/2023\/02\/CS-GT.png?fit=1200%2C1200&ssl=1&resize=700%2C400 2x, https:\/\/i0.wp.com\/tp-electric.vn\/wp-content\/uploads\/2023\/02\/CS-GT.png?fit=1200%2C1200&ssl=1&resize=1050%2C600 3x"},"classes":[]},{"id":2955,"url":"https:\/\/tp-electric.vn\/index.php\/san-pham\/dd-1t-lpi-thiet-bi-chong-set-1-doi-day-dien-thoai\/","url_meta":{"origin":2945,"position":3},"title":"DD-1T- LPI-Thi\u1ebft b\u1ecb ch\u1ed1ng s\u00e9t 1 \u0111\u00f4i d\u00e2y \u0111i\u1ec7n tho\u1ea1i","author":"","date":"13\/02\/2023","format":false,"excerpt":"\u0110\u1eb7c \u0111i\u1ec3m c\u1ee7a thi\u1ebft b\u1ecb ch\u1ed1ng s\u00e9t DD-1T \u25cf\u00a0Ch\u1ed1ng s\u00e9t tr\u00ean \u0111\u01b0\u1eddng \u0111i\u1ec7n tho\u1ea1i v\u00e0 \u0111\u01b0\u1eddng d\u1eef li\u1ec7u \u25cf B\u1ea3o v\u1ec7 \u0111i\u1ec7n \u00e1p cao th\u1ebf \/ nhi\u1ec1u c\u1ea5p \u0111\u1ed9 b\u1ea3o v\u1ec7 \u25cf C\u1eafm tr\u1ef1c ti\u1ebfp v\u00e0o phi\u1ebfn Krone \u25cf B\u1ea3o v\u1ec7 01 \u0111\u00f4i d\u00e2y \u25cf Ch\u1ed1ng s\u00e9t tr\u00ean \u0111\u01b0\u1eddng \u0111i\u1ec7n\u2026","rel":"","context":"Similar post","block_context":{"text":"Similar post","link":""},"img":{"alt_text":"","src":"https:\/\/i0.wp.com\/tp-electric.vn\/wp-content\/uploads\/2023\/02\/LPI-chong-set-5.jpg?fit=600%2C576&ssl=1&resize=350%2C200","width":350,"height":200},"classes":[]},{"id":2951,"url":"https:\/\/tp-electric.vn\/index.php\/san-pham\/lanrj45-cat6-lpi-thiet-bi-chong-set-cho-duong-mang-may-tinh\/","url_meta":{"origin":2945,"position":4},"title":"LANRJ45-CAT6-LPI-Thi\u1ebft b\u1ecb ch\u1ed1ng s\u00e9t cho \u0111\u01b0\u1eddng m\u1ea1ng m\u00e1y t\u00ednh","author":"","date":"13\/02\/2023","format":false,"excerpt":"\u0110\u1eb7c \u0111i\u1ec3m c\u1ee7a thi\u1ebft b\u1ecb ch\u1ed1ng s\u00e9t LPI LAN-RJ45-CAT6 B\u1ea3o v\u1ec7 s\u00e9t lan truy\u1ec1n cho m\u00e1y t\u00ednh, Server v\u00e0 c\u00e1c thi\u1ebft b\u1ecb t\u01b0\u01a1ng t\u1ef1 \u0111\u01b0\u1ee3c k\u1ebft n\u1ed1i v\u1edbi m\u1ea1ng d\u1eef li\u1ec7u s\u1eed d\u1ee5ng c\u00e1p m\u1ea1ng cat6, s\u1ea3n ph\u1ea9m s\u1eed d\u1ee5ng cho \u0111\u01b0\u1eddng truy\u1ec1n m\u1ea1ng t\u1ed1c \u0111\u1ed9 cao n\u00ean \u0111\u1ebfn 1000Mb\/s,\u2026","rel":"","context":"Similar post","block_context":{"text":"Similar post","link":""},"img":{"alt_text":"","src":"https:\/\/i0.wp.com\/tp-electric.vn\/wp-content\/uploads\/2023\/02\/LPI-chong-set-4.jpg?fit=600%2C576&ssl=1&resize=350%2C200","width":350,"height":200},"classes":[]},{"id":2995,"url":"https:\/\/tp-electric.vn\/index.php\/san-pham\/thiet-bi-dem-set-lsr2-stormaster-lpi-uc\/","url_meta":{"origin":2945,"position":5},"title":"Thi\u1ebft b\u1ecb \u0111\u1ebfm s\u00e9t LSR2 Stormaster LPI-\u00dac","author":"","date":"14\/02\/2023","format":false,"excerpt":"Th\u00f4ng Tin S\u1ea3n Ph\u1ea9m: \u2013 Thi\u1ebft b\u1ecb \u0111\u1ebfm s\u00e9t LPI LSR 2 (Lightning Counter LSR2). \u2013 Lo\u1ea1i:\u00a0LSR2 \u2013 M\u00e0u s\u1eafc: Xanh \u2013 H\u00e3ng s\u1ea3n xu\u1ea5t: LPI. \u2013 Xu\u1ea5t x\u1ee9: \u00dac. \u2013 Th\u1eddi gian b\u1ea3o h\u00e0nh: B\u1ea3o h\u00e0nh 12 th\u00e1ng.","rel":"","context":"Similar post","block_context":{"text":"Similar post","link":""},"img":{"alt_text":"","src":"https:\/\/i0.wp.com\/tp-electric.vn\/wp-content\/uploads\/2023\/02\/2-4.png?fit=850%2C850&ssl=1&resize=350%2C200","width":350,"height":200,"srcset":"https:\/\/i0.wp.com\/tp-electric.vn\/wp-content\/uploads\/2023\/02\/2-4.png?fit=850%2C850&ssl=1&resize=350%2C200 1x, https:\/\/i0.wp.com\/tp-electric.vn\/wp-content\/uploads\/2023\/02\/2-4.png?fit=850%2C850&ssl=1&resize=700%2C400 2x"},"classes":[]}],"_links":{"self":[{"href":"https:\/\/tp-electric.vn\/index.php\/wp-json\/wp\/v2\/product\/2945"}],"collection":[{"href":"https:\/\/tp-electric.vn\/index.php\/wp-json\/wp\/v2\/product"}],"about":[{"href":"https:\/\/tp-electric.vn\/index.php\/wp-json\/wp\/v2\/types\/product"}],"replies":[{"embeddable":true,"href":"https:\/\/tp-electric.vn\/index.php\/wp-json\/wp\/v2\/comments?post=2945"}],"wp:featuredmedia":[{"embeddable":true,"href":"https:\/\/tp-electric.vn\/index.php\/wp-json\/wp\/v2\/media\/2946"}],"wp:attachment":[{"href":"https:\/\/tp-electric.vn\/index.php\/wp-json\/wp\/v2\/media?parent=2945"}],"wp:term":[{"taxonomy":"product_cat","embeddable":true,"href":"https:\/\/tp-electric.vn\/index.php\/wp-json\/wp\/v2\/product_cat?post=2945"},{"taxonomy":"product_tag","embeddable":true,"href":"https:\/\/tp-electric.vn\/index.php\/wp-json\/wp\/v2\/product_tag?post=2945"}],"curies":[{"name":"wp","href":"https:\/\/api.w.org\/{rel}","templated":true}]}}