{"id":2937,"date":"2023-02-13T15:35:25","date_gmt":"2023-02-13T08:35:25","guid":{"rendered":"https:\/\/tp-electric.vn\/?post_type=product&#038;p=2937"},"modified":"2024-12-12T15:10:13","modified_gmt":"2024-12-12T08:10:13","slug":"aptomat-chong-set-lan-truyen-truc-tiep-abb","status":"publish","type":"product","link":"https:\/\/tp-electric.vn\/index.php\/san-pham\/aptomat-chong-set-lan-truyen-truc-tiep-abb\/","title":{"rendered":"APTOMAT CH\u1ed0NG S\u00c9T LAN TRUY\u1ec0N TR\u1ef0C TI\u1ebeP ABB"},"content":{"rendered":"<p><strong>QUY C\u00c1CH :<\/strong><\/p>\n<table id=\"UserGridView\" class=\"s_table\" style=\"width: 1001px; height: 234px;\">\n<tbody>\n<tr style=\"height: 12.5833px;\">\n<td class=\"td-quantity\" style=\"width: 991.889px; height: 12.5833px; text-align: center;\"><strong>OVR T1 1N 25-255<\/strong><\/p>\n<p>B\u1ed9 ch\u1ed1ng s\u00e9t lo\u1ea1i 1 Ifi: 50kA, 1P+N, D\u00f2ng x\u00e3 (Iimp): 50kA, D\u00f2ng x\u00e3 (Imax): 60kA, \u0110i\u1ec7n \u00e1p: 275V<\/td>\n<\/tr>\n<tr style=\"height: 43px;\">\n<td class=\"td-desc search\" style=\"width: 991.889px; height: 43px; text-align: center;\">\n<div class=\"desc\"><strong>OVR T1 3N 25-255<\/strong><\/div>\n<div class=\"desc\">B\u1ed9 ch\u1ed1ng s\u00e9t lo\u1ea1i 1 Ifi: 50kA, 3P+N, D\u00f2ng x\u00e3 (Iimp): 100kA, D\u00f2ng x\u00e3 (Imax): 60kA, \u0110i\u1ec7n \u00e1p: 275V<\/div>\n<\/td>\n<\/tr>\n<tr style=\"height: 43px;\">\n<td class=\"td-desc search\" style=\"width: 991.889px; height: 43px; text-align: center;\">\n<div class=\"desc\"><strong>OVR T1 3N 25-2557<\/strong><\/div>\n<div class=\"desc\">B\u1ed9 ch\u1ed1ng s\u00e9t lo\u1ea1i 1 Ifi: 7kA, 3P+N, D\u00f2ng x\u00e3 (Iimp): 100kA, D\u00f2ng x\u00e3 (Imax): 60kA, \u0110i\u1ec7n \u00e1p: 275V<\/div>\n<\/td>\n<\/tr>\n<tr style=\"height: 43px;\">\n<td class=\"td-desc search\" style=\"width: 991.889px; height: 43px; text-align: center;\">\n<div class=\"desc\"><strong>OVR T1-T2 1N 12.5-275s P QS<\/strong><\/div>\n<div class=\"desc\">B\u1ed9 ch\u1ed1ng s\u00e9t lan truy\u1ec1n 1+2 d\u1ea1ng modum, 1P+N,D\u00f2ng x\u00e3 (Iimp): 25kA, D\u00f2ng x\u00e3 (Imax): 80kA, \u0110i\u1ec7n \u00e1p: 275V<\/div>\n<\/td>\n<\/tr>\n<tr style=\"height: 43px;\">\n<td class=\"td-desc search\" style=\"width: 991.889px; height: 43px; text-align: center;\">\n<div class=\"desc\"><strong>OVR T1-T2 3N 12.5-275s P QS<\/strong><\/div>\n<div class=\"desc\">B\u1ed9 ch\u1ed1ng s\u00e9t lan truy\u1ec1n 1+2 d\u1ea1ng modum, 1P+N,D\u00f2ng x\u00e3 (Iimp): 50kA, D\u00f2ng x\u00e3 (Imax): 80kA, \u0110i\u1ec7n \u00e1p: 275V<\/div>\n<div><\/div>\n<\/td>\n<\/tr>\n<\/tbody>\n<\/table>\n<h3><strong>B\u1ea3o v\u1ec7 \u1edf ch\u1ebf \u0111\u1ed9 chung ho\u1eb7c vi sai<\/strong><\/h3>\n<p><strong>Ch\u1ebf \u0111\u1ed9 chung<\/strong><\/p>\n<p>Qu\u00e1 \u00e1p trong ch\u1ebf \u0111\u1ed9 chung li\u00ean quan \u0111\u1ebfn t\u1ea5t c\u1ea3 c\u00e1c k\u1ebft n\u1ed1i \u0111i\u1ec3m trung t\u00ednh. Ch\u00fang x\u1ea3y ra gi\u1eefa c\u00e1c d\u00e2y d\u1eabn s\u1ed1ng v\u00e0 tr\u00e1i \u0111\u1ea5t (v\u00ed d\u1ee5: pha \/ tr\u00e1i \u0111\u1ea5t ho\u1eb7c trung t\u00ednh \/ tr\u00e1i \u0111\u1ea5t). C\u00e1c d\u00e2y d\u1eabn trung t\u00ednh l\u00e0 m\u1ed9t c\u00e1p s\u1ed1ng, c\u0169ng nh\u01b0 c\u00e1c d\u00e2y d\u1eabn pha.<\/p>\n<p>Ch\u1ebf \u0111\u1ed9 qu\u00e1 \u00e1p n\u00e0y ph\u00e1 h\u1ee7y kh\u00f4ng ch\u1ec9 c\u00e1c thi\u1ebft b\u1ecb n\u1ed1i \u0111\u1ea5t (Lo\u1ea1i I), nh\u01b0ng c\u0169ng l\u00e0 thi\u1ebft b\u1ecb kh\u00f4ng n\u1ed1i \u0111\u1ea5t (Lo\u1ea1i II) v\u1edbi c\u00e1ch \u0111i\u1ec7n kh\u00f4ng \u0111\u1ee7 (m\u1ed9t v\u00e0i kilovolt) n\u1eb1m g\u1ea7n kh\u1ed1i \u0111\u1ea5t. Thi\u1ebft b\u1ecb lo\u1ea1i II kh\u00f4ng \u0111\u01b0\u1ee3c \u0111\u1eb7t g\u1ea7n \u0111\u1ea5t v\u1ec1 m\u1eb7t l\u00fd thuy\u1ebft, kh\u1ed1i l\u01b0\u1ee3ng \u0111\u01b0\u1ee3c b\u1ea3o v\u1ec7 kh\u1ecfi ki\u1ec3u t\u1ea5n c\u00f4ng n\u00e0y.<\/p>\n<p><strong>Ch\u1ebf \u0111\u1ed9 vi sai<\/strong><\/p>\n<p>Qu\u00e1 n\u1ed5i trong th\u1eddi trang kh\u00e1c bi\u1ec7t l\u01b0u h\u00e0nh gi\u1eefa s\u1ed1ng pha \/ pha ho\u1eb7c pha \/ trung t\u00ednh. H\u1ecd c\u00f3 th\u1ec3 g\u00e2y ra thi\u1ec7t h\u1ea1i nhi\u1ec1u cho b\u1ea5t k\u1ef3 thi\u1ebft b\u1ecb k\u1ebft n\u1ed1i v\u1edbi m\u1ea1ng \u0111i\u1ec7n, \u0111\u1eb7c bi\u1ec7t l\u00e0 thi\u1ebft b\u1ecb &#8220;nh\u1ea1y c\u1ea3m&#8221;. Nh\u1eefng qu\u00e1 \u00e1p n\u00e0y li\u00ean quan \u0111\u1ebfn h\u1ec7 th\u1ed1ng ti\u1ebfp \u0111\u1ecba TT. H\u1ecd l\u00e0 nh\u01b0 v\u1eady \u1ea3nh h\u01b0\u1edfng \u0111\u1ebfn h\u1ec7 th\u1ed1ng TN-S n\u1ebfu c\u00f3 s\u1ef1 kh\u00e1c bi\u1ec7t \u0111\u00e1ng k\u1ec3 v\u1ec1 chi\u1ec1u d\u00e0i gi\u1eefa c\u00e1p trung t\u00ednh v\u00e0 c\u00e1p b\u1ea3o v\u1ec7 (PE).<\/p>\n<h3><strong>L\u1ee3i \u00edch, \u1ee9ng d\u1ee5ng<\/strong><\/h3>\n<p>B\u1ea3o v\u1ec7 ch\u1ed1ng s\u00e9t \u0111\u00e1nh tr\u1ef1c ti\u1ebfp cho h\u1ec7 th\u1ed1ng v\u00e0 thi\u1ebft b\u1ecb \u0111i\u1ec7n. Ng\u00e0y nay, trong t\u1ea5t c\u1ea3 c\u00e1c l\u0129nh v\u1ef1c (d\u00e2n c\u01b0, th\u01b0\u01a1ng m\u1ea1i v\u00e0 trong n\u01b0\u1edbc), Dustrial, trong ng\u00e0nh c\u00f4ng nghi\u1ec7p trung t\u00e2m d\u1eef li\u1ec7u, h\u1ecd d\u1ef1a v\u00e0o m\u00e1y t\u00ednh c\u1ee7a h\u1ecd h\u1ec7 th\u1ed1ng. M\u1ed9t th\u1eddi gian ch\u1ebft trong m\u1ed9t trong nh\u1eefng h\u1ec7 th\u1ed1ng m\u00e1y t\u00ednh n\u00e0y, do tho\u00e1ng qua d\u00e2ng tr\u00e0o, c\u00f3 th\u1ec3 c\u00f3 h\u1eadu qu\u1ea3 th\u1ea3m kh\u1ed1c. M\u1ea5t opera &#8211; m\u1ea5t d\u1ecbch v\u1ee5, m\u1ea5t d\u1eef li\u1ec7u v\u00e0 trong h\u1ea7u h\u1ebft c\u00e1c tr\u01b0\u1eddng h\u1ee3p, cho \u0111\u1ebfn nay, cao h\u01a1n chi ph\u00ed c\u1ee7a thi\u1ebft b\u1ecb \u0111\u1ec3 b\u1ea3o v\u1ec7 ch\u1ed1ng l\u1ea1i qu\u00e1 \u00e1p.<\/p>\n<p>&nbsp;<\/p>\n","protected":false},"excerpt":{"rendered":"<div class=\"desc\">Aptomat ch\u1ed1ng s\u00e9t lan truy\u1ec1n tr\u1ef1c ti\u1ebfp ABB d\u00f2ng s\u1ea3n ph\u1ea9m c\u00f3 ch\u1ee9c n\u0103ng b\u1ea3o v\u1ec7 s\u00e9t \u0111\u00e1nh tr\u1ef1c ti\u1ebfp cho h\u1ec7 th\u1ed1ng \u0111i\u1ec7n, b\u1ea3o v\u1ec7 qu\u00e1 \u0111i\u1ec7n \u00e1p cho c\u00e1c thi\u1ebft b\u1ecb \u0111i\u1ec7n d\u00e2n d\u1ee5ng, c\u00f4ng nghi\u1ec7p.<\/div>\n<div class=\"list\">\n<p><i class=\"fa fa-gg\" aria-hidden=\"true\"><\/i><strong>\u00a0\u01afU \u0110I\u1ec2M:<\/strong><\/p>\n<div class=\"ht-format-detail\">\n<ul>\n<li>Ch\u1ed1ng s\u00e9t \u0111\u00e1nh tr\u1ef1c ti\u1ebfp cho c\u00e1c thi\u1ebft b\u1ecb \u0111i\u1ec7n<\/li>\n<li>T\u1ef1 \u0111\u1ed9ng ng\u1eaft thi\u1ebft b\u1ecb ra kh\u1ecfi h\u1ec7 th\u1ed1ng \u0111i\u1ec7n khi h\u1ebft tu\u1ed5i th\u1ecd<\/li>\n<li>\u0110\u00e1p \u1ee9ng ti\u00eau chu\u1ea9n IEC 61643-11<\/li>\n<li>Ph\u00f9 h\u1ee3p v\u1edbi h\u1ec7 th\u1ed1ng n\u1ed1i \u0111\u1ea5t IT, TNC, TNS, TT<\/li>\n<li>C\u00f3 d\u00f2ng x\u00e3 t\u1ed1i \u0111\u00e3 35kA, \u0111i\u1ec7n \u00e1p ho\u1ea1t \u0111\u1ed9ng 75-660V<\/li>\n<\/ul>\n<\/div>\n<\/div>\n","protected":false},"featured_media":2938,"comment_status":"open","ping_status":"closed","template":"","meta":[],"product_cat":[212],"product_tag":[],"jetpack-related-posts":[{"id":2939,"url":"https:\/\/tp-electric.vn\/index.php\/san-pham\/aptomat-chong-set-lan-truyen-gian-tiep-abb\/","url_meta":{"origin":2937,"position":0},"title":"APTOMAT CH\u1ed0NG S\u00c9T LAN TRUY\u1ec0N GI\u00c1N TI\u1ebeP ABB","author":"","date":"13\/02\/2023","format":false,"excerpt":"Aptomat ch\u1ed1ng s\u00e9t lan truy\u1ec1n gi\u00e1n ti\u1ebfp ABB g\u1ed3m b\u1ed9 ch\u1ed1ng s\u00e9t OVR xxD, xxE, xxH c\u00f3 ch\u1ee9c n\u0103ng b\u1ea3o v\u1ec7 s\u00e9t lan truy\u1ec1n v\u00e0 qu\u00e1 xung \u0111i\u1ec7n \u00e1p tr\u00ean \u0111\u01b0\u1eddng truy\u1ec1n t\u00edn hi\u1ec7u, h\u1ec7 th\u1ed1ng \u0111o l\u01b0\u1eddng. \u00a0\u01afU \u0110I\u1ec2M: B\u1ea3o v\u1ec7 s\u00e9t lan truy\u1ec1n qu\u00e1 \u0111i\u1ec7n \u00e1p cho thi\u1ebft\u2026","rel":"","context":"Similar post","block_context":{"text":"Similar post","link":""},"img":{"alt_text":"","src":"https:\/\/i0.wp.com\/tp-electric.vn\/wp-content\/uploads\/2023\/02\/CS-GT.png?fit=1200%2C1200&ssl=1&resize=350%2C200","width":350,"height":200,"srcset":"https:\/\/i0.wp.com\/tp-electric.vn\/wp-content\/uploads\/2023\/02\/CS-GT.png?fit=1200%2C1200&ssl=1&resize=350%2C200 1x, https:\/\/i0.wp.com\/tp-electric.vn\/wp-content\/uploads\/2023\/02\/CS-GT.png?fit=1200%2C1200&ssl=1&resize=700%2C400 2x, https:\/\/i0.wp.com\/tp-electric.vn\/wp-content\/uploads\/2023\/02\/CS-GT.png?fit=1200%2C1200&ssl=1&resize=1050%2C600 3x"},"classes":[]},{"id":4742,"url":"https:\/\/tp-electric.vn\/index.php\/san-pham\/thiet-bi-chong-set-lan-truyen-etek-t2-20ka-275v\/","url_meta":{"origin":2937,"position":1},"title":"Thi\u1ebft b\u1ecb ch\u1ed1ng s\u00e9t lan truy\u1ec1n ETEK T2-20kA-275V","author":"Admin","date":"11\/12\/2024","format":false,"excerpt":"Th\u00f4ng s\u1ed1 s\u1ea3n ph\u1ea9m: Model: EKU5-T2-20-2P-275 \u0110i\u1ec7n \u00e1p ho\u1ea1t \u0111\u1ed9ng li\u00ean t\u1ee5c t\u1ed1i \u0111a (Uc): 275V \u0110i\u1ec7n \u00e1p ho\u1ea1t \u0111\u1ed9ng li\u00ean t\u1ee5c t\u1ed1i \u0111a (Uc(N-PE)): 255V D\u00f2ng x\u1ea3 \u0111\u1ecbnh m\u1ee9c (8\/20\u03bcs): 10kA D\u00f2ng x\u1ea3 t\u1ed1i \u0111a (8\/20\u03bcs): 20kA M\u1ee9c \u0111\u1ed9 b\u1ea3o v\u1ec7 \u0111i\u1ec7n \u00e1p: \u22641,0kV M\u1ee9c b\u1ea3o v\u1ec7 \u0111i\u1ec7n \u00e1p\u2026","rel":"","context":"Similar post","block_context":{"text":"Similar post","link":""},"img":{"alt_text":"","src":"https:\/\/i0.wp.com\/tp-electric.vn\/wp-content\/uploads\/2024\/12\/eku5-t2-20-spd-type-2-imax-20ka.jpg?fit=800%2C800&ssl=1&resize=350%2C200","width":350,"height":200,"srcset":"https:\/\/i0.wp.com\/tp-electric.vn\/wp-content\/uploads\/2024\/12\/eku5-t2-20-spd-type-2-imax-20ka.jpg?fit=800%2C800&ssl=1&resize=350%2C200 1x, https:\/\/i0.wp.com\/tp-electric.vn\/wp-content\/uploads\/2024\/12\/eku5-t2-20-spd-type-2-imax-20ka.jpg?fit=800%2C800&ssl=1&resize=700%2C400 2x"},"classes":[]},{"id":2945,"url":"https:\/\/tp-electric.vn\/index.php\/san-pham\/sf132a-ne-lpi-thiet-bi-cat-loc-set-1-pha\/","url_meta":{"origin":2937,"position":2},"title":"SF132A-NE-LPI -Thi\u1ebft b\u1ecb c\u1eaft l\u1ecdc s\u00e9t 1 pha","author":"","date":"13\/02\/2023","format":false,"excerpt":"C\u1eaeT L\u1eccC S\u00c9T 1 PHA LPI SF132A-NE: l\u00e0 t\u1ee7 c\u1eaft l\u1ecdc s\u00e9t 01 pha, d\u00f2ng t\u1ea3i 32A, l\u1eafp n\u1ed1i ti\u1ebfp CB, d\u00f2ng s\u00e9t s\u01a1 c\u1ea5p 100kA, th\u1ee9 c\u1ea5p 50kA, ch\u1ecbu \u00e1p t\u1ed1i \u0111a 385V, ch\u01b0a c\u00f3 b\u1ed9 \u0111\u1ebfm, Thi\u1ebft b\u1ecb c\u1eaft l\u1ecdc s\u00e9t 1 pha, 32A, v\u1edbi b\u1ea3o v\u1ec7 c\u1ea5p\u2026","rel":"","context":"Similar post","block_context":{"text":"Similar post","link":""},"img":{"alt_text":"","src":"","width":0,"height":0},"classes":[]},{"id":4745,"url":"https:\/\/tp-electric.vn\/index.php\/san-pham\/thiet-bi-chong-set-lan-truyen-etek-t2-40ka-440v\/","url_meta":{"origin":2937,"position":3},"title":"Thi\u1ebft b\u1ecb ch\u1ed1ng s\u00e9t lan truy\u1ec1n ETEK T2-40KA-440V","author":"Admin","date":"11\/12\/2024","format":false,"excerpt":"Th\u00f4ng s\u1ed1 s\u1ea3n ph\u1ea9m: Model: EKU5-T2-40-3P-440 \u0110i\u1ec7n \u00e1p ho\u1ea1t \u0111\u1ed9ng li\u00ean t\u1ee5c t\u1ed1i \u0111a (Uc): 440V \u0110i\u1ec7n \u00e1p ho\u1ea1t \u0111\u1ed9ng li\u00ean t\u1ee5c t\u1ed1i \u0111a (Uc(N-PE)): 255V D\u00f2ng x\u1ea3 \u0111\u1ecbnh m\u1ee9c (8\/20\u03bcs): 20kA D\u00f2ng x\u1ea3 t\u1ed1i \u0111a (8\/20\u03bcs): 40kA M\u1ee9c \u0111\u1ed9 b\u1ea3o v\u1ec7 \u0111i\u1ec7n \u00e1p: \u22642,0kV M\u1ee9c b\u1ea3o v\u1ec7 \u0111i\u1ec7n \u00e1p\u2026","rel":"","context":"Similar post","block_context":{"text":"Similar post","link":""},"img":{"alt_text":"","src":"https:\/\/i0.wp.com\/tp-electric.vn\/wp-content\/uploads\/2024\/12\/eku5-t2-40-spd-type-2-imax-40ka-3.jpg?fit=800%2C800&ssl=1&resize=350%2C200","width":350,"height":200,"srcset":"https:\/\/i0.wp.com\/tp-electric.vn\/wp-content\/uploads\/2024\/12\/eku5-t2-40-spd-type-2-imax-40ka-3.jpg?fit=800%2C800&ssl=1&resize=350%2C200 1x, https:\/\/i0.wp.com\/tp-electric.vn\/wp-content\/uploads\/2024\/12\/eku5-t2-40-spd-type-2-imax-40ka-3.jpg?fit=800%2C800&ssl=1&resize=700%2C400 2x"},"classes":[]},{"id":4751,"url":"https:\/\/tp-electric.vn\/index.php\/san-pham\/thiet-bi-chong-set-lan-truyen-etek-eku5-t2-40pv-3m-1000\/","url_meta":{"origin":2937,"position":4},"title":"Thi\u1ebft b\u1ecb ch\u1ed1ng s\u00e9t lan truy\u1ec1n ETEK EKU5-T2-40PV-3M-1000","author":"Admin","date":"11\/12\/2024","format":false,"excerpt":"Th\u00f4ng s\u1ed1 k\u1ef9 thu\u1eadt: \u0110i\u1ec7n \u00e1p \u0111\u1ecbnh m\u1ee9c (VDC): 1000 \u0110i\u1ec7n \u00e1p ho\u1ea1t \u0111\u1ed9ng li\u00ean t\u1ee5c (VDC): 1.100V M\u1ee9c \u0111\u1ed9 b\u1ea3o v\u1ec7 \u0111i\u1ec7n \u00e1p: 3.6 D\u00f2ng x\u1ea3 danh ngh\u0129a In (8\/20\u03bcs): 20KA D\u00f2ng x\u1ea3 t\u1ed1i \u0111a Imax (8\/20\u03bcs): 40KA Th\u1eddi gian ph\u1ea3n \u1ee9ng: \uff1c25ns Chi\u1ec1u r\u1ed9ng\/C\u1ef1c: 18mm V\u1eadt li\u1ec7u v\u1ecf:\u2026","rel":"","context":"Similar post","block_context":{"text":"Similar post","link":""},"img":{"alt_text":"","src":"https:\/\/i0.wp.com\/tp-electric.vn\/wp-content\/uploads\/2024\/12\/eku4-40z-dc-spd-for-pv-system.jpg?fit=800%2C800&ssl=1&resize=350%2C200","width":350,"height":200,"srcset":"https:\/\/i0.wp.com\/tp-electric.vn\/wp-content\/uploads\/2024\/12\/eku4-40z-dc-spd-for-pv-system.jpg?fit=800%2C800&ssl=1&resize=350%2C200 1x, https:\/\/i0.wp.com\/tp-electric.vn\/wp-content\/uploads\/2024\/12\/eku4-40z-dc-spd-for-pv-system.jpg?fit=800%2C800&ssl=1&resize=700%2C400 2x"},"classes":[]},{"id":4748,"url":"https:\/\/tp-electric.vn\/index.php\/san-pham\/thiet-bi-chong-set-lan-truyen-etek-eku5-t2-40pv-2m-1000\/","url_meta":{"origin":2937,"position":5},"title":"Thi\u1ebft b\u1ecb ch\u1ed1ng s\u00e9t lan truy\u1ec1n ETEK EKU5-T2-40PV-2M-1000","author":"Admin","date":"11\/12\/2024","format":false,"excerpt":"Th\u00f4ng s\u1ed1 k\u1ef9 thu\u1eadt: \u0110i\u1ec7n \u00e1p \u0111\u1ecbnh m\u1ee9c (VDC): 1000 \u0110i\u1ec7n \u00e1p ho\u1ea1t \u0111\u1ed9ng li\u00ean t\u1ee5c (VDC): 1.100V M\u1ee9c \u0111\u1ed9 b\u1ea3o v\u1ec7 \u0111i\u1ec7n \u00e1p: 3.6 D\u00f2ng x\u1ea3 danh ngh\u0129a In (8\/20\u03bcs): 20KA D\u00f2ng x\u1ea3 t\u1ed1i \u0111a Imax (8\/20\u03bcs): 40KA Th\u1eddi gian ph\u1ea3n \u1ee9ng: \uff1c25ns Chi\u1ec1u r\u1ed9ng\/C\u1ef1c: 18mm V\u1eadt li\u1ec7u v\u1ecf:\u2026","rel":"","context":"Similar post","block_context":{"text":"Similar post","link":""},"img":{"alt_text":"","src":"https:\/\/i0.wp.com\/tp-electric.vn\/wp-content\/uploads\/2024\/12\/eku4-40z-dc-spd-for-pv-system.jpg?fit=800%2C800&ssl=1&resize=350%2C200","width":350,"height":200,"srcset":"https:\/\/i0.wp.com\/tp-electric.vn\/wp-content\/uploads\/2024\/12\/eku4-40z-dc-spd-for-pv-system.jpg?fit=800%2C800&ssl=1&resize=350%2C200 1x, https:\/\/i0.wp.com\/tp-electric.vn\/wp-content\/uploads\/2024\/12\/eku4-40z-dc-spd-for-pv-system.jpg?fit=800%2C800&ssl=1&resize=700%2C400 2x"},"classes":[]}],"_links":{"self":[{"href":"https:\/\/tp-electric.vn\/index.php\/wp-json\/wp\/v2\/product\/2937"}],"collection":[{"href":"https:\/\/tp-electric.vn\/index.php\/wp-json\/wp\/v2\/product"}],"about":[{"href":"https:\/\/tp-electric.vn\/index.php\/wp-json\/wp\/v2\/types\/product"}],"replies":[{"embeddable":true,"href":"https:\/\/tp-electric.vn\/index.php\/wp-json\/wp\/v2\/comments?post=2937"}],"wp:featuredmedia":[{"embeddable":true,"href":"https:\/\/tp-electric.vn\/index.php\/wp-json\/wp\/v2\/media\/2938"}],"wp:attachment":[{"href":"https:\/\/tp-electric.vn\/index.php\/wp-json\/wp\/v2\/media?parent=2937"}],"wp:term":[{"taxonomy":"product_cat","embeddable":true,"href":"https:\/\/tp-electric.vn\/index.php\/wp-json\/wp\/v2\/product_cat?post=2937"},{"taxonomy":"product_tag","embeddable":true,"href":"https:\/\/tp-electric.vn\/index.php\/wp-json\/wp\/v2\/product_tag?post=2937"}],"curies":[{"name":"wp","href":"https:\/\/api.w.org\/{rel}","templated":true}]}}