{"id":2916,"date":"2023-02-11T15:49:05","date_gmt":"2023-02-11T08:49:05","guid":{"rendered":"https:\/\/tp-electric.vn\/?post_type=product&#038;p=2916"},"modified":"2024-12-12T15:10:13","modified_gmt":"2024-12-12T08:10:13","slug":"aptomat-tu-dong-mcb-abb-3p","status":"publish","type":"product","link":"https:\/\/tp-electric.vn\/index.php\/san-pham\/aptomat-tu-dong-mcb-abb-3p\/","title":{"rendered":"APTOMAT T\u1ef0 \u0110\u1ed8NG MCB ABB 3P"},"content":{"rendered":"<p><em><strong>Quy c\u00e1ch:<\/strong><\/em><\/p>\n<ul>\n<li><strong>MCB S203P-C6 3P 6A 25kA C:<\/strong>\u00a0 D\u00f2ng \u0111\u1ecbnh m\u1ee9c: 6A, D\u00f2ng c\u1eaft: 25kA, C Curve<\/li>\n<li><strong>MCB S203P-C10 3P 10A 25kA C<\/strong> : D\u00f2ng \u0111\u1ecbnh m\u1ee9c: 10A, D\u00f2ng c\u1eaft: 25kA, C Curve<\/li>\n<li><strong>MCB S203P-C16 3P 16A 25kA C<\/strong> : D\u00f2ng \u0111\u1ecbnh m\u1ee9c: 16A, D\u00f2ng c\u1eaft: 25kA, C Curve<\/li>\n<li><strong>MCB S203P-C20 3P 20A 25kA C<\/strong> : D\u00f2ng \u0111\u1ecbnh m\u1ee9c: 20A, D\u00f2ng c\u1eaft: 25kA, C Curve<\/li>\n<li><strong>MCB S203P-C25 3P 25A 25kA C<\/strong> : D\u00f2ng \u0111\u1ecbnh m\u1ee9c: 25A, D\u00f2ng c\u1eaft: 25kA, C Curve<\/li>\n<li><strong>MCB S203P-C32 3P 32A 15kA C<\/strong> : D\u00f2ng \u0111\u1ecbnh m\u1ee9c: 32A, D\u00f2ng c\u1eaft: 15kA, C Curve<\/li>\n<li><strong>MCB S203P-C40 3P 40A 15kA C<\/strong> : D\u00f2ng \u0111\u1ecbnh m\u1ee9c: 40A, D\u00f2ng c\u1eaft: 15kA, C Curve<\/li>\n<li><strong>MCB S203P-C50 3P 50A 15kA C<\/strong> : D\u00f2ng \u0111\u1ecbnh m\u1ee9c: 50A, D\u00f2ng c\u1eaft: 15kA, C Curve<\/li>\n<li><strong>MCB S203P-C63 3P 63A 15kA C<\/strong> : D\u00f2ng \u0111\u1ecbnh m\u1ee9c: 63A, D\u00f2ng c\u1eaft: 15kA, C Curve<\/li>\n<\/ul>\n<p>&nbsp;<\/p>\n","protected":false},"excerpt":{"rendered":"<div class=\"desc\">Aptomat MCB S200P ABB d\u00f2ng series \u0111\u1ea1t c\u00e1c ti\u00eau chu\u1ea9n qu\u1ed1c t\u1ebf mang \u0111\u1ebfn gi\u1ea3i ph\u00e1p b\u1ea3o v\u1ec7 qu\u00e1 t\u1ea3i, ng\u1eafn m\u1ea1ch cho h\u1ec7 th\u1ed1ng \u0111i\u1ec7n to\u00e0 nh\u00e0, c\u00f4ng nghi\u1ec7p.<\/div>\n<div class=\"list\">\n<p><i class=\"fa fa-gg\" aria-hidden=\"true\"><\/i><strong>\u01afU \u0110I\u1ec2M:<\/strong><\/p>\n<div class=\"ht-format-detail\">\n<ul>\n<li>Gi\u1ea3i ph\u00e1p s\u1eed d\u1ee5ng cho \u0111i\u1ec7n d\u00e2n d\u1ee5ng, c\u00f4ng nghi\u1ec7p<\/li>\n<li>\u0110\u1ea1t ti\u00eau chu\u1ea9n qu\u1ed1c t\u1ebf v\u1ec1 ch\u1ea5t l\u01b0\u1ee3ng, an to\u00e0n<\/li>\n<li>D\u1ec5 d\u00e0ng s\u1eed d\u1ee5ng, thay th\u1ebf l\u1eafp \u0111\u1eb7t t\u01b0\u01a1ng \u0111\u01b0\u01a1ng<\/li>\n<li>C\u00f3 \u0111\u1ea7y \u0111\u1ee7 c\u00e1c \u0111\u01b0\u1eddng \u0111\u1eb7c t\u00ednh B,C,D,K,Z<\/li>\n<li>Thi\u1ebft k\u1ebf hi\u1ec7n \u0111\u1ea1i, nh\u1ecf g\u1ecdn \u0111\u1ea7y \u0111\u1ee7 t\u00ednh n\u0103ng<\/li>\n<li>T\u1ea3i Catalogue MCB ABB lo\u1ea1i S200P: <span style=\"color: #00aae7;\"><a style=\"color: #00aae7;\" href=\"https:\/\/drive.google.com\/file\/d\/15O9NWEUYHPDRUHk0qb8QB6Eu2L4Fzo5Z\/view?usp=share_link\">T\u1ea1i \u0111\u00e2y<\/a><\/span><\/li>\n<li><\/li>\n<\/ul>\n<\/div>\n<\/div>\n","protected":false},"featured_media":2917,"comment_status":"open","ping_status":"closed","template":"","meta":[],"product_cat":[211,157],"product_tag":[],"jetpack-related-posts":[{"id":3273,"url":"https:\/\/tp-electric.vn\/index.php\/san-pham\/aptomat-mcb-s800c-abb\/","url_meta":{"origin":2916,"position":0},"title":"APTOMAT MCB S800C ABB","author":"","date":"25\/02\/2023","format":false,"excerpt":"Aptomat MCB S800C ABB \u0111\u01b0\u1ee3c s\u1ea3n xu\u1ea5t thi\u1ebft k\u1ebf \u0111\u1ea1t hi\u1ec7u su\u1ea5t cao v\u1edbi ch\u1ee9c n\u0103ng ng\u1eaft m\u1ea1ch b\u1ea3o v\u1ec7 thi\u1ebft b\u1ecb \u0111i\u1ec7n, \u0111\u01b0\u1ee3c s\u1eed d\u1ee5ng trong c\u00e1c \u1ee9ng d\u1ee5ng IEC v\u00e0 UL. \u00a0\u01afU \u0110I\u1ec2M: \u0110\u1ea1t hi\u1ec7u su\u1ea5t cao trong ch\u1ee9c n\u0103ng ng\u1eaft m\u1ea1ch S\u1ea3n ph\u1ea9m ch\u1ea5t l\u01b0\u1ee3ng ti\u00eau chu\u1ea9n\u2026","rel":"","context":"Similar post","block_context":{"text":"Similar post","link":""},"img":{"alt_text":"","src":"https:\/\/i0.wp.com\/tp-electric.vn\/wp-content\/uploads\/2023\/02\/s800c.png?fit=300%2C300&ssl=1&resize=350%2C200","width":350,"height":200},"classes":[]},{"id":2909,"url":"https:\/\/tp-electric.vn\/index.php\/san-pham\/aptomat-tu-dong-mcb-abb-1p\/","url_meta":{"origin":2916,"position":1},"title":"APTOMAT T\u1ef0 \u0110\u1ed8NG MCB ABB 1P","author":"","date":"11\/02\/2023","format":false,"excerpt":"Aptomat MCB S200P ABB d\u00f2ng series \u0111\u1ea1t c\u00e1c ti\u00eau chu\u1ea9n qu\u1ed1c t\u1ebf mang \u0111\u1ebfn gi\u1ea3i ph\u00e1p b\u1ea3o v\u1ec7 qu\u00e1 t\u1ea3i, ng\u1eafn m\u1ea1ch cho h\u1ec7 th\u1ed1ng \u0111i\u1ec7n to\u00e0 nh\u00e0, c\u00f4ng nghi\u1ec7p. \u01afU \u0110I\u1ec2M: Gi\u1ea3i ph\u00e1p s\u1eed d\u1ee5ng cho \u0111i\u1ec7n d\u00e2n d\u1ee5ng, c\u00f4ng nghi\u1ec7p \u0110\u1ea1t ti\u00eau chu\u1ea9n qu\u1ed1c t\u1ebf v\u1ec1 ch\u1ea5t l\u01b0\u1ee3ng,\u2026","rel":"","context":"Similar post","block_context":{"text":"Similar post","link":""},"img":{"alt_text":"","src":"https:\/\/i0.wp.com\/tp-electric.vn\/wp-content\/uploads\/2023\/02\/1-7.png?fit=600%2C450&ssl=1&resize=350%2C200","width":350,"height":200},"classes":[]},{"id":2914,"url":"https:\/\/tp-electric.vn\/index.php\/san-pham\/aptomat-tu-dong-mcb-abb-2p\/","url_meta":{"origin":2916,"position":2},"title":"APTOMAT T\u1ef0 \u0110\u1ed8NG MCB ABB 2P","author":"","date":"11\/02\/2023","format":false,"excerpt":"Aptomat MCB S200P ABB d\u00f2ng series \u0111\u1ea1t c\u00e1c ti\u00eau chu\u1ea9n qu\u1ed1c t\u1ebf mang \u0111\u1ebfn gi\u1ea3i ph\u00e1p b\u1ea3o v\u1ec7 qu\u00e1 t\u1ea3i, ng\u1eafn m\u1ea1ch cho h\u1ec7 th\u1ed1ng \u0111i\u1ec7n to\u00e0 nh\u00e0, c\u00f4ng nghi\u1ec7p. \u01afU \u0110I\u1ec2M: Gi\u1ea3i ph\u00e1p s\u1eed d\u1ee5ng cho \u0111i\u1ec7n d\u00e2n d\u1ee5ng, c\u00f4ng nghi\u1ec7p \u0110\u1ea1t ti\u00eau chu\u1ea9n qu\u1ed1c t\u1ebf v\u1ec1 ch\u1ea5t l\u01b0\u1ee3ng,\u2026","rel":"","context":"Similar post","block_context":{"text":"Similar post","link":""},"img":{"alt_text":"","src":"https:\/\/i0.wp.com\/tp-electric.vn\/wp-content\/uploads\/2023\/02\/2-1.png?fit=600%2C450&ssl=1&resize=350%2C200","width":350,"height":200},"classes":[]},{"id":3263,"url":"https:\/\/tp-electric.vn\/index.php\/san-pham\/aptomat-mcb-sh200-abb\/","url_meta":{"origin":2916,"position":3},"title":"APTOMAT MCB SH200 ABB","author":"","date":"25\/02\/2023","format":false,"excerpt":"Aptomat MCB SH200 ABB ph\u00f9 h\u1ee3p v\u1edbi ti\u00eau chu\u1ea9n qu\u1ed1c t\u1ebf ISO 9001. Ti\u00eau chu\u1ea9n t\u01b0\u01a1ng \u0111\u01b0\u01a1ng EN ISO 9001 v\u00e0 ti\u00eau chu\u1ea9n ch\u00e2u \u00c2u. \u00a0\u01afU \u0110I\u1ec2M: S\u1ea3n xu\u1ea5t theo\u00a0ti\u00eau chu\u1ea9n IEC898, ISO 9001 Kh\u1ea3 n\u0103ng \u0111\u00f3ng c\u1eaft l\u00ean \u0111\u1ebfn 20.000 l\u1ea7n Thi\u1ebft k\u1ebf nh\u1ecf g\u1ecdn, ti\u1ebft ki\u1ec7m di\u1ec7n t\u00edch\u2026","rel":"","context":"Similar post","block_context":{"text":"Similar post","link":""},"img":{"alt_text":"","src":"https:\/\/i0.wp.com\/tp-electric.vn\/wp-content\/uploads\/2023\/02\/2-17.png?fit=553%2C472&ssl=1&resize=350%2C200","width":350,"height":200},"classes":[]},{"id":3258,"url":"https:\/\/tp-electric.vn\/index.php\/san-pham\/aptomat-mcb-s200m-abb\/","url_meta":{"origin":2916,"position":4},"title":"APTOMAT MCB S200M ABB","author":"","date":"25\/02\/2023","format":false,"excerpt":"Aptomat MCB S200M ABB c\u00f3 m\u1eb7t t\u1ea1i nhi\u1ec1u d\u1ef1 \u00e1n, c\u00f4ng tr\u00ecnh, h\u1ec7 th\u1ed1ng s\u1ea3n xu\u1ea5t, h\u1ed7 tr\u1ee3 \u0111\u1ecba ph\u01b0\u01a1ng m\u1ea1nh m\u1ebd cho d\u1ef1 \u00e1n. \u00a0\u01afU \u0110I\u1ec2M: Series MCB S200M\u00a0\u0111\u1ea1t c\u00e1c ti\u00eau chu\u1ea9n qu\u1ed1c t\u1ebf S\u1eed d\u1ee5ng ph\u00f9 h\u1ee3p cho\u00a0nhi\u1ec1u m\u00f4i tr\u01b0\u1eddng IP20 Thi\u1ebft k\u1ebf hi\u1ec7n \u0111\u1ea1i, g\u1ecdn nh\u1eb9 d\u1ec5\u2026","rel":"","context":"Similar post","block_context":{"text":"Similar post","link":""},"img":{"alt_text":"","src":"https:\/\/i0.wp.com\/tp-electric.vn\/wp-content\/uploads\/2023\/02\/s200m.png?fit=300%2C300&ssl=1&resize=350%2C200","width":350,"height":200},"classes":[]},{"id":2918,"url":"https:\/\/tp-electric.vn\/index.php\/san-pham\/2918\/","url_meta":{"origin":2916,"position":5},"title":"APTOMAT T\u1ef0 \u0110\u1ed8NG MCB ABB 4P","author":"","date":"11\/02\/2023","format":false,"excerpt":"Aptomat MCB S200P ABB d\u00f2ng series \u0111\u1ea1t c\u00e1c ti\u00eau chu\u1ea9n qu\u1ed1c t\u1ebf mang \u0111\u1ebfn gi\u1ea3i ph\u00e1p b\u1ea3o v\u1ec7 qu\u00e1 t\u1ea3i, ng\u1eafn m\u1ea1ch cho h\u1ec7 th\u1ed1ng \u0111i\u1ec7n to\u00e0 nh\u00e0, c\u00f4ng nghi\u1ec7p. \u01afU \u0110I\u1ec2M: Gi\u1ea3i ph\u00e1p s\u1eed d\u1ee5ng cho \u0111i\u1ec7n d\u00e2n d\u1ee5ng, c\u00f4ng nghi\u1ec7p \u0110\u1ea1t ti\u00eau chu\u1ea9n qu\u1ed1c t\u1ebf v\u1ec1 ch\u1ea5t l\u01b0\u1ee3ng,\u2026","rel":"","context":"Similar post","block_context":{"text":"Similar post","link":""},"img":{"alt_text":"","src":"https:\/\/i0.wp.com\/tp-electric.vn\/wp-content\/uploads\/2023\/02\/images-s200p.bmp?resize=350%2C200&ssl=1","width":350,"height":200},"classes":[]}],"_links":{"self":[{"href":"https:\/\/tp-electric.vn\/index.php\/wp-json\/wp\/v2\/product\/2916"}],"collection":[{"href":"https:\/\/tp-electric.vn\/index.php\/wp-json\/wp\/v2\/product"}],"about":[{"href":"https:\/\/tp-electric.vn\/index.php\/wp-json\/wp\/v2\/types\/product"}],"replies":[{"embeddable":true,"href":"https:\/\/tp-electric.vn\/index.php\/wp-json\/wp\/v2\/comments?post=2916"}],"wp:featuredmedia":[{"embeddable":true,"href":"https:\/\/tp-electric.vn\/index.php\/wp-json\/wp\/v2\/media\/2917"}],"wp:attachment":[{"href":"https:\/\/tp-electric.vn\/index.php\/wp-json\/wp\/v2\/media?parent=2916"}],"wp:term":[{"taxonomy":"product_cat","embeddable":true,"href":"https:\/\/tp-electric.vn\/index.php\/wp-json\/wp\/v2\/product_cat?post=2916"},{"taxonomy":"product_tag","embeddable":true,"href":"https:\/\/tp-electric.vn\/index.php\/wp-json\/wp\/v2\/product_tag?post=2916"}],"curies":[{"name":"wp","href":"https:\/\/api.w.org\/{rel}","templated":true}]}}