{"id":2868,"date":"2023-02-08T16:48:29","date_gmt":"2023-02-08T09:48:29","guid":{"rendered":"https:\/\/tp-electric.vn\/?post_type=product&#038;p=2868"},"modified":"2024-12-12T15:10:13","modified_gmt":"2024-12-12T08:10:13","slug":"bien-tan-cua-thang-may-ec20","status":"publish","type":"product","link":"https:\/\/tp-electric.vn\/index.php\/san-pham\/bien-tan-cua-thang-may-ec20\/","title":{"rendered":"BI\u1ebeN T\u1ea6N C\u1eecA THANG M\u00c1Y EC20"},"content":{"rendered":"<p>Bi\u1ebfn t\u1ea7n c\u1eeda thang m\u00e1y EC20 \u0111\u01b0\u1ee3c thi\u1ebft k\u1ebf \u0111\u1eb7c bi\u1ec7t chuy\u00ean d\u1ee5ng \u0111i\u1ec1u khi\u1ec3n c\u1eeda thang m\u00e1y. EC20 c\u00f3 k\u00edch th\u01b0\u1edbc nh\u1ecf g\u1ecdn, giao di\u1ec7n thu\u1eadn thi\u1ec7n, c\u00e0i \u0111\u1eb7t \u0111\u01a1n gi\u1ea3n ch\u1ec9 c\u1ea7n \u0111\u1ea5u n\u1ed1i v\u00e0 v\u1eadn h\u00e0nh. \u0110\u1eb7c tuy\u1ebfn t\u0103ng gi\u1ea3m t\u1ed1c theo v\u1ecb tr\u00ed c\u1ee7a EC20, gi\u00fap c\u1eeda thang m\u00e1y \u0111\u00f3ng\/m\u1edf nhanh v\u00e0 r\u1ea5t \u00eam \u00e1i.<\/p>\n<div>\n<div><strong>Bi\u1ebfn t\u1ea7n c\u1eeda thang m\u00e1y EC20<\/strong>\u00a0c\u00f3 thi\u1ebft k\u1ebf nh\u1ecf g\u1ecdn, ti\u1ec7n l\u1ee3i v\u00e0 ti\u1ebft ki\u1ec7m kh\u00f4ng gian l\u1eafp \u0111\u1eb7t. EC20 t\u00edch h\u1ee3p nhi\u1ec1u t\u00ednh n\u0103ng th\u00f4ng minh mang \u0111\u1ebfn nh\u1eefng tr\u1ea3i nghi\u1ec7m an to\u00e0n v\u00e0 \u00eam \u00e1i.<\/div>\n<\/div>\n<div>\n<p><strong>\u0110\u1eb7c \u0111i\u1ec3m n\u1ed5i b\u1eadt c\u1ee7a bi\u1ebfn t\u1ea7n \u0111i\u1ec1u khi\u1ec3n c\u1eeda thang m\u00e1y EC20:<br \/>\nAn to\u00e0n<\/strong><\/p>\n<ul>\n<li>Ch\u1ed1ng m\u1edf c\u1eeda, b\u1ea3o v\u1ec7 an to\u00e0n cho h\u00e0nh kh\u00e1ch trong tr\u01b0\u1eddng h\u1ee3p thang m\u00e1y g\u1eb7p s\u1ef1 c\u1ed1 ho\u1eb7c khi cabin d\u1eebng l\u1ec7ch t\u1ea7ng.<\/li>\n<li>Ch\u1ee9c n\u0103ng b\u1ea3o v\u1ec7 ng\u01b0\u1eddi v\u00e0 v\u1eadt c\u1ea3n (khi c\u1eeda \u0111ang \u0111\u00f3ng m\u00e0 c\u00f3 l\u1ef1c c\u1ea3n \u0111\u1ee7 l\u1edbn th\u00ec c\u1eeda t\u1ef1 \u0111\u1ed9ng m\u1edf).<\/li>\n<li>Gi\u1eef c\u1eeda \u0111\u00f3ng k\u00edn v\u00e0 gi\u1eef c\u1eeda m\u1edf gi\u00fap ch\u1ed1ng rung l\u1eafc\/h\u1edf c\u1eeda.<\/li>\n<\/ul>\n<p><strong>Ti\u1ec7n l\u1ee3i<\/strong><\/p>\n<ul>\n<li>EC20 \u0111\u00e3 \u0111\u01b0\u1ee3c c\u1ea5u h\u00ecnh chu\u1ea9n ch\u1ec9 c\u1ea7n \u0111\u1ea5u n\u1ed1i v\u00e0 v\u1eadn h\u00e0nh.<\/li>\n<li>T\u01b0\u01a1ng th\u00edch v\u1edbi encoder ABZ ng\u00f5 ra push-pull ho\u1eb7c open collector.<\/li>\n<li>\n<div>Thi\u1ebft k\u1ebf nh\u1ecf g\u1ecdn d\u1ea1ng Din-rail ti\u1ebft ki\u1ec7m kh\u00f4ng gian.<\/div>\n<\/li>\n<li>Terminal \u0111i\u1ec1u khi\u1ec3n cao c\u1ea5p, giao di\u1ec7n th\u00e2n thi\u1ec7n, d\u1ec5 d\u00e0ng c\u00e0i \u0111\u1eb7t v\u00e0 v\u1eadn h\u00e0nh.<\/li>\n<\/ul>\n<p><strong>Th\u00f4ng minh<\/strong><\/p>\n<ul>\n<li>\u0110\u1eb7c tuy\u1ebfn t\u0103ng\/gi\u1ea3m t\u1ed1c theo v\u1ecb tr\u00ed, gi\u00fap \u0111\u00f3ng m\u1edf c\u1eeda nhanh v\u00e0 r\u1ea5t \u00eam \u00e1i.\n<ul>\n<li>\u0110i\u1ec1u khi\u1ec3n \u0111a c\u1ea5p t\u1ed1c \u0111\u1ed9 theo c\u1ea3m bi\u1ebfn v\u1ecb tr\u00ed v\u00e0 Switch gi\u1edbi h\u1ea1n.<\/li>\n<li>\u0110i\u1ec1u khi\u1ec3n v\u1ecb tr\u00ed theo kho\u1ea3ng c\u00e1ch d\u00f9ng Encoder c\u00f3 Switch gi\u1edbi h\u1ea1n.<\/li>\n<li>\u0110i\u1ec1u khi\u1ec3n v\u1ecb tr\u00ed theo kho\u1ea3ng c\u00e1ch d\u00f9ng Encoder kh\u00f4ng c\u00f3 Switch gi\u1edbi h\u1ea1n.<\/li>\n<\/ul>\n<\/li>\n<li>Ch\u1ee9c n\u0103ng t\u1ef1 \u0111\u1ed9ng h\u1ecdc \u0111\u1ed9 r\u1ed9ng h\u00e0nh tr\u00ecnh c\u1eeda.<\/li>\n<li>T\u00edch h\u1ee3p timer trong t\u1ea5t c\u1ea3 c\u00e1c giai \u0111o\u1ea1n \u0111i\u1ec1u khi\u1ec3n.<\/li>\n<li>Nh\u1eadn l\u1ec7nh \u0111\u00f3ng m\u1edf c\u1eeda v\u00e0 xu\u1ea5t t\u00edn hi\u1ec7u relay ho\u00e0n th\u00e0nh \u0111\u00f3ng v\u00e0 m\u1edf c\u1eeda.<\/li>\n<li>Truy\u1ec1n th\u00f4ng: CAN bus, MODBUS.<\/li>\n<\/ul>\n<div><strong>\u1ee8ng d\u1ee5ng linh ho\u1ea1t<\/strong><\/div>\n<ul>\n<li>T\u01b0\u01a1ng th\u00edch v\u1edbi nhi\u1ec1u lo\u1ea1i c\u1eeda kh\u00e1c nhau.<\/li>\n<li>Giao ti\u1ebfp v\u1edbi nhi\u1ec1u h\u1ec7 th\u1ed1ng \u0111i\u1ec1u khi\u1ec3n thang m\u00e1y.<\/li>\n<\/ul>\n<p><strong>C\u00e1c ch\u1ebf \u0111\u1ed9 \u0111i\u1ec1u khi\u1ec3n c\u1ee7a bi\u1ebfn t\u1ea7n EC20:<\/strong><br \/>\nEC20 c\u00f3 3 ch\u1ebf \u0111\u1ed9 \u0111i\u1ec1u khi\u1ec3n c\u1eeda ch\u00ednh:<\/p>\n<ul>\n<li>\u0110i\u1ec1u khi\u1ec3n t\u1ed1c \u0111\u1ed9 theo 2 c\u1ea3m bi\u1ebfn gi\u1edbi h\u1ea1n v\u00e0 2 c\u1ea3m bi\u1ebfn gi\u1ea3m t\u1ed1c, k\u00e8m theo 2 c\u1ea3m bi\u1ebfn gi\u1ea3m t\u1ed1c gi\u1ea3 l\u1eadp trong bi\u1ebfn t\u1ea7n, gi\u00fap c\u1eeda ho\u1ea1t \u0111\u1ed9ng nh\u1eb9 nh\u00e0ng khi gi\u1ea3m t\u1ed1c.<\/li>\n<li>\u0110i\u1ec1u khi\u1ec3n t\u1ed1c \u0111\u1ed9 theo v\u1ecb tr\u00ed c\u00f3 ph\u1ea3n h\u1ed3i v\u1ecb tr\u00ed t\u1eeb encoder motor v\u00e0 2 c\u1ea3m bi\u1ebfn gi\u1edbi h\u1ea1n, gi\u00fap c\u1eeda ho\u1ea1t \u0111\u1ed9ng nhanh, ch\u00ednh x\u00e1c v\u00e0 \u00eam \u00e1i.<\/li>\n<li>\u0110i\u1ec1u khi\u1ec3n t\u1ed1c \u0111\u1ed9 theo v\u1ecb tr\u00ed c\u00f3 ph\u1ea3n h\u1ed3i v\u1ecb tr\u00ed t\u1eeb encoder motor v\u00e0 kh\u00f4ng d\u00f9ng c\u1ea3m bi\u1ebfn gi\u1edbi h\u1ea1n, gi\u00fap c\u1eeda ho\u1ea1t \u0111\u1ed9ng nhanh, ch\u00ednh x\u00e1c v\u00e0 \u00eam \u00e1i, ti\u1ebft ki\u1ec7m chi ph\u00ed.<\/li>\n<\/ul>\n<\/div>\n","protected":false},"excerpt":{"rendered":"<p>Bi\u1ebfn t\u1ea7n c\u1eeda thang m\u00e1y EC20 \u0111\u01b0\u1ee3c thi\u1ebft k\u1ebf \u0111\u1eb7c bi\u1ec7t chuy\u00ean d\u1ee5ng \u0111i\u1ec1u khi\u1ec3n c\u1eeda thang m\u00e1y. EC20 c\u00f3 k\u00edch th\u01b0\u1edbc nh\u1ecf g\u1ecdn, giao di\u1ec7n thu\u1eadn thi\u1ec7n, c\u00e0i \u0111\u1eb7t \u0111\u01a1n gi\u1ea3n ch\u1ec9 c\u1ea7n \u0111\u1ea5u n\u1ed1i v\u00e0 v\u1eadn h\u00e0nh. \u0110\u1eb7c tuy\u1ebfn t\u0103ng gi\u1ea3m t\u1ed1c theo v\u1ecb tr\u00ed c\u1ee7a EC20, gi\u00fap c\u1eeda thang m\u00e1y \u0111\u00f3ng\/m\u1edf nhanh&#8230;<\/p>\n","protected":false},"featured_media":2871,"comment_status":"open","ping_status":"closed","template":"","meta":[],"product_cat":[162,193],"product_tag":[],"jetpack-related-posts":[{"id":2777,"url":"https:\/\/tp-electric.vn\/index.php\/san-pham\/bien-tan-invt-gd350a-thong-minh-da-chuc-nang-the-he-moi\/","url_meta":{"origin":2868,"position":0},"title":"Bi\u1ebfn t\u1ea7n INVT GD350A \u2013 Th\u00f4ng minh \u0111a ch\u1ee9c n\u0103ng th\u1ebf h\u1ec7 m\u1edbi","author":"","date":"07\/02\/2023","format":false,"excerpt":"Bi\u1ebfn t\u1ea7n GD350A \u1ee9ng d\u1ee5ng b\u1ed9 x\u1eed l\u00fd hi\u1ec7n \u0111\u1ea1i nh\u1ea5t c\u1ee7a INVT v\u00e0 c\u00f4ng ngh\u1ec7 \u0111i\u1ec1u khi\u1ec3n vector h\u00e0ng \u0111\u1ea7u th\u1ebf gi\u1edbi gi\u00fap \u0111i\u1ec1u khi\u1ec3n ch\u00ednh x\u00e1c v\u00e0 linh ho\u1ea1t c\u1ea3 v\u00f2ng h\u1edf v\u00e0 v\u00f2ng k\u00edn. Nh\u1edd kh\u1ea3 n\u0103ng m\u1edf r\u1ed9ng kh\u00f4ng gi\u1edbi h\u1ea1n, GD350A c\u00f3 th\u1ec3 \u0111\u00e1p \u1ee9ng\u2026","rel":"","context":"Similar post","block_context":{"text":"Similar post","link":""},"img":{"alt_text":"","src":"https:\/\/i0.wp.com\/tp-electric.vn\/wp-content\/uploads\/2023\/02\/bien-tan-invt-gd350-h2611.png?fit=880%2C646&ssl=1&resize=350%2C200","width":350,"height":200,"srcset":"https:\/\/i0.wp.com\/tp-electric.vn\/wp-content\/uploads\/2023\/02\/bien-tan-invt-gd350-h2611.png?fit=880%2C646&ssl=1&resize=350%2C200 1x, https:\/\/i0.wp.com\/tp-electric.vn\/wp-content\/uploads\/2023\/02\/bien-tan-invt-gd350-h2611.png?fit=880%2C646&ssl=1&resize=700%2C400 2x"},"classes":[]},{"id":3498,"url":"https:\/\/tp-electric.vn\/index.php\/san-pham\/cong-tac-xoay-3-vi-tri\/","url_meta":{"origin":2868,"position":1},"title":"C\u00d4NG T\u1eaeC XOAY 3 V\u1eca TR\u00cd","author":"","date":"14\/04\/2023","format":false,"excerpt":"C\u00f4ng t\u1eafc xoay 3 v\u1ecb tr\u00ed s\u1ebd c\u00f3 nhi\u1ec1u \u01b0u \u0111i\u1ec3m v\u01b0\u1ee3t tr\u1ed9i k\u00edch th\u01b0\u1edbc nh\u1ecf g\u1ecdn, c\u1ea5u t\u1ea1o \u0111\u01a1n gi\u1ea3n, \u0111\u01b0\u1eddng k\u00ednh D22, D25 ph\u1ed5 bi\u1ebfn, d\u1ec5 d\u00e0ng l\u1eafp \u0111\u1eb7t. \u00a0\u01afU \u0110I\u1ec2M: C\u00f4ng t\u1eafc xoay 3 v\u1ecb tr\u00ed Schneider, Hangyong, Idec ... \u0110\u01b0\u1eddng k\u00ednh D16, D22, D25, c\u00f3 tay\u2026","rel":"","context":"Similar post","block_context":{"text":"Similar post","link":""},"img":{"alt_text":"","src":"https:\/\/i0.wp.com\/tp-electric.vn\/wp-content\/uploads\/2023\/04\/3vt.png?fit=300%2C300&ssl=1&resize=350%2C200","width":350,"height":200},"classes":[]},{"id":3674,"url":"https:\/\/tp-electric.vn\/index.php\/san-pham\/bien-tan-nidec-control-techniques-ne200-2s0022gb-1-pha-220v-2-2kw\/","url_meta":{"origin":2868,"position":2},"title":"NE200-2S0022GB 1 PHA 220V 2.2KW","author":"","date":"31\/07\/2023","format":false,"excerpt":"M\u00e3 s\u1ea3n ph\u1ea9m:\u00a0NE200-2S0022GB Th\u01b0\u01a1ng hi\u1ec7u: Nidec - Control Techniques ( Nh\u1eadt B\u1ea3n )","rel":"","context":"Similar post","block_context":{"text":"Similar post","link":""},"img":{"alt_text":"","src":"https:\/\/i0.wp.com\/tp-electric.vn\/wp-content\/uploads\/2023\/07\/Bien-tan-Nidec-Control-Techniques-NE200-4T0015G-0022PB-7958.jpg?fit=634%2C616&ssl=1&resize=350%2C200","width":350,"height":200},"classes":[]},{"id":3671,"url":"https:\/\/tp-electric.vn\/index.php\/san-pham\/bien-tan-nidec-control-techniques-ne200-2s0004gb-1-pha-220v-0-4kw\/","url_meta":{"origin":2868,"position":3},"title":"NE200-2S0004GB 1 PHA 220V 0.4KW","author":"","date":"31\/07\/2023","format":false,"excerpt":"M\u00e3 s\u1ea3n ph\u1ea9m:\u00a0NE200-2S0004GB Th\u01b0\u01a1ng hi\u1ec7u: Nidec - Control Techniques ( Nh\u1eadt B\u1ea3n )","rel":"","context":"Similar post","block_context":{"text":"Similar post","link":""},"img":{"alt_text":"","src":"https:\/\/i0.wp.com\/tp-electric.vn\/wp-content\/uploads\/2023\/07\/Bien-tan-Nidec-Control-Techniques-NE200-4T0015G-0022PB-7958.jpg?fit=634%2C616&ssl=1&resize=350%2C200","width":350,"height":200},"classes":[]},{"id":3672,"url":"https:\/\/tp-electric.vn\/index.php\/san-pham\/bien-tan-nidec-control-techniques-ne200-2s0007gb-1-pha-220v-0-75kw\/","url_meta":{"origin":2868,"position":4},"title":"NE200-2S0007GB 1 PHA 220V 0.75KW","author":"","date":"31\/07\/2023","format":false,"excerpt":"M\u00e3 s\u1ea3n ph\u1ea9m:\u00a0NE200-2S0007GB Th\u01b0\u01a1ng hi\u1ec7u: Nidec - Control Techniques ( Nh\u1eadt B\u1ea3n )","rel":"","context":"Similar post","block_context":{"text":"Similar post","link":""},"img":{"alt_text":"","src":"https:\/\/i0.wp.com\/tp-electric.vn\/wp-content\/uploads\/2023\/07\/Bien-tan-Nidec-Control-Techniques-NE200-4T0015G-0022PB-7958.jpg?fit=634%2C616&ssl=1&resize=350%2C200","width":350,"height":200},"classes":[]},{"id":3673,"url":"https:\/\/tp-electric.vn\/index.php\/san-pham\/bien-tan-nidec-control-techniques-ne200-2s0015gb-1-pha-220v-1-5kw\/","url_meta":{"origin":2868,"position":5},"title":"NE200-2S0015GB 1 PHA 220V 1.5KW","author":"","date":"31\/07\/2023","format":false,"excerpt":"M\u00e3 s\u1ea3n ph\u1ea9m:\u00a0NE200-2S0015GB Th\u01b0\u01a1ng hi\u1ec7u: Nidec - Control Techniques ( Nh\u1eadt B\u1ea3n )","rel":"","context":"Similar post","block_context":{"text":"Similar post","link":""},"img":{"alt_text":"","src":"https:\/\/i0.wp.com\/tp-electric.vn\/wp-content\/uploads\/2023\/07\/Bien-tan-Nidec-Control-Techniques-NE200-4T0015G-0022PB-7958.jpg?fit=634%2C616&ssl=1&resize=350%2C200","width":350,"height":200},"classes":[]}],"_links":{"self":[{"href":"https:\/\/tp-electric.vn\/index.php\/wp-json\/wp\/v2\/product\/2868"}],"collection":[{"href":"https:\/\/tp-electric.vn\/index.php\/wp-json\/wp\/v2\/product"}],"about":[{"href":"https:\/\/tp-electric.vn\/index.php\/wp-json\/wp\/v2\/types\/product"}],"replies":[{"embeddable":true,"href":"https:\/\/tp-electric.vn\/index.php\/wp-json\/wp\/v2\/comments?post=2868"}],"wp:featuredmedia":[{"embeddable":true,"href":"https:\/\/tp-electric.vn\/index.php\/wp-json\/wp\/v2\/media\/2871"}],"wp:attachment":[{"href":"https:\/\/tp-electric.vn\/index.php\/wp-json\/wp\/v2\/media?parent=2868"}],"wp:term":[{"taxonomy":"product_cat","embeddable":true,"href":"https:\/\/tp-electric.vn\/index.php\/wp-json\/wp\/v2\/product_cat?post=2868"},{"taxonomy":"product_tag","embeddable":true,"href":"https:\/\/tp-electric.vn\/index.php\/wp-json\/wp\/v2\/product_tag?post=2868"}],"curies":[{"name":"wp","href":"https:\/\/api.w.org\/{rel}","templated":true}]}}