{"id":2845,"date":"2023-02-08T15:49:07","date_gmt":"2023-02-08T08:49:07","guid":{"rendered":"https:\/\/tp-electric.vn\/?post_type=product&#038;p=2845"},"modified":"2024-12-12T15:10:12","modified_gmt":"2024-12-12T08:10:12","slug":"bien-tan-siemens-sinamics-g120c-da-nang-nho-gon","status":"publish","type":"product","link":"https:\/\/tp-electric.vn\/index.php\/san-pham\/bien-tan-siemens-sinamics-g120c-da-nang-nho-gon\/","title":{"rendered":"Bi\u1ebfn t\u1ea7n Siemens Sinamics G120C \u2013 \u0110a n\u0103ng nh\u1ecf g\u1ecdn"},"content":{"rendered":"<p>Bi\u1ebfn t\u1ea7n Sinamic G120C \u0111\u01b0\u1ee3c thi\u1ebft k\u1ebf d\u1ea1ng compact v\u1edbi k\u00edch th\u01b0\u1edbc nh\u1ecf g\u1ecdn gi\u00fap gi\u1ea3m k\u00edch th\u01b0\u1edbc khi l\u1eafp \u0111\u1eb7t tr\u00ean m\u00e1y ho\u1eb7c trong t\u1ee7 \u0111i\u1ec1u khi\u1ec3n, v\u1eadn h\u00e0nh d\u1ec5 d\u00e0ng v\u00e0 r\u1ea5t \u0111a d\u1ee5ng. C\u00e1c \u0111\u1ea7u n\u1ed1i \u0111\u01b0\u1ee3c thi\u1ebft k\u1ebf \u01b0u vi\u1ec7t gi\u00fap l\u1eafp \u0111\u1eb7t d\u1ec5 d\u00e0ng. Ph\u1ea7n m\u1ec1m c\u00e0i \u0111\u1eb7t nhanh v\u00e0 \u0111\u01a1n gi\u1ea3n.<\/p>\n<h3><span style=\"font-size: 85%;\">BI\u1ebeN T\u1ea6N 3 PHA, 380V (0.55 132KW)<\/span><\/h3>\n<p>Bi\u1ebfn t\u1ea7n Sinamics G120C v\u1edbi thi\u1ebft k\u1ebf nh\u1ecf g\u1ecdn, t\u00edch h\u1ee3p truy\u1ec1n th\u00f4ng chu\u1ea9n PROFINET \/ EtherNet \/ IP, PROFIBUS DP, USS \/ Modbus RTU, d\u00e3y c\u00f4ng su\u1ea5t r\u1ed9ng t\u1eeb 0.55 \u2013 132 kW. \u0110\u01b0\u1ee3c thi\u1ebft k\u1ebf chuy\u00ean cho c\u00e1c nh\u00e0 t\u00edch h\u1ee3p h\u1ec7 th\u1ed1ng, nh\u00e0 ch\u1ebf t\u1ea1o m\u00e1y quan t\u00e2m nhi\u1ec1u \u0111\u1ebfn hi\u1ec7u qu\u1ea3 v\u00e0 t\u00ednh kinh t\u1ebf. G120C th\u01b0\u1eddng \u0111\u01b0\u1ee3c \u1ee9ng d\u1ee5ng trong h\u1ec7 th\u1ed1ng b\u0103ng t\u1ea3i, b\u01a1m, qu\u1ea1t, m\u00e1y n\u00e9n, m\u00e1y tr\u1ed9n v\u00e0 m\u00e1y \u0111\u00f9n\u2026<\/p>\n","protected":false},"excerpt":{"rendered":"<p>Bi\u1ebfn t\u1ea7n Sinamic G120C \u0111\u01b0\u1ee3c thi\u1ebft k\u1ebf d\u1ea1ng compact v\u1edbi k\u00edch th\u01b0\u1edbc nh\u1ecf g\u1ecdn gi\u00fap gi\u1ea3m k\u00edch th\u01b0\u1edbc khi l\u1eafp \u0111\u1eb7t tr\u00ean m\u00e1y ho\u1eb7c trong t\u1ee7 \u0111i\u1ec1u khi\u1ec3n, v\u1eadn h\u00e0nh d\u1ec5 d\u00e0ng v\u00e0 r\u1ea5t \u0111a d\u1ee5ng. C\u00e1c \u0111\u1ea7u n\u1ed1i \u0111\u01b0\u1ee3c thi\u1ebft k\u1ebf \u01b0u vi\u1ec7t gi\u00fap l\u1eafp \u0111\u1eb7t d\u1ec5 d\u00e0ng. Ph\u1ea7n m\u1ec1m c\u00e0i \u0111\u1eb7t nhanh v\u00e0&#8230;<\/p>\n","protected":false},"featured_media":2848,"comment_status":"open","ping_status":"closed","template":"","meta":[],"product_cat":[188,157],"product_tag":[],"jetpack-related-posts":[{"id":2868,"url":"https:\/\/tp-electric.vn\/index.php\/san-pham\/bien-tan-cua-thang-may-ec20\/","url_meta":{"origin":2845,"position":0},"title":"BI\u1ebeN T\u1ea6N C\u1eecA THANG M\u00c1Y EC20","author":"","date":"08\/02\/2023","format":false,"excerpt":"Bi\u1ebfn t\u1ea7n c\u1eeda thang m\u00e1y EC20 \u0111\u01b0\u1ee3c thi\u1ebft k\u1ebf \u0111\u1eb7c bi\u1ec7t chuy\u00ean d\u1ee5ng \u0111i\u1ec1u khi\u1ec3n c\u1eeda thang m\u00e1y. EC20 c\u00f3 k\u00edch th\u01b0\u1edbc nh\u1ecf g\u1ecdn, giao di\u1ec7n thu\u1eadn thi\u1ec7n, c\u00e0i \u0111\u1eb7t \u0111\u01a1n gi\u1ea3n ch\u1ec9 c\u1ea7n \u0111\u1ea5u n\u1ed1i v\u00e0 v\u1eadn h\u00e0nh. \u0110\u1eb7c tuy\u1ebfn t\u0103ng gi\u1ea3m t\u1ed1c theo v\u1ecb tr\u00ed c\u1ee7a EC20, gi\u00fap\u2026","rel":"","context":"Similar post","block_context":{"text":"Similar post","link":""},"img":{"alt_text":"","src":"https:\/\/i0.wp.com\/tp-electric.vn\/wp-content\/uploads\/2023\/02\/EC202.png?fit=880%2C646&ssl=1&resize=350%2C200","width":350,"height":200,"srcset":"https:\/\/i0.wp.com\/tp-electric.vn\/wp-content\/uploads\/2023\/02\/EC202.png?fit=880%2C646&ssl=1&resize=350%2C200 1x, https:\/\/i0.wp.com\/tp-electric.vn\/wp-content\/uploads\/2023\/02\/EC202.png?fit=880%2C646&ssl=1&resize=700%2C400 2x"},"classes":[]},{"id":3495,"url":"https:\/\/tp-electric.vn\/index.php\/san-pham\/nut-nhan-loai-khoi-abb\/","url_meta":{"origin":2845,"position":1},"title":"N\u00daT NH\u1ea4N LO\u1ea0I KH\u1ed0I ABB","author":"","date":"14\/04\/2023","format":false,"excerpt":"C\u00e1c lo\u1ea1i n\u00fat nh\u1ea5n ABB g\u1ed3m n\u00fat nh\u1ea5n nh\u1ea3, n\u00fat nh\u1ea5n c\u00f3 \u0111\u00e8n b\u00e1o, n\u00fat d\u1eebng kh\u1ea9n c\u1ea5p \u0111a d\u1ea1ng v\u1ec1 m\u00e0u s\u1eafc, ki\u1ec3u d\u00e1ng, nh\u01b0 \u0111en, xanh, \u0111\u1ecf, v\u00e0ng, cam. \u00a0\u01afU \u0110I\u1ec2M: \u0110\u1ed9 b\u1ec1n c\u01a1 kh\u00ed: 500.000 l\u1ea7n thao t\u00e1c \u0110i\u1ec7n \u00e1p c\u00e1ch \u0111i\u1ec7n 300V D\u00f2ng \u0111\u1ecbnh m\u1ee9c nhi\u1ec7t\u2026","rel":"","context":"Similar post","block_context":{"text":"Similar post","link":""},"img":{"alt_text":"","src":"https:\/\/i0.wp.com\/tp-electric.vn\/wp-content\/uploads\/2023\/04\/Untitled-1.png?fit=300%2C300&ssl=1&resize=350%2C200","width":350,"height":200},"classes":[]},{"id":3508,"url":"https:\/\/tp-electric.vn\/index.php\/san-pham\/domino-tep\/","url_meta":{"origin":2845,"position":2},"title":"DOMINO T\u00c9P","author":"","date":"14\/04\/2023","format":false,"excerpt":"\u01afU \u0110I\u1ec2M: \u0110\u1ea1t ti\u00eau chu\u1ea9n ch\u1ed1ng va \u0111\u1eadp, ch\u1ecbu nhi\u1ec7t, c\u00e1ch \u0111i\u1ec7n t\u1ed1t Ph\u00f9 h\u1ee3p v\u1edbi m\u1ecdi k\u00edch th\u01b0\u1edbc d\u00e2y \u0111i\u1ec7n \u0111\u1ec3 \u0111\u1ea5u n\u1ed1i Nh\u1ecf g\u1ecdn, d\u1ec5 d\u00e0ng l\u1eafp \u0111\u1eb7t Thi\u1ebft k\u1ebf hi\u1ec7n \u0111\u1ea1i, \u0111\u00e1p \u1ee9ng c\u00e1c y\u00eau c\u1ea7u kh\u1eafc khe Gi\u00e1 th\u00e0nh t\u01b0\u01a1ng \u0111\u1ed1i r\u1ebb","rel":"","context":"Similar post","block_context":{"text":"Similar post","link":""},"img":{"alt_text":"","src":"https:\/\/i0.wp.com\/tp-electric.vn\/wp-content\/uploads\/2023\/04\/DOMINO-TEP.png?fit=300%2C300&ssl=1&resize=350%2C200","width":350,"height":200},"classes":[]},{"id":3498,"url":"https:\/\/tp-electric.vn\/index.php\/san-pham\/cong-tac-xoay-3-vi-tri\/","url_meta":{"origin":2845,"position":3},"title":"C\u00d4NG T\u1eaeC XOAY 3 V\u1eca TR\u00cd","author":"","date":"14\/04\/2023","format":false,"excerpt":"C\u00f4ng t\u1eafc xoay 3 v\u1ecb tr\u00ed s\u1ebd c\u00f3 nhi\u1ec1u \u01b0u \u0111i\u1ec3m v\u01b0\u1ee3t tr\u1ed9i k\u00edch th\u01b0\u1edbc nh\u1ecf g\u1ecdn, c\u1ea5u t\u1ea1o \u0111\u01a1n gi\u1ea3n, \u0111\u01b0\u1eddng k\u00ednh D22, D25 ph\u1ed5 bi\u1ebfn, d\u1ec5 d\u00e0ng l\u1eafp \u0111\u1eb7t. \u00a0\u01afU \u0110I\u1ec2M: C\u00f4ng t\u1eafc xoay 3 v\u1ecb tr\u00ed Schneider, Hangyong, Idec ... \u0110\u01b0\u1eddng k\u00ednh D16, D22, D25, c\u00f3 tay\u2026","rel":"","context":"Similar post","block_context":{"text":"Similar post","link":""},"img":{"alt_text":"","src":"https:\/\/i0.wp.com\/tp-electric.vn\/wp-content\/uploads\/2023\/04\/3vt.png?fit=300%2C300&ssl=1&resize=350%2C200","width":350,"height":200},"classes":[]},{"id":3506,"url":"https:\/\/tp-electric.vn\/index.php\/san-pham\/domino-khoi-fit-den\/","url_meta":{"origin":2845,"position":4},"title":"DOMINO KH\u1ed0I FIT \u0110EN","author":"","date":"14\/04\/2023","format":false,"excerpt":"C\u1ea7u \u0111\u1ea5u d\u00e2y \u0111i\u1ec7n domino kh\u1ed1i fit \u0111en th\u01b0\u1eddng \u0111\u01b0\u1ee3c s\u1eed d\u1ee5ng trong \u0111\u1ea5u n\u1ed1i t\u1ee7 b\u1ea3ng \u0111i\u1ec7n c\u00f4ng nghi\u1ec7p, c\u00f3 th\u1ec3 \u0111\u1ea5u n\u1ed1i t\u1eeb 3P \u0111\u1ebfn 20P. \u00a0\u01afU \u0110I\u1ec2M: C\u1ea7u \u0111\u1ea5u \u0111i\u1ec7n domino kh\u1ed1i \u0111\u1eb7t ti\u00eau chu\u1ea9n IEC Ch\u1ea5t li\u1ec7u t\u1ed1t, chi\u1ee5 nhi\u1ec7t cao \u0110a d\u1ea1ng k\u00edch th\u01b0\u1edbc, cho\u2026","rel":"","context":"Similar post","block_context":{"text":"Similar post","link":""},"img":{"alt_text":"","src":"https:\/\/i0.wp.com\/tp-electric.vn\/wp-content\/uploads\/2023\/04\/DOMINO-FIT-DEN.png?fit=300%2C300&ssl=1&resize=350%2C200","width":350,"height":200},"classes":[]},{"id":3504,"url":"https:\/\/tp-electric.vn\/index.php\/san-pham\/hop-noi-day-dien\/","url_meta":{"origin":2845,"position":5},"title":"H\u1ed8P N\u1ed0I D\u00c2Y \u0110I\u1ec6N","author":"","date":"14\/04\/2023","format":false,"excerpt":"\u00a0\u01afU \u0110I\u1ec2M: V\u1eadt li\u1ec7u PVC, ABS cao c\u1ea5p ch\u1ed1ng ch\u00e1y, ch\u1ed1ng \u1ed1 v\u00e0ng H\u1ed9p n\u1ed1i \u0111i\u1ec7n \u0111a d\u1ea1ng k\u00edch th\u01b0\u1edbc, ti\u00eau chu\u1ea9n C\u00f3 nhi\u1ec1u h\u00e3ng Sino, Boxco, OBO... ch\u00ednh h\u00e3ng H\u1ed9p n\u1ed1i d\u00e2y \u0111i\u1ec7n \u0111\u00e1p \u1ee9ng c\u00e1c ti\u00eau chu\u1ea9n VN, Ch\u00e2u \u00e2u Ch\u00ednh s\u00e1ch gi\u00e1 t\u1ed1t cho c\u00f4ng tr\u00ecnh, nh\u00e0\u2026","rel":"","context":"Similar post","block_context":{"text":"Similar post","link":""},"img":{"alt_text":"","src":"https:\/\/i0.wp.com\/tp-electric.vn\/wp-content\/uploads\/2023\/04\/hopnoi.png?fit=300%2C300&ssl=1&resize=350%2C200","width":350,"height":200},"classes":[]}],"_links":{"self":[{"href":"https:\/\/tp-electric.vn\/index.php\/wp-json\/wp\/v2\/product\/2845"}],"collection":[{"href":"https:\/\/tp-electric.vn\/index.php\/wp-json\/wp\/v2\/product"}],"about":[{"href":"https:\/\/tp-electric.vn\/index.php\/wp-json\/wp\/v2\/types\/product"}],"replies":[{"embeddable":true,"href":"https:\/\/tp-electric.vn\/index.php\/wp-json\/wp\/v2\/comments?post=2845"}],"wp:featuredmedia":[{"embeddable":true,"href":"https:\/\/tp-electric.vn\/index.php\/wp-json\/wp\/v2\/media\/2848"}],"wp:attachment":[{"href":"https:\/\/tp-electric.vn\/index.php\/wp-json\/wp\/v2\/media?parent=2845"}],"wp:term":[{"taxonomy":"product_cat","embeddable":true,"href":"https:\/\/tp-electric.vn\/index.php\/wp-json\/wp\/v2\/product_cat?post=2845"},{"taxonomy":"product_tag","embeddable":true,"href":"https:\/\/tp-electric.vn\/index.php\/wp-json\/wp\/v2\/product_tag?post=2845"}],"curies":[{"name":"wp","href":"https:\/\/api.w.org\/{rel}","templated":true}]}}