{"id":2843,"date":"2023-02-08T15:49:46","date_gmt":"2023-02-08T08:49:46","guid":{"rendered":"https:\/\/tp-electric.vn\/?post_type=product&#038;p=2843"},"modified":"2024-12-12T15:10:12","modified_gmt":"2024-12-12T08:10:12","slug":"day-rut-chong-tia-uv","status":"publish","type":"product","link":"https:\/\/tp-electric.vn\/index.php\/san-pham\/day-rut-chong-tia-uv\/","title":{"rendered":"D\u00e2y r\u00fat ch\u1ed1ng tia UV"},"content":{"rendered":"<p><strong>TH\u00d4NG S\u1ed0 K\u1ef8 THU\u1eacT<\/strong><\/p>\n<ul>\n<li>K\u00edch th\u01b0\u1edbc:\u00a0 10-15-20-35cm<\/li>\n<li>S\u1ed1 l\u01b0\u1ee3ng: 250 c\u00e1i<\/li>\n<li>Ch\u1ea5t li\u1ec7u: nh\u1ef1a<\/li>\n<li>M\u00e0u s\u1eafc: \u0110en<\/li>\n<li>Tr\u1ecdng l\u01b0\u1ee3ng: 200g<\/li>\n<\/ul>\n","protected":false},"excerpt":{"rendered":"<p><strong>D\u00e2y r\u00fat c\u00f3 \u0111\u1ea7y \u0111\u1ee7 c\u00e1c k\u00edch th\u01b0\u1edbc:<\/strong><\/p>\n<ul>\n<li>D\u00e2y r\u00fat nh\u1ef1a \u0111en 2.5 x 100mm<\/li>\n<li>D\u00e2y r\u00fat nh\u1ef1a \u0111en 3 x 150mm<\/li>\n<li>D\u00e2y r\u00fat nh\u1ef1a \u0111en 4 x 200mm<\/li>\n<li>D\u00e2y r\u00fat nh\u1ef1a \u0111en 5 x 350mm<\/li>\n<\/ul>\n","protected":false},"featured_media":2844,"comment_status":"open","ping_status":"closed","template":"","meta":[],"product_cat":[164],"product_tag":[],"jetpack-related-posts":[{"id":2849,"url":"https:\/\/tp-electric.vn\/index.php\/san-pham\/day-rut-inox\/","url_meta":{"origin":2843,"position":0},"title":"D\u00e2y r\u00fat inox","author":"","date":"08\/02\/2023","format":false,"excerpt":"D\u00e2y r\u00fat c\u00f3 \u0111\u1ea7y \u0111\u1ee7 c\u00e1c k\u00edch th\u01b0\u1edbc: D\u00e2y r\u00fat nh\u1ef1a \u0111en 2.5 x 100mm D\u00e2y r\u00fat nh\u1ef1a \u0111en 3 x 150mm D\u00e2y r\u00fat nh\u1ef1a \u0111en 4 x 200mm D\u00e2y r\u00fat nh\u1ef1a \u0111en 5 x 350mm","rel":"","context":"Similar post","block_context":{"text":"Similar post","link":""},"img":{"alt_text":"","src":"https:\/\/i0.wp.com\/tp-electric.vn\/wp-content\/uploads\/2023\/02\/1224134.png?fit=300%2C300&ssl=1&resize=350%2C200","width":350,"height":200},"classes":[]},{"id":2853,"url":"https:\/\/tp-electric.vn\/index.php\/san-pham\/ong-ruot-ga-loi-thep-boc-nhua\/","url_meta":{"origin":2843,"position":1},"title":"\u1ed0ng ru\u1ed9t g\u00e0 l\u00f5i th\u00e9p b\u1ecdc nh\u1ef1a","author":"","date":"08\/02\/2023","format":false,"excerpt":"\u1ee8ng d\u1ee5ng \u1ed1ng ru\u1ed9t g\u00e0 l\u00f5i th\u00e9p b\u1ecdc nh\u1ef1a: D\u00f9ng cho khu v\u1ef1c trong nh\u00e0 v\u00e0 ngo\u00e0i tr\u1eddi. D\u00f9ng \u0111\u1ec3 lu\u1ed3n d\u00e2y cho c\u00e1c thi\u1ebft b\u1ecb c\u00f3 tr\u1ea1ng th\u00e1i chuy\u1ec3n \u0111\u1ed9ng ho\u1eb7c rung \u0111\u1ed9ng. N\u01a1i n\u00e0o \u1ed1ng th\u00e9p lu\u1ed3n c\u1ee9ng kh\u00f4ng th\u1ec3 u\u1ed1n l\u1eafp \u0111\u1eb7t \u0111\u01b0\u1ee3c. L\u1eafp \u0111\u1eb7t\u00a0 n\u01a1i c\u00f3\u2026","rel":"","context":"Similar post","block_context":{"text":"Similar post","link":""},"img":{"alt_text":"","src":"https:\/\/i0.wp.com\/tp-electric.vn\/wp-content\/uploads\/2023\/02\/day-ruot-ag.png?fit=300%2C300&ssl=1&resize=350%2C200","width":350,"height":200},"classes":[]},{"id":3504,"url":"https:\/\/tp-electric.vn\/index.php\/san-pham\/hop-noi-day-dien\/","url_meta":{"origin":2843,"position":2},"title":"H\u1ed8P N\u1ed0I D\u00c2Y \u0110I\u1ec6N","author":"","date":"14\/04\/2023","format":false,"excerpt":"\u00a0\u01afU \u0110I\u1ec2M: V\u1eadt li\u1ec7u PVC, ABS cao c\u1ea5p ch\u1ed1ng ch\u00e1y, ch\u1ed1ng \u1ed1 v\u00e0ng H\u1ed9p n\u1ed1i \u0111i\u1ec7n \u0111a d\u1ea1ng k\u00edch th\u01b0\u1edbc, ti\u00eau chu\u1ea9n C\u00f3 nhi\u1ec1u h\u00e3ng Sino, Boxco, OBO... ch\u00ednh h\u00e3ng H\u1ed9p n\u1ed1i d\u00e2y \u0111i\u1ec7n \u0111\u00e1p \u1ee9ng c\u00e1c ti\u00eau chu\u1ea9n VN, Ch\u00e2u \u00e2u Ch\u00ednh s\u00e1ch gi\u00e1 t\u1ed1t cho c\u00f4ng tr\u00ecnh, nh\u00e0\u2026","rel":"","context":"Similar post","block_context":{"text":"Similar post","link":""},"img":{"alt_text":"","src":"https:\/\/i0.wp.com\/tp-electric.vn\/wp-content\/uploads\/2023\/04\/hopnoi.png?fit=300%2C300&ssl=1&resize=350%2C200","width":350,"height":200},"classes":[]},{"id":2869,"url":"https:\/\/tp-electric.vn\/index.php\/san-pham\/tu-dien-nhua-hensel-kv7109\/","url_meta":{"origin":2843,"position":3},"title":"T\u1ee7 \u0111i\u1ec7n nh\u1ef1a Hensel KV7109","author":"","date":"08\/02\/2023","format":false,"excerpt":"\u00a0 Th\u00f4ng s\u1ed1 c\u01a1 b\u1ea3n: 9 modules (1 x 9 x 18 mm) 1 h\u00e0ng, \u0111\u00e3 bao g\u1ed3m PE v\u00e0 N terminal \u0111i k\u00e8m M\u1eb7t tr\u01b0\u1edbc t\u1ee7 c\u1eeda nh\u1ef1a trong nh\u00ecn xuy\u00ean B\u1ea3o v\u1ec7 ch\u1ed1ng n\u01b0\u1edbc v\u00e0 b\u1ee5i IP65, c\u1ea5p b\u1ea3o v\u1ec7 II V\u1eadt li\u1ec7u: PS (Polystyrene) M\u00e0u s\u1eafc: M\u00e0u\u2026","rel":"","context":"Similar post","block_context":{"text":"Similar post","link":""},"img":{"alt_text":"","src":"https:\/\/i0.wp.com\/tp-electric.vn\/wp-content\/uploads\/2023\/02\/9-m.png?fit=300%2C300&ssl=1&resize=350%2C200","width":350,"height":200},"classes":[]},{"id":2803,"url":"https:\/\/tp-electric.vn\/index.php\/san-pham\/dau-cose-pin\/","url_meta":{"origin":2843,"position":4},"title":"\u0110\u1ea7u cose c\u00e1c lo\u1ea1i","author":"","date":"08\/02\/2023","format":false,"excerpt":"\u0110\u1ea7u c\u1ed1t (Coss) c\u00f3 t\u00ean ti\u1ebfng Anh l\u00e0 COSSE ho\u1eb7c Terminal l\u00e0 thi\u1ebft b\u1ecb k\u1ebft n\u1ed1i trong ng\u00e0nh \u0111i\u1ec7n, c\u00f3 t\u00e1c d\u1ee5ng truy\u1ec1n t\u1ea3i \u0111i\u1ec7n n\u0103ng nh\u1eb1m t\u0103ng kh\u1ea3 n\u0103ng d\u1eabn \u0111i\u1ec7n gi\u1eef c\u00e1p \u0111i\u1ec7n v\u1edbi c\u00e1p \u0111i\u00ean ho\u1eb7c gi\u1eefa c\u00e1p \u0111i\u1ec7n v\u1edbi c\u00e1c thi\u1ebft b\u1ecb kh\u00e1c","rel":"","context":"Similar post","block_context":{"text":"Similar post","link":""},"img":{"alt_text":"","src":"https:\/\/i0.wp.com\/tp-electric.vn\/wp-content\/uploads\/2023\/02\/1-6.png?fit=300%2C300&ssl=1&resize=350%2C200","width":350,"height":200},"classes":[]},{"id":2860,"url":"https:\/\/tp-electric.vn\/index.php\/san-pham\/tu-hensel-kv8224-m\/","url_meta":{"origin":2843,"position":5},"title":"T\u1ee7 Hensel KV8224 M","author":"","date":"08\/02\/2023","format":false,"excerpt":"\u00a0 Th\u00f4ng s\u1ed1 c\u01a1 b\u1ea3n: 24 modules 2 rows, kh\u00f4ng PE v\u00e0 N terminal C\u1eeda ph\u00eda tr\u01b0\u1edbc m\u1eb7t t\u1ee7 nh\u1ef1a trong nh\u00ecn xuy\u00ean, c\u00f3 th\u1ec3 \u0111\u01b0\u1ee3c th\u00e1o r\u1eddi ra. B\u1ea3o v\u1ec7 ch\u1ed1ng n\u01b0\u1edbc v\u00e0 b\u1ee5i IP65, c\u1ea5p b\u1ea3o v\u1ec7 II V\u1eadt li\u1ec7u: PS (Polystyrene) M\u00e0u s\u1eafc: M\u00e0u X\u00e1m Kh\u1ed1i l\u01b0\u1ee3ng:\u2026","rel":"","context":"Similar post","block_context":{"text":"Similar post","link":""},"img":{"alt_text":"","src":"https:\/\/i0.wp.com\/tp-electric.vn\/wp-content\/uploads\/2023\/02\/uewret.png?fit=300%2C300&ssl=1&resize=350%2C200","width":350,"height":200},"classes":[]}],"_links":{"self":[{"href":"https:\/\/tp-electric.vn\/index.php\/wp-json\/wp\/v2\/product\/2843"}],"collection":[{"href":"https:\/\/tp-electric.vn\/index.php\/wp-json\/wp\/v2\/product"}],"about":[{"href":"https:\/\/tp-electric.vn\/index.php\/wp-json\/wp\/v2\/types\/product"}],"replies":[{"embeddable":true,"href":"https:\/\/tp-electric.vn\/index.php\/wp-json\/wp\/v2\/comments?post=2843"}],"wp:featuredmedia":[{"embeddable":true,"href":"https:\/\/tp-electric.vn\/index.php\/wp-json\/wp\/v2\/media\/2844"}],"wp:attachment":[{"href":"https:\/\/tp-electric.vn\/index.php\/wp-json\/wp\/v2\/media?parent=2843"}],"wp:term":[{"taxonomy":"product_cat","embeddable":true,"href":"https:\/\/tp-electric.vn\/index.php\/wp-json\/wp\/v2\/product_cat?post=2843"},{"taxonomy":"product_tag","embeddable":true,"href":"https:\/\/tp-electric.vn\/index.php\/wp-json\/wp\/v2\/product_tag?post=2843"}],"curies":[{"name":"wp","href":"https:\/\/api.w.org\/{rel}","templated":true}]}}