{"id":2833,"date":"2023-02-08T15:35:54","date_gmt":"2023-02-08T08:35:54","guid":{"rendered":"https:\/\/tp-electric.vn\/?post_type=product&#038;p=2833"},"modified":"2024-12-12T15:10:12","modified_gmt":"2024-12-12T08:10:12","slug":"oc-xiet-cap-kim-loai","status":"publish","type":"product","link":"https:\/\/tp-electric.vn\/index.php\/san-pham\/oc-xiet-cap-kim-loai\/","title":{"rendered":"\u1ed0c xi\u1ebft c\u00e1p k\u1ecbm lo\u1ea1i"},"content":{"rendered":"<p>\u1ed0c si\u1ebft c\u1ed1 \u0111\u1ecbnh c\u00e1p \u0111i\u1ec7n:<\/p>\n<p>M12x1.5: D\u00f9ng cho d\u00e2y 3.5 &#8211; 6 mm<\/p>\n<p>M16x1.5: D\u00f9ng cho d\u00e2y 4 &#8211; 8 mm<\/p>\n<p>M20x1.5: D\u00f9ng cho d\u00e2y 6 &#8211; 12 mm<\/p>\n<p>M25x1.5: D\u00f9ng cho d\u00e2y 10 &#8211; 14 mm<\/p>\n<p>M32x1.5: d\u00f9ng cho c\u00e1p 17 &#8211; 22 mm<\/p>\n<p>Ch\u1ea5t li\u1ec7u: H\u1ee3p kim B\u1ec1 m\u1eb7t<\/p>\n<p>C\u1ea5p \u0111\u1ed9 b\u1ea3o v\u1ec7: Ip55<\/p>\n","protected":false},"excerpt":{"rendered":"<p>\u1ed0c si\u1ebft c\u1ed1 \u0111\u1ecbnh c\u00e1p \u0111i\u1ec7n: M12x1.5: D\u00f9ng cho d\u00e2y 3.5 &#8211; 6 mm M16x1.5: D\u00f9ng cho d\u00e2y 4 &#8211; 8 mm M20x1.5: D\u00f9ng cho d\u00e2y 6 &#8211; 12 mm M25x1.5: D\u00f9ng cho d\u00e2y 10 &#8211; 14 mm M32x1.5: d\u00f9ng cho c\u00e1p 17 &#8211; 22 mm Ch\u1ea5t li\u1ec7u: H\u1ee3p kim B\u1ec1 m\u1eb7t C\u1ea5p \u0111\u1ed9 b\u1ea3o&#8230;<\/p>\n","protected":false},"featured_media":2837,"comment_status":"open","ping_status":"closed","template":"","meta":[],"product_cat":[164],"product_tag":[],"jetpack-related-posts":[{"id":2803,"url":"https:\/\/tp-electric.vn\/index.php\/san-pham\/dau-cose-pin\/","url_meta":{"origin":2833,"position":0},"title":"\u0110\u1ea7u cose c\u00e1c lo\u1ea1i","author":"","date":"08\/02\/2023","format":false,"excerpt":"\u0110\u1ea7u c\u1ed1t (Coss) c\u00f3 t\u00ean ti\u1ebfng Anh l\u00e0 COSSE ho\u1eb7c Terminal l\u00e0 thi\u1ebft b\u1ecb k\u1ebft n\u1ed1i trong ng\u00e0nh \u0111i\u1ec7n, c\u00f3 t\u00e1c d\u1ee5ng truy\u1ec1n t\u1ea3i \u0111i\u1ec7n n\u0103ng nh\u1eb1m t\u0103ng kh\u1ea3 n\u0103ng d\u1eabn \u0111i\u1ec7n gi\u1eef c\u00e1p \u0111i\u1ec7n v\u1edbi c\u00e1p \u0111i\u00ean ho\u1eb7c gi\u1eefa c\u00e1p \u0111i\u1ec7n v\u1edbi c\u00e1c thi\u1ebft b\u1ecb kh\u00e1c","rel":"","context":"Similar post","block_context":{"text":"Similar post","link":""},"img":{"alt_text":"","src":"https:\/\/i0.wp.com\/tp-electric.vn\/wp-content\/uploads\/2023\/02\/1-6.png?fit=300%2C300&ssl=1&resize=350%2C200","width":350,"height":200},"classes":[]},{"id":3084,"url":"https:\/\/tp-electric.vn\/index.php\/san-pham\/son-chong-chay-cho-cap-dien-sti-cs105\/","url_meta":{"origin":2833,"position":1},"title":"S\u01a0N CH\u1ed0NG CH\u00c1Y CHO C\u00c1P \u0110I\u1ec6N STI CS105","author":"","date":"14\/02\/2023","format":false,"excerpt":"S\u01a1n ch\u1ed1ng ch\u00e1y cho c\u00e1p \u0111i\u1ec7n STI CS105 V\u1eadt li\u1ec7u ph\u1ee7 l\u00ean c\u00e1p\u00a0\u0111i\u1ec7n \u0111\u1ea3m b\u1ea3o ch\u1ed1ng ch\u00e1y theo chi\u1ec1u d\u1ecdc c\u00e1p \u0111i\u1ec7n \u1ee8ng d\u1ee5ng s\u01a1n ch\u1ed1ng ch\u00e1y cho c\u00e1p \u0111i\u1ec7n: B\u1ea3o v\u1ec7 c\u00e1p, thang c\u00e1p v\u00e0 b\u00f3 c\u00e1p L\u0129nh v\u1ef1c \u1ee9ng d\u1ee5ng: Nh\u00e0 m\u00e1y l\u1ecdc d\u1ea7u, gi\u00e0n khoan, nh\u00e0 m\u00e1y\u00a0h\u00f3a\u2026","rel":"","context":"Similar post","block_context":{"text":"Similar post","link":""},"img":{"alt_text":"","src":"https:\/\/i0.wp.com\/tp-electric.vn\/wp-content\/uploads\/2023\/02\/son-chong-chay-cho-cap-600x450-1.jpg?resize=350%2C200&ssl=1","width":350,"height":200},"classes":[]},{"id":3504,"url":"https:\/\/tp-electric.vn\/index.php\/san-pham\/hop-noi-day-dien\/","url_meta":{"origin":2833,"position":2},"title":"H\u1ed8P N\u1ed0I D\u00c2Y \u0110I\u1ec6N","author":"","date":"14\/04\/2023","format":false,"excerpt":"\u00a0\u01afU \u0110I\u1ec2M: V\u1eadt li\u1ec7u PVC, ABS cao c\u1ea5p ch\u1ed1ng ch\u00e1y, ch\u1ed1ng \u1ed1 v\u00e0ng H\u1ed9p n\u1ed1i \u0111i\u1ec7n \u0111a d\u1ea1ng k\u00edch th\u01b0\u1edbc, ti\u00eau chu\u1ea9n C\u00f3 nhi\u1ec1u h\u00e3ng Sino, Boxco, OBO... ch\u00ednh h\u00e3ng H\u1ed9p n\u1ed1i d\u00e2y \u0111i\u1ec7n \u0111\u00e1p \u1ee9ng c\u00e1c ti\u00eau chu\u1ea9n VN, Ch\u00e2u \u00e2u Ch\u00ednh s\u00e1ch gi\u00e1 t\u1ed1t cho c\u00f4ng tr\u00ecnh, nh\u00e0\u2026","rel":"","context":"Similar post","block_context":{"text":"Similar post","link":""},"img":{"alt_text":"","src":"https:\/\/i0.wp.com\/tp-electric.vn\/wp-content\/uploads\/2023\/04\/hopnoi.png?fit=300%2C300&ssl=1&resize=350%2C200","width":350,"height":200},"classes":[]},{"id":3424,"url":"https:\/\/tp-electric.vn\/index.php\/san-pham\/cxv-dsta-cxv-dsta-06-1kv-cap-dien-luc-ruot-dong-cach-dien-xlpe-giap-bang-kim-loai-bao-ve-vo-pvc\/","url_meta":{"origin":2833,"position":3},"title":"CXV\/DSTA&#8230; &#038; CXV\/DSTA&#8230; &#8211; 0,6\/1kV &#8211; C\u00c1P \u0110I\u1ec6N L\u1ef0C, RU\u1ed8T \u0110\u1ed2NG, C\u00c1CH \u0110I\u1ec6N XLPE, GI\u00c1P B\u0102NG KIM LO\u1ea0I B\u1ea2O V\u1ec6, V\u1ece PVC","author":"","date":"01\/03\/2023","format":false,"excerpt":"Ph\u1ea1m vi \u00e1p d\u1ee5ng: C\u00e1p CXV\/DATA, CXV\/DSTA d\u00f9ng cho h\u1ec7 th\u1ed1ng truy\u1ec1n t\u1ea3i v\u00e0 ph\u00e2n ph\u1ed1i \u0111i\u1ec7n ng\u1ea7m, c\u1ea5p \u0111i\u1ec7n \u00e1p 0,6\/1 kV, l\u1eafp \u0111\u1eb7t c\u1ed1 \u0111\u1ecbnh Ti\u00eau chu\u1ea9n \u00e1p d\u1ee5ng: TCVN 5935-1\/ IEC 60502-1 TCVN 6612\/ IEC 60228 T\u1ea2I CATALOGUE T\u1ea0I \u0110\u00c2Y","rel":"","context":"Similar post","block_context":{"text":"Similar post","link":""},"img":{"alt_text":"","src":"https:\/\/i0.wp.com\/tp-electric.vn\/wp-content\/uploads\/2023\/03\/9.png?fit=300%2C300&ssl=1&resize=350%2C200","width":350,"height":200},"classes":[]},{"id":3426,"url":"https:\/\/tp-electric.vn\/index.php\/san-pham\/cvv-dsta-cvv-data-06-1kv-cap-dien-luc-ruot-dong-cach-dien-pvc-giap-bang-kim-loai-bao-ve-vo-pvc\/","url_meta":{"origin":2833,"position":4},"title":"CVV\/DSTA&#8230;&#038; CVV\/DATA&#8230; &#8211; 06\/1kV &#8211; C\u00c1P \u0110I\u1ec6N L\u1ef0C, RU\u1ed8T \u0110\u1ed2NG, C\u00c1CH \u0110I\u1ec6N PVC, GI\u00c1P B\u0102NG KIM LO\u1ea0I B\u00c0O V\u1ec6, V\u1ece PVC","author":"","date":"01\/03\/2023","format":false,"excerpt":"Ph\u1ea1m vi \u00e1p d\u1ee5ng: C\u00e1p CVV\/DATA, CVV\/DSTA d\u00f9ng cho h\u1ec7 th\u1ed1ng truy\u1ec1n t\u1ea3i v\u00e0 ph\u00e2n ph\u1ed1i \u0111i\u1ec7n ng\u1ea7m, c\u1ea5p \u0111i\u1ec7n \u00e1p 0,6\/1 kV, l\u1eafp \u0111\u1eb7t c\u1ed1 \u0111\u1ecbnh. Ti\u00eau chu\u1ea9n \u00e1p d\u1ee5ng: \u2022 TCVN 5935-1\/ IEC 60502-1 \u2022 TCVN 6612\/ IEC 6022 T\u1ea2I CATALOGUE T\u1ea0I \u0110\u00c2Y","rel":"","context":"Similar post","block_context":{"text":"Similar post","link":""},"img":{"alt_text":"","src":"https:\/\/i0.wp.com\/tp-electric.vn\/wp-content\/uploads\/2023\/03\/11.png?fit=300%2C300&ssl=1&resize=350%2C200","width":350,"height":200},"classes":[]},{"id":3430,"url":"https:\/\/tp-electric.vn\/index.php\/san-pham\/avv-dsta-avv-data-06-1kv-cap-dien-luc-ruot-nhom-cach-dien-pvc-giap-bang-kim-loai-bao-ve-vo-pvc\/","url_meta":{"origin":2833,"position":5},"title":"AVV\/DSTA..&#038; AVV\/DATA&#8230; &#8211; 06\/1kV- C\u00c1P \u0110I\u1ec6N L\u1ef0C RU\u1ed8T NH\u00d4M, C\u00c1CH \u0110I\u1ec6N PVC, GI\u00c1P B\u0102NG KIM LO\u1ea0I B\u1ea2O V\u1ec6 V\u1ece PVC","author":"","date":"01\/03\/2023","format":false,"excerpt":"Ph\u1ea1m vi \u00e1p d\u1ee5ng: C\u00e1p AVV\/DATA, AVV\/DSTA d\u00f9ng cho h\u1ec7 th\u1ed1ng truy\u1ec1n t\u1ea3i v\u00e0 ph\u00e2n ph\u1ed1i \u0111i\u1ec7n ng\u1ea7m, c\u1ea5p \u0111i\u1ec7n \u00e1p 0,6\/1 kV, l\u1eafp \u0111\u1eb7t c\u1ed1 \u0111\u1ecbnh Ti\u00eau chu\u1ea9n \u00e1p d\u1ee5ng: \u2022 TCVN 5935-1\/ IEC 60502-1 \u2022 TCVN 6612\/ IEC 6022 T\u1ea2I CATALOGUE T\u1ea0I \u0110\u00c2Y","rel":"","context":"Similar post","block_context":{"text":"Similar post","link":""},"img":{"alt_text":"","src":"https:\/\/i0.wp.com\/tp-electric.vn\/wp-content\/uploads\/2023\/03\/13.png?fit=300%2C300&ssl=1&resize=350%2C200","width":350,"height":200},"classes":[]}],"_links":{"self":[{"href":"https:\/\/tp-electric.vn\/index.php\/wp-json\/wp\/v2\/product\/2833"}],"collection":[{"href":"https:\/\/tp-electric.vn\/index.php\/wp-json\/wp\/v2\/product"}],"about":[{"href":"https:\/\/tp-electric.vn\/index.php\/wp-json\/wp\/v2\/types\/product"}],"replies":[{"embeddable":true,"href":"https:\/\/tp-electric.vn\/index.php\/wp-json\/wp\/v2\/comments?post=2833"}],"wp:featuredmedia":[{"embeddable":true,"href":"https:\/\/tp-electric.vn\/index.php\/wp-json\/wp\/v2\/media\/2837"}],"wp:attachment":[{"href":"https:\/\/tp-electric.vn\/index.php\/wp-json\/wp\/v2\/media?parent=2833"}],"wp:term":[{"taxonomy":"product_cat","embeddable":true,"href":"https:\/\/tp-electric.vn\/index.php\/wp-json\/wp\/v2\/product_cat?post=2833"},{"taxonomy":"product_tag","embeddable":true,"href":"https:\/\/tp-electric.vn\/index.php\/wp-json\/wp\/v2\/product_tag?post=2833"}],"curies":[{"name":"wp","href":"https:\/\/api.w.org\/{rel}","templated":true}]}}