{"id":2832,"date":"2023-02-08T15:33:24","date_gmt":"2023-02-08T08:33:24","guid":{"rendered":"https:\/\/tp-electric.vn\/?post_type=product&#038;p=2832"},"modified":"2024-12-12T15:10:12","modified_gmt":"2024-12-12T08:10:12","slug":"bien-tan-invt-gd300-01-cho-may-nen-khi","status":"publish","type":"product","link":"https:\/\/tp-electric.vn\/index.php\/san-pham\/bien-tan-invt-gd300-01-cho-may-nen-khi\/","title":{"rendered":"Bi\u1ebfn t\u1ea7n INVT GD300-01 cho m\u00e1y n\u00e9n kh\u00ed"},"content":{"rendered":"<p>GD300-01 l\u00e0 d\u00f2ng bi\u1ebfn t\u1ea7n cao c\u1ea5p \u0111\u01b0\u1ee3c thi\u1ebft k\u1ebf d\u00e0nh ri\u00eang cho \u1ee9ng d\u1ee5ng \u0111i\u1ec1u khi\u1ec3n m\u00e1y n\u00e9n kh\u0131\u0301. V\u1edbi thi\u1ebft k\u1ebf c\u1ee9ng c\u00e1p, t\u00edch h\u1ee3p nhi\u1ec1u ch\u1ee9c n\u0103ng \u0111i\u1ec1u khi\u1ec3n chuy\u00ean bi\u00ea\u0323t v\u00e0 linh ho\u1ea1t, GD300-01 ph\u00f9 h\u1ee3p v\u1edbi t\u1ea5t c\u1ea3 m\u00f4i tr\u01b0\u1eddng l\u00e0m vi\u1ec7c v\u00e0 c\u00e1c lo\u1ea1i m\u00e1y n\u00e9n kh\u0131\u0301 kh\u00e1c nhau.<\/p>\n<div><strong>C\u00e1c ch\u1ee9c n\u0103ng chuy\u00ean d\u1ee5ng:<\/strong><\/div>\n<ul>\n<li>Ch\u1ee9c n\u0103ng \u0111i\u1ec1u khi\u1ec3n PID \u1ed5n \u0111\u1ecbnh \u00e1p su\u1ea5t, PID \u1ed5n \u0111\u1ecbnh nhi\u1ec7t \u0111\u1ed9, \u0111i\u1ec1u khi\u1ec3n van \u0111\u00f3ng m\u1edf khi t\u1ea3i ho\u1eb7c kh\u00f4ng t\u1ea3i, k\u1ebft h\u1ee3p c\u00e1c ch\u1ee9c n\u0103ng \u0111i\u1ec1u khi\u1ec3n thay th\u1ebf PLC truy\u1ec1n th\u1ed1ng.<\/li>\n<li>\u0110i\u1ec1u khi\u1ec3n qu\u1ea1t l\u00e0m m\u00e1t b\u1ea3o \u0111\u1ea3m d\u1ea7u b\u00f4i tr\u01a1n ho\u1ea1t \u0111\u1ed9ng \u1edf nhi\u1ec7t \u0111\u1ed9 t\u1ed1i \u01b0u.<\/li>\n<li>\u0110\u01b0\u1ee3c trang b\u1ecb m\u00e0n h\u00ecnh HMI d\u00e0nh ri\u00eang cho \u1ee9ng d\u1ee5ng m\u00e1y n\u00e9n kh\u0131\u0301, d\u1ec5 d\u00e0ng \u0111i\u1ec1u khi\u1ec3n v\u00e0 thao t\u00e1c nhanh ch\u00f3ng.<\/li>\n<\/ul>\n<div><strong>\u0110\u0103\u0323c ti\u0301nh ky\u0303 thu\u00e2\u0323t \u0111i\u00ea\u0300u khi\u00ea\u0309n:<\/strong><\/div>\n<ul>\n<li>Ch\u1ebf \u0111\u1ed9 \u0111i\u1ec1u khi\u1ec3n Vectorized V\/F (SVPWM), Sensorless Vector (SVC) v\u00e0 \u0111i\u00ea\u0300u khi\u00ea\u0309n torque (l\u01b0\u0323c c\u0103ng).<\/li>\n<li>S\u1eed d\u1ee5ng \u0111\u01b0\u1ee3c cho c\u1ea3 \u0111\u1ed9ng c\u01a1 kh\u00f4ng \u0111\u1ed3ng b\u1ed9 v\u00e0 \u0111\u1ed9ng c\u01a1 \u0111\u1ed3ng b\u1ed9.<\/li>\n<li>M\u00f4-men kh\u1edfi \u0111\u1ed9ng \u1edf 0.25Hz: 150%.<\/li>\n<li>\u0110i\u1ec1u khi\u1ec3n t\u1ed1c \u0111\u1ed9 ch\u00ednh x\u00e1c \u0111\u1ebfn \u00b10.2%, \u0111\u00e1p \u1ee9ng nhanh &lt;20 ms.<\/li>\n<li>Truy\u1ec1n th\u00f4ng: Modbus, Profibus DP, CANbus, Ethernet.<\/li>\n<li>T\u00edch h\u1ee3p s\u1eb5n IEC 61800-3 C3 Filter, b\u1ed9 th\u1eafng cho bi\u1ebfn t\u1ea7n \u226430 kW.<\/li>\n<li>36 ch\u1ee9c n\u0103ng b\u1ea3o v\u1ec7 \u0111\u1ed9ng c\u01a1 va\u0300\u00a0<a href=\"https:\/\/dattech.com.vn\/bien-tan-la-gi-nguyen-ly-hoat-dong-bien-tan\/\" target=\"_blank\" rel=\"noopener\">bi\u00ea\u0301n t\u00e2\u0300n<\/a><\/li>\n<li>CE h\u1ee3p chu\u1ea9n th\u1ecb tr\u01b0\u1eddng ch\u00e2u \u00c2u<\/li>\n<li>T\u01b0\u01a1ng th\u00edch \u0111i\u1ec7n t\u1eeb: EN 61800-3:2004, 2006\/95\/EC<\/li>\n<li>An to\u00e0n: EN 61800-5-1:2007, 2004\/108\/EC<\/li>\n<\/ul>\n","protected":false},"excerpt":{"rendered":"<p>GD300-01 l\u00e0 d\u00f2ng bi\u1ebfn t\u1ea7n cao c\u1ea5p \u0111\u01b0\u1ee3c thi\u1ebft k\u1ebf d\u00e0nh ri\u00eang cho \u1ee9ng d\u1ee5ng \u0111i\u1ec1u khi\u1ec3n m\u00e1y n\u00e9n kh\u0131\u0301. V\u1edbi thi\u1ebft k\u1ebf c\u1ee9ng c\u00e1p, t\u00edch h\u1ee3p nhi\u1ec1u ch\u1ee9c n\u0103ng \u0111i\u1ec1u khi\u1ec3n chuy\u00ean bi\u00ea\u0323t v\u00e0 linh ho\u1ea1t, GD300-01 ph\u00f9 h\u1ee3p v\u1edbi t\u1ea5t c\u1ea3 m\u00f4i tr\u01b0\u1eddng l\u00e0m vi\u1ec7c v\u00e0 c\u00e1c lo\u1ea1i m\u00e1y n\u00e9n kh\u0131\u0301 kh\u00e1c nhau&#8230;.<\/p>\n","protected":false},"featured_media":2835,"comment_status":"open","ping_status":"closed","template":"","meta":[],"product_cat":[186],"product_tag":[],"jetpack-related-posts":[{"id":3513,"url":"https:\/\/tp-electric.vn\/index.php\/san-pham\/gd300-bien-tan-vector-vong-ho-cao-cap\/","url_meta":{"origin":2832,"position":0},"title":"GD300 \u2013 Bi\u1ebfn t\u1ea7n vector v\u00f2ng h\u1edf cao c\u1ea5p","author":"","date":"15\/04\/2023","format":false,"excerpt":"Th\u01b0\u01a1ng hi\u1ec7u:\u00a0INVT B\u1ea3o h\u00e0nh:\u00a024 th\u00e1ng \u00a0","rel":"","context":"Similar post","block_context":{"text":"Similar post","link":""},"img":{"alt_text":"","src":"https:\/\/i0.wp.com\/tp-electric.vn\/wp-content\/uploads\/2023\/04\/Bien-tan-chuyen-dung-gd300-16-slide1-1.png?fit=880%2C646&ssl=1&resize=350%2C200","width":350,"height":200,"srcset":"https:\/\/i0.wp.com\/tp-electric.vn\/wp-content\/uploads\/2023\/04\/Bien-tan-chuyen-dung-gd300-16-slide1-1.png?fit=880%2C646&ssl=1&resize=350%2C200 1x, https:\/\/i0.wp.com\/tp-electric.vn\/wp-content\/uploads\/2023\/04\/Bien-tan-chuyen-dung-gd300-16-slide1-1.png?fit=880%2C646&ssl=1&resize=700%2C400 2x"},"classes":[]},{"id":2760,"url":"https:\/\/tp-electric.vn\/index.php\/san-pham\/bien-tan-abb-acs150-03e-08a8-4-4kw-5hp-3-pha-380v\/","url_meta":{"origin":2832,"position":1},"title":"Bi\u1ebfn t\u1ea7n INVT GD270 \u2013 Chuy\u00ean d\u1ee5ng th\u00f4ng minh cho c\u00e1c \u1ee9ng d\u1ee5ng b\u01a1m qu\u1ea1t v\u00e0 HVAC","author":"","date":"07\/02\/2023","format":false,"excerpt":"Bi\u1ebfn t\u1ea7n GD270 \u0111\u01b0\u1ee3c ph\u00e1t tri\u1ec3n c\u00e1c t\u00ednh n\u0103ng n\u00e2ng cao v\u00e0 t\u1ed1i \u01b0u cho c\u00e1c \u1ee9ng d\u1ee5ng s\u1eed d\u1ee5ng b\u01a1m qu\u1ea1t nh\u01b0: h\u1ec7 th\u1ed1ng t\u01b0\u1edbi ti\u00eau, h\u1ec7 th\u1ed1ng x\u1eed l\u00fd n\u01b0\u1edbc th\u1ea3i, HVAC\u2026 Bi\u1ebfn t\u1ea7n GD270 n\u1ed5i b\u1eadt v\u1edbi d\u1ea3i c\u00f4ng su\u1ea5t r\u1ed9ng, m\u1ee9c \u0111\u1ed9 b\u1ea3o v\u1ec7 \u0111a d\u1ea1ng,\u2026","rel":"","context":"Similar post","block_context":{"text":"Similar post","link":""},"img":{"alt_text":"","src":"https:\/\/i0.wp.com\/tp-electric.vn\/wp-content\/uploads\/2023\/02\/bien-tan-invt-gd270-h1212.png?fit=800%2C600&ssl=1&resize=350%2C200","width":350,"height":200,"srcset":"https:\/\/i0.wp.com\/tp-electric.vn\/wp-content\/uploads\/2023\/02\/bien-tan-invt-gd270-h1212.png?fit=800%2C600&ssl=1&resize=350%2C200 1x, https:\/\/i0.wp.com\/tp-electric.vn\/wp-content\/uploads\/2023\/02\/bien-tan-invt-gd270-h1212.png?fit=800%2C600&ssl=1&resize=700%2C400 2x"},"classes":[]},{"id":2777,"url":"https:\/\/tp-electric.vn\/index.php\/san-pham\/bien-tan-invt-gd350a-thong-minh-da-chuc-nang-the-he-moi\/","url_meta":{"origin":2832,"position":2},"title":"Bi\u1ebfn t\u1ea7n INVT GD350A \u2013 Th\u00f4ng minh \u0111a ch\u1ee9c n\u0103ng th\u1ebf h\u1ec7 m\u1edbi","author":"","date":"07\/02\/2023","format":false,"excerpt":"Bi\u1ebfn t\u1ea7n GD350A \u1ee9ng d\u1ee5ng b\u1ed9 x\u1eed l\u00fd hi\u1ec7n \u0111\u1ea1i nh\u1ea5t c\u1ee7a INVT v\u00e0 c\u00f4ng ngh\u1ec7 \u0111i\u1ec1u khi\u1ec3n vector h\u00e0ng \u0111\u1ea7u th\u1ebf gi\u1edbi gi\u00fap \u0111i\u1ec1u khi\u1ec3n ch\u00ednh x\u00e1c v\u00e0 linh ho\u1ea1t c\u1ea3 v\u00f2ng h\u1edf v\u00e0 v\u00f2ng k\u00edn. Nh\u1edd kh\u1ea3 n\u0103ng m\u1edf r\u1ed9ng kh\u00f4ng gi\u1edbi h\u1ea1n, GD350A c\u00f3 th\u1ec3 \u0111\u00e1p \u1ee9ng\u2026","rel":"","context":"Similar post","block_context":{"text":"Similar post","link":""},"img":{"alt_text":"","src":"https:\/\/i0.wp.com\/tp-electric.vn\/wp-content\/uploads\/2023\/02\/bien-tan-invt-gd350-h2611.png?fit=880%2C646&ssl=1&resize=350%2C200","width":350,"height":200,"srcset":"https:\/\/i0.wp.com\/tp-electric.vn\/wp-content\/uploads\/2023\/02\/bien-tan-invt-gd350-h2611.png?fit=880%2C646&ssl=1&resize=350%2C200 1x, https:\/\/i0.wp.com\/tp-electric.vn\/wp-content\/uploads\/2023\/02\/bien-tan-invt-gd350-h2611.png?fit=880%2C646&ssl=1&resize=700%2C400 2x"},"classes":[]},{"id":2820,"url":"https:\/\/tp-electric.vn\/index.php\/san-pham\/bien-tan-invt-gd200a-s24-vao-1-pha-220v-ra-3-pha-380v\/","url_meta":{"origin":2832,"position":3},"title":"Bi\u1ebfn t\u1ea7n INVT GD200A-S24 v\u00e0o 1 pha 220V ra 3 pha 380V","author":"","date":"08\/02\/2023","format":false,"excerpt":"GD200A-S24\u00a0la\u0300 do\u0300ng bi\u00ea\u0301n t\u00e2\u0300n chuy\u00ean du\u0300ng cho ca\u0301c \u01b0\u0301ng du\u0323ng \u0111i\u00ea\u0300u khi\u00ea\u0309n \u0111\u00f4\u0323ng c\u01a1 3 pha 380V \u01a1\u0309 nh\u01b0\u0303ng n\u01a1i chi\u0309 co\u0301 \u0111i\u00ea\u0323n l\u01b0\u01a1\u0301i 1 pha 220V. V\u00e2\u0323n ha\u0300nh \u0111\u01a1n gia\u0309n, b\u00ea\u0300n bi\u0309, hoa\u0323t \u0111\u00f4\u0323ng \u00f4\u0309n \u0111i\u0323nh ngay ca\u0309 nh\u01b0\u0303ng n\u01a1i ngu\u00f4\u0300n \u0111i\u00ea\u0323n bi\u0323 su\u0323t a\u0301p, ch\u00e2\u0323p ch\u01a1\u0300n. BI\u1ebeN T\u1ea6N\u2026","rel":"","context":"Similar post","block_context":{"text":"Similar post","link":""},"img":{"alt_text":"","src":"https:\/\/i0.wp.com\/tp-electric.vn\/wp-content\/uploads\/2023\/02\/bien-tan-1-pha-ra-3-pha-gd200a-s24-h4166.png?fit=880%2C647&ssl=1&resize=350%2C200","width":350,"height":200,"srcset":"https:\/\/i0.wp.com\/tp-electric.vn\/wp-content\/uploads\/2023\/02\/bien-tan-1-pha-ra-3-pha-gd200a-s24-h4166.png?fit=880%2C647&ssl=1&resize=350%2C200 1x, https:\/\/i0.wp.com\/tp-electric.vn\/wp-content\/uploads\/2023\/02\/bien-tan-1-pha-ra-3-pha-gd200a-s24-h4166.png?fit=880%2C647&ssl=1&resize=700%2C400 2x"},"classes":[]},{"id":2868,"url":"https:\/\/tp-electric.vn\/index.php\/san-pham\/bien-tan-cua-thang-may-ec20\/","url_meta":{"origin":2832,"position":4},"title":"BI\u1ebeN T\u1ea6N C\u1eecA THANG M\u00c1Y EC20","author":"","date":"08\/02\/2023","format":false,"excerpt":"Bi\u1ebfn t\u1ea7n c\u1eeda thang m\u00e1y EC20 \u0111\u01b0\u1ee3c thi\u1ebft k\u1ebf \u0111\u1eb7c bi\u1ec7t chuy\u00ean d\u1ee5ng \u0111i\u1ec1u khi\u1ec3n c\u1eeda thang m\u00e1y. EC20 c\u00f3 k\u00edch th\u01b0\u1edbc nh\u1ecf g\u1ecdn, giao di\u1ec7n thu\u1eadn thi\u1ec7n, c\u00e0i \u0111\u1eb7t \u0111\u01a1n gi\u1ea3n ch\u1ec9 c\u1ea7n \u0111\u1ea5u n\u1ed1i v\u00e0 v\u1eadn h\u00e0nh. \u0110\u1eb7c tuy\u1ebfn t\u0103ng gi\u1ea3m t\u1ed1c theo v\u1ecb tr\u00ed c\u1ee7a EC20, gi\u00fap\u2026","rel":"","context":"Similar post","block_context":{"text":"Similar post","link":""},"img":{"alt_text":"","src":"https:\/\/i0.wp.com\/tp-electric.vn\/wp-content\/uploads\/2023\/02\/EC202.png?fit=880%2C646&ssl=1&resize=350%2C200","width":350,"height":200,"srcset":"https:\/\/i0.wp.com\/tp-electric.vn\/wp-content\/uploads\/2023\/02\/EC202.png?fit=880%2C646&ssl=1&resize=350%2C200 1x, https:\/\/i0.wp.com\/tp-electric.vn\/wp-content\/uploads\/2023\/02\/EC202.png?fit=880%2C646&ssl=1&resize=700%2C400 2x"},"classes":[]},{"id":3671,"url":"https:\/\/tp-electric.vn\/index.php\/san-pham\/bien-tan-nidec-control-techniques-ne200-2s0004gb-1-pha-220v-0-4kw\/","url_meta":{"origin":2832,"position":5},"title":"NE200-2S0004GB 1 PHA 220V 0.4KW","author":"","date":"31\/07\/2023","format":false,"excerpt":"M\u00e3 s\u1ea3n ph\u1ea9m:\u00a0NE200-2S0004GB Th\u01b0\u01a1ng hi\u1ec7u: Nidec - Control Techniques ( Nh\u1eadt B\u1ea3n )","rel":"","context":"Similar post","block_context":{"text":"Similar post","link":""},"img":{"alt_text":"","src":"https:\/\/i0.wp.com\/tp-electric.vn\/wp-content\/uploads\/2023\/07\/Bien-tan-Nidec-Control-Techniques-NE200-4T0015G-0022PB-7958.jpg?fit=634%2C616&ssl=1&resize=350%2C200","width":350,"height":200},"classes":[]}],"_links":{"self":[{"href":"https:\/\/tp-electric.vn\/index.php\/wp-json\/wp\/v2\/product\/2832"}],"collection":[{"href":"https:\/\/tp-electric.vn\/index.php\/wp-json\/wp\/v2\/product"}],"about":[{"href":"https:\/\/tp-electric.vn\/index.php\/wp-json\/wp\/v2\/types\/product"}],"replies":[{"embeddable":true,"href":"https:\/\/tp-electric.vn\/index.php\/wp-json\/wp\/v2\/comments?post=2832"}],"wp:featuredmedia":[{"embeddable":true,"href":"https:\/\/tp-electric.vn\/index.php\/wp-json\/wp\/v2\/media\/2835"}],"wp:attachment":[{"href":"https:\/\/tp-electric.vn\/index.php\/wp-json\/wp\/v2\/media?parent=2832"}],"wp:term":[{"taxonomy":"product_cat","embeddable":true,"href":"https:\/\/tp-electric.vn\/index.php\/wp-json\/wp\/v2\/product_cat?post=2832"},{"taxonomy":"product_tag","embeddable":true,"href":"https:\/\/tp-electric.vn\/index.php\/wp-json\/wp\/v2\/product_tag?post=2832"}],"curies":[{"name":"wp","href":"https:\/\/api.w.org\/{rel}","templated":true}]}}