{"id":2820,"date":"2023-02-08T15:26:15","date_gmt":"2023-02-08T08:26:15","guid":{"rendered":"https:\/\/tp-electric.vn\/?post_type=product&#038;p=2820"},"modified":"2024-12-12T15:10:12","modified_gmt":"2024-12-12T08:10:12","slug":"bien-tan-invt-gd200a-s24-vao-1-pha-220v-ra-3-pha-380v","status":"publish","type":"product","link":"https:\/\/tp-electric.vn\/index.php\/san-pham\/bien-tan-invt-gd200a-s24-vao-1-pha-220v-ra-3-pha-380v\/","title":{"rendered":"Bi\u1ebfn t\u1ea7n INVT GD200A-S24 v\u00e0o 1 pha 220V ra 3 pha 380V"},"content":{"rendered":"<div>GD200A-S24\u00a0la\u0300 do\u0300ng bi\u00ea\u0301n t\u00e2\u0300n chuy\u00ean du\u0300ng cho ca\u0301c \u01b0\u0301ng du\u0323ng \u0111i\u00ea\u0300u khi\u00ea\u0309n \u0111\u00f4\u0323ng c\u01a1 3 pha 380V \u01a1\u0309 nh\u01b0\u0303ng n\u01a1i chi\u0309 co\u0301 \u0111i\u00ea\u0323n l\u01b0\u01a1\u0301i 1 pha 220V.<\/div>\n<p>V\u00e2\u0323n ha\u0300nh \u0111\u01a1n gia\u0309n, b\u00ea\u0300n bi\u0309, hoa\u0323t \u0111\u00f4\u0323ng \u00f4\u0309n \u0111i\u0323nh ngay ca\u0309 nh\u01b0\u0303ng n\u01a1i ngu\u00f4\u0300n \u0111i\u00ea\u0323n bi\u0323 su\u0323t a\u0301p, ch\u00e2\u0323p ch\u01a1\u0300n.<\/p>\n<h3><span style=\"font-size: 85%;\">BI\u1ebeN T\u1ea6N V\u00c0O 1 PHA 220V RA 3 PHA 380V (7.5 &#8211; 15KW)<\/span><\/h3>\n<p><strong>Bi\u1ebfn t\u1ea7n GD200A-S24<\/strong>\u00a0l\u00e0 d\u00f2ng bi\u1ebfn t\u1ea7n \u0111\u01b0\u1ee3c trang b\u1ecb b\u1ed9 x\u1eed l\u00fd DSP 32 bit c\u1ee7a Texas Instruments v\u1edbi t\u1ed1c \u0111\u1ed9 x\u1eed l\u00fd cao, linh ho\u1ea1t cho ph\u00e9p c\u00f3 th\u1ec3 th\u1ef1c hi\u1ec7n c\u00e1c y\u00eau c\u1ea7u thu\u1eadt to\u00e1n \u0111i\u1ec1u khi\u1ec3n t\u1eeb \u0111\u01a1n gi\u1ea3n \u0111\u1ebfn ph\u1ee9c t\u1ea1p. Bi\u1ebfn t\u1ea7n t\u00edch h\u1ee3p \u0111a ch\u1ee9c n\u0103ng th\u00f4ng minh, v\u1eadn h\u00e0nh \u0111\u01a1n gi\u1ea3n, b\u1ec1n b\u1ec9, ho\u1ea1t \u0111\u1ed9ng \u1ed5n \u0111\u1ecbnh ngay c\u1ea3 nh\u1eefng n\u01a1i\u00a0ngu\u1ed3n \u0111i\u1ec7n\u00a0b\u1ecb s\u1ee5t \u00e1p, ch\u1eadp ch\u1eddn, gi\u00fap b\u1ea3o v\u1ec7 \u0111\u1ed9ng c\u01a1 v\u00e0 c\u00e1c thi\u1ebft b\u1ecb m\u00e1y m\u00f3c kh\u00e1c.<\/p>\n<p><strong>\u0110\u0103\u0323c ti\u0301nh ky\u0303 thu\u00e2\u0323t \u0111i\u00ea\u0300u khi\u00ea\u0309n:<\/strong><\/p>\n<ul>\n<li>\u0110i\u00ea\u0300u khi\u00ea\u0309n vector kh\u00f4ng gian (SVPWM), Sensorless vector (SVC), \u0111i\u00ea\u0300u khi\u00ea\u0309n m\u00f4-men<\/li>\n<li>Bi\u00ea\u0301n \u0111\u00f4\u0309i ngu\u00f4\u0300n va\u0300o 1 pha 220VAC ra 3 pha 380VAC<\/li>\n<li>\u0110i\u00ea\u0300u khi\u00ea\u0309n t\u00f4\u0301c \u0111\u00f4\u0323 chi\u0301nh xa\u0301c \u0111\u00ea\u0301n \u00b10.2%, \u0111a\u0301p \u01b0\u0301ng nhanh &lt;20ms<\/li>\n<li>Keypad co\u0301 th\u00ea\u0309 l\u00e2\u0301y r\u01a1\u0300i \u0111\u00ea\u0309 gia\u0301m sa\u0301t va\u0300 ca\u0300i \u0111\u0103\u0323t t\u01b0\u0300 xa, sao che\u0301p \u0111\u01b0\u01a1\u0323c th\u00f4ng s\u00f4\u0301<\/li>\n<li>Da\u0309i \u0111i\u00ea\u0323n a\u0301p ngu\u00f4\u0300n va\u0300o 1 pha, 200V (\u00b115%), phu\u0300 h\u01a1\u0323p cho ca\u0301c khu v\u01b0\u0323c ngu\u00f4\u0300n \u0111i\u00ea\u0323n hay bi\u0323 su\u0323t a\u0301p, kh\u00f4ng \u00f4\u0309n \u0111i\u0323nh<\/li>\n<li>Kha\u0309 n\u0103ng qua\u0301 ta\u0309i 250% trong th\u01a1\u0300i gian 150s, \u0111\u0103\u0323c bi\u00ea\u0323t phu\u0300 h\u01a1\u0323p cho \u01b0\u0301ng du\u0323ng ma\u0301y xay cha\u0309, ma\u0301y nghi\u00ea\u0300n\u2026<\/li>\n<li>30 ch\u01b0\u0301c n\u0103ng ba\u0309o v\u00ea\u0323 \u0111\u00f4\u0323ng c\u01a1 va\u0300\u00a0<a href=\"https:\/\/dattech.com.vn\/bien-tan-la-gi-nguyen-ly-hoat-dong-bien-tan\/\" target=\"_blank\" rel=\"noopener\">bi\u00ea\u0301n t\u00e2\u0300n<\/a><\/li>\n<\/ul>\n<p><strong>\u1ee8ng d\u1ee5ng:<\/strong><\/p>\n<ul>\n<li>M\u00e1y xay ch\u1ea3<\/li>\n<li>Qu\u1ea1t oxy nu\u00f4i t\u00f4m<\/li>\n<li>M\u00e1y b\u01a1m<\/li>\n<li>C\u00e1c lo\u1ea1i m\u00e1y xay x\u00e1t, m\u00e1y nghi\u1ec1n, m\u00e1y ch\u1ebf bi\u1ebfn th\u1ef1c ph\u1ea9m<\/li>\n<li>B\u0103ng t\u1ea3i<\/li>\n<li>M\u00e1y ch\u1ebf bi\u1ebfn g\u1ed7<\/li>\n<li>C\u1ea7u tr\u1ee5c\u2026<\/li>\n<\/ul>\n","protected":false},"excerpt":{"rendered":"<p>GD200A-S24\u00a0la\u0300 do\u0300ng bi\u00ea\u0301n t\u00e2\u0300n chuy\u00ean du\u0300ng cho ca\u0301c \u01b0\u0301ng du\u0323ng \u0111i\u00ea\u0300u khi\u00ea\u0309n \u0111\u00f4\u0323ng c\u01a1 3 pha 380V \u01a1\u0309 nh\u01b0\u0303ng n\u01a1i chi\u0309 co\u0301 \u0111i\u00ea\u0323n l\u01b0\u01a1\u0301i 1 pha 220V. V\u00e2\u0323n ha\u0300nh \u0111\u01a1n gia\u0309n, b\u00ea\u0300n bi\u0309, hoa\u0323t \u0111\u00f4\u0323ng \u00f4\u0309n \u0111i\u0323nh ngay ca\u0309 nh\u01b0\u0303ng n\u01a1i ngu\u00f4\u0300n \u0111i\u00ea\u0323n bi\u0323 su\u0323t a\u0301p, ch\u00e2\u0323p ch\u01a1\u0300n. BI\u1ebeN T\u1ea6N V\u00c0O 1 PHA 220V RA&#8230;<\/p>\n","protected":false},"featured_media":2825,"comment_status":"open","ping_status":"closed","template":"","meta":[],"product_cat":[186,157],"product_tag":[],"jetpack-related-posts":[{"id":3676,"url":"https:\/\/tp-electric.vn\/index.php\/san-pham\/bien-tan-nidec-control-techniques-ne200-4t0015g-0022pb-3-pha-380v-1-5kw-2-2kw\/","url_meta":{"origin":2820,"position":0},"title":"NE200-4T0015G\/0022PB 3 PHA 380V 1.5KW \/ 2.2KW","author":"","date":"31\/07\/2023","format":false,"excerpt":"M\u00e3 s\u1ea3n ph\u1ea9m:\u00a0NE200-4T0015G\/0022PB Th\u01b0\u01a1ng hi\u1ec7u: Nidec - Control Techniques ( Nh\u1eadt B\u1ea3n )","rel":"","context":"Similar post","block_context":{"text":"Similar post","link":""},"img":{"alt_text":"","src":"https:\/\/i0.wp.com\/tp-electric.vn\/wp-content\/uploads\/2023\/07\/Bien-tan-Nidec-Control-Techniques-NE200-4T0015G-0022PB-7958.jpg?fit=634%2C616&ssl=1&resize=350%2C200","width":350,"height":200},"classes":[]},{"id":3677,"url":"https:\/\/tp-electric.vn\/index.php\/san-pham\/bien-tan-nidec-control-techniques-ne200-4t0022g-0040pb-3-pha-380v-2-2kw-4kw\/","url_meta":{"origin":2820,"position":1},"title":"NE200-4T0022G\/0040PB 3 PHA 380V 2.2KW \/ 4KW","author":"","date":"31\/07\/2023","format":false,"excerpt":"M\u00e3 s\u1ea3n ph\u1ea9m:\u00a0NE200-4T0022G\/0040PB Th\u01b0\u01a1ng hi\u1ec7u: Nidec - Control Techniques ( Nh\u1eadt B\u1ea3n )","rel":"","context":"Similar post","block_context":{"text":"Similar post","link":""},"img":{"alt_text":"","src":"https:\/\/i0.wp.com\/tp-electric.vn\/wp-content\/uploads\/2023\/07\/Bien-tan-Nidec-Control-Techniques-NE200-4T0015G-0022PB-7958.jpg?fit=634%2C616&ssl=1&resize=350%2C200","width":350,"height":200},"classes":[]},{"id":3678,"url":"https:\/\/tp-electric.vn\/index.php\/san-pham\/bien-tan-nidec-control-techniques-ne200-4t0040g-0055pb-3-pha-380v-4kw-5-5kw\/","url_meta":{"origin":2820,"position":2},"title":"NE200-4T0040G\/0055PB 3 PHA 380V 4KW \/ 5.5KW","author":"","date":"31\/07\/2023","format":false,"excerpt":"M\u00e3 s\u1ea3n ph\u1ea9m:\u00a0NE200-4T0040G\/0055PB Th\u01b0\u01a1ng hi\u1ec7u: Nidec - Control Techniques ( Nh\u1eadt B\u1ea3n )","rel":"","context":"Similar post","block_context":{"text":"Similar post","link":""},"img":{"alt_text":"","src":"https:\/\/i0.wp.com\/tp-electric.vn\/wp-content\/uploads\/2023\/07\/Bien-tan-Nidec-Control-Techniques-NE200-4T0015G-0022PB-7958.jpg?fit=634%2C616&ssl=1&resize=350%2C200","width":350,"height":200},"classes":[]},{"id":3675,"url":"https:\/\/tp-electric.vn\/index.php\/san-pham\/bien-tan-nidec-control-techniques-ne200-4t0007g-0015pb-3-pha-380v-0-75kw-1-5kw\/","url_meta":{"origin":2820,"position":3},"title":"NE200-4T0007G\/0015PB 3 PHA 380V 0.75KW \/ 1.5KW","author":"","date":"31\/07\/2023","format":false,"excerpt":"M\u00e3 s\u1ea3n ph\u1ea9m:\u00a0NE200-4T0007G\/0015PB Th\u01b0\u01a1ng hi\u1ec7u: Nidec - Control Techniques ( Nh\u1eadt B\u1ea3n )","rel":"","context":"Similar post","block_context":{"text":"Similar post","link":""},"img":{"alt_text":"","src":"https:\/\/i0.wp.com\/tp-electric.vn\/wp-content\/uploads\/2023\/07\/Bien-tan-Nidec-Control-Techniques-NE200-4T0015G-0022PB-7958.jpg?fit=634%2C616&ssl=1&resize=350%2C200","width":350,"height":200},"classes":[]},{"id":3674,"url":"https:\/\/tp-electric.vn\/index.php\/san-pham\/bien-tan-nidec-control-techniques-ne200-2s0022gb-1-pha-220v-2-2kw\/","url_meta":{"origin":2820,"position":4},"title":"NE200-2S0022GB 1 PHA 220V 2.2KW","author":"","date":"31\/07\/2023","format":false,"excerpt":"M\u00e3 s\u1ea3n ph\u1ea9m:\u00a0NE200-2S0022GB Th\u01b0\u01a1ng hi\u1ec7u: Nidec - Control Techniques ( Nh\u1eadt B\u1ea3n )","rel":"","context":"Similar post","block_context":{"text":"Similar post","link":""},"img":{"alt_text":"","src":"https:\/\/i0.wp.com\/tp-electric.vn\/wp-content\/uploads\/2023\/07\/Bien-tan-Nidec-Control-Techniques-NE200-4T0015G-0022PB-7958.jpg?fit=634%2C616&ssl=1&resize=350%2C200","width":350,"height":200},"classes":[]},{"id":3671,"url":"https:\/\/tp-electric.vn\/index.php\/san-pham\/bien-tan-nidec-control-techniques-ne200-2s0004gb-1-pha-220v-0-4kw\/","url_meta":{"origin":2820,"position":5},"title":"NE200-2S0004GB 1 PHA 220V 0.4KW","author":"","date":"31\/07\/2023","format":false,"excerpt":"M\u00e3 s\u1ea3n ph\u1ea9m:\u00a0NE200-2S0004GB Th\u01b0\u01a1ng hi\u1ec7u: Nidec - Control Techniques ( Nh\u1eadt B\u1ea3n )","rel":"","context":"Similar post","block_context":{"text":"Similar post","link":""},"img":{"alt_text":"","src":"https:\/\/i0.wp.com\/tp-electric.vn\/wp-content\/uploads\/2023\/07\/Bien-tan-Nidec-Control-Techniques-NE200-4T0015G-0022PB-7958.jpg?fit=634%2C616&ssl=1&resize=350%2C200","width":350,"height":200},"classes":[]}],"_links":{"self":[{"href":"https:\/\/tp-electric.vn\/index.php\/wp-json\/wp\/v2\/product\/2820"}],"collection":[{"href":"https:\/\/tp-electric.vn\/index.php\/wp-json\/wp\/v2\/product"}],"about":[{"href":"https:\/\/tp-electric.vn\/index.php\/wp-json\/wp\/v2\/types\/product"}],"replies":[{"embeddable":true,"href":"https:\/\/tp-electric.vn\/index.php\/wp-json\/wp\/v2\/comments?post=2820"}],"wp:featuredmedia":[{"embeddable":true,"href":"https:\/\/tp-electric.vn\/index.php\/wp-json\/wp\/v2\/media\/2825"}],"wp:attachment":[{"href":"https:\/\/tp-electric.vn\/index.php\/wp-json\/wp\/v2\/media?parent=2820"}],"wp:term":[{"taxonomy":"product_cat","embeddable":true,"href":"https:\/\/tp-electric.vn\/index.php\/wp-json\/wp\/v2\/product_cat?post=2820"},{"taxonomy":"product_tag","embeddable":true,"href":"https:\/\/tp-electric.vn\/index.php\/wp-json\/wp\/v2\/product_tag?post=2820"}],"curies":[{"name":"wp","href":"https:\/\/api.w.org\/{rel}","templated":true}]}}