{"id":2818,"date":"2023-02-08T15:23:53","date_gmt":"2023-02-08T08:23:53","guid":{"rendered":"https:\/\/tp-electric.vn\/?post_type=product&#038;p=2818"},"modified":"2024-12-12T15:10:12","modified_gmt":"2024-12-12T08:10:12","slug":"oc-xiet-cap-nhua","status":"publish","type":"product","link":"https:\/\/tp-electric.vn\/index.php\/san-pham\/oc-xiet-cap-nhua\/","title":{"rendered":"\u1ed0c xi\u1ebft c\u00e1p nh\u1ef1a"},"content":{"rendered":"<h2 id=\"tablepress-268-name\" class=\"tablepress-table-name tablepress-table-name-id-268\">\u1ed0c si\u1ebft c\u00e1p<\/h2>\n<p><span id=\"tablepress-268-description\" class=\"tablepress-table-description tablepress-table-description-id-268\">B\u1ea3ng h\u01b0\u1edbng d\u1eabn l\u1ef1a ch\u1ecdn \u1ed1c si\u1ebft c\u00e1p<\/span><\/p>\n<div id=\"tablepress-268_wrapper\" class=\"dataTables_wrapper no-footer\">\n<table id=\"tablepress-268\" class=\"tablepress tablepress-id-268 dataTable no-footer\" style=\"height: 311px;\" role=\"grid\" width=\"640\" aria-labelledby=\"tablepress-268-name\" aria-describedby=\"tablepress-268_info\">\n<thead>\n<tr class=\"row-1 odd\" role=\"row\">\n<th class=\"column-1 sorting\" style=\"width: 126.575px;\" tabindex=\"0\" colspan=\"1\" rowspan=\"1\" aria-controls=\"tablepress-268\" aria-label=\"Model: activate to sort column ascending\">Model<\/th>\n<th class=\"column-2 sorting\" style=\"width: 209.562px;\" tabindex=\"0\" colspan=\"1\" rowspan=\"1\" aria-controls=\"tablepress-268\" aria-label=\"\u0110\u01b0\u1eddng k\u00ednh: activate to sort column ascending\">\u0110\u01b0\u1eddng k\u00ednh<\/th>\n<th class=\"column-3 sorting\" style=\"width: 285.062px;\" tabindex=\"0\" colspan=\"1\" rowspan=\"1\" aria-controls=\"tablepress-268\" aria-label=\"C\u00e1p t\u01b0\u01a1ng th\u00edch: activate to sort column ascending\">C\u00e1p t\u01b0\u01a1ng th\u00edch<\/th>\n<\/tr>\n<\/thead>\n<tbody class=\"row-hover\">\n<tr class=\"row-2 even\">\n<td class=\"column-1\" style=\"width: 126.575px;\">PG7<\/td>\n<td class=\"column-2\" style=\"width: 209.562px;\">12mm<\/td>\n<td class=\"column-3\" style=\"width: 285.062px;\">3-6mm<\/td>\n<\/tr>\n<tr class=\"row-3 odd\">\n<td class=\"column-1\" style=\"width: 126.575px;\">PG9<\/td>\n<td class=\"column-2\" style=\"width: 209.562px;\">14mm<\/td>\n<td class=\"column-3\" style=\"width: 285.062px;\">4-8mm<\/td>\n<\/tr>\n<tr class=\"row-4 even\">\n<td class=\"column-1\" style=\"width: 126.575px;\">PG11<\/td>\n<td class=\"column-2\" style=\"width: 209.562px;\">11mm<\/td>\n<td class=\"column-3\" style=\"width: 285.062px;\">5-11mm<\/td>\n<\/tr>\n<tr class=\"row-5 odd\">\n<td class=\"column-1\" style=\"width: 126.575px;\">PG13.5<\/td>\n<td class=\"column-2\" style=\"width: 209.562px;\">20mm<\/td>\n<td class=\"column-3\" style=\"width: 285.062px;\">6-12mm<\/td>\n<\/tr>\n<tr class=\"row-6 even\">\n<td class=\"column-1\" style=\"width: 126.575px;\">PG16<\/td>\n<td class=\"column-2\" style=\"width: 209.562px;\">22mm<\/td>\n<td class=\"column-3\" style=\"width: 285.062px;\">10-14mm<\/td>\n<\/tr>\n<tr class=\"row-7 odd\">\n<td class=\"column-1\" style=\"width: 126.575px;\">PG19<\/td>\n<td class=\"column-2\" style=\"width: 209.562px;\">22mm<\/td>\n<td class=\"column-3\" style=\"width: 285.062px;\">12-16mm<\/td>\n<\/tr>\n<tr class=\"row-8 even\">\n<td class=\"column-1\" style=\"width: 126.575px;\">PG21<\/td>\n<td class=\"column-2\" style=\"width: 209.562px;\">28mm<\/td>\n<td class=\"column-3\" style=\"width: 285.062px;\">14-18mm<\/td>\n<\/tr>\n<tr class=\"row-9 odd\">\n<td class=\"column-1\" style=\"width: 126.575px;\">PG25<\/td>\n<td class=\"column-2\" style=\"width: 209.562px;\">29mm<\/td>\n<td class=\"column-3\" style=\"width: 285.062px;\">20-23mm<\/td>\n<\/tr>\n<tr class=\"row-10 even\">\n<td class=\"column-1\" style=\"width: 126.575px;\">PG29<\/td>\n<td class=\"column-2\" style=\"width: 209.562px;\">36mm<\/td>\n<td class=\"column-3\" style=\"width: 285.062px;\">21-26mm<\/td>\n<\/tr>\n<tr class=\"row-11 odd\">\n<td class=\"column-1\" style=\"width: 126.575px;\">PG36<\/td>\n<td class=\"column-2\" style=\"width: 209.562px;\">46mm<\/td>\n<td class=\"column-3\" style=\"width: 285.062px;\">22-32mm<\/td>\n<\/tr>\n<\/tbody>\n<\/table>\n<\/div>\n","protected":false},"excerpt":{"rendered":"<p>\u1ed0c si\u1ebft c\u00e1p B\u1ea3ng h\u01b0\u1edbng d\u1eabn l\u1ef1a ch\u1ecdn \u1ed1c si\u1ebft c\u00e1p Model \u0110\u01b0\u1eddng k\u00ednh C\u00e1p t\u01b0\u01a1ng th\u00edch PG7 12mm 3-6mm PG9 14mm 4-8mm PG11 11mm 5-11mm PG13.5 20mm 6-12mm PG16 22mm 10-14mm PG19 22mm 12-16mm PG21 28mm 14-18mm PG25 29mm 20-23mm PG29 36mm 21-26mm PG36 46mm 22-32mm<\/p>\n","protected":false},"featured_media":2830,"comment_status":"open","ping_status":"closed","template":"","meta":[],"product_cat":[164],"product_tag":[],"jetpack-related-posts":[{"id":2833,"url":"https:\/\/tp-electric.vn\/index.php\/san-pham\/oc-xiet-cap-kim-loai\/","url_meta":{"origin":2818,"position":0},"title":"\u1ed0c xi\u1ebft c\u00e1p k\u1ecbm lo\u1ea1i","author":"","date":"08\/02\/2023","format":false,"excerpt":"\u1ed0c si\u1ebft c\u1ed1 \u0111\u1ecbnh c\u00e1p \u0111i\u1ec7n: M12x1.5: D\u00f9ng cho d\u00e2y 3.5 - 6 mm M16x1.5: D\u00f9ng cho d\u00e2y 4 - 8 mm M20x1.5: D\u00f9ng cho d\u00e2y 6 - 12 mm M25x1.5: D\u00f9ng cho d\u00e2y 10 - 14 mm M32x1.5: d\u00f9ng cho c\u00e1p 17 - 22 mm Ch\u1ea5t li\u1ec7u: H\u1ee3p kim\u2026","rel":"","context":"Similar post","block_context":{"text":"Similar post","link":""},"img":{"alt_text":"","src":"https:\/\/i0.wp.com\/tp-electric.vn\/wp-content\/uploads\/2023\/02\/oc-kim-loai-2.png?fit=300%2C300&ssl=1&resize=350%2C200","width":350,"height":200},"classes":[]},{"id":3088,"url":"https:\/\/tp-electric.vn\/index.php\/san-pham\/oc-noi-cap\/","url_meta":{"origin":2818,"position":1},"title":"\u1ed0c n\u1ed1i c\u00e1p","author":"","date":"14\/02\/2023","format":false,"excerpt":"M\u00f4 t\u1ea3 : Ti\u00eau chu\u1ea9n: IEC 62561 \u2013 1, BS EN 1982 V\u1eadt li\u1ec7u: H\u1ee3p kim \u0111\u1ed3ng Xu\u1ea5t x\u1ee9: Kumwell - Th\u00e1i Lan","rel":"","context":"Similar post","block_context":{"text":"Similar post","link":""},"img":{"alt_text":"","src":"","width":0,"height":0},"classes":[]},{"id":3451,"url":"https:\/\/tp-electric.vn\/index.php\/san-pham\/cxv-dsta-fr-06-1kv-cxv-data-fr-06-1kv-cap-chong-chay-ruot-dong-giap-mica-cach-dien-xlpe-giap-bang-kim-loai-vo-pvc-fr\/","url_meta":{"origin":2818,"position":2},"title":"C\u00e1p ch\u1ed1ng ch\u00e1y Cadivi CXV\/DATA(DSTA)\/FR &#8211; 0,6\/1 kV","author":"","date":"01\/03\/2023","format":false,"excerpt":"Ti\u00eau chu\u1ea9n \u00e1p d\u1ee5ng: TCVN 5935-1 \/ IEC 60502-1 TCVN 6612 \/ IEC 60228 IEC 60331-21; IEC 60332-1,3 \u2022=BS 6387; BS 4066-1,3 T\u1ea2I CATALOGUE T\u1ea0I \u0110\u00c2Y","rel":"","context":"Similar post","block_context":{"text":"Similar post","link":""},"img":{"alt_text":"","src":"https:\/\/i0.wp.com\/daphaco.com\/wp-content\/uploads\/2022\/12\/CAU-TAO-CXV-DSTA-FR-2048x476-1.jpg?resize=350%2C200&ssl=1","width":350,"height":200,"srcset":"https:\/\/i0.wp.com\/daphaco.com\/wp-content\/uploads\/2022\/12\/CAU-TAO-CXV-DSTA-FR-2048x476-1.jpg?resize=350%2C200&ssl=1 1x, https:\/\/i0.wp.com\/daphaco.com\/wp-content\/uploads\/2022\/12\/CAU-TAO-CXV-DSTA-FR-2048x476-1.jpg?resize=700%2C400&ssl=1 2x, https:\/\/i0.wp.com\/daphaco.com\/wp-content\/uploads\/2022\/12\/CAU-TAO-CXV-DSTA-FR-2048x476-1.jpg?resize=1050%2C600&ssl=1 3x, https:\/\/i0.wp.com\/daphaco.com\/wp-content\/uploads\/2022\/12\/CAU-TAO-CXV-DSTA-FR-2048x476-1.jpg?resize=1400%2C800&ssl=1 4x"},"classes":[]},{"id":3449,"url":"https:\/\/tp-electric.vn\/index.php\/san-pham\/cxv-fr-06-1kv-cap-chong-chay-ruot-dong-giap-mica-cach-dien-xlpe-vo-pvc-fr\/","url_meta":{"origin":2818,"position":3},"title":"C\u00c1P CH\u1ed0NG CH\u00c1Y CXV\/FR \u2013 0,6\/1 kV RU\u1ed8T \u0110\u1ed2NG B\u0102NG MICA C\u00c1CH \u0110I\u1ec6N XLPE V\u1ece FR\u2013PVC","author":"","date":"01\/03\/2023","format":false,"excerpt":"C\u00e1p ch\u1ed1ng ch\u00e1y CXV\/FR d\u00f9ng cho h\u1ec7 th\u1ed1ng ph\u00e2n ph\u1ed1i \u0111i\u1ec7n \u0111\u01b0\u1ee3c thi\u1ebft k\u1ebf \u0111\u1ec3 duy tr\u00ec ngu\u1ed3n \u0111i\u1ec7n cho c\u00e1c thi\u1ebft b\u1ecb, h\u1ea1n ch\u1ebf s\u1ef1 lan truy\u1ec1n c\u1ee7a ng\u1ecdn l\u1eeda khi b\u1ecb \u1ea3nh h\u01b0\u1edfng b\u1edfi h\u1ecfa ho\u1ea1n, s\u1eed d\u1ee5ng ph\u00f9 h\u1ee3p trong c\u00e1c c\u00f4ng tr\u00ecnh... T\u1ea2I CATALOGUE T\u1ea0I \u0110\u00c2Y","rel":"","context":"Similar post","block_context":{"text":"Similar post","link":""},"img":{"alt_text":"","src":"https:\/\/i0.wp.com\/tp-electric.vn\/wp-content\/uploads\/2023\/03\/CC2.png?fit=300%2C300&ssl=1&resize=350%2C200","width":350,"height":200},"classes":[]},{"id":3448,"url":"https:\/\/tp-electric.vn\/index.php\/san-pham\/cv-fr-06-kv-cap-chong-chay-ruot-dong-giap-mica-cach-dien-pvc-fr\/","url_meta":{"origin":2818,"position":4},"title":"C\u00c1P CH\u1ed0NG CH\u00c1Y CV\/FR \u2013 0,6\/1 KV, RU\u1ed8T \u0110\u1ed2NG, B\u0102NG MICA, C\u00c1CH \u0110I\u1ec6N FR \u2013PVC","author":"","date":"01\/03\/2023","format":false,"excerpt":"Ph\u1ea1m vi \u00e1p d\u1ee5ng: C\u00e1p ch\u1ed1ng ch\u00e1y CV\/FR d\u00f9ng cho h\u1ec7 th\u1ed1ng ph\u00e2n ph\u1ed1i \u0111i\u1ec7n \u0111\u01b0\u1ee3c thi\u1ebft k\u1ebf \u0111\u1ec3 duy tr\u00ec ngu\u1ed3n \u0111i\u1ec7n cho c\u00e1c thi\u1ebft b\u1ecb, h\u1ea1n ch\u1ebf s\u1ef1 lan truy\u1ec1n c\u1ee7a ng\u1ecdn l\u1eeda khi b\u1ecb \u1ea3nh h\u01b0\u1edfng b\u1edfi h\u1ecfa ho\u1ea1n, s\u1eed d\u1ee5ng ph\u00f9 h\u1ee3p trong c\u00e1c c\u00f4ng tr\u00ecnh...\u2026","rel":"","context":"Similar post","block_context":{"text":"Similar post","link":""},"img":{"alt_text":"","src":"https:\/\/i0.wp.com\/tp-electric.vn\/wp-content\/uploads\/2023\/03\/CC1.png?fit=300%2C300&ssl=1&resize=350%2C200","width":350,"height":200},"classes":[]},{"id":3437,"url":"https:\/\/tp-electric.vn\/index.php\/san-pham\/lv-abc-2x-06-1kv-cap-van-xoan-ruot-nhom-cach-dien-xlpe\/","url_meta":{"origin":2818,"position":5},"title":"C\u00c1P V\u1eb6N XO\u1eaeN RU\u1ed8T NH\u00d4M, C\u00c1CH \u0110I\u1ec6N XLPE &#8211; LV-ABC 2x&#8230;-0,6\/1kV","author":"","date":"01\/03\/2023","format":false,"excerpt":"Ph\u1ea1m vi \u00e1p d\u1ee5ng: C\u00e1p v\u1eb7n xo\u1eafn h\u1ea1 th\u1ebf ru\u1ed9t nh\u00f4m LV-ABC d\u00f9ng cho h\u1ec7 th\u1ed1ng truy\u1ec1n t\u1ea3i v\u00e0 ph\u00e2n ph\u1ed1i \u0111i\u1ec7n treo tr\u00ean kh\u00f4ng, c\u1ea5p \u0111i\u1ec7n \u00e1p 0,6\/1 kV. Ti\u00eau chu\u1ea9n \u00e1p d\u1ee5ng: TCVN 6447 \/ AS 3560.1 T\u1ea2I CATALOGUE T\u1ea0I \u0110\u00c2Y","rel":"","context":"Similar post","block_context":{"text":"Similar post","link":""},"img":{"alt_text":"","src":"https:\/\/i0.wp.com\/tp-electric.vn\/wp-content\/uploads\/2023\/03\/VX3.png?fit=300%2C300&ssl=1&resize=350%2C200","width":350,"height":200},"classes":[]}],"_links":{"self":[{"href":"https:\/\/tp-electric.vn\/index.php\/wp-json\/wp\/v2\/product\/2818"}],"collection":[{"href":"https:\/\/tp-electric.vn\/index.php\/wp-json\/wp\/v2\/product"}],"about":[{"href":"https:\/\/tp-electric.vn\/index.php\/wp-json\/wp\/v2\/types\/product"}],"replies":[{"embeddable":true,"href":"https:\/\/tp-electric.vn\/index.php\/wp-json\/wp\/v2\/comments?post=2818"}],"wp:featuredmedia":[{"embeddable":true,"href":"https:\/\/tp-electric.vn\/index.php\/wp-json\/wp\/v2\/media\/2830"}],"wp:attachment":[{"href":"https:\/\/tp-electric.vn\/index.php\/wp-json\/wp\/v2\/media?parent=2818"}],"wp:term":[{"taxonomy":"product_cat","embeddable":true,"href":"https:\/\/tp-electric.vn\/index.php\/wp-json\/wp\/v2\/product_cat?post=2818"},{"taxonomy":"product_tag","embeddable":true,"href":"https:\/\/tp-electric.vn\/index.php\/wp-json\/wp\/v2\/product_tag?post=2818"}],"curies":[{"name":"wp","href":"https:\/\/api.w.org\/{rel}","templated":true}]}}