{"id":2803,"date":"2023-02-08T15:16:20","date_gmt":"2023-02-08T08:16:20","guid":{"rendered":"https:\/\/tp-electric.vn\/?post_type=product&#038;p=2803"},"modified":"2024-12-12T15:10:12","modified_gmt":"2024-12-12T08:10:12","slug":"dau-cose-pin","status":"publish","type":"product","link":"https:\/\/tp-electric.vn\/index.php\/san-pham\/dau-cose-pin\/","title":{"rendered":"\u0110\u1ea7u cose c\u00e1c lo\u1ea1i"},"content":{"rendered":"<h2 id=\"cac-loai-dau-cot-cos\"><strong>C\u00e1c lo\u1ea1i \u0111\u1ea7u c\u1ed1t (Cos)<\/strong><\/h2>\n<p>&nbsp;<\/p>\n<p>\u0110\u1ea7u c\u1ed1t (Cos) c\u00f3 r\u1ea5t nhi\u1ec1u lo\u1ea1i, t\u00f9y thu\u1ed9c v\u00e0o h\u00ecnh d\u00e1ng, k\u00edch th\u01b0\u1edbc v\u00e0 ch\u1ea5t li\u1ec7u m\u00e0 \u0111\u01b0\u1ee3c ph\u00e2n chia th\u00e0nh 3 lo\u1ea1i ch\u00ednh: \u0111\u1ea7u c\u1ed1t (Cosse) \u0111\u1ed3ng, \u0111\u1ea7u c\u1ed1t (Cosse) nh\u00f4m, \u0111\u1ea7u c\u1ed1t (Cosse) \u0111\u1ed3ng pha nh\u00f4m.<\/p>\n<h3 id=\"dau-cot-coss-bit-sc\"><strong><em>\u0110\u1ea7u c\u1ed1t (Coss) b\u00edt SC<\/em><\/strong><\/h3>\n<p>\u0110\u1ea7u c\u1ed1t (Coss) b\u00edt SC hay c\u00f2n \u0111\u01b0\u1ee3c g\u1ecdi l\u00e0 \u0111\u1ea7u c\u1ed1t (Coss) tr\u1ea7n, th\u01b0\u1eddng \u0111\u01b0\u1ee3c g\u1ecdi SC Cable Lug trong ti\u1ebfng Anh. \u0110\u00e2y l\u00e0 ph\u1ee5 ki\u1ec7n \u0111\u1ea5u n\u1ed1i c\u00e1p \u0111i\u1ec7n, c\u00f3 k\u00edch c\u1ee1 \u0111\u1ea7y \u0111\u1ee7 t\u1eeb 6 \u0111\u1ebfn 630, l\u1ed7 t\u1eeb 6 \u0111\u1ebfn 20, k\u00edch c\u1ee1 l\u1ed7 th\u1ec3 hi\u1ec7n theo m\u00e3 h\u00e0ng, v\u00ed d\u1ee5 SC16-6 s\u1ebd c\u00f3 6 l\u1ed7 v\u00e0 c\u1ee1 c\u00e1p 16m2.C\u00e1c \u01b0u \u0111i\u1ec3m n\u1ed5i b\u1eadt c\u1ee7a \u0111\u1ea7u c\u1ed1t (Coss) b\u00edt SC:<\/p>\n<ul>\n<li>Kh\u00f4ng b\u1ecb v\u1ee1 khi b\u00f3p d\u00e2y.<\/li>\n<li>Kh\u00f4ng b\u1ecb g\u00e3y khi l\u1eafp \u0111\u1eb7t\u00a0t\u1ee7 \u0111i\u1ec7n.<\/li>\n<li>Ch\u1ecbu d\u00f2ng t\u1ed1t v\u00e0 \u1ed5n \u0111\u1ecbnh.<\/li>\n<\/ul>\n<h3 id=\"dau-cot-coss-chu-y-cot-chia-che\"><strong><em>\u0110\u1ea7u c\u1ed1t (Coss) ch\u1eef Y (c\u1ed1t ch\u1ec9a-ch\u1ebb)<\/em><\/strong><\/h3>\n<p>\u0110\u1ea7u c\u1ed1t (Coss) ch\u1eef Y hay c\u00f2n \u0111\u01b0\u1ee3c g\u1ecdi l\u00e0 \u0111\u1ea7u c\u1ed1t (Coss) ch\u1ec9a\/ch\u1ebb l\u00e0 m\u1ed9t lo\u1ea1i \u0111\u01b0\u1ee3c s\u1eed d\u1ee5ng kh\u00e1 ph\u1ed5 bi\u1ebfn. \u0110\u1ea7u cos (Coss) ch\u1eef Y -c\u1ed1t ch\u1ec9a-ch\u1ebb c\u00f3 c\u1ea3 lo\u1ea1i tr\u1ea7n v\u00e0 b\u1ecdc nh\u1ef1a. Th\u01b0\u1eddng lo\u1ea1i nh\u1ef1a c\u00f3 \u0111\u1ea7u b\u1ecdc gen co c\u00e1ch \u0111i\u1ec7n c\u00e1c m\u00e0u (xanh-\u0111\u1ecf-v\u00e0ng) t\u01b0\u01a1ng \u1ee9ng v\u1edbi c\u00e1c lo\u1ea1i d\u00e2y (l\u1ea1nh-n\u00f3ng-trung t\u00ednh). V\u1edbi k\u00edch th\u01b0\u1edbc \u0111a d\u1ea1ng 1.5-2.5-5.5 ph\u00f9 h\u1ee3p cho d\u00e2y \u0111i\u1ec1u khi\u1ec3n d\u00f9ng trong t\u1ee7 b\u1ea3ng \u0111i\u1ec7n c\u0169ng nh\u01b0 c\u00e1c d\u00e2y n\u1ed1i \u0111i\u1ec7n trong gia d\u1ee5ng, c\u1ee5 th\u1ec3:<\/p>\n<ul>\n<li>Cosse Y1.5 d\u00f9ng cho d\u00e2y \u0111\u01a1n 0.75-2.00 mm<\/li>\n<li>Cosse Y2.5 d\u00f9ng cho d\u00e2y \u0111\u01a1n 0.75-4.00mm<\/li>\n<li>Cosse Y5.5 d\u00f9ng cho d\u00e2y \u0111\u01a1n 4.00-6.00<\/li>\n<\/ul>\n<p><strong><em>\u0110\u1ea7u c\u1ed1t (Coss) ghim capa \u0111\u1ef1c\/c\u00e1i<\/em><\/strong>\u0110\u1ea7u c\u1ed1t (Coss) ghim capa \u0111\u01b0\u1ee3c chia l\u00e0m hai lo\u1ea1i: \u0111\u1ea7u c\u1ed1t (Coss) \u0111\u1ef1c v\u00e0 \u0111\u1ea7u c\u1ed1t (Coss) c\u00e1i. C\u00f3 c\u1ea3 lo\u1ea1i \u0111\u1ea7u c\u1ed1t (Coss) tr\u1ea7n v\u00e0 c\u00f3 b\u1ecdc nh\u1ef1a.<\/p>\n<p><strong><em>\u0110\u1ea7u c\u1ed1t (Coss) c\u00e1i\u00a0<\/em><\/strong>\u0110\u1ea7u c\u1ed1t (Coss) c\u00e1i hay c\u00f2n \u0111\u01b0\u1ee3c g\u1ecdi l\u00e0 \u0111\u1ea7u c\u1ed1t (Coss) ghim capa d\u1eb9p FDD. Lo\u1ea1i \u0111\u1ea7u c\u1ed1t (Coss) n\u00e0y c\u00f3 \u0111\u1ea7u b\u1ecdc gen co c\u00e1ch \u0111i\u1ec7n c\u00e1c m\u00e0u (xanh-\u0111\u1ecf-v\u00e0ng) t\u01b0\u01a1ng \u1ee9ng v\u1edbi c\u00e1c lo\u1ea1i d\u00e2y (l\u1ea1nh-n\u00f3ng-trung t\u00ednh). \u0110\u1ea7u c\u1ed1t (Coss) ghim d\u1eb9p FDD c\u0169ng c\u00f3 k\u00edch th\u01b0\u1edbc \u0111a d\u1ea1ng 1.0-2.5-5.5 ph\u00f9 h\u1ee3p v\u1edbi d\u00e2y \u0111i\u1ec1u khi\u1ec3n d\u00f9ng trong t\u1ee7 b\u1ea3ng \u0111i\u1ec7n c\u0169ng nh\u01b0 c\u00e1c d\u00e2y n\u1ed1i trong \u0111i\u1ec7n gia d\u1ee5ng.<\/p>\n<p><strong><em>\u0110\u1ea7u c\u1ed1t (Coss) \u0111\u1ef1c<\/em><\/strong>\u0110\u1ea7u c\u1ed1t (Coss) \u0111\u1ef1c hay c\u00f2n \u0111\u01b0\u1ee3c g\u1ecdi l\u00e0 \u0111\u1ea7u c\u1ed1t (Coss) ghim capa d\u1eb9p MDD. C\u0169ng gi\u1ed1ng nh\u01b0 \u0111\u1ea7u c\u1ed1t (Coss) c\u00e1i, lo\u1ea1i n\u00e0y c\u00f3 \u0111\u1ea7u b\u1ecdc gen co c\u00e1ch \u0111i\u1ec7n c\u00e1c m\u00e0u (xanh-\u0111\u1ecf-v\u00e0ng) t\u01b0\u01a1ng \u1ee9ng v\u1edbi c\u00e1c lo\u1ea1i d\u00e2y (l\u1ea1nh-n\u00f3ng-trung t\u00ednh). \u0110\u1ea7u c\u1ed1t (Coss) ghim d\u1eb9p MDD c\u0169ng c\u00f3 k\u00edch th\u01b0\u1edbc \u0111a d\u1ea1ng 1.0-2.5-5.5 ph\u00f9 h\u1ee3p v\u1edbi d\u00e2y \u0111i\u1ec1u khi\u1ec3n d\u00f9ng trong t\u1ee7 b\u1ea3ng \u0111i\u1ec7n c\u0169ng nh\u01b0 c\u00e1c d\u00e2y n\u1ed1i trong \u0111i\u1ec7n gia d\u1ee5ng.Cosse Y5.5 d\u00f9ng cho d\u00e2y \u0111\u01a1n 4-6.00mm.Cosse Y5.5 c\u0169ng c\u00f3 th\u1ec3 \u0111\u01b0\u1ee3c \u1ee9ng d\u1ee5ng cho 2-3 d\u00e2y 2.5mm ho\u1eb7c nh\u1ecf h\u01a1n.<\/p>\n<h3 id=\"dau-cot-coss-pin-det-kim-det\"><strong><em>\u0110\u1ea7u c\u1ed1t (Coss) pin d\u1eb9t (kim d\u1eb9t)<\/em><\/strong><\/h3>\n<p>\u0110\u1ea7u c\u1ed1t (Coss) kim d\u1eb9t hay c\u00f2n g\u1ecdi l\u00e0 pin d\u1eb9t, l\u00e0 lo\u1ea1i c\u00f3 \u0111\u1ea7u c\u1eafm d\u1eb9t, c\u00f3 c\u1ea3 lo\u1ea1i tr\u1ea7n v\u00e0 b\u1ecdc nh\u1ef1a. C\u00e1c lo\u1ea1i \u0111\u1ea7u b\u1ecdc c\u00f3 \u0111\u1ee7 3 m\u00e0u xanh-\u0111\u1ecf-v\u00e0ng t\u01b0\u01a1ng \u1ee9ng cho d\u00e2y l\u1ea1nh-n\u00f3ng-trung t\u00ednh. K\u00edch th\u01b0\u1edbc \u0111a d\u1ea1ng 1.0-2.5-5.5 ph\u00f9 h\u1ee3p cho d\u00e2y \u0111i\u1ec1u khi\u1ec3n d\u00f9ng trong t\u1ee7 b\u1ea3ng \u0111i\u1ec7n c\u0169ng nh\u01b0 c\u00e1c d\u00e2y n\u1ed1i trong \u0111i\u1ec7n gia d\u1ee5ng.<\/p>\n<h3 id=\"dau-cot-coss-lt-ong-rong\"><strong><em>\u0110\u1ea7u c\u1ed1t (Coss) LT \u1ed1ng r\u1ed7ng<\/em><\/strong><\/h3>\n<p>\u0110\u1ea7u c\u1ed1t (Coss) LT \u1ed1ng r\u1ed7ng l\u00e0 lo\u1ea1i r\u1ed7ng ru\u1ed9t, th\u01b0\u1eddng c\u00f3 b\u1ecdc gen co c\u00e1ch \u0111i\u1ec7n \u0111\u1ee7 3 m\u00e0u xanh-\u0111\u1ecf-v\u00e0ng t\u01b0\u01a1ng \u1ee9ng v\u1edbi c\u00e1c d\u00e2y l\u1ea1nh-n\u00f3ng-trung t\u00ednh. K\u00edch th\u01b0\u1edbc c\u1ee7a lo\u1ea1i \u0111\u1ea7u c\u1ed1t (Coss) LT \u1ed1ng r\u1ed7ng n\u00e0y c\u0169ng \u0111a d\u1ea1ng 1.0-2.5-5.5 ph\u00f9 h\u1ee3p cho d\u00e2y \u0111i\u1ec1u khi\u1ec3n d\u00f9ng trong t\u1ee7 b\u1ea3ng \u0111i\u1ec7n c\u0169ng nh\u01b0 d\u00e2y n\u1ed1i trong \u0111i\u1ec7n d\u00e2n d\u1ee5ng.<\/p>\n<h3 id=\"dau-cot-coss-tron\"><strong><em>\u0110\u1ea7u c\u1ed1t (Coss) tr\u00f2n<\/em><\/strong><\/h3>\n<p>\u0110\u1ea7u c\u1ed1t (Coss) tr\u00f2n hay c\u00f2n \u0111\u01b0\u1ee3c g\u1ecdi l\u00e0 \u0111\u1ea7u c\u1ed1t (Coss) khuy\u00ean c\u00f3 hai lo\u1ea1i tr\u1ea7n v\u00e0 b\u1ecdc nh\u1ef1a. Lo\u1ea1i b\u1ecdc nh\u1ef1a c\u0169ng th\u01b0\u1eddng c\u00f3 \u0111\u1ee7 3 m\u00e0u xanh-\u0111\u1ecf-v\u00e0ng t\u01b0\u01a1ng \u1ee9ng v\u1edbi c\u00e1c d\u00e2y l\u1ea1nh-n\u00f3ng-trung t\u00ednh. K\u00edch th\u01b0\u1edbc \u0111a d\u1ea1ng 1.5-2.5-5.5 ph\u00f9 h\u1ee3p cho d\u00e2y \u0111i\u1ec1u khi\u1ec3n d\u00f9ng trong t\u1ee7 b\u1ea3ng \u0111i\u1ec7n c\u0169ng nh\u01b0 c\u00e1c d\u00e2y n\u1ed1i trong \u0111i\u1ec7n gia d\u1ee5ng, c\u1ee5 th\u1ec3:<\/p>\n<ul>\n<li>Cosse tr\u00f2n 1.5 d\u00f9ng cho d\u00e2y \u0111\u01a1n 0.75-2.00mm.<\/li>\n<li>Cosse tr\u00f2n 2.5 d\u00f9ng cho d\u00e2y \u0111\u01a1n 0.75-4.00m.<\/li>\n<li>Cosse tr\u00f2n 5.5 d\u00f9ng cho d\u00e2y \u0111\u01a1n 4.00-6.00mm.<\/li>\n<\/ul>\n<h3 id=\"mu-chup-dau-cot-coss\"><strong><em>M\u0169 ch\u1ee5p \u0111\u1ea7u c\u1ed1t (Coss)<\/em><\/strong><\/h3>\n<p>Ph\u1ee5 ki\u1ec7n \u0111i k\u00e8m v\u1edbi \u0111\u1ea7u c\u1ed1t (Coss) l\u00e0 m\u0169 ch\u1ee5p \u0111\u1ea7u c\u1ed1t (Coss). Lo\u1ea1i m\u0169 ch\u1ee5p n\u00e0o d\u00f9ng \u0111\u1ec3 ch\u1ee5p v\u00e0o \u0111\u1ea7u c\u1ed1t (Coss) c\u00f3 t\u00e1c d\u1ee5ng nh\u01b0 l\u1edbp v\u1ecf c\u00e1ch \u0111i\u1ec7n cho ph\u1ea7n mang \u0111i\u1ec7n c\u1ee7a \u0111\u1ea7u c\u1ed1t (Coss) ti\u1ebfp x\u00fac v\u1edbi c\u00e1p \u0111i\u1ec7n. M\u1ed7i lo\u1ea1i \u0111\u1ea7u c\u1ed1t (Coss) c\u00f3 th\u00f4ng s\u1ed1 k\u0129 thu\u1eadt kh\u00e1c nhau s\u1ebd c\u00f3 lo\u1ea1i m\u0169 ch\u1ee5p \u0111i k\u00e8m t\u01b0\u01a1ng \u1ee9ng. V\u1eady n\u00ean c\u00e1c b\u1ea1n c\u0169ng c\u1ea7n l\u01b0u \u00fd th\u00f4ng s\u1ed1 k\u0129 thu\u1eadt khi mua m\u0169 ch\u1ee5p \u0111\u1ea7u c\u1ed1t (Coss) nh\u00e9!<\/p>\n","protected":false},"excerpt":{"rendered":"<p>\u0110\u1ea7u c\u1ed1t (Coss) c\u00f3 t\u00ean ti\u1ebfng Anh l\u00e0 COSSE ho\u1eb7c Terminal l\u00e0 thi\u1ebft b\u1ecb k\u1ebft n\u1ed1i trong ng\u00e0nh \u0111i\u1ec7n, c\u00f3 t\u00e1c d\u1ee5ng truy\u1ec1n t\u1ea3i \u0111i\u1ec7n n\u0103ng nh\u1eb1m t\u0103ng kh\u1ea3 n\u0103ng d\u1eabn \u0111i\u1ec7n gi\u1eef c\u00e1p \u0111i\u1ec7n v\u1edbi c\u00e1p \u0111i\u00ean ho\u1eb7c gi\u1eefa c\u00e1p \u0111i\u1ec7n v\u1edbi c\u00e1c thi\u1ebft b\u1ecb kh\u00e1c<\/p>\n","protected":false},"featured_media":2831,"comment_status":"open","ping_status":"closed","template":"","meta":[],"product_cat":[164],"product_tag":[],"jetpack-related-posts":[{"id":3506,"url":"https:\/\/tp-electric.vn\/index.php\/san-pham\/domino-khoi-fit-den\/","url_meta":{"origin":2803,"position":0},"title":"DOMINO KH\u1ed0I FIT \u0110EN","author":"","date":"14\/04\/2023","format":false,"excerpt":"C\u1ea7u \u0111\u1ea5u d\u00e2y \u0111i\u1ec7n domino kh\u1ed1i fit \u0111en th\u01b0\u1eddng \u0111\u01b0\u1ee3c s\u1eed d\u1ee5ng trong \u0111\u1ea5u n\u1ed1i t\u1ee7 b\u1ea3ng \u0111i\u1ec7n c\u00f4ng nghi\u1ec7p, c\u00f3 th\u1ec3 \u0111\u1ea5u n\u1ed1i t\u1eeb 3P \u0111\u1ebfn 20P. \u00a0\u01afU \u0110I\u1ec2M: C\u1ea7u \u0111\u1ea5u \u0111i\u1ec7n domino kh\u1ed1i \u0111\u1eb7t ti\u00eau chu\u1ea9n IEC Ch\u1ea5t li\u1ec7u t\u1ed1t, chi\u1ee5 nhi\u1ec7t cao \u0110a d\u1ea1ng k\u00edch th\u01b0\u1edbc, cho\u2026","rel":"","context":"Similar post","block_context":{"text":"Similar post","link":""},"img":{"alt_text":"","src":"https:\/\/i0.wp.com\/tp-electric.vn\/wp-content\/uploads\/2023\/04\/DOMINO-FIT-DEN.png?fit=300%2C300&ssl=1&resize=350%2C200","width":350,"height":200},"classes":[]},{"id":3498,"url":"https:\/\/tp-electric.vn\/index.php\/san-pham\/cong-tac-xoay-3-vi-tri\/","url_meta":{"origin":2803,"position":1},"title":"C\u00d4NG T\u1eaeC XOAY 3 V\u1eca TR\u00cd","author":"","date":"14\/04\/2023","format":false,"excerpt":"C\u00f4ng t\u1eafc xoay 3 v\u1ecb tr\u00ed s\u1ebd c\u00f3 nhi\u1ec1u \u01b0u \u0111i\u1ec3m v\u01b0\u1ee3t tr\u1ed9i k\u00edch th\u01b0\u1edbc nh\u1ecf g\u1ecdn, c\u1ea5u t\u1ea1o \u0111\u01a1n gi\u1ea3n, \u0111\u01b0\u1eddng k\u00ednh D22, D25 ph\u1ed5 bi\u1ebfn, d\u1ec5 d\u00e0ng l\u1eafp \u0111\u1eb7t. \u00a0\u01afU \u0110I\u1ec2M: C\u00f4ng t\u1eafc xoay 3 v\u1ecb tr\u00ed Schneider, Hangyong, Idec ... \u0110\u01b0\u1eddng k\u00ednh D16, D22, D25, c\u00f3 tay\u2026","rel":"","context":"Similar post","block_context":{"text":"Similar post","link":""},"img":{"alt_text":"","src":"https:\/\/i0.wp.com\/tp-electric.vn\/wp-content\/uploads\/2023\/04\/3vt.png?fit=300%2C300&ssl=1&resize=350%2C200","width":350,"height":200},"classes":[]},{"id":3293,"url":"https:\/\/tp-electric.vn\/index.php\/san-pham\/aptomat-rccb-fh200-abb\/","url_meta":{"origin":2803,"position":2},"title":"APTOMAT RCCB FH200 ABB","author":"","date":"25\/02\/2023","format":false,"excerpt":"Aptomat RCCB FH200 ABB d\u00f2ng s\u1ea3n ph\u1ea9m RCCB cao c\u1ea5p c\u00f3 ch\u1ee9c n\u0103ng b\u1ea3o v\u1ec7 ng\u01b0\u1eddi v\u00e0 thi\u1ebft b\u1ecb ch\u1ed1ng r\u00f2 r\u1ec9 \u0111i\u1ec7n \u0111\u1ea1t ti\u00eau chu\u1ea9n IEC61008. \u00a0\u01afU \u0110I\u1ec2M: B\u1ea3o v\u1ec7 con ng\u01b0\u1eddi, thi\u1ebft b\u1ecb v\u1edbi ch\u1ee9c n\u0103ng ch\u1ed1ng r\u00f2 L\u1eafp \u0111\u1eb7t cho h\u1ec7 th\u1ed1ng m\u1ea1ng \u0111i\u1ec7n c\u00f3 d\u00f2ng \u0111\u1ecbnh\u2026","rel":"","context":"Similar post","block_context":{"text":"Similar post","link":""},"img":{"alt_text":"","src":"https:\/\/i0.wp.com\/tp-electric.vn\/wp-content\/uploads\/2023\/02\/rccb.png?fit=300%2C300&ssl=1&resize=350%2C200","width":350,"height":200},"classes":[]},{"id":3714,"url":"https:\/\/tp-electric.vn\/index.php\/san-pham\/gia-treo-may-hut-bui-phu-kien-dau-hut-cua-may-hut-bui-lau-nha-ultty-v08\/","url_meta":{"origin":2803,"position":3},"title":"Gi\u00e1 treo m\u00e1y h\u00fat b\u1ee5i, ph\u1ee5 ki\u1ec7n \u0111\u1ea7u h\u00fat c\u1ee7a m\u00e1y h\u00fat b\u1ee5i lau nh\u00e0 ULTTY V08","author":"","date":"16\/08\/2023","format":false,"excerpt":"Ch\u1ea5t li\u1ec7u: G\u1ed7 C\u00e2n n\u1eb7ng: 4,5 kg \u00a0K\u00edch th\u01b0\u1edbc: 120x35x37cm","rel":"","context":"Similar post","block_context":{"text":"Similar post","link":""},"img":{"alt_text":"","src":"https:\/\/i0.wp.com\/tp-electric.vn\/wp-content\/uploads\/2023\/08\/1770577162267756.png?fit=900%2C900&ssl=1&resize=350%2C200","width":350,"height":200,"srcset":"https:\/\/i0.wp.com\/tp-electric.vn\/wp-content\/uploads\/2023\/08\/1770577162267756.png?fit=900%2C900&ssl=1&resize=350%2C200 1x, https:\/\/i0.wp.com\/tp-electric.vn\/wp-content\/uploads\/2023\/08\/1770577162267756.png?fit=900%2C900&ssl=1&resize=700%2C400 2x"},"classes":[]},{"id":3504,"url":"https:\/\/tp-electric.vn\/index.php\/san-pham\/hop-noi-day-dien\/","url_meta":{"origin":2803,"position":4},"title":"H\u1ed8P N\u1ed0I D\u00c2Y \u0110I\u1ec6N","author":"","date":"14\/04\/2023","format":false,"excerpt":"\u00a0\u01afU \u0110I\u1ec2M: V\u1eadt li\u1ec7u PVC, ABS cao c\u1ea5p ch\u1ed1ng ch\u00e1y, ch\u1ed1ng \u1ed1 v\u00e0ng H\u1ed9p n\u1ed1i \u0111i\u1ec7n \u0111a d\u1ea1ng k\u00edch th\u01b0\u1edbc, ti\u00eau chu\u1ea9n C\u00f3 nhi\u1ec1u h\u00e3ng Sino, Boxco, OBO... ch\u00ednh h\u00e3ng H\u1ed9p n\u1ed1i d\u00e2y \u0111i\u1ec7n \u0111\u00e1p \u1ee9ng c\u00e1c ti\u00eau chu\u1ea9n VN, Ch\u00e2u \u00e2u Ch\u00ednh s\u00e1ch gi\u00e1 t\u1ed1t cho c\u00f4ng tr\u00ecnh, nh\u00e0\u2026","rel":"","context":"Similar post","block_context":{"text":"Similar post","link":""},"img":{"alt_text":"","src":"https:\/\/i0.wp.com\/tp-electric.vn\/wp-content\/uploads\/2023\/04\/hopnoi.png?fit=300%2C300&ssl=1&resize=350%2C200","width":350,"height":200},"classes":[]},{"id":3202,"url":"https:\/\/tp-electric.vn\/index.php\/san-pham\/vua-chong-chay-cho-thep-esscoat-isolatek\/","url_meta":{"origin":2803,"position":5},"title":"V\u1eeeA CH\u1ed0NG CH\u00c1Y CHO TH\u00c9P ESSCOAT &#8211; ISOLATEK","author":"","date":"14\/02\/2023","format":false,"excerpt":"Product Description V\u1eefa ch\u1ed1ng ch\u00e1y cho k\u1ebft c\u1ea5u th\u00e9p V\u1eefa ch\u1ed1ng ch\u00e1y ESSCOAT: N\u01b0\u1edbc SX H\u00e0n Qu\u1ed1c, bao 18kg, ti\u00eau chu\u1ea9n UL, kh\u1ea3 n\u0103ng ng\u0103n ch\u00e1y 4 gi\u1edd V\u1eefa ch\u1ed1ng ch\u00e1y ISOLATEK: N\u01b0\u1edbc SX M\u1ef9, Ti\u00eau chu\u1ea9n UL, FM, BS V\u1eefa ch\u1ed1ng ch\u00e1y cho k\u1ebft c\u1ea5u th\u00e9p V\u1eefa ch\u1ed1ng ch\u00e1y\u2026","rel":"","context":"Similar post","block_context":{"text":"Similar post","link":""},"img":{"alt_text":"","src":"https:\/\/i0.wp.com\/tp-electric.vn\/wp-content\/uploads\/2023\/02\/fireproofing-768x432-1.jpg?resize=350%2C200&ssl=1","width":350,"height":200,"srcset":"https:\/\/i0.wp.com\/tp-electric.vn\/wp-content\/uploads\/2023\/02\/fireproofing-768x432-1.jpg?resize=350%2C200&ssl=1 1x, https:\/\/i0.wp.com\/tp-electric.vn\/wp-content\/uploads\/2023\/02\/fireproofing-768x432-1.jpg?resize=700%2C400&ssl=1 2x"},"classes":[]}],"_links":{"self":[{"href":"https:\/\/tp-electric.vn\/index.php\/wp-json\/wp\/v2\/product\/2803"}],"collection":[{"href":"https:\/\/tp-electric.vn\/index.php\/wp-json\/wp\/v2\/product"}],"about":[{"href":"https:\/\/tp-electric.vn\/index.php\/wp-json\/wp\/v2\/types\/product"}],"replies":[{"embeddable":true,"href":"https:\/\/tp-electric.vn\/index.php\/wp-json\/wp\/v2\/comments?post=2803"}],"wp:featuredmedia":[{"embeddable":true,"href":"https:\/\/tp-electric.vn\/index.php\/wp-json\/wp\/v2\/media\/2831"}],"wp:attachment":[{"href":"https:\/\/tp-electric.vn\/index.php\/wp-json\/wp\/v2\/media?parent=2803"}],"wp:term":[{"taxonomy":"product_cat","embeddable":true,"href":"https:\/\/tp-electric.vn\/index.php\/wp-json\/wp\/v2\/product_cat?post=2803"},{"taxonomy":"product_tag","embeddable":true,"href":"https:\/\/tp-electric.vn\/index.php\/wp-json\/wp\/v2\/product_tag?post=2803"}],"curies":[{"name":"wp","href":"https:\/\/api.w.org\/{rel}","templated":true}]}}