{"id":2794,"date":"2023-02-08T08:50:43","date_gmt":"2023-02-08T01:50:43","guid":{"rendered":"https:\/\/tp-electric.vn\/?post_type=product&#038;p=2794"},"modified":"2024-12-12T15:10:10","modified_gmt":"2024-12-12T08:10:10","slug":"o-cam-cong-nghiep","status":"publish","type":"product","link":"https:\/\/tp-electric.vn\/index.php\/san-pham\/o-cam-cong-nghiep\/","title":{"rendered":"\u1ed4 c\u1eafm \u0111\u01b0\u1eddng ray d\u1ea1ng M\u00f4-\u0111un"},"content":{"rendered":"<p><strong>\u1ed4 c\u1eafm \u0111\u01b0\u1eddng ray Din d\u1ea1ng m\u00f4-\u0111un<\/strong><\/p>\n<p>\u1ed4 c\u1eafm b\u1ea3ng \u0111i\u1ec1u khi\u1ec3n n\u1ed1i \u0111\u1ea5t ki\u1ec3u thanh ray Sigma Elektrik \u0111\u01b0\u1ee3c thi\u1ebft k\u1ebf theo ti\u00eau chu\u1ea9n IEC EN 60884-1.<\/p>\n<p><strong>Nh\u1eefng \u0111\u1eb7c \u0111i\u1ec3m ch\u00ednh<\/strong><\/p>\n<ul>\n<li>D\u1ec5 d\u00e0ng l\u1eafp r\u00e1p tr\u00ean \u0111\u01b0\u1eddng ray DIN 35mm<\/li>\n<li>C\u1ea5p \u0111\u1ed9 b\u1ea3o v\u1ec7 IP20<\/li>\n<li>D\u00f2ng \u0111\u1ecbnh m\u1ee9c 16A v\u00e0 \u0111i\u1ec7n \u00e1p \u0111\u1ecbnh m\u1ee9c 230V<\/li>\n<li>V\u1edbi k\u1ebft n\u1ed1i n\u1ed1i \u0111\u1ea5t<\/li>\n<\/ul>\n","protected":false},"excerpt":{"rendered":"<ul>\n<li>D\u1ec5 d\u00e0ng l\u1eafp r\u00e1p tr\u00ean \u0111\u01b0\u1eddng ray DIN 35mm<\/li>\n<li>C\u1ea5p \u0111\u1ed9 b\u1ea3o v\u1ec7 IP20<\/li>\n<li>D\u00f2ng \u0111\u1ecbnh m\u1ee9c 16A v\u00e0 \u0111i\u1ec7n \u00e1p \u0111\u1ecbnh m\u1ee9c 230V<\/li>\n<li>V\u1edbi k\u1ebft n\u1ed1i n\u1ed1i \u0111\u1ea5t<\/li>\n<\/ul>\n","protected":false},"featured_media":2795,"comment_status":"open","ping_status":"closed","template":"","meta":[],"product_cat":[187,157],"product_tag":[],"jetpack-related-posts":[{"id":4760,"url":"https:\/\/tp-electric.vn\/index.php\/san-pham\/aptomat-etek-dc-mcb-ekm1-125dc-2c125\/","url_meta":{"origin":2794,"position":0},"title":"Aptomat ETEK DC MCB EKM1-125DC-2C125","author":"Admin","date":"11\/12\/2024","format":false,"excerpt":"M\u00f4 t\u1ea3 s\u1ea3n ph\u1ea9m: D\u00f2ng \u0111i\u1ec7n \u0111\u1ecbnh m\u1ee9c trong 125A C\u1ef1c 2P \u0110i\u1ec7n \u00e1p \u0111\u1ecbnh m\u1ee9c Ue 2P(500V) Kh\u1ea3 n\u0103ng ph\u00e1 v\u1ee1 \u0111\u1ecbnh m\u1ee9c 10.000A \u0110i\u1ec7n \u00e1p ch\u1ecbu \u0111\u01b0\u1ee3c xung \u0111\u1ecbnh m\u1ee9c (1,5\/50) Uimp 4.000V \u0110i\u1ec7n \u00e1p th\u1eed nghi\u1ec7m \u0111i\u1ec7n m\u00f4i \u1edf t\u1ea7n s\u1ed1 ind. trong 1 ph\u00fat 2kV M\u1ee9c\u2026","rel":"","context":"Similar post","block_context":{"text":"Similar post","link":""},"img":{"alt_text":"","src":"https:\/\/i0.wp.com\/tp-electric.vn\/wp-content\/uploads\/2024\/12\/EKM1-125-2p-dc-mcb.jpg?fit=800%2C800&ssl=1&resize=350%2C200","width":350,"height":200,"srcset":"https:\/\/i0.wp.com\/tp-electric.vn\/wp-content\/uploads\/2024\/12\/EKM1-125-2p-dc-mcb.jpg?fit=800%2C800&ssl=1&resize=350%2C200 1x, https:\/\/i0.wp.com\/tp-electric.vn\/wp-content\/uploads\/2024\/12\/EKM1-125-2p-dc-mcb.jpg?fit=800%2C800&ssl=1&resize=700%2C400 2x"},"classes":[]},{"id":4754,"url":"https:\/\/tp-electric.vn\/index.php\/san-pham\/aptomat-etek-dc-mcb-ekm1-63dc-2c25\/","url_meta":{"origin":2794,"position":1},"title":"Aptomat ETEK DC MCB EKM1-63DC-2C25","author":"Admin","date":"11\/12\/2024","format":false,"excerpt":"Th\u00f4ng s\u1ed1 k\u1ef9 thu\u1eadt: D\u00f2ng \u0111i\u1ec7n \u0111\u1ecbnh m\u1ee9c:,25A C\u1ef1c: 2P \u0110i\u1ec7n \u00e1p \u0111\u1ecbnh m\u1ee9c Ue: 2P(500V) Kh\u1ea3 n\u0103ng ph\u00e1 v\u1ee1 \u0111\u1ecbnh m\u1ee9c: 6.000\/10.000A \u0110i\u1ec7n \u00e1p ch\u1ecbu \u0111\u01b0\u1ee3c xung \u0111\u1ecbnh m\u1ee9c (1,5\/50) Uimp 4.000V \u0110i\u1ec7n \u00e1p th\u1eed nghi\u1ec7m \u0111i\u1ec7n m\u00f4i \u1edf t\u1ea7n s\u1ed1 ind. trong 1 ph\u00fat 2KV M\u1ee9c \u0111\u1ed9 \u00f4\u2026","rel":"","context":"Similar post","block_context":{"text":"Similar post","link":""},"img":{"alt_text":"","src":"https:\/\/i0.wp.com\/tp-electric.vn\/wp-content\/uploads\/2024\/12\/EKM1-63HDC-2P-500V.jpg?fit=800%2C800&ssl=1&resize=350%2C200","width":350,"height":200,"srcset":"https:\/\/i0.wp.com\/tp-electric.vn\/wp-content\/uploads\/2024\/12\/EKM1-63HDC-2P-500V.jpg?fit=800%2C800&ssl=1&resize=350%2C200 1x, https:\/\/i0.wp.com\/tp-electric.vn\/wp-content\/uploads\/2024\/12\/EKM1-63HDC-2P-500V.jpg?fit=800%2C800&ssl=1&resize=700%2C400 2x"},"classes":[]},{"id":4757,"url":"https:\/\/tp-electric.vn\/index.php\/san-pham\/aptomat-etek-dc-mcb-ekm1-63dc-2c32\/","url_meta":{"origin":2794,"position":2},"title":"Aptomat ETEK DC MCB EKM1-63DC-2C32","author":"Admin","date":"11\/12\/2024","format":false,"excerpt":"Th\u00f4ng s\u1ed1 k\u1ef9 thu\u1eadt: D\u00f2ng \u0111i\u1ec7n \u0111\u1ecbnh m\u1ee9c: 32A C\u1ef1c: 2P \u0110i\u1ec7n \u00e1p \u0111\u1ecbnh m\u1ee9c Ue: 2P(500V) Kh\u1ea3 n\u0103ng ph\u00e1 v\u1ee1 \u0111\u1ecbnh m\u1ee9c: 6.000\/10.000A \u0110i\u1ec7n \u00e1p ch\u1ecbu \u0111\u01b0\u1ee3c xung \u0111\u1ecbnh m\u1ee9c (1,5\/50) Uimp 4.000V \u0110i\u1ec7n \u00e1p th\u1eed nghi\u1ec7m \u0111i\u1ec7n m\u00f4i \u1edf t\u1ea7n s\u1ed1 ind. trong 1 ph\u00fat 2KV M\u1ee9c \u0111\u1ed9\u2026","rel":"","context":"Similar post","block_context":{"text":"Similar post","link":""},"img":{"alt_text":"","src":"https:\/\/i0.wp.com\/tp-electric.vn\/wp-content\/uploads\/2024\/12\/EKM1-63HDC-2P-500V.jpg?fit=800%2C800&ssl=1&resize=350%2C200","width":350,"height":200,"srcset":"https:\/\/i0.wp.com\/tp-electric.vn\/wp-content\/uploads\/2024\/12\/EKM1-63HDC-2P-500V.jpg?fit=800%2C800&ssl=1&resize=350%2C200 1x, https:\/\/i0.wp.com\/tp-electric.vn\/wp-content\/uploads\/2024\/12\/EKM1-63HDC-2P-500V.jpg?fit=800%2C800&ssl=1&resize=700%2C400 2x"},"classes":[]},{"id":4745,"url":"https:\/\/tp-electric.vn\/index.php\/san-pham\/thiet-bi-chong-set-lan-truyen-etek-t2-40ka-440v\/","url_meta":{"origin":2794,"position":3},"title":"Thi\u1ebft b\u1ecb ch\u1ed1ng s\u00e9t lan truy\u1ec1n ETEK T2-40KA-440V","author":"Admin","date":"11\/12\/2024","format":false,"excerpt":"Th\u00f4ng s\u1ed1 s\u1ea3n ph\u1ea9m: Model: EKU5-T2-40-3P-440 \u0110i\u1ec7n \u00e1p ho\u1ea1t \u0111\u1ed9ng li\u00ean t\u1ee5c t\u1ed1i \u0111a (Uc): 440V \u0110i\u1ec7n \u00e1p ho\u1ea1t \u0111\u1ed9ng li\u00ean t\u1ee5c t\u1ed1i \u0111a (Uc(N-PE)): 255V D\u00f2ng x\u1ea3 \u0111\u1ecbnh m\u1ee9c (8\/20\u03bcs): 20kA D\u00f2ng x\u1ea3 t\u1ed1i \u0111a (8\/20\u03bcs): 40kA M\u1ee9c \u0111\u1ed9 b\u1ea3o v\u1ec7 \u0111i\u1ec7n \u00e1p: \u22642,0kV M\u1ee9c b\u1ea3o v\u1ec7 \u0111i\u1ec7n \u00e1p\u2026","rel":"","context":"Similar post","block_context":{"text":"Similar post","link":""},"img":{"alt_text":"","src":"https:\/\/i0.wp.com\/tp-electric.vn\/wp-content\/uploads\/2024\/12\/eku5-t2-40-spd-type-2-imax-40ka-3.jpg?fit=800%2C800&ssl=1&resize=350%2C200","width":350,"height":200,"srcset":"https:\/\/i0.wp.com\/tp-electric.vn\/wp-content\/uploads\/2024\/12\/eku5-t2-40-spd-type-2-imax-40ka-3.jpg?fit=800%2C800&ssl=1&resize=350%2C200 1x, https:\/\/i0.wp.com\/tp-electric.vn\/wp-content\/uploads\/2024\/12\/eku5-t2-40-spd-type-2-imax-40ka-3.jpg?fit=800%2C800&ssl=1&resize=700%2C400 2x"},"classes":[]},{"id":4742,"url":"https:\/\/tp-electric.vn\/index.php\/san-pham\/thiet-bi-chong-set-lan-truyen-etek-t2-20ka-275v\/","url_meta":{"origin":2794,"position":4},"title":"Thi\u1ebft b\u1ecb ch\u1ed1ng s\u00e9t lan truy\u1ec1n ETEK T2-20kA-275V","author":"Admin","date":"11\/12\/2024","format":false,"excerpt":"Th\u00f4ng s\u1ed1 s\u1ea3n ph\u1ea9m: Model: EKU5-T2-20-2P-275 \u0110i\u1ec7n \u00e1p ho\u1ea1t \u0111\u1ed9ng li\u00ean t\u1ee5c t\u1ed1i \u0111a (Uc): 275V \u0110i\u1ec7n \u00e1p ho\u1ea1t \u0111\u1ed9ng li\u00ean t\u1ee5c t\u1ed1i \u0111a (Uc(N-PE)): 255V D\u00f2ng x\u1ea3 \u0111\u1ecbnh m\u1ee9c (8\/20\u03bcs): 10kA D\u00f2ng x\u1ea3 t\u1ed1i \u0111a (8\/20\u03bcs): 20kA M\u1ee9c \u0111\u1ed9 b\u1ea3o v\u1ec7 \u0111i\u1ec7n \u00e1p: \u22641,0kV M\u1ee9c b\u1ea3o v\u1ec7 \u0111i\u1ec7n \u00e1p\u2026","rel":"","context":"Similar post","block_context":{"text":"Similar post","link":""},"img":{"alt_text":"","src":"https:\/\/i0.wp.com\/tp-electric.vn\/wp-content\/uploads\/2024\/12\/eku5-t2-20-spd-type-2-imax-20ka.jpg?fit=800%2C800&ssl=1&resize=350%2C200","width":350,"height":200,"srcset":"https:\/\/i0.wp.com\/tp-electric.vn\/wp-content\/uploads\/2024\/12\/eku5-t2-20-spd-type-2-imax-20ka.jpg?fit=800%2C800&ssl=1&resize=350%2C200 1x, https:\/\/i0.wp.com\/tp-electric.vn\/wp-content\/uploads\/2024\/12\/eku5-t2-20-spd-type-2-imax-20ka.jpg?fit=800%2C800&ssl=1&resize=700%2C400 2x"},"classes":[]},{"id":4832,"url":"https:\/\/tp-electric.vn\/index.php\/san-pham\/vo-tu-dien-mat-troi-ha-12way\/","url_meta":{"origin":2794,"position":5},"title":"V\u1ecf t\u1ee7 \u0111i\u1ec7n m\u1eb7t tr\u1eddi HA-12Way","author":"Admin","date":"11\/12\/2024","format":false,"excerpt":"Th\u00f4ng s\u1ed1 s\u1ea3n ph\u1ea9m: Model: HA-12 Way: 12 way IP b\u1ea3o v\u1ec7: IP65 K\u00edch th\u01b0\u1edbc: 295 x 260 x 140 Kh\u1ea3 n\u0103ng ch\u1ee9a t\u1ed1i \u0111a: 8\/12 MCB \u0110i\u1ec7n \u00e1p \u0111\u1ecbnh m\u1ee9c: 690V T\u1ea7n s\u1ed1 \u0111\u1ecbnh m\u1ee9c: 50Hz","rel":"","context":"Similar post","block_context":{"text":"Similar post","link":""},"img":{"alt_text":"","src":"https:\/\/i0.wp.com\/tp-electric.vn\/wp-content\/uploads\/2024\/12\/tu-dien-pin-mat-troi-ha-12-way-2.jpg?fit=700%2C700&ssl=1&resize=350%2C200","width":350,"height":200,"srcset":"https:\/\/i0.wp.com\/tp-electric.vn\/wp-content\/uploads\/2024\/12\/tu-dien-pin-mat-troi-ha-12-way-2.jpg?fit=700%2C700&ssl=1&resize=350%2C200 1x, https:\/\/i0.wp.com\/tp-electric.vn\/wp-content\/uploads\/2024\/12\/tu-dien-pin-mat-troi-ha-12-way-2.jpg?fit=700%2C700&ssl=1&resize=700%2C400 2x"},"classes":[]}],"_links":{"self":[{"href":"https:\/\/tp-electric.vn\/index.php\/wp-json\/wp\/v2\/product\/2794"}],"collection":[{"href":"https:\/\/tp-electric.vn\/index.php\/wp-json\/wp\/v2\/product"}],"about":[{"href":"https:\/\/tp-electric.vn\/index.php\/wp-json\/wp\/v2\/types\/product"}],"replies":[{"embeddable":true,"href":"https:\/\/tp-electric.vn\/index.php\/wp-json\/wp\/v2\/comments?post=2794"}],"wp:featuredmedia":[{"embeddable":true,"href":"https:\/\/tp-electric.vn\/index.php\/wp-json\/wp\/v2\/media\/2795"}],"wp:attachment":[{"href":"https:\/\/tp-electric.vn\/index.php\/wp-json\/wp\/v2\/media?parent=2794"}],"wp:term":[{"taxonomy":"product_cat","embeddable":true,"href":"https:\/\/tp-electric.vn\/index.php\/wp-json\/wp\/v2\/product_cat?post=2794"},{"taxonomy":"product_tag","embeddable":true,"href":"https:\/\/tp-electric.vn\/index.php\/wp-json\/wp\/v2\/product_tag?post=2794"}],"curies":[{"name":"wp","href":"https:\/\/api.w.org\/{rel}","templated":true}]}}