{"id":2777,"date":"2023-02-07T16:57:31","date_gmt":"2023-02-07T09:57:31","guid":{"rendered":"https:\/\/tp-electric.vn\/?post_type=product&#038;p=2777"},"modified":"2024-12-12T15:10:10","modified_gmt":"2024-12-12T08:10:10","slug":"bien-tan-invt-gd350a-thong-minh-da-chuc-nang-the-he-moi","status":"publish","type":"product","link":"https:\/\/tp-electric.vn\/index.php\/san-pham\/bien-tan-invt-gd350a-thong-minh-da-chuc-nang-the-he-moi\/","title":{"rendered":"Bi\u1ebfn t\u1ea7n INVT GD350A \u2013 Th\u00f4ng minh \u0111a ch\u1ee9c n\u0103ng th\u1ebf h\u1ec7 m\u1edbi"},"content":{"rendered":"<p>Bi\u1ebfn t\u1ea7n GD350A \u1ee9ng d\u1ee5ng b\u1ed9 x\u1eed l\u00fd hi\u1ec7n \u0111\u1ea1i nh\u1ea5t c\u1ee7a INVT v\u00e0 c\u00f4ng ngh\u1ec7 \u0111i\u1ec1u khi\u1ec3n vector h\u00e0ng \u0111\u1ea7u th\u1ebf gi\u1edbi gi\u00fap \u0111i\u1ec1u khi\u1ec3n ch\u00ednh x\u00e1c v\u00e0 linh ho\u1ea1t c\u1ea3 v\u00f2ng h\u1edf v\u00e0 v\u00f2ng k\u00edn. Nh\u1edd kh\u1ea3 n\u0103ng m\u1edf r\u1ed9ng kh\u00f4ng gi\u1edbi h\u1ea1n, GD350A c\u00f3 th\u1ec3 \u0111\u00e1p \u1ee9ng m\u1ecdi \u1ee9ng d\u1ee5ng t\u1eeb \u0111\u01a1n gi\u1ea3n \u0111\u1ebfn ph\u1ee9c t\u1ea1p trong c\u00e1c ng\u00e0nh kh\u00e1c nhau nh\u01b0 d\u1ec7t, s\u1ee3i, \u0111\u00f3ng g\u00f3i, th\u1ef1c ph\u1ea9m, in \u1ea5n, d\u1ea7u kh\u00ed\u2026<\/p>\n<p><strong>D\u1ea3i c\u00f4ng su\u1ea5t m\u1edf r\u1ed9ng:<\/strong><\/p>\n<ul>\n<li>3P, 380V, 1.5kW \u2013 500kW<\/li>\n<\/ul>\n<h3><strong>\u0110\u1eb7c t\u00ednh k\u1ef9 thu\u1eadt:<\/strong><\/h3>\n<ul>\n<li><strong>Ch\u1ee9c n\u0103ng \u0111i\u1ec1u khi\u1ec3n t\u1ea3i mode G v\u00e0 mode P<\/strong><br \/>\nH\u1ed7 tr\u1ee3 ch\u1ebf \u0111\u1ed9 \u0111i\u1ec1u khi\u1ec3n linh ho\u1ea1t cho t\u1ea3i c\u00f3 m\u00f4-men kh\u00f4ng \u0111\u1ed5i (mode G) v\u00e0 t\u1ea3i c\u00f3 m\u00f4-men bi\u1ebfn thi\u00ean (mode P).<\/li>\n<li><strong>Ch\u1ee9c n\u0103ng ph\u00f2ng ch\u00e1y ch\u1eefa ch\u00e1y (Fire mode)<\/strong><br \/>\nH\u1ed7 tr\u1ee3 ch\u1ee9c n\u0103ng \u0111i\u1ec1u khi\u1ec3n b\u01a1m ph\u00f2ng ch\u00e1y ch\u1eefa ch\u00e1y: trong tr\u01b0\u1eddng h\u1ee3p x\u1ea3y ra s\u1ef1 c\u1ed1 h\u1ecfa ho\u1ea1n,\u00a0<a href=\"https:\/\/dattech.com.vn\/bien-tan-invt\/\" target=\"_blank\" rel=\"noopener\">bi\u1ebfn t\u1ea7n INVT<\/a>\u00a0GD350A s\u1ebd b\u1ecf qua t\u1ea5t c\u1ea3 c\u00e1c ch\u1ee9c n\u0103ng b\u1ea3o v\u1ec7 bi\u1ebfn t\u1ea7n \u0111\u1ec3 \u0111i\u1ec1u khi\u1ec3n b\u01a1m c\u1ee9u h\u1ecfa ho\u1ea1t \u0111\u1ed9ng cho \u0111\u1ebfn khi bi\u1ebfn t\u1ea7n kh\u00f4ng c\u00f2n kh\u1ea3 n\u0103ng ho\u1ea1t \u0111\u1ed9ng \u0111\u01b0\u1ee3c n\u1eefa.<\/li>\n<li><strong>S\u1eed d\u1ee5ng cho t\u1ea5t c\u1ea3 c\u00e1c lo\u1ea1i \u0111\u1ed9ng c\u01a1<\/strong><br \/>\nGD350A c\u00f3 th\u1ec3 \u0111i\u1ec1u khi\u1ec3n \u0111\u1ed9ng c\u01a1 kh\u00f4ng \u0111\u1ed3ng b\u1ed9 v\u00e0 \u0111\u1ed9ng c\u01a1 \u0111\u1ed3ng b\u1ed9.<\/li>\n<li><strong>Kh\u1ea3 n\u0103ng m\u1edf r\u1ed9ng cao<\/strong><br \/>\nGD350A c\u00f3 th\u1ec3 m\u1edf r\u1ed9ng \u0111\u01b0\u1ee3c y\u00eau c\u1ea7u c\u1ee7a nhi\u1ec1u lo\u1ea1i card kh\u00e1c nhau nh\u01b0 card PLC, card PG, card truy\u1ec1n th\u00f4ng\u2026 \u0111\u00e1p \u1ee9ng y\u00eau c\u1ea7u c\u1ee7a t\u1eebng kh\u00e1ch h\u00e0ng m\u1ed9t c\u00e1ch nhanh ch\u00f3ng.<\/li>\n<li><strong>H\u1ed7 tr\u1ee3 kh\u00e1ch h\u00e0ng ph\u00e1t tri\u1ec3n th\u1ee9 c\u1ea5p<\/strong><br \/>\nT\u00edch h\u1ee3p PLC Card, b\u1ed9 nh\u1edb l\u01b0u tr\u1eef ch\u01b0\u01a1ng tr\u00ecnh 128K, thu\u1eadn ti\u1ec7n cho kh\u00e1ch h\u00e0ng khi mu\u1ed1n t\u00edch h\u1ee3p h\u1ec7 th\u1ed1ng, \u0111\u00e1p \u1ee9ng nhu c\u1ea7u t\u00f9y bi\u1ebfn c\u1ee7a kh\u00e1ch h\u00e0ng, gi\u1ea3m chi ph\u00ed.<\/li>\n<li><strong>H\u1ed7 tr\u1ee3 nhi\u1ec1u giao th\u1ee9c truy\u1ec1n th\u00f4ng kh\u00e1c nhau<\/strong><br \/>\nTruy\u1ec1n th\u00f4ng ti\u00eau chu\u1ea9n Modbus (RS485)<br \/>\nH\u1ed7 tr\u1ee3 card m\u1edf r\u1ed9ng t\u00f9y ch\u1ecdn: Modbus TCP\/IP, Ethernet\/IP, DeviceNet, EtherCAT, CANopen, CAN Master\/Slave, Profibus DP, Profinet, Bluetooth, Wifi.<\/li>\n<li><strong>C\u00e0i \u0111\u1eb7t, ch\u1ec9nh s\u1eeda kh\u00f4ng d\u00e2y<\/strong><br \/>\nH\u1ed7 tr\u1ee3 Bluetooth\/Wifi, s\u1eed d\u1ee5ng \u1ee9ng d\u1ee5ng tr\u00ean \u0111i\u1ec7n tho\u1ea1i thay cho b\u00e0n ph\u00edm truy\u1ec1n th\u1ed1ng \u0111\u1ec3 c\u00e0i \u0111\u1eb7t v\u00e0 hi\u1ec7u ch\u1ec9nh, ho\u1ea1t \u0111\u1ed9ng m\u00e0 kh\u00f4ng c\u1ea7n m\u1edf t\u1ee7 \u0111i\u1ec7n \u0111i\u1ec1u khi\u1ec3n v\u00e0 nhi\u1ec1u \u1ee9ng d\u1ee5ng thu\u1eadn ti\u1ec7n h\u01a1n.<\/li>\n<li><strong>Gi\u00e1m s\u00e1t t\u1eeb xa (IoT)<\/strong><br \/>\nC\u00f3 th\u1ec3 k\u1ebft n\u1ed1i kh\u00f4ng d\u00e2y, d\u1ec5 d\u00e0ng truy c\u1eadp v\u00e0o internet v\u00e0 bi\u1ebfn t\u1ea7n c\u00f3 th\u1ec3 v\u1eadn h\u00e0nh th\u00f4ng qua \u0111i\u1ec7n tho\u1ea1i di \u0111\u1ed9ng\/m\u00e1y t\u00ednh, c\u1eadp nh\u1eadt tr\u1ea1ng th\u00e1i ho\u1ea1t \u0111\u1ed9ng v\u1edbi th\u1eddi gian th\u1ef1c.<\/li>\n<li><strong>Giao th\u1ee9c USB ti\u00eau chu\u1ea9n<\/strong><br \/>\nCh\u01b0\u01a1ng tr\u00ecnh c\u00f3 \u0111\u1ec3 \u0111\u01b0\u1ee3c \u0111\u1ed5 xu\u1ed1ng\u00a0<a href=\"https:\/\/dattech.com.vn\/bien-tan-la-gi-nguyen-ly-hoat-dong-bien-tan\/\" target=\"_blank\" rel=\"noopener\">bi\u1ebfn t\u1ea7n<\/a>\u00a0thu\u1eadn ti\u1ec7n v\u00e0 nhanh ch\u00f3ng, \u0111\u01b0\u1eddng cong \u0111\u1eb7c tuy\u1ebfn ho\u1ea1t \u0111\u1ed9ng c\u1ee7a bi\u1ebfn t\u1ea7n c\u00f3 th\u1ec3 \u0111\u01b0\u1ee3c ghi l\u1ea1i qua li\u00ean k\u1ebft ngo\u00e0i, thu\u1eadn ti\u1ec7n cho vi\u1ec7c b\u1ea3o tr\u00ec v\u00e0 ph\u00e2n t\u00edch d\u1eef li\u1ec7u.<\/li>\n<li><strong>H\u1ed7 tr\u1ee3 t\u00edch h\u1ee3p l\u1ecdc k\u1ef9 thu\u1eadt s\u1ed1 tr\u00ean Card PG<\/strong><br \/>\n\u1ee8ng d\u1ee5ng c\u00f4ng ngh\u1ec7 l\u1ecdc k\u1ef9 thu\u1eadt s\u1ed1 \u0111\u1ec3 c\u1ea3i thi\u1ec7n kh\u1ea3 n\u0103ng nhi\u1ec5u v\u00e0 nh\u1eadn t\u00edn hi\u1ec7u encoder \u1ed5n \u0111\u1ecbnh \u1edf kho\u1ea3ng c\u00e1ch xa.<\/li>\n<li><strong>H\u1ed7 tr\u1ee3 2 ng\u00f5 nh\u1eadn xung HDI<\/strong><br \/>\nC\u00f3 th\u1ec3 \u0111\u01b0\u1ee3c s\u1eed d\u1ee5ng l\u00e0m ngu\u1ed3n \u0111\u1eb7t t\u1ed1c \u0111\u1ed9 v\u00e0 c\u00f3 th\u1ec3 h\u1ed7 tr\u1ee3 t\u00edn hi\u1ec7u ng\u00f5 v\u00e0o xung AB t\u1ed1c \u0111\u1ed9 cao, t\u1ea1o th\u00e0nh \u1ee9ng d\u1ee5ng v\u00f2ng k\u00edn \u0111\u1ec3 cung c\u1ea5p cho kh\u00e1ch h\u00e0ng g\u00f3i \u1ee9ng d\u1ee5ng v\u00f2ng k\u00edn hi\u1ec7u qu\u1ea3 kinh t\u1ebf.<\/li>\n<li><strong>T\u00edch h\u1ee3p ch\u1ee9c n\u0103ng STO SIL2<\/strong><br \/>\nPh\u00f9 h\u1ee3p v\u1edbi ti\u00eau chu\u1ea9n qu\u1ed1c t\u1ebf, an to\u00e0n h\u01a1n v\u00e0 \u0111\u00e1ng tin c\u1eady h\u01a1n.<\/li>\n<\/ul>\n<p>&nbsp;<\/p>\n<p>&nbsp;<\/p>\n","protected":false},"excerpt":{"rendered":"<p>Bi\u1ebfn t\u1ea7n GD350A \u1ee9ng d\u1ee5ng b\u1ed9 x\u1eed l\u00fd hi\u1ec7n \u0111\u1ea1i nh\u1ea5t c\u1ee7a INVT v\u00e0 c\u00f4ng ngh\u1ec7 \u0111i\u1ec1u khi\u1ec3n vector h\u00e0ng \u0111\u1ea7u th\u1ebf gi\u1edbi gi\u00fap \u0111i\u1ec1u khi\u1ec3n ch\u00ednh x\u00e1c v\u00e0 linh ho\u1ea1t c\u1ea3 v\u00f2ng h\u1edf v\u00e0 v\u00f2ng k\u00edn. Nh\u1edd kh\u1ea3 n\u0103ng m\u1edf r\u1ed9ng kh\u00f4ng gi\u1edbi h\u1ea1n, GD350A c\u00f3 th\u1ec3 \u0111\u00e1p \u1ee9ng m\u1ecdi \u1ee9ng d\u1ee5ng t\u1eeb \u0111\u01a1n&#8230;<\/p>\n","protected":false},"featured_media":2780,"comment_status":"open","ping_status":"closed","template":"","meta":[],"product_cat":[186],"product_tag":[],"jetpack-related-posts":[{"id":3513,"url":"https:\/\/tp-electric.vn\/index.php\/san-pham\/gd300-bien-tan-vector-vong-ho-cao-cap\/","url_meta":{"origin":2777,"position":0},"title":"GD300 \u2013 Bi\u1ebfn t\u1ea7n vector v\u00f2ng h\u1edf cao c\u1ea5p","author":"","date":"15\/04\/2023","format":false,"excerpt":"Th\u01b0\u01a1ng hi\u1ec7u:\u00a0INVT B\u1ea3o h\u00e0nh:\u00a024 th\u00e1ng \u00a0","rel":"","context":"Similar post","block_context":{"text":"Similar post","link":""},"img":{"alt_text":"","src":"https:\/\/i0.wp.com\/tp-electric.vn\/wp-content\/uploads\/2023\/04\/Bien-tan-chuyen-dung-gd300-16-slide1-1.png?fit=880%2C646&ssl=1&resize=350%2C200","width":350,"height":200,"srcset":"https:\/\/i0.wp.com\/tp-electric.vn\/wp-content\/uploads\/2023\/04\/Bien-tan-chuyen-dung-gd300-16-slide1-1.png?fit=880%2C646&ssl=1&resize=350%2C200 1x, https:\/\/i0.wp.com\/tp-electric.vn\/wp-content\/uploads\/2023\/04\/Bien-tan-chuyen-dung-gd300-16-slide1-1.png?fit=880%2C646&ssl=1&resize=700%2C400 2x"},"classes":[]},{"id":2832,"url":"https:\/\/tp-electric.vn\/index.php\/san-pham\/bien-tan-invt-gd300-01-cho-may-nen-khi\/","url_meta":{"origin":2777,"position":1},"title":"Bi\u1ebfn t\u1ea7n INVT GD300-01 cho m\u00e1y n\u00e9n kh\u00ed","author":"","date":"08\/02\/2023","format":false,"excerpt":"GD300-01 l\u00e0 d\u00f2ng bi\u1ebfn t\u1ea7n cao c\u1ea5p \u0111\u01b0\u1ee3c thi\u1ebft k\u1ebf d\u00e0nh ri\u00eang cho \u1ee9ng d\u1ee5ng \u0111i\u1ec1u khi\u1ec3n m\u00e1y n\u00e9n kh\u0131\u0301. V\u1edbi thi\u1ebft k\u1ebf c\u1ee9ng c\u00e1p, t\u00edch h\u1ee3p nhi\u1ec1u ch\u1ee9c n\u0103ng \u0111i\u1ec1u khi\u1ec3n chuy\u00ean bi\u00ea\u0323t v\u00e0 linh ho\u1ea1t, GD300-01 ph\u00f9 h\u1ee3p v\u1edbi t\u1ea5t c\u1ea3 m\u00f4i tr\u01b0\u1eddng l\u00e0m vi\u1ec7c v\u00e0 c\u00e1c lo\u1ea1i\u2026","rel":"","context":"Similar post","block_context":{"text":"Similar post","link":""},"img":{"alt_text":"","src":"https:\/\/i0.wp.com\/tp-electric.vn\/wp-content\/uploads\/2023\/02\/GD300-012.png?fit=880%2C646&ssl=1&resize=350%2C200","width":350,"height":200,"srcset":"https:\/\/i0.wp.com\/tp-electric.vn\/wp-content\/uploads\/2023\/02\/GD300-012.png?fit=880%2C646&ssl=1&resize=350%2C200 1x, https:\/\/i0.wp.com\/tp-electric.vn\/wp-content\/uploads\/2023\/02\/GD300-012.png?fit=880%2C646&ssl=1&resize=700%2C400 2x"},"classes":[]},{"id":2760,"url":"https:\/\/tp-electric.vn\/index.php\/san-pham\/bien-tan-abb-acs150-03e-08a8-4-4kw-5hp-3-pha-380v\/","url_meta":{"origin":2777,"position":2},"title":"Bi\u1ebfn t\u1ea7n INVT GD270 \u2013 Chuy\u00ean d\u1ee5ng th\u00f4ng minh cho c\u00e1c \u1ee9ng d\u1ee5ng b\u01a1m qu\u1ea1t v\u00e0 HVAC","author":"","date":"07\/02\/2023","format":false,"excerpt":"Bi\u1ebfn t\u1ea7n GD270 \u0111\u01b0\u1ee3c ph\u00e1t tri\u1ec3n c\u00e1c t\u00ednh n\u0103ng n\u00e2ng cao v\u00e0 t\u1ed1i \u01b0u cho c\u00e1c \u1ee9ng d\u1ee5ng s\u1eed d\u1ee5ng b\u01a1m qu\u1ea1t nh\u01b0: h\u1ec7 th\u1ed1ng t\u01b0\u1edbi ti\u00eau, h\u1ec7 th\u1ed1ng x\u1eed l\u00fd n\u01b0\u1edbc th\u1ea3i, HVAC\u2026 Bi\u1ebfn t\u1ea7n GD270 n\u1ed5i b\u1eadt v\u1edbi d\u1ea3i c\u00f4ng su\u1ea5t r\u1ed9ng, m\u1ee9c \u0111\u1ed9 b\u1ea3o v\u1ec7 \u0111a d\u1ea1ng,\u2026","rel":"","context":"Similar post","block_context":{"text":"Similar post","link":""},"img":{"alt_text":"","src":"https:\/\/i0.wp.com\/tp-electric.vn\/wp-content\/uploads\/2023\/02\/bien-tan-invt-gd270-h1212.png?fit=800%2C600&ssl=1&resize=350%2C200","width":350,"height":200,"srcset":"https:\/\/i0.wp.com\/tp-electric.vn\/wp-content\/uploads\/2023\/02\/bien-tan-invt-gd270-h1212.png?fit=800%2C600&ssl=1&resize=350%2C200 1x, https:\/\/i0.wp.com\/tp-electric.vn\/wp-content\/uploads\/2023\/02\/bien-tan-invt-gd270-h1212.png?fit=800%2C600&ssl=1&resize=700%2C400 2x"},"classes":[]},{"id":3674,"url":"https:\/\/tp-electric.vn\/index.php\/san-pham\/bien-tan-nidec-control-techniques-ne200-2s0022gb-1-pha-220v-2-2kw\/","url_meta":{"origin":2777,"position":3},"title":"NE200-2S0022GB 1 PHA 220V 2.2KW","author":"","date":"31\/07\/2023","format":false,"excerpt":"M\u00e3 s\u1ea3n ph\u1ea9m:\u00a0NE200-2S0022GB Th\u01b0\u01a1ng hi\u1ec7u: Nidec - Control Techniques ( Nh\u1eadt B\u1ea3n )","rel":"","context":"Similar post","block_context":{"text":"Similar post","link":""},"img":{"alt_text":"","src":"https:\/\/i0.wp.com\/tp-electric.vn\/wp-content\/uploads\/2023\/07\/Bien-tan-Nidec-Control-Techniques-NE200-4T0015G-0022PB-7958.jpg?fit=634%2C616&ssl=1&resize=350%2C200","width":350,"height":200},"classes":[]},{"id":3675,"url":"https:\/\/tp-electric.vn\/index.php\/san-pham\/bien-tan-nidec-control-techniques-ne200-4t0007g-0015pb-3-pha-380v-0-75kw-1-5kw\/","url_meta":{"origin":2777,"position":4},"title":"NE200-4T0007G\/0015PB 3 PHA 380V 0.75KW \/ 1.5KW","author":"","date":"31\/07\/2023","format":false,"excerpt":"M\u00e3 s\u1ea3n ph\u1ea9m:\u00a0NE200-4T0007G\/0015PB Th\u01b0\u01a1ng hi\u1ec7u: Nidec - Control Techniques ( Nh\u1eadt B\u1ea3n )","rel":"","context":"Similar post","block_context":{"text":"Similar post","link":""},"img":{"alt_text":"","src":"https:\/\/i0.wp.com\/tp-electric.vn\/wp-content\/uploads\/2023\/07\/Bien-tan-Nidec-Control-Techniques-NE200-4T0015G-0022PB-7958.jpg?fit=634%2C616&ssl=1&resize=350%2C200","width":350,"height":200},"classes":[]},{"id":3671,"url":"https:\/\/tp-electric.vn\/index.php\/san-pham\/bien-tan-nidec-control-techniques-ne200-2s0004gb-1-pha-220v-0-4kw\/","url_meta":{"origin":2777,"position":5},"title":"NE200-2S0004GB 1 PHA 220V 0.4KW","author":"","date":"31\/07\/2023","format":false,"excerpt":"M\u00e3 s\u1ea3n ph\u1ea9m:\u00a0NE200-2S0004GB Th\u01b0\u01a1ng hi\u1ec7u: Nidec - Control Techniques ( Nh\u1eadt B\u1ea3n )","rel":"","context":"Similar post","block_context":{"text":"Similar post","link":""},"img":{"alt_text":"","src":"https:\/\/i0.wp.com\/tp-electric.vn\/wp-content\/uploads\/2023\/07\/Bien-tan-Nidec-Control-Techniques-NE200-4T0015G-0022PB-7958.jpg?fit=634%2C616&ssl=1&resize=350%2C200","width":350,"height":200},"classes":[]}],"_links":{"self":[{"href":"https:\/\/tp-electric.vn\/index.php\/wp-json\/wp\/v2\/product\/2777"}],"collection":[{"href":"https:\/\/tp-electric.vn\/index.php\/wp-json\/wp\/v2\/product"}],"about":[{"href":"https:\/\/tp-electric.vn\/index.php\/wp-json\/wp\/v2\/types\/product"}],"replies":[{"embeddable":true,"href":"https:\/\/tp-electric.vn\/index.php\/wp-json\/wp\/v2\/comments?post=2777"}],"wp:featuredmedia":[{"embeddable":true,"href":"https:\/\/tp-electric.vn\/index.php\/wp-json\/wp\/v2\/media\/2780"}],"wp:attachment":[{"href":"https:\/\/tp-electric.vn\/index.php\/wp-json\/wp\/v2\/media?parent=2777"}],"wp:term":[{"taxonomy":"product_cat","embeddable":true,"href":"https:\/\/tp-electric.vn\/index.php\/wp-json\/wp\/v2\/product_cat?post=2777"},{"taxonomy":"product_tag","embeddable":true,"href":"https:\/\/tp-electric.vn\/index.php\/wp-json\/wp\/v2\/product_tag?post=2777"}],"curies":[{"name":"wp","href":"https:\/\/api.w.org\/{rel}","templated":true}]}}